{"id":11476,"date":"2025-03-17T09:44:54","date_gmt":"2025-03-17T09:44:54","guid":{"rendered":"https:\/\/ayaneo.co\/product\/ayaneo-multi-station-grafiitinmusta\/"},"modified":"2026-01-06T00:28:16","modified_gmt":"2026-01-06T00:28:16","slug":"ayaneo-multi-station-grafiitinmusta","status":"publish","type":"product","link":"https:\/\/ayaneo.co\/fi\/product\/ayaneo-multi-station-grafiitinmusta\/","title":{"rendered":"AYANEO MULTI STATION - grafiitinmusta"},"content":{"rendered":"\n<p><span data-contrast=\"none\"><strong>AYANEO Multi Docking Station<\/strong> avaa AYA NEO -laitteesi t\u00e4yden potentiaalin helppok\u00e4ytt\u00f6isell\u00e4 telakointij\u00e4rjestelm\u00e4ll\u00e4, jossa on useita laajennusportteja.  <\/span><\/p>\n\n<p><span data-contrast=\"none\">AYANEO Multi <strong>Docking Station on saatavana graf<\/strong> iitinmustana. Se <strong>tukee kaikkia AYANEO -malleja<\/strong> patentoidulla pohjapistokkeella, jota voidaan siirt\u00e4\u00e4, jotta se mukautuu kunkin mallin USB Type-C-portin hieman erilaisiin sijainteihin.   <\/span><\/p>\n\n<p><span data-contrast=\"none\">Mitoiltaan noin<strong> 15,1 x 7,0 x 3,7 cm (5,9 x 2,7 x 1,45 tuumaa) ja painoltaan noin 200 g<\/strong> AYANEO Multi Docking Station -telakointiasema vie vain v\u00e4h\u00e4n tilaa ty\u00f6p\u00f6yd\u00e4lt\u00e4 ja on samalla tukevasti paikallaan ty\u00f6p\u00f6yd\u00e4ll\u00e4 tukien kahdeksaa laajennusporttia.<\/span><span data-ccp-props=\"{\"> <\/span><\/p>\n\n<p><span data-contrast=\"none\">Takapuolella AYANEO Multi Docking Stationin takana vasemmalta oikealle on <\/span><a href=\"https:\/\/en.wikipedia.org\/wiki\/USB-C\" target=\"_blank\" rel=\"noopener\"><span data-contrast=\"none\">USB Type-C<\/span><\/a><span data-contrast=\"none\">  portti, jota voidaan k\u00e4ytt\u00e4\u00e4 oheislaitteille, kuten ulkoiselle kiintolevylle. Liit\u00e4nt\u00f6j\u00e4 on kaksi   <\/span><a href=\"https:\/\/www.viewsonic.com\/library\/tech\/usb-c-usb-b-and-usb-a-whats-the-difference\/\" target=\"_blank\" rel=\"noopener\"><span data-contrast=\"none\">USB-A<\/span><\/a><span data-contrast=\"none\">  portit, joita voidaan k\u00e4ytt\u00e4\u00e4 esimerkiksi hiirt\u00e4 ja n\u00e4pp\u00e4imist\u00f6\u00e4 varten. Toista USB Type-C-porttia k\u00e4ytet\u00e4\u00e4n telakointiaseman virransy\u00f6tt\u00f6\u00f6n, ja sill\u00e4 voi my\u00f6s ladata liitettyj\u00e4 AYANEO -malleja. <\/span><span data-ccp-props=\"{\"> <\/span><\/p>\n\n<p><span data-contrast=\"none\">The <\/span><a href=\"https:\/\/en.wikipedia.org\/wiki\/HDMI\" target=\"_blank\" rel=\"noopener\"><span data-contrast=\"none\">HDMI<\/span><\/a><span data-contrast=\"none\">  2.0b-porttia voidaan k\u00e4ytt\u00e4\u00e4 videol\u00e4ht\u00f6\u00f6n AYANEO -sivustolta televisioon tai monitoriin. <strong>Se tukee jopa 4K:ta 60 Hz:n taajuudella<\/strong>. Gigabitin   <\/span><a href=\"https:\/\/en.wikipedia.org\/wiki\/Ethernet\" target=\"_blank\" rel=\"noopener\"><span data-contrast=\"none\">ethernet<\/span><\/a><span data-contrast=\"none\"> portti takaa turvallisen ja nopean tiedonsiirron AYANEO Multi Docking Station -telakointiasemaan ja sielt\u00e4 pois.<\/span><span data-ccp-props=\"{\"> <\/span><\/p>\n\n<p><span data-contrast=\"none\">AYANEO Multi Docking Station -telakointiaseman oikealla puolella on Micro SD-kortti- ja SD-korttipaikat.<\/span><span data-ccp-props=\"{\"> <\/span><\/p>\n\n<p><span data-contrast=\"none\">AYANEO Multi-telakointiasema on yhteensopiva <strong>kaikkien AYANEO -mallien kanssa, mukaan lukien <\/strong><\/span><strong><a href=\"https:\/\/droix.co.uk\/product\/ayaneo-2\/\" target=\"_blank\" rel=\"noopener\">AYANEO 2<\/a>, AYANEO Geek, <a href=\"https:\/\/droix.co.uk\/product\/ayaneo-air\/\" target=\"_blank\" rel=\"noopener\">AYANEO Air PRO<\/a>, <a href=\"https:\/\/droix.co.uk\/product\/ayaneo-next\/\" target=\"_blank\" rel=\"noopener\">AYANEO NEXT<\/a>, <a href=\"https:\/\/droix.co.uk\/product\/ayaneo-next-pro\/\" target=\"_blank\" rel=\"noopener\">AYANEO Next PRO<\/a>, <a href=\"https:\/\/droix.co.uk\/product\/ayaneo-next\/\" target=\"_blank\" rel=\"noopener\">AYANEO 2021<\/a> ja <a href=\"https:\/\/droix.co.uk\/product\/ayaneo-next-pro\/\" target=\"_blank\" rel=\"noopener\">AYANEO 2021<\/a> Pro. <\/strong> <\/p>\n\n<p><span data-contrast=\"none\"><strong>AYANEO Multi-telakointiasema on t\u00e4ydellinen lis\u00e4 AYAYNEO-laitteellesi<\/strong>, sill\u00e4 se muuttaa sen pelik\u00e4ytt\u00f6\u00f6n tarkoitetusta kannettavasta tietokoneesta tehokkaaksi p\u00f6yt\u00e4tietokoneen kaltaiseksi ratkaisuksi, jossa on kaikki tarvitsemasi liit\u00e4nn\u00e4t.<\/span><span data-ccp-props=\"{\"> <\/span><\/p>\n\n<p>Voit lukea <a href=\"https:\/\/droix.co.uk\/blogs\/ayaneo-docking-station-review\/\" target=\"_blank\" rel=\"noopener\">AYANEO Multi Docking Station -arvostelumme t\u00e4\u00e4lt\u00e4<\/a>.<\/p>\n\n<figure class=\"wp-block-image aligncenter\"><img decoding=\"async\" src=\"https:\/\/droix.net\/wp-content\/uploads\/2022\/12\/8fb77202211071909143194ready.jpg\" alt=\"\" class=\"wp-image-88164\"\/><\/figure>\n\n<figure class=\"wp-block-image aligncenter\"><img decoding=\"async\" src=\"https:\/\/droix.net\/wp-content\/uploads\/2022\/12\/ea565202211071908508498ready.jpg\" alt=\"\" class=\"wp-image-88174\"\/><\/figure>\n\n<p><\/p>\n","protected":false},"excerpt":{"rendered":"<ul>\n<li><b>Virallinen AYANEO tuote<\/b><\/li>\n<li><strong>Yhteensopiva<\/strong> <strong>kaikkien AYANEO k\u00e4mmentietokoneiden<\/strong> kanssa<\/li>\n<li><b>Yksinomainen patentoitu pohjatulppa<\/b><\/li>\n<li><strong>Jopa 8<\/strong> laajennusporttia<\/li>\n<li>MicroSD-korttipaikka<\/li>\n<\/ul>\n[cg_accordion title=\"MAKSUTIEDOT\"]<\/p>\n<p>K\u00e4yt\u00e4mme uusinta teknologiaa maksujen k\u00e4sittelyss\u00e4, jonka avulla voit tehd\u00e4 maksun Apple Payn, Google Payn, pankki- tai luottokortin, PayPalin tai BNPL-menetelmien, kuten Klarna, Affirm tai AfterPay, avulla nopean ja turvallisen maksukokemuksen.[\/cg_accordion]\n[cg_accordion title=\"TAKUU\"]<\/p>\n<p>1 vuoden takuu <a href=\"https:\/\/droix.net\/\" target=\"_blank\" rel=\"nofollow noopener\">DROIX Global ilta mielenrauhasi vuoksi<\/a> [\/cg_accordion]\n[cg_accordion title=\"LAADUNVARMISTUS JA L\u00c4HETYST\u00c4 EDELT\u00c4V\u00c4 TESTAUS\"]<\/p>\n<p>Asiakastyytyv\u00e4isyyden varmistaminen korkeimmalla tasolla: Jokainen laite testataan tiukasti ja sille tehd\u00e4\u00e4n monipisteinen laadunvarmistustarkastus ennen sen l\u00e4hett\u00e4mist\u00e4. Asialle omistautunut tiimimme tarkistaa suorituskyvyn, toimivuuden ja komponenttien eheyden, jotta AYANEO-laitteesi on saapuessaan t\u00e4ydellisess\u00e4 toimintakunnossa, mik\u00e4 antaa sinulle luottamusta ja mielenrauhaa. [\/cg_accordion]\n[cg_accordion title=\"HINNOITTELU, VEROT JA TOIMITUKSET\"]<\/p>\n<p><strong><u>Huom:<\/u><\/strong><\/p>\n<ul>\n<li>Yhdysvallat Asiakkaat: Asiakkaat: N\u00e4ytetty hinta EI sis\u00e4ll\u00e4 veroja eik\u00e4 tulleja. Vastuu tulliselvityksest\u00e4 ja siihen liittyvien verojen\/tullien maksamisesta on asiakkaalla. <\/li>\n<li>EU:n asiakkaat: N\u00e4ytetty hinta sis\u00e4lt\u00e4\u00e4 sovellettavan veron, joka voi olla jopa 25 % maastasi riippuen.<\/li>\n<li>Kanada Asiakkaat: N\u00e4ytetty hinta sis\u00e4lt\u00e4\u00e4 sovellettavat verot, joihin voi sis\u00e4lty\u00e4 5 % GST ja ylim\u00e4\u00e4r\u00e4isi\u00e4 maakunnallisia myyntiveroja (PST), harmonisoitua myyntiveroa (HST) tai Quebecin myyntiveroa (QST) maakunnasta riippuen.<\/li>\n<\/ul>\n<p><strong>AINOASTAAN EU:n asiakkaille:<\/strong> Express DDP (Delivered Duty Paid). T\u00e4m\u00e4 tarkoittaa: <\/p>\n<ul>\n<li>Kaikki tullit ja verot sis\u00e4ltyv\u00e4t tuotesivulla ilmoitettuun hintaan.<\/li>\n<li>Sinun ei tarvitse maksaa lis\u00e4maksuja toimituksen yhteydess\u00e4.<\/li>\n<li>Harvinaisissa tulliin liittyviss\u00e4 tapauksissa tiimimme hoitaa tulliselvitysprosessin puolestasi varmistaakseen sujuvan toimituksen.<\/li>\n<p>T\u00e4rke\u00e4\u00e4 tietoa palautuksista:<\/p>\n<li>Jos p\u00e4\u00e4t\u00e4t palauttaa tilauksesi tai pyyt\u00e4\u00e4 palautusta, ota huomioon, ett\u00e4 DDP-ehtojen mukaisesti puolestasi maksettuja veroja ja tulleja ei voida palauttaa.<\/li>\n<p>Katso yksityiskohtaiset tiedot <a href=\"https:\/\/ayaneo.co\/terms-of-service-2\/\" target=\"_blank\" rel=\"nofollow noopener\">k\u00e4ytt\u00f6ehdoistamme<\/a>.\n<\/ul>\n<p>[\/cg_accordion]\n[cg_accordion title=\"ASIAKASTUKI\"]<\/p>\n<p>Onko kysytt\u00e4v\u00e4\u00e4? Olemme lyhyen tekstiviestin p\u00e4\u00e4ss\u00e4 siit\u00e4, ett\u00e4 ongelmasi on ratkaistu! [\/cg_accordion]\n[cg_accordion title=\"PAKETTI SIS\u00c4LT\u00c4\u00c4\"]<\/p>\n<ul>\n<li>1x AYANEO Telakointiasema<\/li>\n<\/ul>\n<p>[\/cg_accordion]\n","protected":false},"featured_media":10683,"template":"","meta":{"_acf_changed":false},"product_brand":[],"product_cat":[556],"product_tag":[],"class_list":{"0":"post-11476","1":"product","2":"type-product","3":"status-publish","4":"has-post-thumbnail","6":"product_cat-tarvikkeet","7":"product_shipping_class-low-end","8":"pa_accessory-type-docking-station-fi","9":"pa_brand-ayaneo","10":"pa_compatible-with-ayaneo-2-fi","11":"pa_compatible-with-ayaneo-2021-fi","12":"pa_compatible-with-ayaneo-3-fi","13":"pa_compatible-with-ayaneo-air-fi","14":"pa_compatible-with-ayaneo-geek-fi","16":"first","17":"instock","18":"taxable","19":"shipping-taxable","20":"purchasable","21":"product-type-simple"},"acf":[],"_links":{"self":[{"href":"https:\/\/ayaneo.co\/fi\/wp-json\/wp\/v2\/product\/11476","targetHints":{"allow":["GET"]}}],"collection":[{"href":"https:\/\/ayaneo.co\/fi\/wp-json\/wp\/v2\/product"}],"about":[{"href":"https:\/\/ayaneo.co\/fi\/wp-json\/wp\/v2\/types\/product"}],"wp:featuredmedia":[{"embeddable":true,"href":"https:\/\/ayaneo.co\/fi\/wp-json\/wp\/v2\/media\/10683"}],"wp:attachment":[{"href":"https:\/\/ayaneo.co\/fi\/wp-json\/wp\/v2\/media?parent=11476"}],"wp:term":[{"taxonomy":"product_brand","embeddable":true,"href":"https:\/\/ayaneo.co\/fi\/wp-json\/wp\/v2\/product_brand?post=11476"},{"taxonomy":"product_cat","embeddable":true,"href":"https:\/\/ayaneo.co\/fi\/wp-json\/wp\/v2\/product_cat?post=11476"},{"taxonomy":"product_tag","embeddable":true,"href":"https:\/\/ayaneo.co\/fi\/wp-json\/wp\/v2\/product_tag?post=11476"}],"curies":[{"name":"wp","href":"https:\/\/api.w.org\/{rel}","templated":true}]}}