{"id":11485,"date":"2025-01-29T11:23:32","date_gmt":"2025-01-29T11:23:32","guid":{"rendered":"https:\/\/ayaneo.co\/product\/sd1-telakointiasema\/"},"modified":"2025-04-11T12:03:25","modified_gmt":"2025-04-11T12:03:25","slug":"sd1-telakointiasema","status":"publish","type":"product","link":"https:\/\/ayaneo.co\/fi\/product\/sd1-telakointiasema\/","title":{"rendered":"SD1 telakointiasema"},"content":{"rendered":"\n<h2 class=\"wp-block-heading\"><strong>SD1 telakointiasema: Unlock the True Power of Handheld Gaming!<\/strong><\/h2>\n\n<h4 class=\"wp-block-heading\"><strong>Porttisi saumattomaan pelaamiseen<\/strong><\/h4>\n\n<p>Muunna k\u00e4sikonsolin pelikokemuksesi <strong>SD1-telakka-asemalla -<\/strong>k\u00e4sikonsolin pelitietokoneiden t\u00e4ydellisell\u00e4 kumppanilla. SD1 on suunniteltu pelaajia ajatellen, ja se parantaa suorituskyky\u00e4, liitett\u00e4vyytt\u00e4 ja k\u00e4ytt\u00f6mukavuutta varmistaen, ett\u00e4 jokainen pelisessio on virheet\u00f6n. Alkaen <strong>Steam Deck<\/strong><strong>AYA NEO Geek 1S:<\/strong>\u00e4\u00e4n, t\u00e4m\u00e4 telakointiasema tarjoaa vertaansa vailla olevaa monipuolisuutta. Telakoi vain, liit\u00e4 USB Type-C:n kautta ja anna SD1:n nostaa pelaamisesi uusiin korkeuksiin.   <\/p>\n\n<h4 class=\"wp-block-heading\"><strong>Salamannopea Internet-suorituskyky<\/strong><\/h4>\n\n<p>SD1:n <strong>RJ45 Gigabit Ethernet -portti<\/strong> tarjoaa jopa <strong>1000 M:n<\/strong> nopeuden. Sano hyv\u00e4stit viiveelle ja tervehdi sulavaa, reaaliaikaista pelaamista. Tutkitpa sitten laajoja maailmoja tai kilpailit suurten panosten moninpeliotteluissa, SD1 takaa <strong>vakaan, keskeytyksett\u00f6m\u00e4n yhteyden<\/strong> silloin, kun sill\u00e4 on eniten merkityst\u00e4.  <\/p>\n\n<h4 class=\"wp-block-heading\"><strong>Mukaansatempaavat 4K-n\u00e4kym\u00e4t<\/strong><\/h4>\n\n<p>Sukella upeisiin yksityiskohtiin ja elinvoimaisiin v\u00e4reihin SD1:n <strong>HDMI 2.0 -ulostulon<\/strong> avulla. T\u00e4m\u00e4 telakointiasema tukee jopa <strong>4096&#215;2160-resoluutiota 60 Hz:n taajuudella<\/strong> ja tekee peleist\u00e4si henke\u00e4salpaavia visuaalisia el\u00e4myksi\u00e4. Jokainen ruutu on ter\u00e4v\u00e4, sulava ja t\u00e4ynn\u00e4 el\u00e4m\u00e4\u00e4, mik\u00e4 tekee suosikkipeleist\u00e4si entist\u00e4kin kiehtovampia.  <\/p>\n\n<h4 class=\"wp-block-heading\"><strong>Teho, joka pit\u00e4\u00e4 sinut pelaamassa<\/strong><\/h4>\n\n<p>Ei en\u00e4\u00e4 keskeytyksi\u00e4 kesken pelin! SD1:n <strong>100W Power Delivery (PD) -lataus<\/strong> varmistaa, ett\u00e4 laitteesi pysyy virralla jopa maratonpelisessioiden aikana. Pelaa luottavaisin mielin tiet\u00e4en, ett\u00e4 kannettava peli-PC:si on jatkuvasti ladattu ja valmis suorittamaan.  <\/p>\n\n<h4 class=\"wp-block-heading\"><strong>Laajenna asennusta useilla porteilla<\/strong><\/h4>\n\n<p>Yhdist\u00e4 kuin ammattilainen! SD1:ss\u00e4 on <strong>kolme USB Type-A 3.0 -porttia<\/strong>, joihin voit liitt\u00e4\u00e4 oheislaitteita, kuten ohjaimia, kuulokkeita tai ulkoisia tallennusv\u00e4lineit\u00e4. Nauti <strong>salamannopeista tiedonsiirroista<\/strong> ja vaivattomasta monitoimity\u00f6skentelyst\u00e4 ilman ylim\u00e4\u00e4r\u00e4isi\u00e4 sovittimia.  <\/p>\n\n<h4 class=\"wp-block-heading\"><strong>Seuraavan tason liitett\u00e4vyys<\/strong><\/h4>\n\n<p>Koe vakaat ja nopeat yhteydet SD1:n <strong>USB Type-C -liit\u00e4nn\u00e4n<\/strong> avulla, joka on suunniteltu yleiseen yhteensopivuuteen ja tehokkuuteen. Olipa kyse sitten tiedonsiirrosta tai laitteen virransy\u00f6t\u00f6st\u00e4, SD1 tarjoaa monitoimiratkaisun uusimpiin kannettaviin pelilaitteisiin. <\/p>\n\n<h4 class=\"wp-block-heading\"><strong>Premium Design Rakennettu kest\u00e4m\u00e4\u00e4n<\/strong><\/h4>\n\n<p><strong>Kest\u00e4v\u00e4st\u00e4 harmaasta alumiinista<\/strong> valmistettu SD1-telakointiasema on yht\u00e4 tyylik\u00e4s kuin tukeva. Sen tyylik\u00e4s muotoilu sopii saumattomasti mihin tahansa kokoonpanoon, ja <strong>mustat silikonityynyt<\/strong> tarjoavat lis\u00e4suojaa, joka est\u00e4\u00e4 naarmuja ja varmistaa, ett\u00e4 laite pysyy tukevasti paikallaan. <\/p>\n\n<h4 class=\"wp-block-heading\"><strong>Monipuolinen yhteensopivuus<\/strong><\/h4>\n\n<p>SD1-telakointiasema on rakennettu tukemaan monenlaisia kannettavia pelitietokoneita, joten se on t\u00e4ydellinen lis\u00e4varuste kaikille pelaajille. Pelasitpa sitten <strong>Steam Deck<\/strong>, <strong>GPD WIN 4 2023<\/strong> tai <strong>ONEXPLAYER 2<\/strong>, SD1 takaa saumattoman integroinnin ja paremman suorituskyvyn. Se on testattu perusteellisesti huippulaitteiden kanssa, kuten seuraavien laitteiden kanssa <strong>ROG Ally<\/strong>, <strong>AYA NEO 2S<\/strong> ja muut.  <\/p>\n\n<hr class=\"wp-block-separator has-alpha-channel-opacity\"\/>\n\n<h3 class=\"wp-block-heading\"><strong>Miksi valita SD1-telakointiasema?<\/strong><\/h3>\n\n<ul class=\"wp-block-list\">\n<li><strong>Keskeytym\u00e4t\u00f6n Internet<\/strong>: Nauti eritt\u00e4in nopeista ja vakaista yhteyksist\u00e4.<\/li>\n\n\n\n<li><strong>Upea 4K-tulostus<\/strong>: Uppoudu elinvoimaiseen, sulavaan visuaaliseen ilmeeseen.<\/li>\n\n\n\n<li><strong>Tehokas lataus<\/strong>: Pelaa tuntikausia luotettavalla virransy\u00f6t\u00f6ll\u00e4.<\/li>\n\n\n\n<li><strong>Parannetut porttivaihtoehdot<\/strong>: Liit\u00e4 useita oheislaitteita helposti.<\/li>\n\n\n\n<li><strong>Universaali yhteensopivuus<\/strong>: Yhteensopivuus: Toimii kaikkien suosikkipelik\u00e4mmentietokoneidesi kanssa.<\/li>\n<\/ul>\n\n<hr class=\"wp-block-separator has-alpha-channel-opacity\"\/>\n\n<h3 class=\"wp-block-heading\"><strong>Vie pelaaminen seuraavalle tasolle<\/strong><\/h3>\n\n<p><strong>SD1-telakointiaseman<\/strong> avulla jokaisesta pelist\u00e4 tulee unohtumaton kokemus. T\u00e4m\u00e4 telakointiasema antaa sinulle ty\u00f6kalut, joiden avulla voit tehd\u00e4 parhaasi, kilpailitpa sitten kilpailemalla, tutkimalla tai suoratoistamalla.   <strong>P\u00e4ivit\u00e4 laitteistosi t\u00e4n\u00e4\u00e4n ja ota vastaan k\u00e4sikonsolipelaamisen uusi aikakausi.<\/strong><\/p>\n","protected":false},"excerpt":{"rendered":"<ul>\n<li><strong>SD1 <\/strong>telakointiasema<\/li>\n<li>Gigabit Ethernet<\/li>\n<li>100W PD USB-C<\/li>\n<li>HDMI-l\u00e4ht\u00f6<\/li>\n<li><strong>Yhteensopiva<\/strong> AYANEO k\u00e4mmenmikrojen ja monien muiden kanssa.<\/li>\n<\/ul>\n[cg_accordion title=\"MAKSUTIEDOT\"]<\/p>\n<p>K\u00e4yt\u00e4mme uusinta tekniikkaa maksujen k\u00e4sittelyss\u00e4, jonka avulla voit tehd\u00e4 maksun Apple Payn, Google Payn, pankki- tai luottokorttisi, PayPalin tai BNPL-menetelmien, kuten Klarnan, Affirmin tai AfterPayn kautta, mik\u00e4 takaa nopean ja turvallisen maksukokemuksen.[\/cg_accordion]\n[cg_accordion title=\"TAKUU\"]<\/p>\n<p>1 vuoden takuu <a href=\"https:\/\/droix.net\/\" target=\"_blank\" rel=\"nofollow noopener\">DROIX Globalilta<\/a> mielenrauhasi vuoksi[\/cg_accordion]\n[cg_accordion title=\"HINNOITTELU, VEROT JA TOIMITUKSET\"]<\/p>\n<p><strong><u>Huom:<\/u><\/strong><\/p>\n<ul>\n<li>Yhdysvallat Asiakkaat: Asiakkaat: N\u00e4ytetty hinta EI sis\u00e4ll\u00e4 veroja eik\u00e4 tulleja. Vastuu tulliselvityksest\u00e4 ja siihen liittyvien verojen\/tullien maksamisesta on asiakkaalla. <\/li>\n<li>EU:n asiakkaat: N\u00e4ytetty hinta sis\u00e4lt\u00e4\u00e4 sovellettavan veron, joka voi olla jopa 25 % maastasi riippuen.<\/li>\n<li>Kanada Asiakkaat: N\u00e4ytetty hinta sis\u00e4lt\u00e4\u00e4 sovellettavat verot, joihin voi sis\u00e4lty\u00e4 5 % GST ja ylim\u00e4\u00e4r\u00e4isi\u00e4 maakunnallisia myyntiveroja (PST), harmonisoitua myyntiveroa (HST) tai Quebecin myyntiveroa (QST) maakunnasta riippuen.<\/li>\n<\/ul>\n<p><strong>AINOASTAAN EU:n asiakkaille:<\/strong> Express DDP (Delivered Duty Paid). T\u00e4m\u00e4 tarkoittaa: <\/p>\n<ul>\n<li>Kaikki tullit ja verot sis\u00e4ltyv\u00e4t tuotesivulla ilmoitettuun hintaan.<\/li>\n<li>Sinun ei tarvitse maksaa lis\u00e4maksuja toimituksen yhteydess\u00e4.<\/li>\n<li>Harvinaisissa tulliin liittyviss\u00e4 tapauksissa tiimimme hoitaa tulliselvitysprosessin puolestasi varmistaakseen sujuvan toimituksen.<\/li>\n<p>T\u00e4rke\u00e4\u00e4 tietoa palautuksista:<\/p>\n<li>Jos p\u00e4\u00e4t\u00e4t palauttaa tilauksesi tai pyyt\u00e4\u00e4 palautusta, ota huomioon, ett\u00e4 DDP-ehtojen mukaisesti puolestasi maksettuja veroja ja tulleja ei voida palauttaa.<\/li>\n<p>Katso yksityiskohtaiset tiedot <a href=\"https:\/\/ayaneo.co\/terms-of-service-2\/\" target=\"_blank\" rel=\"nofollow noopener\">k\u00e4ytt\u00f6ehdoistamme<\/a>.\n<\/ul>\n<p>[\/cg_accordion]\n[cg_accordion title=\"ASIAKASTUKI\"]<\/p>\n<p>Onko kysytt\u00e4v\u00e4\u00e4? Olemme lyhyen tekstiviestin p\u00e4\u00e4ss\u00e4 siit\u00e4, ett\u00e4 ongelmasi on ratkaistu!<br \/>\n[\/cg_accordion]\n","protected":false},"featured_media":8321,"template":"","meta":{"_acf_changed":false},"product_brand":[],"product_cat":[556],"product_tag":[],"class_list":{"0":"post-11485","1":"product","2":"type-product","3":"status-publish","4":"has-post-thumbnail","6":"product_cat-tarvikkeet","7":"product_shipping_class-low-end","8":"pa_accessory-type-docking-station-fi","9":"pa_brand-droix","11":"first","12":"outofstock","13":"sale","14":"taxable","15":"shipping-taxable","16":"purchasable","17":"product-type-simple"},"acf":[],"_links":{"self":[{"href":"https:\/\/ayaneo.co\/fi\/wp-json\/wp\/v2\/product\/11485","targetHints":{"allow":["GET"]}}],"collection":[{"href":"https:\/\/ayaneo.co\/fi\/wp-json\/wp\/v2\/product"}],"about":[{"href":"https:\/\/ayaneo.co\/fi\/wp-json\/wp\/v2\/types\/product"}],"wp:featuredmedia":[{"embeddable":true,"href":"https:\/\/ayaneo.co\/fi\/wp-json\/wp\/v2\/media\/8321"}],"wp:attachment":[{"href":"https:\/\/ayaneo.co\/fi\/wp-json\/wp\/v2\/media?parent=11485"}],"wp:term":[{"taxonomy":"product_brand","embeddable":true,"href":"https:\/\/ayaneo.co\/fi\/wp-json\/wp\/v2\/product_brand?post=11485"},{"taxonomy":"product_cat","embeddable":true,"href":"https:\/\/ayaneo.co\/fi\/wp-json\/wp\/v2\/product_cat?post=11485"},{"taxonomy":"product_tag","embeddable":true,"href":"https:\/\/ayaneo.co\/fi\/wp-json\/wp\/v2\/product_tag?post=11485"}],"curies":[{"name":"wp","href":"https:\/\/api.w.org\/{rel}","templated":true}]}}