{"id":11515,"date":"2025-02-27T10:35:12","date_gmt":"2025-02-27T10:35:12","guid":{"rendered":"https:\/\/ayaneo.co\/product\/ayaneo-magic-modules\/"},"modified":"2025-12-11T00:10:41","modified_gmt":"2025-12-11T00:10:41","slug":"ayaneo-magic-modules","status":"publish","type":"product","link":"https:\/\/ayaneo.co\/fi\/product\/ayaneo-magic-modules\/","title":{"rendered":"AYANEO Magic Modules"},"content":{"rendered":"\n<h2 class=\"wp-block-heading\">AYANEO Magic Modules - modulaaristen k\u00e4mmentietokoneiden tulevaisuus<\/h2>\n\n<p><strong>AYANEO Magic Modules -moduulit<\/strong> m\u00e4\u00e4rittelev\u00e4t k\u00e4sikonsolipelaamisen uudelleen ottamalla k\u00e4ytt\u00f6\u00f6n <strong>aidosti modulaarisen ekosysteemin<\/strong>, jonka avulla k\u00e4ytt\u00e4j\u00e4t voivat <strong>parantaa ja mukauttaa AYANEO 3 -kokemustaan<\/strong> vaihdettavilla, magneettisesti kiinnitett\u00e4vill\u00e4 lis\u00e4varusteilla. N\u00e4m\u00e4 moduulit on suunniteltu joustaviksi, ja ne <strong>laajentavat toiminnallisuutta tinkim\u00e4tt\u00e4 siirrett\u00e4vyydest\u00e4<\/strong>, joten ne muuttavat peli\u00e4 niin tekniikan harrastajille kuin pelaajillekin. <\/p>\n\n<h2 class=\"wp-block-heading\"><strong>Saumaton magneettinen modulaarisuus<\/strong><\/h2>\n\n<p><strong>AYANEO:n innovatiivisen magneettiliit\u00e4nn\u00e4n<\/strong> ansiosta moduulien vaihtaminen on vaivatonta ja tarjoaa tarpeisiisi r\u00e4\u00e4t\u00e4l\u00f6idyn <strong>plug-and-play-kokemuksen<\/strong>. Ensimm\u00e4isen sukupolven Magic-moduulit tarjoavat useita toimintoja <strong>parannetuista tulovaihtoehdoista<\/strong> <strong>laajennettuihin liitett\u00e4vyyksiin<\/strong>. <\/p>\n\n<h2 class=\"wp-block-heading\"><strong>Rakennettu tulevaisuutta varten<\/strong><\/h2>\n\n<p>AYANEO on <strong>ensimm\u00e4isen aidosti modulaarisen pelik\u00e4simikron<\/strong> edell\u00e4k\u00e4vij\u00e4, joka takaa <strong>pitk\u00e4aikaisen monipuolisuuden<\/strong> kehittyv\u00e4n Magic Modules -ekosysteemin avulla. Olitpa sitten <strong>hardcore-pelaaja<\/strong>, <strong>luova ammattilainen<\/strong> tai <strong>tekniikan harrastaja<\/strong>, n\u00e4iden lis\u00e4laitteiden avulla voit <strong>mukauttaa laitteesi erilaisiin tilanteisiin suorituskyvyst\u00e4 tinkim\u00e4tt\u00e4<\/strong>. <\/p>\n\n<h3 class=\"wp-block-heading\"><strong>Ota k\u00e4sikonsolin pelikokemus haltuun AYANEO Magic Modules -moduuleilla!<\/strong><\/h3>\n\n<p><\/p>\n","protected":false},"excerpt":{"rendered":"<ul>\n<li><strong>Modulaarinen muotoilu<\/strong> - Vaihda lis\u00e4varusteita vaivattomasti.<\/li>\n<li><strong>Magneettikiinnitys<\/strong> - Helppo plug-and-play-vaihto.<\/li>\n<li><strong>Parannetut ominaisuudet<\/strong> - P\u00e4ivit\u00e4 tulot ja liitett\u00e4vyys.<\/li>\n<li><strong>Tulevaisuuden kest\u00e4v\u00e4<\/strong> - laajennettavissa uusilla moduuleilla.<\/li>\n<li><strong>Kannettava ja monipuolinen<\/strong> - r\u00e4\u00e4t\u00e4l\u00f6inti ilman irtotavaraa.<\/li>\n<\/ul>\n[cg_accordion title=\"MAKSUTIEDOT\"]<\/p>\n<p>K\u00e4yt\u00e4mme uusinta teknologiaa maksujen k\u00e4sittelyss\u00e4, jonka avulla voit tehd\u00e4 maksun Apple Payn, Google Payn, pankki- tai luottokortin, PayPalin tai BNPL-menetelmien, kuten Klarna, Affirm tai AfterPay, avulla nopean ja turvallisen maksukokemuksen.[\/cg_accordion]\n[cg_accordion title=\"TAKUU\"]<\/p>\n<p>1 vuoden takuu <a href=\"https:\/\/droix.net\/\" target=\"_blank\" rel=\"nofollow noopener\">DROIX Global ilta mielenrauhasi vuoksi<\/a> [\/cg_accordion]\n[cg_accordion title=\"LAADUNVARMISTUS JA L\u00c4HETYST\u00c4 EDELT\u00c4V\u00c4 TESTAUS\"]<\/p>\n<p>Asiakastyytyv\u00e4isyyden varmistaminen korkeimmalla tasolla: Jokainen laite testataan tiukasti ja sille tehd\u00e4\u00e4n monipisteinen laadunvarmistustarkastus ennen sen l\u00e4hett\u00e4mist\u00e4. Asialle omistautunut tiimimme tarkistaa suorituskyvyn, toimivuuden ja komponenttien eheyden, jotta AYANEO-laitteesi on saapuessaan t\u00e4ydellisess\u00e4 toimintakunnossa, mik\u00e4 antaa sinulle luottamusta ja mielenrauhaa. [\/cg_accordion]\n[cg_accordion title=\"HINNOITTELU, VEROT JA TOIMITUKSET\"]<\/p>\n<p><strong><u>Huom:<\/u><\/strong><\/p>\n<ul>\n<li>Yhdysvallat Asiakkaat: Asiakkaat: N\u00e4ytetty hinta EI sis\u00e4ll\u00e4 veroja eik\u00e4 tulleja. Vastuu tulliselvityksest\u00e4 ja siihen liittyvien verojen\/tullien maksamisesta on asiakkaalla. <\/li>\n<li>EU:n asiakkaat: N\u00e4ytetty hinta sis\u00e4lt\u00e4\u00e4 sovellettavan veron, joka voi olla jopa 25 % maastasi riippuen.<\/li>\n<li>Kanada Asiakkaat: N\u00e4ytetty hinta sis\u00e4lt\u00e4\u00e4 sovellettavat verot, joihin voi sis\u00e4lty\u00e4 5 % GST ja ylim\u00e4\u00e4r\u00e4isi\u00e4 maakunnallisia myyntiveroja (PST), harmonisoitua myyntiveroa (HST) tai Quebecin myyntiveroa (QST) maakunnasta riippuen.<\/li>\n<\/ul>\n<p><strong>AINOASTAAN EU:n asiakkaille:<\/strong> Express DDP (Delivered Duty Paid). T\u00e4m\u00e4 tarkoittaa: <\/p>\n<ul>\n<li>Kaikki tullit ja verot sis\u00e4ltyv\u00e4t tuotesivulla ilmoitettuun hintaan.<\/li>\n<li>Sinun ei tarvitse maksaa lis\u00e4maksuja toimituksen yhteydess\u00e4.<\/li>\n<li>Harvinaisissa tulliin liittyviss\u00e4 tapauksissa tiimimme hoitaa tulliselvitysprosessin puolestasi varmistaakseen sujuvan toimituksen.<\/li>\n<p>T\u00e4rke\u00e4\u00e4 tietoa palautuksista:<\/p>\n<li>Jos p\u00e4\u00e4t\u00e4t palauttaa tilauksesi tai pyyt\u00e4\u00e4 palautusta, ota huomioon, ett\u00e4 DDP-ehtojen mukaisesti puolestasi maksettuja veroja ja tulleja ei voida palauttaa.<\/li>\n<p>Katso yksityiskohtaiset tiedot <a href=\"https:\/\/ayaneo.co\/fi\/kayttoehdot\/\" target=\"_blank\" rel=\"nofollow noopener\">k\u00e4ytt\u00f6ehdoistamme<\/a>.\n<\/ul>\n<p>[\/cg_accordion]\n[cg_accordion title=\"ASIAKASTUKI\"]<\/p>\n<p>Onko kysytt\u00e4v\u00e4\u00e4? Olemme lyhyen tekstiviestin p\u00e4\u00e4ss\u00e4 siit\u00e4, ett\u00e4 ongelmasi on ratkaistu! [\/cg_accordion]\n[cg_accordion title=\"PAKETTI SIS\u00c4LT\u00c4\u00c4\"]\n","protected":false},"featured_media":10193,"template":"","meta":{"_acf_changed":false},"product_brand":[],"product_cat":[556],"product_tag":[],"class_list":{"0":"post-11515","1":"product","2":"type-product","3":"status-publish","4":"has-post-thumbnail","6":"product_cat-tarvikkeet","7":"product_shipping_class-low-end","8":"pa_brand-ayaneo","9":"pa_compatible-with-ayaneo-3-fi","11":"first","12":"instock","13":"sale","14":"taxable","15":"shipping-taxable","16":"purchasable","17":"product-type-variable","18":"has-default-attributes"},"acf":[],"_links":{"self":[{"href":"https:\/\/ayaneo.co\/fi\/wp-json\/wp\/v2\/product\/11515","targetHints":{"allow":["GET"]}}],"collection":[{"href":"https:\/\/ayaneo.co\/fi\/wp-json\/wp\/v2\/product"}],"about":[{"href":"https:\/\/ayaneo.co\/fi\/wp-json\/wp\/v2\/types\/product"}],"wp:featuredmedia":[{"embeddable":true,"href":"https:\/\/ayaneo.co\/fi\/wp-json\/wp\/v2\/media\/10193"}],"wp:attachment":[{"href":"https:\/\/ayaneo.co\/fi\/wp-json\/wp\/v2\/media?parent=11515"}],"wp:term":[{"taxonomy":"product_brand","embeddable":true,"href":"https:\/\/ayaneo.co\/fi\/wp-json\/wp\/v2\/product_brand?post=11515"},{"taxonomy":"product_cat","embeddable":true,"href":"https:\/\/ayaneo.co\/fi\/wp-json\/wp\/v2\/product_cat?post=11515"},{"taxonomy":"product_tag","embeddable":true,"href":"https:\/\/ayaneo.co\/fi\/wp-json\/wp\/v2\/product_tag?post=11515"}],"curies":[{"name":"wp","href":"https:\/\/api.w.org\/{rel}","templated":true}]}}