{"id":11538,"date":"2025-01-29T11:19:41","date_gmt":"2025-01-29T11:19:41","guid":{"rendered":"https:\/\/ayaneo.co\/product\/droix-nh8-usb-keskitin-nvmen-kanssa\/"},"modified":"2025-06-16T15:10:28","modified_gmt":"2025-06-16T15:10:28","slug":"droix-nh8-usb-keskitin-nvmen-kanssa","status":"publish","type":"product","link":"https:\/\/ayaneo.co\/fi\/product\/droix-nh8-usb-keskitin-nvmen-kanssa\/","title":{"rendered":"DroiX NH8 USB-keskitin NVMe:n kanssa"},"content":{"rendered":"\n<h2 class=\"wp-block-heading\"><strong>DroiX NH8 Hub NVMe-korttipaikalla - Ultimaattinen All-in-One Connectivity Hub!<\/strong><\/h2>\n\n<h4 class=\"wp-block-heading\"><strong>Huippunopea Gigabit Ethernet<\/strong><\/h4>\n\n<p>Nauti saumattomasta ja nopeasta yhteydest\u00e4 <strong>DroiX NH8 Hubin<\/strong> avulla! Sen <strong>10\/100\/1000M Gigabit Ethernet -portti<\/strong> takaa <strong>vakaan, viiveett\u00f6m\u00e4n internetyhteyden - t\u00e4ydellinen<\/strong>pelaamiseen, suoratoistoon ja suuren kaistanleveyden teht\u00e4viin. Sano hyv\u00e4stit Wi-Fi-katkoksille ja koe <strong>johdonmukainen, langallisen nopeuden suorituskyky<\/strong>. <\/p>\n\n<h4 class=\"wp-block-heading\"><strong>Upea 4K-videol\u00e4ht\u00f6<\/strong><\/h4>\n\n<p>Paranna visuaalista kokemusta <strong>HDMI 2.0 -tuella<\/strong>, joka tarjoaa jopa <strong>4096&#215;2160-resoluution 60 Hz:n taajuudella<\/strong>. <strong>Katseletpa<\/strong> sitten <strong>elokuvia, esittelet t\u00f6it\u00e4 tai pelaat ter\u00e4v\u00e4piirtona<\/strong>, nauti eritt\u00e4in ter\u00e4v\u00e4st\u00e4 visuaalisesta ilmeest\u00e4, eloisista v\u00e4reist\u00e4 ja <strong>pehme\u00e4st\u00e4 liikkeest\u00e4<\/strong>. <\/p>\n\n<h4 class=\"wp-block-heading\"><strong>Laajenna tallennustilaa helposti<\/strong><\/h4>\n\n<p>Onko tila loppumassa? <strong>DroiX NH8 Hubissa<\/strong> on <strong>integroitu PCIe NVMe -paikka<\/strong>, joka tarjoaa salamannopean tallennustilan laajennuksen. T\u00e4m\u00e4 ominaisuus on ihanteellinen <strong>nopeille tiedonsiirroille, suurille tiedostoille ja suorituskykyisille sovelluksille<\/strong>, ja se pit\u00e4\u00e4 j\u00e4rjestelm\u00e4n tehokkaana.  <\/p>\n\n<h4 class=\"wp-block-heading\"><strong>Tehokkaat tiedonsiirrot<\/strong><\/h4>\n\n<p>Suurten tiedostojen siirt\u00e4minen k\u00e4y nopeasti <strong>USB Type-A 3.0 -portin<\/strong> avulla. Olipa kyse tietojen varmuuskopioinnista, laitteiden synkronoinnista tai <strong>oheislaitteiden virransy\u00f6t\u00f6st\u00e4<\/strong>, <strong>nopeat tiedonsiirtonopeudet<\/strong> tehostavat ty\u00f6nkulkuasi. <\/p>\n\n<h4 class=\"wp-block-heading\"><strong>Yleinen USB Type-C-yhteensopivuus<\/strong><\/h4>\n\n<p><strong>Monipuolisella USB Type-C-liit\u00e4nn\u00e4ll\u00e4<\/strong> varustettu <strong>NH8-keskitin<\/strong> takaa <strong>laajan laiteyhteensopivuuden<\/strong>. Nauti <strong>nopeasta tiedonsiirrosta, tehokkaasta virransy\u00f6t\u00f6st\u00e4 ja vaivattomasta liitett\u00e4vyydest\u00e4<\/strong> <strong>kannettavien tietokoneiden, minitietokoneiden, pelilaitteiden ja muiden<\/strong>laitteiden v\u00e4lill\u00e4 <strong>- kaikki<\/strong>yhdell\u00e4 kaapelilla. <\/p>\n\n<h4 class=\"wp-block-heading\"><strong>Vaivaton p\u00e4\u00e4sy mediaan<\/strong><\/h4>\n\n<p><strong>Sis\u00e4\u00e4nrakennetun SD- ja Micro-SD-kortinlukijan<\/strong> ansiosta <strong>DroiX NH8 Hub<\/strong> helpottaa <strong>tiedostojen k\u00e4ytt\u00f6\u00e4, siirt\u00e4mist\u00e4 ja varmuuskopiointia<\/strong>. Olipa kyse valokuvista, videoista tai t\u00e4rkeist\u00e4 asiakirjoista, p\u00e4\u00e4set nopeasti k\u00e4siksi mediaasi ilman ylim\u00e4\u00e4r\u00e4isi\u00e4 sovittimia. <\/p>\n\n<h4 class=\"wp-block-heading\"><strong>Verraton monipuolisuus ja suorituskyky<\/strong><\/h4>\n\n<p><strong>PC-tietokoneisiin, kannettaviin tietokoneisiin, minitietokoneisiin ja pelik\u00e4ytt\u00f6\u00f6n<\/strong> tarkoitettu <strong>DroiX NH8 Hub<\/strong> on enemm\u00e4n kuin pelkk\u00e4 lis\u00e4varuste - se on <strong>olennainen liit\u00e4nt\u00e4ratkaisu<\/strong>. <strong>Kompakti, tehokas ja luotettava<\/strong>, se on <strong>paras ty\u00f6kalu<\/strong> ty\u00f6h\u00f6n, viihteeseen ja kaikkeen silt\u00e4 v\u00e4lilt\u00e4.<\/p>\n\n<h3 class=\"wp-block-heading\"><strong>P\u00e4ivit\u00e4 liitett\u00e4vyytesi DroiX NH8 Hubilla!<\/strong><\/h3>\n\n<p>Koe <strong>seuraavan tason suorituskyky ja mukavuus<\/strong> navan avulla, joka on suunniteltu <strong>nopeutta, tehokkuutta ja monipuolisuutta<\/strong> varten. <strong>Tehosta asetuksiasi ja tehosta ty\u00f6nkulkuasi jo t\u00e4n\u00e4\u00e4n!<\/strong><\/p>\n\n<p>Katso vaiheittainen k\u00e4ytt\u00f6\u00f6notto <strong>DroiX NH8 USB Hubin k\u00e4ytt\u00f6\u00f6notto -oppaasta<\/strong>.<\/p>\n\n<p><\/p>\n","protected":false},"excerpt":{"rendered":"<ul>\n<li>DroiX<strong> NH8 <\/strong>USB-keskitin NVMe:n kanssa<\/li>\n<li><strong>10\/100\/1000M<\/strong> Gigabit Ethernet<\/li>\n<li><strong>Sis\u00e4\u00e4nrakennettu PCIe NVMe -paikka<\/strong> tallennustilan laajentamista varten<\/li>\n<li><strong>4K-n\u00e4yt\u00f6n ulostulo<\/strong> HDMI:n kautta<\/li>\n<li><strong>MicroSD- \/ SD-korttipaikka<\/strong> - jopa 5 Gbps nopeudella<\/li>\n<\/ul>\n[cg_accordion title=\"MAKSUTIEDOT\"]<\/p>\n<p>K\u00e4yt\u00e4mme uusinta tekniikkaa maksujen k\u00e4sittelyss\u00e4, jonka avulla voit tehd\u00e4 maksun Apple Payn, Google Payn, pankki- tai luottokorttisi, PayPalin tai BNPL-menetelmien, kuten Klarnan, Affirmin tai AfterPayn kautta, mik\u00e4 takaa nopean ja turvallisen maksukokemuksen.[\/cg_accordion]\n[cg_accordion title=\"TAKUU\"]<\/p>\n<p>1 vuoden takuu <a href=\"https:\/\/droix.net\/\" target=\"_blank\" rel=\"nofollow noopener\">DROIX Globalilta<\/a> mielenrauhasi vuoksi[\/cg_accordion]\n[cg_accordion title=\"HINNOITTELU, VEROT JA TOIMITUKSET\"]<\/p>\n<p><strong><u>Huom:<\/u><\/strong><\/p>\n<ul>\n<li>Yhdysvallat Asiakkaat: Asiakkaat: N\u00e4ytetty hinta EI sis\u00e4ll\u00e4 veroja eik\u00e4 tulleja. Vastuu tulliselvityksest\u00e4 ja siihen liittyvien verojen\/tullien maksamisesta on asiakkaalla. <\/li>\n<li>EU:n asiakkaat: N\u00e4ytetty hinta sis\u00e4lt\u00e4\u00e4 sovellettavan veron, joka voi olla jopa 25 % maastasi riippuen.<\/li>\n<li>Kanada Asiakkaat: N\u00e4ytetty hinta sis\u00e4lt\u00e4\u00e4 sovellettavat verot, joihin voi sis\u00e4lty\u00e4 5 % GST ja ylim\u00e4\u00e4r\u00e4isi\u00e4 maakunnallisia myyntiveroja (PST), harmonisoitua myyntiveroa (HST) tai Quebecin myyntiveroa (QST) maakunnasta riippuen.<\/li>\n<\/ul>\n<p><strong>AINOASTAAN EU:n asiakkaille:<\/strong> Express DDP (Delivered Duty Paid). T\u00e4m\u00e4 tarkoittaa: <\/p>\n<ul>\n<li>Kaikki tullit ja verot sis\u00e4ltyv\u00e4t tuotesivulla ilmoitettuun hintaan.<\/li>\n<li>Sinun ei tarvitse maksaa lis\u00e4maksuja toimituksen yhteydess\u00e4.<\/li>\n<li>Harvinaisissa tulliin liittyviss\u00e4 tapauksissa tiimimme hoitaa tulliselvitysprosessin puolestasi varmistaakseen sujuvan toimituksen.<\/li>\n<p>T\u00e4rke\u00e4\u00e4 tietoa palautuksista:<\/p>\n<li>Jos p\u00e4\u00e4t\u00e4t palauttaa tilauksesi tai pyyt\u00e4\u00e4 palautusta, ota huomioon, ett\u00e4 DDP-ehtojen mukaisesti puolestasi maksettuja veroja ja tulleja ei voida palauttaa.<\/li>\n<p>Katso yksityiskohtaiset tiedot <a href=\"https:\/\/ayaneo.co\/fi\/kayttoehdot\/\" target=\"_blank\" rel=\"nofollow noopener\">k\u00e4ytt\u00f6ehdoistamme<\/a>.\n<\/ul>\n<p>[\/cg_accordion]\n[cg_accordion title=\"ASIAKASTUKI\"]<\/p>\n<p>Onko kysytt\u00e4v\u00e4\u00e4? Olemme lyhyen tekstiviestin p\u00e4\u00e4ss\u00e4 siit\u00e4, ett\u00e4 ongelmasi on ratkaistu!<br \/>\n[\/cg_accordion]\n","protected":false},"featured_media":8249,"template":"","meta":{"_acf_changed":false},"product_brand":[],"product_cat":[556],"product_tag":[],"class_list":{"0":"post-11538","1":"product","2":"type-product","3":"status-publish","4":"has-post-thumbnail","6":"product_cat-tarvikkeet","7":"product_shipping_class-low-end","8":"pa_brand-droix","10":"first","11":"outofstock","12":"sale","13":"taxable","14":"shipping-taxable","15":"purchasable","16":"product-type-variable","17":"has-default-attributes"},"acf":[],"_links":{"self":[{"href":"https:\/\/ayaneo.co\/fi\/wp-json\/wp\/v2\/product\/11538","targetHints":{"allow":["GET"]}}],"collection":[{"href":"https:\/\/ayaneo.co\/fi\/wp-json\/wp\/v2\/product"}],"about":[{"href":"https:\/\/ayaneo.co\/fi\/wp-json\/wp\/v2\/types\/product"}],"wp:featuredmedia":[{"embeddable":true,"href":"https:\/\/ayaneo.co\/fi\/wp-json\/wp\/v2\/media\/8249"}],"wp:attachment":[{"href":"https:\/\/ayaneo.co\/fi\/wp-json\/wp\/v2\/media?parent=11538"}],"wp:term":[{"taxonomy":"product_brand","embeddable":true,"href":"https:\/\/ayaneo.co\/fi\/wp-json\/wp\/v2\/product_brand?post=11538"},{"taxonomy":"product_cat","embeddable":true,"href":"https:\/\/ayaneo.co\/fi\/wp-json\/wp\/v2\/product_cat?post=11538"},{"taxonomy":"product_tag","embeddable":true,"href":"https:\/\/ayaneo.co\/fi\/wp-json\/wp\/v2\/product_tag?post=11538"}],"curies":[{"name":"wp","href":"https:\/\/api.w.org\/{rel}","templated":true}]}}