{"id":11639,"date":"2025-01-23T09:43:09","date_gmt":"2025-01-23T09:43:09","guid":{"rendered":"https:\/\/ayaneo.co\/product\/ayaneo-pocket-dmg-case\/"},"modified":"2025-12-04T11:29:28","modified_gmt":"2025-12-04T11:29:28","slug":"ayaneo-pocket-dmg-case","status":"publish","type":"product","link":"https:\/\/ayaneo.co\/fi\/product\/ayaneo-pocket-dmg-case\/","title":{"rendered":"AYANEO Pocket Nahka DMG tapauksessa"},"content":{"rendered":"\n<h2 class=\"wp-block-heading\" id=\"h-product-overview\">Tuotteen yleiskatsaus:<\/h2>\n\n<p><strong>AYANEO Pocket DMG -kotelo on<\/strong> t\u00e4ydellinen yhdistelm\u00e4 tyyli\u00e4 ja toiminnallisuutta, joka on suunniteltu yksinomaan AYANEO Pocket DMG -konsolia varten. Kotelossa on ensiluokkainen nahkapinta, ja se on kunnianosoitus retropelaamisen estetiikalle samalla kun se tarjoaa modernin suojan k\u00e4mmenlaitteellesi. <\/p>\n\n<hr class=\"wp-block-separator has-alpha-channel-opacity\"\/>\n\n<h2 class=\"wp-block-heading\" id=\"h-key-features\">T\u00e4rkeimm\u00e4t ominaisuudet:<\/h2>\n\n<p><strong>Retro-vaikutteinen muotoilu<\/strong><br\/>Kotelon muotoilu on saanut inspiraationsa klassisista peleist\u00e4, joten se on pakollinen lis\u00e4varuste pelaajille, jotka rakastavat nostalgista tunnelmaa.<\/p>\n\n<p> <strong>Ensiluokkainen nahkarakenne<\/strong><br\/>Laadukkaasta nahasta valmistettu kotelo tarjoaa tyylikk\u00e4\u00e4n ja kest\u00e4v\u00e4n ratkaisun, joka suojaa laitettasi naarmuilta, p\u00f6lylt\u00e4 ja pienilt\u00e4 iskuilta.<\/p>\n\n<p><strong>Kompakti ja kannettava<\/strong><br\/>T\u00e4ydellisen kokoinen AYANEO Pocket DMG, ohut profiili takaa helpon siirrett\u00e4vyyden suojauksesta tinkim\u00e4tt\u00e4.<\/p>\n\n<p><strong>Magneettisuljin<\/strong><br\/>Kiinnit\u00e4 laitteesi sis\u00e4\u00e4nrakennetulla magneettisuljimella, jotta konsoli pysyy turvassa matkan tai s\u00e4ilytyksen aikana.<\/p>\n\n<p> <strong>Tyylikk\u00e4\u00e4t v\u00e4rivaihtoehdot<\/strong><br\/>Saatavana useita retrohenkisi\u00e4 s\u00e4vyj\u00e4, jotka sopivat pelityyliisi.<\/p>\n\n<hr class=\"wp-block-separator has-alpha-channel-opacity\"\/>\n\n<h2 class=\"wp-block-heading\" id=\"h-why-choose-the-ayaneo-dmg-case\">Miksi valita AYANEO Pocket DMG Case?<\/h2>\n\n<p>Olitpa sitten retropelien harrastaja tai etsit vain tyylik\u00e4st\u00e4 tapaa suojata konsolisi, AYANEO DMG Case tarjoaa vertaansa vailla olevaa laatua ja ajatonta muotoilua. Sen tarkka istuvuus ja ensiluokkaiset materiaalit takaavat, ett\u00e4 laitteesi on aina suojattu ja valmis pelaamaan miss\u00e4 ja milloin tahansa.   <\/p>\n\n<hr class=\"wp-block-separator has-alpha-channel-opacity\"\/>\n\n<h3 class=\"wp-block-heading\" id=\"h-specifications\">Tekniset tiedot:<\/h3>\n\n<ul class=\"wp-block-list\">\n<li><strong>Materiaali:<\/strong> Materiaali: Premium Nahka<\/li>\n\n\n\n<li><strong>Yhteensopivuus:<\/strong> AYANEO Pocket DMG konsoli: AYANEO Pocket DMG konsoli<\/li>\n\n\n\n<li><strong>Sulkemistyyppi:<\/strong> Magneettinen<\/li>\n\n\n\n<li><strong>Mitat:<\/strong> R\u00e4\u00e4t\u00e4l\u00f6ity laitteeseen sopivaksi<\/li>\n<\/ul>\n\n<p>P\u00e4ivit\u00e4 pelikokemuksesi t\u00e4n\u00e4\u00e4n AYANEO Pocket DMG -kotelolla - jossa retro-tunnelmat kohtaavat modernin suojan!<\/p>\n\n<p><\/p>\n","protected":false},"excerpt":{"rendered":"<ul>\n<li><strong>Virallinen AYANEO<\/strong> Pocket DMG nahkakotelo<\/li>\n<li>Retrovaikutteinen muotoilu <strong>nostalgisille pelaajille<\/strong>.<\/li>\n<li>Ensiluokkainen nahkarakenne takaa <strong>kest\u00e4v\u00e4n suojan<\/strong>.<\/li>\n<li>Magneettisuljenta takaa <strong>turvallisen ja helpon p\u00e4\u00e4syn<\/strong>.<\/li>\n<li>Pienikokoinen ja kevyt, joten se on <strong>k\u00e4tev\u00e4 mukana matkalla<\/strong>.<\/li>\n<\/ul>\n[cg_accordion title=\"MAKSUTIEDOT\"]<\/p>\n<p>K\u00e4yt\u00e4mme uusinta teknologiaa maksujen k\u00e4sittelyss\u00e4, jonka avulla voit tehd\u00e4 maksun Apple Payn, Google Payn, pankki- tai luottokortin, PayPalin tai BNPL-menetelmien, kuten Klarna, Affirm tai AfterPay, avulla nopean ja turvallisen maksukokemuksen.[\/cg_accordion]\n[cg_accordion title=\"TAKUU\"]<\/p>\n<p>1 vuoden takuu <a href=\"https:\/\/droix.net\/\" target=\"_blank\" rel=\"nofollow noopener\">DROIX Global ilta mielenrauhasi vuoksi<\/a> [\/cg_accordion]\n[cg_accordion title=\"LAADUNVARMISTUS JA L\u00c4HETYST\u00c4 EDELT\u00c4V\u00c4 TESTAUS\"]<\/p>\n<p>Asiakastyytyv\u00e4isyyden varmistaminen korkeimmalla tasolla: Jokainen laite testataan tiukasti ja sille tehd\u00e4\u00e4n monipisteinen laadunvarmistustarkastus ennen sen l\u00e4hett\u00e4mist\u00e4. Asialle omistautunut tiimimme tarkistaa suorituskyvyn, toimivuuden ja komponenttien eheyden, jotta AYANEO-laitteesi on saapuessaan t\u00e4ydellisess\u00e4 toimintakunnossa, mik\u00e4 antaa sinulle luottamusta ja mielenrauhaa. [\/cg_accordion]\n[cg_accordion title=\"HINNOITTELU, VEROT JA TOIMITUKSET\"]<\/p>\n<p><strong><u>Huom:<\/u><\/strong><\/p>\n<ul>\n<li>Yhdysvallat Asiakkaat: Asiakkaat: N\u00e4ytetty hinta EI sis\u00e4ll\u00e4 veroja eik\u00e4 tulleja. Vastuu tulliselvityksest\u00e4 ja siihen liittyvien verojen\/tullien maksamisesta on asiakkaalla. <\/li>\n<li>EU:n asiakkaat: N\u00e4ytetty hinta sis\u00e4lt\u00e4\u00e4 sovellettavan veron, joka voi olla jopa 25 % maastasi riippuen.<\/li>\n<li>Kanada Asiakkaat: N\u00e4ytetty hinta sis\u00e4lt\u00e4\u00e4 sovellettavat verot, joihin voi sis\u00e4lty\u00e4 5 % GST ja ylim\u00e4\u00e4r\u00e4isi\u00e4 maakunnallisia myyntiveroja (PST), harmonisoitua myyntiveroa (HST) tai Quebecin myyntiveroa (QST) maakunnasta riippuen.<\/li>\n<\/ul>\n<p><strong>AINOASTAAN EU:n asiakkaille:<\/strong> Express DDP (Delivered Duty Paid). T\u00e4m\u00e4 tarkoittaa: <\/p>\n<ul>\n<li>Kaikki tullit ja verot sis\u00e4ltyv\u00e4t tuotesivulla ilmoitettuun hintaan.<\/li>\n<li>Sinun ei tarvitse maksaa lis\u00e4maksuja toimituksen yhteydess\u00e4.<\/li>\n<li>Harvinaisissa tulliin liittyviss\u00e4 tapauksissa tiimimme hoitaa tulliselvitysprosessin puolestasi varmistaakseen sujuvan toimituksen.<\/li>\n<p>T\u00e4rke\u00e4\u00e4 tietoa palautuksista:<\/p>\n<li>Jos p\u00e4\u00e4t\u00e4t palauttaa tilauksesi tai pyyt\u00e4\u00e4 palautusta, ota huomioon, ett\u00e4 DDP-ehtojen mukaisesti puolestasi maksettuja veroja ja tulleja ei voida palauttaa.<\/li>\n<p>Katso yksityiskohtaiset tiedot <a href=\"https:\/\/ayaneo.co\/fi\/kayttoehdot\/\" target=\"_blank\" rel=\"nofollow noopener\">k\u00e4ytt\u00f6ehdoistamme<\/a>.\n<\/ul>\n<p>[\/cg_accordion]\n[cg_accordion title=\"ASIAKASTUKI\"]<\/p>\n<p>Onko kysytt\u00e4v\u00e4\u00e4? Olemme lyhyen tekstiviestin p\u00e4\u00e4ss\u00e4 siit\u00e4, ett\u00e4 ongelmasi on ratkaistu! [\/cg_accordion]\n[cg_accordion title=\"PAKETTI SIS\u00c4LT\u00c4\u00c4\"]<\/p>\n<ul>\n<li>1x AYANEO Pocket DMG kotelo<\/li>\n<\/ul>\n<p>[\/cg_accordion]\n","protected":false},"featured_media":8176,"template":"","meta":{"_acf_changed":false},"product_brand":[],"product_cat":[556],"product_tag":[],"class_list":{"0":"post-11639","1":"product","2":"type-product","3":"status-publish","4":"has-post-thumbnail","6":"product_cat-tarvikkeet","7":"product_shipping_class-low-end","8":"pa_accessory-type-protective-case-fi","9":"pa_brand-ayaneo","11":"first","12":"instock","13":"sale","14":"taxable","15":"shipping-taxable","16":"purchasable","17":"product-type-variable","18":"has-default-attributes"},"acf":[],"_links":{"self":[{"href":"https:\/\/ayaneo.co\/fi\/wp-json\/wp\/v2\/product\/11639","targetHints":{"allow":["GET"]}}],"collection":[{"href":"https:\/\/ayaneo.co\/fi\/wp-json\/wp\/v2\/product"}],"about":[{"href":"https:\/\/ayaneo.co\/fi\/wp-json\/wp\/v2\/types\/product"}],"wp:featuredmedia":[{"embeddable":true,"href":"https:\/\/ayaneo.co\/fi\/wp-json\/wp\/v2\/media\/8176"}],"wp:attachment":[{"href":"https:\/\/ayaneo.co\/fi\/wp-json\/wp\/v2\/media?parent=11639"}],"wp:term":[{"taxonomy":"product_brand","embeddable":true,"href":"https:\/\/ayaneo.co\/fi\/wp-json\/wp\/v2\/product_brand?post=11639"},{"taxonomy":"product_cat","embeddable":true,"href":"https:\/\/ayaneo.co\/fi\/wp-json\/wp\/v2\/product_cat?post=11639"},{"taxonomy":"product_tag","embeddable":true,"href":"https:\/\/ayaneo.co\/fi\/wp-json\/wp\/v2\/product_tag?post=11639"}],"curies":[{"name":"wp","href":"https:\/\/api.w.org\/{rel}","templated":true}]}}