{"id":11685,"date":"2025-01-23T13:59:52","date_gmt":"2025-01-23T13:59:52","guid":{"rendered":"https:\/\/ayaneo.co\/product\/ayaneo-pocket-evo-naytonsuoja\/"},"modified":"2025-12-09T00:38:33","modified_gmt":"2025-12-09T00:38:33","slug":"ayaneo-pocket-evo-naytonsuoja","status":"publish","type":"product","link":"https:\/\/ayaneo.co\/fi\/product\/ayaneo-pocket-evo-naytonsuoja\/","title":{"rendered":"AYANEO Pocket EVO n\u00e4yt\u00f6nsuojain"},"content":{"rendered":"\n<h2 class=\"wp-block-heading\">Tuotteen yleiskatsaus:<\/h2>\n\n<p><strong>AYANEO Pocket EVO -n\u00e4yt\u00f6nsuoja on<\/strong> suunniteltu suojaamaan konsolisi n\u00e4ytt\u00f6\u00e4 ja varmistamaan samalla erinomainen selkeys. Laadukkaasta karkaistusta lasista valmistettu suojakalvo kest\u00e4\u00e4 erinomaisesti naarmuja ja tahroja, joten laitteesi n\u00e4ytt\u00f6 pysyy koskemattomana ja visuaalinen ilme virheett\u00f6m\u00e4n\u00e4.<\/p>\n\n<ol class=\"wp-block-list\">\n<li><strong>R\u00e4\u00e4t\u00e4l\u00f6ity istuvuus<\/strong> AYANEO Pocket EVO<strong>:lle.<\/strong> <\/li>\n\n\n\n<li>Kest\u00e4v\u00e4 ja <strong>naarmuuntumaton pinta<\/strong>.<\/li>\n\n\n\n<li>Eritt\u00e4in kirkas materiaali takaa <strong>eloisan pelin\u00e4yt\u00f6n<\/strong>.<\/li>\n\n\n\n<li>Tahraton pinnoite takaa <strong>puhtaan ja selke\u00e4n n\u00e4yt\u00f6n<\/strong>.<\/li>\n\n\n\n<li>Helppo, kuplaton asennus <strong>vaivatonta k\u00e4ytt\u00f6\u00e4<\/strong> varten.<\/li>\n<\/ol>\n\n<h2 class=\"wp-block-heading\">Miksi valita AYANEO Pocket EVO -n\u00e4yt\u00f6nsuoja?<\/h2>\n\n<p>AYANEO Pocket EVO -n\u00e4yt\u00f6nsuojassa yhdistyv\u00e4t ensiluokkaiset materiaalit ja tarkka muotoilu, jotka tarjoavat erinomaisen suojan ja visuaalisen selkeyden. Pelasitpa sitten kotona tai liikkeell\u00e4, t\u00e4m\u00e4 n\u00e4yt\u00f6nsuoja varmistaa, ett\u00e4 laitteesi pysyy naarmuuntumattomana ja s\u00e4ilytt\u00e4\u00e4 samalla eloisan, kristallinkirkkaan visuaalisen ilmeen.<\/p>\n\n<hr class=\"wp-block-separator has-alpha-channel-opacity\"\/>\n\n<h4 class=\"wp-block-heading\">Tekniset tiedot:<\/h4>\n\n<ul class=\"wp-block-list\">\n<li><strong>Materiaali:<\/strong> Materiaali: Karkaistu lasi<\/li>\n\n\n\n<li><strong>Yhteensopivuus:<\/strong> AYANEO Pocket EVO -konsoli<\/li>\n\n\n\n<li><strong>Ominaisuudet:<\/strong> Naarmunkest\u00e4v\u00e4, tahraton, eritt\u00e4in kirkas ja kuplaton sovellus.<\/li>\n<\/ul>\n\n<p>Paranna pelikokemustasi AYANEO Pocket EVO -n\u00e4yt\u00f6nsuojalla - \u00e4\u00e4rimm\u00e4inen suoja konsolisi n\u00e4yt\u00f6lle!  <\/p>\n","protected":false},"excerpt":{"rendered":"<ul>\n<li><strong>R\u00e4\u00e4t\u00e4l\u00f6ity istuvuus<\/strong> AYANEO Pocket EVO<strong>:lle.<\/strong> <\/li>\n<li>Kest\u00e4v\u00e4 ja <strong>naarmuuntumaton pinta<\/strong>.<\/li>\n<li>Eritt\u00e4in kirkas materiaali takaa <strong>eloisan pelin\u00e4yt\u00f6n<\/strong>.<\/li>\n<li>Tahraton pinnoite takaa <strong>puhtaan ja selke\u00e4n n\u00e4yt\u00f6n<\/strong>.<\/li>\n<li>Helppo, kuplaton asennus <strong>vaivatonta k\u00e4ytt\u00f6\u00e4<\/strong> varten.<\/li>\n<\/ul>\n[cg_accordion title=\"MAKSUTIEDOT\"]<\/p>\n<p>K\u00e4yt\u00e4mme uusinta teknologiaa maksujen k\u00e4sittelyss\u00e4, jonka avulla voit tehd\u00e4 maksun Apple Payn, Google Payn, pankki- tai luottokortin, PayPalin tai BNPL-menetelmien, kuten Klarna, Affirm tai AfterPay, avulla nopean ja turvallisen maksukokemuksen.[\/cg_accordion]\n[cg_accordion title=\"TAKUU\"]<\/p>\n<p>1 vuoden takuu <a href=\"https:\/\/droix.net\/\" target=\"_blank\" rel=\"nofollow noopener\">DROIX Global ilta mielenrauhasi vuoksi<\/a> [\/cg_accordion]\n[cg_accordion title=\"LAADUNVARMISTUS JA L\u00c4HETYST\u00c4 EDELT\u00c4V\u00c4 TESTAUS\"]<\/p>\n<p>Asiakastyytyv\u00e4isyyden varmistaminen korkeimmalla tasolla: Jokainen laite testataan tiukasti ja sille tehd\u00e4\u00e4n monipisteinen laadunvarmistustarkastus ennen sen l\u00e4hett\u00e4mist\u00e4. Asialle omistautunut tiimimme tarkistaa suorituskyvyn, toimivuuden ja komponenttien eheyden, jotta AYANEO-laitteesi on saapuessaan t\u00e4ydellisess\u00e4 toimintakunnossa, mik\u00e4 antaa sinulle luottamusta ja mielenrauhaa. [\/cg_accordion]\n[cg_accordion title=\"HINNOITTELU, VEROT JA TOIMITUKSET\"]<\/p>\n<p><strong><u>Huom:<\/u><\/strong><\/p>\n<ul>\n<li>Yhdysvallat Asiakkaat: Asiakkaat: N\u00e4ytetty hinta EI sis\u00e4ll\u00e4 veroja eik\u00e4 tulleja. Vastuu tulliselvityksest\u00e4 ja siihen liittyvien verojen\/tullien maksamisesta on asiakkaalla. <\/li>\n<li>EU:n asiakkaat: N\u00e4ytetty hinta sis\u00e4lt\u00e4\u00e4 sovellettavan veron, joka voi olla jopa 25 % maastasi riippuen.<\/li>\n<li>Kanada Asiakkaat: N\u00e4ytetty hinta sis\u00e4lt\u00e4\u00e4 sovellettavat verot, joihin voi sis\u00e4lty\u00e4 5 % GST ja ylim\u00e4\u00e4r\u00e4isi\u00e4 maakunnallisia myyntiveroja (PST), harmonisoitua myyntiveroa (HST) tai Quebecin myyntiveroa (QST) maakunnasta riippuen.<\/li>\n<\/ul>\n<p><strong>AINOASTAAN EU:n asiakkaille:<\/strong> Express DDP (Delivered Duty Paid). T\u00e4m\u00e4 tarkoittaa: <\/p>\n<ul>\n<li>Kaikki tullit ja verot sis\u00e4ltyv\u00e4t tuotesivulla ilmoitettuun hintaan.<\/li>\n<li>Sinun ei tarvitse maksaa lis\u00e4maksuja toimituksen yhteydess\u00e4.<\/li>\n<li>Harvinaisissa tulliin liittyviss\u00e4 tapauksissa tiimimme hoitaa tulliselvitysprosessin puolestasi varmistaakseen sujuvan toimituksen.<\/li>\n<p>T\u00e4rke\u00e4\u00e4 tietoa palautuksista:<\/p>\n<li>Jos p\u00e4\u00e4t\u00e4t palauttaa tilauksesi tai pyyt\u00e4\u00e4 palautusta, ota huomioon, ett\u00e4 DDP-ehtojen mukaisesti puolestasi maksettuja veroja ja tulleja ei voida palauttaa.<\/li>\n<p>Katso yksityiskohtaiset tiedot <a href=\"https:\/\/ayaneo.co\/fi\/kayttoehdot\/\" target=\"_blank\" rel=\"nofollow noopener\">k\u00e4ytt\u00f6ehdoistamme<\/a>.\n<\/ul>\n<p>[\/cg_accordion]\n[cg_accordion title=\"ASIAKASTUKI\"]<\/p>\n<p>Onko kysytt\u00e4v\u00e4\u00e4? Olemme lyhyen tekstiviestin p\u00e4\u00e4ss\u00e4 siit\u00e4, ett\u00e4 ongelmasi on ratkaistu! [\/cg_accordion]\n[cg_accordion title=\"PAKETTI SIS\u00c4LT\u00c4\u00c4\"]<\/p>\n<ul>\n<li>1x AYANEO Pocket EVO -n\u00e4yt\u00f6nsuojus<\/li>\n<\/ul>\n<p>[\/cg_accordion]\n","protected":false},"featured_media":7903,"template":"","meta":{"_acf_changed":false},"product_brand":[],"product_cat":[556],"product_tag":[],"class_list":{"0":"post-11685","1":"product","2":"type-product","3":"status-publish","4":"has-post-thumbnail","6":"product_cat-tarvikkeet","7":"product_shipping_class-low-end","8":"pa_accessory-type-screen-protector-fi","9":"pa_brand-ayaneo","11":"first","12":"instock","13":"sale","14":"taxable","15":"shipping-taxable","16":"purchasable","17":"product-type-simple"},"acf":[],"_links":{"self":[{"href":"https:\/\/ayaneo.co\/fi\/wp-json\/wp\/v2\/product\/11685","targetHints":{"allow":["GET"]}}],"collection":[{"href":"https:\/\/ayaneo.co\/fi\/wp-json\/wp\/v2\/product"}],"about":[{"href":"https:\/\/ayaneo.co\/fi\/wp-json\/wp\/v2\/types\/product"}],"wp:featuredmedia":[{"embeddable":true,"href":"https:\/\/ayaneo.co\/fi\/wp-json\/wp\/v2\/media\/7903"}],"wp:attachment":[{"href":"https:\/\/ayaneo.co\/fi\/wp-json\/wp\/v2\/media?parent=11685"}],"wp:term":[{"taxonomy":"product_brand","embeddable":true,"href":"https:\/\/ayaneo.co\/fi\/wp-json\/wp\/v2\/product_brand?post=11685"},{"taxonomy":"product_cat","embeddable":true,"href":"https:\/\/ayaneo.co\/fi\/wp-json\/wp\/v2\/product_cat?post=11685"},{"taxonomy":"product_tag","embeddable":true,"href":"https:\/\/ayaneo.co\/fi\/wp-json\/wp\/v2\/product_tag?post=11685"}],"curies":[{"name":"wp","href":"https:\/\/api.w.org\/{rel}","templated":true}]}}