{"id":11762,"date":"2025-01-23T11:24:20","date_gmt":"2025-01-23T11:24:20","guid":{"rendered":"https:\/\/ayaneo.co\/product\/ayaneo-pocket-evo-case\/"},"modified":"2025-12-04T11:30:59","modified_gmt":"2025-12-04T11:30:59","slug":"ayaneo-pocket-evo-case","status":"publish","type":"product","link":"https:\/\/ayaneo.co\/fi\/product\/ayaneo-pocket-evo-case\/","title":{"rendered":"AYANEO Pocket EVO Case"},"content":{"rendered":"\n<h2 class=\"wp-block-heading\" id=\"h-product-overview\">Tuotteen yleiskatsaus:<\/h2>\n\n<p><strong>AYANEO Pocket EVO -kotelo on<\/strong> suunniteltu suojaamaan AYANEO Pocket EVO -konsoliasi erinomaisesti. Sen kest\u00e4v\u00e4 kovakuorinen muotoilu takaa, ett\u00e4 laitteesi pysyy turvassa naarmuilta, iskuilta ja p\u00f6lylt\u00e4 s\u00e4ilytt\u00e4en samalla tyylikk\u00e4\u00e4n, kannettavan ulkon\u00e4\u00f6n. T\u00e4m\u00e4 kotelo on ihanteellinen pelaajille, jotka arvostavat turvallisuutta ja tyyli\u00e4.  <\/p>\n\n<hr class=\"wp-block-separator has-alpha-channel-opacity\"\/>\n\n<h2 class=\"wp-block-heading\" id=\"h-key-features\">T\u00e4rkeimm\u00e4t ominaisuudet:<\/h2>\n\n<p><strong>Kest\u00e4v\u00e4 kovakuorinen muotoilu tarjoaa<\/strong> maksimaalisen suojan.<\/p>\n\n<p><strong>Mukautettu<\/strong> AYANEO Pocket EVO <strong>-konsolille.<\/strong> <\/p>\n\n<p>Pehme\u00e4 sis\u00e4vuori <strong>est\u00e4\u00e4 naarmuja.<\/strong><\/p>\n\n<p>Kevyt ja kannettava <strong>helppoon matkustamiseen.<\/strong><\/p>\n\n<p>Tyylik\u00e4s ja moderni ulkokuori takaa <strong>tyylikk\u00e4\u00e4n siirrett\u00e4vyyden.<\/strong><\/p>\n\n<hr class=\"wp-block-separator has-alpha-channel-opacity\"\/>\n\n<h2 class=\"wp-block-heading\" id=\"h-why-choose-the-ayaneo-pocket-micro-case\">Miksi valita AYANEO Pocket EVO Case?<\/h2>\n\n<p>AYANEO Pocket EVO -kotelo tarjoaa t\u00e4ydellisen yhdistelm\u00e4n tyyli\u00e4 ja kest\u00e4vyytt\u00e4. Sen mukautettu istuvuus ja kovakuorirakenne tarjoavat vertaansa vailla olevan suojan, kun taas kevyt rakenne takaa k\u00e4tevyyden liikkeell\u00e4 oleville pelaajille. T\u00e4m\u00e4n kotelon avulla konsolisi pysyy turvassa ja toimintavalmiina miss\u00e4 ja milloin tahansa.  <\/p>\n\n<hr class=\"wp-block-separator has-alpha-channel-opacity\"\/>\n\n<h3 class=\"wp-block-heading\" id=\"h-specifications\">Tekniset tiedot:<\/h3>\n\n<ul class=\"wp-block-list\">\n<li><strong>Materiaali:<\/strong> Sis\u00e4vuori: Kovakuorinen ulkokuori ja pehme\u00e4 sis\u00e4vuori.<\/li>\n\n\n\n<li><strong>Yhteensopivuus:<\/strong> AYANEO Pocket EVO -konsoli<\/li>\n\n\n\n<li><strong>Ominaisuudet:<\/strong> Kest\u00e4v\u00e4, naarmuuntumaton, kevyt ja matkustusyst\u00e4v\u00e4llinen.<\/li>\n<\/ul>\n\n<p>Pid\u00e4 AYANEO Pocket EVO turvassa t\u00e4m\u00e4n ensiluokkaisen kovan kotelon t\u00e4ydellisell\u00e4 suojalla - koska konsolisi ansaitsee parasta!<\/p>\n\n<p><\/p>\n","protected":false},"excerpt":{"rendered":"<ul>\n<li><strong>Kest\u00e4v\u00e4 kovakuorinen muotoilu tarjoaa<\/strong> maksimaalisen suojan.<\/li>\n<li><strong>Mukautettu<\/strong> AYANEO Pocket EVO <strong>-konsolille.<\/strong> <\/li>\n<li>Pehme\u00e4 sis\u00e4vuori <strong>est\u00e4\u00e4 naarmuja.<\/strong><\/li>\n<li>Kevyt ja kannettava <strong>helppoon matkustamiseen.<\/strong><\/li>\n<li>Tyylik\u00e4s ja moderni ulkokuori takaa <strong>tyylikk\u00e4\u00e4n siirrett\u00e4vyyden.<\/strong><\/li>\n<\/ul>\n[cg_accordion title=\"MAKSUTIEDOT\"]<\/p>\n<p>K\u00e4yt\u00e4mme uusinta teknologiaa maksujen k\u00e4sittelyss\u00e4, jonka avulla voit tehd\u00e4 maksun Apple Payn, Google Payn, pankki- tai luottokortin, PayPalin tai BNPL-menetelmien, kuten Klarna, Affirm tai AfterPay, avulla nopean ja turvallisen maksukokemuksen.[\/cg_accordion]\n[cg_accordion title=\"TAKUU\"]<\/p>\n<p>1 vuoden takuu <a href=\"https:\/\/droix.net\/\" target=\"_blank\" rel=\"nofollow noopener\">DROIX Global ilta mielenrauhasi vuoksi<\/a> [\/cg_accordion]\n[cg_accordion title=\"LAADUNVARMISTUS JA L\u00c4HETYST\u00c4 EDELT\u00c4V\u00c4 TESTAUS\"]<\/p>\n<p>Asiakastyytyv\u00e4isyyden varmistaminen korkeimmalla tasolla: Jokainen laite testataan tiukasti ja sille tehd\u00e4\u00e4n monipisteinen laadunvarmistustarkastus ennen sen l\u00e4hett\u00e4mist\u00e4. Asialle omistautunut tiimimme tarkistaa suorituskyvyn, toimivuuden ja komponenttien eheyden, jotta AYANEO-laitteesi on saapuessaan t\u00e4ydellisess\u00e4 toimintakunnossa, mik\u00e4 antaa sinulle luottamusta ja mielenrauhaa. [\/cg_accordion]\n[cg_accordion title=\"HINNOITTELU, VEROT JA TOIMITUKSET\"]<\/p>\n<p><strong><u>Huom:<\/u><\/strong><\/p>\n<ul>\n<li>Yhdysvallat Asiakkaat: Asiakkaat: N\u00e4ytetty hinta EI sis\u00e4ll\u00e4 veroja eik\u00e4 tulleja. Vastuu tulliselvityksest\u00e4 ja siihen liittyvien verojen\/tullien maksamisesta on asiakkaalla. <\/li>\n<li>EU:n asiakkaat: N\u00e4ytetty hinta sis\u00e4lt\u00e4\u00e4 sovellettavan veron, joka voi olla jopa 25 % maastasi riippuen.<\/li>\n<li>Kanada Asiakkaat: N\u00e4ytetty hinta sis\u00e4lt\u00e4\u00e4 sovellettavat verot, joihin voi sis\u00e4lty\u00e4 5 % GST ja ylim\u00e4\u00e4r\u00e4isi\u00e4 maakunnallisia myyntiveroja (PST), harmonisoitua myyntiveroa (HST) tai Quebecin myyntiveroa (QST) maakunnasta riippuen.<\/li>\n<\/ul>\n<p><strong>AINOASTAAN EU:n asiakkaille:<\/strong> Express DDP (Delivered Duty Paid). T\u00e4m\u00e4 tarkoittaa: <\/p>\n<ul>\n<li>Kaikki tullit ja verot sis\u00e4ltyv\u00e4t tuotesivulla ilmoitettuun hintaan.<\/li>\n<li>Sinun ei tarvitse maksaa lis\u00e4maksuja toimituksen yhteydess\u00e4.<\/li>\n<li>Harvinaisissa tulliin liittyviss\u00e4 tapauksissa tiimimme hoitaa tulliselvitysprosessin puolestasi varmistaakseen sujuvan toimituksen.<\/li>\n<p>T\u00e4rke\u00e4\u00e4 tietoa palautuksista:<\/p>\n<li>Jos p\u00e4\u00e4t\u00e4t palauttaa tilauksesi tai pyyt\u00e4\u00e4 palautusta, ota huomioon, ett\u00e4 DDP-ehtojen mukaisesti puolestasi maksettuja veroja ja tulleja ei voida palauttaa.<\/li>\n<p>Katso yksityiskohtaiset tiedot <a href=\"https:\/\/ayaneo.co\/fi\/kayttoehdot\/\" target=\"_blank\" rel=\"nofollow noopener\">k\u00e4ytt\u00f6ehdoistamme<\/a>.\n<\/ul>\n<p>[\/cg_accordion]\n[cg_accordion title=\"ASIAKASTUKI\"]<\/p>\n<p>Onko kysytt\u00e4v\u00e4\u00e4? Olemme lyhyen tekstiviestin p\u00e4\u00e4ss\u00e4 siit\u00e4, ett\u00e4 ongelmasi on ratkaistu! [\/cg_accordion]\n[cg_accordion title=\"PAKETTI SIS\u00c4LT\u00c4\u00c4\"]<\/p>\n<ul>\n<li>1x AYANEO Pocket EVO kotelo<\/li>\n<\/ul>\n<p>[\/cg_accordion]\n","protected":false},"featured_media":7887,"template":"","meta":{"_acf_changed":false},"product_brand":[],"product_cat":[556],"product_tag":[],"class_list":{"0":"post-11762","1":"product","2":"type-product","3":"status-publish","4":"has-post-thumbnail","6":"product_cat-tarvikkeet","7":"product_shipping_class-low-end","8":"pa_accessory-type-protective-case-fi","9":"pa_brand-ayaneo","11":"first","12":"instock","13":"sale","14":"taxable","15":"shipping-taxable","16":"purchasable","17":"product-type-variable","18":"has-default-attributes"},"acf":[],"_links":{"self":[{"href":"https:\/\/ayaneo.co\/fi\/wp-json\/wp\/v2\/product\/11762","targetHints":{"allow":["GET"]}}],"collection":[{"href":"https:\/\/ayaneo.co\/fi\/wp-json\/wp\/v2\/product"}],"about":[{"href":"https:\/\/ayaneo.co\/fi\/wp-json\/wp\/v2\/types\/product"}],"wp:featuredmedia":[{"embeddable":true,"href":"https:\/\/ayaneo.co\/fi\/wp-json\/wp\/v2\/media\/7887"}],"wp:attachment":[{"href":"https:\/\/ayaneo.co\/fi\/wp-json\/wp\/v2\/media?parent=11762"}],"wp:term":[{"taxonomy":"product_brand","embeddable":true,"href":"https:\/\/ayaneo.co\/fi\/wp-json\/wp\/v2\/product_brand?post=11762"},{"taxonomy":"product_cat","embeddable":true,"href":"https:\/\/ayaneo.co\/fi\/wp-json\/wp\/v2\/product_cat?post=11762"},{"taxonomy":"product_tag","embeddable":true,"href":"https:\/\/ayaneo.co\/fi\/wp-json\/wp\/v2\/product_tag?post=11762"}],"curies":[{"name":"wp","href":"https:\/\/api.w.org\/{rel}","templated":true}]}}