{"id":11787,"date":"2025-01-23T16:27:44","date_gmt":"2025-01-23T16:27:44","guid":{"rendered":"https:\/\/ayaneo.co\/product\/ayaneo-pocket-s-kovakantinen-kotelo\/"},"modified":"2025-12-09T00:30:41","modified_gmt":"2025-12-09T00:30:41","slug":"ayaneo-pocket-s-kovakantinen-kotelo","status":"publish","type":"product","link":"https:\/\/ayaneo.co\/fi\/product\/ayaneo-pocket-s-kovakantinen-kotelo\/","title":{"rendered":"AYANEO Pocket S Kovakantinen kotelo"},"content":{"rendered":"\n<h2 class=\"wp-block-heading\" id=\"h-product-overview\">Tuotteen yleiskatsaus:<\/h2>\n\n<p><strong>AYANEO Pocket S Hardcover<\/strong> on t\u00e4ydellinen lis\u00e4varuste konsolin suojaamiseen tyylill\u00e4. Tyylikk\u00e4\u00e4sti ja kest\u00e4v\u00e4sti suunniteltu kovakantinen suojus suojaa erinomaisesti naarmuilta, kolhuilta ja p\u00e4ivitt\u00e4iselt\u00e4 kulutukselta s\u00e4ilytt\u00e4en samalla kevyen ja kannettavan muodon. <\/p>\n\n<hr class=\"wp-block-separator has-alpha-channel-opacity\"\/>\n\n<h2 class=\"wp-block-heading\" id=\"h-key-features\">T\u00e4rkeimm\u00e4t ominaisuudet:<\/h2>\n\n<p><strong>Tyylik\u00e4s Hardcover-muotoilu<\/strong> parantaa kest\u00e4vyytt\u00e4.<\/p>\n\n<p><strong>Mukautettu<\/strong> AYANEO Pocket S konsoliin.<\/p>\n\n<p>Kevyt ja kannettava, jotta voit <strong>pelata tien p\u00e4\u00e4ll\u00e4<\/strong>.<\/p>\n\n<p>Ensiluokkainen materiaalirakenne <strong>pitk\u00e4ik\u00e4iseen k\u00e4ytt\u00f6\u00f6n<\/strong>.<\/p>\n\n<p>Moderni estetiikka <strong>t\u00e4ydent\u00e4\u00e4 konsoliasi<\/strong>.<\/p>\n\n<hr class=\"wp-block-separator has-alpha-channel-opacity\"\/>\n\n<h2 class=\"wp-block-heading\" id=\"h-why-choose-the-ayaneo-pocket-micro-case\">Miksi valita AYANEO Pocket S Hardcover?<\/h2>\n\n<p>Suojaa AYANEO Pocket S -konsolisi kovakantisella suojuksella, jossa yhdistyv\u00e4t kest\u00e4vyys ja tyyli. Sen kevyt ja kannettava muotoilu sopii t\u00e4ydellisesti pelaamiseen tien p\u00e4\u00e4ll\u00e4, ja ensiluokkaiset materiaalit takaavat pitk\u00e4aikaisen suojan. T\u00e4m\u00e4 kovakantinen kansi sopii pelaajille, jotka haluavat pit\u00e4\u00e4 konsolinsa turvassa tinkim\u00e4tt\u00e4 estetiikasta.  <\/p>\n\n<hr class=\"wp-block-separator has-alpha-channel-opacity\"\/>\n\n<h3 class=\"wp-block-heading\" id=\"h-specifications\">Tekniset tiedot:<\/h3>\n\n<ul class=\"wp-block-list\">\n<li><strong>Materiaali:<\/strong> Materiaali: Kest\u00e4v\u00e4 kova muovi<\/li>\n\n\n\n<li><strong>Yhteensopivuus:<\/strong> AYANEO Pocket S Konsoli<\/li>\n\n\n\n<li><strong>Ominaisuudet:<\/strong> Kevyt, naarmuuntumaton ja kannettava.<\/li>\n<\/ul>\n\n<p>Pid\u00e4 konsolisi suojattuna ja tyylikk\u00e4\u00e4n\u00e4 AYANEO Pocket S Hardcoverilla - \u00e4\u00e4rimm\u00e4inen lis\u00e4varuste pelaajille, jotka pit\u00e4v\u00e4t huolta varusteistaan!<\/p>\n\n<p><\/p>\n","protected":false},"excerpt":{"rendered":"<ul>\n<li><strong>Tyylik\u00e4s Hardcover-muotoilu<\/strong> parantaa kest\u00e4vyytt\u00e4.<\/li>\n<li><strong>Mukautettu<\/strong> AYANEO Pocket S konsoliin.<\/li>\n<li>Kevyt ja kannettava, jotta voit <strong>pelata tien p\u00e4\u00e4ll\u00e4<\/strong>.<\/li>\n<li>Ensiluokkainen materiaalirakenne <strong>pitk\u00e4ik\u00e4iseen k\u00e4ytt\u00f6\u00f6n<\/strong>.<\/li>\n<li>Moderni estetiikka <strong>t\u00e4ydent\u00e4\u00e4 konsoliasi<\/strong>.<\/li>\n<\/ul>\n[cg_accordion title=\"MAKSUTIEDOT\"]<\/p>\n<p>K\u00e4yt\u00e4mme uusinta tekniikkaa maksujen k\u00e4sittelyss\u00e4, jonka avulla voit tehd\u00e4 maksun Apple Payn, Google Payn, pankki- tai luottokorttisi, PayPalin tai BNPL-menetelmien, kuten Klarnan, Affirmin tai AfterPayn kautta, mik\u00e4 takaa nopean ja turvallisen maksukokemuksen.[\/cg_accordion]\n[cg_accordion title=\"TAKUU\"]<\/p>\n<p>1 vuoden takuu <a href=\"https:\/\/droix.net\/\" target=\"_blank\" rel=\"nofollow noopener\">DROIX Globalilta<\/a> mielenrauhasi vuoksi[\/cg_accordion]\n[cg_accordion title=\"HINNOITTELU, VEROT JA TOIMITUKSET\"]<\/p>\n<p><strong><u>Huom:<\/u><\/strong><\/p>\n<ul>\n<li>Yhdysvallat Asiakkaat: Asiakkaat: N\u00e4ytetty hinta EI sis\u00e4ll\u00e4 veroja eik\u00e4 tulleja. Vastuu tulliselvityksest\u00e4 ja siihen liittyvien verojen\/tullien maksamisesta on asiakkaalla. <\/li>\n<li>EU:n asiakkaat: N\u00e4ytetty hinta sis\u00e4lt\u00e4\u00e4 sovellettavan veron, joka voi olla jopa 25 % maastasi riippuen.<\/li>\n<li>Kanada Asiakkaat: N\u00e4ytetty hinta sis\u00e4lt\u00e4\u00e4 sovellettavat verot, joihin voi sis\u00e4lty\u00e4 5 % GST ja ylim\u00e4\u00e4r\u00e4isi\u00e4 maakunnallisia myyntiveroja (PST), harmonisoitua myyntiveroa (HST) tai Quebecin myyntiveroa (QST) maakunnasta riippuen.<\/li>\n<\/ul>\n<p><strong>AINOASTAAN EU:n asiakkaille:<\/strong> Express DDP (Delivered Duty Paid). T\u00e4m\u00e4 tarkoittaa: <\/p>\n<ul>\n<li>Kaikki tullit ja verot sis\u00e4ltyv\u00e4t tuotesivulla ilmoitettuun hintaan.<\/li>\n<li>Sinun ei tarvitse maksaa lis\u00e4maksuja toimituksen yhteydess\u00e4.<\/li>\n<li>Harvinaisissa tulliin liittyviss\u00e4 tapauksissa tiimimme hoitaa tulliselvitysprosessin puolestasi varmistaakseen sujuvan toimituksen.<\/li>\n<p>T\u00e4rke\u00e4\u00e4 tietoa palautuksista:<\/p>\n<li>Jos p\u00e4\u00e4t\u00e4t palauttaa tilauksesi tai pyyt\u00e4\u00e4 palautusta, ota huomioon, ett\u00e4 DDP-ehtojen mukaisesti puolestasi maksettuja veroja ja tulleja ei voida palauttaa.<\/li>\n<p>Katso yksityiskohtaiset tiedot <a href=\"https:\/\/ayaneo.co\/terms-of-service-2\/\" target=\"_blank\" rel=\"nofollow noopener\">k\u00e4ytt\u00f6ehdoistamme<\/a>.\n<\/ul>\n<p>[\/cg_accordion]\n[cg_accordion title=\"ASIAKASTUKI\"]<\/p>\n<p>Onko kysytt\u00e4v\u00e4\u00e4? Olemme lyhyen tekstiviestin p\u00e4\u00e4ss\u00e4 siit\u00e4, ett\u00e4 ongelmasi on ratkaistu!<br \/>\n[\/cg_accordion]\n[cg_accordion title=\"Paketti sis\u00e4lt\u00e4\u00e4\"]<\/p>\n<ul>\n<li>1x AYANEO Pocket S Kovakantinen kotelo<\/li>\n<\/ul>\n<p>[\/cg_accordion]\n","protected":false},"featured_media":7993,"template":"","meta":{"_acf_changed":false},"product_brand":[],"product_cat":[556],"product_tag":[],"class_list":{"0":"post-11787","1":"product","2":"type-product","3":"status-publish","4":"has-post-thumbnail","6":"product_cat-tarvikkeet","7":"product_shipping_class-low-end","8":"pa_accessory-type-protective-case-fi","9":"pa_brand-ayaneo","11":"first","12":"instock","13":"sale","14":"taxable","15":"shipping-taxable","16":"purchasable","17":"product-type-simple"},"acf":[],"_links":{"self":[{"href":"https:\/\/ayaneo.co\/fi\/wp-json\/wp\/v2\/product\/11787","targetHints":{"allow":["GET"]}}],"collection":[{"href":"https:\/\/ayaneo.co\/fi\/wp-json\/wp\/v2\/product"}],"about":[{"href":"https:\/\/ayaneo.co\/fi\/wp-json\/wp\/v2\/types\/product"}],"wp:featuredmedia":[{"embeddable":true,"href":"https:\/\/ayaneo.co\/fi\/wp-json\/wp\/v2\/media\/7993"}],"wp:attachment":[{"href":"https:\/\/ayaneo.co\/fi\/wp-json\/wp\/v2\/media?parent=11787"}],"wp:term":[{"taxonomy":"product_brand","embeddable":true,"href":"https:\/\/ayaneo.co\/fi\/wp-json\/wp\/v2\/product_brand?post=11787"},{"taxonomy":"product_cat","embeddable":true,"href":"https:\/\/ayaneo.co\/fi\/wp-json\/wp\/v2\/product_cat?post=11787"},{"taxonomy":"product_tag","embeddable":true,"href":"https:\/\/ayaneo.co\/fi\/wp-json\/wp\/v2\/product_tag?post=11787"}],"curies":[{"name":"wp","href":"https:\/\/api.w.org\/{rel}","templated":true}]}}