{"id":12373,"date":"2025-03-24T16:59:01","date_gmt":"2025-03-24T16:59:01","guid":{"rendered":"https:\/\/ayaneo.co\/?post_type=product&#038;p=12373"},"modified":"2025-12-02T18:04:21","modified_gmt":"2025-12-02T18:04:21","slug":"ayaneo-pocket-evo-case-copy","status":"publish","type":"product","link":"https:\/\/ayaneo.co\/fi\/product\/ayaneo-pocket-evo-case-copy\/","title":{"rendered":"AYANEO 3 Kantolaukku - Ensiluokkaista suojaa kannettavalle tietokoneelle!"},"content":{"rendered":"\n<p>Pid\u00e4 <strong>AYANEO 3<\/strong> turvassa t\u00e4ss\u00e4 <strong>kest\u00e4v\u00e4ss\u00e4 ja tyylikk\u00e4\u00e4ss\u00e4 kantolaukussa<\/strong>. T\u00e4m\u00e4 kotelo on suunniteltu <strong>maksimaaliseen suojaukseen ja kannettavuuteen<\/strong>, ja se takaa, ett\u00e4 laitteesi on <strong>aina toimintavalmis<\/strong>, minne ikin\u00e4 menetkin. <\/p>\n\n<h3 class=\"wp-block-heading\"><strong>T\u00e4rkeimm\u00e4t ominaisuudet:<\/strong><\/h3>\n\n<p><strong>Kest\u00e4v\u00e4 ja suojaava kuori<\/strong> - Suojaa laitteesi putoamisilta, kolhuilta ja naarmuilta.<\/p>\n\n<p><strong>T\u00e4ydellinen istuvuus ja ergonominen muotoilu<\/strong> - Erityisesti <strong>AYANEO 3:<\/strong>lle muotoiltu, joka takaa <strong>tiukan ja turvallisen istuvuuden<\/strong>.<\/p>\n\n<p><strong>Pehme\u00e4 sis\u00e4vuori<\/strong> - Ehk\u00e4isee naarmuja ja pit\u00e4\u00e4 laitteesi koskemattomassa kunnossa.  <\/p>\n\n<p><strong>Turvallinen vetoketjusuljenta<\/strong> - Tarjoaa <strong>t\u00e4yden suojan<\/strong> ja mahdollistaa samalla helpon p\u00e4\u00e4syn.<\/p>\n\n<p><strong>Kannettava ja kevyt<\/strong> - <strong>kanna<\/strong> AYANEO 3 vaivattomasti <strong>irrotettavan rannehihnan<\/strong> avulla.<\/p>\n\n<p>P\u00e4ivit\u00e4 <strong>AYANEO 3-peliasennustasi<\/strong> t\u00e4ll\u00e4 <strong>t\u00e4rke\u00e4ll\u00e4 kantolaukulla<\/strong> - <strong>t\u00e4ydellinen tasapaino tyylin ja suojan v\u00e4lill\u00e4<\/strong>!<\/p>\n\n<p><\/p>\n","protected":false},"excerpt":{"rendered":"<ul>\n<li><strong>Virallinen<\/strong> AYANEO 3 kantolaukku<\/li>\n<li><strong>Kest\u00e4v\u00e4 ja iskunkest\u00e4v\u00e4<\/strong> - Suojaa pudotuksilta ja naarmuilta.<\/li>\n<li><strong>Pehme\u00e4 sis\u00e4vuori<\/strong> - Pit\u00e4\u00e4 laitteesi t\u00e4ydellisess\u00e4 kunnossa.<\/li>\n<li><strong>Turvallinen vetoketju ja hihna<\/strong> - varmistaa helpon kuljettamisen ja turvallisen s\u00e4ilytyksen.<\/li>\n<li><strong>T\u00e4ydellinen istuvuus<\/strong> - r\u00e4\u00e4t\u00e4l\u00f6ity AYANEO 3.<\/li>\n<\/ul>\n[cg_accordion title=\"MAKSUTIEDOT\"]<\/p>\n<p>K\u00e4yt\u00e4mme uusinta teknologiaa maksujen k\u00e4sittelyss\u00e4, jonka avulla voit tehd\u00e4 maksun Apple Payn, Google Payn, pankki- tai luottokortin, PayPalin tai BNPL-menetelmien, kuten Klarna, Affirm tai AfterPay, avulla nopean ja turvallisen maksukokemuksen.[\/cg_accordion]\n[cg_accordion title=\"TAKUU\"]<\/p>\n<p>1 vuoden takuu <a href=\"https:\/\/droix.net\/\" target=\"_blank\" rel=\"nofollow noopener\">DROIX Global ilta mielenrauhasi vuoksi<\/a> [\/cg_accordion]\n[cg_accordion title=\"LAADUNVARMISTUS JA L\u00c4HETYST\u00c4 EDELT\u00c4V\u00c4 TESTAUS\"]<\/p>\n<p>Asiakastyytyv\u00e4isyyden varmistaminen korkeimmalla tasolla: Jokainen laite testataan tiukasti ja sille tehd\u00e4\u00e4n monipisteinen laadunvarmistustarkastus ennen sen l\u00e4hett\u00e4mist\u00e4. Asialle omistautunut tiimimme tarkistaa suorituskyvyn, toimivuuden ja komponenttien eheyden, jotta AYANEO-laitteesi on saapuessaan t\u00e4ydellisess\u00e4 toimintakunnossa, mik\u00e4 antaa sinulle luottamusta ja mielenrauhaa. [\/cg_accordion]\n[cg_accordion title=\"HINNOITTELU, VEROT JA TOIMITUKSET\"]<\/p>\n<p><strong><u>Huom:<\/u><\/strong><\/p>\n<ul>\n<li>Yhdysvallat Asiakkaat: Asiakkaat: N\u00e4ytetty hinta EI sis\u00e4ll\u00e4 veroja eik\u00e4 tulleja. Vastuu tulliselvityksest\u00e4 ja siihen liittyvien verojen\/tullien maksamisesta on asiakkaalla. <\/li>\n<li>EU:n asiakkaat: N\u00e4ytetty hinta sis\u00e4lt\u00e4\u00e4 sovellettavan veron, joka voi olla jopa 25 % maastasi riippuen.<\/li>\n<li>Kanada Asiakkaat: N\u00e4ytetty hinta sis\u00e4lt\u00e4\u00e4 sovellettavat verot, joihin voi sis\u00e4lty\u00e4 5 % GST ja ylim\u00e4\u00e4r\u00e4isi\u00e4 maakunnallisia myyntiveroja (PST), harmonisoitua myyntiveroa (HST) tai Quebecin myyntiveroa (QST) maakunnasta riippuen.<\/li>\n<\/ul>\n<p><strong>AINOASTAAN EU:n asiakkaille:<\/strong> Express DDP (Delivered Duty Paid). T\u00e4m\u00e4 tarkoittaa: <\/p>\n<ul>\n<li>Kaikki tullit ja verot sis\u00e4ltyv\u00e4t tuotesivulla ilmoitettuun hintaan.<\/li>\n<li>Sinun ei tarvitse maksaa lis\u00e4maksuja toimituksen yhteydess\u00e4.<\/li>\n<li>Harvinaisissa tulliin liittyviss\u00e4 tapauksissa tiimimme hoitaa tulliselvitysprosessin puolestasi varmistaakseen sujuvan toimituksen.<\/li>\n<p>T\u00e4rke\u00e4\u00e4 tietoa palautuksista:<\/p>\n<li>Jos p\u00e4\u00e4t\u00e4t palauttaa tilauksesi tai pyyt\u00e4\u00e4 palautusta, ota huomioon, ett\u00e4 DDP-ehtojen mukaisesti puolestasi maksettuja veroja ja tulleja ei voida palauttaa.<\/li>\n<p>Katso yksityiskohtaiset tiedot <a href=\"https:\/\/ayaneo.co\/fi\/kayttoehdot\/\" target=\"_blank\" rel=\"nofollow noopener\">k\u00e4ytt\u00f6ehdoistamme<\/a>.\n<\/ul>\n<p>[\/cg_accordion]\n[cg_accordion title=\"ASIAKASTUKI\"]<\/p>\n<p>Onko kysytt\u00e4v\u00e4\u00e4? Olemme lyhyen tekstiviestin p\u00e4\u00e4ss\u00e4 siit\u00e4, ett\u00e4 ongelmasi on ratkaistu! [\/cg_accordion]\n[cg_accordion title=\"PAKETTI SIS\u00c4LT\u00c4\u00c4\"]<\/p>\n<ul>\n<li>1x AYANEO 3 Case<\/li>\n<\/ul>\n<p>[\/cg_accordion]\n","protected":false},"featured_media":12439,"template":"","meta":{"_acf_changed":false},"product_brand":[],"product_cat":[556],"product_tag":[],"class_list":{"0":"post-12373","1":"product","2":"type-product","3":"status-publish","4":"has-post-thumbnail","6":"product_cat-tarvikkeet","7":"product_shipping_class-low-end","8":"pa_accessory-type-protective-case-fi","9":"pa_brand-ayaneo","11":"first","12":"instock","13":"sale","14":"taxable","15":"shipping-taxable","16":"purchasable","17":"product-type-variable","18":"has-default-attributes"},"acf":[],"_links":{"self":[{"href":"https:\/\/ayaneo.co\/fi\/wp-json\/wp\/v2\/product\/12373","targetHints":{"allow":["GET"]}}],"collection":[{"href":"https:\/\/ayaneo.co\/fi\/wp-json\/wp\/v2\/product"}],"about":[{"href":"https:\/\/ayaneo.co\/fi\/wp-json\/wp\/v2\/types\/product"}],"wp:featuredmedia":[{"embeddable":true,"href":"https:\/\/ayaneo.co\/fi\/wp-json\/wp\/v2\/media\/12439"}],"wp:attachment":[{"href":"https:\/\/ayaneo.co\/fi\/wp-json\/wp\/v2\/media?parent=12373"}],"wp:term":[{"taxonomy":"product_brand","embeddable":true,"href":"https:\/\/ayaneo.co\/fi\/wp-json\/wp\/v2\/product_brand?post=12373"},{"taxonomy":"product_cat","embeddable":true,"href":"https:\/\/ayaneo.co\/fi\/wp-json\/wp\/v2\/product_cat?post=12373"},{"taxonomy":"product_tag","embeddable":true,"href":"https:\/\/ayaneo.co\/fi\/wp-json\/wp\/v2\/product_tag?post=12373"}],"curies":[{"name":"wp","href":"https:\/\/api.w.org\/{rel}","templated":true}]}}