{"id":12943,"date":"2025-03-27T09:55:33","date_gmt":"2025-03-27T09:55:33","guid":{"rendered":"https:\/\/ayaneo.co\/product\/ayaneo-air-pro\/"},"modified":"2025-04-11T12:00:39","modified_gmt":"2025-04-11T12:00:39","slug":"ayaneo-air-pro","status":"publish","type":"product","link":"https:\/\/ayaneo.co\/fi\/product\/ayaneo-air-pro\/","title":{"rendered":"AYANEO AIR PRO"},"content":{"rendered":"\n<h2 class=\"wp-block-heading\">AYANEO Ilma<\/h2>\n\n<figure class=\"wp-block-image\"><img decoding=\"async\" src=\"https:\/\/droix.net\/wp-content\/uploads\/2022\/10\/TEXT.png\" alt=\"\" title=\"AYA NEO AIR PRO 1\"\/><\/figure>\n\n<figure class=\"wp-block-image\"><img decoding=\"async\" src=\"https:\/\/droix.net\/wp-content\/uploads\/2022\/10\/cpu-perf.png\" alt=\"\" title=\"AYA NEO AIR PRO 2\"\/><\/figure>\n\n<h2 class=\"wp-block-heading\">Tehokas prosessori<\/h2>\n\n<figure class=\"wp-block-image\"><img decoding=\"async\" src=\"https:\/\/droix.net\/wp-content\/uploads\/2022\/10\/oled.png\" alt=\"\" title=\"AYA NEO AIR PRO 3\"\/><\/figure>\n\n<h2 class=\"wp-block-heading\">Raikas OLED N\u00e4ytt\u00f6<\/h2>\n\n<figure class=\"wp-block-image\"><img decoding=\"async\" src=\"https:\/\/droix.net\/wp-content\/uploads\/2022\/10\/controller.png\" alt=\"\" title=\"AYA NEO AIR PRO 4\"\/><\/figure>\n\n<h2 class=\"wp-block-heading\">Peliohjaimet<\/h2>\n\n<figure class=\"wp-block-image\"><img decoding=\"async\" src=\"https:\/\/droix.net\/wp-content\/uploads\/2022\/10\/hall-joystick.png\" alt=\"\" title=\"AYA NEO AIR PRO 5\"\/><\/figure>\n\n<h2 class=\"wp-block-heading\">HALL Joystickit<\/h2>\n\n<figure class=\"wp-block-image\"><img decoding=\"async\" src=\"https:\/\/droix.net\/wp-content\/uploads\/2022\/10\/light.png\" alt=\"\" title=\"AYA NEO AIR PRO 6\"\/><\/figure>\n\n<h2 class=\"wp-block-heading\">Kevyt<\/h2>\n\n<figure class=\"wp-block-image\"><img decoding=\"async\" src=\"https:\/\/droix.net\/wp-content\/uploads\/2022\/10\/lightweight.png\" alt=\"\" title=\"AYA NEO AIR PRO 7\"\/><\/figure>\n\n<h2 class=\"wp-block-heading\">Kannettava<\/h2>\n\n<figure class=\"wp-block-image\"><img decoding=\"async\" src=\"https:\/\/droix.net\/wp-content\/uploads\/2022\/10\/ayaspace.png\" alt=\"\" title=\"AYA NEO AIR PRO 8\"\/><\/figure>\n\n<h2 class=\"wp-block-heading\">AYASpace<\/h2>\n\n<figure class=\"wp-block-image\"><img decoding=\"async\" src=\"https:\/\/droix.net\/wp-content\/uploads\/2022\/10\/storage-expansion.png\" alt=\"\" title=\"AYA NEO AIR PRO 9\"\/><\/figure>\n\n<h2 class=\"wp-block-heading\">Laajennettava varastointi<\/h2>\n\n<h2 class=\"wp-block-heading\">AYANEO Ilma<\/h2>\n\n<h2 class=\"wp-block-heading\">18mm<\/h2>\n\n<h2 class=\"wp-block-heading\">AYANEO Air Pro<\/h2>\n\n<h2 class=\"wp-block-heading\">21,6 mm<\/h2>\n\n<figure class=\"wp-block-image\"><img decoding=\"async\" src=\"https:\/\/droix.net\/wp-content\/uploads\/2022\/10\/1.png\" alt=\"\" title=\"AYA NEO AIR PRO 10\"\/><\/figure>\n\n<figure class=\"wp-block-image\"><img decoding=\"async\" src=\"https:\/\/droix.net\/wp-content\/uploads\/2022\/10\/2.png\" alt=\"\" title=\"AYA NEO AIR PRO 11\"\/><\/figure>\n\n<figure class=\"wp-block-image\"><img decoding=\"async\" src=\"https:\/\/droix.net\/wp-content\/uploads\/2022\/10\/6.png\" alt=\"\" title=\"AYA NEO AIR PRO 12\"\/><\/figure>\n\n<figure class=\"wp-block-image\"><img decoding=\"async\" src=\"https:\/\/droix.net\/wp-content\/uploads\/2022\/10\/3.png\" alt=\"\" title=\"AYA NEO AIR PRO 13\"\/><\/figure>\n\n<figure class=\"wp-block-image\"><img decoding=\"async\" src=\"https:\/\/droix.net\/wp-content\/uploads\/2022\/10\/8.png\" alt=\"\" title=\"AYA NEO AIR PRO 14\"\/><\/figure>\n\n<figure class=\"wp-block-image\"><img decoding=\"async\" src=\"https:\/\/droix.net\/wp-content\/uploads\/2022\/10\/4.png\" alt=\"\" title=\"AYA NEO AIR PRO 15\"\/><\/figure>\n\n<figure class=\"wp-block-image\"><img decoding=\"async\" src=\"https:\/\/droix.net\/wp-content\/uploads\/2022\/10\/5.png\" alt=\"\" title=\"AYA NEO AIR PRO 16\"\/><\/figure>\n\n<figure class=\"wp-block-image\"><img decoding=\"async\" src=\"https:\/\/droix.net\/wp-content\/uploads\/elementor\/thumbs\/7-q8z5dcnq498hbirw1mfy0omf1l06qm1syszlslccn4.png\" alt=\"7.png\" title=\"7.png\"\/><\/figure>\n\n<figure class=\"wp-block-image\"><img decoding=\"async\" src=\"https:\/\/droix.net\/wp-content\/uploads\/elementor\/thumbs\/9-q8z5dcnq498hbirw1mfy0omf1l06qm1syszlslccn4.png\" alt=\"9.png\" title=\"9.png\"\/><\/figure>\n\n<h2 class=\"wp-block-heading\">Koe pelit ter\u00e4v\u00e4n OLED n\u00e4yt\u00f6n kautta<\/h2>\n\n<h2 class=\"wp-block-heading\">5,5 tuuman AMOLED n\u00e4yt\u00f6ll\u00e4, jossa on suuri v\u00e4riskaala.<\/h2>\n\n<h2 class=\"wp-block-heading\">Laaja v\u00e4riskaalaefekti, NTSC 109 %, tekee n\u00e4yt\u00f6st\u00e4 realistisemman.<br\/>Jopa 100000:1 kontrastisuhteen ansiosta v\u00e4rit ovat rikkaampia ja el\u00e4v\u00e4mpi\u00e4.<br\/>Koe puhtaat mustat ja kontrastikkaat kuvat suosikkinimikkeist\u00e4si. AYANEO Airissa on korkein PPI, joka l\u00f6ytyy Windows-pelik\u00e4mmenlaitteista, 404 pikseli\u00e4 tuumaa kohti. <\/h2>\n\n<figure class=\"wp-block-image\"><img decoding=\"async\" src=\"https:\/\/droix.net\/wp-content\/uploads\/2022\/10\/oled-info-1024x309.png\" alt=\"\" title=\"AYA NEO AIR PRO 17\"\/><\/figure>\n\n<h2 class=\"wp-block-heading\">Eritt\u00e4in ohut ja kevyt<\/h2>\n\n<h2 class=\"wp-block-heading\">AYANEO Air kehitettiin kannettavuutta silm\u00e4ll\u00e4 pit\u00e4en, ja sen saavuttamiseksi meid\u00e4n oli yhdistett\u00e4v\u00e4 ja pakattava noin 3500 komponenttia t\u00e4h\u00e4n Windows-pelik\u00e4mmenlaitteeseen.<br\/>T\u00e4ss\u00e4 eritt\u00e4in kannettavassa pelik\u00e4mmenlaitteessa on kannettavan tietokoneen arvoiseksi katsottua laitteistoa.<br\/>Ja t\u00e4m\u00e4n kauniin paketin k\u00e4\u00e4rimiseen loppuk\u00e4ytt\u00e4j\u00e4 n\u00e4kee vain kaksi ruuvia.<\/h2>\n\n<h2 class=\"wp-block-heading\">Uusi versio kannettavista kannettavista kannettavista tietokoneista<\/h2>\n\n<h2 class=\"wp-block-heading\">Paino vain 398 g*<\/h2>\n\n<figure class=\"wp-block-image\"><img decoding=\"async\" src=\"https:\/\/droix.net\/wp-content\/uploads\/2022\/10\/ayaneo_air-vs-switch.png\" alt=\"\" title=\"AYA NEO AIR PRO 18\"\/><\/figure>\n\n<h2 class=\"wp-block-heading\">AYANEO Air Lite* - 398g<br\/>AYANEO Air Standard - 398g<br\/>AYANEO Air Pro - 440g Air Lite* - 398g Air Standard - 398g  Air Pro - 440g<\/h2>\n\n<h2 class=\"wp-block-heading\">Huomattavasti pienempi kuin Steam Deck<br\/>  Ja jopa pienempi kuin kytkin.<\/h2>\n\n<figure class=\"wp-block-image\"><img decoding=\"async\" src=\"https:\/\/droix.net\/wp-content\/uploads\/2022\/10\/ayaneo-sd-switch.png\" alt=\"\" title=\"AYA NEO AIR PRO 19\"\/><\/figure>\n\n<h2 class=\"wp-block-heading\">398g AYANEO Air<\/h2>\n\n<h2 class=\"wp-block-heading\">223.9\u00d789.4x18mm<\/h2>\n\n<h2 class=\"wp-block-heading\">420g Nintendo Switch<\/h2>\n\n<h2 class=\"wp-block-heading\">242x102x13.9mm<\/h2>\n\n<h2 class=\"wp-block-heading\">669g Steam Deck<\/h2>\n\n<h2 class=\"wp-block-heading\">298x117x20mm<\/h2>\n\n<h2 class=\"wp-block-heading\">AAA-pelit liikkeell\u00e4?<\/h2>\n\n<h2 class=\"wp-block-heading\">AYANEO Airissa on REDin teho, ja siin\u00e4 on joko AMD Ryzen 5 5560U tai 5825U (saatavana vain AYANEO Air Pro -malliin).<br\/>N\u00e4m\u00e4 APU:t eiv\u00e4t ole vain loistavia pelik\u00e4ytt\u00f6\u00f6n, vaan niiden virrankulutus on alhaisempi, joten voit pelata suosikkipelej\u00e4si pidemp\u00e4\u00e4n.<\/h2>\n\n<figure class=\"wp-block-image\"><img decoding=\"async\" src=\"https:\/\/droix.net\/wp-content\/uploads\/2022\/10\/cpu-1-1-300x300.png\" alt=\"\" title=\"AYA NEO AIR PRO 20\"\/><\/figure>\n\n<h2 class=\"wp-block-heading\">TSMC:n 7nn-prosessin ansiosta AYANEO Air kuluttaa vain v\u00e4h\u00e4n virtaa, mutta sen suorituskyky on silti korkea suosikkipeleiss\u00e4si.<\/h2>\n\n<figure class=\"wp-block-image\"><img decoding=\"async\" src=\"https:\/\/droix.net\/wp-content\/uploads\/2022\/10\/cpu-2-1-300x300.png\" alt=\"\" title=\"AYA NEO AIR PRO 21\"\/><\/figure>\n\n<h2 class=\"wp-block-heading\">AMD Ryzen 7 5825U APU on saatavana vain AYANEO Air Pro -mallissa, ja se toimii 100 MHz nopeammin kuin 5800U, ja se sopii t\u00e4ydellisesti pelaamiseen tien p\u00e4\u00e4ll\u00e4.<\/h2>\n\n<h2 class=\"wp-block-heading\">Lue lis\u00e4\u00e4 suosikkipeleist\u00e4si<\/h2>\n\n<figure class=\"wp-block-image\"><img decoding=\"async\" src=\"https:\/\/droix.net\/wp-content\/uploads\/2022\/08\/games-1.png\" alt=\"Pelit-1\" title=\"AYA NEO AIR PRO 22\"\/><\/figure>\n\n<figure class=\"wp-block-image\"><img decoding=\"async\" src=\"https:\/\/droix.net\/wp-content\/uploads\/2022\/08\/games-2.png\" alt=\"Pelit-2\" title=\"AYA NEO AIR PRO 23\"\/><\/figure>\n\n<figure class=\"wp-block-image\"><img decoding=\"async\" src=\"https:\/\/droix.net\/wp-content\/uploads\/elementor\/thumbs\/ayaneo-master-q8z5dcnq497mmmrgjif980vegtbvts312kqur5jx8g.png\" alt=\"ayaneo-master.png\" title=\"ayaneo-master.png\"\/><\/figure>\n\n<h2 class=\"wp-block-heading\">Ole mestari taistelukent\u00e4ll\u00e4 GuliKitin avulla.<\/h2>\n\n<h2 class=\"wp-block-heading\">AYANEOon yhdess\u00e4 GuliKitin kanssa sitoutunut tarjoamaan sinulle parhaan pelikokemuksen. T\u00e4m\u00e4 PC-pelikonsoli on ensimm\u00e4inen malli, joka on varustettu laadukkailla GuliKit-joystickeill\u00e4. <\/h2>\n\n<figure class=\"wp-block-image\"><img decoding=\"async\" src=\"https:\/\/droix.net\/wp-content\/uploads\/elementor\/thumbs\/gulikit-logo-q8z5dcnq497ijbaloaorilpee1n1klosjvnack8xkw.png\" alt=\"gulikit-logo.png\" title=\"gulikit-logo.png\"\/><\/figure>\n\n<figure class=\"wp-block-image\"><img decoding=\"async\" src=\"https:\/\/droix.net\/wp-content\/uploads\/2022\/10\/ayaneo-joystick-device.png\" alt=\"\" title=\"AYA NEO AIR PRO 24\"\/><\/figure>\n\n<h2 class=\"wp-block-heading\">Ei kuollutta aluetta Joystickit<\/h2>\n\n<h2 class=\"wp-block-heading\">Sis\u00e4- ja ulkokeh\u00e4t ovat 100-prosenttisesti vapaita &#8221;kuolleesta alueesta\"<br\/>T\u00e4m\u00e4 on t\u00e4ydellinen FPS-peleihin.<\/h2>\n\n<h2 class=\"wp-block-heading\">Laukaisimen herkkyyden s\u00e4\u00e4t\u00f6<\/h2>\n\n<h2 class=\"wp-block-heading\">AYA Space -ohjelmalla voit helposti hallita liipaisimen painallusta. N\u00e4in voit painaa liipaisinta 50 % t\u00e4ydest\u00e4 tehosta. <\/h2>\n\n<h2 class=\"wp-block-heading\">Nollavirtainen valmiustila<\/h2>\n\n<h2 class=\"wp-block-heading\">Voit kytke\u00e4 ohjaimet pois p\u00e4\u00e4lt\u00e4 AYA Spacessa, mik\u00e4 s\u00e4\u00e4st\u00e4\u00e4 virtaa.<\/h2>\n\n<h2 class=\"wp-block-heading\">A-B X-Y-avainten vaihto<\/h2>\n\n<h2 class=\"wp-block-heading\">Oletko tottunut japanilaiseen ulkoasuun? Ei ongelmaa! AYA Spacen avulla voit vaihtaa ulkoasua.  <\/h2>\n\n<figure class=\"wp-block-image\"><img decoding=\"async\" src=\"https:\/\/droix.net\/wp-content\/uploads\/2022\/10\/11.png\" alt=\"\" title=\"AYA NEO AIR PRO 25\"\/><\/figure>\n\n<h2 class=\"wp-block-heading\">Ei ajautumista<\/h2>\n\n<h2 class=\"wp-block-heading\">AYANEO Airin joystickeiss\u00e4 k\u00e4ytet\u00e4\u00e4n s\u00e4hk\u00f6magneettisia keinukytkimi\u00e4, joilla varmistetaan, ettei joystickin ajautumista tapahdu.<\/h2>\n\n<figure class=\"wp-block-image\"><img decoding=\"async\" src=\"https:\/\/droix.net\/wp-content\/uploads\/2022\/10\/22.png\" alt=\"\" title=\"AYA NEO AIR PRO 26\"\/><\/figure>\n\n<h2 class=\"wp-block-heading\">Ei kuollutta aluetta<\/h2>\n\n<h2 class=\"wp-block-heading\">AYANEO Airin ohjaussauvoissa ei ole kuollutta aluetta ohjaussauvojen keski- ja ulkokehill\u00e4.<\/h2>\n\n<figure class=\"wp-block-image\"><img decoding=\"async\" src=\"https:\/\/droix.net\/wp-content\/uploads\/2022\/10\/33.png\" alt=\"\" title=\"AYA NEO AIR PRO 27\"\/><\/figure>\n\n<h2 class=\"wp-block-heading\">Korkea tarkkuus<\/h2>\n\n<h2 class=\"wp-block-heading\">Mahdollistaa vaikeasti saavutettavat laukaukset FPS-peleiss\u00e4 ja ajoneuvon sujuvan ohjaamisen ajopeleiss\u00e4.<\/h2>\n\n<figure class=\"wp-block-image\"><img decoding=\"async\" src=\"https:\/\/droix.net\/wp-content\/uploads\/2022\/10\/44.png\" alt=\"\" title=\"AYA NEO AIR PRO 28\"\/><\/figure>\n\n<h2 class=\"wp-block-heading\">Pitk\u00e4 k\u00e4ytt\u00f6ik\u00e4<\/h2>\n\n<h2 class=\"wp-block-heading\">Hall-joystickien k\u00e4ytt\u00f6ik\u00e4 on 5 miljoonaa k\u00e4ytt\u00f6kertaa. N\u00e4in varmistetaan, ett\u00e4 AYANEO Air k\u00e4ytt\u00e4ytyy&#8230; <\/h2>\n\n<h2 class=\"wp-block-heading\">EXCLUSIVE osoitteessa AYANEO Devices<\/h2>\n\n<h2 class=\"wp-block-heading\">AYA Space<\/h2>\n\n<h2 class=\"wp-block-heading\">AYA Spacen avulla voit hallita ja k\u00e4ynnist\u00e4\u00e4 suosikkipelej\u00e4si muutamassa sekunnissa.<br\/>AYA Spacen avulla voit asettaa pelikohtaisia suorituskykyprofiileja ja hallita laitteesi t\u00e4rkeimpi\u00e4 toimintoja.<br\/> AYANEO Airissa on oma AYA Space -painike, jonka avulla voit helposti tuoda esiin p\u00e4\u00e4llekk\u00e4isn\u00e4yt\u00f6n ja s\u00e4\u00e4t\u00e4\u00e4 kirkkautta, \u00e4\u00e4nenvoimakkuutta ja osoitteessa TDP - kaikki yhdell\u00e4 napin painalluksella.<\/h2>\n\n<figure class=\"wp-block-image\"><img decoding=\"async\" src=\"https:\/\/droix.net\/wp-content\/uploads\/2022\/10\/ayaspace-ui-768x625.png\" alt=\"\" title=\"AYA NEO AIR PRO 29\"\/><\/figure>\n\n<h2 class=\"wp-block-heading\">Nopea tallennustila, olipa se sitten sis\u00e4inen tai ulkoinen<\/h2>\n\n<h2 class=\"wp-block-heading\">Sis\u00e4inen SSD<\/h2>\n\n<h2 class=\"wp-block-heading\">Sis\u00e4\u00e4nrakennettu nopea NVMe SSD jopa 2 Tt:n kapasiteetilla.<\/h2>\n\n<figure class=\"wp-block-image\"><img decoding=\"async\" src=\"https:\/\/droix.net\/wp-content\/uploads\/2022\/10\/storage-1.png\" alt=\"\" title=\"AYA NEO AIR PRO 30\"\/><\/figure>\n\n<h2 class=\"wp-block-heading\">TF\/Micro SD-korttipaikka<\/h2>\n\n<h2 class=\"wp-block-heading\">Voit helposti p\u00e4ivitt\u00e4\u00e4 sis\u00e4ist\u00e4 muistia.<\/h2>\n\n<figure class=\"wp-block-image\"><img decoding=\"async\" src=\"https:\/\/droix.net\/wp-content\/uploads\/2022\/10\/storage-2.png\" alt=\"\" title=\"AYA NEO AIR PRO 31\"\/><\/figure>\n\n<figure class=\"wp-block-image\"><img decoding=\"async\" src=\"https:\/\/droix.net\/wp-content\/uploads\/2022\/10\/multi-use.jpg\" alt=\"\" title=\"AYA NEO AIR PRO 32\"\/><\/figure>\n","protected":false},"excerpt":{"rendered":"<ul>\n<li>AMD <strong>Ryzen 5 5560U<\/strong> \/ AMD <strong>Ryzen 7 5825U<\/strong> AMD <strong>Ryzen 5 5560U<\/strong> \/ AMD <strong>Ryzen 7 5825U<\/strong><\/li>\n<li><strong>16GB<\/strong> LPDDR4x @ 4266Mhz<\/li>\n<li><strong>jopa 1TB:n<\/strong> suurnopeuksinen PCI-E <strong>M.2<\/strong> 2280 -muistitikku SSD<\/li>\n<li><strong>5,5<\/strong> \" <strong> OLED Kosketusn\u00e4ytt\u00f6<\/strong> <\/li>\n<li><strong>WiFi 6<\/strong> &amp; <strong>Bluetooth 5.2<\/strong> -tuki<\/li>\n<\/ul>\n[cg_accordion title=\"Takuu\"]<\/p>\n<p>AYANEO AIR PRO:lla on 1 vuoden takuu <a href=\"https:\/\/droix.net\/\">DROIX Globalilta<\/a>. [\/cg_accordion]\n[cg_accordion title=\"Hinnoittelu, verot ja toimitus\"]<\/p>\n<p><strong><u>Huom:<\/u><\/strong><\/p>\n<ul>\n<li>Yhdysvallat Asiakkaat: Asiakkaat: N\u00e4ytetty hinta sis\u00e4lt\u00e4\u00e4 osavaltiosi mukaan sovellettavan veron.<\/li>\n<li>EU:n asiakkaat: N\u00e4ytetty hinta sis\u00e4lt\u00e4\u00e4 sovellettavan veron, joka voi olla jopa 25 % maastasi riippuen.<\/li>\n<li>Kanada Asiakkaat: N\u00e4ytetty hinta sis\u00e4lt\u00e4\u00e4 sovellettavat verot, joihin voi sis\u00e4lty\u00e4 5 % GST ja ylim\u00e4\u00e4r\u00e4isi\u00e4 maakunnallisia myyntiveroja (PST), harmonisoitua myyntiveroa (HST) tai Quebecin myyntiveroa (QST) maakunnasta riippuen.<\/li>\n<\/ul>\n<p>[\/cg_accordion]\n[cg_accordion title=\"Toimitus ja palautukset\"]<\/p>\n<p>J\u00e4rjest\u00e4j\u00e4n\u00e4 on <a href=\"https:\/\/droix.net\/\" target=\"_blank\" rel=\"nofollow noopener\">DROIX<\/a>, virallinen AYANEO jakelija, ja toimitamme DHL Express DDP (Delivered Duty Paid) -l\u00e4hetyksen\u00e4. T\u00e4m\u00e4 tarkoittaa seuraavaa: <\/p>\n<p>Express DDP (Delivered Duty Paid). T\u00e4m\u00e4 tarkoittaa: <\/p>\n<ul>\n<li>Kaikki tullit ja verot sis\u00e4ltyv\u00e4t tuotesivulla ilmoitettuun hintaan.<\/li>\n<li>Sinun ei tarvitse maksaa lis\u00e4maksuja toimituksen yhteydess\u00e4.<\/li>\n<li>Harvinaisissa tulliin liittyviss\u00e4 tapauksissa tiimimme hoitaa tulliselvitysprosessin puolestasi varmistaakseen sujuvan toimituksen.<\/li>\n<p>T\u00e4rke\u00e4\u00e4 tietoa palautuksista:<\/p>\n<li>Jos p\u00e4\u00e4t\u00e4t palauttaa tilauksesi tai pyyt\u00e4\u00e4 palautusta, ota huomioon, ett\u00e4 DDP-ehtojen mukaisesti puolestasi maksettuja veroja ja tulleja ei voida palauttaa.<\/li>\n<p>Katso yksityiskohtaiset tiedot <a href=\"https:\/\/ayaneo.co\/terms-of-service-2\/\" target=\"_blank\" rel=\"nofollow noopener\">k\u00e4ytt\u00f6ehdoistamme<\/a>.\n<\/ul>\n<p>[\/cg_accordion]\n[cg_accordion title=\"Asiakastuki\"]<\/p>\n<p>Onko kysytt\u00e4v\u00e4\u00e4? Olemme lyhyen tekstiviestin p\u00e4\u00e4ss\u00e4 siit\u00e4, ett\u00e4 ongelmasi on ratkaistu! [\/cg_accordion]\n[cg_accordion title=\"Paketti sis\u00e4lt\u00e4\u00e4\"]<\/p>\n<ul>\n<li>1x AYANEO AIR PRO Gaming Handheld<\/li>\n<li>1x USB Type-C-kaapeli<\/li>\n<li>1x virtal\u00e4hde<\/li>\n<li>1x K\u00e4ytt\u00f6ohje<\/li>\n<\/ul>\n<p>[\/cg_accordion]\n","protected":false},"featured_media":12515,"template":"","meta":{"_acf_changed":false},"product_brand":[],"product_cat":[548],"product_tag":[],"class_list":{"0":"post-12943","1":"product","2":"type-product","3":"status-publish","4":"has-post-thumbnail","6":"product_cat-kannettavat-pelitietokoneet","7":"product_shipping_class-premium","8":"pa_brand-ayaneo","9":"pa_graphics-gpu-model-radeon-graphics","10":"pa_operating-system-windows-11-home","11":"pa_processor-cpu-brand-amd","13":"first","14":"outofstock","15":"taxable","16":"shipping-taxable","17":"purchasable","18":"product-type-variable","19":"has-default-attributes"},"acf":[],"_links":{"self":[{"href":"https:\/\/ayaneo.co\/fi\/wp-json\/wp\/v2\/product\/12943","targetHints":{"allow":["GET"]}}],"collection":[{"href":"https:\/\/ayaneo.co\/fi\/wp-json\/wp\/v2\/product"}],"about":[{"href":"https:\/\/ayaneo.co\/fi\/wp-json\/wp\/v2\/types\/product"}],"wp:featuredmedia":[{"embeddable":true,"href":"https:\/\/ayaneo.co\/fi\/wp-json\/wp\/v2\/media\/12515"}],"wp:attachment":[{"href":"https:\/\/ayaneo.co\/fi\/wp-json\/wp\/v2\/media?parent=12943"}],"wp:term":[{"taxonomy":"product_brand","embeddable":true,"href":"https:\/\/ayaneo.co\/fi\/wp-json\/wp\/v2\/product_brand?post=12943"},{"taxonomy":"product_cat","embeddable":true,"href":"https:\/\/ayaneo.co\/fi\/wp-json\/wp\/v2\/product_cat?post=12943"},{"taxonomy":"product_tag","embeddable":true,"href":"https:\/\/ayaneo.co\/fi\/wp-json\/wp\/v2\/product_tag?post=12943"}],"curies":[{"name":"wp","href":"https:\/\/api.w.org\/{rel}","templated":true}]}}