{"id":13048,"date":"2025-01-28T11:05:14","date_gmt":"2025-01-28T11:05:14","guid":{"rendered":"https:\/\/ayaneo.co\/product\/droix-pm14-4k-kannettava-naytto\/"},"modified":"2025-06-06T10:40:28","modified_gmt":"2025-06-06T10:40:28","slug":"droix-pm14-4k-kannettava-naytto","status":"publish","type":"product","link":"https:\/\/ayaneo.co\/fi\/product\/droix-pm14-4k-kannettava-naytto\/","title":{"rendered":"DroiX PM14 4K kannettava n\u00e4ytt\u00f6"},"content":{"rendered":"\n<div class=\"wp-block-columns is-layout-flex wp-container-core-columns-is-layout-28f84493 wp-block-columns-is-layout-flex\">\n<div class=\"wp-block-column is-layout-flow wp-block-column-is-layout-flow\" style=\"flex-basis:33.33%\">\n<figure class=\"wp-block-image size-large\"><a href=\"https:\/\/droix.net\/wp-content\/uploads\/2024\/05\/DROIX-PM14-LISTING-V2-DONE-01-NON-TOUCH.png\" target=\"_blank\" rel=\"noopener\"><img decoding=\"async\" src=\"https:\/\/droix.net\/wp-content\/uploads\/2024\/05\/DROIX-PM14-LISTING-V2-DONE-01-NON-TOUCH-1024x1024.png\" alt=\"Image of DroiX Kannettava n&#xE4;ytt&#xF6;, 14-tuumainen, 4K, eritt&#xE4;in ohut&quot;&quot;\" class=\"wp-image-179745\"\/><\/a><\/figure>\n<\/div>\n\n\n\n<div class=\"wp-block-column is-layout-flow wp-block-column-is-layout-flow\" style=\"flex-basis:66.66%\">\n<h3 class=\"wp-block-heading\"><strong>DroiX PM14 - 14,0 tuuman 4K Ultra-ohut kannettava n\u00e4ytt\u00f6<\/strong><\/h3>\n\n\n\n<p>Tutustu n\u00e4ytt\u00f6tekniikan huippuluokan edistysaskeliin DroiX PM14:n avulla, joka on 14,0-tuumainen ultraohut kannettava n\u00e4ytt\u00f6, joka on saatavana sek\u00e4 kosketusn\u00e4yt\u00f6llisen\u00e4 ett\u00e4 ilman kosketusn\u00e4ytt\u00f6\u00e4 varustettuna versiona. T\u00e4m\u00e4 innovatiivinen laite asettaa uuden vertailuarvon mobiililaskennassa yhdist\u00e4m\u00e4ll\u00e4 vankan suorituskyvyn poikkeukselliseen siirrett\u00e4vyyteen ja moderniin muotoiluun. Olitpa sitten ammattilainen tai viihteen harrastaja, kannettava DroiX PM14 4K -monitori on suunniteltu integroitumaan saumattomasti dynaamiseen el\u00e4m\u00e4ntyyliisi ja tarjoamaan olennaisen monipuolisuuden, olitpa sitten kotona, toimistossa tai liikkeell\u00e4.  <\/p>\n<\/div>\n<\/div>\n\n<h3 class=\"wp-block-heading\"><strong>Tuotteen yleiskatsaus<\/strong><\/h3>\n\n<figure class=\"wp-block-image aligncenter size-large\"><a href=\"https:\/\/droix.net\/wp-content\/uploads\/2024\/04\/1080P-FHD.jpg\" target=\"_blank\" rel=\"noopener\"><img decoding=\"async\" src=\"https:\/\/droix.net\/wp-content\/uploads\/2024\/04\/1080P-FHD-1024x420.jpg\" alt=\"Image of DroiX Portable Monitor, 14-tuumainen, 4K, Ultra Thin, ter&#xE4;v&#xE4;ll&#xE4; 3840x2160 UHD-resoluutiolla, eloisilla v&#xE4;reill&#xE4; ja uskomattomilla yksityiskohdilla, 100 %:n DCI-P3-v&#xE4;riasteikolla ja HDR400-tuella.\" class=\"wp-image-178360\"\/><\/a><\/figure>\n\n<p>Kannettava DroiX PM14 -monitori esittelee modernia tekniikkaa parhaimmillaan, sill\u00e4 sen el\u00e4v\u00e4 3840&#215;2160 UHD-resoluutio her\u00e4tt\u00e4\u00e4 sis\u00e4ll\u00f6n eloon eloisilla v\u00e4reill\u00e4 ja poikkeuksellisilla yksityiskohdilla. DCI-P3 100 %:n v\u00e4riskaala ja HDR400-tuki takaavat upean visuaalisuuden, jolle on ominaista syv\u00e4t mustat ja kirkkaat valkoiset. Sen ohut profiili ja kevyt muotoilu takaavat t\u00e4ydellisen siirrett\u00e4vyyden laadusta tai suorituskyvyst\u00e4 tinkim\u00e4tt\u00e4.  <\/p>\n\n<figure class=\"wp-block-image aligncenter size-large\"><a href=\"https:\/\/droix.net\/wp-content\/uploads\/2024\/04\/Color.jpg\" target=\"_blank\" rel=\"noopener\"><img decoding=\"async\" src=\"https:\/\/droix.net\/wp-content\/uploads\/2024\/04\/Color-1024x406.jpg\" alt=\"Image of DroiX Portable Monitor, 14-tuumainen, 4K, Ultra Thin, jossa on DCI-P3 100 %:n v&#xE4;riskaala ja HDR400-tuki upeaa visuaalista kuvaa varten syv&#xE4;ll&#xE4; mustalla ja kirkkaalla valkoisella. Ohut profiili ja kevyt muotoilu takaavat t&#xE4;ydellisen siirrett&#xE4;vyyden laadun tai suorituskyvyn k&#xE4;rsim&#xE4;tt&#xE4;. \" class=\"wp-image-178361\"\/><\/a><\/figure>\n\n<p>Ergonomisesti suunniteltu DroiX PM14 tarjoaa k\u00e4ytt\u00e4j\u00e4yst\u00e4v\u00e4llisen ohjauspy\u00f6r\u00e4n ja monipuoliset liit\u00e4nt\u00e4vaihtoehdot, kuten Mini HDMI:n ja useita USB-C-portteja. T\u00e4m\u00e4n ansiosta se on mukautettavissa kaikkiin laitteisiisi, pelasitpa sitten PlayStationilla, editoit videoita Macilla tai esittelit kannettavasta tietokoneesta. PM14 integroituu saumattomasti mihin tahansa kokoonpanoon, ja se tarjoaa alhaisen virrankulutuksen ja tehokkaan suorituskyvyn, joten voit ty\u00f6skennell\u00e4 pidemp\u00e4\u00e4n ilman huolta laitteiden akkujen tyhjenemisest\u00e4.  <\/p>\n\n<figure class=\"wp-block-image aligncenter size-large\"><a href=\"https:\/\/droix.net\/wp-content\/uploads\/2024\/04\/Modes.jpg\" target=\"_blank\" rel=\"noopener\"><img decoding=\"async\" src=\"https:\/\/droix.net\/wp-content\/uploads\/2024\/04\/Modes-1024x419.jpg\" alt=\"Image of DroiX Kannettava n&#xE4;ytt&#xF6;, 14-tuumainen, 4K, Ultra Thin, yhteensopiva kannettavien tietokoneiden, Mac-tietokoneiden, &#xE4;lypuhelinten, tablettien, PC:n, PS3\/4\/5, Xboxin ja Switc:n kanssa.\" class=\"wp-image-178357\"\/><\/a><\/figure>\n\n<h3 class=\"wp-block-heading\"><strong>Yksityiskohtaiset ominaisuudet<\/strong><\/h3>\n\n<ul class=\"wp-block-list\">\n<li>Suorituskyky: 60 Hz:n virkistystaajuus ja 2,5 ms:n vastenopeus takaavat sulavan liikkeen ja ter\u00e4v\u00e4t kuvat my\u00f6s nopeissa kohtauksissa. Se tarjoaa 500 cd\/m\u00b2:n luminanssin ja 1500:1-kontrastisuhteen, mik\u00e4 takaa erinomaisen n\u00e4kyvyyden erilaisissa valaistusolosuhteissa. <\/li>\n\n\n\n<li>Liitett\u00e4vyys: Kaksi USB-C-porttia virran ja videodatan siirtoa varten, ylim\u00e4\u00e4r\u00e4inen USB-C-portti oheislaitteille, kuten n\u00e4pp\u00e4imist\u00f6ille ja hiirille, Mini-HDMI-portti tavanomaisia videoliit\u00e4nt\u00f6j\u00e4 varten ja \u00e4\u00e4niliit\u00e4nt\u00e4 yksityist\u00e4 kuuntelua varten.<\/li>\n<\/ul>\n\n<figure class=\"wp-block-image aligncenter size-large\"><a href=\"https:\/\/droix.net\/wp-content\/uploads\/2024\/04\/interface.jpg\" target=\"_blank\" rel=\"noopener\"><img decoding=\"async\" src=\"https:\/\/droix.net\/wp-content\/uploads\/2024\/04\/interface-1024x1024.jpg\" alt=\"Kuva kannettavasta DroiX PM14 -monitorista, joka tukee laajaa valikoimaa HDMI- ja Type-C-laitteita ja parantaa yhteensopivuutta kaikissa digitaalisissa ekosysteemeiss&#xE4;. Ihanteellinen pelaajille, luoville ammattilaisille Mac-tietokoneella ja liike-el&#xE4;m&#xE4;n ammattilaisille, jotka tarvitsevat lis&#xE4;n&#xE4;ytt&#xF6;&#xE4;. K&#xE4;ytt&#xE4;j&#xE4;yst&#xE4;v&#xE4;llinen Windowsille plug-and-play-asetuksella vaivatonta k&#xE4;ytt&#xF6;&#xE4; varten.  \" class=\"wp-image-178362\"\/><\/a><\/figure>\n\n<h3 class=\"wp-block-heading\"><strong>K\u00e4ytt\u00e4j\u00e4kokemus<\/strong><\/h3>\n\n<p>DroiX PM14 tukee laajaa valikoimaa HDMI- ja Type-C-laitteita, mik\u00e4 takaa yhteensopivuuden erilaisissa digitaalisissa ekosysteemeiss\u00e4. Olitpa sitten pelaaja, joka etsii kannettavaa n\u00e4ytt\u00f6\u00e4, Macia k\u00e4ytt\u00e4v\u00e4 luova ammattilainen tai yritysjohtaja, joka tarvitsee lis\u00e4n\u00e4ytt\u00f6\u00e4 esityksi\u00e4 varten, PM14 mukautuu vaivattomasti tarpeisiisi. Se loistaa Windows-ymp\u00e4rist\u00f6iss\u00e4 k\u00e4ytt\u00e4j\u00e4yst\u00e4v\u00e4llisen plug-and-play-asennuksen ansiosta, joten voit siirty\u00e4 saumattomasti ty\u00f6h\u00f6n tai pelaamiseen ilman vaivaa.  <\/p>\n\n<figure class=\"wp-block-image aligncenter size-large\"><a href=\"https:\/\/droix.net\/wp-content\/uploads\/2024\/04\/portable1.jpg\" target=\"_blank\" rel=\"noopener\"><img decoding=\"async\" src=\"https:\/\/droix.net\/wp-content\/uploads\/2024\/04\/portable1-1024x483.jpg\" alt=\"Image of DroiX Kannettava n&#xE4;ytt&#xF6;, 14-tuumainen, 4K, Ultra Thin, kevyt ja kannettava\" class=\"wp-image-178358\"\/><\/a><\/figure>\n\n<h3 class=\"wp-block-heading\"><strong>P\u00e4\u00e4telm\u00e4<\/strong><\/h3>\n\n<p>Kannettava DroiX PM14 -monitori on huippuluokan ratkaisu, jossa yhdistyv\u00e4t erinomainen toiminnallisuus, poikkeuksellinen muotoilu ja kannettavuuden tuoma vapaus. Se on muutakin kuin pelkk\u00e4 monitori; se on portti tuottavuuden ja viihdekokemuksen parantamiseen miss\u00e4 tahansa oletkin. <\/p>\n\n<p>Tutustu kannettavien tietokoneiden kannettavien n\u00e4ytt\u00f6jen tulevaisuuteen DroiX PM14:n avulla. \u00c4l\u00e4 missaa - varaa omasi nyt, jotta voit varmistaa laitteesi ja olla ensimm\u00e4isten joukossa, jotka voivat parantaa katselukokemustasi tien p\u00e4\u00e4ll\u00e4! <\/p>\n","protected":false},"excerpt":{"rendered":"<ul>\n<li>4K 14&#8243;<strong> HDR400-n\u00e4ytt\u00f6<\/strong> <\/li>\n<li>100 %<strong> DCI-P3:n<\/strong> kattavuus<\/li>\n<li>500 <strong>nitin<\/strong> kirkkaus<\/li>\n<li><strong> Sis\u00e4\u00e4nrakennettu<\/strong> jalusta<\/li>\n<li> <strong> Sis\u00e4\u00e4nrakennetut<\/strong> kaiuttimet<\/li>\n<\/ul>\n[cg_accordion title=\"MAKSUTIEDOT\"]<\/p>\n<p>K\u00e4yt\u00e4mme uusinta tekniikkaa maksujen k\u00e4sittelyss\u00e4, jonka avulla voit tehd\u00e4 maksun Apple Payn, Google Payn, pankki- tai luottokorttisi, PayPalin tai BNPL-menetelmien, kuten Klarnan, Affirmin tai AfterPayn kautta, mik\u00e4 takaa nopean ja turvallisen maksukokemuksen.[\/cg_accordion]\n[cg_accordion title=\"TAKUU\"]<\/p>\n<p>1 vuoden takuu <a href=\"https:\/\/droix.net\/\" target=\"_blank\" rel=\"nofollow noopener\">DROIX Globalilta<\/a> mielenrauhasi vuoksi[\/cg_accordion]\n[cg_accordion title=\"HINNOITTELU, VEROT JA TOIMITUKSET\"]<\/p>\n<p><strong><u>Huom:<\/u><\/strong><\/p>\n<ul>\n<li>Yhdysvallat Asiakkaat: Asiakkaat: N\u00e4ytetty hinta EI sis\u00e4ll\u00e4 veroja eik\u00e4 tulleja. Vastuu tulliselvityksest\u00e4 ja siihen liittyvien verojen\/tullien maksamisesta on asiakkaalla. <\/li>\n<li>EU:n asiakkaat: N\u00e4ytetty hinta sis\u00e4lt\u00e4\u00e4 sovellettavan veron, joka voi olla jopa 25 % maastasi riippuen.<\/li>\n<li>Kanada Asiakkaat: N\u00e4ytetty hinta sis\u00e4lt\u00e4\u00e4 sovellettavat verot, joihin voi sis\u00e4lty\u00e4 5 % GST ja ylim\u00e4\u00e4r\u00e4isi\u00e4 maakunnallisia myyntiveroja (PST), harmonisoitua myyntiveroa (HST) tai Quebecin myyntiveroa (QST) maakunnasta riippuen.<\/li>\n<\/ul>\n<p><strong>AINOASTAAN EU:n asiakkaille:<\/strong> Express DDP (Delivered Duty Paid). T\u00e4m\u00e4 tarkoittaa: <\/p>\n<ul>\n<li>Kaikki tullit ja verot sis\u00e4ltyv\u00e4t tuotesivulla ilmoitettuun hintaan.<\/li>\n<li>Sinun ei tarvitse maksaa lis\u00e4maksuja toimituksen yhteydess\u00e4.<\/li>\n<li>Harvinaisissa tulliin liittyviss\u00e4 tapauksissa tiimimme hoitaa tulliselvitysprosessin puolestasi varmistaakseen sujuvan toimituksen.<\/li>\n<p>T\u00e4rke\u00e4\u00e4 tietoa palautuksista:<\/p>\n<li>Jos p\u00e4\u00e4t\u00e4t palauttaa tilauksesi tai pyyt\u00e4\u00e4 palautusta, ota huomioon, ett\u00e4 DDP-ehtojen mukaisesti puolestasi maksettuja veroja ja tulleja ei voida palauttaa.<\/li>\n<p>Katso yksityiskohtaiset tiedot <a href=\"https:\/\/ayaneo.co\/fi\/kayttoehdot\/\" target=\"_blank\" rel=\"nofollow noopener\">k\u00e4ytt\u00f6ehdoistamme<\/a>.\n<\/ul>\n<p>[\/cg_accordion]\n[cg_accordion title=\"ASIAKASTUKI\"]<\/p>\n<p>Onko kysytt\u00e4v\u00e4\u00e4? Olemme lyhyen tekstiviestin p\u00e4\u00e4ss\u00e4 siit\u00e4, ett\u00e4 ongelmasi on ratkaistu!<br \/>\n[\/cg_accordion]\n","protected":false},"featured_media":8055,"template":"","meta":{"_acf_changed":false},"product_brand":[],"product_cat":[1022],"product_tag":[],"class_list":{"0":"post-13048","1":"product","2":"type-product","3":"status-publish","4":"has-post-thumbnail","6":"product_cat-kannettavat-naytot","7":"product_shipping_class-standard","8":"pa_brand-droix","10":"first","11":"outofstock","12":"sale","13":"taxable","14":"shipping-taxable","15":"purchasable","16":"product-type-variable","17":"has-default-attributes"},"acf":[],"_links":{"self":[{"href":"https:\/\/ayaneo.co\/fi\/wp-json\/wp\/v2\/product\/13048","targetHints":{"allow":["GET"]}}],"collection":[{"href":"https:\/\/ayaneo.co\/fi\/wp-json\/wp\/v2\/product"}],"about":[{"href":"https:\/\/ayaneo.co\/fi\/wp-json\/wp\/v2\/types\/product"}],"wp:featuredmedia":[{"embeddable":true,"href":"https:\/\/ayaneo.co\/fi\/wp-json\/wp\/v2\/media\/8055"}],"wp:attachment":[{"href":"https:\/\/ayaneo.co\/fi\/wp-json\/wp\/v2\/media?parent=13048"}],"wp:term":[{"taxonomy":"product_brand","embeddable":true,"href":"https:\/\/ayaneo.co\/fi\/wp-json\/wp\/v2\/product_brand?post=13048"},{"taxonomy":"product_cat","embeddable":true,"href":"https:\/\/ayaneo.co\/fi\/wp-json\/wp\/v2\/product_cat?post=13048"},{"taxonomy":"product_tag","embeddable":true,"href":"https:\/\/ayaneo.co\/fi\/wp-json\/wp\/v2\/product_tag?post=13048"}],"curies":[{"name":"wp","href":"https:\/\/api.w.org\/{rel}","templated":true}]}}