{"id":13095,"date":"2025-01-28T11:06:31","date_gmt":"2025-01-28T11:06:31","guid":{"rendered":"https:\/\/ayaneo.co\/product\/156-tuuman-kannettava-4k-monitori-adobe-rgblla\/"},"modified":"2025-05-06T08:50:15","modified_gmt":"2025-05-06T08:50:15","slug":"156-tuuman-kannettava-4k-monitori-adobe-rgblla","status":"publish","type":"product","link":"https:\/\/ayaneo.co\/fi\/product\/156-tuuman-kannettava-4k-monitori-adobe-rgblla\/","title":{"rendered":"15,6 tuuman kannettava 4K-monitori Adobe RGB:ll\u00e4"},"content":{"rendered":"\n<p>Koe vertaansa vailla oleva visuaalisuus ja suorituskyky <strong>kannettavalla S23B-5 4K Portable Monitorilla<\/strong>, joka on huippuluokan ratkaisu, joka on suunniteltu pelaajille, luoville ammattilaisille ja tuottavuuden harrastajille liikkeell\u00e4 ollessasi. T\u00e4m\u00e4 15,6-tuumainen kannettava n\u00e4ytt\u00f6 tarjoaa upean UHD-kirkkauden, reagoivan kosketusn\u00e4ytt\u00f6toiminnon ja monipuoliset liit\u00e4nn\u00e4t, joten se on paras kumppanisi ty\u00f6h\u00f6n ja viihteeseen. <\/p>\n\n<hr class=\"wp-block-separator has-alpha-channel-opacity\"\/>\n\n<h4 class=\"wp-block-heading\"><strong>T\u00e4rkeimm\u00e4t ominaisuudet<\/strong><\/h4>\n\n<p><strong>4K UHD Immersive Display<\/strong><br\/>Sukella henke\u00e4salpaavaan visuaaliseen maailmaan 15,6 tuuman 4K UHD -n\u00e4yt\u00f6ll\u00e4 (3840 x 2160 resoluutio), joka her\u00e4tt\u00e4\u00e4 jokaisen yksityiskohdan eloon. Nauti eloisista v\u00e4reist\u00e4 ja ter\u00e4v\u00e4st\u00e4 selkeydest\u00e4, pelasitpa sitten pelej\u00e4, editoit valokuvia tai suoratoistat suosikkiohjelmiasi. <\/p>\n\n<p><strong>Kapasitiivinen 10-pisteen kosketusn\u00e4ytt\u00f6<\/strong><br\/>Navigoi vaivattomasti kapasitiivisella 10-pisteen kosketusn\u00e4yt\u00f6ll\u00e4, joka tarjoaa sulavan ja tarkan ohjauksen. T\u00e4m\u00e4 ominaisuus sopii t\u00e4ydellisesti zoomaamiseen, vieritt\u00e4miseen ja piirt\u00e4miseen ja lis\u00e4\u00e4 luovuutta ja tuottavuutta tien p\u00e4\u00e4ll\u00e4. <\/p>\n\n<p><strong>Ammattilaistason v\u00e4ritarkkuus<\/strong><br\/>100 %:n Adobe RGB -v\u00e4riavaruuden kattavuus ja 10-bittinen v\u00e4risyvyys takaavat, ett\u00e4 S23B-5:n v\u00e4rit ovat todentuntuisia, joten se on ihanteellinen kuvank\u00e4sittelyyn, graafiseen suunnitteluun ja videotuotantoon.<\/p>\n\n<p><strong>Saumaton liitett\u00e4vyys<\/strong><br\/>Yhdist\u00e4 vaivattomasti kannettaviin tietokoneisiin, \u00e4lypuhelimiin, pelikonsoleihin ja muihin laitteisiin HD-miniportin, C-tyypin porttien ja Micro-USB:n avulla. Laajenna ty\u00f6tilaasi tai peliasennustasi miss\u00e4 tahansa helposti. <\/p>\n\n<p><strong>Sis\u00e4\u00e4nrakennettu akku liikkuvuutta varten<\/strong><br\/>Sis\u00e4\u00e4nrakennettu 10 000 mAh -akku mahdollistaa tuntikausien keskeytym\u00e4tt\u00f6m\u00e4n k\u00e4yt\u00f6n, joten voit olla tuottava tai viihdytt\u00e4v\u00e4 ilman virtal\u00e4hdett\u00e4.<\/p>\n\n<p><strong>Ensiluokkainen muotoilu ja siirrett\u00e4vyys<\/strong><br\/>T\u00e4m\u00e4 korkealaatuisesta alumiiniseoksesta valmistettu kevyt ja ohut (vain 9 mm paksu) n\u00e4ytt\u00f6 on suunniteltu kest\u00e4v\u00e4ksi ja siirrett\u00e4v\u00e4ksi. Se painaa vain 1,3 kg, joten se mahtuu t\u00e4ydellisesti laukkuun ja on helppo matkustaa. <\/p>\n\n<p><strong>Parannettu \u00e4\u00e4nikokemus<\/strong><br\/>Integroidut kaksi 1,0 W:n kaiutinta tuottavat selke\u00e4n \u00e4\u00e4nen, joka tarjoaa mukaansatempaavan multimediakokemuksen, olipa kyseess\u00e4 videopuhelu, pelaaminen tai elokuvien katselu.<\/p>\n\n<p><strong>Laajat katselukulmat<\/strong><br\/>Nauti tasaisesta ja el\u00e4v\u00e4st\u00e4 kuvasta mist\u00e4 tahansa kulmasta 85 asteen katselualueella, joka sopii t\u00e4ydellisesti sis\u00e4ll\u00f6n jakamiseen tai yhteisty\u00f6h\u00f6n.<\/p>\n\n<p><strong>Optimoitu pelaamiseen<\/strong><br\/>Paranna pelaamistasi nopealla 25 ms:n vasteajalla ja tarkalla v\u00e4ritarkkuudella. Uppoudu todenmukaiseen grafiikkaan ja hanki kilpailuetua. <\/p>\n\n<hr class=\"wp-block-separator has-alpha-channel-opacity\"\/>\n\n<h4 class=\"wp-block-heading\"><strong>Miksi valita S23B-5?<\/strong><\/h4>\n\n<ul class=\"wp-block-list\">\n<li><strong>Siirrett\u00e4vyys:<\/strong> Kannettavuus: Ohut ja kevyt, mik\u00e4 takaa t\u00e4ydellisen mukavuuden.<\/li>\n\n\n\n<li><strong>Monipuolisuus:<\/strong> Yhdist\u00e4 useisiin laitteisiin ja nauti saumattomasta k\u00e4ytt\u00f6kokemuksesta.<\/li>\n\n\n\n<li><strong>Kest\u00e4vyys:<\/strong> Alumiinirakenne takaa pitk\u00e4aikaisen k\u00e4yt\u00f6n.<\/li>\n\n\n\n<li><strong>Tuottavuus liikkeell\u00e4:<\/strong> T\u00e4ydellinen moniteht\u00e4v\u00e4iseen ty\u00f6skentelyyn ja ty\u00f6tilan laajentamiseen.<\/li>\n<\/ul>\n\n<hr class=\"wp-block-separator has-alpha-channel-opacity\"\/>\n\n<h4 class=\"wp-block-heading\"><strong>Tekniset tiedot<\/strong><\/h4>\n\n<ul class=\"wp-block-list\">\n<li><strong>N\u00e4yt\u00f6n koko:<\/strong> 15,6 tuumaa<\/li>\n\n\n\n<li><strong>P\u00e4\u00e4t\u00f6slauselma:<\/strong> (3840 x 2160): 4K UHD (3840 x 2160)<\/li>\n\n\n\n<li><strong>Kosketusn\u00e4ytt\u00f6:<\/strong> G+G-laminoidut 10-pisteen kapasitiiviset n\u00e4yt\u00f6t<\/li>\n\n\n\n<li><strong>Akku:<\/strong> 10,000 mAh polymeeri<\/li>\n\n\n\n<li><strong>Satamat:<\/strong> kuulokeliit\u00e4nt\u00e4, Micro-USB, 3,5 mm:n kuulokeliit\u00e4nt\u00e4.<\/li>\n\n\n\n<li><strong>Paino:<\/strong> 1.3kg<\/li>\n<\/ul>\n\n<hr class=\"wp-block-separator has-alpha-channel-opacity\"\/>\n\n<h4 class=\"wp-block-heading\"><strong>Hy\u00f6dyt ja haitat<\/strong><\/h4>\n\n<p><strong>Plussaa:<\/strong><br\/>\u2714 Ultra-HD-n\u00e4kym\u00e4t upeisiin yksityiskohtiin<br\/>\u2714 Sujuva kosketusn\u00e4ytt\u00f6toiminnallisuus<br\/>\u2714 Kevyt ja kannettava muotoilu<br\/>\u2714 Sis\u00e4\u00e4nrakennettu akku liikkeell\u00e4 oloa varten<br\/>\u2714 Laaja v\u00e4riskaala ammattimaiseen ty\u00f6skentelyyn.<\/p>\n\n<p><strong>Miinukset:<\/strong><br\/>\u2796 Saatavana vain 15,6 tuuman kokoisena<br\/>\u2796 Sis\u00e4\u00e4nrakennetut kaiuttimet eiv\u00e4t ehk\u00e4 riit\u00e4 syv\u00e4llisyydelt\u00e4\u00e4n audiofiileille.<\/p>\n\n<hr class=\"wp-block-separator has-alpha-channel-opacity\"\/>\n\n<p>P\u00e4ivit\u00e4 mobiilin\u00e4ytt\u00f6kokemuksesi <strong>kannettavalla S23B-5 4K Portable Monitorilla -<\/strong>porttisi tinkim\u00e4tt\u00f6m\u00e4\u00e4n laatuun ja suorituskykyyn, minne ikin\u00e4 el\u00e4m\u00e4 sinut viekin.<\/p>\n","protected":false},"excerpt":{"rendered":"<ul>\n<li><strong>100 % Adoben v\u00e4riskaalasta<\/strong> <strong>15,6 tuuman UHD 4K<\/strong> kannettava n\u00e4ytt\u00f6<\/li>\n<li>10-pisteen kapasitiivinen kosketusn\u00e4yt\u00f6n n\u00e4ytt\u00f6<\/li>\n<li>Kosketusn\u00e4ytt\u00f6 Yhteensopiva <strong>MacOS:n<\/strong> kanssa<\/li>\n<li>Sis\u00e4\u00e4nrakennettu 10000mAh akku<\/li>\n<li><strong>Virtal\u00e4hteen\u00e4 USB<\/strong>, tukee mini-HDMI:t\u00e4 ja USB Type-C:t\u00e4.<\/li>\n<\/ul>\n[cg_accordion title=\"MAKSUTIEDOT\"]<\/p>\n<p>K\u00e4yt\u00e4mme uusinta tekniikkaa maksujen k\u00e4sittelyss\u00e4, jonka avulla voit tehd\u00e4 maksun Apple Payn, Google Payn, pankki- tai luottokorttisi, PayPalin tai BNPL-menetelmien, kuten Klarnan, Affirmin tai AfterPayn kautta, mik\u00e4 takaa nopean ja turvallisen maksukokemuksen.[\/cg_accordion]\n[cg_accordion title=\"TAKUU\"]<\/p>\n<p>1 vuoden takuu <a href=\"https:\/\/droix.net\/\" target=\"_blank\" rel=\"nofollow noopener\">DROIX Globalilta<\/a> mielenrauhasi vuoksi[\/cg_accordion]\n[cg_accordion title=\"HINNOITTELU, VEROT JA TOIMITUKSET\"]<\/p>\n<p><strong><u>Huom:<\/u><\/strong><\/p>\n<ul>\n<li>Yhdysvallat Asiakkaat: Asiakkaat: N\u00e4ytetty hinta EI sis\u00e4ll\u00e4 veroja eik\u00e4 tulleja. Vastuu tulliselvityksest\u00e4 ja siihen liittyvien verojen\/tullien maksamisesta on asiakkaalla. <\/li>\n<li>EU:n asiakkaat: N\u00e4ytetty hinta sis\u00e4lt\u00e4\u00e4 sovellettavan veron, joka voi olla jopa 25 % maastasi riippuen.<\/li>\n<li>Kanada Asiakkaat: N\u00e4ytetty hinta sis\u00e4lt\u00e4\u00e4 sovellettavat verot, joihin voi sis\u00e4lty\u00e4 5 % GST ja ylim\u00e4\u00e4r\u00e4isi\u00e4 maakunnallisia myyntiveroja (PST), harmonisoitua myyntiveroa (HST) tai Quebecin myyntiveroa (QST) maakunnasta riippuen.<\/li>\n<\/ul>\n<p><strong>AINOASTAAN EU:n asiakkaille:<\/strong> Express DDP (Delivered Duty Paid). T\u00e4m\u00e4 tarkoittaa: <\/p>\n<ul>\n<li>Kaikki tullit ja verot sis\u00e4ltyv\u00e4t tuotesivulla ilmoitettuun hintaan.<\/li>\n<li>Sinun ei tarvitse maksaa lis\u00e4maksuja toimituksen yhteydess\u00e4.<\/li>\n<li>Harvinaisissa tulliin liittyviss\u00e4 tapauksissa tiimimme hoitaa tulliselvitysprosessin puolestasi varmistaakseen sujuvan toimituksen.<\/li>\n<p>T\u00e4rke\u00e4\u00e4 tietoa palautuksista:<\/p>\n<li>Jos p\u00e4\u00e4t\u00e4t palauttaa tilauksesi tai pyyt\u00e4\u00e4 palautusta, ota huomioon, ett\u00e4 DDP-ehtojen mukaisesti puolestasi maksettuja veroja ja tulleja ei voida palauttaa.<\/li>\n<p>Katso yksityiskohtaiset tiedot <a href=\"https:\/\/ayaneo.co\/terms-of-service-2\/\" target=\"_blank\" rel=\"nofollow noopener\">k\u00e4ytt\u00f6ehdoistamme<\/a>.\n<\/ul>\n<p>[\/cg_accordion]\n[cg_accordion title=\"ASIAKASTUKI\"]<\/p>\n<p>Onko kysytt\u00e4v\u00e4\u00e4? Olemme lyhyen tekstiviestin p\u00e4\u00e4ss\u00e4 siit\u00e4, ett\u00e4 ongelmasi on ratkaistu!<br \/>\n[\/cg_accordion]\n","protected":false},"featured_media":8081,"template":"","meta":{"_acf_changed":false},"product_brand":[],"product_cat":[1022],"product_tag":[],"class_list":{"0":"post-13095","1":"product","2":"type-product","3":"status-publish","4":"has-post-thumbnail","6":"product_cat-kannettavat-naytot","7":"product_shipping_class-standard","8":"pa_brand-droix","10":"first","11":"outofstock","12":"sale","13":"taxable","14":"shipping-taxable","15":"purchasable","16":"product-type-variable","17":"has-default-attributes"},"acf":[],"_links":{"self":[{"href":"https:\/\/ayaneo.co\/fi\/wp-json\/wp\/v2\/product\/13095","targetHints":{"allow":["GET"]}}],"collection":[{"href":"https:\/\/ayaneo.co\/fi\/wp-json\/wp\/v2\/product"}],"about":[{"href":"https:\/\/ayaneo.co\/fi\/wp-json\/wp\/v2\/types\/product"}],"wp:featuredmedia":[{"embeddable":true,"href":"https:\/\/ayaneo.co\/fi\/wp-json\/wp\/v2\/media\/8081"}],"wp:attachment":[{"href":"https:\/\/ayaneo.co\/fi\/wp-json\/wp\/v2\/media?parent=13095"}],"wp:term":[{"taxonomy":"product_brand","embeddable":true,"href":"https:\/\/ayaneo.co\/fi\/wp-json\/wp\/v2\/product_brand?post=13095"},{"taxonomy":"product_cat","embeddable":true,"href":"https:\/\/ayaneo.co\/fi\/wp-json\/wp\/v2\/product_cat?post=13095"},{"taxonomy":"product_tag","embeddable":true,"href":"https:\/\/ayaneo.co\/fi\/wp-json\/wp\/v2\/product_tag?post=13095"}],"curies":[{"name":"wp","href":"https:\/\/api.w.org\/{rel}","templated":true}]}}