{"id":13133,"date":"2025-01-28T11:30:54","date_gmt":"2025-01-28T11:30:54","guid":{"rendered":"https:\/\/ayaneo.co\/product\/kannettava-156-4k-monitori-jossa-on-kynatuki\/"},"modified":"2025-04-11T12:05:43","modified_gmt":"2025-04-11T12:05:43","slug":"kannettava-156-4k-monitori-jossa-on-kynatuki","status":"publish","type":"product","link":"https:\/\/ayaneo.co\/fi\/product\/kannettava-156-4k-monitori-jossa-on-kynatuki\/","title":{"rendered":"Kannettava 15,6&#8243; 4K-monitori, jossa on kyn\u00e4tuki"},"content":{"rendered":"\n<p>Paranna matkakokemustasi <strong>15,6&#8243; 4K Portable Monitorilla -<\/strong>tyylikk\u00e4\u00e4ll\u00e4, huippuluokan n\u00e4yt\u00f6ll\u00e4, jossa yhdistyv\u00e4t henke\u00e4salpaava visuaalisuus, edistykselliset ominaisuudet ja monipuolinen liitett\u00e4vyys. T\u00e4m\u00e4 digitaalisille nomadeille, luovan ty\u00f6n tekij\u00f6ille ja ammattilaisille suunniteltu kannettava voimanpes\u00e4 tarjoaa saumatonta tuottavuutta ja mukaansatempaavaa viihdett\u00e4 miss\u00e4 tahansa oletkin. <\/p>\n\n<hr class=\"wp-block-separator has-alpha-channel-opacity\"\/>\n\n<h4 class=\"wp-block-heading\"><strong>Immersiivinen 4K UHD -n\u00e4ytt\u00f6<\/strong><\/h4>\n\n<p>Muunna visuaaliset n\u00e4kym\u00e4t 15,6 tuuman 4K UHD -kosketusn\u00e4yt\u00f6ll\u00e4. N\u00e4yt\u00f6ss\u00e4 on <strong>3840 x 2160-resoluutio<\/strong>, <strong>10-bittinen v\u00e4risyvyys<\/strong> ja <strong>G+G-t\u00e4yslaminointitekniikka<\/strong>, joten jokainen kuva pursuaa yksityiskohtia ja eloisuutta. Muokkaatpa sitten mediaa, pelaat tai suoratoistat, <strong>600 cd\/m\u00b2:n kirkkaus<\/strong> ja <strong>1500:1-kontrastisuhde<\/strong> takaavat ter\u00e4v\u00e4t visuaaliset n\u00e4kym\u00e4t ja t\u00e4ytel\u00e4iset v\u00e4rit kaikissa valaistuksissa.  <\/p>\n\n<hr class=\"wp-block-separator has-alpha-channel-opacity\"\/>\n\n<h4 class=\"wp-block-heading\"><strong>Tyylik\u00e4s muotoilu, intuitiivinen kosketusn\u00e4ytt\u00f6<\/strong><\/h4>\n\n<p><strong>Ensiluokkaiseen alumiiniseokseen<\/strong> koteloitu n\u00e4ytt\u00f6 on sek\u00e4 kevyt ett\u00e4 kest\u00e4v\u00e4. Sen <strong>kapearaiteinen muotoilu<\/strong> maksimoi n\u00e4ytt\u00f6tilan, mik\u00e4 takaa keskeytym\u00e4tt\u00f6m\u00e4n katselukokemuksen. <strong>10-pisteen kapasitiivinen kosketusn\u00e4ytt\u00f6<\/strong> tekee navigoinnista, kuvank\u00e4sittelyst\u00e4 ja muistiinpanojen tekemisest\u00e4 vaivatonta ja tarkkaa.  <\/p>\n\n<hr class=\"wp-block-separator has-alpha-channel-opacity\"\/>\n\n<h4 class=\"wp-block-heading\"><strong>Monipuoliset liit\u00e4nt\u00e4vaihtoehdot<\/strong><\/h4>\n\n<p>Liit\u00e4 laitteisiisi vaivattomasti <strong>HDMI Mini-<\/strong> ja <strong>Type-C-portit<\/strong> videota, dataa ja virransiirtoa varten. K\u00e4ytitp\u00e4 sitten kannettavaa tietokonetta, \u00e4lypuhelinta tai pelikonsolia, kuten <strong>PlayStation 5:t\u00e4<\/strong> tai <strong>Xboxia<\/strong>, t\u00e4m\u00e4 n\u00e4ytt\u00f6 mukautuu tarpeisiisi. <strong>Micro-USB-portti<\/strong> mahdollistaa lis\u00e4toiminnot oheislaitteille, kuten n\u00e4pp\u00e4imist\u00f6ille ja hiirille.  <\/p>\n\n<hr class=\"wp-block-separator has-alpha-channel-opacity\"\/>\n\n<h4 class=\"wp-block-heading\"><strong>Kannettava voimalaitos<\/strong><\/h4>\n\n<p>Pysy tuottavana miss\u00e4 tahansa sis\u00e4\u00e4nrakennetun <strong>10 000 mAh akun<\/strong> ansiosta, joka tarjoaa jopa 5 tunnin keskeytym\u00e4tt\u00f6m\u00e4n k\u00e4yt\u00f6n. Kevyt ja pienikokoinen laite mahtuu helposti laukkuun, joten 4K-laatuinen ty\u00f6 ja viihde ovat aina k\u00e4den ulottuvilla. <\/p>\n\n<hr class=\"wp-block-separator has-alpha-channel-opacity\"\/>\n\n<h4 class=\"wp-block-heading\"><strong>Parannettu katselu ja \u00e4\u00e4ni<\/strong><\/h4>\n\n<p>Nauti kristallinkirkkaasta visuaalisesta kuvasta <strong>85\u00b0 laajalla katselukulmalla<\/strong>, mik\u00e4 tekee n\u00e4yt\u00f6n jakamisesta saumatonta. <strong>Sis\u00e4\u00e4nrakennetut kaksi 1,0 W:n kaiutinta<\/strong> tuottavat paremman \u00e4\u00e4nen, joka sopii erinomaisesti satunnaisiin peleihin, elokuviin ja kokouksiin. Jos haluat ensiluokkaisen \u00e4\u00e4nikokemuksen, yhdist\u00e4 se kuulokkeisiin tai ulkoisiin kaiuttimiin. <\/p>\n\n<hr class=\"wp-block-separator has-alpha-channel-opacity\"\/>\n\n<h4 class=\"wp-block-heading\"><strong>Rakennettu ammattilaisille ja luovan ty\u00f6n tekij\u00f6ille<\/strong><\/h4>\n\n<p><strong>100 %:n sRGB-peiton<\/strong> ja tarkan v\u00e4rintoiston ansiosta n\u00e4ytt\u00f6 t\u00e4ytt\u00e4\u00e4 <strong>valokuvaajien, videoeditoreiden ja suunnittelijoiden<\/strong> vaatimukset. Lis\u00e4varusteena saatava tuki <strong>4096 painetason stylus-kyn\u00e4lle<\/strong> avaa luovuuden maailman aina luonnostelusta monimutkaiseen suunnitteluun. <\/p>\n\n<hr class=\"wp-block-separator has-alpha-channel-opacity\"\/>\n\n<h4 class=\"wp-block-heading\"><strong>T\u00e4rkeimm\u00e4t ominaisuudet yhdell\u00e4 silm\u00e4yksell\u00e4<\/strong><\/h4>\n\n<ul class=\"wp-block-list\">\n<li><strong>N\u00e4ytt\u00f6:<\/strong> (3840 x 2160), 10-bittinen v\u00e4risyvyys.<\/li>\n\n\n\n<li><strong>Kosketusn\u00e4ytt\u00f6:<\/strong> Kapasitiivinen 10-pisteen G+G-laminoidut n\u00e4yt\u00f6t<\/li>\n\n\n\n<li><strong>Akun kesto:<\/strong> mAh 4-5 tunnin k\u00e4ytt\u00f6\u00e4 varten.<\/li>\n\n\n\n<li><strong>Liitett\u00e4vyys:<\/strong> Liit\u00e4nn\u00e4t: HDMI Mini, Type-C, micro-USB, kuulokeliit\u00e4nt\u00e4<\/li>\n\n\n\n<li><strong>Paino:<\/strong> 1,3 kg ja ohut, matkustusyst\u00e4v\u00e4llinen profiili.<\/li>\n\n\n\n<li><strong>Audio:<\/strong> \u00e4\u00e4ni: Kaksi sis\u00e4\u00e4nrakennettua kaiutinta ter\u00e4v\u00e4\u00e4 \u00e4\u00e4nt\u00e4 varten<\/li>\n<\/ul>\n\n<hr class=\"wp-block-separator has-alpha-channel-opacity\"\/>\n\n<h4 class=\"wp-block-heading\"><strong>Plussaa<\/strong><\/h4>\n\n<p>\u2714 <strong>Upea 4K UHD -visuaalisuus<\/strong> ja laaja v\u00e4ritarkkuus<br\/>\u2714 <strong>Kevyt ja kannettava<\/strong> ty\u00f6h\u00f6n ja matkoille<br\/>\u2714 <strong>Saumaton liitett\u00e4vyys<\/strong> monipuoliseen k\u00e4ytt\u00f6\u00f6n<br\/>\u2714 <strong>Kest\u00e4v\u00e4 alumiinirakenne<\/strong> pitk\u00e4aikaiseen luotettavuuteen<br\/>\u2714 <strong>Kosketusn\u00e4ytt\u00f6toiminnallisuus<\/strong> intuitiiviseen vuorovaikutukseen.<\/p>\n\n<hr class=\"wp-block-separator has-alpha-channel-opacity\"\/>\n\n<h4 class=\"wp-block-heading\"><strong>Miinukset<\/strong><\/h4>\n\n<p>\u2796 <strong>Stylus-kyn\u00e4 myyd\u00e4\u00e4n erikseen<\/strong> luoville k\u00e4ytt\u00e4jille<br\/>\u2796 <strong>Akun kesto on rajallinen<\/strong>, jos k\u00e4yt\u00e4t pidempi\u00e4 istuntoja ilman virtaa<br\/>\u2796 <strong>Sis\u00e4\u00e4nrakennetut kaiuttimet eiv\u00e4t ehk\u00e4 tyydyt\u00e4 audiofiilej\u00e4.<\/strong><\/p>\n\n<hr class=\"wp-block-separator has-alpha-channel-opacity\"\/>\n\n<h4 class=\"wp-block-heading\"><strong>Johtop\u00e4\u00e4t\u00f6kset: Vallankumouksellinen mobiili ty\u00f6tila<\/strong><\/h4>\n\n<p><strong>Kannettava 15,6 tuuman 4K-monitori<\/strong> on k\u00e4\u00e4nteentekev\u00e4 ratkaisu ammattilaisille, pelaajille ja luovan ty\u00f6n tekij\u00f6ille, jotka vaativat poikkeuksellista suorituskyky\u00e4 kannettavassa rakenteessa. T\u00e4m\u00e4 monitori tarjoaa vertaansa vailla olevaa selkeytt\u00e4 ja joustavuutta riippumatta siit\u00e4, teetk\u00f6 mestariteoksia, murskaat teht\u00e4vi\u00e4 tai nautit 4K-viihteest\u00e4. Oletko valmis m\u00e4\u00e4rittelem\u00e4\u00e4n uudelleen ty\u00f6skentely- ja pelaamistapasi? Mobiilin\u00e4ytt\u00f6jen tulevaisuus on t\u00e4\u00e4ll\u00e4.   <\/p>\n","protected":false},"excerpt":{"rendered":"<ul>\n<li>Kosketusn\u00e4ytt\u00f6 Yhteensopiva <strong>MacOS:n<\/strong> kanssa<\/li>\n<li>Kosketusn\u00e4ytt\u00f6ominaisuudet <strong>Mukana stylus<\/strong><\/li>\n<li>Taitettava kotelo n\u00e4yt\u00f6n jalustaksi<\/li>\n<li>Kannettava ja kevyt<\/li>\n<li><strong>Virtal\u00e4hteen\u00e4 USB<\/strong>, tukee mini-HDMI:t\u00e4 ja USB Type-C:t\u00e4.<\/li>\n<\/ul>\n[cg_accordion title=\"MAKSUTIEDOT\"]<\/p>\n<p>K\u00e4yt\u00e4mme uusinta tekniikkaa maksujen k\u00e4sittelyss\u00e4, jonka avulla voit tehd\u00e4 maksun Apple Payn, Google Payn, pankki- tai luottokorttisi, PayPalin tai BNPL-menetelmien, kuten Klarnan, Affirmin tai AfterPayn kautta, mik\u00e4 takaa nopean ja turvallisen maksukokemuksen.[\/cg_accordion]\n[cg_accordion title=\"TAKUU\"]<\/p>\n<p>1 vuoden takuu <a href=\"https:\/\/droix.net\/\" target=\"_blank\" rel=\"nofollow noopener\">DROIX Globalilta<\/a> mielenrauhasi vuoksi[\/cg_accordion]\n[cg_accordion title=\"HINNOITTELU, VEROT JA TOIMITUKSET\"]<\/p>\n<p><strong><u>Huom:<\/u><\/strong><\/p>\n<ul>\n<li>Yhdysvallat Asiakkaat: Asiakkaat: N\u00e4ytetty hinta EI sis\u00e4ll\u00e4 veroja eik\u00e4 tulleja. Vastuu tulliselvityksest\u00e4 ja siihen liittyvien verojen\/tullien maksamisesta on asiakkaalla. <\/li>\n<li>EU:n asiakkaat: N\u00e4ytetty hinta sis\u00e4lt\u00e4\u00e4 sovellettavan veron, joka voi olla jopa 25 % maastasi riippuen.<\/li>\n<li>Kanada Asiakkaat: N\u00e4ytetty hinta sis\u00e4lt\u00e4\u00e4 sovellettavat verot, joihin voi sis\u00e4lty\u00e4 5 % GST ja ylim\u00e4\u00e4r\u00e4isi\u00e4 maakunnallisia myyntiveroja (PST), harmonisoitua myyntiveroa (HST) tai Quebecin myyntiveroa (QST) maakunnasta riippuen.<\/li>\n<\/ul>\n<p><strong>AINOASTAAN EU:n asiakkaille:<\/strong> Express DDP (Delivered Duty Paid). T\u00e4m\u00e4 tarkoittaa: <\/p>\n<ul>\n<li>Kaikki tullit ja verot sis\u00e4ltyv\u00e4t tuotesivulla ilmoitettuun hintaan.<\/li>\n<li>Sinun ei tarvitse maksaa lis\u00e4maksuja toimituksen yhteydess\u00e4.<\/li>\n<li>Harvinaisissa tulliin liittyviss\u00e4 tapauksissa tiimimme hoitaa tulliselvitysprosessin puolestasi varmistaakseen sujuvan toimituksen.<\/li>\n<p>T\u00e4rke\u00e4\u00e4 tietoa palautuksista:<\/p>\n<li>Jos p\u00e4\u00e4t\u00e4t palauttaa tilauksesi tai pyyt\u00e4\u00e4 palautusta, ota huomioon, ett\u00e4 DDP-ehtojen mukaisesti puolestasi maksettuja veroja ja tulleja ei voida palauttaa.<\/li>\n<p>Katso yksityiskohtaiset tiedot <a href=\"https:\/\/ayaneo.co\/terms-of-service-2\/\" target=\"_blank\" rel=\"nofollow noopener\">k\u00e4ytt\u00f6ehdoistamme<\/a>.\n<\/ul>\n<p>[\/cg_accordion]\n[cg_accordion title=\"ASIAKASTUKI\"]<\/p>\n<p>Onko kysytt\u00e4v\u00e4\u00e4? Olemme lyhyen tekstiviestin p\u00e4\u00e4ss\u00e4 siit\u00e4, ett\u00e4 ongelmasi on ratkaistu!<br \/>\n[\/cg_accordion]\n","protected":false},"featured_media":8099,"template":"","meta":{"_acf_changed":false},"product_brand":[],"product_cat":[1022],"product_tag":[],"class_list":{"0":"post-13133","1":"product","2":"type-product","3":"status-publish","4":"has-post-thumbnail","6":"product_cat-kannettavat-naytot","7":"product_shipping_class-standard","8":"pa_brand-droix","10":"first","11":"outofstock","12":"sale","13":"taxable","14":"shipping-taxable","15":"purchasable","16":"product-type-variable","17":"has-default-attributes"},"acf":[],"_links":{"self":[{"href":"https:\/\/ayaneo.co\/fi\/wp-json\/wp\/v2\/product\/13133","targetHints":{"allow":["GET"]}}],"collection":[{"href":"https:\/\/ayaneo.co\/fi\/wp-json\/wp\/v2\/product"}],"about":[{"href":"https:\/\/ayaneo.co\/fi\/wp-json\/wp\/v2\/types\/product"}],"wp:featuredmedia":[{"embeddable":true,"href":"https:\/\/ayaneo.co\/fi\/wp-json\/wp\/v2\/media\/8099"}],"wp:attachment":[{"href":"https:\/\/ayaneo.co\/fi\/wp-json\/wp\/v2\/media?parent=13133"}],"wp:term":[{"taxonomy":"product_brand","embeddable":true,"href":"https:\/\/ayaneo.co\/fi\/wp-json\/wp\/v2\/product_brand?post=13133"},{"taxonomy":"product_cat","embeddable":true,"href":"https:\/\/ayaneo.co\/fi\/wp-json\/wp\/v2\/product_cat?post=13133"},{"taxonomy":"product_tag","embeddable":true,"href":"https:\/\/ayaneo.co\/fi\/wp-json\/wp\/v2\/product_tag?post=13133"}],"curies":[{"name":"wp","href":"https:\/\/api.w.org\/{rel}","templated":true}]}}