{"id":13966,"date":"2025-05-02T12:08:14","date_gmt":"2025-05-02T12:08:14","guid":{"rendered":"https:\/\/ayaneo.co\/?post_type=product&#038;p=13966"},"modified":"2025-12-11T00:13:36","modified_gmt":"2025-12-11T00:13:36","slug":"ayaneo-pocket-ace","status":"publish","type":"product","link":"https:\/\/ayaneo.co\/fi\/product\/ayaneo-pocket-ace\/","title":{"rendered":"AYANEO Pocket ACE"},"content":{"rendered":"\n<figure class=\"wp-block-video\"><video height=\"720\" style=\"aspect-ratio: 1280 \/ 720;\" width=\"1280\" controls=\"\" poster=\"https:\/\/ayaneo.co\/wp-content\/uploads\/2025\/05\/maxresdefault-5.jpg\" src=\"https:\/\/ayaneo.co\/wp-content\/uploads\/2025\/05\/ace.mp4\"><\/video><\/figure>\n\n<div class=\"wp-block-columns is-layout-flex wp-container-core-columns-is-layout-28f84493 wp-block-columns-is-layout-flex\">\n<div class=\"wp-block-column is-layout-flow wp-block-column-is-layout-flow\" style=\"flex-basis:33.33%\">\n<figure class=\"wp-block-image size-full\"><a href=\"https:\/\/ayaneo.co\/wp-content\/uploads\/2025\/05\/AYANEO-POCKET-ACE-MARKETING-DONE-01-1024x837-1.jpg\"><img fetchpriority=\"high\" decoding=\"async\" width=\"1024\" height=\"837\" src=\"https:\/\/ayaneo.co\/wp-content\/uploads\/2025\/05\/AYANEO-POCKET-ACE-MARKETING-DONE-01-1024x837-1.jpg\" alt=\"AYANEO Pocket ACE -k&#xE4;sikonsoli, joka on esill&#xE4; p&#xF6;yd&#xE4;ll&#xE4;, ja sen n&#xE4;yt&#xF6;ll&#xE4; on v&#xE4;rik&#xE4;s asteittainen logo. Laitteessa on D-pad, analogiset tikut ja toimintopainikkeet, jotka on valaistu l&#xE4;mpim&#xE4;ss&#xE4; ymp&#xE4;rist&#xF6;ss&#xE4;, jossa on sumea oranssi tausta. \" class=\"wp-image-37460\" srcset=\"https:\/\/ayaneo.co\/wp-content\/uploads\/2025\/05\/AYANEO-POCKET-ACE-MARKETING-DONE-01-1024x837-1.jpg 1024w, https:\/\/ayaneo.co\/wp-content\/uploads\/2025\/05\/AYANEO-POCKET-ACE-MARKETING-DONE-01-1024x837-1-300x245.jpg 300w, https:\/\/ayaneo.co\/wp-content\/uploads\/2025\/05\/AYANEO-POCKET-ACE-MARKETING-DONE-01-1024x837-1-768x628.jpg 768w, https:\/\/ayaneo.co\/wp-content\/uploads\/2025\/05\/AYANEO-POCKET-ACE-MARKETING-DONE-01-1024x837-1-990x809.jpg 990w, https:\/\/ayaneo.co\/wp-content\/uploads\/2025\/05\/AYANEO-POCKET-ACE-MARKETING-DONE-01-1024x837-1-441x360.jpg 441w, https:\/\/ayaneo.co\/wp-content\/uploads\/2025\/05\/AYANEO-POCKET-ACE-MARKETING-DONE-01-1024x837-1-600x490.jpg 600w, https:\/\/ayaneo.co\/wp-content\/uploads\/2025\/05\/AYANEO-POCKET-ACE-MARKETING-DONE-01-1024x837-1-150x123.jpg 150w\" sizes=\"(max-width: 1024px) 100vw, 1024px\" \/><\/a><\/figure>\n<\/div>\n\n\n\n<div class=\"wp-block-column is-layout-flow wp-block-column-is-layout-flow\" style=\"flex-basis:66.66%\">\n<h3 class=\"wp-block-heading\">Koe retropelaaminen ennenn\u00e4kem\u00e4tt\u00f6m\u00e4ll\u00e4 tavalla AYANEO Pocket ACE:n avulla.<\/h3>\n\n\n\n<p>AYANEO Pocket ACE on vallankumouksellinen kannettava pelilaite, jossa yhdistyv\u00e4t saumattomasti retropelaamisen vieh\u00e4tysvoima ja huippuluokan moderni teknologia. Klassisista vaakasuorista k\u00e4sikonsoleista inspiraatiota ammentava laite tarjoaa nostalgisen estetiikan yhdistettyn\u00e4 tehokkaaseen suorituskykyyn, mik\u00e4 tekee siit\u00e4 erinomaisen valinnan sek\u00e4 retropelien harrastajille ett\u00e4 nykyaikaisille pelaajille. <\/p>\n<\/div>\n<\/div>\n\n<hr class=\"wp-block-separator has-alpha-channel-opacity\"\/>\n\n<div class=\"wp-block-columns is-layout-flex wp-container-core-columns-is-layout-28f84493 wp-block-columns-is-layout-flex\">\n<div class=\"wp-block-column is-layout-flow wp-block-column-is-layout-flow\">\n<figure class=\"wp-block-image size-full\"><a href=\"https:\/\/ayaneo.co\/wp-content\/uploads\/2025\/05\/snapdragon_g3x_gen2_rounded-1024x837-1.png\"><img decoding=\"async\" width=\"1024\" height=\"837\" src=\"https:\/\/ayaneo.co\/wp-content\/uploads\/2025\/05\/snapdragon_g3x_gen2_rounded-1024x837-1.png\" alt=\"Snapdragon G3x Gen 2 -prosessorimerkki py&#xF6;re&#xE4;ss&#xE4; kullanv&#xE4;risess&#xE4; neli&#xF6;ss&#xE4;, jossa on punainen liekkitunnus oikealla ja lihavoitu punainen teksti &quot;Snapdragon G3x Gen 2&quot; vasemmalla.\" class=\"wp-image-37462\" srcset=\"https:\/\/ayaneo.co\/wp-content\/uploads\/2025\/05\/snapdragon_g3x_gen2_rounded-1024x837-1.png 1024w, https:\/\/ayaneo.co\/wp-content\/uploads\/2025\/05\/snapdragon_g3x_gen2_rounded-1024x837-1-300x245.png 300w, https:\/\/ayaneo.co\/wp-content\/uploads\/2025\/05\/snapdragon_g3x_gen2_rounded-1024x837-1-768x628.png 768w, https:\/\/ayaneo.co\/wp-content\/uploads\/2025\/05\/snapdragon_g3x_gen2_rounded-1024x837-1-990x809.png 990w, https:\/\/ayaneo.co\/wp-content\/uploads\/2025\/05\/snapdragon_g3x_gen2_rounded-1024x837-1-441x360.png 441w, https:\/\/ayaneo.co\/wp-content\/uploads\/2025\/05\/snapdragon_g3x_gen2_rounded-1024x837-1-600x490.png 600w, https:\/\/ayaneo.co\/wp-content\/uploads\/2025\/05\/snapdragon_g3x_gen2_rounded-1024x837-1-150x123.png 150w\" sizes=\"(max-width: 1024px) 100vw, 1024px\" \/><\/a><\/figure>\n\n\n\n<h3 class=\"wp-block-heading\">Suorituskyky<\/h3>\n\n\n\n<p>Pocket ACE:n ytimess\u00e4 on Snapdragon G3x Gen 2 -pelialusta, joka tarjoaa jopa 15 W:n jatkuvan suorituskyvyn. T\u00e4m\u00e4 tehokas prosessori takaa retro-pelien sujuvan emuloinnin ja modernien Android-pelien tehokkaan k\u00e4sittelyn. Laite tarjoaa useita suorituskykytiloja - s\u00e4\u00e4st\u00f6, tasapaino, peli ja maksimi - joiden avulla k\u00e4ytt\u00e4j\u00e4t voivat optimoida suorituskyvyn pelitarpeidensa mukaan.  <\/p>\n<\/div>\n\n\n\n<div class=\"wp-block-column is-layout-flow wp-block-column-is-layout-flow\">\n<figure class=\"wp-block-image size-full\"><a href=\"https:\/\/ayaneo.co\/wp-content\/uploads\/2025\/05\/AYANEO-POCKET-ACE-MARKETING-DONE-02-1024x837-1.jpg\"><img decoding=\"async\" width=\"1024\" height=\"837\" src=\"https:\/\/ayaneo.co\/wp-content\/uploads\/2025\/05\/AYANEO-POCKET-ACE-MARKETING-DONE-02-1024x837-1.jpg\" alt=\"Kaksi AYANEO Pocket ACE -k&#xE4;sikonsolia vierekk&#xE4;in - yksi valkoinen, jossa on punaiset &quot;Retro Power&quot; -n&#xE4;pp&#xE4;imet, ja toinen musta, jossa on tummat ohjaimet. Molemmissa on v&#xE4;rik&#xE4;s raidallinen n&#xE4;yt&#xF6;n grafiikka, joka esittelee erilaisia v&#xE4;rimaailmoja. Valaistu l&#xE4;mpimill&#xE4; ja viileill&#xE4; s&#xE4;vyill&#xE4;, jotka korostavat laitteiston muotoilua ja olkap&#xE4;&#xE4;painikkeita.  \" class=\"wp-image-37463\" srcset=\"https:\/\/ayaneo.co\/wp-content\/uploads\/2025\/05\/AYANEO-POCKET-ACE-MARKETING-DONE-02-1024x837-1.jpg 1024w, https:\/\/ayaneo.co\/wp-content\/uploads\/2025\/05\/AYANEO-POCKET-ACE-MARKETING-DONE-02-1024x837-1-300x245.jpg 300w, https:\/\/ayaneo.co\/wp-content\/uploads\/2025\/05\/AYANEO-POCKET-ACE-MARKETING-DONE-02-1024x837-1-768x628.jpg 768w, https:\/\/ayaneo.co\/wp-content\/uploads\/2025\/05\/AYANEO-POCKET-ACE-MARKETING-DONE-02-1024x837-1-990x809.jpg 990w, https:\/\/ayaneo.co\/wp-content\/uploads\/2025\/05\/AYANEO-POCKET-ACE-MARKETING-DONE-02-1024x837-1-441x360.jpg 441w, https:\/\/ayaneo.co\/wp-content\/uploads\/2025\/05\/AYANEO-POCKET-ACE-MARKETING-DONE-02-1024x837-1-600x490.jpg 600w, https:\/\/ayaneo.co\/wp-content\/uploads\/2025\/05\/AYANEO-POCKET-ACE-MARKETING-DONE-02-1024x837-1-150x123.jpg 150w\" sizes=\"(max-width: 1024px) 100vw, 1024px\" \/><\/a><\/figure>\n\n\n\n<h3 class=\"wp-block-heading\">Ohjauslaitteet ja tulot<\/h3>\n\n\n\n<p>Pocket ACE on varustettu monipuolisella ohjausasettelulla, joka on suunniteltu mukautumaan eri peligenreihin. T\u00e4rkeimpi\u00e4 ominaisuuksia ovat mm. <\/p>\n\n\n\n<ul class=\"wp-block-list\">\n<li>Keskikokoinen Hall-efektill\u00e4 varustettu analoginen kaksoistoiminen joystick tarkkaa sy\u00f6tt\u00f6\u00e4 varten<\/li>\n\n\n\n<li>Lineaariset halli-ilmi\u00f6laukaisimet herkk\u00e4\u00e4 ohjausta varten<\/li>\n\n\n\n<li>Retro-tyylinen D-pad on sijoitettu yl\u00e4osaan klassisen pelituntuman takaamiseksi.<\/li>\n\n\n\n<li>ABXY-painikkeet, joissa on muokattavat asettelut<\/li>\n\n\n\n<li>Lis\u00e4painikkeet, mukaan lukien Koti, Turbo ja emulaattorin pikavalinnat<\/li>\n<\/ul>\n<\/div>\n\n\n\n<div class=\"wp-block-column is-layout-flow wp-block-column-is-layout-flow\">\n<figure class=\"wp-block-image size-full\"><a href=\"https:\/\/ayaneo.co\/wp-content\/uploads\/2025\/05\/seamless_power_combination_rounded-1024x837-1.png\"><img loading=\"lazy\" decoding=\"async\" width=\"1024\" height=\"837\" src=\"https:\/\/ayaneo.co\/wp-content\/uploads\/2025\/05\/seamless_power_combination_rounded-1024x837-1.png\" alt=\"Infografiikka, jossa mainostetaan kannettavan pelikonsolin suorituskykyominaisuuksia. Kohokohtia ovat muun muassa LPDDR5X-muisti 8533 Mbps:n nopeudella, UFS 4.0 -tallennustila, jonka lukunopeus on 4000+ MB\/s, ja tuki suurelle tallennuskapasiteetille, johon mahtuu lukuisia pelej&#xE4;. Kolme paneelia havainnollistaa muistia, tallennustilaa ja pelikirjastoa pikseligrafiikalla ja pelien kansikuvien pikkukuvilla.  \" class=\"wp-image-37464\" srcset=\"https:\/\/ayaneo.co\/wp-content\/uploads\/2025\/05\/seamless_power_combination_rounded-1024x837-1.png 1024w, https:\/\/ayaneo.co\/wp-content\/uploads\/2025\/05\/seamless_power_combination_rounded-1024x837-1-300x245.png 300w, https:\/\/ayaneo.co\/wp-content\/uploads\/2025\/05\/seamless_power_combination_rounded-1024x837-1-768x628.png 768w, https:\/\/ayaneo.co\/wp-content\/uploads\/2025\/05\/seamless_power_combination_rounded-1024x837-1-990x809.png 990w, https:\/\/ayaneo.co\/wp-content\/uploads\/2025\/05\/seamless_power_combination_rounded-1024x837-1-441x360.png 441w, https:\/\/ayaneo.co\/wp-content\/uploads\/2025\/05\/seamless_power_combination_rounded-1024x837-1-600x490.png 600w, https:\/\/ayaneo.co\/wp-content\/uploads\/2025\/05\/seamless_power_combination_rounded-1024x837-1-150x123.png 150w\" sizes=\"(max-width: 1024px) 100vw, 1024px\" \/><\/a><\/figure>\n\n\n\n<h3 class=\"wp-block-heading\">Tallennus ja liitett\u00e4vyys<\/h3>\n\n\n\n<p>AYANEO Pocket ACE tarjoaa joustavia s\u00e4ilytysvaihtoehtoja eri k\u00e4ytt\u00f6tarpeisiin.<\/p>\n\n\n\n<ul class=\"wp-block-list\">\n<li>8 Gt RAM-muistia + 128 Gt tallennustila<\/li>\n\n\n\n<li>12 Gt RAM-muistia + 256 Gt tallennustilaa<\/li>\n\n\n\n<li>16 Gt RAM-muistia + 512 Gt tallennustilaa<\/li>\n\n\n\n<li>16 Gt RAM-muistia + 1 Tt tallennustila<\/li>\n<\/ul>\n\n\n\n<p>K\u00e4ytett\u00e4viss\u00e4 on my\u00f6s microSD-korttipaikka, jonka avulla tallennuskapasiteettia on helppo laajentaa. Liitett\u00e4vyyden osalta laitteessa on nopea Wi-Fi, Bluetooth 5.3 ja USB 3.2 Gen 2 Type-C -portti, joka tukee 10 Gbps:n tiedonsiirtoa ja DP 1.4 -videol\u00e4ht\u00f6\u00e4. <\/p>\n<\/div>\n<\/div>\n\n<hr class=\"wp-block-separator has-alpha-channel-opacity\"\/>\n\n<div class=\"wp-block-columns is-layout-flex wp-container-core-columns-is-layout-28f84493 wp-block-columns-is-layout-flex\">\n<div class=\"wp-block-column is-layout-flow wp-block-column-is-layout-flow\">\n<figure class=\"wp-block-image size-full\"><a href=\"https:\/\/ayaneo.co\/wp-content\/uploads\/2025\/05\/ips_screen_rounded-1-1024x837-1.png\"><img loading=\"lazy\" decoding=\"async\" width=\"1024\" height=\"837\" src=\"https:\/\/ayaneo.co\/wp-content\/uploads\/2025\/05\/ips_screen_rounded-1-1024x837-1.png\" alt=\"Valkoisen kannettavan pelikonsolin (AYNNO Pocket ACE) mainosgrafiikka. Kuvassa on kaksi konsolia kellumassa kirkkaalla taustalla, jossa on sinisest&#xE4; keltaiseen vaihteleva s&#xE4;vy. Konsolin n&#xE4;yt&#xF6;ll&#xE4; n&#xE4;kyy v&#xE4;rik&#xE4;s retro-sateenkaarijuovakuvio, jossa on teksti &quot;AYNNO Pocket ACE&quot;. Yl&#xE4;reunassa on valkoinen teksti, jossa lukee: &quot;4,5&quot; IPS Original Color -n&#xE4;ytt&#xF6;, jossa hienot kuvat her&#xE4;&#xE4;v&#xE4;t henkiin.   \" class=\"wp-image-37465\" style=\"object-fit:cover\" srcset=\"https:\/\/ayaneo.co\/wp-content\/uploads\/2025\/05\/ips_screen_rounded-1-1024x837-1.png 1024w, https:\/\/ayaneo.co\/wp-content\/uploads\/2025\/05\/ips_screen_rounded-1-1024x837-1-300x245.png 300w, https:\/\/ayaneo.co\/wp-content\/uploads\/2025\/05\/ips_screen_rounded-1-1024x837-1-768x628.png 768w, https:\/\/ayaneo.co\/wp-content\/uploads\/2025\/05\/ips_screen_rounded-1-1024x837-1-990x809.png 990w, https:\/\/ayaneo.co\/wp-content\/uploads\/2025\/05\/ips_screen_rounded-1-1024x837-1-441x360.png 441w, https:\/\/ayaneo.co\/wp-content\/uploads\/2025\/05\/ips_screen_rounded-1-1024x837-1-600x490.png 600w, https:\/\/ayaneo.co\/wp-content\/uploads\/2025\/05\/ips_screen_rounded-1-1024x837-1-150x123.png 150w\" sizes=\"(max-width: 1024px) 100vw, 1024px\" \/><\/a><\/figure>\n\n\n\n<h3 class=\"wp-block-heading\">Suunnittelu ja n\u00e4ytt\u00f6<\/h3>\n\n\n\n<p>AYANEO Pocket ACE:ss\u00e4 on tyylik\u00e4s ja kompakti muotoilu, joka muistuttaa perinteisi\u00e4 horisontaalisia k\u00e4sikonsoleita. Sen 4,5 tuuman IPS-n\u00e4yt\u00f6n resoluutio on 1620\u00d71080 pikseli\u00e4 ja kuvasuhde on 3:2. N\u00e4ytt\u00f6 tarjoaa eloisat v\u00e4rit ja ter\u00e4v\u00e4t grafiikat, jotka her\u00e4tt\u00e4v\u00e4t eloon sek\u00e4 retro- ett\u00e4 nykyaikaiset pelit. Laite on saatavana kolmessa eri v\u00e4rivaihtoehdossa.  <\/p>\n\n\n\n<ul class=\"wp-block-list\">\n<li>Shadow Dance Musta<\/li>\n\n\n\n<li>Light Blade Valkoinen<\/li>\n\n\n\n<li>Retro Power (rajoitettu painos)<\/li>\n<\/ul>\n\n\n\n<p>Nelinkertaisesti kaarevat reunat ja kehittynyt UV-pinnoite tarjoavat mukavan otteen ja ensiluokkaisen tuntuman, mik\u00e4 takaa, ett\u00e4 pitk\u00e4t pelisessiot pysyv\u00e4t nautittavina.<\/p>\n<\/div>\n\n\n\n<div class=\"wp-block-column is-layout-flow wp-block-column-is-layout-flow\">\n<figure class=\"wp-block-image size-full\"><a href=\"https:\/\/ayaneo.co\/wp-content\/uploads\/2025\/05\/battery_6000mah_rounded-1024x837-1.png\"><img loading=\"lazy\" decoding=\"async\" width=\"1024\" height=\"837\" src=\"https:\/\/ayaneo.co\/wp-content\/uploads\/2025\/05\/battery_6000mah_rounded-1024x837-1.png\" alt=\"Akun kapasiteettia korostava mainosgrafiikka. Tummalla, mustan ja vihre&#xE4;n v&#xE4;rin vaihtelulla varustetulla taustalla n&#xE4;kyy suuri, tyylitelty akkukuvake, jossa on sinivihre&#xE4; v&#xE4;ris&#xE4;vy. Kuvakkeen alapuolella n&#xE4;kyy n&#xE4;kyv&#xE4;sti luku &quot;6000mAh&quot;. Yl&#xE4;reunassa on valkoinen teksti: &quot;6000mAh:n suuri akku, kest&#xE4;v&#xE4;&#xE4;n pelaamiseen milloin tahansa ja miss&#xE4; tahansa.&quot;   \" class=\"wp-image-37466\" srcset=\"https:\/\/ayaneo.co\/wp-content\/uploads\/2025\/05\/battery_6000mah_rounded-1024x837-1.png 1024w, https:\/\/ayaneo.co\/wp-content\/uploads\/2025\/05\/battery_6000mah_rounded-1024x837-1-300x245.png 300w, https:\/\/ayaneo.co\/wp-content\/uploads\/2025\/05\/battery_6000mah_rounded-1024x837-1-768x628.png 768w, https:\/\/ayaneo.co\/wp-content\/uploads\/2025\/05\/battery_6000mah_rounded-1024x837-1-990x809.png 990w, https:\/\/ayaneo.co\/wp-content\/uploads\/2025\/05\/battery_6000mah_rounded-1024x837-1-441x360.png 441w, https:\/\/ayaneo.co\/wp-content\/uploads\/2025\/05\/battery_6000mah_rounded-1024x837-1-600x490.png 600w, https:\/\/ayaneo.co\/wp-content\/uploads\/2025\/05\/battery_6000mah_rounded-1024x837-1-150x123.png 150w\" sizes=\"(max-width: 1024px) 100vw, 1024px\" \/><\/a><\/figure>\n\n\n\n<h3 class=\"wp-block-heading\">Akku ja lis\u00e4ominaisuudet<\/h3>\n\n\n\n<p>Pocket ACE:n virtal\u00e4hteen\u00e4 on 6 000 mAh:n akku, joka tukee 40 W PD-pikalatausta, jotta voit pelata pidemp\u00e4\u00e4n. Muita huomionarvoisia ominaisuuksia ovat mm. <\/p>\n\n\n\n<ul class=\"wp-block-list\">\n<li>0916B Surge Lineaarimoottori immersiiviseen haptiseen palautteeseen<\/li>\n\n\n\n<li>Kuuden akselin gyroskooppi liikkeenohjausta varten<\/li>\n\n\n\n<li>Edistyksellinen j\u00e4\u00e4hdytysj\u00e4rjestelm\u00e4, jossa on eritt\u00e4in ohut tuuletin, l\u00e4mp\u00f6\u00e4 haihduttavat lamellit ja kuparilevy.<\/li>\n\n\n\n<li>Virtapainikkeeseen integroitu sormenj\u00e4lkitunnistus<\/li>\n<\/ul>\n\n\n\n<p>N\u00e4m\u00e4 ominaisuudet takaavat optimaalisen suorituskyvyn ja paremman pelikokemuksen.<\/p>\n<\/div>\n<\/div>\n\n<hr class=\"wp-block-separator has-alpha-channel-opacity\"\/>\n\n<h3 class=\"wp-block-heading\">K\u00e4ytt\u00e4j\u00e4kokemus ja p\u00e4\u00e4telm\u00e4t<\/h3>\n\n<p>AYANEO Pocket ACE on huippuluokan kannettava pelilaite, joka yhdist\u00e4\u00e4 klassisen retropelaamisen olemuksen ja tarjoaa samalla modernin teknologian tehon ja monipuolisuuden. Sen kompakti muotoilu, tehokas suorituskyky ja mukautettavat ohjaimet tekev\u00e4t siit\u00e4 poikkeuksellisen valinnan pelaajille, jotka etsiv\u00e4t kannettavaa ja upeaa pelikokemusta. <\/p>\n\n<p>Katso arvostelumme <a href=\"https:\/\/droix.net\/blogs\/ayaneo-pocket-ace-review\/\" target=\"_blank\" rel=\"noreferrer noopener nofollow\">t\u00e4\u00e4lt\u00e4.<\/a><\/p>\n\n<p><\/p>\n","protected":false},"excerpt":{"rendered":"<ul>\n<li>Prosessori:<strong> Gen 2<\/strong><\/li>\n<li>N\u00e4ytt\u00f6: N\u00e4ytt\u00f6: 4,5&#8243; IPS<strong> Borderless Touchscreen<\/strong> (rajaton kosketusn\u00e4ytt\u00f6).<\/li>\n<li>RAM-muisti: Enint\u00e4\u00e4n 16 Gt<strong> LPDDR5X<\/strong> @ 8533 <strong>MT\/s<\/strong><\/li>\n<li>Varastointi:<strong> UFS<\/strong> 4.0: Jopa<strong> 1TB<\/strong> <\/li>\n<li>Liitett\u00e4vyys: <strong> 5.3<\/strong><\/li>\n<\/ul>\n<p><img loading=\"lazy\" decoding=\"async\" src=\"https:\/\/ayaneo.co\/wp-content\/uploads\/2025\/05\/acegifts2.jpg\" alt=\"Mainosbanneri  \" free=\"\" gifts=\"\" that=\"\" are=\"\" added=\"\" to=\"\" cart=\"\" for=\"\" a=\"\" handheld=\"\" gaming=\"\" console.=\"\" the=\"\" text=\"\" is=\"\" in=\"\" large=\"\" dark=\"\" grey=\"\" font=\"\" on=\"\" light=\"\" background.=\"\" image=\"\" displays=\"\" grid=\"\" of=\"\" product=\"\" accessories=\"\" with=\"\" case=\"\" protector=\"\" and=\"\" caps=\"\" width=\"1000\" height=\"140\" class=\"alignnone size-full wp-image-30151\" labels:=\"\" srcset=\"https:\/\/ayaneo.co\/wp-content\/uploads\/2025\/05\/acegifts2.jpg 1000w, https:\/\/ayaneo.co\/wp-content\/uploads\/2025\/05\/acegifts2-300x42.jpg 300w, https:\/\/ayaneo.co\/wp-content\/uploads\/2025\/05\/acegifts2-768x108.jpg 768w, https:\/\/ayaneo.co\/wp-content\/uploads\/2025\/05\/acegifts2-990x139.jpg 990w, https:\/\/ayaneo.co\/wp-content\/uploads\/2025\/05\/acegifts2-441x62.jpg 441w, https:\/\/ayaneo.co\/wp-content\/uploads\/2025\/05\/acegifts2-600x84.jpg 600w, https:\/\/ayaneo.co\/wp-content\/uploads\/2025\/05\/acegifts2-150x21.jpg 150w\" sizes=\"(max-width: 1000px) 100vw, 1000px\" \/><\/p>\n[cg_accordion title=\"MAKSUTIEDOT\"]<\/p>\n<p>K\u00e4yt\u00e4mme uusinta teknologiaa maksujen k\u00e4sittelyss\u00e4, jonka avulla voit tehd\u00e4 maksun Apple Payn, Google Payn, pankki- tai luottokortin, PayPalin tai BNPL-menetelmien, kuten Klarna, Affirm tai AfterPay, avulla nopean ja turvallisen maksukokemuksen.[\/cg_accordion]\n[cg_accordion title=\"TAKUU\"]<\/p>\n<p>1 vuoden takuu <a href=\"https:\/\/droix.net\/\" target=\"_blank\" rel=\"nofollow noopener\">DROIX Global ilta mielenrauhasi vuoksi<\/a> [\/cg_accordion]\n[cg_accordion title=\"LAADUNVARMISTUS JA L\u00c4HETYST\u00c4 EDELT\u00c4V\u00c4 TESTAUS\"]<\/p>\n<p>Asiakastyytyv\u00e4isyyden varmistaminen korkeimmalla tasolla: Jokainen laite testataan tiukasti ja sille tehd\u00e4\u00e4n monipisteinen laadunvarmistustarkastus ennen sen l\u00e4hett\u00e4mist\u00e4. Asialle omistautunut tiimimme tarkistaa suorituskyvyn, toimivuuden ja komponenttien eheyden, jotta AYANEO-laitteesi on saapuessaan t\u00e4ydellisess\u00e4 toimintakunnossa, mik\u00e4 antaa sinulle luottamusta ja mielenrauhaa. [\/cg_accordion]\n[cg_accordion title=\"HINNOITTELU, VEROT JA TOIMITUKSET\"]<\/p>\n<p><strong><u>Huom:<\/u><\/strong><\/p>\n<ul>\n<li>Yhdysvallat Asiakkaat: Asiakkaat: N\u00e4ytetty hinta EI sis\u00e4ll\u00e4 veroja eik\u00e4 tulleja. Vastuu tulliselvityksest\u00e4 ja siihen liittyvien verojen\/tullien maksamisesta on asiakkaalla. <\/li>\n<li>EU:n asiakkaat: N\u00e4ytetty hinta sis\u00e4lt\u00e4\u00e4 sovellettavan veron, joka voi olla jopa 25 % maastasi riippuen.<\/li>\n<li>Kanada Asiakkaat: N\u00e4ytetty hinta sis\u00e4lt\u00e4\u00e4 sovellettavat verot, joihin voi sis\u00e4lty\u00e4 5 % GST ja ylim\u00e4\u00e4r\u00e4isi\u00e4 maakunnallisia myyntiveroja (PST), harmonisoitua myyntiveroa (HST) tai Quebecin myyntiveroa (QST) maakunnasta riippuen.<\/li>\n<\/ul>\n<p><strong>AINOASTAAN EU:n asiakkaille:<\/strong> Express DDP (Delivered Duty Paid). T\u00e4m\u00e4 tarkoittaa: <\/p>\n<ul>\n<li>Kaikki tullit ja verot sis\u00e4ltyv\u00e4t tuotesivulla ilmoitettuun hintaan.<\/li>\n<li>Sinun ei tarvitse maksaa lis\u00e4maksuja toimituksen yhteydess\u00e4.<\/li>\n<li>Harvinaisissa tulliin liittyviss\u00e4 tapauksissa tiimimme hoitaa tulliselvitysprosessin puolestasi varmistaakseen sujuvan toimituksen.<\/li>\n<p>T\u00e4rke\u00e4\u00e4 tietoa palautuksista:<\/p>\n<li>Jos p\u00e4\u00e4t\u00e4t palauttaa tilauksesi tai pyyt\u00e4\u00e4 palautusta, ota huomioon, ett\u00e4 DDP-ehtojen mukaisesti puolestasi maksettuja veroja ja tulleja ei voida palauttaa.<\/li>\n<p>Katso yksityiskohtaiset tiedot <a href=\"https:\/\/ayaneo.co\/fi\/kayttoehdot\/\" target=\"_blank\" rel=\"nofollow noopener\">k\u00e4ytt\u00f6ehdoistamme<\/a>.\n<\/ul>\n<p>[\/cg_accordion]\n[cg_accordion title=\"ASIAKASTUKI\"]<\/p>\n<p>Onko kysytt\u00e4v\u00e4\u00e4? Olemme lyhyen tekstiviestin p\u00e4\u00e4ss\u00e4 siit\u00e4, ett\u00e4 ongelmasi on ratkaistu! [\/cg_accordion]\n[cg_accordion title=\"PAKETTI SIS\u00c4LT\u00c4\u00c4\"]<\/p>\n<ul>\n<li>1x AYANEO Pocket ACE<\/li>\n<li>1x USB Type-C-kaapeli<\/li>\n<li>1x K\u00e4ytt\u00f6ohje<\/li>\n<\/ul>\n<p>[\/cg_accordion]\n","protected":false},"featured_media":14098,"template":"","meta":{"_acf_changed":false},"product_brand":[],"product_cat":[590],"product_tag":[],"class_list":{"0":"post-13966","1":"product","2":"type-product","3":"status-publish","4":"has-post-thumbnail","6":"product_cat-android-gaming-handheld-fi","7":"product_shipping_class-premium","8":"pa_brand-ayaneo","9":"pa_graphics-gpu-model-adreno-a32","10":"pa_operating-system-android-13","11":"pa_processor-cpu-brand-qualcomm","13":"first","14":"outofstock","15":"taxable","16":"shipping-taxable","17":"purchasable","18":"product-type-variable","19":"has-default-attributes"},"acf":[],"_links":{"self":[{"href":"https:\/\/ayaneo.co\/fi\/wp-json\/wp\/v2\/product\/13966","targetHints":{"allow":["GET"]}}],"collection":[{"href":"https:\/\/ayaneo.co\/fi\/wp-json\/wp\/v2\/product"}],"about":[{"href":"https:\/\/ayaneo.co\/fi\/wp-json\/wp\/v2\/types\/product"}],"wp:featuredmedia":[{"embeddable":true,"href":"https:\/\/ayaneo.co\/fi\/wp-json\/wp\/v2\/media\/14098"}],"wp:attachment":[{"href":"https:\/\/ayaneo.co\/fi\/wp-json\/wp\/v2\/media?parent=13966"}],"wp:term":[{"taxonomy":"product_brand","embeddable":true,"href":"https:\/\/ayaneo.co\/fi\/wp-json\/wp\/v2\/product_brand?post=13966"},{"taxonomy":"product_cat","embeddable":true,"href":"https:\/\/ayaneo.co\/fi\/wp-json\/wp\/v2\/product_cat?post=13966"},{"taxonomy":"product_tag","embeddable":true,"href":"https:\/\/ayaneo.co\/fi\/wp-json\/wp\/v2\/product_tag?post=13966"}],"curies":[{"name":"wp","href":"https:\/\/api.w.org\/{rel}","templated":true}]}}