{"id":14696,"date":"2025-05-08T13:01:34","date_gmt":"2025-05-08T13:01:34","guid":{"rendered":"https:\/\/ayaneo.co\/product\/ayaneo-ag01-starshipin-grafiikkatelakka\/"},"modified":"2026-01-06T00:31:24","modified_gmt":"2026-01-06T00:31:24","slug":"ayaneo-ag01","status":"publish","type":"product","link":"https:\/\/ayaneo.co\/fi\/product\/ayaneo-ag01\/","title":{"rendered":"AYANEO AG01 Starshipin grafiikkatelakka"},"content":{"rendered":"\n<figure class=\"wp-block-video\"><video height=\"1080\" style=\"aspect-ratio: 1920 \/ 1080;\" width=\"1920\" controls=\"\" poster=\"https:\/\/ayaneo.co\/wp-content\/uploads\/2025\/05\/maxresdefault-4.jpg\" src=\"https:\/\/ayaneo.co\/wp-content\/uploads\/2025\/05\/AYANEO-AG01-Starship-Graphic-Dock_-Salute-to-The-Era-of-Space-Science-Explore-The-Gaming-World.mp4\"><\/video><\/figure>\n\n<h2 class=\"wp-block-heading\" id=\"h-introducing-the-ayaneo-ag01-starship-graphics-dock-power-precision-and-portability-redefined\">Esittelyss\u00e4 AYANEO AG01 Starship Graphics Dock: Teho, tarkkuus ja siirrett\u00e4vyys uudelleenm\u00e4\u00e4riteltyin\u00e4<\/h2>\n\n<p><strong>AYANEO AG01 Starship Graphics Dock<\/strong> aloittaa uuden aikakauden ulkoisissa n\u00e4yt\u00f6nohjainratkaisuissa, jotka on r\u00e4\u00e4t\u00e4l\u00f6ity pelaajille, luovan ty\u00f6n tekij\u00f6ille ja ammattilaisille, jotka vaativat huippusuorituskyky\u00e4. Futuristisen teollisen muotoilun, huippuluokan AMD Radeon RX 7600M XT -n\u00e4yt\u00f6nohjaimen ja vankan yhteensopivuuden Windows- ja Linux -j\u00e4rjestelmien kanssa AG01 ei ole pelkk\u00e4 lis\u00e4varuste, vaan se on l\u00e4ht\u00f6kohta tinkim\u00e4tt\u00f6m\u00e4lle ty\u00f6p\u00f6yt\u00e4luokan teholle tien p\u00e4\u00e4ll\u00e4.   <\/p>\n\n<figure class=\"wp-block-image size-full\"><a href=\"https:\/\/ayaneo.co\/wp-content\/uploads\/2025\/05\/AYANEO-AG01-GRAPHICS_DOCK-MARKETING-IMAGE-DONE-1-1024x576-1.jpg\"><img fetchpriority=\"high\" decoding=\"async\" width=\"1024\" height=\"576\" src=\"https:\/\/ayaneo.co\/wp-content\/uploads\/2025\/05\/AYANEO-AG01-GRAPHICS_DOCK-MARKETING-IMAGE-DONE-1-1024x576-1.jpg\" alt=\"Synkk&#xE4; scifi-teemainen mainoskuva AYANEO AG01:st&#xE4;, jossa ylin tuuletinrengas hehkuu oranssina ja laitteen siluetti on osittain valaistu, mik&#xE4; viittaa avaruuteen.\" class=\"wp-image-37414\" srcset=\"https:\/\/ayaneo.co\/wp-content\/uploads\/2025\/05\/AYANEO-AG01-GRAPHICS_DOCK-MARKETING-IMAGE-DONE-1-1024x576-1.jpg 1024w, https:\/\/ayaneo.co\/wp-content\/uploads\/2025\/05\/AYANEO-AG01-GRAPHICS_DOCK-MARKETING-IMAGE-DONE-1-1024x576-1-300x169.jpg 300w, https:\/\/ayaneo.co\/wp-content\/uploads\/2025\/05\/AYANEO-AG01-GRAPHICS_DOCK-MARKETING-IMAGE-DONE-1-1024x576-1-768x432.jpg 768w, https:\/\/ayaneo.co\/wp-content\/uploads\/2025\/05\/AYANEO-AG01-GRAPHICS_DOCK-MARKETING-IMAGE-DONE-1-1024x576-1-990x557.jpg 990w, https:\/\/ayaneo.co\/wp-content\/uploads\/2025\/05\/AYANEO-AG01-GRAPHICS_DOCK-MARKETING-IMAGE-DONE-1-1024x576-1-441x248.jpg 441w, https:\/\/ayaneo.co\/wp-content\/uploads\/2025\/05\/AYANEO-AG01-GRAPHICS_DOCK-MARKETING-IMAGE-DONE-1-1024x576-1-600x338.jpg 600w, https:\/\/ayaneo.co\/wp-content\/uploads\/2025\/05\/AYANEO-AG01-GRAPHICS_DOCK-MARKETING-IMAGE-DONE-1-1024x576-1-150x84.jpg 150w\" sizes=\"(max-width: 1024px) 100vw, 1024px\" \/><\/a><\/figure>\n\n<p>OCuLink- ja USB4-liit\u00e4nt\u00f6jen huippuluokan integrointi tekee siit\u00e4 yhden monipuolisimmista t\u00e4ll\u00e4 hetkell\u00e4 saatavilla olevista eGPU-telakoista. AG01:n pienikokoinen tilantarve takaa ensiluokkaisen grafiikkatehon liikkuvuudesta tinkim\u00e4tt\u00e4, halusitpa sitten nostaa ruudunp\u00e4ivitysnopeutta kannettavassa konsolissa tai lis\u00e4t\u00e4 tuottavuutta kompaktissa kannettavassa tietokoneessa. Tervetuloa ulkoisten n\u00e4yt\u00f6nohjainten seuraavaan sukupolveen - rohkea, kaunis ja taisteluvalmis.  <\/p>\n\n<hr class=\"wp-block-separator has-alpha-channel-opacity\"\/>\n\n<h2 class=\"wp-block-heading\" id=\"h-ayaneo-ag01-starship-grade-external-gpu-dock\">AYANEO AG01 - Starship-luokan ulkoinen n\u00e4yt\u00f6nohjaimen telakka<\/h2>\n\n<p><strong>AG01 Starship Graphics Dock<\/strong> on modernin tekniikan ja taiteellisen suunnittelun mestariteos. Se on saanut inspiraationsa futuristisen avaruusaluksen estetiikasta, ja siin\u00e4 yhdistyv\u00e4t kannettavuus ja suorituskyky vain 18 cm leve\u00e4ss\u00e4 ja alle 900 g painavassa rungossa. Sen eritt\u00e4in tehokas l\u00e4mp\u00f6suunnittelu, jota on vahvistettu turbiinityylisell\u00e4 j\u00e4\u00e4hdytysj\u00e4rjestelm\u00e4ll\u00e4 ja ilmakanavilla, takaa pitk\u00e4kestoisen suorituskyvyn ilman kuristumista jopa intensiivisten peli- tai render\u00f6intisessioiden aikana.  <\/p>\n\n<figure class=\"wp-block-image size-full\"><a href=\"https:\/\/ayaneo.co\/wp-content\/uploads\/2025\/05\/AYANEO-AG01-GRAPHICS_DOCK-MARKETING-IMAGE-DONE-2-1024x855-1.jpg\"><img decoding=\"async\" width=\"1024\" height=\"855\" src=\"https:\/\/ayaneo.co\/wp-content\/uploads\/2025\/05\/AYANEO-AG01-GRAPHICS_DOCK-MARKETING-IMAGE-DONE-2-1024x855-1.jpg\" alt=\"AYANEO AG01:n kohokohdat futuristisessa ruudukkoasettelussa, mukaan lukien RX 7600M XT -piiri, RGB-valaistus, mukautettava nimikilpi, j&#xE4;&#xE4;hdytysj&#xE4;rjestelm&#xE4; ja I\/O-laajennusominaisuudet.\" class=\"wp-image-37415\" srcset=\"https:\/\/ayaneo.co\/wp-content\/uploads\/2025\/05\/AYANEO-AG01-GRAPHICS_DOCK-MARKETING-IMAGE-DONE-2-1024x855-1.jpg 1024w, https:\/\/ayaneo.co\/wp-content\/uploads\/2025\/05\/AYANEO-AG01-GRAPHICS_DOCK-MARKETING-IMAGE-DONE-2-1024x855-1-300x250.jpg 300w, https:\/\/ayaneo.co\/wp-content\/uploads\/2025\/05\/AYANEO-AG01-GRAPHICS_DOCK-MARKETING-IMAGE-DONE-2-1024x855-1-768x641.jpg 768w, https:\/\/ayaneo.co\/wp-content\/uploads\/2025\/05\/AYANEO-AG01-GRAPHICS_DOCK-MARKETING-IMAGE-DONE-2-1024x855-1-990x827.jpg 990w, https:\/\/ayaneo.co\/wp-content\/uploads\/2025\/05\/AYANEO-AG01-GRAPHICS_DOCK-MARKETING-IMAGE-DONE-2-1024x855-1-441x368.jpg 441w, https:\/\/ayaneo.co\/wp-content\/uploads\/2025\/05\/AYANEO-AG01-GRAPHICS_DOCK-MARKETING-IMAGE-DONE-2-1024x855-1-600x501.jpg 600w, https:\/\/ayaneo.co\/wp-content\/uploads\/2025\/05\/AYANEO-AG01-GRAPHICS_DOCK-MARKETING-IMAGE-DONE-2-1024x855-1-150x125.jpg 150w\" sizes=\"(max-width: 1024px) 100vw, 1024px\" \/><\/a><\/figure>\n\n<p>RDNA3-arkkitehtuuriin perustuvalla <strong>AMD Radeon RX 7600M XT<\/strong> -n\u00e4yt\u00f6nohjaimella varustettu AG01 tukee huippuluokan AAA-pelaamista, videonmuokkausta ja 3D-render\u00f6inti\u00e4 poikkeuksellisen tehokkaasti. Se on ihanteellinen kumppani kannettaville pelilaitteille, kuten AYANEO 2S, KUN, ja jopa muille kuinAYANEO -laitteille OCuLinkin ja USB4:n kautta, kuten Steam Deck, ROG Ally ja muille. <\/p>\n\n<hr class=\"wp-block-separator has-alpha-channel-opacity\"\/>\n\n<h2 class=\"wp-block-heading\" id=\"h-performance-that-launches-beyond-limits\">Suorituskyky, joka ylitt\u00e4\u00e4 rajat<\/h2>\n\n<p><strong>Graafinen tehokeskus:<\/strong> <strong>Si<\/strong> in\u00e4 on 32 laskentayksikk\u00f6\u00e4, 8 Gt GDDR6-muistia ja 2300 MHz:n maksimikellotaajuus. T\u00e4m\u00e4 voimanpes\u00e4 tarjoaa sujuvan 1080p- ja jopa 1440p-pelaamisen, ja se loistaa suorituskykyisiss\u00e4 sovelluksissa AAA-peleist\u00e4 GPU-kiihdytettyihin luoviin ty\u00f6nkulkuihin. <\/p>\n\n<p><strong>Kehittynyt j\u00e4\u00e4hdytysj\u00e4rjestelm\u00e4:<\/strong> AG01:ss\u00e4 on perinteisist\u00e4 eGPU:ista poiketen ainutlaatuisesti suunniteltu j\u00e4\u00e4hdytysj\u00e4rjestelm\u00e4, jossa on kaksi ilmanottoaukkoa ja tehokas puhallin. T\u00e4m\u00e4 muotoilu maksimoi ilmavirran ja pit\u00e4\u00e4 samalla alhaisen melun, mik\u00e4 mahdollistaa jatkuvan suorituskyvyn my\u00f6s pitkien istuntojen aikana. <\/p>\n\n<hr class=\"wp-block-separator has-alpha-channel-opacity\"\/>\n\n<h2 class=\"wp-block-heading\" id=\"h-seamless-connectivity\">Saumaton liitett\u00e4vyys<\/h2>\n\n<figure class=\"wp-block-image size-full\"><a href=\"https:\/\/ayaneo.co\/wp-content\/uploads\/2025\/05\/AYANEO-AG01-GRAPHICS_DOCK-MARKETING-IMAGE-DONE-3-1024x576-1.jpg\"><img decoding=\"async\" width=\"1024\" height=\"576\" src=\"https:\/\/ayaneo.co\/wp-content\/uploads\/2025\/05\/AYANEO-AG01-GRAPHICS_DOCK-MARKETING-IMAGE-DONE-3-1024x576-1.jpg\" alt=\"Kaavio, joka esittelee AYANEO AG01 Graphics Dockin takaosan I\/O-asettelun, jossa on merkitty portit, kuten DP 2.0, HDMI 2.1, OCuLink, USB4, DC, RJ45 ja USB 3.2 Gen 2.\" class=\"wp-image-37416\" srcset=\"https:\/\/ayaneo.co\/wp-content\/uploads\/2025\/05\/AYANEO-AG01-GRAPHICS_DOCK-MARKETING-IMAGE-DONE-3-1024x576-1.jpg 1024w, https:\/\/ayaneo.co\/wp-content\/uploads\/2025\/05\/AYANEO-AG01-GRAPHICS_DOCK-MARKETING-IMAGE-DONE-3-1024x576-1-300x169.jpg 300w, https:\/\/ayaneo.co\/wp-content\/uploads\/2025\/05\/AYANEO-AG01-GRAPHICS_DOCK-MARKETING-IMAGE-DONE-3-1024x576-1-768x432.jpg 768w, https:\/\/ayaneo.co\/wp-content\/uploads\/2025\/05\/AYANEO-AG01-GRAPHICS_DOCK-MARKETING-IMAGE-DONE-3-1024x576-1-990x557.jpg 990w, https:\/\/ayaneo.co\/wp-content\/uploads\/2025\/05\/AYANEO-AG01-GRAPHICS_DOCK-MARKETING-IMAGE-DONE-3-1024x576-1-441x248.jpg 441w, https:\/\/ayaneo.co\/wp-content\/uploads\/2025\/05\/AYANEO-AG01-GRAPHICS_DOCK-MARKETING-IMAGE-DONE-3-1024x576-1-600x338.jpg 600w, https:\/\/ayaneo.co\/wp-content\/uploads\/2025\/05\/AYANEO-AG01-GRAPHICS_DOCK-MARKETING-IMAGE-DONE-3-1024x576-1-150x84.jpg 150w\" sizes=\"(max-width: 1024px) 100vw, 1024px\" \/><\/a><\/figure>\n\n<p><strong>OCuLink- ja USB4-valmius:<\/strong> AG01 tukee <strong>OCuLink SFF-8612-<\/strong> ja <strong>USB4-liit\u00e4nt\u00f6j\u00e4<\/strong>, jotka mahdollistavat matalan viiveen ja suuren kaistanleveyden yhteydet ja tarjoavat laajan yhteensopivuuden kannettavien tietokoneiden ja kannettavien tietokoneiden kanssa. OCuLink tarjoaa ylivoimaisen n\u00e4yt\u00f6nohjaimen suorituskyvyn ohittamalla perinteisten Thunderbolt-yhteyksien pullonkaulat, mik\u00e4 tekee siit\u00e4 parhaan valinnan vakaville pelaajille ja luojille. <\/p>\n\n<p><strong>Monipuolinen laitetuki:<\/strong> AG01 mukautuu helposti, olipa kyseess\u00e4 sitten AYANEO k\u00e4mmenlaite, Steam Deck tai kompakti Windows\/Linux -laite. Se tukee plug-and-play-toiminnallisuutta, eik\u00e4 useimmissa j\u00e4rjestelmiss\u00e4 tarvita BIOS-virityksi\u00e4. <\/p>\n\n<hr class=\"wp-block-separator has-alpha-channel-opacity\"\/>\n\n<h2 class=\"wp-block-heading\" id=\"h-built-to-travel-designed-to-impress\">Rakennettu matkustamaan, suunniteltu tekem\u00e4\u00e4n vaikutuksen<\/h2>\n\n<p><strong>Kompakti ja kevyt:<\/strong> AG01 on vain 18 cm x 6,3 cm x 3 cm ja painaa 869 g, joten se on yksi maailman pienimmist\u00e4 korkean suorituskyvyn eGPU-telakoista. Sen avaruusajan muotoilu sopii hyvin ty\u00f6p\u00f6yd\u00e4lle tai tekniseen laukkuun. <\/p>\n\n<p><strong>Ensiluokkaiset materiaalit:<\/strong> Se yhdist\u00e4\u00e4 kest\u00e4vyyden, l\u00e4mp\u00f6tehokkuuden ja tyylikk\u00e4\u00e4n estetiikan.<\/p>\n\n<figure class=\"wp-block-image size-full\"><a href=\"https:\/\/ayaneo.co\/wp-content\/uploads\/2025\/05\/AYANEO-AG01-GRAPHICS_DOCK-MARKETING-IMAGE-DONE-8-1024x576-1.jpg\"><img loading=\"lazy\" decoding=\"async\" width=\"1024\" height=\"576\" src=\"https:\/\/ayaneo.co\/wp-content\/uploads\/2025\/05\/AYANEO-AG01-GRAPHICS_DOCK-MARKETING-IMAGE-DONE-8-1024x576-1.jpg\" alt=\"Dramaattinen kuva AYANEO AG01:n kahdesta metallisesta rungon osasta, jotka erottuvat kesken&#xE4;&#xE4;n ja korostavat sen hienosti muotoiltua metallirunkoa t&#xE4;htiavaruuden taustaa vasten.\" class=\"wp-image-37417\" srcset=\"https:\/\/ayaneo.co\/wp-content\/uploads\/2025\/05\/AYANEO-AG01-GRAPHICS_DOCK-MARKETING-IMAGE-DONE-8-1024x576-1.jpg 1024w, https:\/\/ayaneo.co\/wp-content\/uploads\/2025\/05\/AYANEO-AG01-GRAPHICS_DOCK-MARKETING-IMAGE-DONE-8-1024x576-1-300x169.jpg 300w, https:\/\/ayaneo.co\/wp-content\/uploads\/2025\/05\/AYANEO-AG01-GRAPHICS_DOCK-MARKETING-IMAGE-DONE-8-1024x576-1-768x432.jpg 768w, https:\/\/ayaneo.co\/wp-content\/uploads\/2025\/05\/AYANEO-AG01-GRAPHICS_DOCK-MARKETING-IMAGE-DONE-8-1024x576-1-990x557.jpg 990w, https:\/\/ayaneo.co\/wp-content\/uploads\/2025\/05\/AYANEO-AG01-GRAPHICS_DOCK-MARKETING-IMAGE-DONE-8-1024x576-1-441x248.jpg 441w, https:\/\/ayaneo.co\/wp-content\/uploads\/2025\/05\/AYANEO-AG01-GRAPHICS_DOCK-MARKETING-IMAGE-DONE-8-1024x576-1-600x338.jpg 600w, https:\/\/ayaneo.co\/wp-content\/uploads\/2025\/05\/AYANEO-AG01-GRAPHICS_DOCK-MARKETING-IMAGE-DONE-8-1024x576-1-150x84.jpg 150w\" sizes=\"(max-width: 1024px) 100vw, 1024px\" \/><\/a><\/figure>\n\n<hr class=\"wp-block-separator has-alpha-channel-opacity\"\/>\n\n<h2 class=\"wp-block-heading\" id=\"h-user-experience\">K\u00e4ytt\u00e4j\u00e4kokemus<\/h2>\n\n<p>AG01 asettaa uuden riman k\u00e4ytt\u00e4j\u00e4yst\u00e4v\u00e4lliselle suorituskyvylle. Sen ajuriton tuki Windowsille ja Linux, saumaton laiteyhteensopivuus ja plug-and-play-asennus tekev\u00e4t siit\u00e4 ihanteellisen sek\u00e4 uusille tulokkaille ett\u00e4 tekniikan harrastajille. Suoratoistat, suunnittelet, pelaat tai k\u00e4yt\u00e4t useita n\u00e4ytt\u00f6j\u00e4, AG01 tarjoaa sujuvan ja vaikuttavan kokemuksen.  <\/p>\n\n<hr class=\"wp-block-separator has-alpha-channel-opacity\"\/>\n\n<h2 class=\"wp-block-heading\" id=\"h-conclusion\">P\u00e4\u00e4telm\u00e4<\/h2>\n\n<p><strong>AYANEO AG01 Starship Graphics Dock<\/strong> on enemm\u00e4n kuin pelkk\u00e4 ulkoinen n\u00e4yt\u00f6nohjain - se on hyppy tulevaisuuteen, jossa siirrett\u00e4vyys kohtaa todellisen ty\u00f6p\u00f6yt\u00e4tason suorituskyvyn. Radeon RX 7600M XT -moottorin, kahden liit\u00e4nn\u00e4n liitett\u00e4vyyden ja taidokkaan muotoilun ansiosta AG01 m\u00e4\u00e4rittelee uudelleen, mik\u00e4 on mahdollista kannettavassa tietojenk\u00e4sittelyss\u00e4. <\/p>\n\n<p>Tilaa AG01 nyt ennakkoon ja tule osaksi uuden sukupolven pelaajien ja luovien tekij\u00f6iden joukkoa, jotka k\u00e4ytt\u00e4v\u00e4t tinkim\u00e4t\u00f6nt\u00e4 tehoa kaikkialla.  <strong>AYANEO, t\u00e4hdet ovat vasta alkua.<\/strong><\/p>\n","protected":false},"excerpt":{"rendered":"<ul>\n<li><strong>Radeon\u2122 RX 7600M XT<\/strong> -n\u00e4yt\u00f6nohjain, jossa on RDNA 3 -arkkitehtuuri.<\/li>\n<li><strong>Kaksoisliit\u00e4nt\u00e4:<\/strong> C-tyyppi, 65W PD): OCuLink &amp; USB 4.0 (Type-C, 65W PD)<\/li>\n<li><strong>Kompakti ja kevyt:<\/strong> Kannettava t\u00e4htialuksen innoittama muotoilu<\/li>\n<li><strong>Optimoitu j\u00e4\u00e4hdytys:<\/strong> Tehokas turbiinituuletinj\u00e4rjestelm\u00e4<\/li>\n<li><strong>Yhteensopiva:<\/strong> AYANEO 2S, KUN, FLIP DS, ROG Ally, Steam Deck<\/li>\n<\/ul>\n[cg_accordion title=\"MAKSUTIEDOT\"]<\/p>\n<p>K\u00e4yt\u00e4mme uusinta teknologiaa maksujen k\u00e4sittelyss\u00e4, jonka avulla voit tehd\u00e4 maksun Apple Payn, Google Payn, pankki- tai luottokortin, PayPalin tai BNPL-menetelmien, kuten Klarna, Affirm tai AfterPay, avulla nopean ja turvallisen maksukokemuksen.[\/cg_accordion]\n[cg_accordion title=\"TAKUU\"]<\/p>\n<p>1 vuoden takuu <a href=\"https:\/\/droix.net\/\" target=\"_blank\" rel=\"nofollow noopener\">DROIX Global ilta mielenrauhasi vuoksi<\/a> [\/cg_accordion]\n[cg_accordion title=\"LAADUNVARMISTUS JA L\u00c4HETYST\u00c4 EDELT\u00c4V\u00c4 TESTAUS\"]<\/p>\n<p>Asiakastyytyv\u00e4isyyden varmistaminen korkeimmalla tasolla: Jokainen laite testataan tiukasti ja sille tehd\u00e4\u00e4n monipisteinen laadunvarmistustarkastus ennen sen l\u00e4hett\u00e4mist\u00e4. Asialle omistautunut tiimimme tarkistaa suorituskyvyn, toimivuuden ja komponenttien eheyden, jotta AYANEO-laitteesi on saapuessaan t\u00e4ydellisess\u00e4 toimintakunnossa, mik\u00e4 antaa sinulle luottamusta ja mielenrauhaa. [\/cg_accordion]\n[cg_accordion title=\"HINNOITTELU, VEROT JA TOIMITUKSET\"]<\/p>\n<p><strong><u>Huom:<\/u><\/strong><\/p>\n<ul>\n<li>Yhdysvallat Asiakkaat: Asiakkaat: N\u00e4ytetty hinta EI sis\u00e4ll\u00e4 veroja eik\u00e4 tulleja. Vastuu tulliselvityksest\u00e4 ja siihen liittyvien verojen\/tullien maksamisesta on asiakkaalla. <\/li>\n<li>EU:n asiakkaat: N\u00e4ytetty hinta sis\u00e4lt\u00e4\u00e4 sovellettavan veron, joka voi olla jopa 25 % maastasi riippuen.<\/li>\n<li>Kanada Asiakkaat: N\u00e4ytetty hinta sis\u00e4lt\u00e4\u00e4 sovellettavat verot, joihin voi sis\u00e4lty\u00e4 5 % GST ja ylim\u00e4\u00e4r\u00e4isi\u00e4 maakunnallisia myyntiveroja (PST), harmonisoitua myyntiveroa (HST) tai Quebecin myyntiveroa (QST) maakunnasta riippuen.<\/li>\n<\/ul>\n<p><strong>AINOASTAAN EU:n asiakkaille:<\/strong> Express DDP (Delivered Duty Paid). T\u00e4m\u00e4 tarkoittaa: <\/p>\n<ul>\n<li>Kaikki tullit ja verot sis\u00e4ltyv\u00e4t tuotesivulla ilmoitettuun hintaan.<\/li>\n<li>Sinun ei tarvitse maksaa lis\u00e4maksuja toimituksen yhteydess\u00e4.<\/li>\n<li>Harvinaisissa tulliin liittyviss\u00e4 tapauksissa tiimimme hoitaa tulliselvitysprosessin puolestasi varmistaakseen sujuvan toimituksen.<\/li>\n<p>T\u00e4rke\u00e4\u00e4 tietoa palautuksista:<\/p>\n<li>Jos p\u00e4\u00e4t\u00e4t palauttaa tilauksesi tai pyyt\u00e4\u00e4 palautusta, ota huomioon, ett\u00e4 DDP-ehtojen mukaisesti puolestasi maksettuja veroja ja tulleja ei voida palauttaa.<\/li>\n<p>Katso yksityiskohtaiset tiedot <a href=\"https:\/\/ayaneo.co\/fi\/kayttoehdot\/\" target=\"_blank\" rel=\"nofollow noopener\">k\u00e4ytt\u00f6ehdoistamme<\/a>.\n<\/ul>\n<p>[\/cg_accordion]\n[cg_accordion title=\"ASIAKASTUKI\"]<\/p>\n<p>Onko kysytt\u00e4v\u00e4\u00e4? Olemme lyhyen tekstiviestin p\u00e4\u00e4ss\u00e4 siit\u00e4, ett\u00e4 ongelmasi on ratkaistu! [\/cg_accordion]\n[cg_accordion title=\"PAKETTI SIS\u00c4LT\u00c4\u00c4\"]<\/p>\n<ul>\n<li>1x AYANEO AG01 Starship Graphics Dock -telakka<\/li>\n<li>1x USB Type-C-kaapeli<\/li>\n<li>1x K\u00e4ytt\u00f6ohje<\/li>\n<\/ul>\n<p>[\/cg_accordion]\n","protected":false},"featured_media":14445,"template":"","meta":{"_acf_changed":false},"product_brand":[],"product_cat":[556],"product_tag":[],"class_list":{"0":"post-14696","1":"product","2":"type-product","3":"status-publish","4":"has-post-thumbnail","6":"product_cat-tarvikkeet","7":"product_shipping_class-premium","8":"pa_brand-ayaneo","9":"pa_graphics-gpu-model-radeon-rx-7600m-xt","11":"first","12":"outofstock","13":"sale","14":"taxable","15":"shipping-taxable","16":"purchasable","17":"product-type-variable","18":"has-default-attributes"},"acf":[],"_links":{"self":[{"href":"https:\/\/ayaneo.co\/fi\/wp-json\/wp\/v2\/product\/14696","targetHints":{"allow":["GET"]}}],"collection":[{"href":"https:\/\/ayaneo.co\/fi\/wp-json\/wp\/v2\/product"}],"about":[{"href":"https:\/\/ayaneo.co\/fi\/wp-json\/wp\/v2\/types\/product"}],"wp:featuredmedia":[{"embeddable":true,"href":"https:\/\/ayaneo.co\/fi\/wp-json\/wp\/v2\/media\/14445"}],"wp:attachment":[{"href":"https:\/\/ayaneo.co\/fi\/wp-json\/wp\/v2\/media?parent=14696"}],"wp:term":[{"taxonomy":"product_brand","embeddable":true,"href":"https:\/\/ayaneo.co\/fi\/wp-json\/wp\/v2\/product_brand?post=14696"},{"taxonomy":"product_cat","embeddable":true,"href":"https:\/\/ayaneo.co\/fi\/wp-json\/wp\/v2\/product_cat?post=14696"},{"taxonomy":"product_tag","embeddable":true,"href":"https:\/\/ayaneo.co\/fi\/wp-json\/wp\/v2\/product_tag?post=14696"}],"curies":[{"name":"wp","href":"https:\/\/api.w.org\/{rel}","templated":true}]}}