{"id":25122,"date":"2025-06-27T08:57:04","date_gmt":"2025-06-27T08:57:04","guid":{"rendered":"https:\/\/ayaneo.co\/?post_type=product&#038;p=25122"},"modified":"2025-12-09T00:29:43","modified_gmt":"2025-12-09T00:29:43","slug":"ayaneo-pocket-micro-case-copy","status":"publish","type":"product","link":"https:\/\/ayaneo.co\/fi\/product\/ayaneo-pocket-micro-case-copy\/","title":{"rendered":"AYANEO Pocket DMG Case"},"content":{"rendered":"\n<h2 class=\"wp-block-heading\" id=\"h-product-overview\">Tuotteen yleiskatsaus:<\/h2>\n\n<p><strong>AYANEO Pocket DMG -kotelo on<\/strong> t\u00e4ydellinen lis\u00e4varuste pelaajille, jotka arvostavat tyyli\u00e4 ja suojaa. T\u00e4m\u00e4 kotelo on suunniteltu sopimaan AYANEO Pocket DMG -konsoliin tiiviisti, ja siin\u00e4 yhdistyv\u00e4t ensiluokkaiset materiaalit ja kompakti muoto, mik\u00e4 takaa, ett\u00e4 pelilaitteesi pysyy turvassa miss\u00e4 ikin\u00e4 oletkin. <\/p>\n\n<hr class=\"wp-block-separator has-alpha-channel-opacity\"\/>\n\n<h2 class=\"wp-block-heading\" id=\"h-key-features\">T\u00e4rkeimm\u00e4t ominaisuudet:<\/h2>\n\n<p><strong>Kompakti muotoilu r\u00e4\u00e4t\u00e4l\u00f6ity<\/strong> AYANEO Pocket DMG:lle.<\/p>\n\n<p>Kest\u00e4v\u00e4t materiaalit <strong>parantavat suojaa.<\/strong><\/p>\n\n<p>Kevyt ja kannettava, jotta se on <strong>k\u00e4tev\u00e4 my\u00f6s matkalla.<\/strong><\/p>\n\n<p>Pehme\u00e4 sis\u00e4vuori <strong>est\u00e4\u00e4 naarmuja.<\/strong><\/p>\n\n<p>Tyylik\u00e4s ja tyylik\u00e4s ulkokuori <strong>modernia estetiikkaa<\/strong> varten <strong>.<\/strong><\/p>\n\n<hr class=\"wp-block-separator has-alpha-channel-opacity\"\/>\n\n<h2 class=\"wp-block-heading\" id=\"h-why-choose-the-ayaneo-pocket-micro-case\">Miksi valita AYANEO Pocket DMG Case?<\/h2>\n\n<p>Suojaa investointisi AYANEO Pocket DMG -kotelolla, joka on suunniteltu pit\u00e4m\u00e4\u00e4n konsoli turvassa naarmuilta, p\u00f6lylt\u00e4 ja pienilt\u00e4 iskuilta. Sen kevyt ja kompakti muotoilu tekee siit\u00e4 ihanteellisen matkakumppanin, olitpa sitten menossa pelisessioon yst\u00e4vien kanssa tai ottamassa konsoliasi mukaan matkalle. <\/p>\n\n<hr class=\"wp-block-separator has-alpha-channel-opacity\"\/>\n\n<h3 class=\"wp-block-heading\" id=\"h-specifications\">Tekniset tiedot:<\/h3>\n\n<ul class=\"wp-block-list\">\n<li><strong>Materiaali:<\/strong> Materiaali: Kest\u00e4v\u00e4 kangas tai synteettinen nahka<\/li>\n\n\n\n<li><strong>Yhteensopivuus:<\/strong> AYANEO Pocket DMG konsoli: AYANEO Pocket DMG konsoli<\/li>\n\n\n\n<li><strong>Ominaisuudet:<\/strong> Naarmuuntumaton, kevyt ja kannettava.<\/li>\n<\/ul>\n\n<p>Paranna pelikokemustasi AYANEO Pocket DMG -kotelolla - t\u00e4ydellinen yhdistelm\u00e4 suojausta ja siirrett\u00e4vyytt\u00e4!<\/p>\n\n<p><\/p>\n","protected":false},"excerpt":{"rendered":"<ul>\n<li><strong>Kompakti muotoilu r\u00e4\u00e4t\u00e4l\u00f6ity<\/strong> AYANEO Pocket DMG:lle.<\/li>\n<li>Kest\u00e4v\u00e4t materiaalit <strong>parantavat suojaa.<\/strong><\/li>\n<li>Kevyt ja kannettava, jotta se on <strong>k\u00e4tev\u00e4 my\u00f6s matkalla.<\/strong><\/li>\n<li>Pehme\u00e4 sis\u00e4vuori <strong>est\u00e4\u00e4 naarmuja.<\/strong><\/li>\n<li>Tyylik\u00e4s ja tyylik\u00e4s ulkokuori <strong>modernia estetiikkaa<\/strong> varten <strong>.<\/strong><\/li>\n<\/ul>\n[cg_accordion title=\"MAKSUTIEDOT\"]<\/p>\n<p>K\u00e4yt\u00e4mme uusinta teknologiaa maksujen k\u00e4sittelyss\u00e4, jonka avulla voit tehd\u00e4 maksun Apple Payn, Google Payn, pankki- tai luottokortin, PayPalin tai BNPL-menetelmien, kuten Klarna, Affirm tai AfterPay, avulla nopean ja turvallisen maksukokemuksen.[\/cg_accordion]\n[cg_accordion title=\"TAKUU\"]<\/p>\n<p>1 vuoden takuu <a href=\"https:\/\/droix.net\/\" target=\"_blank\" rel=\"nofollow noopener\">DROIX Global ilta mielenrauhasi vuoksi<\/a> [\/cg_accordion]\n[cg_accordion title=\"HINNOITTELU, VEROT JA TOIMITUKSET\"]<\/p>\n<p><strong><u>Huom:<\/u><\/strong><\/p>\n<ul>\n<li>Yhdysvallat Asiakkaat: Asiakkaat: N\u00e4ytetty hinta EI sis\u00e4ll\u00e4 veroja eik\u00e4 tulleja. Vastuu tulliselvityksest\u00e4 ja siihen liittyvien verojen\/tullien maksamisesta on asiakkaalla. <\/li>\n<li>EU:n asiakkaat: N\u00e4ytetty hinta sis\u00e4lt\u00e4\u00e4 sovellettavan veron, joka voi olla jopa 25 % maastasi riippuen.<\/li>\n<li>Kanada Asiakkaat: N\u00e4ytetty hinta sis\u00e4lt\u00e4\u00e4 sovellettavat verot, joihin voi sis\u00e4lty\u00e4 5 % GST ja ylim\u00e4\u00e4r\u00e4isi\u00e4 maakunnallisia myyntiveroja (PST), harmonisoitua myyntiveroa (HST) tai Quebecin myyntiveroa (QST) maakunnasta riippuen.<\/li>\n<\/ul>\n<p><strong>AINOASTAAN EU:n asiakkaille:<\/strong> Express DDP (Delivered Duty Paid). T\u00e4m\u00e4 tarkoittaa: <\/p>\n<ul>\n<li>Kaikki tullit ja verot sis\u00e4ltyv\u00e4t tuotesivulla ilmoitettuun hintaan.<\/li>\n<li>Sinun ei tarvitse maksaa lis\u00e4maksuja toimituksen yhteydess\u00e4.<\/li>\n<li>Harvinaisissa tulliin liittyviss\u00e4 tapauksissa tiimimme hoitaa tulliselvitysprosessin puolestasi varmistaakseen sujuvan toimituksen.<\/li>\n<p>T\u00e4rke\u00e4\u00e4 tietoa palautuksista:<\/p>\n<li>Jos p\u00e4\u00e4t\u00e4t palauttaa tilauksesi tai pyyt\u00e4\u00e4 palautusta, ota huomioon, ett\u00e4 DDP-ehtojen mukaisesti puolestasi maksettuja veroja ja tulleja ei voida palauttaa.<\/li>\n<p>Katso yksityiskohtaiset tiedot <a href=\"https:\/\/ayaneo.co\/fi\/kayttoehdot\/\" target=\"_blank\" rel=\"nofollow noopener\">k\u00e4ytt\u00f6ehdoistamme<\/a>.\n<\/ul>\n<p>[\/cg_accordion]\n[cg_accordion title=\"ASIAKASTUKI\"]<\/p>\n<p>Onko kysytt\u00e4v\u00e4\u00e4? Olemme lyhyen tekstiviestin p\u00e4\u00e4ss\u00e4 siit\u00e4, ett\u00e4 ongelmasi on ratkaistu!<br \/>\n[\/cg_accordion]\n[cg_accordion title=\"Paketti sis\u00e4lt\u00e4\u00e4\"]<\/p>\n<ul>\n<li>1x AYANEO Pocket DMG kotelo<\/li>\n<\/ul>\n<p>[\/cg_accordion]\n","protected":false},"featured_media":25153,"template":"","meta":{"_acf_changed":false},"product_brand":[],"product_cat":[556],"product_tag":[],"class_list":{"0":"post-25122","1":"product","2":"type-product","3":"status-publish","4":"has-post-thumbnail","6":"product_cat-tarvikkeet","7":"product_shipping_class-low-end","8":"pa_accessory-type-protective-case-fi","9":"pa_brand-ayaneo","11":"first","12":"instock","13":"sale","14":"taxable","15":"shipping-taxable","16":"purchasable","17":"product-type-simple"},"acf":[],"_links":{"self":[{"href":"https:\/\/ayaneo.co\/fi\/wp-json\/wp\/v2\/product\/25122","targetHints":{"allow":["GET"]}}],"collection":[{"href":"https:\/\/ayaneo.co\/fi\/wp-json\/wp\/v2\/product"}],"about":[{"href":"https:\/\/ayaneo.co\/fi\/wp-json\/wp\/v2\/types\/product"}],"wp:featuredmedia":[{"embeddable":true,"href":"https:\/\/ayaneo.co\/fi\/wp-json\/wp\/v2\/media\/25153"}],"wp:attachment":[{"href":"https:\/\/ayaneo.co\/fi\/wp-json\/wp\/v2\/media?parent=25122"}],"wp:term":[{"taxonomy":"product_brand","embeddable":true,"href":"https:\/\/ayaneo.co\/fi\/wp-json\/wp\/v2\/product_brand?post=25122"},{"taxonomy":"product_cat","embeddable":true,"href":"https:\/\/ayaneo.co\/fi\/wp-json\/wp\/v2\/product_cat?post=25122"},{"taxonomy":"product_tag","embeddable":true,"href":"https:\/\/ayaneo.co\/fi\/wp-json\/wp\/v2\/product_tag?post=25122"}],"curies":[{"name":"wp","href":"https:\/\/api.w.org\/{rel}","templated":true}]}}