{"id":29943,"date":"2025-08-06T09:22:02","date_gmt":"2025-08-06T09:22:02","guid":{"rendered":"https:\/\/ayaneo.co\/?post_type=product&#038;p=29943"},"modified":"2026-01-06T00:27:08","modified_gmt":"2026-01-06T00:27:08","slug":"ayaneo-pocket-dmg-naytonsuoja-copy","status":"publish","type":"product","link":"https:\/\/ayaneo.co\/fi\/product\/ayaneo-pocket-dmg-naytonsuoja-copy\/","title":{"rendered":"AYANEO Pocket ACE -n\u00e4yt\u00f6nsuojus"},"content":{"rendered":"\n<h2 class=\"wp-block-heading\">Tuotteen yleiskatsaus:<\/h2>\n\n<p><strong>AYANEO Pocket ACE -n\u00e4yt\u00f6nsuoja on<\/strong> v\u00e4ltt\u00e4m\u00e4t\u00f6n lis\u00e4varuste Pocket ACE -konsolisi n\u00e4yt\u00f6n pit\u00e4miseksi koskemattomassa kunnossa. T\u00e4ydellisen kirkkaaksi ja tarkaksi suunniteltu n\u00e4yt\u00f6nsuoja takaa keskeytym\u00e4tt\u00f6m\u00e4n pelikokemuksen ja suojaa samalla laitettasi jokap\u00e4iv\u00e4iselt\u00e4 kulumiselta. <\/p>\n\n<h2 class=\"wp-block-heading\">Miksi valita AYANEO Pocket ACE -n\u00e4yt\u00f6nsuoja?<\/h2>\n\n<p>Olitpa sitten satunnainen pelaaja tai hardcore-harrastaja, AYANEO ACE -n\u00e4yt\u00f6nsuoja tarjoaa vertaansa vailla olevaa selkeytt\u00e4 ja suojaa konsolisi n\u00e4ytt\u00f6\u00e4. Tarkan istuvuuden, naarmuuntumista kest\u00e4v\u00e4n pinnan ja tahraantumista est\u00e4v\u00e4n pinnoitteen ansiosta pelikuvasi pysyv\u00e4t kristallinkirkkaina samalla kun laitteesi pysyy suojattuna. <\/p>\n\n<hr class=\"wp-block-separator has-alpha-channel-opacity\"\/>\n\n<h2 class=\"wp-block-heading\">Tekniset tiedot:<\/h2>\n\n<ul class=\"wp-block-list\">\n<li><strong>Materiaali:<\/strong> Materiaali: Karkaistu lasi tai korkealaatuinen kalvo<\/li>\n\n\n\n<li><strong>Yhteensopivuus:<\/strong> AYANEO Pocket ACE konsoli: AYANEO Pocket ACE konsoli<\/li>\n\n\n\n<li><strong>Ominaisuudet:<\/strong> Naarmuuntumaton, tahraamaton ja kuplaton asennus.<\/li>\n<\/ul>\n\n<p>P\u00e4ivit\u00e4 AYANEO Pocket ACE -konsolisi n\u00e4yt\u00f6nsuojalla, joka on suunniteltu pit\u00e4m\u00e4\u00e4n konsolisi parhaimman n\u00e4k\u00f6isen\u00e4 ja toimivana!<\/p>\n\n<p><\/p>\n","protected":false},"excerpt":{"rendered":"<ul>\n<li><strong>Sopii t\u00e4ydellisesti<\/strong> AYANEO Pocket ACE -n\u00e4yt\u00f6n <strong>mittoihin.<\/strong> <\/li>\n<li><strong>Naarmuuntumaton pinta<\/strong> takaa pitk\u00e4aikaisen suojan.<\/li>\n<li>Eritt\u00e4in kirkas materiaali takaa <strong>virheett\u00f6m\u00e4n pelin\u00e4yt\u00f6n.<\/strong><\/li>\n<li>Helppo asennus <strong>kuplattomalla levityksell\u00e4.<\/strong><\/li>\n<li><strong>Tahraamaton pinnoite pit\u00e4\u00e4<\/strong> n\u00e4yt\u00f6n puhtaana ja kirkkaana.<\/li>\n<\/ul>\n[cg_accordion title=\"MAKSUTIEDOT\"]<\/p>\n<p>K\u00e4yt\u00e4mme uusinta teknologiaa maksujen k\u00e4sittelyss\u00e4, jonka avulla voit tehd\u00e4 maksun Apple Payn, Google Payn, pankki- tai luottokortin, PayPalin tai BNPL-menetelmien, kuten Klarna, Affirm tai AfterPay, avulla nopean ja turvallisen maksukokemuksen.[\/cg_accordion]\n[cg_accordion title=\"TAKUU\"]<\/p>\n<p>1 vuoden takuu <a href=\"https:\/\/droix.net\/\" target=\"_blank\" rel=\"nofollow noopener\">DROIX Global ilta mielenrauhasi vuoksi<\/a> [\/cg_accordion]\n[cg_accordion title=\"LAADUNVARMISTUS JA L\u00c4HETYST\u00c4 EDELT\u00c4V\u00c4 TESTAUS\"]<\/p>\n<p>Asiakastyytyv\u00e4isyyden varmistaminen korkeimmalla tasolla: Jokainen laite testataan tiukasti ja sille tehd\u00e4\u00e4n monipisteinen laadunvarmistustarkastus ennen sen l\u00e4hett\u00e4mist\u00e4. Asialle omistautunut tiimimme tarkistaa suorituskyvyn, toimivuuden ja komponenttien eheyden, jotta AYANEO-laitteesi on saapuessaan t\u00e4ydellisess\u00e4 toimintakunnossa, mik\u00e4 antaa sinulle luottamusta ja mielenrauhaa. [\/cg_accordion]\n[cg_accordion title=\"HINNOITTELU, VEROT JA TOIMITUKSET\"]<\/p>\n<p><strong><u>Huom:<\/u><\/strong><\/p>\n<ul>\n<li>Yhdysvallat Asiakkaat: Asiakkaat: N\u00e4ytetty hinta EI sis\u00e4ll\u00e4 veroja eik\u00e4 tulleja. Vastuu tulliselvityksest\u00e4 ja siihen liittyvien verojen\/tullien maksamisesta on asiakkaalla. <\/li>\n<li>EU:n asiakkaat: N\u00e4ytetty hinta sis\u00e4lt\u00e4\u00e4 sovellettavan veron, joka voi olla jopa 25 % maastasi riippuen.<\/li>\n<li>Kanada Asiakkaat: N\u00e4ytetty hinta sis\u00e4lt\u00e4\u00e4 sovellettavat verot, joihin voi sis\u00e4lty\u00e4 5 % GST ja ylim\u00e4\u00e4r\u00e4isi\u00e4 maakunnallisia myyntiveroja (PST), harmonisoitua myyntiveroa (HST) tai Quebecin myyntiveroa (QST) maakunnasta riippuen.<\/li>\n<\/ul>\n<p><strong>AINOASTAAN EU:n asiakkaille:<\/strong> Express DDP (Delivered Duty Paid). T\u00e4m\u00e4 tarkoittaa: <\/p>\n<ul>\n<li>Kaikki tullit ja verot sis\u00e4ltyv\u00e4t tuotesivulla ilmoitettuun hintaan.<\/li>\n<li>Sinun ei tarvitse maksaa lis\u00e4maksuja toimituksen yhteydess\u00e4.<\/li>\n<li>Harvinaisissa tulliin liittyviss\u00e4 tapauksissa tiimimme hoitaa tulliselvitysprosessin puolestasi varmistaakseen sujuvan toimituksen.<\/li>\n<p>T\u00e4rke\u00e4\u00e4 tietoa palautuksista:<\/p>\n<li>Jos p\u00e4\u00e4t\u00e4t palauttaa tilauksesi tai pyyt\u00e4\u00e4 palautusta, ota huomioon, ett\u00e4 DDP-ehtojen mukaisesti puolestasi maksettuja veroja ja tulleja ei voida palauttaa.<\/li>\n<p>Katso yksityiskohtaiset tiedot <a href=\"https:\/\/ayaneo.co\/fi\/kayttoehdot\/\" target=\"_blank\" rel=\"nofollow noopener\">k\u00e4ytt\u00f6ehdoistamme<\/a>.\n<\/ul>\n<p>[\/cg_accordion]\n[cg_accordion title=\"ASIAKASTUKI\"]<\/p>\n<p>Onko kysytt\u00e4v\u00e4\u00e4? Olemme lyhyen tekstiviestin p\u00e4\u00e4ss\u00e4 siit\u00e4, ett\u00e4 ongelmasi on ratkaistu! [\/cg_accordion]\n[cg_accordion title=\"PAKETTI SIS\u00c4LT\u00c4\u00c4\"]<\/p>\n<ul>\n<li>1x AYANEO Pocket ACE -n\u00e4yt\u00f6nsuojus<\/li>\n<\/ul>\n<p>[\/cg_accordion]\n","protected":false},"featured_media":29974,"template":"","meta":{"_acf_changed":false},"product_brand":[],"product_cat":[556],"product_tag":[],"class_list":{"0":"post-29943","1":"product","2":"type-product","3":"status-publish","4":"has-post-thumbnail","6":"product_cat-tarvikkeet","7":"product_shipping_class-low-end","8":"pa_accessory-type-screen-protector-fi","9":"pa_brand-ayaneo","11":"first","12":"outofstock","13":"sale","14":"taxable","15":"shipping-taxable","16":"purchasable","17":"product-type-simple"},"acf":[],"_links":{"self":[{"href":"https:\/\/ayaneo.co\/fi\/wp-json\/wp\/v2\/product\/29943","targetHints":{"allow":["GET"]}}],"collection":[{"href":"https:\/\/ayaneo.co\/fi\/wp-json\/wp\/v2\/product"}],"about":[{"href":"https:\/\/ayaneo.co\/fi\/wp-json\/wp\/v2\/types\/product"}],"wp:featuredmedia":[{"embeddable":true,"href":"https:\/\/ayaneo.co\/fi\/wp-json\/wp\/v2\/media\/29974"}],"wp:attachment":[{"href":"https:\/\/ayaneo.co\/fi\/wp-json\/wp\/v2\/media?parent=29943"}],"wp:term":[{"taxonomy":"product_brand","embeddable":true,"href":"https:\/\/ayaneo.co\/fi\/wp-json\/wp\/v2\/product_brand?post=29943"},{"taxonomy":"product_cat","embeddable":true,"href":"https:\/\/ayaneo.co\/fi\/wp-json\/wp\/v2\/product_cat?post=29943"},{"taxonomy":"product_tag","embeddable":true,"href":"https:\/\/ayaneo.co\/fi\/wp-json\/wp\/v2\/product_tag?post=29943"}],"curies":[{"name":"wp","href":"https:\/\/api.w.org\/{rel}","templated":true}]}}