{"id":3970,"date":"2023-03-11T10:02:36","date_gmt":"2023-03-11T10:02:36","guid":{"rendered":"https:\/\/ayaneo.co\/product\/ayaneo-2-pc-pelaamisen-kasikonsoli\/"},"modified":"2025-04-11T12:25:19","modified_gmt":"2025-04-11T12:25:19","slug":"ayaneo-2-pc-pelaamisen-kasikonsoli","status":"publish","type":"product","link":"https:\/\/ayaneo.co\/fi\/product\/ayaneo-2-pc-pelaamisen-kasikonsoli\/","title":{"rendered":"AYANEO 2 PC-pelaamisen k\u00e4sikonsoli"},"content":{"rendered":"\n<p>Etsitk\u00f6 tehokasta ja kannettavaa PC-pelik\u00e4mmentietokonetta? Katso vain AYANEO 2! Huippunopean AMD Ryzen 7 -teknologiansa ansiosta t\u00e4m\u00e4 kannettava tuo p\u00f6yt\u00e4pelaamisen aivan uudelle tasolle.  <\/p>\n\n<p>AYANEO 2:ssa on uusin AMD Ryzen 7 6800U, jossa on 8 ydint\u00e4 ja 16 s\u00e4iett\u00e4, jotka toimivat jopa 4,7 GHz:n kellotaajuudella ja maksimissaan suositellulla 28 W:n teholla TDP. Siin\u00e4 on my\u00f6s tehokas AMD Radeon 680M GPU, jossa on 12 ydint\u00e4, jotka toimivat 2200 MHz:n kellotaajuudella. Jopa 32GB LPDDR5-6400 MT\/S RAM-muistia ja jopa 2TB PCIe 4.0 m.2 2280 SSD AYANEO 2 tarjoaa erinomaisen pelisuorituskyvyn jopa uusimmissa peleiss\u00e4!   <\/p>\n\n<p>AYANEO 2:n 7-tuumainen kosketusn\u00e4ytt\u00f6 on yksinkertaisesti upea, ja sen kirkkaat ja eloisat v\u00e4rit vet\u00e4v\u00e4t sinut todella mukaan peliin. Ja sen tyylik\u00e4s muotoilu, jossa etupuolta peitt\u00e4\u00e4 yksi ainoa lasilevy, tekee t\u00e4st\u00e4 PC-pelik\u00e4mmenlaitteesta huippuluokan ja ensiluokkaisen n\u00e4k\u00f6isen ja tuntuisen. <\/p>\n\n<p>Mutta kyse ei ole vain ulkon\u00e4\u00f6st\u00e4 - AYANEO 2:ssa on my\u00f6s nykyaikaiset hallintalaitteet, joissa on hall-efektisensorit kahdessa analogi- ja laukaisupainikkeessa. Kahden analogisen tikun mukana tulee jopa hienovarainen RGB-valaistus, jota voi mukauttaa mukana toimitetulla AYA SPACE -ohjelmistolla. <\/p>\n\n<p>My\u00f6s liitett\u00e4vyys on huippuluokkaa AYANEO 2:ssa, sill\u00e4 WiFi 6 mahdollistaa nopean ja luotettavan langattoman tiedonsiirron ja Bluetooth 5.2 mahdollistaa yhteyden uusimpiin langattomiin oheislaitteisiin, kuten kuulokkeisiin. Ja 50,25 Wh:n akun ansiosta voit nauttia tuntikausia kest\u00e4v\u00e4st\u00e4 pelaamisesta t\u00e4ll\u00e4 kannettavalla tietokoneella. <\/p>\n\n<p>Mutta se, mik\u00e4 todella erottaa AYANEO 2:n muista, on sen pelisuorituskyky. Sill\u00e4 voi ajaa uusimpia AAA-luokan Windows-pelej\u00e4 mukavilla resoluutioilla jopa 1200P:n tarkkuudella ja pelist\u00e4 riippuen jopa korkeimmilla grafiikka-asetuksilla. Eik\u00e4 kyse ole vain nykyaikaisista peleist\u00e4 - AYANEO 2 soveltuu erinomaisesti my\u00f6s retropelaamiseen, sill\u00e4 se pystyy pelaamaan jopa kuudennen sukupolven konsoleita pienemm\u00e4ll\u00e4 TDP -asetuksella akun s\u00e4\u00e4st\u00e4miseksi. Lis\u00e4ksi sill\u00e4 voi py\u00f6ritt\u00e4\u00e4 yhteensopivia seitsem\u00e4nnen ja kahdeksannen sukupolven j\u00e4rjestelmi\u00e4 ja pelej\u00e4 t\u00e4ydell\u00e4 nopeudella!   <\/p>\n\n<p>Jos etsit tehokasta ja tyylik\u00e4st\u00e4 PC-pelik\u00e4mmentietokonetta, AYANEO 2 on ehdottomasti harkitsemisen arvoinen.<\/p>\n","protected":false},"excerpt":{"rendered":"<ul>\n<li>AMD<strong> Ryzen 7 6800U<\/strong> \/ Radeon 680M<\/li>\n<li><strong>jopa 32GB<\/strong> LPDDR5 @ <strong>6400 MT\/s<\/strong><\/li>\n<li><strong>jopa 2TB<\/strong> High-Speed PCIe 4.0 m.2 2280 SSD <\/li>\n<li><strong>7<\/strong> \" <strong> LCD kosketusn\u00e4ytt\u00f6<\/strong> <\/li>\n<li><strong>WiFi 6<\/strong> &amp; <strong>Bluetooth 5.2<\/strong> -tuki<\/li>\n<\/ul>\n[cg_accordion title=\"MAKSUTIEDOT\"]<\/p>\n<p>K\u00e4yt\u00e4mme uusinta tekniikkaa maksujen k\u00e4sittelyss\u00e4, jonka avulla voit tehd\u00e4 maksun Apple Payn, Google Payn, pankki- tai luottokorttisi, PayPalin tai BNPL-menetelmien, kuten Klarnan, Affirmin tai AfterPayn kautta, mik\u00e4 takaa nopean ja turvallisen maksukokemuksen.[\/cg_accordion]\n[cg_accordion title=\"TAKUU\"]<\/p>\n<p>1 vuoden takuu <a href=\"https:\/\/droix.net\/\" target=\"_blank\" rel=\"nofollow noopener\">DROIX Globalilta<\/a> mielenrauhasi vuoksi[\/cg_accordion]\n[cg_accordion title=\"HINNOITTELU, VEROT JA TOIMITUKSET\"]<\/p>\n<p><strong><u>Huom:<\/u><\/strong><\/p>\n<ul>\n<li>Yhdysvallat Asiakkaat: Asiakkaat: N\u00e4ytetty hinta EI sis\u00e4ll\u00e4 veroja eik\u00e4 tulleja. Vastuu tulliselvityksest\u00e4 ja siihen liittyvien verojen\/tullien maksamisesta on asiakkaalla. <\/li>\n<li>EU:n asiakkaat: N\u00e4ytetty hinta sis\u00e4lt\u00e4\u00e4 sovellettavan veron, joka voi olla jopa 25 % maastasi riippuen.<\/li>\n<li>Kanada Asiakkaat: N\u00e4ytetty hinta sis\u00e4lt\u00e4\u00e4 sovellettavat verot, joihin voi sis\u00e4lty\u00e4 5 % GST ja ylim\u00e4\u00e4r\u00e4isi\u00e4 maakunnallisia myyntiveroja (PST), harmonisoitua myyntiveroa (HST) tai Quebecin myyntiveroa (QST) maakunnasta riippuen.<\/li>\n<\/ul>\n<p><strong>AINOASTAAN EU:n asiakkaille:<\/strong> Express DDP (Delivered Duty Paid). T\u00e4m\u00e4 tarkoittaa: <\/p>\n<ul>\n<li>Kaikki tullit ja verot sis\u00e4ltyv\u00e4t tuotesivulla ilmoitettuun hintaan.<\/li>\n<li>Sinun ei tarvitse maksaa lis\u00e4maksuja toimituksen yhteydess\u00e4.<\/li>\n<li>Harvinaisissa tulliin liittyviss\u00e4 tapauksissa tiimimme hoitaa tulliselvitysprosessin puolestasi varmistaakseen sujuvan toimituksen.<\/li>\n<p>T\u00e4rke\u00e4\u00e4 tietoa palautuksista:<\/p>\n<li>Jos p\u00e4\u00e4t\u00e4t palauttaa tilauksesi tai pyyt\u00e4\u00e4 palautusta, ota huomioon, ett\u00e4 DDP-ehtojen mukaisesti puolestasi maksettuja veroja ja tulleja ei voida palauttaa.<\/li>\n<p>Katso yksityiskohtaiset tiedot <a href=\"https:\/\/ayaneo.co\/terms-of-service-2\/\" target=\"_blank\" rel=\"nofollow noopener\">k\u00e4ytt\u00f6ehdoistamme<\/a>.\n<\/ul>\n<p>[\/cg_accordion]\n[cg_accordion title=\"ASIAKASTUKI\"]<\/p>\n<p>Onko kysytt\u00e4v\u00e4\u00e4? Olemme lyhyen tekstiviestin p\u00e4\u00e4ss\u00e4 siit\u00e4, ett\u00e4 ongelmasi on ratkaistu!<br \/>\n[\/cg_accordion]\n","protected":false},"featured_media":3971,"template":"","meta":{"_acf_changed":false},"product_brand":[],"product_cat":[548],"product_tag":[549],"class_list":{"0":"post-3970","1":"product","2":"type-product","3":"status-publish","4":"has-post-thumbnail","6":"product_cat-kannettavat-pelitietokoneet","7":"product_tag-pc-pelaaminen-handheld","8":"product_shipping_class-premium","9":"pa_brand-ayaneo","10":"pa_graphics-gpu-model-radeon-680m","11":"pa_operating-system-windows-11","12":"pa_processor-cpu-brand-amd","14":"first","15":"outofstock","16":"taxable","17":"shipping-taxable","18":"purchasable","19":"product-type-variable"},"acf":[],"_links":{"self":[{"href":"https:\/\/ayaneo.co\/fi\/wp-json\/wp\/v2\/product\/3970","targetHints":{"allow":["GET"]}}],"collection":[{"href":"https:\/\/ayaneo.co\/fi\/wp-json\/wp\/v2\/product"}],"about":[{"href":"https:\/\/ayaneo.co\/fi\/wp-json\/wp\/v2\/types\/product"}],"wp:featuredmedia":[{"embeddable":true,"href":"https:\/\/ayaneo.co\/fi\/wp-json\/wp\/v2\/media\/3971"}],"wp:attachment":[{"href":"https:\/\/ayaneo.co\/fi\/wp-json\/wp\/v2\/media?parent=3970"}],"wp:term":[{"taxonomy":"product_brand","embeddable":true,"href":"https:\/\/ayaneo.co\/fi\/wp-json\/wp\/v2\/product_brand?post=3970"},{"taxonomy":"product_cat","embeddable":true,"href":"https:\/\/ayaneo.co\/fi\/wp-json\/wp\/v2\/product_cat?post=3970"},{"taxonomy":"product_tag","embeddable":true,"href":"https:\/\/ayaneo.co\/fi\/wp-json\/wp\/v2\/product_tag?post=3970"}],"curies":[{"name":"wp","href":"https:\/\/api.w.org\/{rel}","templated":true}]}}