{"id":3996,"date":"2023-03-11T14:50:02","date_gmt":"2023-03-11T14:50:02","guid":{"rendered":"https:\/\/ayaneo.co\/product\/ayaneo-2-geek-naytonsuojain\/"},"modified":"2025-04-11T12:25:26","modified_gmt":"2025-04-11T12:25:26","slug":"ayaneo-2-geek-naytonsuojain","status":"publish","type":"product","link":"https:\/\/ayaneo.co\/fi\/product\/ayaneo-2-geek-naytonsuojain\/","title":{"rendered":"AYANEO 2 &amp; Geek n\u00e4yt\u00f6nsuoja"},"content":{"rendered":"\n<p>Etsitk\u00f6 huippuluokan n\u00e4yt\u00f6nsuojaa suojaamaan laitteesi n\u00e4ytt\u00f6\u00e4? \u00c4l\u00e4 katso kauemmas kuin AYANEO 2 ja Geek n\u00e4yt\u00f6nsuoja! Huippuluokan tuotteemme on suunniteltu tarjoamaan \u00e4\u00e4rimm\u00e4ist\u00e4 suojaa naarmuilta, sormenj\u00e4ljilt\u00e4 ja muilta vaurioilta, jotka voivat pilata laitteesi n\u00e4yt\u00f6n. Ensiluokkaisesta karkaistusta lasista valmistettu n\u00e4yt\u00f6nsuojamme tarjoaa erinomaisen kest\u00e4vyyden ja lujuuden vaarantamatta laitteesi n\u00e4yt\u00f6n kosketusherkkyytt\u00e4 ja selkeytt\u00e4. Luota AYANEO 2 and Geek -n\u00e4yt\u00f6nsuojaan, jotta laitteesi n\u00e4ytt\u00f6 pysyy turvassa!    <\/p>\n","protected":false},"excerpt":{"rendered":"[cg_accordion title=\"At a Glance\" open=\"open\"]<\/p>\n<ul>\n<li>Suunnittelija <strong>AYANEO<\/strong><\/li>\n<li><strong>Yhteensopiva<\/strong> <strong>AYANEO 2:n ja GEEKin<\/strong> kanssa <strong>.<\/strong><\/li>\n<li>S\u00e4ilytt\u00e4\u00e4 laitteen n\u00e4yt\u00f6n kosketusherkkyyden ja selkeyden.<\/li>\n<li><b>Kaarevat reunat<\/b><\/li>\n<li><strong>Korkealaatuinen<\/strong> materiaali<\/li>\n<\/ul>\n<p>[\/cg_accordion]\n[cg_accordion title=\"MAKSUTIEDOT\"]<\/p>\n<p>K\u00e4yt\u00e4mme uusinta tekniikkaa maksujen k\u00e4sittelyss\u00e4, jonka avulla voit tehd\u00e4 maksun Apple Payn, Google Payn, pankki- tai luottokorttisi, PayPalin tai BNPL-menetelmien, kuten Klarnan, Affirmin tai AfterPayn kautta, mik\u00e4 takaa nopean ja turvallisen maksukokemuksen.[\/cg_accordion]\n[cg_accordion title=\"TAKUU\"]<\/p>\n<p>1 vuoden takuu <a href=\"https:\/\/droix.net\/\" target=\"_blank\" rel=\"nofollow noopener\">DROIX Globalilta<\/a> mielenrauhasi vuoksi[\/cg_accordion]\n[cg_accordion title=\"HINNOITTELU, VEROT JA TOIMITUKSET\"]<\/p>\n<p><strong><u>Huom:<\/u><\/strong><\/p>\n<ul>\n<li>Yhdysvallat Asiakkaat: Asiakkaat: N\u00e4ytetty hinta EI sis\u00e4ll\u00e4 veroja eik\u00e4 tulleja. Vastuu tulliselvityksest\u00e4 ja siihen liittyvien verojen\/tullien maksamisesta on asiakkaalla. <\/li>\n<li>EU:n asiakkaat: N\u00e4ytetty hinta sis\u00e4lt\u00e4\u00e4 sovellettavan veron, joka voi olla jopa 25 % maastasi riippuen.<\/li>\n<li>Kanada Asiakkaat: N\u00e4ytetty hinta sis\u00e4lt\u00e4\u00e4 sovellettavat verot, joihin voi sis\u00e4lty\u00e4 5 % GST ja ylim\u00e4\u00e4r\u00e4isi\u00e4 maakunnallisia myyntiveroja (PST), harmonisoitua myyntiveroa (HST) tai Quebecin myyntiveroa (QST) maakunnasta riippuen.<\/li>\n<\/ul>\n<p><strong>AINOASTAAN EU:n asiakkaille:<\/strong> Express DDP (Delivered Duty Paid). T\u00e4m\u00e4 tarkoittaa: <\/p>\n<ul>\n<li>Kaikki tullit ja verot sis\u00e4ltyv\u00e4t tuotesivulla ilmoitettuun hintaan.<\/li>\n<li>Sinun ei tarvitse maksaa lis\u00e4maksuja toimituksen yhteydess\u00e4.<\/li>\n<li>Harvinaisissa tulliin liittyviss\u00e4 tapauksissa tiimimme hoitaa tulliselvitysprosessin puolestasi varmistaakseen sujuvan toimituksen.<\/li>\n<p>T\u00e4rke\u00e4\u00e4 tietoa palautuksista:<\/p>\n<li>Jos p\u00e4\u00e4t\u00e4t palauttaa tilauksesi tai pyyt\u00e4\u00e4 palautusta, ota huomioon, ett\u00e4 DDP-ehtojen mukaisesti puolestasi maksettuja veroja ja tulleja ei voida palauttaa.<\/li>\n<p>Katso yksityiskohtaiset tiedot <a href=\"https:\/\/ayaneo.co\/terms-of-service-2\/\" target=\"_blank\" rel=\"nofollow noopener\">k\u00e4ytt\u00f6ehdoistamme<\/a>.\n<\/ul>\n<p>[\/cg_accordion]\n[cg_accordion title=\"ASIAKASTUKI\"]<\/p>\n<p>Onko kysytt\u00e4v\u00e4\u00e4? Olemme lyhyen tekstiviestin p\u00e4\u00e4ss\u00e4 siit\u00e4, ett\u00e4 ongelmasi on ratkaistu!<br \/>\n[\/cg_accordion]\n","protected":false},"featured_media":3997,"template":"","meta":{"_acf_changed":false},"product_brand":[],"product_cat":[556],"product_tag":[],"class_list":{"0":"post-3996","1":"product","2":"type-product","3":"status-publish","4":"has-post-thumbnail","6":"product_cat-tarvikkeet","7":"pa_accessory-type-screen-protector-fi","8":"pa_brand-ayaneo","9":"pa_compatible-with-ayaneo-2-fi","10":"pa_compatible-with-ayaneo-geek-fi","12":"first","13":"outofstock","14":"taxable","15":"shipping-taxable","16":"purchasable","17":"product-type-simple"},"acf":[],"_links":{"self":[{"href":"https:\/\/ayaneo.co\/fi\/wp-json\/wp\/v2\/product\/3996","targetHints":{"allow":["GET"]}}],"collection":[{"href":"https:\/\/ayaneo.co\/fi\/wp-json\/wp\/v2\/product"}],"about":[{"href":"https:\/\/ayaneo.co\/fi\/wp-json\/wp\/v2\/types\/product"}],"wp:featuredmedia":[{"embeddable":true,"href":"https:\/\/ayaneo.co\/fi\/wp-json\/wp\/v2\/media\/3997"}],"wp:attachment":[{"href":"https:\/\/ayaneo.co\/fi\/wp-json\/wp\/v2\/media?parent=3996"}],"wp:term":[{"taxonomy":"product_brand","embeddable":true,"href":"https:\/\/ayaneo.co\/fi\/wp-json\/wp\/v2\/product_brand?post=3996"},{"taxonomy":"product_cat","embeddable":true,"href":"https:\/\/ayaneo.co\/fi\/wp-json\/wp\/v2\/product_cat?post=3996"},{"taxonomy":"product_tag","embeddable":true,"href":"https:\/\/ayaneo.co\/fi\/wp-json\/wp\/v2\/product_tag?post=3996"}],"curies":[{"name":"wp","href":"https:\/\/api.w.org\/{rel}","templated":true}]}}