{"id":4029,"date":"2023-03-11T15:05:16","date_gmt":"2023-03-11T15:05:16","guid":{"rendered":"https:\/\/ayaneo.co\/product\/ayaneo-pro-pc-pelaamisen-kasikonsoli\/"},"modified":"2025-04-11T12:25:33","modified_gmt":"2025-04-11T12:25:33","slug":"ayaneo-pro-pc-pelaamisen-kasikonsoli","status":"publish","type":"product","link":"https:\/\/ayaneo.co\/fi\/product\/ayaneo-pro-pc-pelaamisen-kasikonsoli\/","title":{"rendered":"AYANEO Pro PC-pelaamisen k\u00e4sikonsoli"},"content":{"rendered":"\n<figure class=\"wp-block-image\"><img decoding=\"async\" src=\"https:\/\/droix.net\/wp-content\/uploads\/elementor\/thumbs\/aya-neo-features-pk9lkumxlstccbb5vzfe137167irzcikhw6vrsl4l4.jpg\" alt=\"aya-neo-ominaisuudet.jpg\" title=\"aya-neo-ominaisuudet.jpg\"\/><\/figure>\n\n<p>Jos kaipaat viel\u00e4 enemm\u00e4n tehoa, AYA NEO PRO tarjoaa sinulle kaiken mahdollisen. Vuoden 2021 AYA NEO -mallia laajentava ja AMD Ryzen 7 -prosessorilla varustettu AYA NEO PRO on todella kannettava Windows-pelik\u00e4mmenlaite. <\/p>\n\n<figure class=\"wp-block-image\"><img decoding=\"async\" src=\"https:\/\/droix.net\/wp-content\/uploads\/elementor\/thumbs\/hero-pk9lkwint94k0m61dmx072ej9g5nuzgr31m11t2idk.jpg\" alt=\"hero.jpg\" title=\"hero.jpg\"\/><\/figure>\n\n<p>PRO-malliston my\u00f6t\u00e4 on nyt saatavilla upea &#8221;Retro Power\" -malli kaikille retropelaamisen yst\u00e4ville.<\/p>\n\n<figure class=\"wp-block-image\"><img decoding=\"async\" src=\"https:\/\/droix.net\/wp-content\/uploads\/2022\/02\/story-1-1024x710.png\" alt=\"\" title=\"AYA NEO 2021 PRO 1\"\/><\/figure>\n\n<p>Teknologia on ehk\u00e4 kehittynyt, mutta kun otat AYA NEO PRO:n k\u00e4teesi, huomaat, miten paljon se on kehittynyt. Ja parempaan suuntaan. <\/p>\n\n<p>&#8221;Retro Power\" -mallin suunnitteluun on panostettu erityisen paljon, jotta se muistuttaisi aiempia konsoleita ja antaisi aidon retrofiiliksen. Mutta siihen se sitten j\u00e4\u00e4kin, sill\u00e4 kun otat sen k\u00e4teesi ja pelaat sill\u00e4, huomaat, ett\u00e4 t\u00e4m\u00e4 ei ole vanha konsoli. <\/p>\n\n<figure class=\"wp-block-image\"><img decoding=\"async\" src=\"https:\/\/droix.net\/wp-content\/uploads\/2022\/02\/story-2-1024x710.png\" alt=\"\" title=\"AYA NEO 2021 PRO 2\"\/><\/figure>\n\n<p>Muotoilu ei ole AYA NEO PRO:n ainoa p\u00e4ivitys - prosessori on nyt AMD Ryzen 7 - 4800U. T\u00e4m\u00e4 varmistaa, ett\u00e4 pelit toimivat sujuvasti ja ovat samalla energiatehokkaita. <\/p>\n\n<figure class=\"wp-block-image\"><img decoding=\"async\" src=\"https:\/\/droix.net\/wp-content\/uploads\/elementor\/thumbs\/aya-neo-2021-processor-pk9lvtf44d1wn4k9rvvzjcka0jpiectapv3h7kdiv8.png\" alt=\"aya-neo-2021-prosessori.png\" title=\"aya-neo-2021-prosessori.png\"\/><\/figure>\n\n<h2 class=\"wp-block-heading\">AMD, kyll\u00e4!<\/h2>\n\n<p>AMD Ryzen 7 perustuu TSMC:n 7 nm:n FinFET-arkkitehtuuriin, joka tarjoaa suuren suorituskyvyn ja on samalla energiatehokas. Ryzen 7 4800U:ssa on 8 ydint\u00e4, jotka voivat tehostaa jopa 4,2 GHz:n kellotaajuuteen kovassa kuormituksessa. <\/p>\n\n<figure class=\"wp-block-image\"><img decoding=\"async\" src=\"https:\/\/droix.net\/wp-content\/uploads\/2022\/02\/aya-neo-pro-processor-image.jpg\" alt=\"aya-neo-pro-pro-prosessori-image.jpg\"\/><\/figure>\n\n<h2 class=\"wp-block-heading\">Ah, niin siisti\u00e4!<\/h2>\n\n<p>AYA NEO Pron mukana tulee tuuletin, joka varmistaa, ett\u00e4 tehokas AMD Ryzen 7 -prosessorisi ei h\u00f6yrysty liikaa.<\/p>\n\n<figure class=\"wp-block-image\"><img decoding=\"async\" src=\"https:\/\/droix.net\/wp-content\/uploads\/elementor\/thumbs\/aya-neo-pro-heat-pk9lxuqk5am4y4f7ylrlit2l03fkgm4wa92orlb32g.png\" alt=\"aya-neo-pro-heat.png\" title=\"aya-neo-pro-heat.png\"\/><\/figure>\n\n<h2 class=\"wp-block-heading\">Nopea RAM-muisti ja runsaasti tallennustilaa<\/h2>\n\n<p>Siin\u00e4 on 16 Gt nopeaa LPDDR4x-muistia ja jopa 2 Tt*2 NVMe-kiintolevytilaa. N\u00e4in varmistat, ett\u00e4 sinulla on runsaasti tilaa kaikille suosikkipeleillesi ja retropeleille ja ett\u00e4 voit avata useamman kuin yhden Chrome-v\u00e4lilehden kerralla. <\/p>\n\n<figure class=\"wp-block-image\"><img decoding=\"async\" src=\"https:\/\/droix.net\/wp-content\/uploads\/elementor\/thumbs\/aya-neo-pro-ram-ssd-pk9llfbds5lnfqh4j8d6jxz68oouoosnwqjkbvqg9m.jpg\" alt=\"aya-neo-pro-ram-ssd.jpg\" title=\"aya-neo-pro-ram-ssd.jpg\"\/><\/figure>\n\n<h2 class=\"wp-block-heading\">Pelaaminen<\/h2>\n\n<p>Pelaa suosikkipelej\u00e4si liikkeell\u00e4 AYA NEO PRO *1:ll\u00e4<\/p>\n\n<figure class=\"wp-block-image\"><img decoding=\"async\" src=\"https:\/\/droix.net\/wp-content\/uploads\/2022\/02\/aya-neo-pro-games.jpg\" alt=\"aya-neo-pro-pelit.jpg\"\/><\/figure>\n\n<p>1* - N\u00e4ytetyt pelit toimivat, mutta - K\u00e4ytt\u00e4j\u00e4n on teht\u00e4v\u00e4 asetuksia halutun suorituskyvyn saavuttamiseksi.<\/p>\n\n<p>2* - AYA NEO PRO:n 2TB-versio ei ole t\u00e4ll\u00e4 hetkell\u00e4 saatavilla.<\/p>\n","protected":false},"excerpt":{"rendered":"<ul>\n<li>AMD\u00ae<b> Ryzen\u2122 7 4800U<\/b> ja <b>AMD Radeon\u2122 -grafiikat<\/b><\/li>\n<li><strong>16GB kaksikanavainen<\/strong> LPDDR4x @ 4266Mhz<\/li>\n<li><strong>1TB<\/strong> nopeaa PCI-E <strong>NVMe<\/strong> -muistia <strong> SSD<\/strong><\/li>\n<li><strong>7&#8243; H-IPS<\/strong> kosketusn\u00e4ytt\u00f6<\/li>\n<li><strong>WiFi 6E<\/strong> &amp; <strong>Bluetooth 5.1<\/strong> -tuki<\/li>\n<\/ul>\n[cg_accordion title=\"MAKSUTIEDOT\"]<\/p>\n<p>K\u00e4yt\u00e4mme uusinta tekniikkaa maksujen k\u00e4sittelyss\u00e4, jonka avulla voit tehd\u00e4 maksun Apple Payn, Google Payn, pankki- tai luottokorttisi, PayPalin tai BNPL-menetelmien, kuten Klarnan, Affirmin tai AfterPayn kautta, mik\u00e4 takaa nopean ja turvallisen maksukokemuksen.[\/cg_accordion]\n[cg_accordion title=\"TAKUU\"]<\/p>\n<p>1 vuoden takuu <a href=\"https:\/\/droix.net\/\" target=\"_blank\" rel=\"nofollow noopener\">DROIX Globalilta<\/a> mielenrauhasi vuoksi[\/cg_accordion]\n[cg_accordion title=\"HINNOITTELU, VEROT JA TOIMITUKSET\"]<\/p>\n<p><strong><u>Huom:<\/u><\/strong><\/p>\n<ul>\n<li>Yhdysvallat Asiakkaat: Asiakkaat: N\u00e4ytetty hinta EI sis\u00e4ll\u00e4 veroja eik\u00e4 tulleja. Vastuu tulliselvityksest\u00e4 ja siihen liittyvien verojen\/tullien maksamisesta on asiakkaalla. <\/li>\n<li>EU:n asiakkaat: N\u00e4ytetty hinta sis\u00e4lt\u00e4\u00e4 sovellettavan veron, joka voi olla jopa 25 % maastasi riippuen.<\/li>\n<li>Kanada Asiakkaat: N\u00e4ytetty hinta sis\u00e4lt\u00e4\u00e4 sovellettavat verot, joihin voi sis\u00e4lty\u00e4 5 % GST ja ylim\u00e4\u00e4r\u00e4isi\u00e4 maakunnallisia myyntiveroja (PST), harmonisoitua myyntiveroa (HST) tai Quebecin myyntiveroa (QST) maakunnasta riippuen.<\/li>\n<\/ul>\n<p><strong>AINOASTAAN EU:n asiakkaille:<\/strong> Express DDP (Delivered Duty Paid). T\u00e4m\u00e4 tarkoittaa: <\/p>\n<ul>\n<li>Kaikki tullit ja verot sis\u00e4ltyv\u00e4t tuotesivulla ilmoitettuun hintaan.<\/li>\n<li>Sinun ei tarvitse maksaa lis\u00e4maksuja toimituksen yhteydess\u00e4.<\/li>\n<li>Harvinaisissa tulliin liittyviss\u00e4 tapauksissa tiimimme hoitaa tulliselvitysprosessin puolestasi varmistaakseen sujuvan toimituksen.<\/li>\n<p>T\u00e4rke\u00e4\u00e4 tietoa palautuksista:<\/p>\n<li>Jos p\u00e4\u00e4t\u00e4t palauttaa tilauksesi tai pyyt\u00e4\u00e4 palautusta, ota huomioon, ett\u00e4 DDP-ehtojen mukaisesti puolestasi maksettuja veroja ja tulleja ei voida palauttaa.<\/li>\n<p>Katso yksityiskohtaiset tiedot <a href=\"https:\/\/ayaneo.co\/terms-of-service-2\/\" target=\"_blank\" rel=\"nofollow noopener\">k\u00e4ytt\u00f6ehdoistamme<\/a>.\n<\/ul>\n<p>[\/cg_accordion]\n[cg_accordion title=\"ASIAKASTUKI\"]<\/p>\n<p>Onko kysytt\u00e4v\u00e4\u00e4? Olemme lyhyen tekstiviestin p\u00e4\u00e4ss\u00e4 siit\u00e4, ett\u00e4 ongelmasi on ratkaistu!<br \/>\n[\/cg_accordion]\n","protected":false},"featured_media":4030,"template":"","meta":{"_acf_changed":false},"product_brand":[],"product_cat":[548],"product_tag":[],"class_list":{"0":"post-4029","1":"product","2":"type-product","3":"status-publish","4":"has-post-thumbnail","6":"product_cat-kannettavat-pelitietokoneet","7":"product_shipping_class-premium","8":"pa_brand-ayaneo","9":"pa_graphics-gpu-model-radeon-graphics","10":"pa_operating-system-windows-10","11":"pa_processor-cpu-brand-amd","13":"first","14":"outofstock","15":"taxable","16":"shipping-taxable","17":"purchasable","18":"product-type-variable","19":"has-default-attributes"},"acf":[],"_links":{"self":[{"href":"https:\/\/ayaneo.co\/fi\/wp-json\/wp\/v2\/product\/4029","targetHints":{"allow":["GET"]}}],"collection":[{"href":"https:\/\/ayaneo.co\/fi\/wp-json\/wp\/v2\/product"}],"about":[{"href":"https:\/\/ayaneo.co\/fi\/wp-json\/wp\/v2\/types\/product"}],"wp:featuredmedia":[{"embeddable":true,"href":"https:\/\/ayaneo.co\/fi\/wp-json\/wp\/v2\/media\/4030"}],"wp:attachment":[{"href":"https:\/\/ayaneo.co\/fi\/wp-json\/wp\/v2\/media?parent=4029"}],"wp:term":[{"taxonomy":"product_brand","embeddable":true,"href":"https:\/\/ayaneo.co\/fi\/wp-json\/wp\/v2\/product_brand?post=4029"},{"taxonomy":"product_cat","embeddable":true,"href":"https:\/\/ayaneo.co\/fi\/wp-json\/wp\/v2\/product_cat?post=4029"},{"taxonomy":"product_tag","embeddable":true,"href":"https:\/\/ayaneo.co\/fi\/wp-json\/wp\/v2\/product_tag?post=4029"}],"curies":[{"name":"wp","href":"https:\/\/api.w.org\/{rel}","templated":true}]}}