{"id":4053,"date":"2023-03-11T15:19:07","date_gmt":"2023-03-11T15:19:07","guid":{"rendered":"https:\/\/ayaneo.co\/product\/ayaneo-kannettava-peli-pc\/"},"modified":"2025-04-11T12:25:39","modified_gmt":"2025-04-11T12:25:39","slug":"ayaneo-kannettava-peli-pc","status":"publish","type":"product","link":"https:\/\/ayaneo.co\/fi\/product\/ayaneo-kannettava-peli-pc\/","title":{"rendered":"AYANEO Kannettava peli-PC"},"content":{"rendered":"\n<div style=\"background-color: black; color: white;\"><p style=\"text-align: center;\"><img decoding=\"async\" class=\"\" style=\"margin-left: 3%;\" src=\"https:\/\/static.wixstatic.com\/media\/aac863_6656635baa574ee3bb8d41cedbc857a8~mv2.gif\" data-src=\"https:\/\/static.wixstatic.com\/media\/aac863_6656635baa574ee3bb8d41cedbc857a8~mv2.gif\"\/> <img decoding=\"async\" class=\"\" src=\"https:\/\/c1.iggcdn.com\/indiegogo-media-prod-cld\/image\/upload\/c_limit,w_695\/v1615019935\/njqfwmc4qkhhqzgiq1ni.png\" data-src=\"https:\/\/c1.iggcdn.com\/indiegogo-media-prod-cld\/image\/upload\/c_limit,w_695\/v1615019935\/njqfwmc4qkhhqzgiq1ni.png\"\/><\/p><div style=\"text-align: center;\"><\/div><p style=\"text-align: center;\">AYANEO on vallankumouksellinen kannettava pelitietokone, joka sis\u00e4lt\u00e4\u00e4 7 nm:n AMD Ryzen APU:n, joka tarjoaa ennenn\u00e4kem\u00e4t\u00f6nt\u00e4 pelisuorituskyky\u00e4 kompaktissa muodossa. Se ei ainoastaan tarjoa AAA-tason pelitoimintoja, vaan se toimii my\u00f6s eritt\u00e4in mukautuvana ja joustavana Windows-tietokoneena alla esiteltyjen vaikuttavien ominaisuuksiensa ansiosta. <\/p><p style=\"text-align: center;\"><img decoding=\"async\" class=\"\" src=\"https:\/\/c1.iggcdn.com\/indiegogo-media-prod-cld\/image\/upload\/c_limit,w_695\/v1615019962\/rn6jcqjs1po8f5gmtyqf.png\" data-src=\"https:\/\/c1.iggcdn.com\/indiegogo-media-prod-cld\/image\/upload\/c_limit,w_695\/v1615019962\/rn6jcqjs1po8f5gmtyqf.png\"\/>  Kehittyneell\u00e4 Ryzen 5 4500U -suorittimella varustettu AYANEO on todellinen tehopakkaus, jossa on kuusi ydint\u00e4 ja 4,0 GHz:n maksimiturbotaajuus, ja se selviytyy vaivattomasti vaativista peleist\u00e4. Kuusiydinsuunnittelu, jossa on 50 % enemm\u00e4n ytimi\u00e4 kuin aiemmissa sukupolvissa ja sen kilpailijoissa, tarjoaa poikkeuksellisen moniteht\u00e4v\u00e4suorituskyvyn. <\/p><p style=\"text-align: center;\"><img decoding=\"async\" class=\"\" src=\"https:\/\/c1.iggcdn.com\/indiegogo-media-prod-cld\/image\/upload\/c_limit,w_695\/v1615019979\/r9mmjkop1uvc6rhi6e0s.png\" data-src=\"https:\/\/c1.iggcdn.com\/indiegogo-media-prod-cld\/image\/upload\/c_limit,w_695\/v1615019979\/r9mmjkop1uvc6rhi6e0s.png\"\/><\/p><p style=\"text-align: center;\">Ryzen-kannettava tietokone on varustettu tehokkaalla AMD Radeon -grafiikalla, jonka ansiosta AAA-nimikkeiden pelaaminen on helppoa. Parannetut kuvan yksityiskohdat ja sulavampi pelattavuus tarjoavat mukaansatempaavan ja ylivoimaisen pelikokemuksen. Lis\u00e4ksi Radeon Graphics -ajurit ylpeilev\u00e4t erinomaisella yhteensopivuudella uusimpien pelien kanssa, mik\u00e4 mahdollistaa vaativien nimikkeiden, kuten Cyberpunk 2077:n, ajamisen yli 30 FPS:n nopeudella pienemmill\u00e4 asetuksilla. Lis\u00e4ksi Radeon Graphics -ajurit tarjoavat upeita ominaisuuksia, kuten Radeon Boost, Radeon Image Sharpening ja Radeon Anti-Lag. Pelk\u00e4st\u00e4\u00e4n Radeon Image Sharpening -ominaisuus voi nostaa nopeutta 5-10 FPS:ll\u00e4 AAA-nimikkeiss\u00e4 kuvanlaadun pienin uhrauksin.    <img decoding=\"async\" class=\"\" src=\"https:\/\/c1.iggcdn.com\/indiegogo-media-prod-cld\/image\/upload\/c_limit,w_695\/v1614936310\/sx0rqht7zj0sxihvxhub.png\" data-src=\"https:\/\/c1.iggcdn.com\/indiegogo-media-prod-cld\/image\/upload\/c_limit,w_695\/v1614936310\/sx0rqht7zj0sxihvxhub.png\"\/> AYANEO on varustettu 16 Gt LPDDR4x 4266 RAM-muistilla ja tukee jopa 1 Tt NVME SSD. T\u00e4m\u00e4 takaa saumattoman ja sujuvan pelikokemuksen ja lyhent\u00e4\u00e4 latausaikoja merkitt\u00e4v\u00e4sti. Kun muut joutuvat odottamaan pelien latautumista, sin\u00e4 voit sukeltaa suoraan toimintaan.  <\/p><p style=\"text-align: center;\"><img decoding=\"async\" class=\"\" src=\"https:\/\/c1.iggcdn.com\/indiegogo-media-prod-cld\/image\/upload\/c_limit,w_695\/v1614936351\/fiymw14evbgdyzf9sqgs.png\" data-src=\"https:\/\/c1.iggcdn.com\/indiegogo-media-prod-cld\/image\/upload\/c_limit,w_695\/v1614936351\/fiymw14evbgdyzf9sqgs.png\"\/><\/p><p style=\"text-align: center;\">AYANEO peliohjaimessa on useita ergonomisia ominaisuuksia, jotka parantavat pelattavuutta, kuten napsautettavat joystickit, joissa on optimoidut kuolleet alueet sujuvampaa toimintaa varten. Joystickien ja D-padin sijoittelu on optimoitu k\u00e4ytt\u00e4jien oppimisk\u00e4yr\u00e4n minimoimiseksi. Lis\u00e4ksi laitteen runko on suunniteltu leve\u00e4mmill\u00e4 sivuilla, mik\u00e4 takaa tukevamman otteen ja paremman pelisuorituskyvyn.  <\/p><p style=\"text-align: center;\"><img decoding=\"async\" class=\"\" src=\"https:\/\/static.wixstatic.com\/media\/aac863_43ed0b20a12b4752aef923e0e2adfe9e~mv2.gif\" data-src=\"https:\/\/static.wixstatic.com\/media\/aac863_43ed0b20a12b4752aef923e0e2adfe9e~mv2.gif\"\/><\/p><p style=\"text-align: center;\">AYANEO -laitteen olkap\u00e4\u00e4painikkeet on varustettu APLPS-mikrokytkimill\u00e4, jotka tarjoavat lyhyemm\u00e4n liikkeen ja selke\u00e4mm\u00e4n palautteen. Lis\u00e4ksi AYA NEO:n joystickeiss\u00e4 on omat Windows Task Manager- ja n\u00e4ytt\u00f6n\u00e4pp\u00e4imist\u00f6painikkeet, jotka tarjoavat saumattoman Windows-kokemuksen. N\u00e4m\u00e4 painikkeet on suunniteltu siten, ett\u00e4 ne ovat samassa tasossa joystickin pinnan kanssa, mik\u00e4 v\u00e4hent\u00e4\u00e4 tahattomia aktivointeja.  <\/p><p style=\"text-align: center;\"><img decoding=\"async\" class=\"\" src=\"https:\/\/c1.iggcdn.com\/indiegogo-media-prod-cld\/image\/upload\/c_limit,w_695\/v1615001195\/nzloks9padhf7p2zhwav.png\" data-src=\"https:\/\/c1.iggcdn.com\/indiegogo-media-prod-cld\/image\/upload\/c_limit,w_695\/v1615001195\/nzloks9padhf7p2zhwav.png\"\/><\/p><p style=\"text-align: center;\">Sis\u00e4\u00e4nrakennettu litiumakku AYANEO koostuu kolmesta kennosta, joiden kunkin kapasiteetti on 4100 mAh, ja ne ovat BYD Auton toimittamia ja t\u00e4ytt\u00e4v\u00e4t kaikki kansainv\u00e4liset teollisuusstandardit. 47 wattitunnin akkukapasiteetin ja alhaisen virrankulutuksen ansiosta AYANEO tarjoaa erinomaisen akunkeston, joka kest\u00e4\u00e4 jopa 5-6 tuntia alhaisemmilla TDP -asetuksilla ja jopa 140 minuuttia vaativien AAA-pelien aikana. Lis\u00e4ksi AYANEO tukee pikalatausta, sill\u00e4 t\u00e4ysi lataus kest\u00e4\u00e4 vain 90 minuuttia.  <\/p><p style=\"text-align: center;\"><img decoding=\"async\" class=\"\" src=\"https:\/\/c1.iggcdn.com\/indiegogo-media-prod-cld\/image\/upload\/c_limit,w_695\/v1615020381\/lhrkmd6a0fwvkzcqdrhr.png\" data-src=\"https:\/\/c1.iggcdn.com\/indiegogo-media-prod-cld\/image\/upload\/c_limit,w_695\/v1615020381\/lhrkmd6a0fwvkzcqdrhr.png\"\/> AYANEO sis\u00e4lt\u00e4\u00e4 7-tuumaisen monikosketusn\u00e4yt\u00f6n, jossa on 800p 215 PPI H-IPS -paneeli, joka kattaa 76 % NTSC-v\u00e4riavaruudesta ja jonka huippukirkkaus on 500 nit. Lis\u00e4ksi n\u00e4ytt\u00f6 on v\u00e4lkkym\u00e4t\u00f6n, mik\u00e4 takaa loistavat pelikuvat jokaisella ruudulla. <\/p><p style=\"text-align: center;\"><img decoding=\"async\" class=\"\" src=\"https:\/\/c1.iggcdn.com\/indiegogo-media-prod-cld\/image\/upload\/c_limit,w_695\/v1615020027\/knbtdy0fr89jdpecpbfa.png\" data-src=\"https:\/\/c1.iggcdn.com\/indiegogo-media-prod-cld\/image\/upload\/c_limit,w_695\/v1615020027\/knbtdy0fr89jdpecpbfa.png\"\/><\/p><p style=\"text-align: center;\">AYANEO on varustettu sis\u00e4\u00e4nrakennetulla 6-akselisella gyroskoopilla\/kiihdytysmittarilla, joka tarjoaa eritt\u00e4in tarkan t\u00e4ht\u00e4ysavun ja muita hienoja ominaisuuksia. Lis\u00e4ksi laitteessa on sis\u00e4\u00e4nrakennetut rumble-moottorit, jotka antavat palautetta t\u00f6rm\u00e4yksist\u00e4, t\u00e4rin\u00e4st\u00e4, taistelusta ja muista kohtauksista, mik\u00e4 tekee pelikokemuksesta entist\u00e4 mukaansatempaavamman. <\/p><p style=\"text-align: center;\"><img decoding=\"async\" class=\"\" src=\"https:\/\/c1.iggcdn.com\/indiegogo-media-prod-cld\/image\/upload\/c_limit,w_695\/v1615020046\/ghondj0xjfgyldiartzt.png\" data-src=\"https:\/\/c1.iggcdn.com\/indiegogo-media-prod-cld\/image\/upload\/c_limit,w_695\/v1615020046\/ghondj0xjfgyldiartzt.png\"\/><\/p><p style=\"text-align: center;\">AYANEO&#8217;raa&#8217;an tehon ansiosta se voi ajaa AAA-nimikkeit\u00e4, kuten Cyberpunk 2077, Watch Dogs: Legion, Death Stranding, Assassin&#8217;s Creed Valhalla, Destiny 2, Horizon Zero Dawn ja muita pelej\u00e4 hyvill\u00e4 kuvanopeuksilla. Lis\u00e4ksi laitteen avulla voit ajaa pelien PC-versioita, jotka voivat olla paljon halvempia kuin konsoliversiot. <\/p><p style=\"text-align: center;\"><img decoding=\"async\" class=\"\" src=\"https:\/\/c1.iggcdn.com\/indiegogo-media-prod-cld\/image\/upload\/c_limit,w_695\/v1614936733\/obwoov4gy7o7n23zq8wl.png\" data-src=\"https:\/\/c1.iggcdn.com\/indiegogo-media-prod-cld\/image\/upload\/c_limit,w_695\/v1614936733\/obwoov4gy7o7n23zq8wl.png\"\/><\/p><p style=\"text-align: center;\"><img decoding=\"async\" class=\"\" src=\"https:\/\/c1.iggcdn.com\/indiegogo-media-prod-cld\/image\/upload\/c_limit,w_695\/v1615020358\/d8cym34zq3rhnbia3b9i.png\" data-src=\"https:\/\/c1.iggcdn.com\/indiegogo-media-prod-cld\/image\/upload\/c_limit,w_695\/v1615020358\/d8cym34zq3rhnbia3b9i.png\"\/><\/p><p style=\"text-align: center;\">Raakavoimansa ja loistavien liitett\u00e4vyytens\u00e4 ansiosta AYANEO pystyy py\u00f6ritt\u00e4m\u00e4\u00e4n saumattomasti sek\u00e4 AAA-luokan yksinpelej\u00e4 ett\u00e4 verkkomoninpelej\u00e4.<\/p><p style=\"text-align: center;\"><img decoding=\"async\" class=\"\" src=\"https:\/\/c1.iggcdn.com\/indiegogo-media-prod-cld\/image\/upload\/c_limit,w_695\/v1614936771\/nz1hzj2hgoyghq1adk1h.png\" data-src=\"https:\/\/c1.iggcdn.com\/indiegogo-media-prod-cld\/image\/upload\/c_limit,w_695\/v1614936771\/nz1hzj2hgoyghq1adk1h.png\"\/> AYANEO on varustettu langattomalla Intel AX200 -moduulilla, joka tukee Wi-Fi 6:ta ja Bluetooth 5.0:aa. Wi-Fi 6 tarjoaa jopa 2,7 kertaa nopeamman nopeuden ja 25 % pienemm\u00e4n viiveen edelliseen sukupolveen verrattuna. Olipa kyse sitten pelaamisesta, verkkovideoiden suoratoistosta, suoratoistosta tai et\u00e4k\u00e4yt\u00f6st\u00e4, AYANEO:n Wi-Fi 6 hoitaa kaiken t\u00e4ydellisesti.  <\/p><p style=\"text-align: center;\"><img decoding=\"async\" class=\"\" src=\"https:\/\/c1.iggcdn.com\/indiegogo-media-prod-cld\/image\/upload\/c_limit,w_695\/v1614936793\/znofdbppssvahjptax4d.png\" data-src=\"https:\/\/c1.iggcdn.com\/indiegogo-media-prod-cld\/image\/upload\/c_limit,w_695\/v1614936793\/znofdbppssvahjptax4d.png\"\/>  AYANEO sis\u00e4lt\u00e4\u00e4 3 USB 3.2 Gen 2 Type-C 10Gbps -porttia, joista kahdessa on videol\u00e4ht\u00f6- ja latausominaisuudet, sek\u00e4 3,5 mm:n kuulokeliit\u00e4nt\u00e4. Lis\u00e4ksi kannettava telakointiasema tarjoaa enemm\u00e4n liit\u00e4nt\u00e4vaihtoehtoja, mukaan lukien 2 USB 3.2 Gen 1 Type-A -porttia, 1 HDMI-portti, 1 SD-korttipaikka, 1 TF-korttipaikka ja 1 RJ45-portti. T\u00e4m\u00e4 eritt\u00e4in kannettava telakointiasema mahtuu kantolaukkuun laitteen mukana ja toimii my\u00f6s latausasemana. Koska AYANEO voi liitt\u00e4\u00e4 jopa 2 ulkoista n\u00e4ytt\u00f6\u00e4 ja ulkoisen n\u00e4pp\u00e4imist\u00f6n\/hiiren, se tarjoaa ty\u00f6p\u00f6yd\u00e4n kaltaisen kokemuksen sek\u00e4 viihdett\u00e4 ett\u00e4 tuottavuutta varten.   <\/p><p style=\"text-align: center;\"><img decoding=\"async\" class=\"\" src=\"https:\/\/c1.iggcdn.com\/indiegogo-media-prod-cld\/image\/upload\/c_limit,w_695\/v1614936808\/rfczhcxftjpotxtukccj.png\" data-src=\"https:\/\/c1.iggcdn.com\/indiegogo-media-prod-cld\/image\/upload\/c_limit,w_695\/v1614936808\/rfczhcxftjpotxtukccj.png\"\/><\/p><\/div>\n","protected":false},"excerpt":{"rendered":"[cg_accordion title=\"At a Glance\" open=\"open\"]<\/p>\n<ul>\n<li>AMD\u00ae<b> Ryzen\u2122 5 4500U<\/b> ja <b>AMD Radeon\u2122 -grafiikat<\/b><\/li>\n<li><strong>16GB kaksikanavainen<\/strong> LPDDR4x @ 4266Mhz<\/li>\n<li><strong>1TB<\/strong> nopeaa PCI-E <strong>NVMe<\/strong> -muistia <strong> SSD<\/strong><\/li>\n<li><strong>7&#8243; H-IPS<\/strong> kosketusn\u00e4ytt\u00f6<\/li>\n<li><strong>WiFi 6E<\/strong> &amp; <strong>Bluetooth 5.1<\/strong> -tuki<\/li>\n<\/ul>\n<p>[\/cg_accordion]\n[cg_accordion title=\"MAKSUTIEDOT\"]<\/p>\n<p>K\u00e4yt\u00e4mme uusinta tekniikkaa maksujen k\u00e4sittelyss\u00e4, jonka avulla voit tehd\u00e4 maksun Apple Payn, Google Payn, pankki- tai luottokorttisi, PayPalin tai BNPL-menetelmien, kuten Klarnan, Affirmin tai AfterPayn kautta, mik\u00e4 takaa nopean ja turvallisen maksukokemuksen.[\/cg_accordion]\n[cg_accordion title=\"TAKUU\"]<\/p>\n<p>1 vuoden takuu <a href=\"https:\/\/droix.net\/\" target=\"_blank\" rel=\"nofollow noopener\">DROIX Globalilta<\/a> mielenrauhasi vuoksi[\/cg_accordion]\n[cg_accordion title=\"HINNOITTELU, VEROT JA TOIMITUKSET\"]<\/p>\n<p><strong><u>Huom:<\/u><\/strong><\/p>\n<ul>\n<li>Yhdysvallat Asiakkaat: Asiakkaat: N\u00e4ytetty hinta EI sis\u00e4ll\u00e4 veroja eik\u00e4 tulleja. Vastuu tulliselvityksest\u00e4 ja siihen liittyvien verojen\/tullien maksamisesta on asiakkaalla. <\/li>\n<li>EU:n asiakkaat: N\u00e4ytetty hinta sis\u00e4lt\u00e4\u00e4 sovellettavan veron, joka voi olla jopa 25 % maastasi riippuen.<\/li>\n<li>Kanada Asiakkaat: N\u00e4ytetty hinta sis\u00e4lt\u00e4\u00e4 sovellettavat verot, joihin voi sis\u00e4lty\u00e4 5 % GST ja ylim\u00e4\u00e4r\u00e4isi\u00e4 maakunnallisia myyntiveroja (PST), harmonisoitua myyntiveroa (HST) tai Quebecin myyntiveroa (QST) maakunnasta riippuen.<\/li>\n<\/ul>\n<p><strong>AINOASTAAN EU:n asiakkaille:<\/strong> Express DDP (Delivered Duty Paid). T\u00e4m\u00e4 tarkoittaa: <\/p>\n<ul>\n<li>Kaikki tullit ja verot sis\u00e4ltyv\u00e4t tuotesivulla ilmoitettuun hintaan.<\/li>\n<li>Sinun ei tarvitse maksaa lis\u00e4maksuja toimituksen yhteydess\u00e4.<\/li>\n<li>Harvinaisissa tulliin liittyviss\u00e4 tapauksissa tiimimme hoitaa tulliselvitysprosessin puolestasi varmistaakseen sujuvan toimituksen.<\/li>\n<p>T\u00e4rke\u00e4\u00e4 tietoa palautuksista:<\/p>\n<li>Jos p\u00e4\u00e4t\u00e4t palauttaa tilauksesi tai pyyt\u00e4\u00e4 palautusta, ota huomioon, ett\u00e4 DDP-ehtojen mukaisesti puolestasi maksettuja veroja ja tulleja ei voida palauttaa.<\/li>\n<p>Katso yksityiskohtaiset tiedot <a href=\"https:\/\/ayaneo.co\/terms-of-service-2\/\" target=\"_blank\" rel=\"nofollow noopener\">k\u00e4ytt\u00f6ehdoistamme<\/a>.\n<\/ul>\n<p>[\/cg_accordion]\n[cg_accordion title=\"ASIAKASTUKI\"]<\/p>\n<p>Onko kysytt\u00e4v\u00e4\u00e4? Olemme lyhyen tekstiviestin p\u00e4\u00e4ss\u00e4 siit\u00e4, ett\u00e4 ongelmasi on ratkaistu!<br \/>\n[\/cg_accordion]\n","protected":false},"featured_media":4059,"template":"","meta":{"_acf_changed":false},"product_brand":[],"product_cat":[548],"product_tag":[549],"class_list":{"0":"post-4053","1":"product","2":"type-product","3":"status-publish","4":"has-post-thumbnail","6":"product_cat-kannettavat-pelitietokoneet","7":"product_tag-pc-pelaaminen-handheld","8":"product_shipping_class-premium","9":"pa_brand-ayaneo","10":"pa_graphics-gpu-model-radeon-graphics","11":"pa_operating-system-windows-10","12":"pa_processor-cpu-brand-amd","14":"first","15":"outofstock","16":"taxable","17":"shipping-taxable","18":"purchasable","19":"product-type-simple"},"acf":[],"_links":{"self":[{"href":"https:\/\/ayaneo.co\/fi\/wp-json\/wp\/v2\/product\/4053","targetHints":{"allow":["GET"]}}],"collection":[{"href":"https:\/\/ayaneo.co\/fi\/wp-json\/wp\/v2\/product"}],"about":[{"href":"https:\/\/ayaneo.co\/fi\/wp-json\/wp\/v2\/types\/product"}],"wp:featuredmedia":[{"embeddable":true,"href":"https:\/\/ayaneo.co\/fi\/wp-json\/wp\/v2\/media\/4059"}],"wp:attachment":[{"href":"https:\/\/ayaneo.co\/fi\/wp-json\/wp\/v2\/media?parent=4053"}],"wp:term":[{"taxonomy":"product_brand","embeddable":true,"href":"https:\/\/ayaneo.co\/fi\/wp-json\/wp\/v2\/product_brand?post=4053"},{"taxonomy":"product_cat","embeddable":true,"href":"https:\/\/ayaneo.co\/fi\/wp-json\/wp\/v2\/product_cat?post=4053"},{"taxonomy":"product_tag","embeddable":true,"href":"https:\/\/ayaneo.co\/fi\/wp-json\/wp\/v2\/product_tag?post=4053"}],"curies":[{"name":"wp","href":"https:\/\/api.w.org\/{rel}","templated":true}]}}