{"id":4122,"date":"2023-03-11T17:22:19","date_gmt":"2023-03-11T17:22:19","guid":{"rendered":"https:\/\/ayaneo.co\/product\/ayaneo-geek-pc-pelaamisen-kannettava-tietokone\/"},"modified":"2025-04-11T12:25:44","modified_gmt":"2025-04-11T12:25:44","slug":"ayaneo-geek-pc-pelaamisen-kannettava-tietokone","status":"publish","type":"product","link":"https:\/\/ayaneo.co\/fi\/product\/ayaneo-geek-pc-pelaamisen-kannettava-tietokone\/","title":{"rendered":"AYANEO Geek PC-pelaaminen kannettava tietokone"},"content":{"rendered":"\n<p>Esittelyss\u00e4 on AYANEO Geek-k\u00e4sikannettava pelitietokone, tehokas ja budjettiyst\u00e4v\u00e4llinen laite, joka tarjoaa poikkeuksellista suorituskyky\u00e4. Kahdeksan ydint\u00e4 ja kuusitoista s\u00e4iett\u00e4 sis\u00e4lt\u00e4v\u00e4ll\u00e4 AMD Ryzen 7 6800U -prosessorilla varustettu AYANEO Geek toimii jopa 4,7 GHz:n taajuudella nopeaa ja tehokasta toimintaa varten. N\u00e4yt\u00f6nohjaimena on AMD Radeon 680M, joka toimii jopa 2,2 GHz:n kellotaajuudella ja tarjoaa uskomatonta AAA-pelisuorituskyky\u00e4, kuten AYANEO 2 -k\u00e4sikonsoli osoittaa.  <\/p>\n\n<p>AYANEO Geek tarjoaa useita r\u00e4\u00e4t\u00e4l\u00f6intivaihtoehtoja, mukaan lukien jopa 32 Gt LPDDR5 RAM-muistia 6400 MT\/s nopeudella ja jopa 2 Tt nopeaa PCIE 3.0 m.2 2280 kaksipuoleista SSD. Tarjolla on my\u00f6s micro-SD-korttipaikka tallennustilan laajentamista varten. <\/p>\n\n<p>Nauti upeasta visuaalisesta ilmeest\u00e4 AYANEO Geekin 7-tuumaisella kosketusn\u00e4yt\u00f6ll\u00e4, jonka resoluutio on 1920\u00d71200 ja jota ymp\u00e4r\u00f6i ohut kehys. N\u00e4yt\u00f6ss\u00e4 on kirkkaat, eloisat v\u00e4rit, jotka todella ponnahtavat. Pelis\u00e4\u00e4timet on varustettu halliantureilla, jotka tarjoavat tarkan ja luotettavan sy\u00f6t\u00f6n. N\u00e4m\u00e4 anturit k\u00e4ytt\u00e4v\u00e4t magneetteja perinteisten liikkuvien osien sijaan, jotka kuluvat yleens\u00e4 nopeammin.   <\/p>\n\n<p>Yhdist\u00e4 oheislaitteisiin langattomasti AYANEO Geekin nopean WiFi 6:n ja Bluetooth 5.2 -ominaisuuksien avulla. Laitteessa on my\u00f6s kolme USB Type-C-porttia, joista kaksi on USB 4 - ja Thunderbolt-yhteensopivia, joten voit liitt\u00e4\u00e4 siihen nopeita oheislaitteita, kuten eGPU:n entist\u00e4kin nopeampaa suorituskyky\u00e4 varten. <\/p>\n\n<p>Koe uusimmat AAA-Windows-pelit pelattavilla ruudunp\u00e4ivitysnopeuksilla ja laadukkaalla grafiikalla tai suorita seitsem\u00e4nnen sukupolven konsoliemulaattoreita, kuten PlayStation 3:n pelej\u00e4, h\u00e4mm\u00e4stytt\u00e4vill\u00e4 ruudunp\u00e4ivitysnopeuksilla. AYANEO Geek on kannettava ja kevyt, sill\u00e4 se on kooltaan 26,5 x 10,5 x 3,7 cm (10,5 x 4,13 x 1,4 tuumaa) ja painaa vain 680 g. Se sopii t\u00e4ydellisesti k\u00e4ytett\u00e4v\u00e4ksi p\u00e4ivitt\u00e4isill\u00e4 ty\u00f6matkoilla, matkoilla tai kotona, jossa voit liitt\u00e4\u00e4 sen telakkaan ja k\u00e4ytt\u00e4\u00e4 sit\u00e4 p\u00f6yt\u00e4tietokoneena televisiossa tai monitorissa.  <\/p>\n","protected":false},"excerpt":{"rendered":"<ul>\n<li>AMD<strong> Ryzen 7 6800U<\/strong> \/ Radeon 680M<\/li>\n<li><strong>jopa 32GB<\/strong> LPDDR5 @ <strong>6400 MT\/s<\/strong><\/li>\n<li><strong>jopa 2TB<\/strong> High-Speed PCIe 4.0 m.2 2280 SSD <\/li>\n<li><strong>7<\/strong> \" <strong> LCD kosketusn\u00e4ytt\u00f6<\/strong> <\/li>\n<li><strong>WiFi 6<\/strong> &amp; <strong>Bluetooth 5.2<\/strong> -tuki<\/li>\n<\/ul>\n[cg_accordion title=\"MAKSUTIEDOT\"]<\/p>\n<p>K\u00e4yt\u00e4mme uusinta tekniikkaa maksujen k\u00e4sittelyss\u00e4, jonka avulla voit tehd\u00e4 maksun Apple Payn, Google Payn, pankki- tai luottokorttisi, PayPalin tai BNPL-menetelmien, kuten Klarnan, Affirmin tai AfterPayn kautta, mik\u00e4 takaa nopean ja turvallisen maksukokemuksen.[\/cg_accordion]\n[cg_accordion title=\"TAKUU\"]<\/p>\n<p>1 vuoden takuu <a href=\"https:\/\/droix.net\/\" target=\"_blank\" rel=\"nofollow noopener\">DROIX Globalilta<\/a> mielenrauhasi vuoksi[\/cg_accordion]\n[cg_accordion title=\"HINNOITTELU, VEROT JA TOIMITUKSET\"]<\/p>\n<p><strong><u>Huom:<\/u><\/strong><\/p>\n<ul>\n<li>Yhdysvallat Asiakkaat: Asiakkaat: N\u00e4ytetty hinta EI sis\u00e4ll\u00e4 veroja eik\u00e4 tulleja. Vastuu tulliselvityksest\u00e4 ja siihen liittyvien verojen\/tullien maksamisesta on asiakkaalla. <\/li>\n<li>EU:n asiakkaat: N\u00e4ytetty hinta sis\u00e4lt\u00e4\u00e4 sovellettavan veron, joka voi olla jopa 25 % maastasi riippuen.<\/li>\n<li>Kanada Asiakkaat: N\u00e4ytetty hinta sis\u00e4lt\u00e4\u00e4 sovellettavat verot, joihin voi sis\u00e4lty\u00e4 5 % GST ja ylim\u00e4\u00e4r\u00e4isi\u00e4 maakunnallisia myyntiveroja (PST), harmonisoitua myyntiveroa (HST) tai Quebecin myyntiveroa (QST) maakunnasta riippuen.<\/li>\n<\/ul>\n<p><strong>AINOASTAAN EU:n asiakkaille:<\/strong> Express DDP (Delivered Duty Paid). T\u00e4m\u00e4 tarkoittaa: <\/p>\n<ul>\n<li>Kaikki tullit ja verot sis\u00e4ltyv\u00e4t tuotesivulla ilmoitettuun hintaan.<\/li>\n<li>Sinun ei tarvitse maksaa lis\u00e4maksuja toimituksen yhteydess\u00e4.<\/li>\n<li>Harvinaisissa tulliin liittyviss\u00e4 tapauksissa tiimimme hoitaa tulliselvitysprosessin puolestasi varmistaakseen sujuvan toimituksen.<\/li>\n<p>T\u00e4rke\u00e4\u00e4 tietoa palautuksista:<\/p>\n<li>Jos p\u00e4\u00e4t\u00e4t palauttaa tilauksesi tai pyyt\u00e4\u00e4 palautusta, ota huomioon, ett\u00e4 DDP-ehtojen mukaisesti puolestasi maksettuja veroja ja tulleja ei voida palauttaa.<\/li>\n<p>Katso yksityiskohtaiset tiedot <a href=\"https:\/\/ayaneo.co\/terms-of-service-2\/\" target=\"_blank\" rel=\"nofollow noopener\">k\u00e4ytt\u00f6ehdoistamme<\/a>.\n<\/ul>\n<p>[\/cg_accordion]\n[cg_accordion title=\"ASIAKASTUKI\"]<\/p>\n<p>Onko kysytt\u00e4v\u00e4\u00e4? Olemme lyhyen tekstiviestin p\u00e4\u00e4ss\u00e4 siit\u00e4, ett\u00e4 ongelmasi on ratkaistu!<br \/>\n[\/cg_accordion]\n","protected":false},"featured_media":4123,"template":"","meta":{"_acf_changed":false},"product_brand":[],"product_cat":[548],"product_tag":[],"class_list":{"0":"post-4122","1":"product","2":"type-product","3":"status-publish","4":"has-post-thumbnail","6":"product_cat-kannettavat-pelitietokoneet","7":"pa_brand-ayaneo","8":"pa_graphics-gpu-model-radeon-680m","9":"pa_operating-system-windows-11","10":"pa_processor-cpu-brand-amd","12":"first","13":"outofstock","14":"taxable","15":"shipping-taxable","16":"purchasable","17":"product-type-variable","18":"has-default-attributes"},"acf":[],"_links":{"self":[{"href":"https:\/\/ayaneo.co\/fi\/wp-json\/wp\/v2\/product\/4122","targetHints":{"allow":["GET"]}}],"collection":[{"href":"https:\/\/ayaneo.co\/fi\/wp-json\/wp\/v2\/product"}],"about":[{"href":"https:\/\/ayaneo.co\/fi\/wp-json\/wp\/v2\/types\/product"}],"wp:featuredmedia":[{"embeddable":true,"href":"https:\/\/ayaneo.co\/fi\/wp-json\/wp\/v2\/media\/4123"}],"wp:attachment":[{"href":"https:\/\/ayaneo.co\/fi\/wp-json\/wp\/v2\/media?parent=4122"}],"wp:term":[{"taxonomy":"product_brand","embeddable":true,"href":"https:\/\/ayaneo.co\/fi\/wp-json\/wp\/v2\/product_brand?post=4122"},{"taxonomy":"product_cat","embeddable":true,"href":"https:\/\/ayaneo.co\/fi\/wp-json\/wp\/v2\/product_cat?post=4122"},{"taxonomy":"product_tag","embeddable":true,"href":"https:\/\/ayaneo.co\/fi\/wp-json\/wp\/v2\/product_tag?post=4122"}],"curies":[{"name":"wp","href":"https:\/\/api.w.org\/{rel}","templated":true}]}}