{"id":42144,"date":"2025-02-10T12:11:02","date_gmt":"2025-02-10T12:11:02","guid":{"rendered":"https:\/\/ayaneo.co\/product\/ayaneo-3\/"},"modified":"2025-12-02T18:22:20","modified_gmt":"2025-12-02T18:22:20","slug":"ayaneo-3","status":"publish","type":"product","link":"https:\/\/ayaneo.co\/fi\/product\/ayaneo-3\/","title":{"rendered":"AYANEO 3"},"content":{"rendered":"\n<figure class=\"wp-block-video\"><video height=\"360\" style=\"aspect-ratio: 640 \/ 360;\" width=\"640\" controls=\"\" poster=\"https:\/\/ayaneo.co\/wp-content\/uploads\/2025\/02\/maxresdefault-1.jpg\" src=\"https:\/\/ayaneo.co\/wp-content\/uploads\/2025\/02\/videoplayback-1.mp4\"><\/video><\/figure>\n\n<div class=\"wp-block-columns is-layout-flex wp-container-core-columns-is-layout-28f84493 wp-block-columns-is-layout-flex\">\n<div class=\"wp-block-column is-layout-flow wp-block-column-is-layout-flow\">\n<p>Esittelyss\u00e4 AYANEO 3, maailman ensimm\u00e4inen modulaarinen kannettava pelikonsoli, joka m\u00e4\u00e4rittelee kannettavan pelaamisen uudelleen vertaansa vailla olevalla mukauttamisella ja suorituskyvyll\u00e4. Henkil\u00f6kohtaista pelikokemusta etsiville pelaajille suunniteltu AYANEO 3 tarjoaa innovatiivisia ominaisuuksia ja huippuluokan teknisi\u00e4 ominaisuuksia, jotka sopivat sek\u00e4 satunnaisille ett\u00e4 hardcore-pelaajille. <\/p>\n\n\n\n<h2 class=\"wp-block-heading\"><strong>Innovatiivinen modulaarinen suunnittelu<\/strong><\/h2>\n\n\n\n<p>AYANEO 3 on uraauurtava modulaarinen ohjainj\u00e4rjestelm\u00e4, jonka avulla k\u00e4ytt\u00e4j\u00e4t voivat vapaasti yhdistell\u00e4 ja muokata ohjainmoduuleja omien pelimieltymystens\u00e4 mukaan. Irrotettavien ja vaihdettavien ABXY-painikkeiden avulla pelaajat voivat m\u00e4\u00e4ritt\u00e4\u00e4 jopa 56 ainutlaatuista asetteluyhdistelm\u00e4\u00e4, mik\u00e4 takaa optimaalisen k\u00e4ytt\u00f6mukavuuden ja hallinnan kaikissa peligenreiss\u00e4. Moduuleihin kuuluu tavallisia joystick-asetelmia, kosketuslevymoduuleja parannettuun FPS-pelaamiseen ja kuuden painikkeen taistelumoduuleja tarkkaan pelaamiseen.    <\/p>\n<\/div>\n<\/div>\n\n<div class=\"wp-block-columns is-layout-flex wp-container-core-columns-is-layout-28f84493 wp-block-columns-is-layout-flex\">\n<div class=\"wp-block-column is-layout-flow wp-block-column-is-layout-flow\" style=\"flex-basis:33.33%\">\n<figure class=\"wp-block-image size-full\"><a href=\"https:\/\/ayaneo.co\/wp-content\/uploads\/2025\/02\/4-1-1024x1024-1.jpg\"><img fetchpriority=\"high\" decoding=\"async\" width=\"1024\" height=\"1024\" src=\"https:\/\/ayaneo.co\/wp-content\/uploads\/2025\/02\/4-1-1024x1024-1.jpg\" alt=\"OLED-n&#xE4;ytt&#xF6;:&#10;OLED-n&#xE4;yt&#xF6;ss&#xE4; on nopea 144 Hz:n virkistystaajuus, joka takaa poikkeuksellisen sulavan ja nestem&#xE4;isen liikkeen peleiss&#xE4; ja v&#xE4;hent&#xE4;&#xE4; ep&#xE4;tarkkuutta. 800 nitin kirkkauden ansiosta n&#xE4;ytt&#xF6; tarjoaa uskomattoman eloisan ja selke&#xE4;n visuaalisen kuvan my&#xF6;s kirkkaissa ymp&#xE4;rist&#xF6;iss&#xE4;. Sen 110 %:n DCI-P3-v&#xE4;riavaruuden kattavuus tarjoaa laajan spektrin rikkaita ja tarkkoja v&#xE4;rej&#xE4;, jotka takaavat todella mukaansatempaavan kokemuksen. T&#xE4;m&#xE4; ensiluokkainen paneeli on ihanteellinen niille, jotka etsiv&#xE4;t huippuluokan visuaalista uskollisuutta ja reagointikyky&#xE4;.   &#10;&#10;LCD-n&#xE4;ytt&#xF6;:&#10;LCD-n&#xE4;yt&#xF6;ss&#xE4; on tasainen 120 Hz:n virkistystaajuus, joka takaa erinomaisen pelien sujuvuuden ja v&#xE4;hent&#xE4;&#xE4; haamukuvia. Sen kirkkaus on 500 nitti&#xE4; ja 100 % sRGB-peitto, mik&#xE4; takaa selke&#xE4;t ja v&#xE4;ritarkat kuvat useimmille sis&#xE4;ll&#xF6;ille. Ratkaisevaa on, ett&#xE4; se sis&#xE4;lt&#xE4;&#xE4; VRR:n AMD FreeSync Premium -ominaisuudella, joka synkronoi n&#xE4;yt&#xF6;n dynaamisesti kuvanopeuden mukaan. T&#xE4;m&#xE4; eliminoi n&#xE4;yt&#xF6;n repeilyn ja p&#xE4;tkimisen ja tarjoaa tasaisen ja mukaansatempaavan pelikokemuksen.   \" class=\"wp-image-37427\" srcset=\"https:\/\/ayaneo.co\/wp-content\/uploads\/2025\/02\/4-1-1024x1024-1.jpg 1024w, https:\/\/ayaneo.co\/wp-content\/uploads\/2025\/02\/4-1-1024x1024-1-300x300.jpg 300w, https:\/\/ayaneo.co\/wp-content\/uploads\/2025\/02\/4-1-1024x1024-1-150x150.jpg 150w, https:\/\/ayaneo.co\/wp-content\/uploads\/2025\/02\/4-1-1024x1024-1-768x768.jpg 768w, https:\/\/ayaneo.co\/wp-content\/uploads\/2025\/02\/4-1-1024x1024-1-65x65.jpg 65w, https:\/\/ayaneo.co\/wp-content\/uploads\/2025\/02\/4-1-1024x1024-1-990x990.jpg 990w, https:\/\/ayaneo.co\/wp-content\/uploads\/2025\/02\/4-1-1024x1024-1-441x441.jpg 441w, https:\/\/ayaneo.co\/wp-content\/uploads\/2025\/02\/4-1-1024x1024-1-100x100.jpg 100w, https:\/\/ayaneo.co\/wp-content\/uploads\/2025\/02\/4-1-1024x1024-1-600x600.jpg 600w\" sizes=\"(max-width: 1024px) 100vw, 1024px\" \/><\/a><\/figure>\n<\/div>\n\n\n\n<div class=\"wp-block-column is-layout-flow wp-block-column-is-layout-flow\" style=\"flex-basis:66.66%\">\n<h2 class=\"wp-block-heading\"><strong>Upea visuaalinen ilme<\/strong><\/h2>\n\n\n\n<ul class=\"wp-block-list\">\n<li><strong>OLED-n\u00e4ytt\u00f6<\/strong><br\/><strong><br\/><\/strong>AYANEO 3:n OLED-n\u00e4ytt\u00f6 on 7-tuumainen kosketusn\u00e4ytt\u00f6, jonka resoluutio on 1080P ja kuvasuhde 16:9. Siin\u00e4 on mukautettava virkistystaajuus, jonka avulla k\u00e4ytt\u00e4j\u00e4t voivat valita 144Hz, 120Hz, 90Hz ja 60Hz v\u00e4lill\u00e4. T\u00e4m\u00e4n n\u00e4yt\u00f6n suurin globaali kirkkaus on 800 nitsi\u00e4, ja se tukee HDR-todellisuusv\u00e4rilaatua realistisen valon ja varjon aikaansaamiseksi. Se kattaa 110 % DCI-P3-v\u00e4riavaruudesta ja sen sRGB-v\u00e4riavaruuden volyymi on 150 %, mik\u00e4 tuottaa eloisaa ja ter\u00e4v\u00e4\u00e4 visuaalista kuvaa.   <\/li>\n\n\n\n<li><strong>LCD-n\u00e4ytt\u00f6<\/strong><br\/><strong><br\/><\/strong>LCD-n\u00e4ytt\u00f6 on my\u00f6s 7-tuumainen kosketusn\u00e4ytt\u00f6, jonka resoluutio on 1080P ja kuvasuhde 16:9. Sen virkistystaajuudet ovat 120 Hz ja 60 Hz. Sen suurin kokonaiskirkkaus on 500 nitsi\u00e4, ja se tarjoaa 100 % sRGB-peiton. LCD-n\u00e4yt\u00f6ss\u00e4 on nopea 7 ms:n vasteaika, ja se tukee VRR:\u00e4\u00e4 (muuttuva virkistystaajuus) AMD FreeSync Premium -ominaisuudella, mik\u00e4 takaa selke\u00e4n, eloisan ja repim\u00e4tt\u00f6m\u00e4n pelikokemuksen. Se on my\u00f6s natiivi maiseman\u00e4ytt\u00f6.    <\/li>\n<\/ul>\n\n\n\n<p><br\/>Sek\u00e4 LCD ett\u00e4 OLED -n\u00e4yt\u00f6t tarjoavat upean visuaalisen kokemuksen, jonka ansiosta pelaajat voivat nauttia upeasta grafiikasta poikkeuksellisen kirkkaasti.<\/p>\n<\/div>\n<\/div>\n\n<h2 class=\"wp-block-heading has-text-align-center\"><strong>Tehokas suorituskyky<\/strong><\/h2>\n\n<p class=\"has-text-align-center\">Konepellin alla AYANEO 3 tarjoaa kaksi tehokasta prosessorivaihtoehtoa:<\/p>\n\n<div class=\"wp-block-columns is-layout-flex wp-container-core-columns-is-layout-28f84493 wp-block-columns-is-layout-flex\">\n<div class=\"wp-block-column is-layout-flow wp-block-column-is-layout-flow\">\n<figure class=\"wp-block-image size-full\"><a href=\"https:\/\/ayaneo.co\/wp-content\/uploads\/2025\/02\/3-370-1-1024x1024-1.jpg\"><img decoding=\"async\" width=\"1024\" height=\"1024\" src=\"https:\/\/ayaneo.co\/wp-content\/uploads\/2025\/02\/3-370-1-1024x1024-1.jpg\" alt=\"Grafiikka, jossa kerrotaan yksityiskohtaisesti &quot;AMD Ryzen AI 9 HX 370&quot; -prosessorilla varustetun laitteen &quot;Tehokas ydin, monipuoliset ominaisuudet&quot;. Kuvassa esitell&#xE4;&#xE4;n eri komponentteja ja eritelmi&#xE4;: &quot;Zen5 New Zen 5 CPU&quot;, &quot;12 ydint&#xE4; 24 s&#xE4;iett&#xE4;&quot;, &quot;5,1 GHz:n suurin yhden ytimen taajuus&quot;, &quot;AMD Radeon 890M&quot; (GPU, jossa on &quot;RDNA 3.5 16CU 2,9 GHz&quot;) ja &quot;AMD XDNA 2 NPU 50TOPS&quot;. Siin&#xE4; korostetaan &quot;12MB L2 + 24MB L3 suurnopeusv&#xE4;limuistia&quot; ja todetaan, ett&#xE4; CPU-, GPU- ja NPU-arkkitehtuurit on p&#xE4;ivitetty suorituskyvyn ja tehokkuuden lis&#xE4;&#xE4;miseksi, mik&#xE4; tekee siit&#xE4; sopivan pelaamiseen ja teko&#xE4;lyteht&#xE4;viin. Pieni teksti alareunassa vertaa sit&#xE4; edellisen sukupolven AMD:n teko&#xE4;lyprosessoreihin ja mainitsee parannukset NPU:n laskentatehossa, CPU-ytimen prosessoinnissa, NPU:n energiatehokkuudessa, suurten kielimallien teko&#xE4;lyn vastausnopeudessa ja L3-v&#xE4;limuistissa.   \" class=\"wp-image-37428\" srcset=\"https:\/\/ayaneo.co\/wp-content\/uploads\/2025\/02\/3-370-1-1024x1024-1.jpg 1024w, https:\/\/ayaneo.co\/wp-content\/uploads\/2025\/02\/3-370-1-1024x1024-1-300x300.jpg 300w, https:\/\/ayaneo.co\/wp-content\/uploads\/2025\/02\/3-370-1-1024x1024-1-150x150.jpg 150w, https:\/\/ayaneo.co\/wp-content\/uploads\/2025\/02\/3-370-1-1024x1024-1-768x768.jpg 768w, https:\/\/ayaneo.co\/wp-content\/uploads\/2025\/02\/3-370-1-1024x1024-1-65x65.jpg 65w, https:\/\/ayaneo.co\/wp-content\/uploads\/2025\/02\/3-370-1-1024x1024-1-990x990.jpg 990w, https:\/\/ayaneo.co\/wp-content\/uploads\/2025\/02\/3-370-1-1024x1024-1-441x441.jpg 441w, https:\/\/ayaneo.co\/wp-content\/uploads\/2025\/02\/3-370-1-1024x1024-1-100x100.jpg 100w, https:\/\/ayaneo.co\/wp-content\/uploads\/2025\/02\/3-370-1-1024x1024-1-600x600.jpg 600w\" sizes=\"(max-width: 1024px) 100vw, 1024px\" \/><\/a><\/figure>\n\n\n\n<p><strong>AMD Ryzen\u2122 AI 9 HX 370<\/strong>: T\u00e4m\u00e4 12 ytimell\u00e4 ja 24 s\u00e4ikeell\u00e4 varustettu prosessori tarjoaa huippuluokan suorituskyky\u00e4 vaativiin AAA-peleihin ja moniteht\u00e4viin.<\/p>\n<\/div>\n\n\n\n<div class=\"wp-block-column is-layout-flow wp-block-column-is-layout-flow\">\n<figure class=\"wp-block-image size-full\"><a href=\"https:\/\/ayaneo.co\/wp-content\/uploads\/2025\/02\/3-8840u-1-1024x1024-1.jpg\"><img decoding=\"async\" width=\"1024\" height=\"1024\" src=\"https:\/\/ayaneo.co\/wp-content\/uploads\/2025\/02\/3-8840u-1-1024x1024-1.jpg\" alt=\"Tummas&#xE4;vyinen infografiikka, jossa korostetaan AMD Ryzen&#x2122; 7 8840U -prosessorin ominaisuuksia. Yl&#xE4;osassa esitell&#xE4;&#xE4;n tietoja suorittimesta, n&#xE4;yt&#xF6;nohjaimesta ja NPU:sta: &quot;Zen4-suoritin&quot;, &quot;4 nm:n&quot; prosessi, &quot;5,1 GHz:n maksimitaajuus&quot;, &quot;AMD Radeon&#x2122; 780M&quot; -grafiikka &quot;RDNA 3 12CU 2,7 GHz&quot; ja &quot;AMD Ryzen&#x2122; AI NPU 16TOPS&quot;. Keskimm&#xE4;inen lohko n&#xE4;ytt&#xE4;&#xE4; &quot;AMD Ryzen&#x2122; 7 8840U&quot; -piirin, jossa mainitaan &quot;38TOPS kokonaissuorituskyky&quot;. Alemmassa lohkossa kerrotaan muistista ja tallennustilasta: &quot;LPDDR5X 7500MT\/s -muisti&quot; (jopa 64 Gt k&#xE4;ytett&#xE4;viss&#xE4; raskaisiin teht&#xE4;viin) ja &quot;M.2 2280 PCIe 4.0 SSD&quot; (eritt&#xE4;in nopea, valtavirtainen ja laajennettavissa).    \" class=\"wp-image-37429\" srcset=\"https:\/\/ayaneo.co\/wp-content\/uploads\/2025\/02\/3-8840u-1-1024x1024-1.jpg 1024w, https:\/\/ayaneo.co\/wp-content\/uploads\/2025\/02\/3-8840u-1-1024x1024-1-300x300.jpg 300w, https:\/\/ayaneo.co\/wp-content\/uploads\/2025\/02\/3-8840u-1-1024x1024-1-150x150.jpg 150w, https:\/\/ayaneo.co\/wp-content\/uploads\/2025\/02\/3-8840u-1-1024x1024-1-768x768.jpg 768w, https:\/\/ayaneo.co\/wp-content\/uploads\/2025\/02\/3-8840u-1-1024x1024-1-65x65.jpg 65w, https:\/\/ayaneo.co\/wp-content\/uploads\/2025\/02\/3-8840u-1-1024x1024-1-990x990.jpg 990w, https:\/\/ayaneo.co\/wp-content\/uploads\/2025\/02\/3-8840u-1-1024x1024-1-441x441.jpg 441w, https:\/\/ayaneo.co\/wp-content\/uploads\/2025\/02\/3-8840u-1-1024x1024-1-100x100.jpg 100w, https:\/\/ayaneo.co\/wp-content\/uploads\/2025\/02\/3-8840u-1-1024x1024-1-600x600.jpg 600w\" sizes=\"(max-width: 1024px) 100vw, 1024px\" \/><\/a><\/figure>\n\n\n\n<p><strong>AMD Ryzen\u2122 7 8840U<\/strong>: Tasapainoinen prosessori, joka tarjoaa luotettavaa suorituskyky\u00e4 sek\u00e4 vaativiin ett\u00e4 satunnaisiin pelisessioihin.<\/p>\n<\/div>\n<\/div>\n\n<p>Yhdistettyn\u00e4 jopa 64 Gt LPDDR5X RAM-muistiin ja jopa 4 Tt PCIe 4.0 SSD -tallennustilaan AYANEO 3 takaa nopeat latausajat ja runsaasti tilaa pelikirjastollesi.<\/p>\n\n<h3 class=\"wp-block-heading\"><strong>Parannetut ohjaukset<\/strong><\/h3>\n\n<p>Koe ylivoimainen hallinta AYANEO 3:n kehittyneiden ominaisuuksien avulla:<\/p>\n\n<div class=\"wp-block-columns is-layout-flex wp-container-core-columns-is-layout-28f84493 wp-block-columns-is-layout-flex\">\n<div class=\"wp-block-column is-layout-flow wp-block-column-is-layout-flow\">\n<figure class=\"wp-block-image size-full\"><a href=\"https:\/\/ayaneo.co\/wp-content\/uploads\/2025\/02\/Dual-Stage-Hall-Effect-Triggers-1024x1024-1.jpg\"><img loading=\"lazy\" decoding=\"async\" width=\"1024\" height=\"1024\" src=\"https:\/\/ayaneo.co\/wp-content\/uploads\/2025\/02\/Dual-Stage-Hall-Effect-Triggers-1024x1024-1.jpg\" alt=\"L&#xE4;hikuva k&#xE4;dest&#xE4;, joka pit&#xE4;&#xE4; tummanv&#xE4;rist&#xE4; peliohjainta tai k&#xE4;silaitetta, erityisesti olkap&#xE4;&#xE4;n liipaisupainiketta korostaen. Kuva on valaistu sinisell&#xE4; valolla, ja yl&#xE4;reunassa on valkoinen teksti, jossa lukee &quot;Agile Hall Triggers&quot;. \" class=\"wp-image-37430\" srcset=\"https:\/\/ayaneo.co\/wp-content\/uploads\/2025\/02\/Dual-Stage-Hall-Effect-Triggers-1024x1024-1.jpg 1024w, https:\/\/ayaneo.co\/wp-content\/uploads\/2025\/02\/Dual-Stage-Hall-Effect-Triggers-1024x1024-1-300x300.jpg 300w, https:\/\/ayaneo.co\/wp-content\/uploads\/2025\/02\/Dual-Stage-Hall-Effect-Triggers-1024x1024-1-150x150.jpg 150w, https:\/\/ayaneo.co\/wp-content\/uploads\/2025\/02\/Dual-Stage-Hall-Effect-Triggers-1024x1024-1-768x768.jpg 768w, https:\/\/ayaneo.co\/wp-content\/uploads\/2025\/02\/Dual-Stage-Hall-Effect-Triggers-1024x1024-1-65x65.jpg 65w, https:\/\/ayaneo.co\/wp-content\/uploads\/2025\/02\/Dual-Stage-Hall-Effect-Triggers-1024x1024-1-990x990.jpg 990w, https:\/\/ayaneo.co\/wp-content\/uploads\/2025\/02\/Dual-Stage-Hall-Effect-Triggers-1024x1024-1-441x441.jpg 441w, https:\/\/ayaneo.co\/wp-content\/uploads\/2025\/02\/Dual-Stage-Hall-Effect-Triggers-1024x1024-1-100x100.jpg 100w, https:\/\/ayaneo.co\/wp-content\/uploads\/2025\/02\/Dual-Stage-Hall-Effect-Triggers-1024x1024-1-600x600.jpg 600w\" sizes=\"(max-width: 1024px) 100vw, 1024px\" \/><\/a><\/figure>\n\n\n\n<h3 class=\"wp-block-heading\"><strong>Kaksivaiheiset halli-toimilaukaisimet<\/strong> <\/h3>\n\n\n\n<p>Vaihda 7,5 mm:n pitk\u00e4n liikkeen v\u00e4lill\u00e4 tarkkaa ohjausta varten ja 3 mm:n lyhyen liikkeen v\u00e4lill\u00e4 nopeaa sy\u00f6tt\u00f6\u00e4 varten, mik\u00e4 sopii erilaisiin peliskenaarioihin.<\/p>\n<\/div>\n\n\n\n<div class=\"wp-block-column is-layout-flow wp-block-column-is-layout-flow\">\n<figure class=\"wp-block-image size-full\"><a href=\"https:\/\/ayaneo.co\/wp-content\/uploads\/2025\/02\/Magnetic-Suspension-Motor.jpg\"><img loading=\"lazy\" decoding=\"async\" width=\"1500\" height=\"1500\" src=\"https:\/\/ayaneo.co\/wp-content\/uploads\/2025\/02\/Magnetic-Suspension-Motor.jpg\" alt=\"Sis&#xE4;kuva laitteesta, jossa esitell&#xE4;&#xE4;n &quot;magneettijousitusmoottori&quot;. Moottori on sylinterinmuotoinen komponentti, jonka keskell&#xE4; on kirkkaan sininen hehku, ja se on sijoitettu monimutkaisen piirilevyn tai tummilla s&#xE4;vyill&#xE4; render&#xF6;idyn sis&#xE4;isen rakenteen sis&#xE4;&#xE4;n. \" class=\"wp-image-37431\" srcset=\"https:\/\/ayaneo.co\/wp-content\/uploads\/2025\/02\/Magnetic-Suspension-Motor.jpg 1500w, https:\/\/ayaneo.co\/wp-content\/uploads\/2025\/02\/Magnetic-Suspension-Motor-300x300.jpg 300w, https:\/\/ayaneo.co\/wp-content\/uploads\/2025\/02\/Magnetic-Suspension-Motor-1024x1024.jpg 1024w, https:\/\/ayaneo.co\/wp-content\/uploads\/2025\/02\/Magnetic-Suspension-Motor-150x150.jpg 150w, https:\/\/ayaneo.co\/wp-content\/uploads\/2025\/02\/Magnetic-Suspension-Motor-768x768.jpg 768w, https:\/\/ayaneo.co\/wp-content\/uploads\/2025\/02\/Magnetic-Suspension-Motor-65x65.jpg 65w, https:\/\/ayaneo.co\/wp-content\/uploads\/2025\/02\/Magnetic-Suspension-Motor-990x990.jpg 990w, https:\/\/ayaneo.co\/wp-content\/uploads\/2025\/02\/Magnetic-Suspension-Motor-441x441.jpg 441w, https:\/\/ayaneo.co\/wp-content\/uploads\/2025\/02\/Magnetic-Suspension-Motor-100x100.jpg 100w, https:\/\/ayaneo.co\/wp-content\/uploads\/2025\/02\/Magnetic-Suspension-Motor-600x600.jpg 600w\" sizes=\"(max-width: 1500px) 100vw, 1500px\" \/><\/a><\/figure>\n\n\n\n<h3 class=\"wp-block-heading\"><strong>Magneettinen jousitusmoottori<\/strong> <\/h3>\n\n\n\n<p>T\u00e4m\u00e4 ominaisuus on kehitetty yhteisty\u00f6ss\u00e4 GuliKit Technologyn kanssa, ja se tukee sek\u00e4 lineaarista ett\u00e4 roottorimoottorin v\u00e4r\u00e4htelytapaa, mik\u00e4 tarjoaa realistista ja mukaansatempaavaa haptista palautetta.<\/p>\n<\/div>\n\n\n\n<div class=\"wp-block-column is-layout-flow wp-block-column-is-layout-flow\">\n<figure class=\"wp-block-image size-full\"><a href=\"https:\/\/ayaneo.co\/wp-content\/uploads\/2025\/02\/Keyboard-and-Mouse-Mode-1024x1024-1.jpg\"><img loading=\"lazy\" decoding=\"async\" width=\"1024\" height=\"1024\" src=\"https:\/\/ayaneo.co\/wp-content\/uploads\/2025\/02\/Keyboard-and-Mouse-Mode-1024x1024-1.jpg\" alt=\"K&#xE4;dess&#xE4; musta kannettava pelilaite, jonka n&#xE4;yt&#xF6;ll&#xE4; on k&#xE4;ytt&#xF6;liittym&#xE4; asetuksia tai konfigurointia varten. Kuvan yl&#xE4;reunassa on valkoinen teksti &quot;Hardware-Level Keyboard-Mouse Mode&quot;, joka viittaa laitteen ominaisuuteen. \" class=\"wp-image-37432\" srcset=\"https:\/\/ayaneo.co\/wp-content\/uploads\/2025\/02\/Keyboard-and-Mouse-Mode-1024x1024-1.jpg 1024w, https:\/\/ayaneo.co\/wp-content\/uploads\/2025\/02\/Keyboard-and-Mouse-Mode-1024x1024-1-300x300.jpg 300w, https:\/\/ayaneo.co\/wp-content\/uploads\/2025\/02\/Keyboard-and-Mouse-Mode-1024x1024-1-150x150.jpg 150w, https:\/\/ayaneo.co\/wp-content\/uploads\/2025\/02\/Keyboard-and-Mouse-Mode-1024x1024-1-768x768.jpg 768w, https:\/\/ayaneo.co\/wp-content\/uploads\/2025\/02\/Keyboard-and-Mouse-Mode-1024x1024-1-65x65.jpg 65w, https:\/\/ayaneo.co\/wp-content\/uploads\/2025\/02\/Keyboard-and-Mouse-Mode-1024x1024-1-990x990.jpg 990w, https:\/\/ayaneo.co\/wp-content\/uploads\/2025\/02\/Keyboard-and-Mouse-Mode-1024x1024-1-441x441.jpg 441w, https:\/\/ayaneo.co\/wp-content\/uploads\/2025\/02\/Keyboard-and-Mouse-Mode-1024x1024-1-100x100.jpg 100w, https:\/\/ayaneo.co\/wp-content\/uploads\/2025\/02\/Keyboard-and-Mouse-Mode-1024x1024-1-600x600.jpg 600w\" sizes=\"(max-width: 1024px) 100vw, 1024px\" \/><\/a><\/figure>\n\n\n\n<h3 class=\"wp-block-heading\"><strong>N\u00e4pp\u00e4imist\u00f6- ja hiiritila<\/strong><\/h3>\n\n\n\n<p>Vaihda saumattomasti ohjaimen ja n\u00e4pp\u00e4imist\u00f6n\/hiiren sy\u00f6tteiden v\u00e4lill\u00e4, mik\u00e4 lis\u00e4\u00e4 monipuolisuutta erilaisissa peli- ja tuottavuussovelluksissa.<\/p>\n<\/div>\n<\/div>\n\n<h3 class=\"wp-block-heading\"><strong>Immersiivinen \u00e4\u00e4ni<\/strong><\/h3>\n\n<p>AYANEO 3 tarjoaa riemastuttavan \u00e4\u00e4nikokemuksen HyperSound 2.0 -symmetristen kaksoiskaiuttimiensa ansiosta, jotka tarjoavat selke\u00e4n ja voimakkaan \u00e4\u00e4nen, joka lis\u00e4\u00e4 peliin uppoutumista.<\/p>\n\n<h3 class=\"wp-block-heading\"><strong>K\u00e4ytt\u00e4j\u00e4kokemus<\/strong><\/h3>\n\n<p>Windows 11, AYANEO 3 tukee erilaisia sovelluksia vaativista AAA-peleist\u00e4 t\u00e4rkeisiin tuottavuusty\u00f6kaluihin, joten se on monipuolinen kumppani sek\u00e4 ty\u00f6h\u00f6n ett\u00e4 pelaamiseen. Laitteessa on ergonominen muotoilu ja mukautettavat s\u00e4\u00e4timet, jotka takaavat mukavuuden pitkien pelisessioiden aikana. Vankat liit\u00e4nt\u00e4vaihtoehdot, mukaan lukien kaksi USB4-porttia ja OCuLink-liit\u00e4nt\u00e4 nopeita yhteyksi\u00e4 varten, helpottavat saumatonta integroitumista mihin tahansa ymp\u00e4rist\u00f6\u00f6n.  <\/p>\n\n<h3 class=\"wp-block-heading\"><strong>P\u00e4\u00e4telm\u00e4<\/strong><\/h3>\n\n<p>AYANEO 3 asettaa uuden standardin k\u00e4sikonsolipelaamiselle yhdist\u00e4m\u00e4ll\u00e4 innovatiivisen modulaarisen suunnittelun ja tehokkaan laitteiston. Sen mukautettavat ohjaimet, upea visuaalinen ilme ja tehokkaat prosessointikyvyt tekev\u00e4t siit\u00e4 parhaan mahdollisen valinnan pelaajille, jotka etsiv\u00e4t yksil\u00f6llist\u00e4 ja mukaansatempaavaa pelikokemusta. Ota k\u00e4sikonsolipelaamisen tulevaisuus vastaan AYANEO 3:n avulla.  <\/p>\n","protected":false},"excerpt":{"rendered":"<ul>\n<li>AMD <strong>Ryzen\u2122 AI 9 HX 370<\/strong> \/ <strong>Ryzen\u2122 7 8840U<\/strong> AMD <strong>Ryzen\u2122 AI 9 HX 370<\/strong> \/ <strong>Ryzen\u2122 7 8840U<\/strong><\/li>\n<li>AMD Radeon <strong>890M<\/strong> \/ <strong>780M<\/strong> \/ 2900 \/ 2700 Mhz<\/li>\n<li>jopa<strong> 64GB LPDDR5X @ 7500 MT\/s<\/strong><\/li>\n<li>jopa<strong> 4TB:n<\/strong> <strong>suurnopeuksinen<\/strong> PCI-E 4.0 NVMe-muisti SSD<\/li>\n<li>WiFi <strong>6E<\/strong> &amp; Bluetooth <strong>5.3<\/strong> -tuki<\/li>\n<\/ul>\n<p><img loading=\"lazy\" decoding=\"async\" class=\"alignnone size-full wp-image-12494\" src=\"https:\/\/ayaneo.co\/wp-content\/uploads\/2025\/02\/AYANEO-3-FREE-GIFTS.jpg\" alt=\"Mainosbanneri osoitteessa AYANEO 3 ilmaista lahjaa, jossa on kuvia mustasta ja beigest\u00e4 suojakotelosta, n\u00e4yt\u00f6nsuojasta ja peukalotikun pitokorvista. Teksti korostaa \"Ilmaisia lahjoja\", mukaan lukien suojakotelo, n\u00e4yt\u00f6nsuoja ja peukalokepit, jotka lis\u00e4t\u00e4\u00e4n automaattisesti ostoskoriin. Kotelon v\u00e4ri perustuu valittuun laitteeseen.\" width=\"550\" height=\"140\" srcset=\"https:\/\/ayaneo.co\/wp-content\/uploads\/2025\/02\/AYANEO-3-FREE-GIFTS.jpg 550w, https:\/\/ayaneo.co\/wp-content\/uploads\/2025\/02\/AYANEO-3-FREE-GIFTS-300x76.jpg 300w, https:\/\/ayaneo.co\/wp-content\/uploads\/2025\/02\/AYANEO-3-FREE-GIFTS-441x112.jpg 441w, https:\/\/ayaneo.co\/wp-content\/uploads\/2025\/02\/AYANEO-3-FREE-GIFTS-150x38.jpg 150w\" sizes=\"(max-width: 550px) 100vw, 550px\" \/>  [cg_accordion title=\"MAKSUTIEDOT\"] K\u00e4yt\u00e4mme uusinta tekniikkaa maksujen k\u00e4sittelyss\u00e4, jonka avulla voit tehd\u00e4 maksun Apple Payn, Google Payn, pankki- tai luottokorttisi, PayPalin tai BNPL-menetelmien, kuten Klarnan, Affirmin tai AfterPayn kautta, mik\u00e4 takaa nopean ja turvallisen maksukokemuksen.[\/cg_accordion] [cg_accordion title=\"TAKUU\"] 1 vuoden takuu <a href=\"https:\/\/droix.net\/\" target=\"_blank\" rel=\"nofollow noopener\">DROIX Global ilta mielenrauhasi vuoksi<\/a>.[\/cg_accordion] [cg_accordion title=\"LAADUNVARMISTUS JA L\u00c4HETYST\u00c4 EDELT\u00c4V\u00c4 TESTAUS\"]  Asiakastyytyv\u00e4isyyden varmistaminen korkeimmalla tasolla: Jokainen laite testataan tiukasti ja sille tehd\u00e4\u00e4n monipisteinen laadunvarmistustarkastus ennen sen l\u00e4hett\u00e4mist\u00e4. Asialle omistautunut tiimimme tarkistaa suorituskyvyn, toimivuuden ja komponenttien eheyden taatakseen, ett\u00e4 AYANEO-laitteesi on saapuessaan t\u00e4ydellisess\u00e4 toimintakunnossa, mik\u00e4 antaa sinulle luottamusta ja mielenrauhaa. [\/cg_accordion] [cg_accordion title=\"PRICING, TAXES AND SHIPPING\"] <strong><u>Huom:<\/u><\/strong><\/p>\n<ul>\n<li>Yhdysvallat Asiakkaat: Asiakkaat: N\u00e4ytetty hinta EI sis\u00e4ll\u00e4 veroja eik\u00e4 tulleja. Vastuu tulliselvityksest\u00e4 ja siihen liittyvien verojen\/tullien maksamisesta on asiakkaalla. <\/li>\n<li>EU:n asiakkaat: N\u00e4ytetty hinta sis\u00e4lt\u00e4\u00e4 sovellettavan veron, joka voi olla jopa 25 % maastasi riippuen.<\/li>\n<li>Kanada Asiakkaat: N\u00e4ytetty hinta sis\u00e4lt\u00e4\u00e4 sovellettavat verot, joihin voi sis\u00e4lty\u00e4 5 % GST ja ylim\u00e4\u00e4r\u00e4isi\u00e4 maakunnallisia myyntiveroja (PST), harmonisoitua myyntiveroa (HST) tai Quebecin myyntiveroa (QST) maakunnasta riippuen.<\/li>\n<\/ul>\n<p><strong>AINOASTAAN EU:n asiakkaille:<\/strong> Express DDP (Delivered Duty Paid). T\u00e4m\u00e4 tarkoittaa: <\/p>\n<ul>\n<li style=\"list-style-type: none;\">\n<ul>\n<li>Kaikki tullit ja verot sis\u00e4ltyv\u00e4t tuotesivulla ilmoitettuun hintaan.<\/li>\n<li>Sinun ei tarvitse maksaa lis\u00e4maksuja toimituksen yhteydess\u00e4.<\/li>\n<li>Harvinaisissa tulliin liittyviss\u00e4 tapauksissa tiimimme hoitaa tulliselvitysprosessin puolestasi varmistaakseen sujuvan toimituksen.<\/li>\n<p>T\u00e4rke\u00e4\u00e4 tietoa palautuksista:<\/p>\n<li>Jos p\u00e4\u00e4t\u00e4t palauttaa tilauksesi tai pyyt\u00e4\u00e4 palautusta, ota huomioon, ett\u00e4 DDP-ehtojen mukaisesti puolestasi maksettuja veroja ja tulleja ei voida palauttaa.<\/li>\n<p>Tutustu meid\u00e4n<\/ul>\n<\/li>\n<\/ul>\n<p><a href=\"https:\/\/ayaneo.co\/terms-of-service-2\/\" target=\"_blank\" rel=\"nofollow noopener\">Ehdot ja edellytykset<\/a><\/p>\n<ul>yksityiskohtaisia tietoja.<\/ul>\n<p>[\/cg_accordion] [cg_accordion title=\"ASIAKASTUKI\"]  Onko kysytt\u00e4v\u00e4\u00e4? Olemme lyhyen tekstiviestin p\u00e4\u00e4ss\u00e4 siit\u00e4, ett\u00e4 ongelmasi on ratkaistu! [\/cg_accordion] [cg_accordion title=\"PACKAGE INCLUDES\"]<\/p>\n<ul>\n<li>1x AYANEO 3<\/li>\n<li>1x Virtapistoke (EU\/US)<\/li>\n<li>1x USB Type-C-kaapeli<\/li>\n<li>1x K\u00e4ytt\u00f6ohje<\/li>\n<\/ul>\n<p>[\/cg_accordion]<\/p>\n","protected":false},"featured_media":37580,"template":"","meta":{"_acf_changed":false},"product_brand":[],"product_cat":[548],"product_tag":[549],"class_list":{"0":"post-42144","1":"product","2":"type-product","3":"status-publish","4":"has-post-thumbnail","6":"product_cat-kannettavat-pelitietokoneet","7":"product_tag-pc-pelaaminen-handheld","8":"product_shipping_class-premium","9":"pa_brand-ayaneo","10":"pa_graphics-gpu-model-ryzen-7-8840u-radeon-780m","11":"pa_graphics-gpu-model-ryzen-ai-9-hx-370-radeon-890m","12":"pa_operating-system-windows-11","13":"pa_processor-cpu-brand-amd","15":"first","16":"instock","17":"taxable","18":"shipping-taxable","19":"purchasable","20":"product-type-variable","21":"has-default-attributes"},"acf":[],"_links":{"self":[{"href":"https:\/\/ayaneo.co\/fi\/wp-json\/wp\/v2\/product\/42144","targetHints":{"allow":["GET"]}}],"collection":[{"href":"https:\/\/ayaneo.co\/fi\/wp-json\/wp\/v2\/product"}],"about":[{"href":"https:\/\/ayaneo.co\/fi\/wp-json\/wp\/v2\/types\/product"}],"wp:featuredmedia":[{"embeddable":true,"href":"https:\/\/ayaneo.co\/fi\/wp-json\/wp\/v2\/media\/37580"}],"wp:attachment":[{"href":"https:\/\/ayaneo.co\/fi\/wp-json\/wp\/v2\/media?parent=42144"}],"wp:term":[{"taxonomy":"product_brand","embeddable":true,"href":"https:\/\/ayaneo.co\/fi\/wp-json\/wp\/v2\/product_brand?post=42144"},{"taxonomy":"product_cat","embeddable":true,"href":"https:\/\/ayaneo.co\/fi\/wp-json\/wp\/v2\/product_cat?post=42144"},{"taxonomy":"product_tag","embeddable":true,"href":"https:\/\/ayaneo.co\/fi\/wp-json\/wp\/v2\/product_tag?post=42144"}],"curies":[{"name":"wp","href":"https:\/\/api.w.org\/{rel}","templated":true}]}}