{"id":4430,"date":"2024-02-02T13:09:17","date_gmt":"2024-02-02T13:09:17","guid":{"rendered":"https:\/\/ayaneo.co\/product\/aya-neo-slide\/"},"modified":"2025-04-11T12:19:24","modified_gmt":"2025-04-11T12:19:24","slug":"aya-neo-slide","status":"publish","type":"product","link":"https:\/\/ayaneo.co\/fi\/product\/aya-neo-slide\/","title":{"rendered":"AYA NEO SLIDE"},"content":{"rendered":"\n<h3 class=\"wp-block-heading\" id=\"h-introducing-the-aya-neo-slide-revolutionizing-handheld-gaming\"><strong>Esittelyss\u00e4 AYA NEO Slide: AYA: Revolutionizing Handheld Gaming: Revolutionizing Handheld Gaming<\/strong><\/h3>\n\n<p>Tutustu AYA NEO Slideen, peli\u00e4 mullistavaan kannettavaan pelitietokoneeseen, joka muuttaa kannettavan pelaamisen maisemaa. AYA NEO Slide yhdist\u00e4\u00e4 t\u00e4ysimittaisen Windows PC:n suorituskyvyn ja kannettavan laitteen mukavuuden, ja se erottuu edukseen omaleimaisella liukuvalla n\u00e4yt\u00f6ll\u00e4\u00e4n, josta paljastuu t\u00e4ysimittainen RGB-QWERTY-n\u00e4pp\u00e4imist\u00f6. Innovatiivinen muotoilu yhdistettyn\u00e4 huippuluokan suorituskykyyn tekee siit\u00e4 v\u00e4ltt\u00e4m\u00e4tt\u00f6m\u00e4n sek\u00e4 peliharrastajien ett\u00e4 teknisesti perehtyneiden k\u00e4ytt\u00e4jien hankinnan. Pelaamisen lis\u00e4ksi AYA NEO Slide osoittautuu monipuoliseksi ty\u00f6kaluksi viihteeseen ja tuottavuuteen.   <\/p>\n\n<h3 class=\"wp-block-heading\"><strong>Yleiskatsaus tuotteeseen<\/strong><\/h3>\n\n<p>AYA NEO Slide on edell\u00e4k\u00e4vij\u00e4 k\u00e4mmenpelien saralla, ja se yhdist\u00e4\u00e4 taitavasti huipputeknologian ja k\u00e4ytt\u00e4j\u00e4keskeisen muotoilun, jotta mobiilipelikokemukset voidaan m\u00e4\u00e4ritell\u00e4 uudelleen. T\u00e4m\u00e4 innovatiivinen kannettava pelitietokone sis\u00e4lt\u00e4\u00e4 monipuolisuuden, tehon ja siirrett\u00e4vyyden tyylikk\u00e4\u00e4ss\u00e4 paketissa. <\/p>\n\n<p>Keskeinen osa sen muotoilua on uraauurtava liukuvan n\u00e4yt\u00f6n mekanismi, joka siirtyy saumattomasti ja paljastaa eloisan, t\u00e4ysin varustellun RGB-QWERTY-n\u00e4pp\u00e4imist\u00f6n. T\u00e4m\u00e4 integraatio on kunnianosoitus klassisille pelilaitteille, mutta se tuo my\u00f6s ennenn\u00e4kem\u00e4tt\u00f6m\u00e4n toiminnallisuuden tason k\u00e4sikonsolipelaamiseen. <\/p>\n\n<p>Visuaalista vetovoimaa ja ergonomista mukavuutta tarjoava AYA NEO Slide on saatavana tyylikk\u00e4iss\u00e4 &#8221;Sunrise White\" ja &#8221;Bright Black\" -v\u00e4reiss\u00e4. Laitteen ergonomiset \u00e4\u00e4riviivat ja &#8221;kelluva\" n\u00e4yt\u00f6n muotoilu parantavat k\u00e4ytt\u00e4j\u00e4n vuorovaikutusta ja tarjoavat mukavat katselukulmat erilaisiin toimintoihin intensiivisest\u00e4 pelaamisesta tuottaviin ty\u00f6teht\u00e4viin. <\/p>\n\n<p>AYA NEO Slide -puhelimen 6-tuumainen 1080P IPS -n\u00e4ytt\u00f6 on visuaalinen juhla, joka tarjoaa ter\u00e4vi\u00e4, eloisia ja upeita kuvia. Olipa kyse sitten pelaamisesta tai multimediasis\u00e4ll\u00f6n nauttimisesta, n\u00e4yt\u00f6n poikkeuksellinen v\u00e4ritarkkuus ja selkeys asettavat uuden standardin k\u00e4mmenmikrojen pelaamisessa. <\/p>\n\n<p>Sen tyylikk\u00e4\u00e4n ulkokuoren alla on valtava laskentateho, jonka tarjoaa vankka AMD Ryzen\u2122 7 7840U -prosessori. Yhdess\u00e4 LPDDR5X-nopean muistin ja laajojen tallennusvaihtoehtojen kanssa se tarjoaa riemastuttavan pelikokemuksen, joka kilpailee p\u00f6yt\u00e4tietokoneiden kanssa, ja kaikki t\u00e4m\u00e4 kannettavassa rakenteessa. <\/p>\n\n<p>Laitteen kehittynyt j\u00e4\u00e4hdytysj\u00e4rjestelm\u00e4 takaa huipputehon tinkim\u00e4tt\u00e4 sen kompaktista ja k\u00e4ytt\u00e4j\u00e4yst\u00e4v\u00e4llisest\u00e4 muotoilusta.<\/p>\n\n<p>Liitett\u00e4vyyden osalta AYA NEO Slide erottuu edukseen uusimmilla Wi-Fi 6E- ja Bluetooth 5.2 -tekniikoilla sek\u00e4 useilla USB4 Type-C-porteilla. T\u00e4m\u00e4 vankka liit\u00e4nt\u00e4kokonaisuus tekee laitteesta monipuolisen keskittimen erilaisiin peli-, ammatti- ja viihdetarpeisiin. <\/p>\n\n<p>AYA NEO Slide ei ole pelkk\u00e4 pelilaite, vaan monipuolinen ty\u00f6kalu, joka mukautuu erilaisiin tilanteisiin. Olipa kyse sitten pelaamisesta, tuottavuudesta tai multimedian k\u00e4yt\u00f6st\u00e4, t\u00e4m\u00e4 kannettava tietokone on valmis t\u00e4ytt\u00e4m\u00e4\u00e4n ja ylitt\u00e4m\u00e4\u00e4n odotukset. <\/p>\n\n<h3 class=\"wp-block-heading\"><strong>AYA NEO Slide -laitteen yksityiskohtaiset ominaisuudet<\/strong><\/h3>\n\n<p>AYA NEO Slide ei ole vain suorituskyvylt\u00e4\u00e4n erinomainen, vaan se erottuu my\u00f6s poikkeuksellisilla muotoiluominaisuuksillaan. T\u00e4ss\u00e4 on kattava katsaus sen teknisiin ja muotoiluelementteihin: <\/p>\n\n<p><strong>N\u00e4ytt\u00f6 ja muotoilu Fusion:<\/strong> AYA NEO Slide -puhelimen muotoilun ytimess\u00e4 on 6-tuumainen 1080P IPS kelluva n\u00e4ytt\u00f6, joka on t\u00e4ydellinen yhdistelm\u00e4 edistyksellist\u00e4 teknologiaa ja esteettist\u00e4 muotoilua. N\u00e4yt\u00f6n resoluutio on 1920&#215;1080, pikselitiheys 368PPI ja kirkkaus 400nits, ja se on koteloitu tyylikk\u00e4\u00e4seen, minimalistiseen runkoon, joka on saatavana v\u00e4rivaihtoehtoina &#8221;Sunrise White\" ja &#8221;Bright Black\". N\u00e4yt\u00f6n ergonominen muotoilu mahdollistaa monikulmaisen katselun, mik\u00e4 parantaa k\u00e4ytt\u00f6mukavuutta ja mukautuvuutta.  <\/p>\n\n<p><strong>Ergonomisen n\u00e4pp\u00e4imist\u00f6n integrointi:<\/strong> AYA NEO Slide -n\u00e4yt\u00f6n piilotettu helmi on sen t\u00e4ysimittainen RGB-QWERTY-n\u00e4pp\u00e4imist\u00f6, joka on integroitu saumattomasti liukuvan n\u00e4yt\u00f6n muotoiluun. T\u00e4m\u00e4 ergonominen n\u00e4pp\u00e4imist\u00f6 tarjoaa mukavan ja tarkan kirjoittamisen, ja siin\u00e4 on suuremmat n\u00e4pp\u00e4inv\u00e4lit ja eloisat RGB-valaistustehosteet, jotka edist\u00e4v\u00e4t sek\u00e4 toiminnallisuutta ett\u00e4 tyyli\u00e4. <\/p>\n\n<p><strong>Suorituskyky tyylikk\u00e4\u00e4ss\u00e4 paketissa:<\/strong> AYA NEO Slide -tietokoneen voimanl\u00e4hteen\u00e4 on vankka AMD Ryzen\u2122 7 7840U -prosessori, joka on koteloitu runkoon, joka korostaa AYA NEO:n sitoutumista innovatiiviseen ja kest\u00e4v\u00e4\u00e4n muotoiluun. Laite tukee jopa 64 Gt:n RAM-muistia ja 4 Tt:n SSD tallennustilaa, mik\u00e4 tekee siit\u00e4 voimanpes\u00e4n pelaamiseen ja moniajoon, ja kaikki t\u00e4m\u00e4 ulkoasultaan yht\u00e4 houkuttelevassa kuin toimivassa muotoilussa. <\/p>\n\n<p><strong>J\u00e4\u00e4hdytysj\u00e4rjestelm\u00e4n ja suunnittelun synergia:<\/strong> AYA NEO Slide -laitteen &#8221;3+2&#8243; kolminkertainen kupariputkij\u00e4\u00e4hdytysj\u00e4rjestelm\u00e4 on insin\u00f6\u00f6ritaidon saavutus, joka sopii yhteen laitteen tyylikk\u00e4\u00e4n muotoilun kanssa. J\u00e4rjestelm\u00e4 johtaa tehokkaasti l\u00e4mp\u00f6\u00e4 pois ja varmistaa, ett\u00e4 laite pysyy viile\u00e4n\u00e4 ja toimii optimaalisesti, tinkim\u00e4tt\u00e4 sen tyylikk\u00e4\u00e4st\u00e4 muotokuvasta. <\/p>\n\n<p><strong>Liitett\u00e4vyys ja hienostunut muotoilu:<\/strong> WiFi 6E, Bluetooth 5.2 ja USB4 Type-C -portit. Nopean TF-korttipaikan sis\u00e4llytt\u00e4minen laitteeseen lis\u00e4\u00e4 sen hy\u00f6dyllisyytt\u00e4 entisest\u00e4\u00e4n, ja kaikki t\u00e4m\u00e4 on pakattu hienostuneeseen, k\u00e4ytt\u00e4j\u00e4yst\u00e4v\u00e4lliseen muotoiluun. <\/p>\n\n<p><strong>Ohjelmisto ja k\u00e4ytt\u00f6liittym\u00e4:<\/strong> AYA NEO Slide toimii osoitteessa Windows 11 64-bit Home Edition ja sit\u00e4 on parannettu AYA NEO:n omalla AYASpace 2 -ohjelmistolla, joten se tarjoaa monipuolisen ja k\u00e4ytt\u00e4j\u00e4yst\u00e4v\u00e4llisen k\u00e4ytt\u00f6kokemuksen. Ohjelmistointegraatio t\u00e4ydent\u00e4\u00e4 laitteen hienostunutta muotoilua ja tarjoaa saumattoman k\u00e4ytt\u00f6liittym\u00e4n, joka sopii yhteen laitteen tyylikk\u00e4\u00e4n estetiikan ja korkean toiminnallisuuden kanssa. <\/p>\n\n<p>Sen 6-tuumainen n\u00e4ytt\u00f6 on visuaalinen herkku, sill\u00e4 siin\u00e4 on 1080P-n\u00e4ytt\u00f6, jossa on suuri kirkkaus ja laaja v\u00e4riskaala. T\u00e4m\u00e4 IPS kelluva n\u00e4ytt\u00f6 on s\u00e4\u00e4dett\u00e4viss\u00e4 0\u00b0:sta 30\u00b0:een, mik\u00e4 takaa optimaalisen katselun miss\u00e4 tahansa ymp\u00e4rist\u00f6ss\u00e4. <\/p>\n\n<h3 class=\"wp-block-heading\"><strong>K\u00e4ytt\u00e4j\u00e4kokemus AYANEO Slide<\/strong><\/h3>\n\n<p>AYA NEO Slide tarjoaa k\u00e4ytt\u00e4j\u00e4kokemuksen, joka on yht\u00e4 mukaansatempaava kuin monipuolinenkin, ja palvelee monenlaisia tarpeita pelaamisesta tuottavuuteen. T\u00e4ss\u00e4 on katsaus t\u00e4m\u00e4n innovatiivisen kannettavan pelitietokoneen k\u00e4yt\u00e4nn\u00f6n k\u00e4ytt\u00f6\u00f6n: <\/p>\n\n<p><strong>Pelikokemus:<\/strong> AYA NEO Slide on pelaajille unelmien t\u00e4yttymys. Hall-tunnisteisten joystickien tarkkuus ja laukaisupainikkeiden tuntopalaute upottavat pelaajat peleihinsa ennenn\u00e4kem\u00e4tt\u00f6m\u00e4ll\u00e4 tavalla. El\u00e4v\u00e4 n\u00e4ytt\u00f6 ja sen laaja v\u00e4riskaala takaavat, ett\u00e4 jokainen peli on visuaalisesti upea, mik\u00e4 tekee pelisessioista uskomattoman mukaansatempaavia. Laitteen ergonominen muotoilu takaa k\u00e4ytt\u00f6mukavuuden pitkien pelimaratoneiden aikana, joten se on ihanteellinen kumppani sek\u00e4 satunnaisille ett\u00e4 hardcore-pelaajille.   <\/p>\n\n<p><strong>Audio- ja visuaalinen viihde:<\/strong> AYA NEO Slide ei ole vain pelaamista varten, vaan se on t\u00e4ydellinen multimedialaite. Sen AYANEO HyperSound-stereokaksoiskaiuttimet tarjoavat upean \u00e4\u00e4nikokemuksen, katselitpa sitten elokuvia, suoratoistovideoita tai kuuntelit vain musiikkia. Laadukas n\u00e4ytt\u00f6 takaa, ett\u00e4 visuaalinen sis\u00e4lt\u00f6 on aina ter\u00e4v\u00e4\u00e4 ja eloisaa, joten laite sopii erinomaisesti viihteeseen tien p\u00e4\u00e4ll\u00e4.  <\/p>\n\n<p><strong>Akun kesto:<\/strong> AYA NEO Slide -laitteen 46,2 wh:n suurikapasiteettinen akku takaa, ett\u00e4 k\u00e4ytt\u00e4j\u00e4t voivat nauttia pitkist\u00e4 peli- ja tuottavuusistunnoista ilman jatkuvaa huolta lataamisesta. T\u00e4m\u00e4 pitk\u00e4 akun kesto on ratkaisevan t\u00e4rke\u00e4\u00e4 laitteelle, joka on suunniteltu liikkuvuuteen ja monipuolisuuteen. <\/p>\n\n<p><strong>Kannettava muotoilu:<\/strong> AYA NEO Slide -laite on monista ominaisuuksistaan huolimatta pienikokoinen ja kannettava. Se painaa noin 650 grammaa ja sen mitat ovat 226x98x25 mm, joten se on suunniteltu liikkeess\u00e4 k\u00e4ytett\u00e4v\u00e4ksi, ja sen avulla k\u00e4ytt\u00e4j\u00e4t voivat nauttia laadukkaasta pelaamisesta ja tuottavuudesta miss\u00e4 tahansa. <\/p>\n\n<h3 class=\"wp-block-heading\"><strong>Lis\u00e4ominaisuudet<\/strong><\/h3>\n\n<p>AYA NEO Slide ei ole erinomainen vain ydintoiminnoissaan, vaan siin\u00e4 on my\u00f6s lis\u00e4ominaisuuksia, jotka parantavat sen yleist\u00e4 hy\u00f6dyllisyytt\u00e4 ja vetovoimaa:<\/p>\n\n<p><strong>Biometrinen turvallisuus:<\/strong> AYA NEO Slide vastaa t\u00e4h\u00e4n ongelmaan virtapainikkeeseen integroidulla sormenj\u00e4lkitunnistuksella. T\u00e4m\u00e4 ominaisuus ei ainoastaan tarjoa nopeaa p\u00e4\u00e4sy\u00e4, vaan lis\u00e4\u00e4 my\u00f6s turvakerroksen, joka varmistaa, ett\u00e4 laitteesi ja tietosi ovat suojattuja. <\/p>\n\n<p><strong>Kattavat k\u00e4sikonsolin ja suorituskyvyn asetukset:<\/strong> Laitteen AYASpace 2 -ohjelmisto tarjoaa kattavan ty\u00f6kalupaketin pelaajille. Ominaisuudet, kuten suorituskykyskenaariotilat, eri suorituskykytasojen vaihtaminen yhdell\u00e4 napsautuksella ja FPS Thunderin kaltainen pelien p\u00e4\u00e4llekytkent\u00e4ty\u00f6kalu, tarjoavat k\u00e4ytt\u00e4jille laajan hallinnan peliymp\u00e4rist\u00f6\u00f6ns\u00e4. N\u00e4m\u00e4 ty\u00f6kalut ovat ratkaisevan t\u00e4rkeit\u00e4 suorituskyvyn optimoinnissa ja pelikokemuksen parantamisessa.  <\/p>\n\n<p><strong>Nopea tiedonsiirto ja tallennus:<\/strong> M.2 2280 PCIe 4.0 -liit\u00e4nt\u00e4 SSD-levyille takaa salamannopean tiedonsiirron, joka on v\u00e4ltt\u00e4m\u00e4t\u00f6nt\u00e4 nykyaikaisissa peli- ja tuottavuusteht\u00e4viss\u00e4. Tuki jopa yksipuoliselle 4TB:n SSD -levylle tarjoaa runsaasti tallennustilaa, joten k\u00e4ytt\u00e4j\u00e4t voivat tallentaa laajan peli- ja mediakirjaston.  <\/p>\n\n<h3 class=\"wp-block-heading\"><strong>P\u00e4\u00e4telm\u00e4<\/strong><\/h3>\n\n<p>Yhteenvetona voidaan todeta, ett\u00e4 AYA NEO Slide edustaa merkitt\u00e4v\u00e4\u00e4 edistysaskelta kannettavassa peliteknologiassa. T\u00e4m\u00e4 laite ei ole pelkk\u00e4 pelikonsoli, vaan kattava kannettava tietokone, joka vastaa monenlaisiin tarpeisiin. Sen innovatiivinen liukuvan n\u00e4yt\u00f6n muotoilu, josta paljastuu t\u00e4ysimittainen RGB-QWERTY-n\u00e4pp\u00e4imist\u00f6, asettaa uuden standardin k\u00e4mmenlaitteiden maailmassa. Yhdess\u00e4 huippuluokan AMD Ryzen\u2122 7 7840U -suorittimen, runsaiden tallennusvaihtoehtojen ja kehittyneen j\u00e4\u00e4hdytysj\u00e4rjestelm\u00e4n kanssa AYA NEO Slide tarjoaa poikkeuksellisen suorituskyvyn, joka vet\u00e4\u00e4 vertoja p\u00f6yt\u00e4tietokoneille.   <\/p>\n\n<p>Huolellinen huomio ergonomiaan ja muotoiluun sek\u00e4 korkearesoluutioinen kelluva n\u00e4ytt\u00f6 takaavat, ett\u00e4 pelaat, ty\u00f6skentelet tai nautit mediasta, kokemus on aina mukava ja visuaalisesti upea.<\/p>\n\n<p>Lis\u00e4ksi lis\u00e4ominaisuudet, kuten biometrinen tietoturva, nopeat tiedonsiirto-ominaisuudet ja ammattimaiset peliasetukset, vahvistavat AYA NEO Slide -laitteen asemaa luokkansa huippulaitteena. Sen tehon, monipuolisuuden ja siirrett\u00e4vyyden yhdistelm\u00e4 tekee siit\u00e4 ihanteellisen valinnan pelaajille, ammattilaisille ja tekniikan harrastajille, jotka vaativat molempien maailmojen parasta - suorituskyky\u00e4 ja liikkuvuutta. <\/p>\n\n<p>AYA NEO Slide on enemm\u00e4n kuin pelkk\u00e4 kannettava pelitietokone; se on osoitus siit\u00e4, mit\u00e4 nykyaikainen teknologia voi saavuttaa, sill\u00e4 se tarjoaa saumattoman ja mukaansatempaavan kokemuksen, joka ylitt\u00e4\u00e4 pelaamisen.<\/p>\n\n<h3 class=\"wp-block-heading\"><strong>AYA NEO Slide Review: Tutustu syv\u00e4llisiin n\u00e4kemyksiin<\/strong><\/h3>\n\n<p>Jos haluat perusteellisen analyysin AYA NEO Slide -laitteesta, tutustu yksityiskohtaiseen arvosteluun <a href=\"https:\/\/droix.net\/blogs\/aya-neo-slide-review\/\" target=\"_blank\" rel=\"noreferrer noopener\">DroiXin blogissa<\/a>. T\u00e4m\u00e4 arvostelu tarjoaa arvokkaita n\u00e4kemyksi\u00e4 sen suorituskyvyst\u00e4, muotoilusta ja k\u00e4ytt\u00f6kokemuksesta, mik\u00e4 auttaa sinua ymm\u00e4rt\u00e4m\u00e4\u00e4n t\u00e4m\u00e4n innovatiivisen kannettavan pelitietokoneen kaikki ominaisuudet. <\/p>\n","protected":false},"excerpt":{"rendered":"<ul>\n<li>AMD<strong> Ryzen\u2122 7 7840U<\/strong> &amp; Radeon 780M AMD<strong> Ryzen\u2122 7 7840U<\/strong> &amp; Radeon 780M<\/li>\n<li><strong>jopa 64GB<\/strong> LPDDR5X RAM-muistia @ <strong>7500 MT\/s<\/strong><\/li>\n<li><strong>jopa 4TB<\/strong> Blazing-Fast PCIe 4.0 M.2 2280 NVMe -muistitikun nopeus SSD <\/li>\n<li><strong>6&#8243; IPS 1080P<\/strong><strong> 400nits<\/strong> &amp; <strong>120% SRGB<\/strong> Kosketusn\u00e4ytt\u00f6<\/li>\n<li><strong>WiFi 6E<\/strong> &amp; <strong>Bluetooth 5.2<\/strong> -tuki<\/li>\n<\/ul>\n[cg_accordion title=\"MAKSUTIEDOT\"]<\/p>\n<p>K\u00e4yt\u00e4mme uusinta tekniikkaa maksujen k\u00e4sittelyss\u00e4, jonka avulla voit tehd\u00e4 maksun Apple Payn, Google Payn, pankki- tai luottokorttisi, PayPalin tai BNPL-menetelmien, kuten Klarnan, Affirmin tai AfterPayn kautta, mik\u00e4 takaa nopean ja turvallisen maksukokemuksen.[\/cg_accordion]\n[cg_accordion title=\"TAKUU\"]<\/p>\n<p>1 vuoden takuu <a href=\"https:\/\/droix.net\/\" target=\"_blank\" rel=\"nofollow noopener\">DROIX Globalilta<\/a> mielenrauhasi vuoksi[\/cg_accordion]\n[cg_accordion title=\"HINNOITTELU, VEROT JA TOIMITUKSET\"]<\/p>\n<p><strong><u>Huom:<\/u><\/strong><\/p>\n<ul>\n<li>Yhdysvallat Asiakkaat: Asiakkaat: N\u00e4ytetty hinta EI sis\u00e4ll\u00e4 veroja eik\u00e4 tulleja. Vastuu tulliselvityksest\u00e4 ja siihen liittyvien verojen\/tullien maksamisesta on asiakkaalla. <\/li>\n<li>EU:n asiakkaat: N\u00e4ytetty hinta sis\u00e4lt\u00e4\u00e4 sovellettavan veron, joka voi olla jopa 25 % maastasi riippuen.<\/li>\n<li>Kanada Asiakkaat: N\u00e4ytetty hinta sis\u00e4lt\u00e4\u00e4 sovellettavat verot, joihin voi sis\u00e4lty\u00e4 5 % GST ja ylim\u00e4\u00e4r\u00e4isi\u00e4 maakunnallisia myyntiveroja (PST), harmonisoitua myyntiveroa (HST) tai Quebecin myyntiveroa (QST) maakunnasta riippuen.<\/li>\n<\/ul>\n<p><strong>AINOASTAAN EU:n asiakkaille:<\/strong> Express DDP (Delivered Duty Paid). T\u00e4m\u00e4 tarkoittaa: <\/p>\n<ul>\n<li>Kaikki tullit ja verot sis\u00e4ltyv\u00e4t tuotesivulla ilmoitettuun hintaan.<\/li>\n<li>Sinun ei tarvitse maksaa lis\u00e4maksuja toimituksen yhteydess\u00e4.<\/li>\n<li>Harvinaisissa tulliin liittyviss\u00e4 tapauksissa tiimimme hoitaa tulliselvitysprosessin puolestasi varmistaakseen sujuvan toimituksen.<\/li>\n<p>T\u00e4rke\u00e4\u00e4 tietoa palautuksista:<\/p>\n<li>Jos p\u00e4\u00e4t\u00e4t palauttaa tilauksesi tai pyyt\u00e4\u00e4 palautusta, ota huomioon, ett\u00e4 DDP-ehtojen mukaisesti puolestasi maksettuja veroja ja tulleja ei voida palauttaa.<\/li>\n<p>Katso yksityiskohtaiset tiedot <a href=\"https:\/\/ayaneo.co\/terms-of-service-2\/\" target=\"_blank\" rel=\"nofollow noopener\">k\u00e4ytt\u00f6ehdoistamme<\/a>.\n<\/ul>\n<p>[\/cg_accordion]\n[cg_accordion title=\"ASIAKASTUKI\"]<\/p>\n<p>Onko kysytt\u00e4v\u00e4\u00e4? Olemme lyhyen tekstiviestin p\u00e4\u00e4ss\u00e4 siit\u00e4, ett\u00e4 ongelmasi on ratkaistu!<br \/>\n[\/cg_accordion]\n[cg_accordion title=\"Paketti sis\u00e4lt\u00e4\u00e4\"]<\/p>\n<ul>\n<li>1x AYA NEO SLIDE<\/li>\n<li>1x USB Type-C-kaapeli<\/li>\n<li>1x Virtapistoke (EU\/US)<\/li>\n<li>2x USB Type-C Type-A-sovitin<\/li>\n<li>1x K\u00e4ytt\u00f6ohje<\/li>\n<\/ul>\n<p>[\/cg_accordion]\n","protected":false},"featured_media":4434,"template":"","meta":{"_acf_changed":false},"product_brand":[],"product_cat":[548],"product_tag":[],"class_list":{"0":"post-4430","1":"product","2":"type-product","3":"status-publish","4":"has-post-thumbnail","6":"product_cat-kannettavat-pelitietokoneet","7":"product_shipping_class-premium","8":"pa_brand-ayaneo","9":"pa_graphics-gpu-model-radeon-780m","10":"pa_operating-system-windows-11-home","11":"pa_processor-cpu-brand-amd","13":"first","14":"outofstock","15":"taxable","16":"shipping-taxable","17":"purchasable","18":"product-type-variable","19":"has-default-attributes"},"acf":[],"_links":{"self":[{"href":"https:\/\/ayaneo.co\/fi\/wp-json\/wp\/v2\/product\/4430","targetHints":{"allow":["GET"]}}],"collection":[{"href":"https:\/\/ayaneo.co\/fi\/wp-json\/wp\/v2\/product"}],"about":[{"href":"https:\/\/ayaneo.co\/fi\/wp-json\/wp\/v2\/types\/product"}],"wp:featuredmedia":[{"embeddable":true,"href":"https:\/\/ayaneo.co\/fi\/wp-json\/wp\/v2\/media\/4434"}],"wp:attachment":[{"href":"https:\/\/ayaneo.co\/fi\/wp-json\/wp\/v2\/media?parent=4430"}],"wp:term":[{"taxonomy":"product_brand","embeddable":true,"href":"https:\/\/ayaneo.co\/fi\/wp-json\/wp\/v2\/product_brand?post=4430"},{"taxonomy":"product_cat","embeddable":true,"href":"https:\/\/ayaneo.co\/fi\/wp-json\/wp\/v2\/product_cat?post=4430"},{"taxonomy":"product_tag","embeddable":true,"href":"https:\/\/ayaneo.co\/fi\/wp-json\/wp\/v2\/product_tag?post=4430"}],"curies":[{"name":"wp","href":"https:\/\/api.w.org\/{rel}","templated":true}]}}