{"id":44742,"date":"2026-02-03T13:07:54","date_gmt":"2026-02-03T13:07:54","guid":{"rendered":"https:\/\/ayaneo.co\/product\/biwin-mini-ssd\/"},"modified":"2026-02-12T09:56:10","modified_gmt":"2026-02-12T09:56:10","slug":"biwin-mini-ssd","status":"publish","type":"product","link":"https:\/\/ayaneo.co\/fi\/product\/biwin-mini-ssd\/","title":{"rendered":"BIWIN Mini SSD"},"content":{"rendered":"\n<h2 class=\"wp-block-heading\">BIWIN Mini SSD: Uusi tallennussuorituskyvyn aikakausi<\/h2>\n\n<p>Kannettavien tallennuslaitteiden eritt\u00e4in kilpaillussa maailmassa BIWIN <strong>Mini SSD on<\/strong> todellinen voimanpes\u00e4, joka tarjoaa huippusuorituskyky\u00e4 ja kest\u00e4v\u00e4\u00e4 kest\u00e4vyytt\u00e4 jokaisen vaativan k\u00e4ytt\u00e4j\u00e4n tarpeisiin. T\u00e4m\u00e4 laite on osoitus tinkim\u00e4tt\u00f6m\u00e4st\u00e4 nopeudesta, ja se edustaa harppausta eteenp\u00e4in ultrakompaktissa tallennustekniikassa. BIWIN Mini SSD on muotoilun ja tehon ihme, joka tarjoaa lippulaivatasoisen datakokemuksen, vertaansa vailla olevan siirrett\u00e4vyyden ja joukon innovatiivisia ominaisuuksia, jotka nostavat sen markkinoiden huipulle. T\u00e4m\u00e4 asema on suunniteltu ammattilaisille ja harrastajille, jotka vaativat huippunopeutta ja ensiluokkaista, ominaisuuksiltaan rikasta ratkaisua, ja se rikkoo matkan p\u00e4\u00e4ll\u00e4 tapahtuvan tietojenk\u00e4sittelyn rajat.   <\/p>\n\n<p>BIWIN Mini SSD on innovaation titaani huippuluokan kompaktien tallennuslaitteiden alalla. Huippuluokan <strong>PCIe Gen4x2- ja<\/strong> <strong>NVMe 1.4 -tekniikalla<\/strong> varustettu Mini SSD tarjoaa henke\u00e4salpaavan suorituskyvyn jopa 3700 MB\/s:n lukunopeudella <strong>ja jopa<\/strong> 3400 MB\/s <strong>:n kirjoitusnopeudella<\/strong>. T\u00e4m\u00e4 nopeus murskaa perinteisten microSD-korttien suorituskykyrajan, mik\u00e4 tekee Mini SSD:st\u00e4 ylivoimaisen nopean korvaajan. T\u00e4m\u00e4 teho on sijoitettu ultrakompaktiin runkoon, jonka mitat ovat vain <strong>15,0 mm \u00d7 17,0 mm \u00d7 1,4 mm, mik\u00e4 on mahdollista edistyksellisen<\/strong>LGA (Land Grid Array) <a href=\"https:\/\/en.wikipedia.org\/wiki\/Land_grid_array\" target=\"_blank\" rel=\"noopener nofollow\" title=\"\">-pakkauksen<\/a> <strong>ansiosta.<\/strong>   <\/p>\n\n<p><strong>Mini<\/strong> SSD on saatavana suurikapasiteettisina versioina, kuten <strong>512 Gt, 1 Tt ja 2 Tt, ja se<\/strong> tarjoaa poikkeuksellista tallennustilaa vaativiin ty\u00f6teht\u00e4viin, kuten pilviyhteisty\u00f6h\u00f6n ja reaaliaikaiseen tietojenk\u00e4sittelyyn.<\/p>\n\n<h2 class=\"wp-block-heading\"><strong>Huomautus k\u00e4mmenlaitteiden suorituskyvyst\u00e4<\/strong><\/h2>\n\n<p>Erityisten is\u00e4nt\u00e4laitteiden k\u00e4ytt\u00e4jien on t\u00e4rke\u00e4\u00e4 huomata, ett\u00e4 vaikka Mini SSD tarjoaa teoreettisen 3 700 MB\/s huippunopeuden, sen todellista suorituskyky\u00e4 rajoittavat is\u00e4nt\u00e4laitteen korttipaikan tekniset tiedot. Esimerkiksi yhteensopiviin pelik\u00e4ytt\u00f6\u00f6n tarkoitettuihin kannettaviin tietokoneisiin asennettaessa aseman nopeus on yleens\u00e4 rajoitettu, koska laite k\u00e4ytt\u00e4\u00e4 mini PCIe 4&#215;1 <strong>-kokoonpanoa (<\/strong> t\u00e4yden 4&#215;2-m\u00e4\u00e4rityksen <strong>sijaan<\/strong> ). CrystalDiskMark-testien perusteella k\u00e4ytt\u00e4j\u00e4t voivat odottaa keskim\u00e4\u00e4r\u00e4isi\u00e4 luku- ja kirjoitusnopeuksia noin 1 700 <strong>Mt\/s.<\/strong> T\u00e4m\u00e4 takaa silti luotettavan, nopean suorituskyvyn, joka ylitt\u00e4\u00e4 huomattavasti microSD-vaihtoehdot, vaikka se ei ehk\u00e4 heijasta aseman absoluuttista teoreettista maksimipotentiaalia.   <\/p>\n\n<p>Laite on suunniteltu tinkim\u00e4tt\u00f6m\u00e4n luotettavaksi, ja siin\u00e4 on vankka rakenne ja <strong>IP68-luokitus kattavan<\/strong> p\u00f6ly- ja vesisuojauksen <strong>takaamiseksi<\/strong>, joten se on rakennettu kest\u00e4m\u00e4\u00e4n kovimmatkin olosuhteet. Upeat laiteohjelmistot, kuten dynaaminen SLC-v\u00e4limuistitallennus ja kulumisen tasaus, takaavat tietojen uskomattoman luotettavuuden, ja kest\u00e4vyytt\u00e4 vahvistaa LGA-pakkaus, jonka ansiosta laite kest\u00e4\u00e4 pudotukset jopa kolmesta metrist\u00e4. Monipuolisen modulaarisen korttipaikkasuunnittelun ansiosta t\u00e4m\u00e4 on kest\u00e4v\u00e4 ja tulevaisuuden kumppani mobiililaitteiden, pelik\u00e4ytt\u00f6\u00f6n tarkoitettujen kannettavien tietokoneiden (kuten GPD WIN 5 ja ONEXPLAYER Super X) ja reunalaskennan sovelluksiin.  <\/p>\n","protected":false},"excerpt":{"rendered":"\n<ul>\n<li>Liit\u00e4nt\u00e4: NVMe 1.4** -protokollalla <strong>varustetun PCIe Gen4x2:n kanssa<\/strong> <\/li>\n<li>Muoto: <strong>(<\/strong> 15,0 mm \u00d7 17,0 mm \u00d7 1,4 mm): <strong>Eritt\u00e4in kompakti LGA-paketti (<\/strong> 15,0 mm \u00d7 17,0 mm \u00d7 1,4 mm)<\/li>\n<li>Suorituskyky: Jopa **3,700 MB\/s lukeminen** \/ Jopa **3,400 MB\/s kirjoittaminen**.<\/li>\n<li>Kapasiteetti: 512 Gt, 1 Tt tai 2 Tt 3D TLC NAND -muistitietokanta<\/li>\n<li>Kest\u00e4vyys: 3 metrin pudotus** Selviytyminen: <strong>IP68 p\u00f6lyn-<\/strong> ja vedenkest\u00e4vyys \/ **3 metrin pudotus** Selviytyminen<\/li>\n<li>Teknologia: Dynaaminen **SLC-v\u00e4limuisti** ja **Kulumisen tasaus**.<\/li>\n<\/ul>\n[cg_accordion title=\"MAKSUTIEDOT\"]<\/p>\n<p>K\u00e4yt\u00e4mme uusinta teknologiaa maksujen k\u00e4sittelyss\u00e4, jonka avulla voit tehd\u00e4 maksun Apple Payn, Google Payn, pankki- tai luottokortin, PayPalin tai BNPL-menetelmien, kuten Klarna, Affirm tai AfterPay, avulla nopean ja turvallisen maksukokemuksen.[\/cg_accordion]\n[cg_accordion title=\"TAKUU\"]<\/p>\n<p>1 vuoden takuu <a href=\"https:\/\/droix.net\/\" target=\"_blank\" rel=\"nofollow noopener\">DROIX Global ilta mielenrauhasi vuoksi<\/a> [\/cg_accordion]\n[cg_accordion title=\"LAADUNVARMISTUS JA L\u00c4HETYST\u00c4 EDELT\u00c4V\u00c4 TESTAUS\"]<\/p>\n<p>Asiakastyytyv\u00e4isyyden varmistaminen korkeimmalla tasolla: Jokainen laite testataan tiukasti ja sille tehd\u00e4\u00e4n monipisteinen laadunvarmistustarkastus ennen sen l\u00e4hett\u00e4mist\u00e4. Asialle omistautunut tiimimme tarkistaa suorituskyvyn, toimivuuden ja komponenttien eheyden, jotta AYANEO-laitteesi on saapuessaan t\u00e4ydellisess\u00e4 toimintakunnossa, mik\u00e4 antaa sinulle luottamusta ja mielenrauhaa. [\/cg_accordion]\n[cg_accordion title=\"HINNOITTELU, VEROT JA TOIMITUKSET\"]<\/p>\n<p><strong><u>Huom:<\/u><\/strong><\/p>\n<ul>\n<li>Yhdysvallat Asiakkaat: Asiakkaat: N\u00e4ytetty hinta EI sis\u00e4ll\u00e4 veroja eik\u00e4 tulleja. Vastuu tulliselvityksest\u00e4 ja siihen liittyvien verojen\/tullien maksamisesta on asiakkaalla. <\/li>\n<li>EU:n asiakkaat: N\u00e4ytetty hinta sis\u00e4lt\u00e4\u00e4 sovellettavan veron, joka voi olla jopa 25 % maastasi riippuen.<\/li>\n<li>Kanada Asiakkaat: N\u00e4ytetty hinta sis\u00e4lt\u00e4\u00e4 sovellettavat verot, joihin voi sis\u00e4lty\u00e4 5 % GST ja ylim\u00e4\u00e4r\u00e4isi\u00e4 maakunnallisia myyntiveroja (PST), harmonisoitua myyntiveroa (HST) tai Quebecin myyntiveroa (QST) maakunnasta riippuen.<\/li>\n<\/ul>\n<p>USA:n asiakkaillemme: Tilaukset l\u00e4hetet\u00e4\u00e4n DAP (Delivered At Place). Vaikka asiakkaat ovat vastuussa sovellettavien maksujen maksamisesta, k\u00e4yt\u00e4mme laajaa kokemustamme Yhdistyneest\u00e4 kuningaskunnasta tapahtuvasta toimituksesta varmistaaksemme, ett\u00e4 maksat mahdollisimman v\u00e4h\u00e4n maksuja. Tietojemme perusteella n\u00e4m\u00e4 maksut eiv\u00e4t yleens\u00e4 ylit\u00e4 10 % tuotteen arvosta.  <\/p>\n<p><strong>AINOASTAAN EU:n asiakkaille:<\/strong> Express DDP (Delivered Duty Paid). T\u00e4m\u00e4 tarkoittaa: <\/p>\n<ul>\n<li>Kaikki tullit ja verot sis\u00e4ltyv\u00e4t tuotesivulla ilmoitettuun hintaan.<\/li>\n<li>Sinun ei tarvitse maksaa lis\u00e4maksuja toimituksen yhteydess\u00e4.<\/li>\n<li>Harvinaisissa tulliin liittyviss\u00e4 tapauksissa tiimimme hoitaa tulliselvitysprosessin puolestasi varmistaakseen sujuvan toimituksen.<\/li>\n<p>T\u00e4rke\u00e4\u00e4 tietoa palautuksista:<\/p>\n<li>Jos p\u00e4\u00e4t\u00e4t palauttaa tilauksesi tai pyyt\u00e4\u00e4 palautusta, ota huomioon, ett\u00e4 DDP-ehtojen mukaisesti puolestasi maksettuja veroja ja tulleja ei voida palauttaa.<\/li>\n<p>Katso yksityiskohtaiset tiedot <a href=\"https:\/\/ayaneo.co\/fi\/kayttoehdot\/\" target=\"_blank\" rel=\"nofollow noopener\">k\u00e4ytt\u00f6ehdoistamme<\/a>.\n<\/ul>\n<p>[\/cg_accordion]\n[cg_accordion title=\"ASIAKASTUKI\"]<\/p>\n<p>Onko kysytt\u00e4v\u00e4\u00e4? Olemme lyhyen tekstiviestin p\u00e4\u00e4ss\u00e4 siit\u00e4, ett\u00e4 ongelmasi on ratkaistu! [\/cg_accordion]\n[cg_accordion title=\"PAKETTI SIS\u00c4LT\u00c4\u00c4\"]<\/p>\n<ul>\n<li>1x BIWIN Mini SSD<\/li>\n<\/ul>\n<p>[\/cg_accordion]\n","protected":false},"featured_media":44134,"template":"","meta":{"_acf_changed":false},"product_brand":[],"product_cat":[556],"product_tag":[],"class_list":{"0":"post-44742","1":"product","2":"type-product","3":"status-publish","4":"has-post-thumbnail","6":"product_cat-tarvikkeet","7":"product_shipping_class-low-end","8":"pa_brand-biwin","10":"first","11":"instock","12":"taxable","13":"shipping-taxable","14":"purchasable","15":"product-type-variable","16":"has-default-attributes"},"acf":[],"_links":{"self":[{"href":"https:\/\/ayaneo.co\/fi\/wp-json\/wp\/v2\/product\/44742","targetHints":{"allow":["GET"]}}],"collection":[{"href":"https:\/\/ayaneo.co\/fi\/wp-json\/wp\/v2\/product"}],"about":[{"href":"https:\/\/ayaneo.co\/fi\/wp-json\/wp\/v2\/types\/product"}],"wp:featuredmedia":[{"embeddable":true,"href":"https:\/\/ayaneo.co\/fi\/wp-json\/wp\/v2\/media\/44134"}],"wp:attachment":[{"href":"https:\/\/ayaneo.co\/fi\/wp-json\/wp\/v2\/media?parent=44742"}],"wp:term":[{"taxonomy":"product_brand","embeddable":true,"href":"https:\/\/ayaneo.co\/fi\/wp-json\/wp\/v2\/product_brand?post=44742"},{"taxonomy":"product_cat","embeddable":true,"href":"https:\/\/ayaneo.co\/fi\/wp-json\/wp\/v2\/product_cat?post=44742"},{"taxonomy":"product_tag","embeddable":true,"href":"https:\/\/ayaneo.co\/fi\/wp-json\/wp\/v2\/product_tag?post=44742"}],"curies":[{"name":"wp","href":"https:\/\/api.w.org\/{rel}","templated":true}]}}