{"id":44781,"date":"2026-02-03T11:59:54","date_gmt":"2026-02-03T11:59:54","guid":{"rendered":"https:\/\/ayaneo.co\/product\/biwin-rd510-mini-ssd-reader\/"},"modified":"2026-03-27T12:17:04","modified_gmt":"2026-03-27T12:17:04","slug":"biwin-rd510-mini-ssd-reader","status":"publish","type":"product","link":"https:\/\/ayaneo.co\/fi\/product\/biwin-rd510-mini-ssd-reader\/","title":{"rendered":"Biwin RD510 Mini SSD Reader"},"content":{"rendered":"\n<h2 class=\"wp-block-heading\">Biwin Mini SSD Reader: USB 4.0 -tallennusratkaisu ammattilaisille.<\/h2>\n\n<p><strong>Biwin RD510 Mini SSD Reader on<\/strong> l\u00e4pimurto kannettavassa tallennustekniikassa. T\u00e4m\u00e4 suorituskykyinen lukulaite on ensimm\u00e4inen laatuaan, joka on suunniteltu erityisesti eritt\u00e4in pienikokoista &#8221;Mini SSD\" -muotoilua varten. N\u00e4m\u00e4 pienikokoiset asemat, joiden mitat ovat vain 15,0 mm \u00d7 17,0 mm \u00d7 1,4 mm, vaativat tarkan koteloinnin toimiakseen parhaimmillaan.2 Koska t\u00e4m\u00e4 biwin SSD -ratkaisu on<sup>r\u00e4\u00e4t\u00e4l\u00f6ity<\/sup> n\u00e4in <strong>pieniin mittoihin<\/strong>, se tarjoaa kannettavuuden tason, jota ei ole aiemmin n\u00e4hty ammattik\u00e4ytt\u00f6\u00f6n tarkoitettujen laitteiden markkinoilla.  <\/p>\n\n<h2 class=\"wp-block-heading\">Huippunopeat nopeudet Biwin RD510 Mini SSD Readerilla<\/h2>\n\n<p>Suorituskyvyss\u00e4 t\u00e4m\u00e4 <strong>biwinn mini SSD-lukija todella<\/strong> loistaa. Se k\u00e4ytt\u00e4\u00e4 kehittynytt\u00e4 USB 4.0 -protokollaa ja tarjoaa huikeat, jopa 40 Gbps:n tiedonsiirtonopeudet.3<sup>N\u00e4in ollen Biwin<\/sup> RD510 Mini SSD <strong>Reader saavuttaa<\/strong> 3300 MB\/s:n <strong>per\u00e4kk\u00e4isen lukunopeuden<\/strong> ja 3000 MB\/s:n kirjoitusnopeuden.4 N\u00e4m\u00e4 luvut sopivat<sup>t\u00e4ydellisesti<\/sup> k\u00e4ytt\u00e4jille<sup>,<\/sup> jotka k\u00e4sittelev\u00e4t usein 8K-videotiedostoja tai massiivisia ohjelmistovarastoja. <\/p>\n\n<p>Lis\u00e4ksi biwin <strong>SSD-ohjainarkkitehtuuri<\/strong> on optimoitu nykyaikaisia k\u00e4ytt\u00f6j\u00e4rjestelmi\u00e4 varten, jotta se on helppo asentaa ja k\u00e4ytt\u00e4\u00e4. Huomaat, ett\u00e4 laajamittaiset varmuuskopiot valmistuvat muutamassa sekunnissa minuuttien sijaan. Koska k\u00e4ytt\u00f6liittym\u00e4 on niin tehokas, viiveet pysyv\u00e4t aivan minimiss\u00e4 intensiivisten ammattisovellusten aikana.  <\/p>\n\n<h2 class=\"wp-block-heading\">Aktiivinen j\u00e4\u00e4hdytys yll\u00e4pit\u00e4\u00e4 Biwin SSD -levyn suorituskyky\u00e4 jatkuvasti<\/h2>\n\n<p>Suurten nopeuksien yll\u00e4pit\u00e4minen johtaa usein l\u00e4mp\u00f6haasteisiin. Siksi Biwin <strong>RD510 Mini SSD Reader on varustettu<\/strong> sis\u00e4\u00e4nrakennetulla j\u00e4\u00e4hdytystuulettimella aktiivista l\u00e4mm\u00f6nhallintaa varten. T\u00e4m\u00e4 l\u00e4mp\u00f6ratkaisu est\u00e4\u00e4 ylikuumenemiseen liittyv\u00e4t suorituskyvyn laskut. N\u00e4in ollen biwin <strong>SSD<\/strong> s\u00e4ilytt\u00e4\u00e4 maksiminopeutensa jopa tuntikausia kest\u00e4vien tiedonsiirtojen aikana.   <\/p>\n\n<p><strong>Biwin RD510 Mini SSD Reader<\/strong> -laitteen vankka rakenne <strong>takaa<\/strong>, ett\u00e4 se kest\u00e4\u00e4 p\u00e4ivitt\u00e4iset ty\u00f6matkat. Vaikka ulkoasu n\u00e4ytt\u00e4\u00e4 tyylikk\u00e4\u00e4lt\u00e4 ja ammattimaiselta, sis\u00e4iset komponentit on suojattu fyysisi\u00e4 iskuja vastaan. Vakaa ja keskeytym\u00e4t\u00f6n toiminta on asetettu etusijalle, mik\u00e4 viime k\u00e4dess\u00e4 auttaa pident\u00e4m\u00e4\u00e4n tallennusv\u00e4lineiden k\u00e4ytt\u00f6ik\u00e4\u00e4.  <\/p>\n\n<h2 class=\"wp-block-heading\">Biwinn Mini SSD-lukijan monialustaliitett\u00e4vyys<\/h2>\n\n<p>Monipuolisuus on t\u00e4m\u00e4n <strong>biwinn mini SSD-lukijan<\/strong> vahvuus <strong>.<\/strong> Se toimitetaan korkealaatuisen USB 4.0 Type-C Type-C -kaapelin kanssa, jotta laitteistosi koko potentiaali saadaan k\u00e4ytt\u00f6\u00f6n.5 T\u00e4m\u00e4<sup>varmistaa, ett\u00e4<\/sup> Biwin RD510 Mini <strong>SSD Reader on yhteensopiva<\/strong> laajan valikoiman nykyaikaisten ekosysteemien <strong>kanssa<\/strong>. <\/p>\n\n<figure class=\"wp-block-table\"><table class=\"has-fixed-layout\"><thead><tr><td><strong>J\u00e4rjestelm\u00e4n luokka<\/strong><\/td><td><strong>Tuetut alustat<\/strong><\/td><\/tr><\/thead><tbody><tr><td><strong>Tietokoneet<\/strong><\/td><td>Windows 10\/11, macOS 11.0+<\/td><\/tr><tr><td><strong>Mobiili<\/strong><\/td><td>iOS 17.0+, Android 11.0+.<\/td><\/tr><tr><td><strong>Pelaaminen<\/strong><\/td><td>PlayStation 5 (j\u00e4rjestelm\u00e4 08+)<\/td><\/tr><tr><td><strong>K\u00e4ytt\u00f6j\u00e4rjestelm\u00e4t<\/strong><\/td><td>HyperOS 1.0+, HarmonyOS 3.0+.<\/td><\/tr><\/tbody><\/table><\/figure>\n\n<p><\/p>\n","protected":false},"excerpt":{"rendered":"<ul>\n<li><strong>Biwin RD510 USB<\/strong> 4.0 Mini SSD Reader<\/li>\n<li><strong>USB 4.0 -liit\u00e4nt\u00e4 - Nopea<\/strong> tiedonsiirto jopa 40 Gbps:iin asti.<\/li>\n<li><strong>3300MB\/s lukeminen ja 3000MB\/s kirjoittaminen -<\/strong> Optimoitu 8K-videolle ja suurille tiedostoille.<\/li>\n<li><strong>Aktiivinen j\u00e4\u00e4hdytysj\u00e4rjestelm\u00e4 -<\/strong> Sis\u00e4\u00e4nrakennettu tuuletin yll\u00e4pit\u00e4\u00e4 huippusuorituskyky\u00e4.<\/li>\n<li><strong>Eritt\u00e4in kannettava muotoilu -<\/strong> Suunniteltu erityisesti Mini SSD -muotoilua varten<\/li>\n<\/ul>\n[cg_accordion title=\"MAKSUTIEDOT\"]<\/p>\n<p>K\u00e4yt\u00e4mme uusinta teknologiaa maksujen k\u00e4sittelyss\u00e4, jonka avulla voit tehd\u00e4 maksun Apple Payn, Google Payn, pankki- tai luottokortin, PayPalin tai BNPL-menetelmien, kuten Klarna, Affirm tai AfterPay, avulla nopean ja turvallisen maksukokemuksen.[\/cg_accordion]\n[cg_accordion title=\"TAKUU\"]<\/p>\n<p>1 vuoden takuu <a href=\"https:\/\/droix.net\/\" target=\"_blank\" rel=\"nofollow noopener\">DROIX Global ilta mielenrauhasi vuoksi<\/a> [\/cg_accordion]\n[cg_accordion title=\"LAADUNVARMISTUS JA L\u00c4HETYST\u00c4 EDELT\u00c4V\u00c4 TESTAUS\"]<\/p>\n<p>Asiakastyytyv\u00e4isyyden varmistaminen korkeimmalla tasolla: Jokainen laite testataan tiukasti ja sille tehd\u00e4\u00e4n monipisteinen laadunvarmistustarkastus ennen sen l\u00e4hett\u00e4mist\u00e4. Asialle omistautunut tiimimme tarkistaa suorituskyvyn, toimivuuden ja komponenttien eheyden, jotta AYANEO-laitteesi on saapuessaan t\u00e4ydellisess\u00e4 toimintakunnossa, mik\u00e4 antaa sinulle luottamusta ja mielenrauhaa. [\/cg_accordion]\n[cg_accordion title=\"HINNOITTELU, VEROT JA TOIMITUKSET\"]<\/p>\n<p><strong><u>Huom:<\/u><\/strong><\/p>\n<ul>\n<li>Yhdysvallat Asiakkaat: Asiakkaat: N\u00e4ytetty hinta EI sis\u00e4ll\u00e4 veroja eik\u00e4 tulleja. Vastuu tulliselvityksest\u00e4 ja siihen liittyvien verojen\/tullien maksamisesta on asiakkaalla. <\/li>\n<li>EU:n asiakkaat: N\u00e4ytetty hinta sis\u00e4lt\u00e4\u00e4 sovellettavan veron, joka voi olla jopa 25 % maastasi riippuen.<\/li>\n<li>Kanada Asiakkaat: N\u00e4ytetty hinta sis\u00e4lt\u00e4\u00e4 sovellettavat verot, joihin voi sis\u00e4lty\u00e4 5 % GST ja ylim\u00e4\u00e4r\u00e4isi\u00e4 maakunnallisia myyntiveroja (PST), harmonisoitua myyntiveroa (HST) tai Quebecin myyntiveroa (QST) maakunnasta riippuen.<\/li>\n<\/ul>\n<p>USA:n asiakkaillemme: Tilaukset l\u00e4hetet\u00e4\u00e4n DAP (Delivered At Place). Vaikka asiakkaat ovat vastuussa sovellettavien maksujen maksamisesta, k\u00e4yt\u00e4mme laajaa kokemustamme Yhdistyneest\u00e4 kuningaskunnasta tapahtuvasta toimituksesta varmistaaksemme, ett\u00e4 maksat mahdollisimman v\u00e4h\u00e4n maksuja. Tietojemme perusteella n\u00e4m\u00e4 maksut eiv\u00e4t yleens\u00e4 ylit\u00e4 10 % tuotteen arvosta.  <\/p>\n<p><strong>AINOASTAAN EU:n asiakkaille:<\/strong> Express DDP (Delivered Duty Paid). T\u00e4m\u00e4 tarkoittaa: <\/p>\n<ul>\n<li>Kaikki tullit ja verot sis\u00e4ltyv\u00e4t tuotesivulla ilmoitettuun hintaan.<\/li>\n<li>Sinun ei tarvitse maksaa lis\u00e4maksuja toimituksen yhteydess\u00e4.<\/li>\n<li>Harvinaisissa tulliin liittyviss\u00e4 tapauksissa tiimimme hoitaa tulliselvitysprosessin puolestasi varmistaakseen sujuvan toimituksen.<\/li>\n<p>T\u00e4rke\u00e4\u00e4 tietoa palautuksista:<\/p>\n<li>Jos p\u00e4\u00e4t\u00e4t palauttaa tilauksesi tai pyyt\u00e4\u00e4 palautusta, ota huomioon, ett\u00e4 DDP-ehtojen mukaisesti puolestasi maksettuja veroja ja tulleja ei voida palauttaa.<\/li>\n<p>Katso yksityiskohtaiset tiedot <a href=\"https:\/\/ayaneo.co\/fi\/kayttoehdot\/\" target=\"_blank\" rel=\"nofollow noopener\">k\u00e4ytt\u00f6ehdoistamme<\/a>.\n<\/ul>\n<p>[\/cg_accordion]\n[cg_accordion title=\"ASIAKASTUKI\"]<\/p>\n<p>Onko kysytt\u00e4v\u00e4\u00e4? Olemme lyhyen tekstiviestin p\u00e4\u00e4ss\u00e4 siit\u00e4, ett\u00e4 ongelmasi on ratkaistu! [\/cg_accordion]\n[cg_accordion title=\"PAKETTI SIS\u00c4LT\u00c4\u00c4\"]<\/p>\n<ul>\n<li>1x Biwin RD510 Mini SSD-lukija<\/li>\n<\/ul>\n<p>[\/cg_accordion]\n","protected":false},"featured_media":43949,"template":"","meta":{"_acf_changed":false},"product_brand":[],"product_cat":[556],"product_tag":[],"class_list":{"0":"post-44781","1":"product","2":"type-product","3":"status-publish","4":"has-post-thumbnail","6":"product_cat-tarvikkeet","7":"product_shipping_class-low-end","8":"pa_brand-biwin","9":"pa_operating-system-macos","10":"pa_operating-system-windows-10","11":"pa_operating-system-windows-11","13":"first","14":"outofstock","15":"sale","16":"taxable","17":"shipping-taxable","18":"purchasable","19":"product-type-simple"},"acf":[],"_links":{"self":[{"href":"https:\/\/ayaneo.co\/fi\/wp-json\/wp\/v2\/product\/44781","targetHints":{"allow":["GET"]}}],"collection":[{"href":"https:\/\/ayaneo.co\/fi\/wp-json\/wp\/v2\/product"}],"about":[{"href":"https:\/\/ayaneo.co\/fi\/wp-json\/wp\/v2\/types\/product"}],"wp:featuredmedia":[{"embeddable":true,"href":"https:\/\/ayaneo.co\/fi\/wp-json\/wp\/v2\/media\/43949"}],"wp:attachment":[{"href":"https:\/\/ayaneo.co\/fi\/wp-json\/wp\/v2\/media?parent=44781"}],"wp:term":[{"taxonomy":"product_brand","embeddable":true,"href":"https:\/\/ayaneo.co\/fi\/wp-json\/wp\/v2\/product_brand?post=44781"},{"taxonomy":"product_cat","embeddable":true,"href":"https:\/\/ayaneo.co\/fi\/wp-json\/wp\/v2\/product_cat?post=44781"},{"taxonomy":"product_tag","embeddable":true,"href":"https:\/\/ayaneo.co\/fi\/wp-json\/wp\/v2\/product_tag?post=44781"}],"curies":[{"name":"wp","href":"https:\/\/api.w.org\/{rel}","templated":true}]}}