{"id":44790,"date":"2026-01-08T11:34:29","date_gmt":"2026-01-08T11:34:29","guid":{"rendered":"https:\/\/ayaneo.co\/product\/ayaneo-pocket-ds-laukku\/"},"modified":"2026-02-12T09:56:15","modified_gmt":"2026-02-12T09:56:15","slug":"ayaneo-pocket-ds-laukku","status":"publish","type":"product","link":"https:\/\/ayaneo.co\/fi\/product\/ayaneo-pocket-ds-laukku\/","title":{"rendered":"AYANEO Pocket DS laukku"},"content":{"rendered":"\n<h2 class=\"wp-block-heading\" id=\"h-product-overview\">Tuotteen yleiskatsaus:<\/h2>\n\n<p><strong>AYANEO Pocket DS Bag <\/strong>on t\u00e4ydellinen lis\u00e4varuste pelaajille, jotka arvostavat tyyli\u00e4 ja suojaa. T\u00e4ss\u00e4 AYANEO Pocket DS -konsolille sopivaksi suunnitellussa laukussa yhdistyv\u00e4t ensiluokkaiset materiaalit ja kompakti muoto, joten pelilaitteesi pysyy turvassa miss\u00e4 tahansa liikutkin. <\/p>\n\n<hr class=\"wp-block-separator has-alpha-channel-opacity\"\/>\n\n<h2 class=\"wp-block-heading\" id=\"h-key-features\">T\u00e4rkeimm\u00e4t ominaisuudet:<\/h2>\n\n<p><strong>Compact Design<\/strong> tailored for AYANEO Pocket DS &#x1f3ae;.<\/p>\n\n<p>Durable materials for <strong>enhanced protection<\/strong> &#x1f6e1;&#xfe0f;.<\/p>\n\n<p>Lightweight and portable for <strong>on-the-go convenience<\/strong> &#x1f680;.<\/p>\n\n<p>Pehme\u00e4 sis\u00e4vuori <strong>est\u00e4\u00e4 naarmuja &#x2728;<\/strong>.<\/p>\n\n<p>Sleek and stylish exterior for <strong>modern aesthetics<\/strong> &#x1f31f;.<\/p>\n\n<hr class=\"wp-block-separator has-alpha-channel-opacity\"\/>\n\n<h2 class=\"wp-block-heading\" id=\"h-why-choose-the-ayaneo-pocket-micro-case\">Why Choose the AYANEO Pocket DS Bag?<\/h2>\n\n<p>Protect your investment with the AYANEO Pocket DS Bag, designed to keep your console safe from scratches, dust, and minor impacts. Its lightweight and compact design makes it the ideal travel companion, whether you&#8217;re heading to a gaming session with friends or taking your console on the road.<\/p>\n\n<hr class=\"wp-block-separator has-alpha-channel-opacity\"\/>\n\n<h3 class=\"wp-block-heading\" id=\"h-specifications\">Specifications:<\/h3>\n\n<ul class=\"wp-block-list\">\n<li><strong>Material:<\/strong> Durable fabric or synthetic leather<\/li>\n\n\n\n<li><strong>Compatibility:<\/strong> AYANEO Pocket DS Console<\/li>\n\n\n\n<li><strong>Features:<\/strong> Scratch-resistant, lightweight, and portable<\/li>\n<\/ul>\n\n<p>Elevate your gaming experience with the AYANEO Pocket DS Bag \u2013 the perfect blend of protection and portability!&#x1f31f;<\/p>\n\n<p><\/p>\n","protected":false},"excerpt":{"rendered":"<ul>\n<li><strong>Kompakti muotoilu r\u00e4\u00e4t\u00e4l\u00f6ity<\/strong> AYANEO Pocket DS:lle.<\/li>\n<li>Kest\u00e4v\u00e4t materiaalit <strong>parantavat suojaa.<\/strong><\/li>\n<li>Kevyt ja kannettava, jotta se on <strong>k\u00e4tev\u00e4 my\u00f6s matkalla.<\/strong><\/li>\n<li>Pehme\u00e4 sis\u00e4vuori <strong>est\u00e4\u00e4 naarmuja.<\/strong><\/li>\n<li>Tyylik\u00e4s ja tyylik\u00e4s ulkokuori <strong>modernia estetiikkaa<\/strong> varten <strong>.<\/strong><\/li>\n<\/ul>\n[cg_accordion title=\"MAKSUTIEDOT\"]<\/p>\n<p>K\u00e4yt\u00e4mme uusinta teknologiaa maksujen k\u00e4sittelyss\u00e4, jonka avulla voit tehd\u00e4 maksun Apple Payn, Google Payn, pankki- tai luottokortin, PayPalin tai BNPL-menetelmien, kuten Klarna, Affirm tai AfterPay, avulla nopean ja turvallisen maksukokemuksen.[\/cg_accordion]\n[cg_accordion title=\"TAKUU\"]<\/p>\n<p>1 vuoden takuu <a href=\"https:\/\/droix.net\/\" target=\"_blank\" rel=\"nofollow noopener\">DROIX Global ilta mielenrauhasi vuoksi<\/a> [\/cg_accordion]\n[cg_accordion title=\"LAADUNVARMISTUS JA L\u00c4HETYST\u00c4 EDELT\u00c4V\u00c4 TESTAUS\"]<\/p>\n<p>Asiakastyytyv\u00e4isyyden varmistaminen korkeimmalla tasolla: Jokainen laite testataan tiukasti ja sille tehd\u00e4\u00e4n monipisteinen laadunvarmistustarkastus ennen sen l\u00e4hett\u00e4mist\u00e4. Asialle omistautunut tiimimme tarkistaa suorituskyvyn, toimivuuden ja komponenttien eheyden, jotta AYANEO-laitteesi on saapuessaan t\u00e4ydellisess\u00e4 toimintakunnossa, mik\u00e4 antaa sinulle luottamusta ja mielenrauhaa. [\/cg_accordion]\n[cg_accordion title=\"HINNOITTELU, VEROT JA TOIMITUKSET\"]<\/p>\n<p><strong><u>Huom:<\/u><\/strong><\/p>\n<ul>\n<li>Yhdysvallat Asiakkaat: Asiakkaat: N\u00e4ytetty hinta EI sis\u00e4ll\u00e4 veroja eik\u00e4 tulleja. Vastuu tulliselvityksest\u00e4 ja siihen liittyvien verojen\/tullien maksamisesta on asiakkaalla. <\/li>\n<li>EU:n asiakkaat: N\u00e4ytetty hinta sis\u00e4lt\u00e4\u00e4 sovellettavan veron, joka voi olla jopa 25 % maastasi riippuen.<\/li>\n<li>Kanada Asiakkaat: N\u00e4ytetty hinta sis\u00e4lt\u00e4\u00e4 sovellettavat verot, joihin voi sis\u00e4lty\u00e4 5 % GST ja ylim\u00e4\u00e4r\u00e4isi\u00e4 maakunnallisia myyntiveroja (PST), harmonisoitua myyntiveroa (HST) tai Quebecin myyntiveroa (QST) maakunnasta riippuen.<\/li>\n<\/ul>\n<p>USA:n asiakkaillemme: Tilaukset l\u00e4hetet\u00e4\u00e4n DAP (Delivered At Place). Vaikka asiakkaat ovat vastuussa sovellettavien maksujen maksamisesta, k\u00e4yt\u00e4mme laajaa kokemustamme Yhdistyneest\u00e4 kuningaskunnasta tapahtuvasta toimituksesta varmistaaksemme, ett\u00e4 maksat mahdollisimman v\u00e4h\u00e4n maksuja. Tietojemme perusteella n\u00e4m\u00e4 maksut eiv\u00e4t yleens\u00e4 ylit\u00e4 10 % tuotteen arvosta.  <\/p>\n<p><strong>AINOASTAAN EU:n asiakkaille:<\/strong> Express DDP (Delivered Duty Paid). T\u00e4m\u00e4 tarkoittaa: <\/p>\n<ul>\n<li>Kaikki tullit ja verot sis\u00e4ltyv\u00e4t tuotesivulla ilmoitettuun hintaan.<\/li>\n<li>Sinun ei tarvitse maksaa lis\u00e4maksuja toimituksen yhteydess\u00e4.<\/li>\n<li>Harvinaisissa tulliin liittyviss\u00e4 tapauksissa tiimimme hoitaa tulliselvitysprosessin puolestasi varmistaakseen sujuvan toimituksen.<\/li>\n<p>T\u00e4rke\u00e4\u00e4 tietoa palautuksista:<\/p>\n<li>Jos p\u00e4\u00e4t\u00e4t palauttaa tilauksesi tai pyyt\u00e4\u00e4 palautusta, ota huomioon, ett\u00e4 DDP-ehtojen mukaisesti puolestasi maksettuja veroja ja tulleja ei voida palauttaa.<\/li>\n<p>Katso yksityiskohtaiset tiedot <a href=\"https:\/\/ayaneo.co\/fi\/kayttoehdot\/\" target=\"_blank\" rel=\"nofollow noopener\">k\u00e4ytt\u00f6ehdoistamme<\/a>.\n<\/ul>\n<p>[\/cg_accordion]\n[cg_accordion title=\"ASIAKASTUKI\"]<\/p>\n<p>Onko kysytt\u00e4v\u00e4\u00e4? Olemme lyhyen tekstiviestin p\u00e4\u00e4ss\u00e4 siit\u00e4, ett\u00e4 ongelmasi on ratkaistu! [\/cg_accordion]\n[cg_accordion title=\"PAKETTI SIS\u00c4LT\u00c4\u00c4\"]<\/p>\n<ul>\n<li>1x AYANEO Pocket DS laukku<\/li>\n<\/ul>\n<p>[\/cg_accordion]\n","protected":false},"featured_media":43439,"template":"","meta":{"_acf_changed":false},"product_brand":[],"product_cat":[556],"product_tag":[],"class_list":{"0":"post-44790","1":"product","2":"type-product","3":"status-publish","4":"has-post-thumbnail","6":"product_cat-tarvikkeet","7":"product_shipping_class-low-end","8":"pa_accessory-type-protective-case-fi","9":"pa_brand-ayaneo","11":"first","12":"instock","13":"sale","14":"taxable","15":"shipping-taxable","16":"purchasable","17":"product-type-simple"},"acf":[],"_links":{"self":[{"href":"https:\/\/ayaneo.co\/fi\/wp-json\/wp\/v2\/product\/44790","targetHints":{"allow":["GET"]}}],"collection":[{"href":"https:\/\/ayaneo.co\/fi\/wp-json\/wp\/v2\/product"}],"about":[{"href":"https:\/\/ayaneo.co\/fi\/wp-json\/wp\/v2\/types\/product"}],"wp:featuredmedia":[{"embeddable":true,"href":"https:\/\/ayaneo.co\/fi\/wp-json\/wp\/v2\/media\/43439"}],"wp:attachment":[{"href":"https:\/\/ayaneo.co\/fi\/wp-json\/wp\/v2\/media?parent=44790"}],"wp:term":[{"taxonomy":"product_brand","embeddable":true,"href":"https:\/\/ayaneo.co\/fi\/wp-json\/wp\/v2\/product_brand?post=44790"},{"taxonomy":"product_cat","embeddable":true,"href":"https:\/\/ayaneo.co\/fi\/wp-json\/wp\/v2\/product_cat?post=44790"},{"taxonomy":"product_tag","embeddable":true,"href":"https:\/\/ayaneo.co\/fi\/wp-json\/wp\/v2\/product_tag?post=44790"}],"curies":[{"name":"wp","href":"https:\/\/api.w.org\/{rel}","templated":true}]}}