{"id":44867,"date":"2026-01-08T12:04:55","date_gmt":"2026-01-08T12:04:55","guid":{"rendered":"https:\/\/ayaneo.co\/product\/ayaneo-pocket-ds-naytonsuoja-vain-nayton-alaosa\/"},"modified":"2026-04-08T09:14:52","modified_gmt":"2026-04-08T09:14:52","slug":"ayaneo-pocket-ds-naytonsuoja-vain-nayton-alaosa","status":"publish","type":"product","link":"https:\/\/ayaneo.co\/fi\/product\/ayaneo-pocket-ds-naytonsuoja-vain-nayton-alaosa\/","title":{"rendered":"AYANEO Pocket DS -n\u00e4yt\u00f6nsuoja (vain n\u00e4yt\u00f6n alaosa)"},"content":{"rendered":"\n<p><strong>AYANEO Pocket DS -n\u00e4yt\u00f6nsuoja on<\/strong> t\u00e4rke\u00e4 lis\u00e4varuste, joka on suunniteltu pit\u00e4m\u00e4\u00e4n konsolisi toissijainen n\u00e4ytt\u00f6 koskemattomassa kunnossa. T\u00e4m\u00e4 ter\u00e4v\u00e4piirtoisen selke\u00e4 ja tarkka suojakalvo suojaa laitettasi jokap\u00e4iv\u00e4iselt\u00e4 kulumiselta tinkim\u00e4tt\u00e4 kosketusherkkyydest\u00e4. <\/p>\n\n<h2 class=\"wp-block-heading\"><strong>&#x26a0;&#xfe0f; T\u00e4rke\u00e4 yhteensopivuutta koskeva huomautus<\/strong><\/h2>\n\n<p>T\u00e4m\u00e4 n\u00e4yt\u00f6nsuoja on suunniteltu <strong>AINOASTAAN 2. (ala)n\u00e4yt\u00f6lle.<\/strong> &gt; <strong>Ensimm\u00e4ist\u00e4 (yl\u00e4)n\u00e4ytt\u00f6\u00e4 varten:<\/strong> Suojaa ei ole saatavilla eik\u00e4 sit\u00e4 suositella, koska sen lis\u00e4paksuus est\u00e4isi laitteen kunnollisen sulkeutumisen.<\/p>\n\n<h2 class=\"wp-block-heading\">Miksi valita AYANEO Pocket DS -n\u00e4yt\u00f6nsuoja?<\/h2>\n\n<p>T\u00e4m\u00e4 suoja tarjoaa vertaansa vailla olevan kest\u00e4vyyden riippumatta siit\u00e4, navigoitko valikoissa vai k\u00e4yt\u00e4tk\u00f6 kosketusintensiivisi\u00e4 ohjaimia toissijaisella n\u00e4yt\u00f6ll\u00e4. Tarkan istuvuuden ja erikoispinnoitteen ansiosta pelin\u00e4yt\u00f6ksesi pysyv\u00e4t kristallinkirkkaina, kun laitteisto on suojattu naarmuilta ja \u00f6ljyilt\u00e4. <\/p>\n\n<h2 class=\"wp-block-heading\">Tekniset tiedot<\/h2>\n\n<ul class=\"wp-block-list\">\n<li><strong>Yhteensopivuus:<\/strong> AYANEO Pocket DS-konsoli (alin n\u00e4ytt\u00f6)<\/li>\n\n\n\n<li><strong>Materiaali:<\/strong> Premium karkaistu lasi tai korkealaatuinen kalvo<\/li>\n\n\n\n<li><strong>Pinta:<\/strong> Pinta: Naarmuuntumaton, tahraton ja eritt\u00e4in kirkas.<\/li>\n\n\n\n<li><strong>Asennus:<\/strong> Saumaton asennus: Kuplaton liima saumattomaan levitykseen.<\/li>\n<\/ul>\n","protected":false},"excerpt":{"rendered":"<ul>\n<li><strong>Vain toinen n\u00e4ytt\u00f6:<\/strong> Mukautettu erityisesti pohjan\u00e4ytt\u00f6\u00e4 varten, jotta laite voidaan sulkea kunnolla.<\/li>\n<li><strong>Naarmuuntumissuoja:<\/strong> Kest\u00e4v\u00e4 pinta suojaa kyn\u00e4n k\u00e4yt\u00f6lt\u00e4 ja jokap\u00e4iv\u00e4iselt\u00e4 kulutukselta.<\/li>\n<li><strong>Kristallinkirkas: Eritt\u00e4in l\u00e4pin\u00e4kyv\u00e4<\/strong> materiaali takaa eloisan, keskeytym\u00e4tt\u00f6m\u00e4n pelin\u00e4yt\u00f6n.<\/li>\n<li><strong>Tahroja hylkiv\u00e4:<\/strong> Oleofobinen pinnoite pit\u00e4\u00e4 kosketusn\u00e4yt\u00f6n vapaana sormenj\u00e4ljist\u00e4 ja \u00f6ljyist\u00e4.<\/li>\n<li><strong>Helppo sovellus:<\/strong> Asennus: Nopea, kuplaton asennus, joka takaa saumattoman, ammattimaisen istuvuuden.<\/li>\n<\/ul>\n[cg_accordion title=\"MAKSUTIEDOT\"]<\/p>\n<p>K\u00e4yt\u00e4mme uusinta teknologiaa maksujen k\u00e4sittelyss\u00e4, jonka avulla voit tehd\u00e4 maksun Apple Payn, Google Payn, pankki- tai luottokortin, PayPalin tai BNPL-menetelmien, kuten Klarna, Affirm tai AfterPay, avulla nopean ja turvallisen maksukokemuksen.[\/cg_accordion]\n[cg_accordion title=\"TAKUU\"]<\/p>\n<p>1 vuoden takuu <a href=\"https:\/\/droix.net\/\" target=\"_blank\" rel=\"nofollow noopener\">DROIX Global ilta mielenrauhasi vuoksi<\/a> [\/cg_accordion]\n[cg_accordion title=\"LAADUNVARMISTUS JA L\u00c4HETYST\u00c4 EDELT\u00c4V\u00c4 TESTAUS\"]<\/p>\n<p>Asiakastyytyv\u00e4isyyden varmistaminen korkeimmalla tasolla: Jokainen laite testataan tiukasti ja sille tehd\u00e4\u00e4n monipisteinen laadunvarmistustarkastus ennen sen l\u00e4hett\u00e4mist\u00e4. Asialle omistautunut tiimimme tarkistaa suorituskyvyn, toimivuuden ja komponenttien eheyden, jotta AYANEO-laitteesi on saapuessaan t\u00e4ydellisess\u00e4 toimintakunnossa, mik\u00e4 antaa sinulle luottamusta ja mielenrauhaa. [\/cg_accordion]\n[cg_accordion title=\"HINNOITTELU, VEROT JA TOIMITUKSET\"]<\/p>\n<p><strong><u>Huom:<\/u><\/strong><\/p>\n<ul>\n<li>Yhdysvallat Asiakkaat: Asiakkaat: N\u00e4ytetty hinta EI sis\u00e4ll\u00e4 veroja eik\u00e4 tulleja. Vastuu tulliselvityksest\u00e4 ja siihen liittyvien verojen\/tullien maksamisesta on asiakkaalla. <\/li>\n<li>EU:n asiakkaat: N\u00e4ytetty hinta sis\u00e4lt\u00e4\u00e4 sovellettavan veron, joka voi olla jopa 25 % maastasi riippuen.<\/li>\n<li>Kanada Asiakkaat: N\u00e4ytetty hinta sis\u00e4lt\u00e4\u00e4 sovellettavat verot, joihin voi sis\u00e4lty\u00e4 5 % GST ja ylim\u00e4\u00e4r\u00e4isi\u00e4 maakunnallisia myyntiveroja (PST), harmonisoitua myyntiveroa (HST) tai Quebecin myyntiveroa (QST) maakunnasta riippuen.<\/li>\n<\/ul>\n<p>USA:n asiakkaillemme: Tilaukset l\u00e4hetet\u00e4\u00e4n DAP (Delivered At Place). Vaikka asiakkaat ovat vastuussa sovellettavien maksujen maksamisesta, k\u00e4yt\u00e4mme laajaa kokemustamme Yhdistyneest\u00e4 kuningaskunnasta tapahtuvasta toimituksesta varmistaaksemme, ett\u00e4 maksat mahdollisimman v\u00e4h\u00e4n maksuja. Tietojemme perusteella n\u00e4m\u00e4 maksut eiv\u00e4t yleens\u00e4 ylit\u00e4 10 % tuotteen arvosta.  <\/p>\n<p><strong>AINOASTAAN EU:n asiakkaille:<\/strong> Express DDP (Delivered Duty Paid). T\u00e4m\u00e4 tarkoittaa: <\/p>\n<ul>\n<li>Kaikki tullit ja verot sis\u00e4ltyv\u00e4t tuotesivulla ilmoitettuun hintaan.<\/li>\n<li>Sinun ei tarvitse maksaa lis\u00e4maksuja toimituksen yhteydess\u00e4.<\/li>\n<li>Harvinaisissa tulliin liittyviss\u00e4 tapauksissa tiimimme hoitaa tulliselvitysprosessin puolestasi varmistaakseen sujuvan toimituksen.<\/li>\n<p>T\u00e4rke\u00e4\u00e4 tietoa palautuksista:<\/p>\n<li>Jos p\u00e4\u00e4t\u00e4t palauttaa tilauksesi tai pyyt\u00e4\u00e4 palautusta, ota huomioon, ett\u00e4 DDP-ehtojen mukaisesti puolestasi maksettuja veroja ja tulleja ei voida palauttaa.<\/li>\n<p>Katso yksityiskohtaiset tiedot <a href=\"https:\/\/ayaneo.co\/fi\/kayttoehdot\/\" target=\"_blank\" rel=\"nofollow noopener\">k\u00e4ytt\u00f6ehdoistamme<\/a>.\n<\/ul>\n<p>[\/cg_accordion]\n[cg_accordion title=\"ASIAKASTUKI\"]<\/p>\n<p>Onko kysytt\u00e4v\u00e4\u00e4? Olemme lyhyen tekstiviestin p\u00e4\u00e4ss\u00e4 siit\u00e4, ett\u00e4 ongelmasi on ratkaistu! [\/cg_accordion]\n[cg_accordion title=\"PAKETTI SIS\u00c4LT\u00c4\u00c4\"]<\/p>\n<ul>\n<li>1x AYANEO Pocket DS -n\u00e4yt\u00f6nsuojus<\/li>\n<\/ul>\n<p>[\/cg_accordion]\n","protected":false},"featured_media":43470,"template":"","meta":{"_acf_changed":false},"product_brand":[],"product_cat":[556],"product_tag":[],"class_list":{"0":"post-44867","1":"product","2":"type-product","3":"status-publish","4":"has-post-thumbnail","6":"product_cat-tarvikkeet","7":"product_shipping_class-low-end","8":"pa_accessory-type-screen-protector-fi","9":"pa_brand-ayaneo","11":"first","12":"instock","13":"sale","14":"taxable","15":"shipping-taxable","16":"purchasable","17":"product-type-simple"},"acf":[],"_links":{"self":[{"href":"https:\/\/ayaneo.co\/fi\/wp-json\/wp\/v2\/product\/44867","targetHints":{"allow":["GET"]}}],"collection":[{"href":"https:\/\/ayaneo.co\/fi\/wp-json\/wp\/v2\/product"}],"about":[{"href":"https:\/\/ayaneo.co\/fi\/wp-json\/wp\/v2\/types\/product"}],"wp:featuredmedia":[{"embeddable":true,"href":"https:\/\/ayaneo.co\/fi\/wp-json\/wp\/v2\/media\/43470"}],"wp:attachment":[{"href":"https:\/\/ayaneo.co\/fi\/wp-json\/wp\/v2\/media?parent=44867"}],"wp:term":[{"taxonomy":"product_brand","embeddable":true,"href":"https:\/\/ayaneo.co\/fi\/wp-json\/wp\/v2\/product_brand?post=44867"},{"taxonomy":"product_cat","embeddable":true,"href":"https:\/\/ayaneo.co\/fi\/wp-json\/wp\/v2\/product_cat?post=44867"},{"taxonomy":"product_tag","embeddable":true,"href":"https:\/\/ayaneo.co\/fi\/wp-json\/wp\/v2\/product_tag?post=44867"}],"curies":[{"name":"wp","href":"https:\/\/api.w.org\/{rel}","templated":true}]}}