{"id":4733,"date":"2024-03-21T15:52:03","date_gmt":"2024-03-21T15:52:03","guid":{"rendered":"https:\/\/ayaneo.co\/product\/ayaneo-am02\/"},"modified":"2025-04-11T12:14:59","modified_gmt":"2025-04-11T12:14:59","slug":"ayaneo-am02","status":"publish","type":"product","link":"https:\/\/ayaneo.co\/fi\/product\/ayaneo-am02\/","title":{"rendered":"AYANEO AM02"},"content":{"rendered":"\n<figure class=\"wp-block-image size-full\"><img fetchpriority=\"high\" decoding=\"async\" width=\"1500\" height=\"844\" src=\"https:\/\/ayaneo.co\/wp-content\/uploads\/2024\/03\/AYANEO-AM02-MARKETING-DONE-01.jpg\" alt=\"AYANEO AM02 Markkinointi\" class=\"wp-image-600\" srcset=\"https:\/\/ayaneo.co\/wp-content\/uploads\/2024\/03\/AYANEO-AM02-MARKETING-DONE-01.jpg 1500w, https:\/\/ayaneo.co\/wp-content\/uploads\/2024\/03\/AYANEO-AM02-MARKETING-DONE-01-150x84.jpg 150w, https:\/\/ayaneo.co\/wp-content\/uploads\/2024\/03\/AYANEO-AM02-MARKETING-DONE-01-600x338.jpg 600w, https:\/\/ayaneo.co\/wp-content\/uploads\/2024\/03\/AYANEO-AM02-MARKETING-DONE-01-300x169.jpg 300w, https:\/\/ayaneo.co\/wp-content\/uploads\/2024\/03\/AYANEO-AM02-MARKETING-DONE-01-1024x576.jpg 1024w, https:\/\/ayaneo.co\/wp-content\/uploads\/2024\/03\/AYANEO-AM02-MARKETING-DONE-01-768x432.jpg 768w, https:\/\/ayaneo.co\/wp-content\/uploads\/2024\/03\/AYANEO-AM02-MARKETING-DONE-01-990x557.jpg 990w, https:\/\/ayaneo.co\/wp-content\/uploads\/2024\/03\/AYANEO-AM02-MARKETING-DONE-01-441x248.jpg 441w\" sizes=\"(max-width: 1500px) 100vw, 1500px\" \/><\/figure>\n\n<figure class=\"wp-block-image size-full\"><img decoding=\"async\" width=\"1500\" height=\"752\" src=\"https:\/\/ayaneo.co\/wp-content\/uploads\/2024\/03\/AYANEO-AM02-MARKETING-DONE-02.jpg\" alt=\"AYANEO AM02 Markkinointi\" class=\"wp-image-601\" srcset=\"https:\/\/ayaneo.co\/wp-content\/uploads\/2024\/03\/AYANEO-AM02-MARKETING-DONE-02.jpg 1500w, https:\/\/ayaneo.co\/wp-content\/uploads\/2024\/03\/AYANEO-AM02-MARKETING-DONE-02-150x75.jpg 150w, https:\/\/ayaneo.co\/wp-content\/uploads\/2024\/03\/AYANEO-AM02-MARKETING-DONE-02-600x301.jpg 600w, https:\/\/ayaneo.co\/wp-content\/uploads\/2024\/03\/AYANEO-AM02-MARKETING-DONE-02-300x150.jpg 300w, https:\/\/ayaneo.co\/wp-content\/uploads\/2024\/03\/AYANEO-AM02-MARKETING-DONE-02-1024x513.jpg 1024w, https:\/\/ayaneo.co\/wp-content\/uploads\/2024\/03\/AYANEO-AM02-MARKETING-DONE-02-768x385.jpg 768w, https:\/\/ayaneo.co\/wp-content\/uploads\/2024\/03\/AYANEO-AM02-MARKETING-DONE-02-990x496.jpg 990w, https:\/\/ayaneo.co\/wp-content\/uploads\/2024\/03\/AYANEO-AM02-MARKETING-DONE-02-441x221.jpg 441w\" sizes=\"(max-width: 1500px) 100vw, 1500px\" \/><\/figure>\n\n<figure class=\"wp-block-image size-full\"><img decoding=\"async\" width=\"1500\" height=\"1794\" src=\"https:\/\/ayaneo.co\/wp-content\/uploads\/2024\/03\/AYANEO-AM02-MARKETING-DONE-03.jpg\" alt=\"AYANEO AM02 Markkinointi\" class=\"wp-image-602\" srcset=\"https:\/\/ayaneo.co\/wp-content\/uploads\/2024\/03\/AYANEO-AM02-MARKETING-DONE-03.jpg 1500w, https:\/\/ayaneo.co\/wp-content\/uploads\/2024\/03\/AYANEO-AM02-MARKETING-DONE-03-150x179.jpg 150w, https:\/\/ayaneo.co\/wp-content\/uploads\/2024\/03\/AYANEO-AM02-MARKETING-DONE-03-600x718.jpg 600w, https:\/\/ayaneo.co\/wp-content\/uploads\/2024\/03\/AYANEO-AM02-MARKETING-DONE-03-251x300.jpg 251w, https:\/\/ayaneo.co\/wp-content\/uploads\/2024\/03\/AYANEO-AM02-MARKETING-DONE-03-856x1024.jpg 856w, https:\/\/ayaneo.co\/wp-content\/uploads\/2024\/03\/AYANEO-AM02-MARKETING-DONE-03-768x919.jpg 768w, https:\/\/ayaneo.co\/wp-content\/uploads\/2024\/03\/AYANEO-AM02-MARKETING-DONE-03-1284x1536.jpg 1284w, https:\/\/ayaneo.co\/wp-content\/uploads\/2024\/03\/AYANEO-AM02-MARKETING-DONE-03-990x1184.jpg 990w, https:\/\/ayaneo.co\/wp-content\/uploads\/2024\/03\/AYANEO-AM02-MARKETING-DONE-03-441x527.jpg 441w\" sizes=\"(max-width: 1500px) 100vw, 1500px\" \/><\/figure>\n\n<figure class=\"wp-block-image size-full\"><img loading=\"lazy\" decoding=\"async\" width=\"1500\" height=\"842\" src=\"https:\/\/ayaneo.co\/wp-content\/uploads\/2024\/03\/AYANEO-AM02-MARKETING-DONE-04.jpg\" alt=\"AYANEO AM02 Markkinointi\" class=\"wp-image-603\" srcset=\"https:\/\/ayaneo.co\/wp-content\/uploads\/2024\/03\/AYANEO-AM02-MARKETING-DONE-04.jpg 1500w, https:\/\/ayaneo.co\/wp-content\/uploads\/2024\/03\/AYANEO-AM02-MARKETING-DONE-04-150x84.jpg 150w, https:\/\/ayaneo.co\/wp-content\/uploads\/2024\/03\/AYANEO-AM02-MARKETING-DONE-04-600x337.jpg 600w, https:\/\/ayaneo.co\/wp-content\/uploads\/2024\/03\/AYANEO-AM02-MARKETING-DONE-04-300x168.jpg 300w, https:\/\/ayaneo.co\/wp-content\/uploads\/2024\/03\/AYANEO-AM02-MARKETING-DONE-04-1024x575.jpg 1024w, https:\/\/ayaneo.co\/wp-content\/uploads\/2024\/03\/AYANEO-AM02-MARKETING-DONE-04-768x431.jpg 768w, https:\/\/ayaneo.co\/wp-content\/uploads\/2024\/03\/AYANEO-AM02-MARKETING-DONE-04-990x556.jpg 990w, https:\/\/ayaneo.co\/wp-content\/uploads\/2024\/03\/AYANEO-AM02-MARKETING-DONE-04-441x248.jpg 441w\" sizes=\"(max-width: 1500px) 100vw, 1500px\" \/><\/figure>\n\n<figure class=\"wp-block-image size-full\"><img loading=\"lazy\" decoding=\"async\" width=\"1500\" height=\"1640\" src=\"https:\/\/ayaneo.co\/wp-content\/uploads\/2024\/03\/AYANEO-AM02-MARKETING-DONE-05.jpg\" alt=\"AYANEO AM02 Markkinointi\" class=\"wp-image-604\" srcset=\"https:\/\/ayaneo.co\/wp-content\/uploads\/2024\/03\/AYANEO-AM02-MARKETING-DONE-05.jpg 1500w, https:\/\/ayaneo.co\/wp-content\/uploads\/2024\/03\/AYANEO-AM02-MARKETING-DONE-05-150x164.jpg 150w, https:\/\/ayaneo.co\/wp-content\/uploads\/2024\/03\/AYANEO-AM02-MARKETING-DONE-05-600x656.jpg 600w, https:\/\/ayaneo.co\/wp-content\/uploads\/2024\/03\/AYANEO-AM02-MARKETING-DONE-05-274x300.jpg 274w, https:\/\/ayaneo.co\/wp-content\/uploads\/2024\/03\/AYANEO-AM02-MARKETING-DONE-05-937x1024.jpg 937w, https:\/\/ayaneo.co\/wp-content\/uploads\/2024\/03\/AYANEO-AM02-MARKETING-DONE-05-768x840.jpg 768w, https:\/\/ayaneo.co\/wp-content\/uploads\/2024\/03\/AYANEO-AM02-MARKETING-DONE-05-1405x1536.jpg 1405w, https:\/\/ayaneo.co\/wp-content\/uploads\/2024\/03\/AYANEO-AM02-MARKETING-DONE-05-990x1082.jpg 990w, https:\/\/ayaneo.co\/wp-content\/uploads\/2024\/03\/AYANEO-AM02-MARKETING-DONE-05-441x482.jpg 441w\" sizes=\"(max-width: 1500px) 100vw, 1500px\" \/><\/figure>\n\n<figure class=\"wp-block-image size-full\"><img loading=\"lazy\" decoding=\"async\" width=\"1500\" height=\"894\" src=\"https:\/\/ayaneo.co\/wp-content\/uploads\/2024\/03\/AYANEO-AM02-MARKETING-DONE-06.jpg\" alt=\"AYANEO AM02 Markkinointi\" class=\"wp-image-605\" srcset=\"https:\/\/ayaneo.co\/wp-content\/uploads\/2024\/03\/AYANEO-AM02-MARKETING-DONE-06.jpg 1500w, https:\/\/ayaneo.co\/wp-content\/uploads\/2024\/03\/AYANEO-AM02-MARKETING-DONE-06-150x89.jpg 150w, https:\/\/ayaneo.co\/wp-content\/uploads\/2024\/03\/AYANEO-AM02-MARKETING-DONE-06-600x358.jpg 600w, https:\/\/ayaneo.co\/wp-content\/uploads\/2024\/03\/AYANEO-AM02-MARKETING-DONE-06-300x179.jpg 300w, https:\/\/ayaneo.co\/wp-content\/uploads\/2024\/03\/AYANEO-AM02-MARKETING-DONE-06-1024x610.jpg 1024w, https:\/\/ayaneo.co\/wp-content\/uploads\/2024\/03\/AYANEO-AM02-MARKETING-DONE-06-768x458.jpg 768w, https:\/\/ayaneo.co\/wp-content\/uploads\/2024\/03\/AYANEO-AM02-MARKETING-DONE-06-990x590.jpg 990w, https:\/\/ayaneo.co\/wp-content\/uploads\/2024\/03\/AYANEO-AM02-MARKETING-DONE-06-441x263.jpg 441w\" sizes=\"(max-width: 1500px) 100vw, 1500px\" \/><\/figure>\n\n<figure class=\"wp-block-image size-full\"><img loading=\"lazy\" decoding=\"async\" width=\"1500\" height=\"1761\" src=\"https:\/\/ayaneo.co\/wp-content\/uploads\/2024\/03\/AYANEO-AM02-MARKETING-DONE-07.jpg\" alt=\"AYANEO AM02 Markkinointi\" class=\"wp-image-606\" srcset=\"https:\/\/ayaneo.co\/wp-content\/uploads\/2024\/03\/AYANEO-AM02-MARKETING-DONE-07.jpg 1500w, https:\/\/ayaneo.co\/wp-content\/uploads\/2024\/03\/AYANEO-AM02-MARKETING-DONE-07-150x176.jpg 150w, https:\/\/ayaneo.co\/wp-content\/uploads\/2024\/03\/AYANEO-AM02-MARKETING-DONE-07-600x704.jpg 600w, https:\/\/ayaneo.co\/wp-content\/uploads\/2024\/03\/AYANEO-AM02-MARKETING-DONE-07-256x300.jpg 256w, https:\/\/ayaneo.co\/wp-content\/uploads\/2024\/03\/AYANEO-AM02-MARKETING-DONE-07-872x1024.jpg 872w, https:\/\/ayaneo.co\/wp-content\/uploads\/2024\/03\/AYANEO-AM02-MARKETING-DONE-07-768x902.jpg 768w, https:\/\/ayaneo.co\/wp-content\/uploads\/2024\/03\/AYANEO-AM02-MARKETING-DONE-07-1308x1536.jpg 1308w, https:\/\/ayaneo.co\/wp-content\/uploads\/2024\/03\/AYANEO-AM02-MARKETING-DONE-07-990x1162.jpg 990w, https:\/\/ayaneo.co\/wp-content\/uploads\/2024\/03\/AYANEO-AM02-MARKETING-DONE-07-441x518.jpg 441w\" sizes=\"(max-width: 1500px) 100vw, 1500px\" \/><\/figure>\n\n<figure class=\"wp-block-image size-full\"><img loading=\"lazy\" decoding=\"async\" width=\"1500\" height=\"750\" src=\"https:\/\/ayaneo.co\/wp-content\/uploads\/2024\/03\/AYANEO-AM02-MARKETING-DONE-08.jpg\" alt=\"AYANEO AM02 Markkinointi\" class=\"wp-image-607\" srcset=\"https:\/\/ayaneo.co\/wp-content\/uploads\/2024\/03\/AYANEO-AM02-MARKETING-DONE-08.jpg 1500w, https:\/\/ayaneo.co\/wp-content\/uploads\/2024\/03\/AYANEO-AM02-MARKETING-DONE-08-150x75.jpg 150w, https:\/\/ayaneo.co\/wp-content\/uploads\/2024\/03\/AYANEO-AM02-MARKETING-DONE-08-600x300.jpg 600w, https:\/\/ayaneo.co\/wp-content\/uploads\/2024\/03\/AYANEO-AM02-MARKETING-DONE-08-300x150.jpg 300w, https:\/\/ayaneo.co\/wp-content\/uploads\/2024\/03\/AYANEO-AM02-MARKETING-DONE-08-1024x512.jpg 1024w, https:\/\/ayaneo.co\/wp-content\/uploads\/2024\/03\/AYANEO-AM02-MARKETING-DONE-08-768x384.jpg 768w, https:\/\/ayaneo.co\/wp-content\/uploads\/2024\/03\/AYANEO-AM02-MARKETING-DONE-08-990x495.jpg 990w, https:\/\/ayaneo.co\/wp-content\/uploads\/2024\/03\/AYANEO-AM02-MARKETING-DONE-08-441x221.jpg 441w\" sizes=\"(max-width: 1500px) 100vw, 1500px\" \/><\/figure>\n\n<figure class=\"wp-block-image size-full\"><img loading=\"lazy\" decoding=\"async\" width=\"1500\" height=\"2189\" src=\"https:\/\/ayaneo.co\/wp-content\/uploads\/2024\/03\/AYANEO-AM02-MARKETING-DONE-09.jpg\" alt=\"AYANEO AM02 Markkinointi\" class=\"wp-image-608\" srcset=\"https:\/\/ayaneo.co\/wp-content\/uploads\/2024\/03\/AYANEO-AM02-MARKETING-DONE-09.jpg 1500w, https:\/\/ayaneo.co\/wp-content\/uploads\/2024\/03\/AYANEO-AM02-MARKETING-DONE-09-150x219.jpg 150w, https:\/\/ayaneo.co\/wp-content\/uploads\/2024\/03\/AYANEO-AM02-MARKETING-DONE-09-600x876.jpg 600w, https:\/\/ayaneo.co\/wp-content\/uploads\/2024\/03\/AYANEO-AM02-MARKETING-DONE-09-206x300.jpg 206w, https:\/\/ayaneo.co\/wp-content\/uploads\/2024\/03\/AYANEO-AM02-MARKETING-DONE-09-702x1024.jpg 702w, https:\/\/ayaneo.co\/wp-content\/uploads\/2024\/03\/AYANEO-AM02-MARKETING-DONE-09-768x1121.jpg 768w, https:\/\/ayaneo.co\/wp-content\/uploads\/2024\/03\/AYANEO-AM02-MARKETING-DONE-09-1053x1536.jpg 1053w, https:\/\/ayaneo.co\/wp-content\/uploads\/2024\/03\/AYANEO-AM02-MARKETING-DONE-09-1403x2048.jpg 1403w, https:\/\/ayaneo.co\/wp-content\/uploads\/2024\/03\/AYANEO-AM02-MARKETING-DONE-09-990x1445.jpg 990w, https:\/\/ayaneo.co\/wp-content\/uploads\/2024\/03\/AYANEO-AM02-MARKETING-DONE-09-441x644.jpg 441w\" sizes=\"(max-width: 1500px) 100vw, 1500px\" \/><\/figure>\n\n<figure class=\"wp-block-image size-full\"><img loading=\"lazy\" decoding=\"async\" width=\"1500\" height=\"1684\" src=\"https:\/\/ayaneo.co\/wp-content\/uploads\/2024\/03\/AYANEO-AM02-MARKETING-DONE-10.jpg\" alt=\"AYANEO AM02 Markkinointi\" class=\"wp-image-609\" srcset=\"https:\/\/ayaneo.co\/wp-content\/uploads\/2024\/03\/AYANEO-AM02-MARKETING-DONE-10.jpg 1500w, https:\/\/ayaneo.co\/wp-content\/uploads\/2024\/03\/AYANEO-AM02-MARKETING-DONE-10-150x168.jpg 150w, https:\/\/ayaneo.co\/wp-content\/uploads\/2024\/03\/AYANEO-AM02-MARKETING-DONE-10-600x674.jpg 600w, https:\/\/ayaneo.co\/wp-content\/uploads\/2024\/03\/AYANEO-AM02-MARKETING-DONE-10-267x300.jpg 267w, https:\/\/ayaneo.co\/wp-content\/uploads\/2024\/03\/AYANEO-AM02-MARKETING-DONE-10-912x1024.jpg 912w, https:\/\/ayaneo.co\/wp-content\/uploads\/2024\/03\/AYANEO-AM02-MARKETING-DONE-10-768x862.jpg 768w, https:\/\/ayaneo.co\/wp-content\/uploads\/2024\/03\/AYANEO-AM02-MARKETING-DONE-10-1368x1536.jpg 1368w, https:\/\/ayaneo.co\/wp-content\/uploads\/2024\/03\/AYANEO-AM02-MARKETING-DONE-10-990x1111.jpg 990w, https:\/\/ayaneo.co\/wp-content\/uploads\/2024\/03\/AYANEO-AM02-MARKETING-DONE-10-441x495.jpg 441w\" sizes=\"(max-width: 1500px) 100vw, 1500px\" \/><\/figure>\n\n<figure class=\"wp-block-image size-full\"><img loading=\"lazy\" decoding=\"async\" width=\"1500\" height=\"2210\" src=\"https:\/\/ayaneo.co\/wp-content\/uploads\/2024\/03\/AYANEO-AM02-MARKETING-DONE-11.jpg\" alt=\"AYANEO AM02 Markkinointi\" class=\"wp-image-610\" srcset=\"https:\/\/ayaneo.co\/wp-content\/uploads\/2024\/03\/AYANEO-AM02-MARKETING-DONE-11.jpg 1500w, https:\/\/ayaneo.co\/wp-content\/uploads\/2024\/03\/AYANEO-AM02-MARKETING-DONE-11-150x221.jpg 150w, https:\/\/ayaneo.co\/wp-content\/uploads\/2024\/03\/AYANEO-AM02-MARKETING-DONE-11-600x884.jpg 600w, https:\/\/ayaneo.co\/wp-content\/uploads\/2024\/03\/AYANEO-AM02-MARKETING-DONE-11-204x300.jpg 204w, https:\/\/ayaneo.co\/wp-content\/uploads\/2024\/03\/AYANEO-AM02-MARKETING-DONE-11-695x1024.jpg 695w, https:\/\/ayaneo.co\/wp-content\/uploads\/2024\/03\/AYANEO-AM02-MARKETING-DONE-11-768x1132.jpg 768w, https:\/\/ayaneo.co\/wp-content\/uploads\/2024\/03\/AYANEO-AM02-MARKETING-DONE-11-1043x1536.jpg 1043w, https:\/\/ayaneo.co\/wp-content\/uploads\/2024\/03\/AYANEO-AM02-MARKETING-DONE-11-1390x2048.jpg 1390w, https:\/\/ayaneo.co\/wp-content\/uploads\/2024\/03\/AYANEO-AM02-MARKETING-DONE-11-990x1459.jpg 990w, https:\/\/ayaneo.co\/wp-content\/uploads\/2024\/03\/AYANEO-AM02-MARKETING-DONE-11-441x650.jpg 441w\" sizes=\"(max-width: 1500px) 100vw, 1500px\" \/><\/figure>\n\n<figure class=\"wp-block-image size-full\"><img loading=\"lazy\" decoding=\"async\" width=\"1500\" height=\"2202\" src=\"https:\/\/ayaneo.co\/wp-content\/uploads\/2024\/03\/AYANEO-AM02-MARKETING-DONE-12.jpg\" alt=\"AYANEO AM02 Markkinointi\" class=\"wp-image-611\" srcset=\"https:\/\/ayaneo.co\/wp-content\/uploads\/2024\/03\/AYANEO-AM02-MARKETING-DONE-12.jpg 1500w, https:\/\/ayaneo.co\/wp-content\/uploads\/2024\/03\/AYANEO-AM02-MARKETING-DONE-12-150x220.jpg 150w, https:\/\/ayaneo.co\/wp-content\/uploads\/2024\/03\/AYANEO-AM02-MARKETING-DONE-12-600x881.jpg 600w, https:\/\/ayaneo.co\/wp-content\/uploads\/2024\/03\/AYANEO-AM02-MARKETING-DONE-12-204x300.jpg 204w, https:\/\/ayaneo.co\/wp-content\/uploads\/2024\/03\/AYANEO-AM02-MARKETING-DONE-12-698x1024.jpg 698w, https:\/\/ayaneo.co\/wp-content\/uploads\/2024\/03\/AYANEO-AM02-MARKETING-DONE-12-768x1127.jpg 768w, https:\/\/ayaneo.co\/wp-content\/uploads\/2024\/03\/AYANEO-AM02-MARKETING-DONE-12-1046x1536.jpg 1046w, https:\/\/ayaneo.co\/wp-content\/uploads\/2024\/03\/AYANEO-AM02-MARKETING-DONE-12-1395x2048.jpg 1395w, https:\/\/ayaneo.co\/wp-content\/uploads\/2024\/03\/AYANEO-AM02-MARKETING-DONE-12-990x1453.jpg 990w, https:\/\/ayaneo.co\/wp-content\/uploads\/2024\/03\/AYANEO-AM02-MARKETING-DONE-12-441x647.jpg 441w\" sizes=\"(max-width: 1500px) 100vw, 1500px\" \/><\/figure>\n\n<h3 class=\"wp-block-heading\"><br\/>Esittelyss\u00e4 AYANEO AM02 Gaming Mini PC: Vallankumouksellinen harppaus kannettavissa pelilaitteissa<\/h3>\n\n<p>Astu peliteknologian seuraavaan aikakauteen AYANEO AM02-peliminitietokoneella, joka on uraauurtava laite, joka m\u00e4\u00e4rittelee uudelleen kompakteihin, kannettaviin pelij\u00e4rjestelmiin kohdistuvat odotukset. T\u00e4m\u00e4 mini-PC on muutakin kuin pelilis\u00e4varuste, sill\u00e4 se ylitt\u00e4\u00e4 pienikokoisen pelikoon rajoja ja yhdist\u00e4\u00e4 saumattomasti tehokkaat komponentit innovatiiviseen muotoiluun, joka mahtuu hyvin k\u00e4teen. <\/p>\n\n<p>Sis\u00e4\u00e4nrakennettu 4 tuuman monitoimin\u00e4ytt\u00f6, jota ohjataan AYA Space -ohjelmistolla, huippuluokan komponentit ja tyylik\u00e4s ergonominen muotoilu tekev\u00e4t AYANEO AM02:sta parhaan mahdollisen valinnan sek\u00e4 peliharrastajille ett\u00e4 ammattilaisille. T\u00e4m\u00e4 mini-PC takaa vertaansa vailla olevan pelikokemuksen riippumatta siit\u00e4, oletko paikallaan kotona vai liikkeell\u00e4, ja se on merkitt\u00e4v\u00e4 virstanpylv\u00e4s pelaamiseen tarkoitettujen mini-PC:iden kehityksess\u00e4. <\/p>\n\n<h3 class=\"wp-block-heading\">Tuotteen yleiskatsaus: Kannettavuuden ja suorituskyvyn uudelleenm\u00e4\u00e4rittely<\/h3>\n\n<p>AYANEO AM02-peliminitietokone ei ole pelkk\u00e4 lis\u00e4ys pelilaitteistomarkkinoille, vaan se muuttaa pelaajien k\u00e4sityst\u00e4 kannettavuuden ja suorituskyvyn v\u00e4lisest\u00e4 tasapainosta. T\u00e4m\u00e4 laite, jossa yhdistyv\u00e4t alhainen virrankulutus ja korkea suorituskyky, takaa pitk\u00e4t pelisessiot ilman kompromisseja. Sen sis\u00e4\u00e4nrakennettu 4 tuuman monitoimin\u00e4ytt\u00f6, jota AYA Space -ohjelmiston reaaliaikaiset tiedot t\u00e4ydent\u00e4v\u00e4t, rikastuttaa pelikokemusta t\u00e4rkeill\u00e4 j\u00e4rjestelm\u00e4tilastoilla ja paikallisilla s\u00e4\u00e4p\u00e4ivityksill\u00e4.  <\/p>\n\n<p>Ergonomisesti muotoiltu, jotta se sopii saumattomasti mihin tahansa ymp\u00e4rist\u00f6\u00f6n, AYANEO AM02:n kompakti koko peitt\u00e4\u00e4 sen valtavat ominaisuudet. Olipa kyseess\u00e4 sitten rauhallinen kotitoimisto tai olohuoneen vilske, t\u00e4m\u00e4 pelik\u00e4ytt\u00f6\u00f6n tarkoitettu minitietokone on erinomainen ja lupaa huippusuorituskyvyn mukavuudesta tinkim\u00e4tt\u00e4. <\/p>\n\n<h3 class=\"wp-block-heading\">Yksityiskohtaiset ominaisuudet: Suorituskyky ja enemm\u00e4n<\/h3>\n\n<p>Suorituskyky: AYANEO AMD Ryzen 7 7840HS -suoritin ja AMD Radeon 780M -n\u00e4yt\u00f6nohjain takaavat sujuvan ja viiveett\u00f6m\u00e4n pelikokemuksen useissa eri nimikkeiss\u00e4 ja sovelluksissa. T\u00e4m\u00e4 peliminitietokone tarjoaa tinkim\u00e4tt\u00f6m\u00e4n suorituskyvyn, olipa kyse sitten uusimmista AAA-julkaisuista tai vaativien ohjelmistojen moniteht\u00e4v\u00e4st\u00e4 k\u00e4ytt\u00e4misest\u00e4. Muisti ja tallennustila: SSD , AYANEO AM02 takaa salamannopeat pelikuormat ja laajan tallennustilan laajalle pelikirjastolle, mik\u00e4 takaa keskeytym\u00e4tt\u00f6m\u00e4n pelaamisen ja tuottavuuden. K\u00e4ytt\u00e4j\u00e4kokemus: Elevating Gaming and Beyond    <\/p>\n\n<p>AYANEO AM02-peliminitietokone parantaa k\u00e4ytt\u00e4j\u00e4kokemusta monipuolisella alustalla, joka tukee laajaa valikoimaa AAA-Windows-pelej\u00e4, sovelluksia ja emulaattoreita. Se toimii osoitteessa Windows 11 Home ja tarjoaa intuitiivisen k\u00e4ytt\u00f6liittym\u00e4n, joka on tuttu niin pelaajille kuin ammattilaisillekin. Liitett\u00e4vyysominaisuudet, kuten Wi-Fi 6E, 2,5G Ethernet ja Bluetooth 5.2, takaavat saumattoman yhteyden internetiin, oheislaitteisiin ja muihin laitteisiin, mik\u00e4 tekee pelikokemuksesta entist\u00e4 mukaansatempaavamman ja helpommin l\u00e4hestytt\u00e4v\u00e4n.  <\/p>\n\n<h3 class=\"wp-block-heading\">Johtop\u00e4\u00e4t\u00f6kset: Portti uusiin pelihorisontteihin<\/h3>\n\n<p>AYANEO AM02-peliminitietokone on pelien tulevaisuutta, sill\u00e4 se yhdist\u00e4\u00e4 vertaansa vailla olevan suorituskyvyn, muotoilun ja toiminnallisuuden pieneen, kannettavaan laitteeseen. Innovatiivisen sis\u00e4\u00e4nrakennetun monitoimin\u00e4yt\u00f6n ja vankkojen teknisten ominaisuuksiensa ansiosta t\u00e4m\u00e4 peliminitietokone on valmis mullistamaan pelaamisen tien p\u00e4\u00e4ll\u00e4. Se ei ole pelkk\u00e4 laite, vaan portti uusiin pelihorisontteihin, ja se kutsuu k\u00e4ytt\u00e4ji\u00e4 omaksumaan sek\u00e4 pelaamisen tulevaisuuden ett\u00e4 klassisen pelaamisen nostalgian.  <\/p>\n\n<p>\u00c4l\u00e4 missaa tilaisuutta olla pelialan innovaatioiden eturintamassa. Ennakkotilaa AYANEO AM02-peliminitietokoneesi jo t\u00e4n\u00e4\u00e4n ja varmista paikkasi ensimm\u00e4isten joukossa, jotka saavat kokea kannettavien pelien huipputehot. Saatavuus on rajoitettu, joten t\u00e4m\u00e4 on tilaisuutesi astua pelaamisen tulevaisuuteen laitteella, joka on yht\u00e4 ainutlaatuinen kuin tehokas.  <\/p>\n","protected":false},"excerpt":{"rendered":"<ul>\n<li> <strong> Ryzen\u2122 7 7840HS<\/strong> \/ Radeon 780M<\/li>\n<li><strong>jopa 64GB<\/strong> DDR5 @ <strong>5600 MT\/s<\/strong><\/li>\n<li><strong>jopa 4TB:n<\/strong> suurnopeuksinen PCIe <strong>4.0<\/strong> M.2 2280 -muistitikku SSD <\/li>\n<li>4&#8243; <strong>kosketusn\u00e4ytt\u00f6<\/strong> monitoiminnolla<\/li>\n<li>WiFi <strong>6E<\/strong> &amp; Bluetooth <strong>5.2<\/strong> -tuki<\/li>\n<\/ul>\n[cg_accordion title=\"MAKSUTIEDOT\"]<\/p>\n<p>K\u00e4yt\u00e4mme uusinta tekniikkaa maksujen k\u00e4sittelyss\u00e4, jonka avulla voit tehd\u00e4 maksun Apple Payn, Google Payn, pankki- tai luottokorttisi, PayPalin tai BNPL-menetelmien, kuten Klarnan, Affirmin tai AfterPayn kautta, mik\u00e4 takaa nopean ja turvallisen maksukokemuksen.[\/cg_accordion]\n[cg_accordion title=\"TAKUU\"]<\/p>\n<p>1 vuoden takuu <a href=\"https:\/\/droix.net\/\" target=\"_blank\" rel=\"nofollow noopener\">DROIX Globalilta<\/a> mielenrauhasi vuoksi[\/cg_accordion]\n[cg_accordion title=\"HINNOITTELU, VEROT JA TOIMITUKSET\"]<\/p>\n<p><strong><u>Huom:<\/u><\/strong><\/p>\n<ul>\n<li>Yhdysvallat Asiakkaat: Asiakkaat: N\u00e4ytetty hinta EI sis\u00e4ll\u00e4 veroja eik\u00e4 tulleja. Vastuu tulliselvityksest\u00e4 ja siihen liittyvien verojen\/tullien maksamisesta on asiakkaalla. <\/li>\n<li>EU:n asiakkaat: N\u00e4ytetty hinta sis\u00e4lt\u00e4\u00e4 sovellettavan veron, joka voi olla jopa 25 % maastasi riippuen.<\/li>\n<li>Kanada Asiakkaat: N\u00e4ytetty hinta sis\u00e4lt\u00e4\u00e4 sovellettavat verot, joihin voi sis\u00e4lty\u00e4 5 % GST ja ylim\u00e4\u00e4r\u00e4isi\u00e4 maakunnallisia myyntiveroja (PST), harmonisoitua myyntiveroa (HST) tai Quebecin myyntiveroa (QST) maakunnasta riippuen.<\/li>\n<\/ul>\n<p><strong>AINOASTAAN EU:n asiakkaille:<\/strong> Express DDP (Delivered Duty Paid). T\u00e4m\u00e4 tarkoittaa: <\/p>\n<ul>\n<li>Kaikki tullit ja verot sis\u00e4ltyv\u00e4t tuotesivulla ilmoitettuun hintaan.<\/li>\n<li>Sinun ei tarvitse maksaa lis\u00e4maksuja toimituksen yhteydess\u00e4.<\/li>\n<li>Harvinaisissa tulliin liittyviss\u00e4 tapauksissa tiimimme hoitaa tulliselvitysprosessin puolestasi varmistaakseen sujuvan toimituksen.<\/li>\n<p>T\u00e4rke\u00e4\u00e4 tietoa palautuksista:<\/p>\n<li>Jos p\u00e4\u00e4t\u00e4t palauttaa tilauksesi tai pyyt\u00e4\u00e4 palautusta, ota huomioon, ett\u00e4 DDP-ehtojen mukaisesti puolestasi maksettuja veroja ja tulleja ei voida palauttaa.<\/li>\n<p>Katso yksityiskohtaiset tiedot <a href=\"https:\/\/ayaneo.co\/terms-of-service-2\/\" target=\"_blank\" rel=\"nofollow noopener\">k\u00e4ytt\u00f6ehdoistamme<\/a>.\n<\/ul>\n<p>[\/cg_accordion]\n[cg_accordion title=\"ASIAKASTUKI\"]<\/p>\n<p>Onko kysytt\u00e4v\u00e4\u00e4? Olemme lyhyen tekstiviestin p\u00e4\u00e4ss\u00e4 siit\u00e4, ett\u00e4 ongelmasi on ratkaistu!<br \/>\n[\/cg_accordion]\n[cg_accordion title=\"Paketti sis\u00e4lt\u00e4\u00e4\"]<\/p>\n<ul>\n<li>1x AYANEO AM02<\/li>\n<li>1x Virtapistoke (EU\/US)<\/li>\n<li>1x USB Type-C-kaapeli<\/li>\n<li>1x HDMI-kaapeli<\/li>\n<li>2x ruuvimeisselit<\/li>\n<li>5x ruuvit (M2*3)<\/li>\n<li>1x K\u00e4ytt\u00f6ohje<\/li>\n<\/ul>\n<p>[\/cg_accordion]\n","protected":false},"featured_media":4745,"template":"","meta":{"_acf_changed":false},"product_brand":[],"product_cat":[585],"product_tag":[],"class_list":{"0":"post-4733","1":"product","2":"type-product","3":"status-publish","4":"has-post-thumbnail","6":"product_cat-mini-pcs-fi","7":"product_shipping_class-premium","8":"pa_brand-ayaneo","9":"pa_graphics-gpu-model-radeon-780m","10":"pa_processor-cpu-brand-amd","12":"first","13":"outofstock","14":"taxable","15":"shipping-taxable","16":"purchasable","17":"product-type-variable"},"acf":[],"_links":{"self":[{"href":"https:\/\/ayaneo.co\/fi\/wp-json\/wp\/v2\/product\/4733","targetHints":{"allow":["GET"]}}],"collection":[{"href":"https:\/\/ayaneo.co\/fi\/wp-json\/wp\/v2\/product"}],"about":[{"href":"https:\/\/ayaneo.co\/fi\/wp-json\/wp\/v2\/types\/product"}],"wp:featuredmedia":[{"embeddable":true,"href":"https:\/\/ayaneo.co\/fi\/wp-json\/wp\/v2\/media\/4745"}],"wp:attachment":[{"href":"https:\/\/ayaneo.co\/fi\/wp-json\/wp\/v2\/media?parent=4733"}],"wp:term":[{"taxonomy":"product_brand","embeddable":true,"href":"https:\/\/ayaneo.co\/fi\/wp-json\/wp\/v2\/product_brand?post=4733"},{"taxonomy":"product_cat","embeddable":true,"href":"https:\/\/ayaneo.co\/fi\/wp-json\/wp\/v2\/product_cat?post=4733"},{"taxonomy":"product_tag","embeddable":true,"href":"https:\/\/ayaneo.co\/fi\/wp-json\/wp\/v2\/product_tag?post=4733"}],"curies":[{"name":"wp","href":"https:\/\/api.w.org\/{rel}","templated":true}]}}