{"id":47519,"date":"2026-03-06T12:40:46","date_gmt":"2026-03-06T12:40:46","guid":{"rendered":"https:\/\/ayaneo.co\/product\/premium-4k-60hz-usb-c-tyypin-hdmi-sovitinkaapeli\/"},"modified":"2026-04-25T23:13:32","modified_gmt":"2026-04-25T23:13:32","slug":"premium-4k-60hz-usb-c-tyypin-hdmi-sovitinkaapeli","status":"publish","type":"product","link":"https:\/\/ayaneo.co\/fi\/product\/premium-4k-60hz-usb-c-tyypin-hdmi-sovitinkaapeli\/","title":{"rendered":"Premium 4K 60Hz USB C-tyypin HDMI-sovitinkaapeli"},"content":{"rendered":"\n<h2 class=\"wp-block-heading\">Perimm\u00e4inen ter\u00e4v\u00e4piirtoratkaisu<\/h2>\n\n<p>Koe saumaton liitett\u00e4vyys 4K 60Hz USB Type C - HDMI -sovitinkaapelilla, joka on ensiluokkainen ratkaisu, joka on suunniteltu kristallinkirkkaaseen visuaaliseen ulostuloon. T\u00e4m\u00e4n suorituskykyisen kaapelin avulla voit liitt\u00e4\u00e4 nykyaikaiset USB-C-laitteesi suoraan HDMI-yhteensopiviin n\u00e4ytt\u00f6ihin ilman lis\u00e4ajureita. K\u00e4ytitp\u00e4 sitten \u00e4lypuhelinta, tablettia tai kannettavaa tietokonetta, t\u00e4m\u00e4 sovitin takaa plug-and-play-kokemuksen, joka on sek\u00e4 yksinkertainen ett\u00e4 k\u00e4tev\u00e4.  <\/p>\n\n<h2 class=\"wp-block-heading\">Miksi valita 4K 60Hz USB Type C - HDMI-sovitinkaapeli asennukseesi?<\/h2>\n\n<p>T\u00e4m\u00e4n usb c - hdmi-johdon ensisijainen etu on sen tuki HDMI 2.0 -standardeille. Koska se tukee 4K-resoluutiota 60 Hz:n virkistystaajuudella, k\u00e4ytt\u00e4j\u00e4t voivat nauttia uskomattoman sulavasta liikkeest\u00e4 ja ter\u00e4vist\u00e4 kuvista. Vaikka tavalliset sovittimet rajoittavat usein 30 Hz:n taajuuteen, t\u00e4m\u00e4 4K 60hz -kaapeli tarjoaa sujuvan suorituskyvyn, jota tarvitaan pelaamiseen ja ammattimaiseen videoeditointiin. Lis\u00e4ksi tyylik\u00e4s alumiinikotelo tarjoaa erinomaisen l\u00e4mm\u00f6nsiirron, jotta yhteys pysyy vakaana pitkien istuntojen aikana.   <\/p>\n\n<h2 class=\"wp-block-heading\">Kehittyneet tekniset tiedot ja Thunderbolt-yhteensopivuus<\/h2>\n\n<p>Teknisten ominaisuuksiensa osalta 4K 60Hz USB Type C - HDMI -sovitinkaapeli on suunniteltu korkealaatuisella HDMI <a href=\"https:\/\/en.wikipedia.org\/wiki\/HDMI\" target=\"_blank\" rel=\"noopener nofollow\" title=\"\">2.0 -liit\u00e4nn\u00e4ll\u00e4 ja<\/a> vankalla Type C -urosliittimell\u00e4. T\u00e4m\u00e4 4K 60hz -kaapeli on t\u00e4ysin yhteensopiva Thunderbolt 4- ja Thunderbolt 3 -porttien kanssa, joten se toimii saumattomasti uusimpien MacBook Pro- ja huippuluokan Windows-kannettavien kanssa. Koska se tukee DP Alt Mode -tilaa, kaapeli tarjoaa suoran videosignaalin ilman usb c - hdmi-moniporttisovittimen bulkkia.  <\/p>\n\n<p>Lis\u00e4ksi HDCP 2.2 -yhteensopivuus tarkoittaa, ett\u00e4 voit suoratoistaa salattua 4K-sis\u00e4lt\u00f6\u00e4 Netflixin tai Disney+:n kaltaisista palveluista keskeytyksett\u00e4. 4K 60Hz USB Type C - HDMI-sovitinkaapeli tukee my\u00f6s HDR10:t\u00e4, joka parantaa v\u00e4risyvyytt\u00e4 ja kontrastia. Sen fyysinen rakenne sis\u00e4lt\u00e4\u00e4 50 mm:n ulkohalkaisijan, joka parantaa kest\u00e4vyytt\u00e4, ja alumiinikotelo auttaa l\u00e4mm\u00f6ns\u00e4\u00e4telyss\u00e4 intensiivisten istuntojen aikana.  <\/p>\n\n<h2 class=\"wp-block-heading\">Laaja laiteyhteensopivuus ja liitett\u00e4vyysvaatimukset<\/h2>\n\n<p>Monipuolisesti suunniteltu 4K 60Hz USB Type C - HDMI -sovitinkaapeli toimii laajan valikoiman nykyaikaisen laitteiston kanssa. Voit k\u00e4ytt\u00e4\u00e4 sit\u00e4 Applen MacBookien, iPad Pro -mallien ja Microsoft Surface -sarjan kanssa. Lis\u00e4ksi se tukee huippuluokan Android-laitteita, kuten Samsung Galaxy S22 ja Note 20. 4K 60Hz USB Type C - HDMI -sovitinkaapeli vaatii kuitenkin is\u00e4nt\u00e4portin, joka tukee videol\u00e4ht\u00f6\u00e4. Se ei ole yhteensopiva Samsungin A-sarjan kaltaisten laitteiden tai vanhempien iPhonejen kanssa, joista puuttuu DP Alt Mode -tuki.    <\/p>\n\n<h2 class=\"wp-block-heading\">Optimoi ammattimaiset esitykset ja kotiteatteri<\/h2>\n\n<p>4K 60Hz USB Type C - HDMI -sovitinkaapelin k\u00e4ytt\u00e4minen kokousavustajana mahdollistaa vaivattoman n\u00e4yt\u00f6n jakamisen suurilla n\u00e4yt\u00f6ill\u00e4. N\u00e4in ollen raporttisi ja tietovisualisointisi n\u00e4ytt\u00e4v\u00e4t ter\u00e4v\u00e4mmilt\u00e4 ja ammattimaisemmilta yleis\u00f6lle. Kotiymp\u00e4rist\u00f6ss\u00e4 4K 60Hz USB Type C - HDMI -sovitinkaapeli muuttaa mobiilipelikokemuksesi. Se projisoi mobiiligrafiikan reaaliaikaisesti televisiollesi, mik\u00e4 tarjoaa laajemman visuaalisen alueen ilman stutterointia.   <\/p>\n\n<hr class=\"wp-block-separator has-alpha-channel-opacity\"\/>\n\n<h2 class=\"wp-block-heading\">Varmista 4K 60Hz USB C-tyypin HDMI-sovitinkaapeli t\u00e4n\u00e4\u00e4n!<\/h2>\n\n<p>\u00c4l\u00e4 tyydy ep\u00e4tarkkoihin resoluutioihin tai viiveisiin virkistystaajuuksiin, kun voit p\u00e4ivitt\u00e4\u00e4 digitaalisen el\u00e4m\u00e4si juuri nyt. 4K 60Hz USB Type C HDMI -sovitinkaapelin kysynt\u00e4 on uskomattoman suurta sen luotettavuuden ja erinomaisen 4K-tulostuksen ansiosta. Tilaa omasi jo t\u00e4n\u00e4\u00e4n, jotta voit taata, ett\u00e4 saat t\u00e4m\u00e4n t\u00e4rke\u00e4n teknisen lis\u00e4varusteen ajoissa ja voit alkaa nauttia ter\u00e4v\u00e4piirtoyhteyksien huipusta. K\u00e4y myym\u00e4l\u00e4ss\u00e4mme nyt nappaamassa t\u00e4m\u00e4 tarjous ennen kuin varastot loppuvat!   <\/p>\n","protected":false},"excerpt":{"rendered":"<ul>\n<li><strong>4K 60Hz UHD -<\/strong> Kristallinkirkas 4K-tarkkuus 60 kuvaa sekunnissa sujuvaan, viiveett\u00f6m\u00e4\u00e4n katseluun.<\/li>\n<li><strong>HDMI 2.0 -tuki - Suuren kaistanleveyden<\/strong> liit\u00e4nt\u00e4 HDR10:lle ja digitaaliselle \u00e4\u00e4nentoistolle.<\/li>\n<li><strong>Plug &amp; Play -<\/strong> v\u00e4lit\u00f6n yhteys kannettaviin tietokoneisiin ja puhelimiin ilman ohjaimia.<\/li>\n<li><strong>HDCP 2.2 -yhteensopiva - suoratoistaa<\/strong> 4K-sis\u00e4lt\u00f6\u00e4 turvallisesti Netflixist\u00e4 ja Disney+:sta.<\/li>\n<li><strong>Alumiinikuori -<\/strong> Kest\u00e4v\u00e4 kotelo, joka on suunniteltu optimoimaan l\u00e4mm\u00f6ntuotto.<\/li>\n<\/ul>\n[cg_accordion title=\"MAKSUTIEDOT\"]<\/p>\n<p>K\u00e4yt\u00e4mme uusinta teknologiaa maksujen k\u00e4sittelyss\u00e4, jonka avulla voit tehd\u00e4 maksun Apple Payn, Google Payn, pankki- tai luottokortin, PayPalin tai BNPL-menetelmien, kuten Klarna, Affirm tai AfterPay, avulla nopean ja turvallisen maksukokemuksen.[\/cg_accordion]\n[cg_accordion title=\"TAKUU\"]<\/p>\n<p>1 vuoden takuu <a href=\"https:\/\/droix.net\/\" target=\"_blank\" rel=\"nofollow noopener\">DROIX Global ilta mielenrauhasi vuoksi<\/a> [\/cg_accordion]\n[cg_accordion title=\"LAADUNVARMISTUS JA L\u00c4HETYST\u00c4 EDELT\u00c4V\u00c4 TESTAUS\"]<\/p>\n<p>Asiakastyytyv\u00e4isyyden varmistaminen korkeimmalla tasolla: Jokainen laite testataan tiukasti ja sille tehd\u00e4\u00e4n monipisteinen laadunvarmistustarkastus ennen sen l\u00e4hett\u00e4mist\u00e4. Asialle omistautunut tiimimme tarkistaa suorituskyvyn, toimivuuden ja komponenttien eheyden, jotta AYANEO-laitteesi on saapuessaan t\u00e4ydellisess\u00e4 toimintakunnossa, mik\u00e4 antaa sinulle luottamusta ja mielenrauhaa. [\/cg_accordion]\n[cg_accordion title=\"HINNOITTELU, VEROT JA TOIMITUKSET\"]<\/p>\n<p><strong><u>Huom:<\/u><\/strong><\/p>\n<ul>\n<li>Yhdysvallat Asiakkaat: Asiakkaat: N\u00e4ytetty hinta EI sis\u00e4ll\u00e4 veroja eik\u00e4 tulleja. Vastuu tulliselvityksest\u00e4 ja siihen liittyvien verojen\/tullien maksamisesta on asiakkaalla. <\/li>\n<li>EU:n asiakkaat: N\u00e4ytetty hinta sis\u00e4lt\u00e4\u00e4 sovellettavan veron, joka voi olla jopa 25 % maastasi riippuen.<\/li>\n<li>Kanada Asiakkaat: N\u00e4ytetty hinta sis\u00e4lt\u00e4\u00e4 sovellettavat verot, joihin voi sis\u00e4lty\u00e4 5 % GST ja ylim\u00e4\u00e4r\u00e4isi\u00e4 maakunnallisia myyntiveroja (PST), harmonisoitua myyntiveroa (HST) tai Quebecin myyntiveroa (QST) maakunnasta riippuen.<\/li>\n<\/ul>\n<p>USA:n asiakkaillemme: Tilaukset l\u00e4hetet\u00e4\u00e4n DAP (Delivered At Place). Vaikka asiakkaat ovat vastuussa sovellettavien maksujen maksamisesta, k\u00e4yt\u00e4mme laajaa kokemustamme Yhdistyneest\u00e4 kuningaskunnasta tapahtuvasta toimituksesta varmistaaksemme, ett\u00e4 maksat mahdollisimman v\u00e4h\u00e4n maksuja. Tietojemme perusteella n\u00e4m\u00e4 maksut eiv\u00e4t yleens\u00e4 ylit\u00e4 10 % tuotteen arvosta.  <\/p>\n<p><strong>AINOASTAAN EU:n asiakkaille:<\/strong> Express DDP (Delivered Duty Paid). T\u00e4m\u00e4 tarkoittaa: <\/p>\n<ul>\n<li>Kaikki tullit ja verot sis\u00e4ltyv\u00e4t tuotesivulla ilmoitettuun hintaan.<\/li>\n<li>Sinun ei tarvitse maksaa lis\u00e4maksuja toimituksen yhteydess\u00e4.<\/li>\n<li>Harvinaisissa tulliin liittyviss\u00e4 tapauksissa tiimimme hoitaa tulliselvitysprosessin puolestasi varmistaakseen sujuvan toimituksen.<\/li>\n<p>T\u00e4rke\u00e4\u00e4 tietoa palautuksista:<\/p>\n<li>Jos p\u00e4\u00e4t\u00e4t palauttaa tilauksesi tai pyyt\u00e4\u00e4 palautusta, ota huomioon, ett\u00e4 DDP-ehtojen mukaisesti puolestasi maksettuja veroja ja tulleja ei voida palauttaa.<\/li>\n<p>Katso yksityiskohtaiset tiedot <a href=\"https:\/\/ayaneo.co\/fi\/kayttoehdot\/\" target=\"_blank\" rel=\"nofollow noopener\">k\u00e4ytt\u00f6ehdoistamme<\/a>.\n<\/ul>\n<p>[\/cg_accordion]\n[cg_accordion title=\"ASIAKASTUKI\"]<\/p>\n<p>Onko kysytt\u00e4v\u00e4\u00e4? Olemme lyhyen tekstiviestin p\u00e4\u00e4ss\u00e4 siit\u00e4, ett\u00e4 ongelmasi on ratkaistu! [\/cg_accordion]\n[cg_accordion title=\"PAKETTI SIS\u00c4LT\u00c4\u00c4\"]<\/p>\n<ul>\n<li>1x Premium 4K 60Hz USB C-tyypin HDMI-sovitinkaapeli<\/li>\n<\/ul>\n<p>[\/cg_accordion]\n","protected":false},"featured_media":45460,"template":"","meta":{"_acf_changed":false},"product_brand":[],"product_cat":[556],"product_tag":[],"class_list":{"0":"post-47519","1":"product","2":"type-product","3":"status-publish","4":"has-post-thumbnail","6":"product_cat-tarvikkeet","7":"product_shipping_class-low-end","9":"first","10":"outofstock","11":"sale","12":"taxable","13":"shipping-taxable","14":"purchasable","15":"product-type-simple"},"acf":[],"_links":{"self":[{"href":"https:\/\/ayaneo.co\/fi\/wp-json\/wp\/v2\/product\/47519","targetHints":{"allow":["GET"]}}],"collection":[{"href":"https:\/\/ayaneo.co\/fi\/wp-json\/wp\/v2\/product"}],"about":[{"href":"https:\/\/ayaneo.co\/fi\/wp-json\/wp\/v2\/types\/product"}],"wp:featuredmedia":[{"embeddable":true,"href":"https:\/\/ayaneo.co\/fi\/wp-json\/wp\/v2\/media\/45460"}],"wp:attachment":[{"href":"https:\/\/ayaneo.co\/fi\/wp-json\/wp\/v2\/media?parent=47519"}],"wp:term":[{"taxonomy":"product_brand","embeddable":true,"href":"https:\/\/ayaneo.co\/fi\/wp-json\/wp\/v2\/product_brand?post=47519"},{"taxonomy":"product_cat","embeddable":true,"href":"https:\/\/ayaneo.co\/fi\/wp-json\/wp\/v2\/product_cat?post=47519"},{"taxonomy":"product_tag","embeddable":true,"href":"https:\/\/ayaneo.co\/fi\/wp-json\/wp\/v2\/product_tag?post=47519"}],"curies":[{"name":"wp","href":"https:\/\/api.w.org\/{rel}","templated":true}]}}