{"id":47661,"date":"2026-02-16T12:19:52","date_gmt":"2026-02-16T12:19:52","guid":{"rendered":"https:\/\/ayaneo.co\/product\/usb-4-0-type-c-kaapeli-2\/"},"modified":"2026-04-24T10:36:20","modified_gmt":"2026-04-24T10:36:20","slug":"usb-4-0-type-c-kaapeli-2","status":"publish","type":"product","link":"https:\/\/ayaneo.co\/fi\/product\/usb-4-0-type-c-kaapeli-2\/","title":{"rendered":"USB 4.0 Type-C -kaapeli"},"content":{"rendered":"\n<h2 class=\"wp-block-heading\"><strong>USB4-kaapeli USB C: Ultimate Thunderbolt 4 -virta- ja dataratkaisu<\/strong><\/h2>\n\n<p>USB4-kaapeli USB C on suorituskykyinen liit\u00e4nt\u00e4ratkaisu, joka on suunniteltu vastaamaan nykyaikaisten ammattilais- ja peliasennusten tiukkoihin vaatimuksiin. Olipa kyseess\u00e4 huippuluokan MacBookin, eGPU:n tai nopean SSD-levyn liitt\u00e4minen, t\u00e4m\u00e4 kaapeli varmistaa, ett\u00e4 laitteistosi toimii parhaimmillaan. Integroimalla uusimmat Thunderbolt 4 -standardit se tarjoaa universaalin sillan kaikille Type-C-laitteillesi ja tarjoaa vertaansa vailla olevaa monipuolisuutta yhdess\u00e4 tyylikk\u00e4\u00e4ss\u00e4 paketissa.  <\/p>\n\n<hr class=\"wp-block-separator has-alpha-channel-opacity\"\/>\n\n<h2 class=\"wp-block-heading\"><strong>Koe huikeat nopeudet 40 Gbps USB4-kaapelilla USB C:ll\u00e4<\/strong><\/h2>\n\n<p>Tiedonsiirto nousee uusiin ulottuvuuksiin t\u00e4m\u00e4n kaapelin avulla, sill\u00e4 se tarjoaa jopa 40 Gbps:n nopeuden. T\u00e4m\u00e4 on huomattavasti nopeampi kuin tavalliset USB-C-vaihtoehdot, joten voit siirt\u00e4\u00e4 suuria tiedostoja muutamassa sekunnissa minuuttien sijaan. Koska se on t\u00e4ysin yhteensopiva Thunderbolt 3:n ja USB 3.2:n kanssa, voit k\u00e4ytt\u00e4\u00e4 sit\u00e4 laajalla valikoimalla vanhoja ja moderneja laitteistoja suorituskyvyst\u00e4 tinkim\u00e4tt\u00e4.  <\/p>\n\n<h2 class=\"wp-block-heading\"><strong>Nopea 240 W tehonsiirto huipputehokkaille kannettaville tietokoneille<\/strong><\/h2>\n\n<p>Laitteiden virransy\u00f6tt\u00f6 on yht\u00e4 tehokasta kuin tiedonsiirto. USB4-kaapeli USB C tukee PD 3.1 EPR:\u00e4\u00e4, joka mahdollistaa massiivisen 240 W (48 V\/5 A) pikalatauskapasiteetin. T\u00e4m\u00e4 tarkoittaa, ett\u00e4 se pystyy helposti k\u00e4sittelem\u00e4\u00e4n 16-tuumaisen MacBook Pron tai uusimpien pelikannettavien virrantarpeet. Turvallisuuden varmistamiseksi n\u00e4iden korkeaj\u00e4nnitteisten siirtojen aikana kaapelissa on sis\u00e4\u00e4nrakennettu E-Marker-siru, joka hallitsee \u00e4lykk\u00e4\u00e4sti virran kulkua ja est\u00e4\u00e4 ylikuumenemisen.   <\/p>\n\n<hr class=\"wp-block-separator has-alpha-channel-opacity\"\/>\n\n<h2 class=\"wp-block-heading\"><strong>Visuaalista huippuosaamista 8K60Hz:n ja Dual 4K -tuen avulla<\/strong><\/h2>\n\n<p>Jos olet luova ammattilainen tai peliharrastaja, t\u00e4m\u00e4n USB4-kaapelin USB C -videotoiminnot tekev\u00e4t sinuun vaikutuksen. Se tukee yht\u00e4 8K Ultra HD -n\u00e4ytt\u00f6\u00e4 tasaisella 60 Hz:n virkistystaajuudella, mik\u00e4 takaa, ett\u00e4 jokainen yksityiskohta esitet\u00e4\u00e4n ter\u00e4v\u00e4sti ja selke\u00e4sti. Vaihtoehtoisesti kaapeli voi ohjata kahta 4K-n\u00e4ytt\u00f6\u00e4, mik\u00e4 tekee siit\u00e4 v\u00e4ltt\u00e4m\u00e4tt\u00f6m\u00e4n ty\u00f6kalun moniteht\u00e4v\u00e4iseen ty\u00f6skentelyyn ja immersiivisiin ty\u00f6asemiin.  <\/p>\n\n<h2 class=\"wp-block-heading\"><strong>Vankka rakennuslaatu ja yleinen yhteensopivuus<\/strong><\/h2>\n\n<p>Kest\u00e4vyys on suunnittelun ytimess\u00e4. Kaapeli on valmistettu PVC:st\u00e4 ja 48-s\u00e4ikeisest\u00e4 nailonpunoksesta, joka on suunniteltu kest\u00e4m\u00e4\u00e4n yli 10 000 taivutusta. Lis\u00e4ksi alumiiniseoksesta valmistettu kuori antaa ensiluokkaisen tuntuman ja suojaa samalla sis\u00e4ist\u00e4 hapetonta kuparisyd\u00e4nt\u00e4. T\u00e4m\u00e4 vankka rakenne varmistaa, ett\u00e4 USB4-kaapeli USB C pysyy luotettavana osana pakettiasi vuosien ajan.   <\/p>\n\n<hr class=\"wp-block-separator has-alpha-channel-opacity\"\/>\n\n<h2 class=\"wp-block-heading\"><strong>Suojaa USB4-kaapelisi USB C t\u00e4n\u00e4\u00e4n<\/strong><\/h2>\n\n<p>\u00c4l\u00e4 anna hitaiden tiedonsiirtonopeuksien tai heikon latauksen en\u00e4\u00e4 pid\u00e4tell\u00e4 asennustasi. T\u00e4m\u00e4 ensiluokkainen kaapeli on ehdoton p\u00e4ivitys kaikille, jotka k\u00e4ytt\u00e4v\u00e4t iPhone 15 -sarjaa, iPad Prota tai suorituskykyist\u00e4 tietokonetta. T\u00e4m\u00e4n erityisen 240 W:n Thunderbolt 4 -erittelyn kysynt\u00e4 on suurta, joten toimi nyt, jotta saat omasi ajoissa. K\u00e4y myym\u00e4l\u00e4ss\u00e4mme jo t\u00e4n\u00e4\u00e4n ja koe liitett\u00e4vyyden tulevaisuus ja varmista, ett\u00e4 laitteesi toimivat aina t\u00e4ydell\u00e4 teholla!   <\/p>\n","protected":false},"excerpt":{"rendered":"<ul>\n<li><strong>40 Gbps Data -<\/strong> Huippunopea siirto massiivisille tiedostoille.<\/li>\n<li><strong>240W lataus -<\/strong> PD 3.1 suuritehoisille kannettaville tietokoneille.<\/li>\n<li><strong>8K60Hz Video -<\/strong> Sharp 8K tai kahden 4K-n\u00e4yt\u00f6n tuki.<\/li>\n<li><strong>E-Marker-siru -<\/strong> \u00c4lyk\u00e4s turvallisuus vakaata virransy\u00f6tt\u00f6\u00e4 varten.<\/li>\n<li><strong>Punottu rakenne -<\/strong> Vahvistettu nylon- ja alumiinikuori.<\/li>\n<\/ul>\n[cg_accordion title=\"MAKSUTIEDOT\"]<\/p>\n<p>K\u00e4yt\u00e4mme uusinta teknologiaa maksujen k\u00e4sittelyss\u00e4, jonka avulla voit tehd\u00e4 maksun Apple Payn, Google Payn, pankki- tai luottokortin, PayPalin tai BNPL-menetelmien, kuten Klarna, Affirm tai AfterPay, avulla nopean ja turvallisen maksukokemuksen.[\/cg_accordion]\n[cg_accordion title=\"TAKUU\"]<\/p>\n<p>1 vuoden takuu <a href=\"https:\/\/droix.net\/\" target=\"_blank\" rel=\"nofollow noopener\">DROIX Global ilta mielenrauhasi vuoksi<\/a> [\/cg_accordion]\n[cg_accordion title=\"LAADUNVARMISTUS JA L\u00c4HETYST\u00c4 EDELT\u00c4V\u00c4 TESTAUS\"]<\/p>\n<p>Asiakastyytyv\u00e4isyyden varmistaminen korkeimmalla tasolla: Jokainen laite testataan tiukasti ja sille tehd\u00e4\u00e4n monipisteinen laadunvarmistustarkastus ennen sen l\u00e4hett\u00e4mist\u00e4. Asialle omistautunut tiimimme tarkistaa suorituskyvyn, toimivuuden ja komponenttien eheyden, jotta AYANEO-laitteesi on saapuessaan t\u00e4ydellisess\u00e4 toimintakunnossa, mik\u00e4 antaa sinulle luottamusta ja mielenrauhaa. [\/cg_accordion]\n[cg_accordion title=\"HINNOITTELU, VEROT JA TOIMITUKSET\"]<\/p>\n<p><strong><u>Huom:<\/u><\/strong><\/p>\n<ul>\n<li>Yhdysvallat Asiakkaat: Asiakkaat: N\u00e4ytetty hinta EI sis\u00e4ll\u00e4 veroja eik\u00e4 tulleja. Vastuu tulliselvityksest\u00e4 ja siihen liittyvien verojen\/tullien maksamisesta on asiakkaalla. <\/li>\n<li>EU:n asiakkaat: N\u00e4ytetty hinta sis\u00e4lt\u00e4\u00e4 sovellettavan veron, joka voi olla jopa 25 % maastasi riippuen.<\/li>\n<li>Kanada Asiakkaat: N\u00e4ytetty hinta sis\u00e4lt\u00e4\u00e4 sovellettavat verot, joihin voi sis\u00e4lty\u00e4 5 % GST ja ylim\u00e4\u00e4r\u00e4isi\u00e4 maakunnallisia myyntiveroja (PST), harmonisoitua myyntiveroa (HST) tai Quebecin myyntiveroa (QST) maakunnasta riippuen.<\/li>\n<\/ul>\n<p>USA:n asiakkaillemme: Tilaukset l\u00e4hetet\u00e4\u00e4n DAP (Delivered At Place). Vaikka asiakkaat ovat vastuussa sovellettavien maksujen maksamisesta, k\u00e4yt\u00e4mme laajaa kokemustamme Yhdistyneest\u00e4 kuningaskunnasta tapahtuvasta toimituksesta varmistaaksemme, ett\u00e4 maksat mahdollisimman v\u00e4h\u00e4n maksuja. Tietojemme perusteella n\u00e4m\u00e4 maksut eiv\u00e4t yleens\u00e4 ylit\u00e4 10 % tuotteen arvosta.  <\/p>\n<p><strong>AINOASTAAN EU:n asiakkaille:<\/strong> Express DDP (Delivered Duty Paid). T\u00e4m\u00e4 tarkoittaa: <\/p>\n<ul>\n<li>Kaikki tullit ja verot sis\u00e4ltyv\u00e4t tuotesivulla ilmoitettuun hintaan.<\/li>\n<li>Sinun ei tarvitse maksaa lis\u00e4maksuja toimituksen yhteydess\u00e4.<\/li>\n<li>Harvinaisissa tulliin liittyviss\u00e4 tapauksissa tiimimme hoitaa tulliselvitysprosessin puolestasi varmistaakseen sujuvan toimituksen.<\/li>\n<p>T\u00e4rke\u00e4\u00e4 tietoa palautuksista:<\/p>\n<li>Jos p\u00e4\u00e4t\u00e4t palauttaa tilauksesi tai pyyt\u00e4\u00e4 palautusta, ota huomioon, ett\u00e4 DDP-ehtojen mukaisesti puolestasi maksettuja veroja ja tulleja ei voida palauttaa.<\/li>\n<p>Katso yksityiskohtaiset tiedot <a href=\"https:\/\/ayaneo.co\/fi\/kayttoehdot\/\" target=\"_blank\" rel=\"nofollow noopener\">k\u00e4ytt\u00f6ehdoistamme<\/a>.\n<\/ul>\n<p>[\/cg_accordion]\n[cg_accordion title=\"ASIAKASTUKI\"]<\/p>\n<p>Onko kysytt\u00e4v\u00e4\u00e4? Olemme lyhyen tekstiviestin p\u00e4\u00e4ss\u00e4 siit\u00e4, ett\u00e4 ongelmasi on ratkaistu! [\/cg_accordion]\n[cg_accordion title=\"PAKETTI SIS\u00c4LT\u00c4\u00c4\"]<\/p>\n<ul>\n<li>1x USB 4.0 Type-C -kaapeli<\/li>\n<\/ul>\n<p>[\/cg_accordion]\n","protected":false},"featured_media":44986,"template":"","meta":{"_acf_changed":false},"product_brand":[],"product_cat":[556],"product_tag":[],"class_list":{"0":"post-47661","1":"product","2":"type-product","3":"status-publish","4":"has-post-thumbnail","6":"product_cat-tarvikkeet","7":"product_shipping_class-low-end","9":"first","10":"instock","11":"sale","12":"taxable","13":"shipping-taxable","14":"purchasable","15":"product-type-variable","16":"has-default-attributes"},"acf":[],"_links":{"self":[{"href":"https:\/\/ayaneo.co\/fi\/wp-json\/wp\/v2\/product\/47661","targetHints":{"allow":["GET"]}}],"collection":[{"href":"https:\/\/ayaneo.co\/fi\/wp-json\/wp\/v2\/product"}],"about":[{"href":"https:\/\/ayaneo.co\/fi\/wp-json\/wp\/v2\/types\/product"}],"wp:featuredmedia":[{"embeddable":true,"href":"https:\/\/ayaneo.co\/fi\/wp-json\/wp\/v2\/media\/44986"}],"wp:attachment":[{"href":"https:\/\/ayaneo.co\/fi\/wp-json\/wp\/v2\/media?parent=47661"}],"wp:term":[{"taxonomy":"product_brand","embeddable":true,"href":"https:\/\/ayaneo.co\/fi\/wp-json\/wp\/v2\/product_brand?post=47661"},{"taxonomy":"product_cat","embeddable":true,"href":"https:\/\/ayaneo.co\/fi\/wp-json\/wp\/v2\/product_cat?post=47661"},{"taxonomy":"product_tag","embeddable":true,"href":"https:\/\/ayaneo.co\/fi\/wp-json\/wp\/v2\/product_tag?post=47661"}],"curies":[{"name":"wp","href":"https:\/\/api.w.org\/{rel}","templated":true}]}}