{"id":47672,"date":"2026-03-23T10:44:43","date_gmt":"2026-03-23T10:44:43","guid":{"rendered":"https:\/\/ayaneo.co\/product\/usb5-kaapeli-80gbps-240w-8k-60hz-thunderbolt-5-yhteensopiva\/"},"modified":"2026-04-28T06:11:17","modified_gmt":"2026-04-28T06:11:17","slug":"usb5-kaapeli-80gbps-240w-8k-60hz-thunderbolt-5-yhteensopiva","status":"publish","type":"product","link":"https:\/\/ayaneo.co\/fi\/product\/usb5-kaapeli-80gbps-240w-8k-60hz-thunderbolt-5-yhteensopiva\/","title":{"rendered":"USB5-kaapeli 80Gbps 240W | 8K 60Hz Thunderbolt 5 yhteensopiva"},"content":{"rendered":"\n<h2 class=\"wp-block-heading\">USB5-kaapeli 80Gbps 240W: Ultimate Thunderbolt 5 -ratkaisu ammattilaisten ty\u00f6nkulkuun<\/h2>\n\n<p id=\"p-rc_98f34dcd8f33ef71-24\"><strong>USB5-kaapeli 80Gbps 240W edustaa<\/strong> valtavaa harppausta tehok\u00e4ytt\u00e4jien liit\u00e4nt\u00e4teknologiassa. Koska nykyaikaiset laitteistot vaativat ennenn\u00e4kem\u00e4tt\u00f6mi\u00e4 nopeuksia, t\u00e4m\u00e4 kaapeli on suunniteltu vastaamaan uusimpia Thunderbolt 5 ja USB4 2.0 -standardeja. Se tarjoaa massiivisen 80 Gbps:n kaksisuuntaisen kaistanleveyden, mik\u00e4 k\u00e4yt\u00e4nn\u00f6ss\u00e4 kaksinkertaistaa suorituskyvyn aiempiin sukupolviin verrattuna.  <sup><\/sup>  N\u00e4in ollen voit nyt siirt\u00e4\u00e4 massiivisia 8K-videotiedostoja tai projektikirjastoja murto-osassa aiemmin tarvitusta ajasta.<\/p>\n\n<h2 class=\"wp-block-heading\">Miten USB5-kaapeli 80Gbps 240W optimoi n\u00e4ytt\u00f6asetuksesi?<\/h2>\n\n<p id=\"p-rc_98f34dcd8f33ef71-25\">Visuaalisen alan ammattilaiset pit\u00e4v\u00e4t <strong>USB5-kaapelia 80Gbps 240W<\/strong> v\u00e4ltt\u00e4m\u00e4tt\u00f6m\u00e4n\u00e4 ty\u00f6kaluna korkean resoluution monitoimity\u00f6skentelyyn. T\u00e4m\u00e4 kaapeli tukee kehittynytt\u00e4 DisplayPort 2.1 -protokollaa, joka mahdollistaa yhden 8K 60Hz -l\u00e4ht\u00f6liit\u00e4nn\u00e4n tai jopa kaksi 8K-kokoonpanoa. <sup><\/sup>  Lis\u00e4ksi innovatiivinen &#8221;Bandwidth Boost\" -tekniikka voi konfiguroida datakaistoja uudelleen.<sup><\/sup>  T\u00e4m\u00e4n ansiosta kaapeli voi tarjota jopa 120 Gbps:n nopeuden n\u00e4ytt\u00f6\u00e4 vaativiin teht\u00e4viin ja s\u00e4ilytt\u00e4\u00e4 samalla vakaan 40 Gbps:n nopeuden datan palautuksessa.<sup><\/sup><\/p>\n\n<p>T\u00e4m\u00e4 joustavuus parantaa merkitt\u00e4v\u00e4sti ammattilaisten ty\u00f6nkulkuja. Kun n\u00e4yt\u00f6ll\u00e4 on korkea virkistystaajuus, USB5 <strong>-kaapeli 80Gbps 240W varmistaa<\/strong>, ett\u00e4 ulkoinen tallennustila pysyy reagoivana. PAM3-signaalin koodauksen ansiosta tiedon eheys s\u00e4ilyy jopa n\u00e4ill\u00e4 huikeilla nopeuksilla. Siksi v\u00e4lkkyv\u00e4t n\u00e4yt\u00f6t ja tietojen korruptoituminen ovat menneisyyden ongelmia.   <\/p>\n\n<h2 class=\"wp-block-heading\">Verraton 240W tehonsiirto ja rakentamisen laatu<\/h2>\n\n<p id=\"p-rc_98f34dcd8f33ef71-26\">Latausominaisuudet ovat parantuneet radikaalisti t\u00e4m\u00e4n uuden standardin my\u00f6t\u00e4. <strong>USB5-kaapeli 80Gbps 240W tukee<\/strong> uusimpia PD 3.1 Extended Power Range (EPR) -m\u00e4\u00e4rityksi\u00e4.<sup><\/sup> T\u00e4m\u00e4 tarkoittaa, ett\u00e4 jopa 240 W:n teho kanavoidaan turvallisesti kaapelin kautta laitteeseesi. T\u00e4m\u00e4n ansiosta jopa kaikkein virranhimoisimmat pelikannettavat voidaan ladata t\u00e4ydell\u00e4 nopeudella ilman omaa &#8221;tiililiitint\u00e4\".  <\/p>\n\n<p id=\"p-rc_98f34dcd8f33ef71-27\">Kest\u00e4vyys oli selv\u00e4sti etusijalla <strong>USB5 Cable 80Gbps 240W<\/strong>:n suunnittelussa <strong>.<\/strong> Sis\u00e4iset johdot on suojattu tihe\u00e4ll\u00e4 punotulla metalliseossuojalla s\u00e4hk\u00f6magneettisten h\u00e4iri\u00f6iden minimoimiseksi. <sup><\/sup>  Lis\u00e4ksi ulkovaippa on valmistettu joustavasta TPE:st\u00e4, jonka on testattu kest\u00e4v\u00e4n yli 2000 taivutussykli\u00e4.<sup><\/sup>  Koska liittimet ovat nikkel\u00f6ityj\u00e4, ne kest\u00e4v\u00e4t yli 10 000 liit\u00e4nt\u00e4\u00e4, mik\u00e4 takaa luotettavan yhteyden vuosiksi eteenp\u00e4in.<\/p>\n\n<h2 class=\"wp-block-heading\">Varmista laitteistosi tulevaisuus USB5-kaapelilla 80Gbps 240W<\/h2>\n\n<p id=\"p-rc_98f34dcd8f33ef71-28\">Yhteensopivuus ei ole koskaan ongelma t\u00e4m\u00e4n monipuolisen lis\u00e4varusteen kanssa. Vaikka USB5 <strong>Cable 80Gbps 240W<\/strong> on rakennettu tulevaisuutta varten, se <strong>on t\u00e4ysin<\/strong> yhteensopiva <a href=\"https:\/\/www.intel.com\/content\/www\/us\/en\/gaming\/resources\/upgrade-gaming-accessories-thunderbolt-4.html\" target=\"_blank\" rel=\"noopener nofollow\" title=\"\">Thunderbolt 4- ja<\/a><a href=\"https:\/\/www.thunderbolttechnology.net\/blog\/thunderbolt-3-usb-c-does-it-all\" target=\"_blank\" rel=\"noopener nofollow\" title=\"\"> Thunderbolt 3 -laitteiden<\/a> kanssa. Se toimii my\u00f6s t\u00e4ydellisesti USB4-, USB 3.2- ja tavallisten USB-C-porttien kanssa. Liititp\u00e4 sitten huippuluokan eGPU:n PCIe 4.0:n kautta tai synkronoit vain matkapuhelimen, suorituskyky on aina optimoitu.   <\/p>\n\n<p>\u00c4l\u00e4 anna huonon kaapeloinnin muodostaa pullonkaulaa huippulaitteistollesi ja hidastaa luovaa prosessiasi. Sinun kannattaa varmistaa <strong>USB5-kaapelisi 80Gbps 240W jo t\u00e4n\u00e4\u00e4n<\/strong>, jotta pysyt taatusti kehityksen k\u00e4rjess\u00e4. T\u00e4m\u00e4n seuraavan sukupolven teknologian varastot liikkuvat nopeasti, joten toimi nyt varmistaaksesi, ett\u00e4 ty\u00f6asemasi on valmis 80 Gbps:n vallankumoukseen. Koe nopeuden ja tehon huippu tilaamalla myym\u00e4l\u00e4st\u00e4 jo t\u00e4n\u00e4\u00e4n!   <\/p>\n\n<p><\/p>\n","protected":false},"excerpt":{"rendered":"<ul>\n<li><strong>80 Gbps Pro Data -<\/strong> Huippunopea kaksisuuntainen siirto massiivisille tiedostoille.<\/li>\n<li><strong>240 W EPR-lataus -<\/strong> T\u00e4ysi PD 3.1 -tuki tehokkaille kannettaville tietokoneille.<\/li>\n<li><strong>8K@60Hz visuaalit -<\/strong> mukaansatempaava 8K tai kaksi 4K-n\u00e4ytt\u00f6\u00e4 DisplayPort 2.1:n kautta.<\/li>\n<li><strong>E-Mark Safety IC -<\/strong> \u00c4lyk\u00e4s piirisarja takaa vakaan, l\u00e4mp\u00f6s\u00e4\u00e4dellyn tehon.<\/li>\n<li><strong>Sinkkiseos ja punottu rakenne -<\/strong> Ensiluokkainen vahvistettu rakenne takaa maksimaalisen kest\u00e4vyyden.<\/li>\n<\/ul>\n[cg_accordion title=\"MAKSUTIEDOT\"]<\/p>\n<p>K\u00e4yt\u00e4mme uusinta teknologiaa maksujen k\u00e4sittelyss\u00e4, jonka avulla voit tehd\u00e4 maksun Apple Payn, Google Payn, pankki- tai luottokortin, PayPalin tai BNPL-menetelmien, kuten Klarna, Affirm tai AfterPay, avulla nopean ja turvallisen maksukokemuksen.[\/cg_accordion]\n[cg_accordion title=\"TAKUU\"]<\/p>\n<p>1 vuoden takuu <a href=\"https:\/\/droix.net\/\" target=\"_blank\" rel=\"nofollow noopener\">DROIX Global ilta mielenrauhasi vuoksi<\/a> [\/cg_accordion]\n[cg_accordion title=\"LAADUNVARMISTUS JA L\u00c4HETYST\u00c4 EDELT\u00c4V\u00c4 TESTAUS\"]<\/p>\n<p>Asiakastyytyv\u00e4isyyden varmistaminen korkeimmalla tasolla: Jokainen laite testataan tiukasti ja sille tehd\u00e4\u00e4n monipisteinen laadunvarmistustarkastus ennen sen l\u00e4hett\u00e4mist\u00e4. Asialle omistautunut tiimimme tarkistaa suorituskyvyn, toimivuuden ja komponenttien eheyden, jotta AYANEO-laitteesi on saapuessaan t\u00e4ydellisess\u00e4 toimintakunnossa, mik\u00e4 antaa sinulle luottamusta ja mielenrauhaa. [\/cg_accordion]\n[cg_accordion title=\"HINNOITTELU, VEROT JA TOIMITUKSET\"]<\/p>\n<p><strong><u>Huom:<\/u><\/strong><\/p>\n<ul>\n<li>Yhdysvallat Asiakkaat: Asiakkaat: N\u00e4ytetty hinta EI sis\u00e4ll\u00e4 veroja eik\u00e4 tulleja. Vastuu tulliselvityksest\u00e4 ja siihen liittyvien verojen\/tullien maksamisesta on asiakkaalla. <\/li>\n<li>EU:n asiakkaat: N\u00e4ytetty hinta sis\u00e4lt\u00e4\u00e4 sovellettavan veron, joka voi olla jopa 25 % maastasi riippuen.<\/li>\n<li>Kanada Asiakkaat: N\u00e4ytetty hinta sis\u00e4lt\u00e4\u00e4 sovellettavat verot, joihin voi sis\u00e4lty\u00e4 5 % GST ja ylim\u00e4\u00e4r\u00e4isi\u00e4 maakunnallisia myyntiveroja (PST), harmonisoitua myyntiveroa (HST) tai Quebecin myyntiveroa (QST) maakunnasta riippuen.<\/li>\n<\/ul>\n<p>USA:n asiakkaillemme: Tilaukset l\u00e4hetet\u00e4\u00e4n DAP (Delivered At Place). Vaikka asiakkaat ovat vastuussa sovellettavien maksujen maksamisesta, k\u00e4yt\u00e4mme laajaa kokemustamme Yhdistyneest\u00e4 kuningaskunnasta tapahtuvasta toimituksesta varmistaaksemme, ett\u00e4 maksat mahdollisimman v\u00e4h\u00e4n maksuja. Tietojemme perusteella n\u00e4m\u00e4 maksut eiv\u00e4t yleens\u00e4 ylit\u00e4 10 % tuotteen arvosta.  <\/p>\n<p><strong>AINOASTAAN EU:n asiakkaille:<\/strong> Express DDP (Delivered Duty Paid). T\u00e4m\u00e4 tarkoittaa: <\/p>\n<ul>\n<li>Kaikki tullit ja verot sis\u00e4ltyv\u00e4t tuotesivulla ilmoitettuun hintaan.<\/li>\n<li>Sinun ei tarvitse maksaa lis\u00e4maksuja toimituksen yhteydess\u00e4.<\/li>\n<li>Harvinaisissa tulliin liittyviss\u00e4 tapauksissa tiimimme hoitaa tulliselvitysprosessin puolestasi varmistaakseen sujuvan toimituksen.<\/li>\n<p>T\u00e4rke\u00e4\u00e4 tietoa palautuksista:<\/p>\n<li>Jos p\u00e4\u00e4t\u00e4t palauttaa tilauksesi tai pyyt\u00e4\u00e4 palautusta, ota huomioon, ett\u00e4 DDP-ehtojen mukaisesti puolestasi maksettuja veroja ja tulleja ei voida palauttaa.<\/li>\n<p>Katso yksityiskohtaiset tiedot <a href=\"https:\/\/ayaneo.co\/fi\/kayttoehdot\/\" target=\"_blank\" rel=\"nofollow noopener\">k\u00e4ytt\u00f6ehdoistamme<\/a>.\n<\/ul>\n<p>[\/cg_accordion]\n[cg_accordion title=\"ASIAKASTUKI\"]<\/p>\n<p>Onko kysytt\u00e4v\u00e4\u00e4? Olemme lyhyen tekstiviestin p\u00e4\u00e4ss\u00e4 siit\u00e4, ett\u00e4 ongelmasi on ratkaistu! [\/cg_accordion]\n[cg_accordion title=\"PAKETTI SIS\u00c4LT\u00c4\u00c4\"]<\/p>\n<ul>\n<li>1x USB5 Type-C-kaapeli | 80Gbps 240W (1m)<\/li>\n<\/ul>\n<p>[\/cg_accordion]\n","protected":false},"featured_media":45897,"template":"","meta":{"_acf_changed":false},"product_brand":[],"product_cat":[556],"product_tag":[],"class_list":{"0":"post-47672","1":"product","2":"type-product","3":"status-publish","4":"has-post-thumbnail","6":"product_cat-tarvikkeet","7":"product_shipping_class-low-end","9":"first","10":"instock","11":"sale","12":"taxable","13":"shipping-taxable","14":"purchasable","15":"product-type-simple"},"acf":[],"_links":{"self":[{"href":"https:\/\/ayaneo.co\/fi\/wp-json\/wp\/v2\/product\/47672","targetHints":{"allow":["GET"]}}],"collection":[{"href":"https:\/\/ayaneo.co\/fi\/wp-json\/wp\/v2\/product"}],"about":[{"href":"https:\/\/ayaneo.co\/fi\/wp-json\/wp\/v2\/types\/product"}],"wp:featuredmedia":[{"embeddable":true,"href":"https:\/\/ayaneo.co\/fi\/wp-json\/wp\/v2\/media\/45897"}],"wp:attachment":[{"href":"https:\/\/ayaneo.co\/fi\/wp-json\/wp\/v2\/media?parent=47672"}],"wp:term":[{"taxonomy":"product_brand","embeddable":true,"href":"https:\/\/ayaneo.co\/fi\/wp-json\/wp\/v2\/product_brand?post=47672"},{"taxonomy":"product_cat","embeddable":true,"href":"https:\/\/ayaneo.co\/fi\/wp-json\/wp\/v2\/product_cat?post=47672"},{"taxonomy":"product_tag","embeddable":true,"href":"https:\/\/ayaneo.co\/fi\/wp-json\/wp\/v2\/product_tag?post=47672"}],"curies":[{"name":"wp","href":"https:\/\/api.w.org\/{rel}","templated":true}]}}