{"id":4895,"date":"2024-08-02T09:33:01","date_gmt":"2024-08-02T09:33:01","guid":{"rendered":"https:\/\/ayaneo.co\/product\/ayaneo-pocket-s\/"},"modified":"2026-01-30T00:54:37","modified_gmt":"2026-01-30T00:54:37","slug":"ayaneo-pocket-s","status":"publish","type":"product","link":"https:\/\/ayaneo.co\/fi\/product\/ayaneo-pocket-s\/","title":{"rendered":"AYANEO Pocket S"},"content":{"rendered":"\n<h3 class=\"wp-block-heading\" id=\"h-ayaneo-pocket-s-the-ultimate-retro-gaming-handheld\"><strong>AYANEO Pocket S: Ultimaattinen retropelik\u00e4mmenlaite<\/strong><\/h3>\n\n<h3 class=\"wp-block-heading\" id=\"h-introduction\">Johdanto<\/h3>\n\n<p>AYANEO Pocket S on uraauurtava edistysaskel retropelien faneille dynaamisessa pelimaailmassa. T\u00e4m\u00e4 laite ei ole pelkk\u00e4 pelikonsoli, vaan se on pelialan kehityksen juhla, jossa nostalgia ja huipputeknologia yhdistyv\u00e4t saumattomasti. AYANEO Pocket S erottuu teknisen\u00e4 ihmeen\u00e4, sill\u00e4 se tarjoaa poikkeuksellista siirrett\u00e4vyytt\u00e4, tehokasta suorituskyky\u00e4 ja ainutlaatuisen muotoilun, joka erottaa sen kaikista muista saatavilla olevista. Se palvelee pelaajia, jotka arvostavat klassisia pelej\u00e4, mutta kaipaavat nykyaikaisia ominaisuuksia, ja muuttaa kannettavan pelaamisen rajoja.   <\/p>\n\n<h3 class=\"wp-block-heading\" id=\"h-product-overview\">Tuotteen yleiskatsaus<\/h3>\n\n<p>AYANEO Pocket S loistaa kannettavien pelien innovaation symbolina. Snapdragon G3x Gen 2 -pelialustalla varustettu laite takaa korkean suorituskyvyn alhaisella virrankulutuksella. Sen vaikuttava 6\u2033 1080P- tai 1440P IPS kosketusn\u00e4ytt\u00f6 kehyksett\u00f6m\u00e4ll\u00e4 peilin\u00e4yt\u00f6ll\u00e4 her\u00e4tt\u00e4\u00e4 rakastetut klassikot henkiin huomattavan kirkkaasti.  <\/p>\n\n<p>Laite on suunniteltu mukavaksi, ja siin\u00e4 on RGB-hallitunnistimella varustetut joystickit, lineaariset halli-liipaisimet ja johtokumipainikkeet, jotka takaavat sulavamman ja herkemm\u00e4n pelikokemuksen. T\u00e4m\u00e4 k\u00e4sikonsoli ei ole tarkoitettu vain pelaamiseen, vaan sen monipuolinen muotoilu tekee siit\u00e4 t\u00e4ydellisen mediank\u00e4ytt\u00f6\u00f6n kotona tai liikkeell\u00e4 kannettavan ja kest\u00e4v\u00e4n rakenteensa ansiosta. <\/p>\n\n<h3 class=\"wp-block-heading\" id=\"h-detailed-features\">Yksityiskohtaiset ominaisuudet<\/h3>\n\n<p><strong>Suorituskyky:<\/strong> AYANEO Pocket S ytimess\u00e4 on 8-ytiminen Kyro-suoritin ja Adreno A32 -n\u00e4yt\u00f6nohjain, joka on optimoitu ylivoimaiseen suorituskykyyn ja samalla vaatimattomaan 15W:n kulutukseen TDP. T\u00e4m\u00e4 takaa pitk\u00e4t pelisessiot ilman ylikuumenemista tai akun liiallista tyhjenemist\u00e4. Laitteisto on hienos\u00e4\u00e4detty klassisten pelien sujuvaan py\u00f6ritt\u00e4miseen, mik\u00e4 takaa, ett\u00e4 jokainen toiminto tuntuu yht\u00e4 herk\u00e4lt\u00e4 kuin alkuper\u00e4isill\u00e4 konsoleilla.  <\/p>\n\n<p><strong>Muisti ja varastointi:<\/strong> Jopa 16 Gt LPDDR5x RAM-muistia, AYANEO Pocket S tarjoaa runsaasti muistia moniajoon ja sujuvaan suorituskykyyn kaikissa peleiss\u00e4 ja sovelluksissa. Laite tarjoaa jopa 1TB UFS 4.0 (UFS 3.1 128GB versiossa) -tallennustilaa, joten pelaajat voivat kantaa mukanaan valtavan kirjaston klassikkopelej\u00e4 ilman huolta latausajoista tai tallennustilasta. <\/p>\n\n<h3 class=\"wp-block-heading\" id=\"h-user-experience\">K\u00e4ytt\u00e4j\u00e4kokemus<\/h3>\n\n<p>AYANEO Pocket S toimii pelik\u00e4ytt\u00f6\u00f6n r\u00e4\u00e4t\u00e4l\u00f6idyll\u00e4 Android -k\u00e4ytt\u00f6j\u00e4rjestelm\u00e4ll\u00e4, ja se tukee monenlaisia 8- ja 16-bittisen aikakauden j\u00e4rjestelmi\u00e4, mik\u00e4 takaa yhteensopivuuden tuhansien klassikkopelien kanssa. Sen Wi-Fi 7- ja Bluetooth 5.3 -yhteysvaihtoehdot helpottavat moninpelaamista, joten voit olla yhteydess\u00e4 yst\u00e4viin ja muihin pelaajiin ymp\u00e4ri maailmaa. AYA SPACE -ohjelmisto parantaa pelikokemusta intuitiivisella k\u00e4ytt\u00f6liittym\u00e4ll\u00e4 pelien selaamiseen ja j\u00e4rjestelm\u00e4n hallintaan.  <\/p>\n\n<h3 class=\"wp-block-heading\" id=\"h-conclusion\">P\u00e4\u00e4telm\u00e4<\/h3>\n\n<p>AYANEO Pocket S on enemm\u00e4n kuin vain yksi retropelik\u00e4mmenlaite; se on kattava viihdej\u00e4rjestelm\u00e4, joka yhdist\u00e4\u00e4 nostalgisen pelaamisen ja modernin teknologian. Vankan suorituskykyns\u00e4, innovatiivisen muotoilunsa ja k\u00e4ytt\u00e4j\u00e4kokemuksen korostamisensa ansiosta t\u00e4m\u00e4 laite on johtava kannettavien pelien markkinoilla, ja se kutsuu sek\u00e4 kokeneet pelaajat ett\u00e4 uudet tulokkaat tutustumaan videopelaamisen rikkaaseen historiaan uudessa valossa. <\/p>\n\n<p>\u00c4l\u00e4 missaa tilaisuutta omistaa pala pelihistoriaa, joka on uudistettu nykyaikaan. Ennakkotilaa AYANEO Pocket S jo t\u00e4n\u00e4\u00e4n, niin p\u00e4\u00e4set ensimm\u00e4isten joukossa kokemaan retropelikonsolien huipun. T\u00e4t\u00e4 tilaisuutta ei kannata j\u00e4tt\u00e4\u00e4 k\u00e4ytt\u00e4m\u00e4tt\u00e4, sill\u00e4 sit\u00e4 on saatavilla vain rajoitetusti. Ota vastaan viihteen tulevaisuus AYANEO Pocket S .   <\/p>\n\n<figure class=\"wp-block-image\"><a href=\"https:\/\/droix.net\/wp-content\/uploads\/2024\/05\/AYANEO-POCKET-S-MARKETING-DONE-01.jpg\" target=\"_blank\" rel=\"noopener\"><img decoding=\"async\" src=\"https:\/\/droix.net\/wp-content\/uploads\/2024\/05\/AYANEO-POCKET-S-MARKETING-DONE-01.jpg\" alt=\"AYANEO Pocket S Markkinointi\" class=\"wp-image-178865\"\/><\/a><\/figure>\n\n<figure class=\"wp-block-image\"><a href=\"https:\/\/droix.net\/wp-content\/uploads\/2024\/05\/AYANEO-POCKET-S-MARKETING-DONE-02.jpg\" target=\"_blank\" rel=\"noopener\"><img decoding=\"async\" src=\"https:\/\/droix.net\/wp-content\/uploads\/2024\/05\/AYANEO-POCKET-S-MARKETING-DONE-02.jpg\" alt=\"AYANEO Pocket S Markkinointi\" class=\"wp-image-178866\"\/><\/a><\/figure>\n\n<figure class=\"wp-block-image\"><a href=\"https:\/\/droix.net\/wp-content\/uploads\/2024\/05\/AYANEO-POCKET-S-MARKETING-DONE-03.jpg\" target=\"_blank\" rel=\"noopener\"><img decoding=\"async\" src=\"https:\/\/droix.net\/wp-content\/uploads\/2024\/05\/AYANEO-POCKET-S-MARKETING-DONE-03.jpg\" alt=\"AYANEO Pocket S Markkinointi\" class=\"wp-image-178867\"\/><\/a><\/figure>\n\n<figure class=\"wp-block-image\"><a href=\"https:\/\/droix.net\/wp-content\/uploads\/2024\/05\/AYANEO-POCKET-S-MARKETING-DONE-04.jpg\" target=\"_blank\" rel=\"noopener\"><img decoding=\"async\" src=\"https:\/\/droix.net\/wp-content\/uploads\/2024\/05\/AYANEO-POCKET-S-MARKETING-DONE-04.jpg\" alt=\"AYANEO Pocket S Markkinointi\" class=\"wp-image-178868\"\/><\/a><\/figure>\n\n<figure class=\"wp-block-image\"><a href=\"https:\/\/droix.net\/wp-content\/uploads\/2024\/05\/AYANEO-POCKET-S-MARKETING-DONE-05.jpg\" target=\"_blank\" rel=\"noopener\"><img decoding=\"async\" src=\"https:\/\/droix.net\/wp-content\/uploads\/2024\/05\/AYANEO-POCKET-S-MARKETING-DONE-05.jpg\" alt=\"AYANEO Pocket S Markkinointi\" class=\"wp-image-178869\"\/><\/a><\/figure>\n\n<figure class=\"wp-block-image\"><a href=\"https:\/\/droix.net\/wp-content\/uploads\/2024\/05\/AYANEO-POCKET-S-MARKETING-DONE-06.jpg\" target=\"_blank\" rel=\"noopener\"><img decoding=\"async\" src=\"https:\/\/droix.net\/wp-content\/uploads\/2024\/05\/AYANEO-POCKET-S-MARKETING-DONE-06.jpg\" alt=\"AYANEO Pocket S Markkinointi\" class=\"wp-image-178870\"\/><\/a><\/figure>\n\n<figure class=\"wp-block-image\"><a href=\"https:\/\/droix.net\/wp-content\/uploads\/2024\/05\/AYANEO-POCKET-S-MARKETING-DONE-07.jpg\" target=\"_blank\" rel=\"noopener\"><img decoding=\"async\" src=\"https:\/\/droix.net\/wp-content\/uploads\/2024\/05\/AYANEO-POCKET-S-MARKETING-DONE-07.jpg\" alt=\"AYANEO Pocket S Markkinointi\" class=\"wp-image-178871\"\/><\/a><\/figure>\n\n<figure class=\"wp-block-image\"><a href=\"https:\/\/droix.net\/wp-content\/uploads\/2024\/05\/AYANEO-POCKET-S-MARKETING-DONE-08.jpg\" target=\"_blank\" rel=\"noopener\"><img decoding=\"async\" src=\"https:\/\/droix.net\/wp-content\/uploads\/2024\/05\/AYANEO-POCKET-S-MARKETING-DONE-08.jpg\" alt=\"AYANEO Pocket S Markkinointi\" class=\"wp-image-178872\"\/><\/a><\/figure>\n\n<figure class=\"wp-block-image\"><a href=\"https:\/\/droix.net\/wp-content\/uploads\/2024\/05\/AYANEO-POCKET-S-MARKETING-DONE-09.jpg\" target=\"_blank\" rel=\"noopener\"><img decoding=\"async\" src=\"https:\/\/droix.net\/wp-content\/uploads\/2024\/05\/AYANEO-POCKET-S-MARKETING-DONE-09.jpg\" alt=\"AYANEO Pocket S Markkinointi\" class=\"wp-image-178873\"\/><\/a><\/figure>\n\n<figure class=\"wp-block-image\"><a href=\"https:\/\/droix.net\/wp-content\/uploads\/2024\/05\/AYANEO-POCKET-S-MARKETING-DONE-10.jpg\" target=\"_blank\" rel=\"noopener\"><img decoding=\"async\" src=\"https:\/\/droix.net\/wp-content\/uploads\/2024\/05\/AYANEO-POCKET-S-MARKETING-DONE-10.jpg\" alt=\"AYANEO Pocket S Markkinointi\" class=\"wp-image-178874\"\/><\/a><\/figure>\n\n<figure class=\"wp-block-image\"><a href=\"https:\/\/droix.net\/wp-content\/uploads\/2024\/05\/AYANEO-POCKET-S-MARKETING-DONE-11.jpg\" target=\"_blank\" rel=\"noopener\"><img decoding=\"async\" src=\"https:\/\/droix.net\/wp-content\/uploads\/2024\/05\/AYANEO-POCKET-S-MARKETING-DONE-11.jpg\" alt=\"AYANEO Pocket S Markkinointi\" class=\"wp-image-178875\"\/><\/a><\/figure>\n\n<figure class=\"wp-block-image\"><a href=\"https:\/\/droix.net\/wp-content\/uploads\/2024\/05\/AYANEO-POCKET-S-MARKETING-DONE-12.jpg\" target=\"_blank\" rel=\"noopener\"><img decoding=\"async\" src=\"https:\/\/droix.net\/wp-content\/uploads\/2024\/05\/AYANEO-POCKET-S-MARKETING-DONE-12.jpg\" alt=\"AYANEO Pocket S Markkinointi\" class=\"wp-image-178876\"\/><\/a><\/figure>\n","protected":false},"excerpt":{"rendered":"<ul>\n<li>Prosessori:<strong> Gen 2<\/strong><\/li>\n<li>N\u00e4ytt\u00f6: <strong> IPS Rajaton<\/strong> kosketusn\u00e4ytt\u00f6<strong>.<\/strong> <\/li>\n<li>RAM-muisti: Enint\u00e4\u00e4n<strong> 16 Gt<\/strong> LPDDR5X @ <strong>8533 MT\/s<\/strong><\/li>\n<li>Varastointi: UFS 4.0: Jopa<strong> 1TB<\/strong> <\/li>\n<li>Liitett\u00e4vyys: <strong> 5.3<\/strong><\/li>\n<\/ul>\n<p><img fetchpriority=\"high\" decoding=\"async\" src=\"https:\/\/ayaneo.co\/wp-content\/uploads\/2024\/08\/AYANEO-POCKET-S-FREE-GIFTS.jpg\" alt=\"Ilmaiset lahjat banneri - AYANEO Kotelo\/kahva, Joystick Caps, n\u00e4yt\u00f6nsuojus\" width=\"2000\" height=\"500\" class=\"alignnone size-full wp-image-847\" srcset=\"https:\/\/ayaneo.co\/wp-content\/uploads\/2024\/08\/AYANEO-POCKET-S-FREE-GIFTS.jpg 2000w, https:\/\/ayaneo.co\/wp-content\/uploads\/2024\/08\/AYANEO-POCKET-S-FREE-GIFTS-150x38.jpg 150w, https:\/\/ayaneo.co\/wp-content\/uploads\/2024\/08\/AYANEO-POCKET-S-FREE-GIFTS-600x150.jpg 600w, https:\/\/ayaneo.co\/wp-content\/uploads\/2024\/08\/AYANEO-POCKET-S-FREE-GIFTS-300x75.jpg 300w, https:\/\/ayaneo.co\/wp-content\/uploads\/2024\/08\/AYANEO-POCKET-S-FREE-GIFTS-1024x256.jpg 1024w, https:\/\/ayaneo.co\/wp-content\/uploads\/2024\/08\/AYANEO-POCKET-S-FREE-GIFTS-768x192.jpg 768w, https:\/\/ayaneo.co\/wp-content\/uploads\/2024\/08\/AYANEO-POCKET-S-FREE-GIFTS-1536x384.jpg 1536w, https:\/\/ayaneo.co\/wp-content\/uploads\/2024\/08\/AYANEO-POCKET-S-FREE-GIFTS-990x248.jpg 990w, https:\/\/ayaneo.co\/wp-content\/uploads\/2024\/08\/AYANEO-POCKET-S-FREE-GIFTS-441x110.jpg 441w\" sizes=\"(max-width: 2000px) 100vw, 2000px\" \/><\/p>\n[cg_accordion title=\"MAKSUTIEDOT\"]<\/p>\n<p>K\u00e4yt\u00e4mme uusinta tekniikkaa maksujen k\u00e4sittelyss\u00e4, jonka avulla voit tehd\u00e4 maksun Apple Payn, Google Payn, pankki- tai luottokorttisi, PayPalin tai BNPL-menetelmien, kuten Klarnan, Affirmin tai AfterPayn kautta, mik\u00e4 takaa nopean ja turvallisen maksukokemuksen.[\/cg_accordion]\n[cg_accordion title=\"TAKUU\"]<\/p>\n<p>1 vuoden takuu <a href=\"https:\/\/droix.net\/\" target=\"_blank\" rel=\"nofollow noopener\">DROIX Globalilta<\/a> mielenrauhasi vuoksi[\/cg_accordion]\n[cg_accordion title=\"HINNOITTELU, VEROT JA TOIMITUKSET\"]<\/p>\n<p><strong><u>Huom:<\/u><\/strong><\/p>\n<ul>\n<li>Yhdysvallat Asiakkaat: Asiakkaat: N\u00e4ytetty hinta EI sis\u00e4ll\u00e4 veroja eik\u00e4 tulleja. Vastuu tulliselvityksest\u00e4 ja siihen liittyvien verojen\/tullien maksamisesta on asiakkaalla. <\/li>\n<li>EU:n asiakkaat: N\u00e4ytetty hinta sis\u00e4lt\u00e4\u00e4 sovellettavan veron, joka voi olla jopa 25 % maastasi riippuen.<\/li>\n<li>Kanada Asiakkaat: N\u00e4ytetty hinta sis\u00e4lt\u00e4\u00e4 sovellettavat verot, joihin voi sis\u00e4lty\u00e4 5 % GST ja ylim\u00e4\u00e4r\u00e4isi\u00e4 maakunnallisia myyntiveroja (PST), harmonisoitua myyntiveroa (HST) tai Quebecin myyntiveroa (QST) maakunnasta riippuen.<\/li>\n<\/ul>\n<p><strong>AINOASTAAN EU:n asiakkaille:<\/strong> Express DDP (Delivered Duty Paid). T\u00e4m\u00e4 tarkoittaa: <\/p>\n<ul>\n<li>Kaikki tullit ja verot sis\u00e4ltyv\u00e4t tuotesivulla ilmoitettuun hintaan.<\/li>\n<li>Sinun ei tarvitse maksaa lis\u00e4maksuja toimituksen yhteydess\u00e4.<\/li>\n<li>Harvinaisissa tulliin liittyviss\u00e4 tapauksissa tiimimme hoitaa tulliselvitysprosessin puolestasi varmistaakseen sujuvan toimituksen.<\/li>\n<p>T\u00e4rke\u00e4\u00e4 tietoa palautuksista:<\/p>\n<li>Jos p\u00e4\u00e4t\u00e4t palauttaa tilauksesi tai pyyt\u00e4\u00e4 palautusta, ota huomioon, ett\u00e4 DDP-ehtojen mukaisesti puolestasi maksettuja veroja ja tulleja ei voida palauttaa.<\/li>\n<p>Katso yksityiskohtaiset tiedot <a href=\"https:\/\/ayaneo.co\/fi\/kayttoehdot\/\" target=\"_blank\" rel=\"nofollow noopener\">k\u00e4ytt\u00f6ehdoistamme<\/a>.\n<\/ul>\n<p>[\/cg_accordion]\n[cg_accordion title=\"ASIAKASTUKI\"]<\/p>\n<p>Onko kysytt\u00e4v\u00e4\u00e4? Olemme lyhyen tekstiviestin p\u00e4\u00e4ss\u00e4 siit\u00e4, ett\u00e4 ongelmasi on ratkaistu!<br \/>\n[\/cg_accordion]\n[cg_accordion title=\"Paketti sis\u00e4lt\u00e4\u00e4\"]<\/p>\n<ul>\n<li>1x AYANEO Pocket S<\/li>\n<li>1x USB Type-C-kaapeli<\/li>\n<li>1x K\u00e4ytt\u00f6ohje<\/li>\n<li>1x AYANEO Pocket S Kotelo<\/li>\n<li>1x JoyStick Caps<\/li>\n<li>1x n\u00e4yt\u00f6nsuoja<\/li>\n<\/ul>\n<p>[\/cg_accordion]\n","protected":false},"featured_media":30402,"template":"","meta":{"_acf_changed":false},"product_brand":[],"product_cat":[590],"product_tag":[],"class_list":{"0":"post-4895","1":"product","2":"type-product","3":"status-publish","4":"has-post-thumbnail","6":"product_cat-android-gaming-handheld-fi","7":"product_shipping_class-premium","8":"pa_brand-ayaneo","9":"pa_graphics-gpu-model-adreno-a32","10":"pa_operating-system-android-13","11":"pa_processor-cpu-brand-qualcomm","13":"first","14":"instock","15":"sale","16":"taxable","17":"shipping-taxable","18":"purchasable","19":"product-type-variable","20":"has-default-attributes"},"acf":[],"_links":{"self":[{"href":"https:\/\/ayaneo.co\/fi\/wp-json\/wp\/v2\/product\/4895","targetHints":{"allow":["GET"]}}],"collection":[{"href":"https:\/\/ayaneo.co\/fi\/wp-json\/wp\/v2\/product"}],"about":[{"href":"https:\/\/ayaneo.co\/fi\/wp-json\/wp\/v2\/types\/product"}],"wp:featuredmedia":[{"embeddable":true,"href":"https:\/\/ayaneo.co\/fi\/wp-json\/wp\/v2\/media\/30402"}],"wp:attachment":[{"href":"https:\/\/ayaneo.co\/fi\/wp-json\/wp\/v2\/media?parent=4895"}],"wp:term":[{"taxonomy":"product_brand","embeddable":true,"href":"https:\/\/ayaneo.co\/fi\/wp-json\/wp\/v2\/product_brand?post=4895"},{"taxonomy":"product_cat","embeddable":true,"href":"https:\/\/ayaneo.co\/fi\/wp-json\/wp\/v2\/product_cat?post=4895"},{"taxonomy":"product_tag","embeddable":true,"href":"https:\/\/ayaneo.co\/fi\/wp-json\/wp\/v2\/product_tag?post=4895"}],"curies":[{"name":"wp","href":"https:\/\/api.w.org\/{rel}","templated":true}]}}