{"id":4998,"date":"2024-08-15T15:04:41","date_gmt":"2024-08-15T15:04:41","guid":{"rendered":"https:\/\/ayaneo.co\/product\/ayaneo-pocket-dmg\/"},"modified":"2025-12-11T00:11:14","modified_gmt":"2025-12-11T00:11:14","slug":"ayaneo-pocket-dmg","status":"publish","type":"product","link":"https:\/\/ayaneo.co\/fi\/product\/ayaneo-pocket-dmg\/","title":{"rendered":"AYANEO Pocket DMG"},"content":{"rendered":"\n<figure class=\"wp-block-video\"><video controls=\"\" src=\"https:\/\/droix.net\/wp-content\/uploads\/2024\/08\/AYANEO-Pocket-DMG&#xFF1A;The-Pinnacle-of-Retro-Vertical-Handhelds.mp4\"><\/video><\/figure>\n\n<div class=\"wp-block-columns is-layout-flex wp-container-core-columns-is-layout-28f84493 wp-block-columns-is-layout-flex\">\n<div class=\"wp-block-column is-layout-flow wp-block-column-is-layout-flow\" style=\"flex-basis:33.33%\">\n<figure class=\"wp-block-image size-large\"><a href=\"https:\/\/droix.net\/wp-content\/uploads\/2024\/08\/AYANEO-POCKET-DMG-ARTIC-BLACK-DONE-01.png\" target=\"_blank\" rel=\"noopener\"><img decoding=\"async\" src=\"https:\/\/droix.net\/wp-content\/uploads\/2024\/08\/AYANEO-POCKET-DMG-ARTIC-BLACK-DONE-01-1024x1024.png\" alt=\"Etukuva AYANEO Pocket DMG:st&#xE4; Arctic Black -v&#xE4;riss&#xE4;, jossa n&#xE4;kyy sen retrohenkinen muotoilu, 3,92-tuumainen OLED -n&#xE4;ytt&#xF6;, D-pad, analoginen joystick ja painikkeet.\" class=\"wp-image-184226\"\/><\/a><\/figure>\n<\/div>\n\n\n\n<div class=\"wp-block-column is-layout-flow wp-block-column-is-layout-flow\" style=\"flex-basis:66.66%\">\n<h3 class=\"wp-block-heading\" id=\"h-experience-retro-gaming-like-never-before-with-the-ayaneo-pocket-dmg\">Koe retropelaaminen ennenn\u00e4kem\u00e4tt\u00f6m\u00e4ll\u00e4 tavalla AYANEO Pocket DMG:n avulla.<\/h3>\n\n\n\n<p><strong> AYANEO Pocket DMG<\/strong> on uraauurtava <strong>kannettava<\/strong> <strong>pelilaite<\/strong>, jossa yhdistyv\u00e4t mestarillisesti <strong>retropelaamisen<\/strong> nostalgia ja kehittynyt moderni teknologia. T\u00e4m\u00e4 ikoniselle Game Boylle kunnioitusta osoittava <strong>pystysuora k\u00e4sikonsoli<\/strong> tarjoaa sek\u00e4 tutun esteettisen ilmeen ett\u00e4 tehokkaan suorituskyvyn, mik\u00e4 tekee siit\u00e4 ihanteellisen valinnan sek\u00e4 <strong>retropelaamisen<\/strong> ett\u00e4 modernin pelaamisen yst\u00e4ville. <\/p>\n<\/div>\n<\/div>\n\n<p><strong> AYANEO Pocket DMG<\/strong> on uraauurtava <strong>kannettava<\/strong> <strong>pelilaite<\/strong>, jossa yhdistyv\u00e4t mestarillisesti <strong>retropelaamisen<\/strong> nostalgia ja kehittynyt moderni teknologia. T\u00e4m\u00e4 ikoniselle Game Boylle kunnioitusta osoittava <strong>pystysuora k\u00e4sikonsoli<\/strong> tarjoaa sek\u00e4 tutun esteettisen ilmeen ett\u00e4 tehokkaan suorituskyvyn, mik\u00e4 tekee siit\u00e4 ihanteellisen valinnan sek\u00e4 <strong>retropelaamisen<\/strong> ett\u00e4 modernin pelaamisen yst\u00e4ville. <\/p>\n\n<h3 class=\"wp-block-heading\" id=\"h-design-and-display\">Suunnittelu ja n\u00e4ytt\u00f6<\/h3>\n\n<p><strong>AYANEO Pocket DMG<\/strong> erottuu edukseen kompaktilla ja nostalgisella muotoilullaan, joka muistuttaa klassisia <strong>retrokonsoleita<\/strong>. Keskeinen osa sen vetovoimaa on 3,92-tuumainen <strong>OLED -n\u00e4ytt\u00f6<\/strong>, joka tarjoaa ter\u00e4v\u00e4n 1240&#215;1080-resoluution ja 419 PPI:n pikselitiheyden. T\u00e4m\u00e4 <strong>OLED -n\u00e4ytt\u00f6<\/strong> takaa eloisat v\u00e4rit ja ter\u00e4v\u00e4t n\u00e4kym\u00e4t, jotka her\u00e4tt\u00e4v\u00e4t sek\u00e4 retro- ett\u00e4 modernit pelit henkiin upealla selkeydell\u00e4. Laite on saatavana kahdessa eri v\u00e4riss\u00e4:   <\/p>\n\n<ul class=\"wp-block-list\">\n<li>Arktinen musta<\/li>\n\n\n\n<li>Moon White<\/li>\n<\/ul>\n\n<div class=\"wp-block-columns is-layout-flex wp-container-core-columns-is-layout-28f84493 wp-block-columns-is-layout-flex\">\n<div class=\"wp-block-column is-layout-flow wp-block-column-is-layout-flow\">\n<figure class=\"wp-block-image size-large\"><a href=\"https:\/\/droix.net\/wp-content\/uploads\/2024\/08\/AYANEO-POCKET-DMG-MARKETING-DONE-14.jpg\" target=\"_blank\" rel=\"noopener\"><img decoding=\"async\" src=\"https:\/\/droix.net\/wp-content\/uploads\/2024\/08\/AYANEO-POCKET-DMG-MARKETING-DONE-14-1024x1024.jpg\" alt=\"Snapdragon G3x Gen 2 -pelialustalla varustetun AYANEO Pocket DMG:n mainoskuvassa. Se korostaa olevansa ensimm&#xE4;inen vertikaalinen kannettava, jossa on t&#xE4;m&#xE4; prosessori, ja esittelee sen 1+4+3-oktaydinarkkitehtuuria, jossa on Kryo Prime Ultra -ytimet 3,36 GHz:n kellotaajuudella, Adreno A32 -n&#xE4;yt&#xF6;nohjain 816 Hz:n kellotaajuudella ja 15 W:n suorituskyvyn vapautus. \" class=\"wp-image-184229\"\/><\/a><\/figure>\n\n\n\n<h3 class=\"wp-block-heading\" id=\"h-performance\">Suorituskyky<\/h3>\n\n\n\n<p><strong>Pocket DMG<\/strong>:n ytimess\u00e4 <strong>on<\/strong> <strong>Snapdragon G3x Gen 2 -suoritin<\/strong>, joka on tehokas, erityisesti <strong>k\u00e4mmenpelaamiseen<\/strong> r\u00e4\u00e4t\u00e4l\u00f6ity siru <strong>.<\/strong> T\u00e4m\u00e4 <strong>prosessori takaa<\/strong> retropelien saumattoman emuloinnin ja sujuvan suorituskyvyn nykyaikaisissa mobiilipeleiss\u00e4. Android 13 -k\u00e4ytt\u00f6j\u00e4rjestelm\u00e4ll\u00e4 toimiva laite tarjoaa p\u00e4\u00e4syn laajaan sovellusten ja emulaattoreiden ekosysteemiin, mik\u00e4 tekee siit\u00e4 monipuolisen alustan kaikkiin <strong>pelitarpeisiisi.<\/strong>   <\/p>\n<\/div>\n\n\n\n<div class=\"wp-block-column is-layout-flow wp-block-column-is-layout-flow\">\n<figure class=\"wp-block-image size-large\"><a href=\"https:\/\/droix.net\/wp-content\/uploads\/2024\/08\/AYANEO-POCKET-DMG-MARKETING-DONE-19.jpg\" target=\"_blank\" rel=\"noopener\"><img decoding=\"async\" src=\"https:\/\/droix.net\/wp-content\/uploads\/2024\/08\/AYANEO-POCKET-DMG-MARKETING-DONE-19-1024x1024.jpg\" alt=\"Infografiikka, jossa esitell&#xE4;&#xE4;n AYANEO Pocket DMG:n useita toimintoja, jotka ovat verrattavissa ammattik&#xE4;ytt&#xF6;&#xF6;n tarkoitettuihin ohjaimiin. Ominaisuuksiin kuuluvat mm. eritt&#xE4;in tarkka joystick, s&#xE4;&#xE4;dett&#xE4;v&#xE4; herkkyys, nollavirran valmiustila, gyroskooppiavusteinen t&#xE4;ht&#xE4;ys, painikkeiden purskutustoiminto, A-B-X-Y-n&#xE4;pp&#xE4;inarvojen vaihto ja s&#xE4;&#xE4;dett&#xE4;v&#xE4; moottorin v&#xE4;rin&#xE4;n voimakkuus. Alla k&#xE4;si pitelee valkoista laitetta, jossa n&#xE4;kyy v&#xE4;rik&#xE4;s pelin&#xE4;ytt&#xF6;.  \" class=\"wp-image-184232\"\/><\/a><\/figure>\n\n\n\n<h3 class=\"wp-block-heading\" id=\"h-controls-and-inputs\">Ohjauslaitteet ja tulot<\/h3>\n\n\n\n<p><strong>Pocket DMG<\/strong> tarjoaa monipuolisen ja innovatiivisen ohjausasettelun, joka sopii monenlaisiin <strong>pelityyleihin<\/strong>. T\u00e4rkeimpi\u00e4 ominaisuuksia ovat mm: <\/p>\n\n\n\n<ul class=\"wp-block-list\">\n<li>Perinteinen D-pad tarkkaa suuntausta varten<\/li>\n\n\n\n<li>ABXY-kuvapainikkeet klassiseen <strong>pelaamiseen<\/strong><\/li>\n\n\n\n<li>Yksi analoginen <strong>joystick<\/strong>, jonka tarkkuutta ja kest\u00e4vyytt\u00e4 on parannettu Hall Effect -tekniikalla.<\/li>\n\n\n\n<li>Innovatiivinen <strong>kosketuslevy<\/strong>, joka toimii my\u00f6s toisena analogisena tulona.<\/li>\n\n\n\n<li>Olkap\u00e4\u00e4painikkeet lis\u00e4s\u00e4\u00e4t\u00f6mahdollisuuksia varten<\/li>\n<\/ul>\n\n\n\n<p>T\u00e4m\u00e4 ohjausyhdistelm\u00e4 takaa, ett\u00e4 <strong>Pocket DMG<\/strong>:ll\u00e4 voi k\u00e4sitell\u00e4 kaikkea retro-tasohyppelypeleist\u00e4 moderneihin toimintapeleihin.<\/p>\n<\/div>\n\n\n\n<div class=\"wp-block-column is-layout-flow wp-block-column-is-layout-flow\">\n<figure class=\"wp-block-image size-large\"><a href=\"https:\/\/droix.net\/wp-content\/uploads\/2024\/08\/AYANEO-POCKET-DMG-MARKETING-DONE-16.jpg\" target=\"_blank\" rel=\"noopener\"><img decoding=\"async\" src=\"https:\/\/droix.net\/wp-content\/uploads\/2024\/08\/AYANEO-POCKET-DMG-MARKETING-DONE-16-1024x1024.jpg\" alt=\"Infografiikka, jossa esitell&#xE4;&#xE4;n yksityiskohtaisesti AYANEO Pocket DMG:n &quot;saumaton tehoyhdistelm&#xE4;&quot; ja korostetaan sen nopeaa muistia (LPDDR5X 8533Mbps), nopeaa tallennustilaa (UFS 4.0, jossa lukunopeus on 4000+ MB\/s) ja suurta kapasiteettia pelien ja sovellusten tallentamiseen. Siin&#xE4; mainitaan jopa 16 Gt RAM-muistia ja 1 Tt tallennustilavaihtoehdot. \" class=\"wp-image-184230\"\/><\/a><\/figure>\n\n\n\n<h3 class=\"wp-block-heading\" id=\"h-storage-and-connectivity\">Tallennus ja liitett\u00e4vyys<\/h3>\n\n\n\n<p><strong>AYANEO Pocket DMG tarjoaa<\/strong> joustavia tallennusratkaisuja erilaisten <strong>k\u00e4sipeliharrastajien<\/strong> tarpeisiin:<\/p>\n\n\n\n<ul class=\"wp-block-list\">\n<li>8 Gt RAM-muistia + 128 Gt tallennustilaa<\/li>\n<\/ul>\n\n\n\n<p>Lis\u00e4ksi microSD-korttipaikka mahdollistaa tallennuskapasiteetin helpon laajentamisen. Liitett\u00e4vyyden osalta laitteessa on mm: <\/p>\n\n\n\n<ul class=\"wp-block-list\">\n<li>Wi-Fi ja Bluetooth 5.3 langatonta viestint\u00e4\u00e4 varten<\/li>\n\n\n\n<li>USB-C-portti lis\u00e4varusteiden lataamista ja liitt\u00e4mist\u00e4 varten<\/li>\n<\/ul>\n<\/div>\n<\/div>\n\n<h3 class=\"wp-block-heading\" id=\"h-battery-and-additional-features\">Akku ja lis\u00e4ominaisuudet<\/h3>\n\n<p><strong>Pocket DMG<\/strong>:n virtal\u00e4hteen\u00e4 on 6 000 mAh akku, joka tukee 25 W PD-pikalatausta, jotta voit pelata pidemp\u00e4\u00e4n. Muita huomionarvoisia ominaisuuksia ovat mm: <\/p>\n\n<figure class=\"wp-block-image size-large\"><a href=\"https:\/\/droix.net\/wp-content\/uploads\/2024\/08\/AYANEO-POCKET-DMG-MARKETING-DONE-18.jpg\" target=\"_blank\" rel=\"noopener\"><img decoding=\"async\" src=\"https:\/\/droix.net\/wp-content\/uploads\/2024\/08\/AYANEO-POCKET-DMG-MARKETING-DONE-18-1024x1024.jpg\" alt=\"Markkinointikuva, jossa esitell&#xE4;&#xE4;n AYANEO Pocket DMG:n 6000 mAh:n akkua ja korostetaan akun pitk&#xE4;&#xE4; kestoa ja PD-pikalataustukea. Alaosassa esitell&#xE4;&#xE4;n Hall Medium -joystick ja korostetaan sen tarkkuutta, kest&#xE4;vyytt&#xE4; (5 miljoonaa k&#xE4;ytt&#xF6;kertaa) ja parannettuja ohjausominaisuuksia. \" class=\"wp-image-184231\"\/><\/a><\/figure>\n\n<ul class=\"wp-block-list\">\n<li>Kuuden akselin gyroskooppi liikkeenohjausta varten<\/li>\n\n\n\n<li>Aktiivinen j\u00e4\u00e4hdytysj\u00e4rjestelm\u00e4, jossa on sis\u00e4\u00e4nrakennettu tuuletin optimaalisen suorituskyvyn yll\u00e4pit\u00e4miseksi.<\/li>\n\n\n\n<li>Pienikokoinen kantolaukku helppoa siirrett\u00e4vyytt\u00e4 varten<\/li>\n<\/ul>\n\n<h3 class=\"wp-block-heading\" id=\"h-user-experience-and-conclusion\">K\u00e4ytt\u00e4j\u00e4kokemus ja p\u00e4\u00e4telm\u00e4t<\/h3>\n\n<p><strong>AYANEO Pocket DMG<\/strong> on poikkeuksellinen valinta <strong>retropelien<\/strong> harrastajille ja ker\u00e4ilij\u00f6ille, jotka haluavat laitteen, joka vangitsee klassisen <strong>retrok\u00e4mmenpelaamisen<\/strong> olemuksen ja tarjoaa samalla modernin teknologian tehon ja monipuolisuuden. Olipa kyse sitten klassisten pelien uudelleenel\u00e4misest\u00e4 tai uusien pelien tutkimisesta, t\u00e4m\u00e4 <strong>k\u00e4sikonsoli<\/strong> tarjoaa mukaansatempaavan ja nautinnollisen <strong>pelikokemuksen<\/strong>. <\/p>\n","protected":false},"excerpt":{"rendered":"<ul>\n<li>Prosessori: <strong>G3x Gen 2.<\/strong><\/li>\n<li>N\u00e4ytt\u00f6: 1240&#215;1080 resoluutio: <strong>3,92-tuumainen OLED<\/strong>, 1240&#215;1080 resoluutio.<\/li>\n<li>RAM-muisti: <strong>8GB<\/strong> LPDDR5X @ <strong>8533 MT\/s<\/strong><\/li>\n<li>Varastointi: 3.1<\/li>\n<li>Liitett\u00e4vyys: 5 <strong>.3<\/strong><\/li>\n<\/ul>\n<p><img fetchpriority=\"high\" decoding=\"async\" src=\"https:\/\/ayaneo.co\/wp-content\/uploads\/2024\/08\/DMG-FREEBIES1.jpg\" alt=\"Vaaleanharmaalla pohjalla olevassa mainoskuvassa lukee  \" free=\"\" gifts=\"\" in=\"\" large=\"\" dark=\"\" gray=\"\" letters=\"\" at=\"\" the=\"\" top.=\"\" below=\"\" this=\"\" smaller=\"\" text=\"\" it=\"\" lists=\"\" case=\"\" and=\"\" caps=\"\" followed=\"\" by=\"\" added=\"\" to=\"\" cart=\"\" a=\"\" slightly=\"\" larger=\"\" font.=\"\" right=\"\" there=\"\" are=\"\" two=\"\" product=\"\" square=\"\" white=\"\" rainbow-colored=\"\" package=\"\" containing=\"\" four=\"\" black=\"\" thumbstick=\"\" mesh=\"\" protective=\"\" identical=\"\" one=\"\" previous=\"\" image=\"\" with=\"\" logo=\"\" bottom.=\"\" width=\"550\" height=\"140\" class=\"alignnone size-full wp-image-25170\" images:=\"\" srcset=\"https:\/\/ayaneo.co\/wp-content\/uploads\/2024\/08\/DMG-FREEBIES1.jpg 550w, https:\/\/ayaneo.co\/wp-content\/uploads\/2024\/08\/DMG-FREEBIES1-300x76.jpg 300w, https:\/\/ayaneo.co\/wp-content\/uploads\/2024\/08\/DMG-FREEBIES1-441x112.jpg 441w, https:\/\/ayaneo.co\/wp-content\/uploads\/2024\/08\/DMG-FREEBIES1-150x38.jpg 150w\" sizes=\"(max-width: 550px) 100vw, 550px\" \/><\/p>\n[cg_accordion title=\"MAKSUTIEDOT\"] <\/p>\n<p>K\u00e4yt\u00e4mme uusinta tekniikkaa maksujen k\u00e4sittelyss\u00e4, jonka avulla voit tehd\u00e4 maksun Apple Payn, Google Payn, pankki- tai luottokorttisi, PayPalin tai BNPL-menetelmien, kuten Klarnan, Affirmin tai AfterPayn kautta, mik\u00e4 takaa nopean ja turvallisen maksukokemuksen.[\/cg_accordion]\n[cg_accordion title=\"TAKUU\"] <\/p>\n<p>1 vuoden takuu <a href=\"https:\/\/droix.net\/\" target=\"_blank\" rel=\"nofollow noopener\">DROIX Globalilta<\/a> mielenrauhasi vuoksi.[\/cg_accordion]\n[cg_accordion title=\"HINNOITTELU, VEROT JA TOIMITUKSET\"] <\/p>\n<p><strong><u>Huom:<\/u><\/strong><\/p>\n<ul>\n<li>Yhdysvallat Asiakkaat: Asiakkaat: N\u00e4ytetty hinta EI sis\u00e4ll\u00e4 veroja eik\u00e4 tulleja. Vastuu tulliselvityksest\u00e4 ja siihen liittyvien verojen\/tullien maksamisesta on asiakkaalla. <\/li>\n<li>EU:n asiakkaat: N\u00e4ytetty hinta sis\u00e4lt\u00e4\u00e4 sovellettavan veron, joka voi olla jopa 25 % maastasi riippuen.<\/li>\n<li>Kanada Asiakkaat: N\u00e4ytetty hinta sis\u00e4lt\u00e4\u00e4 sovellettavat verot, joihin voi sis\u00e4lty\u00e4 5 % GST ja ylim\u00e4\u00e4r\u00e4isi\u00e4 maakunnallisia myyntiveroja (PST), harmonisoitua myyntiveroa (HST) tai Quebecin myyntiveroa (QST) maakunnasta riippuen.<\/li>\n<\/ul>\n<p><strong>AINOASTAAN EU:n asiakkaille:<\/strong> Express DDP (Delivered Duty Paid). T\u00e4m\u00e4 tarkoittaa: <\/p>\n<ul>\n<li>Kaikki tullit ja verot sis\u00e4ltyv\u00e4t tuotesivulla ilmoitettuun hintaan.<\/li>\n<li>Sinun ei tarvitse maksaa lis\u00e4maksuja toimituksen yhteydess\u00e4.<\/li>\n<li>Harvinaisissa tulliin liittyviss\u00e4 tapauksissa tiimimme hoitaa tulliselvitysprosessin puolestasi varmistaakseen sujuvan toimituksen.<\/li>\n<p>T\u00e4rke\u00e4\u00e4 tietoa palautuksista:<\/p>\n<li>Jos p\u00e4\u00e4t\u00e4t palauttaa tilauksesi tai pyyt\u00e4\u00e4 palautusta, ota huomioon, ett\u00e4 DDP-ehtojen mukaisesti puolestasi maksettuja veroja ja tulleja ei voida palauttaa.<\/li>\n<p>Tutustu meid\u00e4n<\/ul>\n<\/li>\n<\/ul>\n<p><a href=\"https:\/\/ayaneo.co\/fi\/kayttoehdot\/\" target=\"_blank\" rel=\"nofollow noopener\">Ehdot ja edellytykset<\/a><\/p>\n<ul>yksityiskohtaisia tietoja.<\/ul>\n<p>[\/cg_accordion]\n[cg_accordion title=\"ASIAKASTUKI\"] <\/p>\n<p>Onko kysytt\u00e4v\u00e4\u00e4? Olemme lyhyen tekstiviestin p\u00e4\u00e4ss\u00e4 siit\u00e4, ett\u00e4 ongelmasi on ratkaistu!   [\/cg_accordion]\n[cg_accordion title=\"Paketti sis\u00e4lt\u00e4\u00e4\"]<\/p>\n<ul>\n<li>1x AYANEO Pocket DMG<\/li>\n<li>1x USB Type-C-kaapeli<\/li>\n<li>1x K\u00e4ytt\u00f6ohje<\/li>\n<\/ul>\n<p>[\/cg_accordion]\n","protected":false},"featured_media":5007,"template":"","meta":{"_acf_changed":false},"product_brand":[],"product_cat":[590],"product_tag":[],"class_list":{"0":"post-4998","1":"product","2":"type-product","3":"status-publish","4":"has-post-thumbnail","6":"product_cat-android-gaming-handheld-fi","7":"product_shipping_class-premium","8":"pa_brand-ayaneo","9":"pa_graphics-gpu-model-adreno-a32","10":"pa_operating-system-android-13","11":"pa_processor-cpu-brand-qualcomm","13":"first","14":"instock","15":"taxable","16":"shipping-taxable","17":"purchasable","18":"product-type-variable","19":"has-default-attributes"},"acf":[],"_links":{"self":[{"href":"https:\/\/ayaneo.co\/fi\/wp-json\/wp\/v2\/product\/4998","targetHints":{"allow":["GET"]}}],"collection":[{"href":"https:\/\/ayaneo.co\/fi\/wp-json\/wp\/v2\/product"}],"about":[{"href":"https:\/\/ayaneo.co\/fi\/wp-json\/wp\/v2\/types\/product"}],"wp:featuredmedia":[{"embeddable":true,"href":"https:\/\/ayaneo.co\/fi\/wp-json\/wp\/v2\/media\/5007"}],"wp:attachment":[{"href":"https:\/\/ayaneo.co\/fi\/wp-json\/wp\/v2\/media?parent=4998"}],"wp:term":[{"taxonomy":"product_brand","embeddable":true,"href":"https:\/\/ayaneo.co\/fi\/wp-json\/wp\/v2\/product_brand?post=4998"},{"taxonomy":"product_cat","embeddable":true,"href":"https:\/\/ayaneo.co\/fi\/wp-json\/wp\/v2\/product_cat?post=4998"},{"taxonomy":"product_tag","embeddable":true,"href":"https:\/\/ayaneo.co\/fi\/wp-json\/wp\/v2\/product_tag?post=4998"}],"curies":[{"name":"wp","href":"https:\/\/api.w.org\/{rel}","templated":true}]}}