{"id":5020,"date":"2024-08-16T09:46:32","date_gmt":"2024-08-16T09:46:32","guid":{"rendered":"https:\/\/ayaneo.co\/product\/ayaneo-pocket-micro\/"},"modified":"2025-08-31T00:02:06","modified_gmt":"2025-08-31T00:02:06","slug":"ayaneo-pocket-micro","status":"publish","type":"product","link":"https:\/\/ayaneo.co\/fi\/product\/ayaneo-pocket-micro\/","title":{"rendered":"AYANEO Pocket Micro"},"content":{"rendered":"\n<figure class=\"wp-block-video\"><video controls=\"\" poster=\"https:\/\/droix.net\/wp-content\/uploads\/2024\/08\/AYANEO-Pocket-MICRO-announced-1.webp\" src=\"https:\/\/droix.net\/wp-content\/uploads\/2024\/08\/AYANEO-Pocket-MICRO-Gaming-Experience-&#x2014;&#x2014;-Dungreed.mp4\"><\/video><\/figure>\n\n<div class=\"wp-block-columns is-layout-flex wp-container-core-columns-is-layout-28f84493 wp-block-columns-is-layout-flex\">\n<div class=\"wp-block-column is-layout-flow wp-block-column-is-layout-flow\" style=\"flex-basis:33.33%\">\n<figure class=\"wp-block-image size-large\"><a href=\"https:\/\/droix.net\/wp-content\/uploads\/2024\/08\/AYANEO-POCKET-MICRO-MARKETING-DONE-01.jpg\" target=\"_blank\" rel=\"noopener\"><img decoding=\"async\" src=\"https:\/\/droix.net\/wp-content\/uploads\/2024\/08\/AYANEO-POCKET-MICRO-MARKETING-DONE-01-1024x1024.jpg\" alt=\"Mustan AYANEO Pocket Micro -laitteen sivukuva, jossa n&#xE4;kyy sen ohut profiili, jossa painikkeet ja tuuletusaukot ovat n&#xE4;kyviss&#xE4;. N&#xE4;yt&#xF6;ss&#xE4; n&#xE4;kyy v&#xE4;rikk&#xE4;it&#xE4; viivoja. Teksti oikealla lukee &quot;AYANEO POCKET MICRO: Premium horisontaalinen retro-k&#xE4;sikonsoli. Herkk&#xE4; leikkikalu, jota et halua laskea pois.&quot;.  \" class=\"wp-image-184281\"\/><\/a><\/figure>\n<\/div>\n\n\n\n<div class=\"wp-block-column is-layout-flow wp-block-column-is-layout-flow\" style=\"flex-basis:66.66%\">\n<h3 class=\"wp-block-heading\" id=\"h-ayaneo-pocket-micro-a-premium-handheld-gaming-experience\"><strong>AYANEO Pocket Micro: Premium Handheld Gaming Experience<\/strong><\/h3>\n\n\n\n<p>AYANEO Pocket Micro on yhdistelm\u00e4 retro-estetiikkaa ja huipputeknologiaa, ja se tarjoaa ainutlaatuisen pelikokemuksen. Kompaktin muodon ja kehittyneet ominaisuudet yhdist\u00e4v\u00e4 laite palvelee sek\u00e4 nostalgisia pelaajia ett\u00e4 nykyaikaisia tekniikan harrastajia. CNC-alumiiniseosrunko, reunukseton IPS -n\u00e4ytt\u00f6 ja suorituskykyiset sis\u00e4osat takaavat poikkeuksellisen pelikokemuksen tyylikk\u00e4\u00e4ss\u00e4 ja kest\u00e4v\u00e4ss\u00e4 paketissa.  <\/p>\n<\/div>\n<\/div>\n\n<div class=\"wp-block-columns is-layout-flex wp-container-core-columns-is-layout-28f84493 wp-block-columns-is-layout-flex\">\n<div class=\"wp-block-column is-layout-flow wp-block-column-is-layout-flow\">\n<figure class=\"wp-block-image size-large\"><a href=\"https:\/\/droix.net\/wp-content\/uploads\/2024\/08\/AYANEO-POCKET-MICRO-MARKETING-DONE-08.jpg\" target=\"_blank\" rel=\"noopener\"><img decoding=\"async\" src=\"https:\/\/droix.net\/wp-content\/uploads\/2024\/08\/AYANEO-POCKET-MICRO-MARKETING-DONE-08-1024x1024.jpg\" alt=\"Sivukuva AYANEO Pocket Microsta, jossa n&#xE4;kyy sen CNC-alumiiniseosrunko, L1- ja L2-painikkeet ja ilmanvaihtoaukot. Teksti korostaa laitteen korkealaatuista rakennetta ja ylivoimaista tuntumaa mainitsemalla ainutlaatuisen metallisen rakenteen, anodisen hapetusprosessin ja eritt&#xE4;in lujan rungon. \" class=\"wp-image-184277\"\/><\/a><\/figure>\n\n\n\n<h3 class=\"wp-block-heading\" id=\"h-design-and-build\"><strong>Suunnittelu ja rakentaminen<\/strong><\/h3>\n\n\n\n<p>Pocket Microissa on CNC-alumiiniseosrunko, joka parantaa kest\u00e4vyytt\u00e4 ja antaa ensiluokkaisen tuntuman. Sen tyylik\u00e4s, reunukseton koko n\u00e4yt\u00f6n muotoilu tarjoaa upean katselukokemuksen. Obsidian Black, Charm Red ja Vintage Grey -v\u00e4reiss\u00e4 saatavilla oleva laite sis\u00e4lt\u00e4\u00e4 kiilt\u00e4vi\u00e4 lasipaneeleita ja anodisoidun alumiinirungon, jotka lis\u00e4\u00e4v\u00e4t sen hienostunutta ja korkealuokkaista ulkon\u00e4k\u00f6\u00e4.  <\/p>\n<\/div>\n\n\n\n<div class=\"wp-block-column is-layout-flow wp-block-column-is-layout-flow\">\n<figure class=\"wp-block-image size-large\"><a href=\"https:\/\/droix.net\/wp-content\/uploads\/2024\/08\/AYANEO-POCKET-MICRO-MARKETING-DONE-02.jpg\" target=\"_blank\" rel=\"noopener\"><img decoding=\"async\" src=\"https:\/\/droix.net\/wp-content\/uploads\/2024\/08\/AYANEO-POCKET-MICRO-MARKETING-DONE-02-1024x1024.jpg\" alt=\"L&#xE4;hikuva mustasta AYANEO Pocket Micro -pelist&#xE4;, jossa n&#xE4;kyy D-pad, toimintopainikkeet ja n&#xE4;ytt&#xF6; v&#xE4;rikk&#xE4;ill&#xE4; viivoilla. Alareunassa oleva teksti kuvaa AYANEO REMAKE Concept Innovation -konsepti-innovaatiota ja korostaa ominaisuuksia, kuten 3,5 tuuman 640P-n&#xE4;ytt&#xF6;&#xE4;, CNC-alumiiniseosrunkoa ja ylivoimaista k&#xE4;sity&#xF6;taitoa. REMAKE-logo n&#xE4;kyy vasemmassa yl&#xE4;kulmassa. \" class=\"wp-image-184278\"\/><\/a><\/figure>\n\n\n\n<h3 class=\"wp-block-heading\" id=\"h-display\"><strong>N\u00e4ytt\u00f6<\/strong><\/h3>\n\n\n\n<p>Laitteessa on 3,5 tuuman reunukseton IPS n\u00e4ytt\u00f6, jonka tarkkuus on 960 x 640 ja kuvasuhde 3:2. N\u00e4ytt\u00f6 tarjoaa 330 PPI:n pikselitiheyden ja 100 %:n sRGB-peiton ansiosta eloisan ja ter\u00e4v\u00e4piirtoisen kuvan. Natiivin GBA-tarkkuuden 4-kertaisuus takaa, ett\u00e4 klassiset pelit s\u00e4ilytt\u00e4v\u00e4t kirkkautensa ja v\u00e4rins\u00e4 ilman v\u00e4\u00e4ristymi\u00e4.  <\/p>\n<\/div>\n\n\n\n<div class=\"wp-block-column is-layout-flow wp-block-column-is-layout-flow\">\n<figure class=\"wp-block-image size-large\"><a href=\"https:\/\/droix.net\/wp-content\/uploads\/2024\/08\/AYANEO-POCKET-MICRO-MARKETING-DONE-13.jpg\" target=\"_blank\" rel=\"noopener\"><img decoding=\"async\" src=\"https:\/\/droix.net\/wp-content\/uploads\/2024\/08\/AYANEO-POCKET-MICRO-MARKETING-DONE-13-1024x1024.jpg\" alt=\"MediaTek Helio G99 -suoritinta esittelev&#xE4; grafiikka AYANEO Pocket Micro -puhelimessa. Tekstilaatikot korostavat sen kahdeksanytimist&#xE4; prosessoria, joka pystyy py&#xF6;ritt&#xE4;m&#xE4;&#xE4;n PS2-pelej&#xE4;, aktiivista j&#xE4;&#xE4;hdytyst&#xE4; pitki&#xE4; pelisessioita varten ja jopa 6 tunnin akkukestoa. Helio G99 -logo on n&#xE4;kyv&#xE4;sti esill&#xE4; v&#xE4;rikk&#xE4;&#xE4;ll&#xE4; taustalla.  \" class=\"wp-image-184267\"\/><\/a><\/figure>\n\n\n\n<h3 class=\"wp-block-heading\" id=\"h-performance\"><strong>Suorituskyky<\/strong><\/h3>\n\n\n\n<p>MediaTek Helio G99 -suorittimella varustettu Pocket Micro takaa sujuvan pelaamisen jopa PS2-peleiss\u00e4. Siin\u00e4 on LPDDR4X 4266Mbps -muisti ja kaksi tallennusvaihtoehtoa: 6GB+128GB tai 8GB+256GB. T\u00e4m\u00e4 kokoonpano tarjoaa runsaasti tilaa monipuoliselle pelikirjastolle ja s\u00e4ilytt\u00e4\u00e4 samalla korkean suorituskyvyn.  <\/p>\n<\/div>\n<\/div>\n\n<div class=\"wp-block-columns is-layout-flex wp-container-core-columns-is-layout-28f84493 wp-block-columns-is-layout-flex\">\n<div class=\"wp-block-column is-layout-flow wp-block-column-is-layout-flow\">\n<figure class=\"wp-block-image size-large\"><a href=\"https:\/\/droix.net\/wp-content\/uploads\/2024\/08\/AYANEO-POCKET-MICRO-MARKETING-DONE-15.jpg\" target=\"_blank\" rel=\"noopener\"><img decoding=\"async\" src=\"https:\/\/droix.net\/wp-content\/uploads\/2024\/08\/AYANEO-POCKET-MICRO-MARKETING-DONE-15-1024x1024.jpg\" alt=\"K&#xE4;det pitelev&#xE4;t AYANEO Pocket Micro -laitetta, jossa n&#xE4;kyy laitteen takaosa, jossa on olkap&#xE4;&#xE4;painikkeet ja tuuletusaukot. Alla kaavio laitteen etupuolelta, jossa n&#xE4;kyy laitteen painikkeiden ja n&#xE4;yt&#xF6;n sijoittelu. Tekstiss&#xE4; kuvataan ainutlaatuinen painikkeiden muotoilu ja luova tuntuma, mukaan lukien yksityiskohdat L1-, L2-, R1- ja R2-olkap&#xE4;&#xE4;n&#xE4;pp&#xE4;imist&#xE4; ja ristin keskeisist&#xE4; ominaisuuksista.  \" class=\"wp-image-184279\"\/><\/a><\/figure>\n\n\n\n<h3 class=\"wp-block-heading\" id=\"h-controls-and-features\"><strong>Ohjauslaitteet ja ominaisuudet<\/strong><\/h3>\n\n\n\n<p>Laitteessa on innovatiivinen ohjausasettelu, joka takaa mukavuuden ja reagoinnin. Se sis\u00e4lt\u00e4\u00e4 Hall-joystickit, erikorkuiset L1\/L2\/R1\/R1\/R2-olkan\u00e4pp\u00e4imet ja napautuspainikkeen. Lis\u00e4s\u00e4\u00e4timiin kuuluu master-yleiskahva, X-akselinen lineaarimoottori t\u00e4rin\u00e4palautetta varten ja kuuden akselin gyroskooppi parempaa peliohjausta varten.  <\/p>\n<\/div>\n\n\n\n<div class=\"wp-block-column is-layout-flow wp-block-column-is-layout-flow\">\n<figure class=\"wp-block-image size-large\"><a href=\"https:\/\/droix.net\/wp-content\/uploads\/2024\/08\/AYANEO-POCKET-MICRO-MARKETING-DONE-16.jpg\" target=\"_blank\" rel=\"noopener\"><img decoding=\"async\" src=\"https:\/\/droix.net\/wp-content\/uploads\/2024\/08\/AYANEO-POCKET-MICRO-MARKETING-DONE-16-1024x1024.jpg\" alt=\"L&#xE4;hikuvassa k&#xE4;det, joissa on AYANEO Pocket Micro, n&#xE4;yt&#xF6;ll&#xE4; peli &quot;Balatro&quot;. Yll&#xE4; kuvakkeet edustavat liitett&#xE4;vyysominaisuuksia: kaksitaajuuksinen WiFi 5 ja BT 5.2, USB Type-C-liit&#xE4;nt&#xE4; ja Micro SD -korttipaikka, ja niiss&#xE4; on lyhyt kuvaus kunkin ominaisuuden hy&#xF6;dyist&#xE4;. \" class=\"wp-image-184269\"\/><\/a><\/figure>\n\n\n\n<h3 class=\"wp-block-heading\" id=\"h-connectivity-and-software\"><strong>Liitett\u00e4vyys ja ohjelmisto<\/strong><\/h3>\n\n\n\n<p>Pocket Micro toimii osoitteessa Android 13, ja se tukee kaksitaajuuksista WiFi 5:t\u00e4 ja Bluetooth 5.2:ta luotettavaa langatonta yhteytt\u00e4 varten. Siin\u00e4 on USB Type-C -portti, jossa on USB 2.0 OTG -tuki, ja Micro SD -korttipaikka (SD 3.0) laajennettua tallennustilaa varten. Laitetta hallitaan AYASpace Management Front-endin ja AYAHome Desktop Launcherin kautta, mik\u00e4 takaa k\u00e4ytt\u00e4j\u00e4yst\u00e4v\u00e4llisen k\u00e4ytt\u00f6kokemuksen.  <\/p>\n<\/div>\n\n\n\n<div class=\"wp-block-column is-layout-flow wp-block-column-is-layout-flow\">\n<figure class=\"wp-block-image size-large\"><a href=\"https:\/\/droix.net\/wp-content\/uploads\/2024\/08\/AYANEO-POCKET-MICRO-MARKETING-DONE-14.jpg\" target=\"_blank\" rel=\"noopener\"><img decoding=\"async\" src=\"https:\/\/droix.net\/wp-content\/uploads\/2024\/08\/AYANEO-POCKET-MICRO-MARKETING-DONE-14-1024x1024.jpg\" alt=\"Tyylik&#xE4;s musta kannettava pelilaite nimelt&#xE4;&#xE4;n AYANEO Pocket Micro on kuvattu kulmasta, jossa korostuvat sen ohut profiili ja painikkeiden sijoittelu. Alla on kuvakkeita, jotka edustavat erilaisia ominaisuuksia, kuten gyroskooppitarkennusta, huipputarkkoja joystickej&#xE4; ja painikkeiden r&#xE4;&#xE4;t&#xE4;l&#xF6;intivaihtoehtoja. \" class=\"wp-image-184268\"\/><\/a><\/figure>\n\n\n\n<h3 class=\"wp-block-heading\" id=\"h-innovative-button-design\"><strong>Innovatiivinen painikkeen muotoilu<\/strong><\/h3>\n\n\n\n<p>Pocket Micro -n\u00e4pp\u00e4imiss\u00e4 on ainutlaatuinen painikeasettelu, jossa on ristikk\u00e4isn\u00e4pp\u00e4imet ja ABXY-painikkeet, joissa k\u00e4ytet\u00e4\u00e4n johtavaa liimaustekniikkaa, joka takaa tasaisen tuntuman. Olkap\u00e4\u00e4n\u00e4pp\u00e4imet on suunniteltu korkeataajuiseen k\u00e4ytt\u00f6\u00f6n, ja AYASpacen kautta on mahdollista mukauttaa n\u00e4pp\u00e4inarvojen vaihtoa. <\/p>\n<\/div>\n<\/div>\n\n<h3 class=\"wp-block-heading\" id=\"h-battery-and-cooling\"><strong>Akku ja j\u00e4\u00e4hdytys<\/strong><\/h3>\n\n<p>Pocket Micro sis\u00e4lt\u00e4\u00e4 2600 mAh:n akun, joka mahdollistaa jopa 6 tunnin yht\u00e4jaksoisen pelaamisen. Edistyksellinen ilmaj\u00e4\u00e4hdytteinen aktiivinen l\u00e4mm\u00f6ntuottoj\u00e4rjestelm\u00e4 auttaa est\u00e4m\u00e4\u00e4n suorituskyvyn heikkenemisen pitkien pelisessioiden aikana ja varmistaa tasaisen suorituskyvyn. <\/p>\n\n<h3 class=\"wp-block-heading\" id=\"h-additional-features\"><strong>Lis\u00e4ominaisuudet<\/strong><\/h3>\n\n<p>Laite yhdist\u00e4\u00e4 biometrisen todennuksen virta-avaimen ja \u00e4\u00e4nisormenj\u00e4lkitunnistuksen avulla. Se tarjoaa my\u00f6s SoundTAP Magic -\u00e4\u00e4nit\u00e4rin\u00e4n, Xinput-t\u00e4rin\u00e4n, monen kohtauksen suorituskykytilat ja mukautettavan n\u00e4pp\u00e4inkartoituksen yksil\u00f6llist\u00e4 pelikokemusta varten. <\/p>\n\n<h3 class=\"wp-block-heading\" id=\"h-visual-appeal\"><strong>Visuaalinen vetovoima<\/strong><\/h3>\n\n<p>Visuaalisesti silmiinpist\u00e4v\u00e4ksi suunniteltu Pocket Micro on ohut ja retrovaikutteinen. Sen elinvoimainen n\u00e4ytt\u00f6 ja laadukas metallinen rakenne parantavat sen ulkon\u00e4k\u00f6\u00e4, mik\u00e4 tekee siit\u00e4 houkuttelevan valinnan sek\u00e4 ker\u00e4ilij\u00f6ille ett\u00e4 pelaajille. <\/p>\n\n<h3 class=\"wp-block-heading\" id=\"h-conclusion\">P\u00e4\u00e4telm\u00e4<\/h3>\n\n<p>AYANEO Pocket Micro on huolellisesti valmistettu k\u00e4sikonsoli, jossa yhdistyv\u00e4t retrohenkinen charmi ja moderni toiminnallisuus. Sen harkittu muotoilu ja laadukas rakenne takaavat poikkeuksellisen pelikokemuksen kompaktissa ja tyylikk\u00e4\u00e4ss\u00e4 paketissa. Pocket Micro on ihastuttava lis\u00e4 mihin tahansa peliasennukseen, olipa kyse sitten klassisten pelien uudelleenk\u00e4ynnist\u00e4 tai uusien pelien tutkimisesta.  <\/p>\n","protected":false},"excerpt":{"rendered":"<ul>\n<li>Prosessori: <strong>G99<\/strong><\/li>\n<li>N\u00e4ytt\u00f6: 3.5&#8243; <strong>reunukseton<\/strong> <strong> IPS<\/strong><\/li>\n<li>RAM-muisti: Enint\u00e4\u00e4n <strong>8 Gt<\/strong> LPDDR4X @ <strong>4266 MT\/s<\/strong><\/li>\n<li>Varastointi: <strong>UFS<\/strong> 2.2<\/li>\n<li>Liitett\u00e4vyys: <strong>5<\/strong> &amp; Bluetooth <strong>5.2<\/strong> tuki<\/li>\n<\/ul>\n<p><img fetchpriority=\"high\" decoding=\"async\" src=\"https:\/\/ayaneo.co\/wp-content\/uploads\/2024\/08\/MICRO-GIFTS-NEW-NOGRIPS.jpg\" alt=\"Musta suojakotelo ja pieni, suorakulmainen laatikko (todenn\u00e4k\u00f6isesti n\u00e4yt\u00f6nsuoja) n\u00e4ytet\u00e4\u00e4n tekstin vieress\u00e4, jossa lukee  \" free=\"\" gifts=\"\" protective=\"\" case=\"\" screen=\"\" protector=\"\" automatically=\"\" added=\"\" to=\"\" cart.=\"\" the=\"\" box=\"\" has=\"\" pocket=\"\" micro=\"\" visible=\"\" on=\"\" it.=\"\" width=\"550\" height=\"140\" class=\"alignnone size-full wp-image-24520\" srcset=\"https:\/\/ayaneo.co\/wp-content\/uploads\/2024\/08\/MICRO-GIFTS-NEW-NOGRIPS.jpg 550w, https:\/\/ayaneo.co\/wp-content\/uploads\/2024\/08\/MICRO-GIFTS-NEW-NOGRIPS-300x76.jpg 300w, https:\/\/ayaneo.co\/wp-content\/uploads\/2024\/08\/MICRO-GIFTS-NEW-NOGRIPS-441x112.jpg 441w, https:\/\/ayaneo.co\/wp-content\/uploads\/2024\/08\/MICRO-GIFTS-NEW-NOGRIPS-150x38.jpg 150w\" sizes=\"(max-width: 550px) 100vw, 550px\" \/><\/p>\n[cg_accordion title=\"MAKSUTIEDOT\"]<\/p>\n<p>K\u00e4yt\u00e4mme uusinta tekniikkaa maksujen k\u00e4sittelyss\u00e4, jonka avulla voit tehd\u00e4 maksun Apple Payn, Google Payn, pankki- tai luottokorttisi, PayPalin tai BNPL-menetelmien, kuten Klarnan, Affirmin tai AfterPayn kautta, mik\u00e4 takaa nopean ja turvallisen maksukokemuksen.[\/cg_accordion]\n[cg_accordion title=\"TAKUU\"]<\/p>\n<p>1 vuoden takuu <a href=\"https:\/\/droix.net\/\" target=\"_blank\" rel=\"nofollow noopener\">DROIX Globalilta<\/a> mielenrauhasi vuoksi[\/cg_accordion]\n[cg_accordion title=\"HINNOITTELU, VEROT JA TOIMITUKSET\"]<\/p>\n<p><strong><u>Huom:<\/u><\/strong><\/p>\n<ul>\n<li>Yhdysvallat Asiakkaat: Asiakkaat: N\u00e4ytetty hinta EI sis\u00e4ll\u00e4 veroja eik\u00e4 tulleja. Vastuu tulliselvityksest\u00e4 ja siihen liittyvien verojen\/tullien maksamisesta on asiakkaalla. <\/li>\n<li>EU:n asiakkaat: N\u00e4ytetty hinta sis\u00e4lt\u00e4\u00e4 sovellettavan veron, joka voi olla jopa 25 % maastasi riippuen.<\/li>\n<li>Kanada Asiakkaat: N\u00e4ytetty hinta sis\u00e4lt\u00e4\u00e4 sovellettavat verot, joihin voi sis\u00e4lty\u00e4 5 % GST ja ylim\u00e4\u00e4r\u00e4isi\u00e4 maakunnallisia myyntiveroja (PST), harmonisoitua myyntiveroa (HST) tai Quebecin myyntiveroa (QST) maakunnasta riippuen.<\/li>\n<\/ul>\n<p><strong>AINOASTAAN EU:n asiakkaille:<\/strong> Express DDP (Delivered Duty Paid). T\u00e4m\u00e4 tarkoittaa: <\/p>\n<ul>\n<li>Kaikki tullit ja verot sis\u00e4ltyv\u00e4t tuotesivulla ilmoitettuun hintaan.<\/li>\n<li>Sinun ei tarvitse maksaa lis\u00e4maksuja toimituksen yhteydess\u00e4.<\/li>\n<li>Harvinaisissa tulliin liittyviss\u00e4 tapauksissa tiimimme hoitaa tulliselvitysprosessin puolestasi varmistaakseen sujuvan toimituksen.<\/li>\n<p>T\u00e4rke\u00e4\u00e4 tietoa palautuksista:<\/p>\n<li>Jos p\u00e4\u00e4t\u00e4t palauttaa tilauksesi tai pyyt\u00e4\u00e4 palautusta, ota huomioon, ett\u00e4 DDP-ehtojen mukaisesti puolestasi maksettuja veroja ja tulleja ei voida palauttaa.<\/li>\n<p>Katso yksityiskohtaiset tiedot <a href=\"https:\/\/ayaneo.co\/fi\/kayttoehdot\/\" target=\"_blank\" rel=\"nofollow noopener\">k\u00e4ytt\u00f6ehdoistamme<\/a>.\n<\/ul>\n<p>[\/cg_accordion]\n[cg_accordion title=\"ASIAKASTUKI\"]<\/p>\n<p>Onko kysytt\u00e4v\u00e4\u00e4? Olemme lyhyen tekstiviestin p\u00e4\u00e4ss\u00e4 siit\u00e4, ett\u00e4 ongelmasi on ratkaistu!<br \/>\n[\/cg_accordion]\n[cg_accordion title=\"Paketti sis\u00e4lt\u00e4\u00e4\"]<\/p>\n<ul>\n<li>1x AYANEO Pocket Micro<\/li>\n<li>1x USB Type-C-kaapeli<\/li>\n<li>1x K\u00e4ytt\u00f6ohje<\/li>\n<\/ul>\n<p>[\/cg_accordion]\n","protected":false},"featured_media":6921,"template":"","meta":{"_acf_changed":false},"product_brand":[],"product_cat":[590],"product_tag":[],"class_list":{"0":"post-5020","1":"product","2":"type-product","3":"status-publish","4":"has-post-thumbnail","6":"product_cat-android-gaming-handheld-fi","7":"product_shipping_class-standard","8":"pa_brand-ayaneo","9":"pa_graphics-gpu-model-g57","10":"pa_operating-system-android-13","11":"pa_processor-cpu-brand-mediatek","13":"first","14":"outofstock","15":"taxable","16":"shipping-taxable","17":"purchasable","18":"product-type-variable","19":"has-default-attributes"},"acf":[],"_links":{"self":[{"href":"https:\/\/ayaneo.co\/fi\/wp-json\/wp\/v2\/product\/5020","targetHints":{"allow":["GET"]}}],"collection":[{"href":"https:\/\/ayaneo.co\/fi\/wp-json\/wp\/v2\/product"}],"about":[{"href":"https:\/\/ayaneo.co\/fi\/wp-json\/wp\/v2\/types\/product"}],"wp:featuredmedia":[{"embeddable":true,"href":"https:\/\/ayaneo.co\/fi\/wp-json\/wp\/v2\/media\/6921"}],"wp:attachment":[{"href":"https:\/\/ayaneo.co\/fi\/wp-json\/wp\/v2\/media?parent=5020"}],"wp:term":[{"taxonomy":"product_brand","embeddable":true,"href":"https:\/\/ayaneo.co\/fi\/wp-json\/wp\/v2\/product_brand?post=5020"},{"taxonomy":"product_cat","embeddable":true,"href":"https:\/\/ayaneo.co\/fi\/wp-json\/wp\/v2\/product_cat?post=5020"},{"taxonomy":"product_tag","embeddable":true,"href":"https:\/\/ayaneo.co\/fi\/wp-json\/wp\/v2\/product_tag?post=5020"}],"curies":[{"name":"wp","href":"https:\/\/api.w.org\/{rel}","templated":true}]}}