{"id":5068,"date":"2024-09-20T09:49:52","date_gmt":"2024-09-20T09:49:52","guid":{"rendered":"https:\/\/ayaneo.co\/product\/ayaneo-pocket-s-tarvikkeet\/"},"modified":"2025-12-09T00:25:54","modified_gmt":"2025-12-09T00:25:54","slug":"ayaneo-pocket-s-tarvikkeet","status":"publish","type":"product","link":"https:\/\/ayaneo.co\/fi\/product\/ayaneo-pocket-s-tarvikkeet\/","title":{"rendered":"AYANEO Pocket S Tarvikkeet"},"content":{"rendered":"\n<p>Paranna AYANEO Pocket S pelikokemustasi t\u00e4ll\u00e4 pakollisella lis\u00e4varustepaketilla, joka on suunniteltu suojaamaan, tarjoamaan mukavuutta ja tehostamaan pelaamista.<\/p>\n\n<ul class=\"wp-block-list\">\n<li><strong>2-in-1 magneettinen Flip-suojakotelo<\/strong>: T\u00e4ss\u00e4 kotelossa yhdistyv\u00e4t tyyli ja toiminnallisuus. Suojakotelossa on magneettinen k\u00e4\u00e4ntyv\u00e4 kansi, joka kiinnitt\u00e4\u00e4 laitteen ja tarjoaa samalla helpon p\u00e4\u00e4syn. Liukastumista est\u00e4v\u00e4 rakenne takaa tukevan otteen, ja suurikokoinen kahva tarjoaa mukavan otteen pitki\u00e4 pelisessioita varten. Olitpa sitten kotona tai liikkeell\u00e4, t\u00e4m\u00e4 suojakotelo on t\u00e4ydellinen kumppani, joka suojaa AYANEO Pocket S -laitteesi p\u00e4ivitt\u00e4iselt\u00e4 kulutukselta.   <\/li>\n\n\n\n<li><strong>N\u00e4yt\u00f6nsuoja<\/strong>: Suojaa n\u00e4ytt\u00f6 korkealaatuisella, eritt\u00e4in kirkkaalla n\u00e4yt\u00f6nsuojalla. Se on suunniteltu kest\u00e4m\u00e4\u00e4n naarmuja, tahroja ja sormenj\u00e4lki\u00e4, ja se takaa, ett\u00e4 n\u00e4ytt\u00f6 pysyy yht\u00e4 elinvoimaisena ja herkk\u00e4n\u00e4 kuin aina ennenkin. Sen helppo kiinnitys takaa kuplattoman asennuksen, joka pit\u00e4\u00e4 n\u00e4yt\u00f6n koskemattomana ja s\u00e4ilytt\u00e4\u00e4 samalla kosketusherkkyyden, jotta pelaaminen olisi sujuvaa ja keskeytym\u00e4t\u00f6nt\u00e4.  <\/li>\n\n\n\n<li><strong>Peukalokahvat<\/strong>: Paranna hallintaa ensiluokkaisilla peukalokahvoilla. N\u00e4m\u00e4 analogisten ohjaussauvojen silikonisuojat tarjoavat erinomaisen pidon ja tarkkuuden, mik\u00e4 auttaa sinua s\u00e4ilytt\u00e4m\u00e4\u00e4n hallinnan kiihkeimmiss\u00e4kin pelihetkiss\u00e4. N\u00e4m\u00e4 peukalokahvat on suunniteltu v\u00e4hent\u00e4m\u00e4\u00e4n v\u00e4symyst\u00e4 ja parantamaan k\u00e4ytt\u00f6mukavuutta, ja ne mahdollistavat tarkemmat liikkeet, mik\u00e4 antaa sinulle tarvitsemasi kilpailuedun.  <\/li>\n<\/ul>\n\n<p>T\u00e4m\u00e4 lis\u00e4varustepaketti varmistaa, ett\u00e4 AYANEO Pocket S pysyy suojattuna ja toimintavalmiina, ja parantaa samalla pelikokemusta ergonomisilla parannuksilla.<\/p>\n","protected":false},"excerpt":{"rendered":"[cg_accordion title=\"MAKSUTIEDOT\"]<\/p>\n<p>K\u00e4yt\u00e4mme uusinta tekniikkaa maksujen k\u00e4sittelyss\u00e4, jonka avulla voit tehd\u00e4 maksun Apple Payn, Google Payn, pankki- tai luottokorttisi, PayPalin tai BNPL-menetelmien, kuten Klarnan, Affirmin tai AfterPayn kautta, mik\u00e4 takaa nopean ja turvallisen maksukokemuksen.[\/cg_accordion]\n[cg_accordion title=\"TAKUU\"]<\/p>\n<p>1 vuoden takuu <a href=\"https:\/\/droix.net\/\" target=\"_blank\" rel=\"nofollow noopener\">DROIX Globalilta<\/a> mielenrauhasi vuoksi[\/cg_accordion]\n[cg_accordion title=\"HINNOITTELU, VEROT JA TOIMITUKSET\"]<\/p>\n<p><strong><u>Huom:<\/u><\/strong><\/p>\n<ul>\n<li>Yhdysvallat Asiakkaat: Asiakkaat: N\u00e4ytetty hinta EI sis\u00e4ll\u00e4 veroja eik\u00e4 tulleja. Vastuu tulliselvityksest\u00e4 ja siihen liittyvien verojen\/tullien maksamisesta on asiakkaalla. <\/li>\n<li>EU:n asiakkaat: N\u00e4ytetty hinta sis\u00e4lt\u00e4\u00e4 sovellettavan veron, joka voi olla jopa 25 % maastasi riippuen.<\/li>\n<li>Kanada Asiakkaat: N\u00e4ytetty hinta sis\u00e4lt\u00e4\u00e4 sovellettavat verot, joihin voi sis\u00e4lty\u00e4 5 % GST ja ylim\u00e4\u00e4r\u00e4isi\u00e4 maakunnallisia myyntiveroja (PST), harmonisoitua myyntiveroa (HST) tai Quebecin myyntiveroa (QST) maakunnasta riippuen.<\/li>\n<\/ul>\n<p><strong>AINOASTAAN EU:n asiakkaille:<\/strong> Express DDP (Delivered Duty Paid). T\u00e4m\u00e4 tarkoittaa: <\/p>\n<ul>\n<li>Kaikki tullit ja verot sis\u00e4ltyv\u00e4t tuotesivulla ilmoitettuun hintaan.<\/li>\n<li>Sinun ei tarvitse maksaa lis\u00e4maksuja toimituksen yhteydess\u00e4.<\/li>\n<li>Harvinaisissa tulliin liittyviss\u00e4 tapauksissa tiimimme hoitaa tulliselvitysprosessin puolestasi varmistaakseen sujuvan toimituksen.<\/li>\n<p>T\u00e4rke\u00e4\u00e4 tietoa palautuksista:<\/p>\n<li>Jos p\u00e4\u00e4t\u00e4t palauttaa tilauksesi tai pyyt\u00e4\u00e4 palautusta, ota huomioon, ett\u00e4 DDP-ehtojen mukaisesti puolestasi maksettuja veroja ja tulleja ei voida palauttaa.<\/li>\n<p>Katso yksityiskohtaiset tiedot <a href=\"https:\/\/ayaneo.co\/terms-of-service-2\/\" target=\"_blank\" rel=\"nofollow noopener\">k\u00e4ytt\u00f6ehdoistamme<\/a>.\n<\/ul>\n<p>[\/cg_accordion]\n[cg_accordion title=\"ASIAKASTUKI\"]<\/p>\n<p>Onko kysytt\u00e4v\u00e4\u00e4? Olemme lyhyen tekstiviestin p\u00e4\u00e4ss\u00e4 siit\u00e4, ett\u00e4 ongelmasi on ratkaistu!<br \/>\n[\/cg_accordion]\n","protected":false},"featured_media":5069,"template":"","meta":{"_acf_changed":false},"product_brand":[],"product_cat":[556],"product_tag":[],"class_list":{"0":"post-5068","1":"product","2":"type-product","3":"status-publish","4":"has-post-thumbnail","6":"product_cat-tarvikkeet","7":"product_shipping_class-low-end","8":"pa_accessory-type-grip-fi","9":"pa_accessory-type-protective-case-fi","10":"pa_accessory-type-screen-protector-fi","11":"pa_brand-ayaneo","13":"first","14":"instock","15":"sale","16":"taxable","17":"shipping-taxable","18":"purchasable","19":"product-type-simple"},"acf":[],"_links":{"self":[{"href":"https:\/\/ayaneo.co\/fi\/wp-json\/wp\/v2\/product\/5068","targetHints":{"allow":["GET"]}}],"collection":[{"href":"https:\/\/ayaneo.co\/fi\/wp-json\/wp\/v2\/product"}],"about":[{"href":"https:\/\/ayaneo.co\/fi\/wp-json\/wp\/v2\/types\/product"}],"wp:featuredmedia":[{"embeddable":true,"href":"https:\/\/ayaneo.co\/fi\/wp-json\/wp\/v2\/media\/5069"}],"wp:attachment":[{"href":"https:\/\/ayaneo.co\/fi\/wp-json\/wp\/v2\/media?parent=5068"}],"wp:term":[{"taxonomy":"product_brand","embeddable":true,"href":"https:\/\/ayaneo.co\/fi\/wp-json\/wp\/v2\/product_brand?post=5068"},{"taxonomy":"product_cat","embeddable":true,"href":"https:\/\/ayaneo.co\/fi\/wp-json\/wp\/v2\/product_cat?post=5068"},{"taxonomy":"product_tag","embeddable":true,"href":"https:\/\/ayaneo.co\/fi\/wp-json\/wp\/v2\/product_tag?post=5068"}],"curies":[{"name":"wp","href":"https:\/\/api.w.org\/{rel}","templated":true}]}}