{"id":5094,"date":"2024-10-28T15:23:02","date_gmt":"2024-10-28T15:23:02","guid":{"rendered":"https:\/\/ayaneo.co\/product\/aya-neo-2s\/"},"modified":"2025-04-11T12:11:38","modified_gmt":"2025-04-11T12:11:38","slug":"aya-neo-2s","status":"publish","type":"product","link":"https:\/\/ayaneo.co\/fi\/product\/aya-neo-2s\/","title":{"rendered":"AYA NEO 2S"},"content":{"rendered":"\n<p><strong>AYA NEO 2S: Ultimate Portable Gaming PC<\/strong> <\/p>\n\n<p>Esittelyss\u00e4 AYA NEO 2S, kannettavien pelitietokoneiden ruumiillistuma. Suunniteltu tarjoamaan poikkeuksellista suorituskyky\u00e4 kompaktissa muodossa, t\u00e4m\u00e4 kannettava pelitietokone mullistaa tapasi kokea pelaaminen tien p\u00e4\u00e4ll\u00e4. Tehokkaan AMD Ryzen -prosessorinsa, korkealaatuisen grafiikkansa, immersiivisen n\u00e4ytt\u00f6ns\u00e4 ja edistyksellisten ominaisuuksiensa ansiosta AYA NEO 2S on t\u00e4ydellinen kannettava pelitietokone, joka ylitt\u00e4\u00e4 odotuksesi.    <\/p>\n\n<p><strong>Tyylik\u00e4s ja tyylik\u00e4s: Valitse tyylisi<\/strong> <\/p>\n\n<p>AYA NEO 2S on saatavana useissa houkuttelevissa kotelov\u00e4reiss\u00e4, jotka sopivat henkil\u00f6kohtaiseen tyyliisi. Piditp\u00e4 sitten Starry Blackin klassisesta tyylikkyydest\u00e4, Sky Whiten koskemattomasta kauneudesta, Retro Powerin retrovieh\u00e4tyksest\u00e4 tai B.Duck Pink &amp; Blue tai B.Duck Joyful Blackin eloisasta leikkisyydest\u00e4, jokaiselle l\u00f6ytyy sopiva v\u00e4rivaihtoehto. Sen lis\u00e4ksi, ett\u00e4 se tarjoaa tehokkaan suorituskyvyn, se n\u00e4ytt\u00e4\u00e4 my\u00f6s tyylikk\u00e4\u00e4lt\u00e4 ja tyylikk\u00e4\u00e4lt\u00e4, mik\u00e4 tekee siit\u00e4 todellisen statement-kappaleen, minne ikin\u00e4 sen vietkin.    <\/p>\n\n<p><strong>Vapauta pelipotentiaalisi AMD Ryzenin teholla<\/strong> <\/p>\n\n<p><a href=\"https:\/\/www.amd.com\/en\/products\/apu\/amd-ryzen-7-7840u\" target=\"_blank\" rel=\"noreferrer noopener\">AMD Ryzen 7 7840U<\/a> -suorittimella varustettu AYA NEO 2S tarjoaa poikkeuksellista prosessointitehoa saumattomaan pelaamiseen ja moniajoon. T\u00e4ss\u00e4 8 ytimen ja 16 s\u00e4ikeen suorittimessa on 3,3 GHz:n peruskellotaajuus ja 5,1 GHz:n maksimikellotaajuus. Se tarjoaa uskomattoman reagointikyvyn ja tehokkuuden, mik\u00e4 takaa sujuvan pelaamisen ja salamannopeat latausajat. AYA NEO 2S pysyy vaivatta vauhdissa mukana, valloititpa sitten vihollisia tai luot sis\u00e4lt\u00f6\u00e4.     <\/p>\n\n<p><strong>Unohtumatonta pelaamista varten upea grafiikka<\/strong> <\/p>\n\n<p><a href=\"https:\/\/www.nvidia.com\/en-gb\/geforce\/gaming-laptops\/geforce-gtx-780m\/\" target=\"_blank\" rel=\"noreferrer noopener\">AMD Radeon 780M<\/a> -grafiikalla varustettu AYA NEO 2S vie pelikokemuksesi uusiin korkeuksiin. 12 ytimen ja 2700 MHz:n grafiikkataajuuden ansiosta se tarjoaa upeat visuaaliset n\u00e4kym\u00e4t ja sulavat ruudunp\u00e4ivitysnopeudet. Yksityiskohtaisista ymp\u00e4rist\u00f6ist\u00e4 el\u00e4viin hahmoanimaatioihin, suosikkipeliesi kaikki osa-alueet her\u00e4\u00e4v\u00e4t eloon kannettavassa pelitietokoneessa. Valmistaudu henke\u00e4salpaavien grafiikoiden lumoutumiseen ja uppoutumaan pelimaailmaan ennenn\u00e4kem\u00e4tt\u00f6m\u00e4ll\u00e4 tavalla.     <\/p>\n\n<p><strong>Saumaton moniajo nopean RAM-muistin avulla<\/strong> <\/p>\n\n<p>AYA NEO 2S -mobiilipelitietokoneessa on valittavana nopeaa RAM-muistia, mukaan lukien 16, 32 tai 64 gigatavua <a href=\"https:\/\/en.wikipedia.org\/wiki\/LPDDR\" target=\"_blank\" rel=\"noreferrer noopener\">LPDDR5X-muistia<\/a>, jonka kellotaajuus on 7500 MT\/s. T\u00e4m\u00e4 innovatiivinen RAM-muisti takaa saumattoman moniajon ja mahdollistaa useiden sovellusten samanaikaisen suorittamisen ilman viivett\u00e4 tai hidastumista. Pelasitpa sitten, suoratoistit tai editoit, AYA NEO 2S:n muistikapasiteetti riitt\u00e4\u00e4 kaikkeen vaivattomasti.    <\/p>\n\n<p><strong>Massiivinen tallennustila pelikirjastollesi<\/strong> <\/p>\n\n<p>AYA NEO 2S:n kanssa s\u00e4ilytystila ei ole koskaan ongelma. Voit valita runsaasta valikoimasta tallennustilavaihtoehtoja 512 Gt:n ja huikean 4 Tt:n m.2 2280 -m.2-tallennustilan v\u00e4lill\u00e4. <a href=\"https:\/\/en.wikipedia.org\/wiki\/Solid-state_drive\" target=\"_blank\" rel=\"noreferrer noopener\">SSD<\/a>. T\u00e4m\u00e4 tarkoittaa, ett\u00e4 voit tallentaa kaikki suosikkipelisi, -videot ja -tiedostosi ilman huolta tilan loppumisesta. Sano hyv\u00e4stit pelien poistamiselle, jotta voit tehd\u00e4 tilaa uusille peleille, ja pid\u00e4 koko pelikirjastosi k\u00e4sill\u00e4si.     <\/p>\n\n<p><strong>Immersiivinen n\u00e4ytt\u00f6 upeaa visuaalista kuvaa varten<\/strong> <\/p>\n\n<p>AYA NEO 2S:ss\u00e4 on loistava 7&#8243; IPS -n\u00e4ytt\u00f6, jossa ei ole kehyksi\u00e4 ja joka maksimoi katselukokemuksen. N\u00e4yt\u00f6n resoluutio on 1920&#215;1200 ja pikselitiheys 323 PPI, joten jokainen yksityiskohta on ter\u00e4v\u00e4 ja el\u00e4v\u00e4. N\u00e4yt\u00f6n kirkkaus on 500 nitti\u00e4, joten voit nauttia peleist\u00e4si my\u00f6s kirkkaasti valaistuissa ymp\u00e4rist\u00f6iss\u00e4. AYA NEO 2S:n v\u00e4ritarkkuus on 130 % <a href=\"https:\/\/en.wikipedia.org\/wiki\/SRGB\" target=\"_blank\" rel=\"noreferrer noopener\">sRGB<\/a> ja kontrastisuhde 1200:1, joten sen v\u00e4rit ovat poikkeuksellisen eloisia ja syvi\u00e4. Koe suosikkipelisi ennenn\u00e4kem\u00e4tt\u00f6m\u00e4ll\u00e4 tavalla t\u00e4ll\u00e4 upealla n\u00e4yt\u00f6ll\u00e4.      <\/p>\n\n<p><strong>Tarkka ohjaus takaa vertaansa vailla olevan pelattavuuden<\/strong> <\/p>\n\n<p>AYA NEO 2S on suunniteltu tarjoamaan tarkkaa ohjausta ja mukaansatempaavan pelikokemuksen. Siin\u00e4 on p\u00e4\u00e4ohjain, jossa on <a href=\"https:\/\/thegamingsetup.com\/guides\/hall-effect-joysticks\" target=\"_blank\" rel=\"noreferrer noopener\">hall-efektisensoritangot<\/a>, jotka takaavat tasaisen ja tarkan sy\u00f6t\u00f6n jokaiselle liikkeelle. Lineaariset halli-liipaisimet tarjoavat eritt\u00e4in herk\u00e4n palautteen, jonka avulla voit suorittaa tarkkoja toimintoja helposti. AYA NEO 2S:n avulla sinulla on \u00e4\u00e4rimm\u00e4inen hallinta k\u00e4mmenell\u00e4si.     <\/p>\n\n<p><strong>Vapauta pelipotentiaalisi kahden kuusiakselisen gyroskoopin avulla<\/strong> <\/p>\n\n<p>AYA NEO 2S vie pelaamisen seuraavalle tasolle kuuden akselin gyroskoopin ansiosta. T\u00e4m\u00e4 innovatiivinen ominaisuus mahdollistaa parannetun liikkeentunnistuksen, jonka ansiosta voit olla vuorovaikutuksessa pelien kanssa intuitiivisemmin ja mukaansatempaavammin. AYA NEO 2S muuntaa liikkeesi tarkasti peliin, olipa kyseess\u00e4 kallistaminen, kiert\u00e4minen tai k\u00e4\u00e4nt\u00e4minen, ja tarjoaa n\u00e4in todella mukaansatempaavan pelikokemuksen.    <\/p>\n\n<p><strong>Tunne peli HD-lineaarimoottorin t\u00e4rin\u00e4n avulla<\/strong> <\/p>\n\n<p>AYA NEO 2S on varustettu HD-lineaarimoottorin v\u00e4r\u00e4htelyj\u00e4rjestelm\u00e4ll\u00e4, joka tuo pelaamiseen uuden ulottuvuuden. Tunne jokaisen r\u00e4j\u00e4hdyksen vaikutus, moottorin jyrin\u00e4 ja taistelun j\u00e4nnitys, kun t\u00e4rin\u00e4j\u00e4rjestelm\u00e4 her\u00e4tt\u00e4\u00e4 pelisi eloon. Uppoudu maailmaan, jossa voit tuntea jokaisen hetken, mik\u00e4 vie pelikokemuksesi aivan uudelle realistisuuden tasolle.    <\/p>\n\n<p><strong>Tehokas l\u00e4mm\u00f6ntuotto optimaalista suorituskyky\u00e4 varten<\/strong> <\/p>\n\n<p>AYA NEO 2S sis\u00e4lt\u00e4\u00e4 edistyksellist\u00e4 l\u00e4mm\u00f6npoistotekniikkaa, joka takaa optimaalisen suorituskyvyn my\u00f6s pitkien pelisessioiden aikana. 3+1 kolmen kupariputken, suuren kuparilevyn ja grafeenilaastarin ansiosta t\u00e4m\u00e4 kannettava pelitietokone johtaa tehokkaasti l\u00e4mp\u00f6\u00e4 pois pit\u00e4en l\u00e4mp\u00f6tilat alhaisina ja suorituskyvyn korkeana. Sano hyv\u00e4stit ylikuumenemiselle ja nauti keskeytym\u00e4tt\u00f6mist\u00e4 pelisessioista AYA NEO 2S:n avulla.    <\/p>\n\n<p><strong>Monipuolisen pelaamisen liit\u00e4nt\u00e4vaihtoehdot<\/strong> <\/p>\n\n<p>AYA NEO 2S tarjoaa useita liit\u00e4nt\u00e4vaihtoehtoja, jotka parantavat pelikokemustasi. Kahden USB 4 Type-C -portin, joissa on eGPU-yhteys, USB 3.2 Type-C -portin ja 3,5 mm:n kuulokeliit\u00e4nn\u00e4n avulla voit liitt\u00e4\u00e4 suosikki oheislaitteitasi r\u00e4\u00e4t\u00e4l\u00f6ityj\u00e4 peliasetuksia varten. \u00c4\u00e4rimm\u00e4isen nopea Micro SD -korttipaikka tukee jopa 300 Mt\/s, joten voit laajentaa tallennusvaihtoehtojasi vaivattomasti. AYA NEO 2S:n avulla voit pelata joustavasti haluamallasi tavalla.     <\/p>\n\n<p><strong>Saumaton liitett\u00e4vyys Wi-Fi 6E:n ja Bluetooth 5.2:n avulla<\/strong> <\/p>\n\n<p>AYA NEO 2S:ss\u00e4 on Wi-Fi 6E- ja Bluetooth 5.2 -tekniikka, joka takaa saumattoman yhteyden ja nopeat tiedonsiirtonopeudet. Yhdist\u00e4 internetiin salamannopeasti, nauti sujuvista verkkopeleist\u00e4 ja yhdist\u00e4 suosikkibluetooth-laitteesi vaivattomasti. Pelasitpa sitten, suoratoistit tai selasit, AYA NEO 2S pit\u00e4\u00e4 sinut yhteydess\u00e4 ja valmiina toimintaan.    <\/p>\n\n<p><strong>Turvallinen ja k\u00e4tev\u00e4 sormenj\u00e4lkitunnistus<\/strong> <\/p>\n\n<p>Avaa AYA NEO 2S:n lukitus nopeasti ja turvallisesti virtapainikkeeseen integroidulla sormenj\u00e4lkitunnistuksella. Ei en\u00e4\u00e4 vaivaa salasanojen tai PIN-koodien kanssa - aseta vain sormesi virtapainikkeelle, ja olet valmis aloittamaan. T\u00e4m\u00e4 k\u00e4tev\u00e4 ominaisuus antaa mielenrauhan, kun tied\u00e4t, ett\u00e4 kannettava pelitietokoneesi on suojattu luvattomalta k\u00e4yt\u00f6lt\u00e4.    <\/p>\n\n<p><strong>Pitk\u00e4kestoinen akku pitkiin pelisessioihin<\/strong> <\/p>\n\n<p>AYA NEO 2S -pelitietokone on varustettu suurikapasiteettisella 13050mAh 50,25Wh ladattavalla akulla, jonka avulla voit nauttia pitkist\u00e4 pelisessioista ilman huolta virran loppumisesta. Pelasitpa sitten liikkeell\u00e4 tai kotona, AYA NEO 2S pysyy mukana pelivaatimuksissasi ja varmistaa, ettet menet\u00e4 hetke\u00e4k\u00e4\u00e4n pelist\u00e4.   <\/p>\n\n<p><strong>Koe Power of Windows 11<\/strong> <\/p>\n\n<p>AYA NEO 2S:ss\u00e4 on esiasennettuna Windows 11 Home Edition, Microsoftin uusin k\u00e4ytt\u00f6j\u00e4rjestelm\u00e4. Hy\u00f6dy saumattomasta ja intuitiivisesta k\u00e4ytt\u00f6liittym\u00e4st\u00e4, parantuneesta pelisuorituskyvyst\u00e4 ja p\u00e4\u00e4syst\u00e4 laajaan peli- ja sovelluskirjastoon. <a href=\"https:\/\/en.wikipedia.org\/wiki\/Windows_11\" target=\"_blank\" rel=\"noreferrer noopener\">Windows 11<\/a> vie pelikokemuksesi seuraavalle tasolle, ja AYA NEO 2S on t\u00e4ydellinen alusta sen koko potentiaalin vapauttamiseen.   <\/p>\n\n<p><strong>Kompakti ja kevyt pelaamiseen matkalla<\/strong> <\/p>\n\n<p>Vain 26,4 x 10,5 x 2,1 cm (10,3 x 4,1 x 0,8 tuumaa) kokoinen ja vain 667 g painava kannettava AYA NEO 2S -pelitietokone on suunniteltu juuri t\u00e4h\u00e4n tarkoitukseen. Ty\u00f6nn\u00e4 se laukkuun tai taskuun, ja olet valmis ottamaan peliseikkailusi mukaan minne tahansa. Olitpa sitten automatkalla, matkalla tai vain rentoutumassa kotona, kompaktin AYA NEO 2S -pelitietokoneen avulla voit heitt\u00e4yty\u00e4 pelaamiseen aina ja kaikkialla, kun inspiraatio iskee.    <\/p>\n\n<p><strong>Miksi sinun pit\u00e4isi ostaa AYA NEO 2S?<\/strong> <\/p>\n\n<p>Koe pelaamisen tulevaisuus AYA NEO 2S:n avulla. T\u00e4ss\u00e4 kannettavassa peli-PC:ss\u00e4 yhdistyv\u00e4t tehokas suorituskyky, upeat visuaalit, tarkka ohjaus ja edistykselliset ominaisuudet kompaktissa ja tyylikk\u00e4\u00e4ss\u00e4 paketissa. Olitpa sitten satunnainen pelaaja, hardcore-harrastaja tai sis\u00e4ll\u00f6ntuottaja, AYA NEO 2S on porttisi loputtomiin mahdollisuuksiin. Ota vastaan kannettavan pelaamisen vapaus ja vapauta pelipotentiaalisi AYA NEO 2S:n avulla.     <\/p>\n\n<p><strong>AYA NEO 2S:n hyv\u00e4t puolet:<\/strong> <\/p>\n\n<ul class=\"wp-block-list\">\n<li>Tehokas suorituskyky: AMD Ryzen 7 7840U -suoritin ja AMD Radeon 780M -grafiikkapiiri tarjoavat poikkeuksellisen suorituskyvyn, joka mahdollistaa sujuvan pelaamisen ja moniajon.  <\/li>\n\n\n\n<li>Kompakti ja kannettava: AYA NEO 2S on pienen kokonsa ja kevyen rakenteensa ansiosta eritt\u00e4in kannettava, joten sen avulla on helppo ottaa pelaaminen mukaan matkalle.  <\/li>\n<\/ul>\n\n<ul class=\"wp-block-list\">\n<li>Immersiivinen n\u00e4ytt\u00f6: 7&#8243; IPS -n\u00e4ytt\u00f6, jossa on korkea resoluutio ja eloisat v\u00e4rit, tarjoaa mukaansatempaavan pelikokemuksen, joka her\u00e4tt\u00e4\u00e4 pelit eloon.  <\/li>\n\n\n\n<li>Tarkat s\u00e4\u00e4timet: Hall-efektianturikepill\u00e4 ja lineaarisilla hall-liipaisimilla varustettu p\u00e4\u00e4ohjain tarjoaa tarkan ohjauksen tehostettua pelaamista varten.  <\/li>\n\n\n\n<li>Lis\u00e4ominaisuudet: AYA NEO 2S sis\u00e4lt\u00e4\u00e4 ominaisuuksia, kuten kuuden akselin gyroskoopin, HD-lineaarimoottorit\u00e4rin\u00e4n ja sormenj\u00e4lkitunnistuksen, jotka parantavat yleist\u00e4 pelikokemusta.  <\/li>\n<\/ul>\n\n<p><\/p>\n\n<p><\/p>\n","protected":false},"excerpt":{"rendered":"<ul>\n<li>AMD<strong> Ryzen\u2122 7 7840U<\/strong> \/ Radeon 780M \/ AMD<strong> Ryzen\u2122 7 7840U<\/strong> \/ Radeon 780M<\/li>\n<li><strong>jopa 64GB<\/strong> LPDDR5X @ <strong>7500 MT\/s<\/strong><\/li>\n<li><strong>jopa 4TB:n<\/strong> suurnopeuksinen PCIe 4.0 M.2 2280 -muistitikku SSD <\/li>\n<li><strong>7<\/strong> \" <strong> LCD kosketusn\u00e4ytt\u00f6<\/strong> <\/li>\n<li><strong>WiFi 6E<\/strong> &amp; <strong>Bluetooth 5.2<\/strong> -tuki<\/li>\n<\/ul>\n[cg_accordion title=\"MAKSUTIEDOT\"]<\/p>\n<p>K\u00e4yt\u00e4mme uusinta tekniikkaa maksujen k\u00e4sittelyss\u00e4, jonka avulla voit tehd\u00e4 maksun Apple Payn, Google Payn, pankki- tai luottokorttisi, PayPalin tai BNPL-menetelmien, kuten Klarnan, Affirmin tai AfterPayn kautta, mik\u00e4 takaa nopean ja turvallisen maksukokemuksen.[\/cg_accordion]\n[cg_accordion title=\"TAKUU\"]<\/p>\n<p>1 vuoden takuu <a href=\"https:\/\/droix.net\/\" target=\"_blank\" rel=\"nofollow noopener\">DROIX Globalilta<\/a> mielenrauhasi vuoksi[\/cg_accordion]\n[cg_accordion title=\"HINNOITTELU, VEROT JA TOIMITUKSET\"]<\/p>\n<p><strong><u>Huom:<\/u><\/strong><\/p>\n<ul>\n<li>Yhdysvallat Asiakkaat: Asiakkaat: N\u00e4ytetty hinta EI sis\u00e4ll\u00e4 veroja eik\u00e4 tulleja. Vastuu tulliselvityksest\u00e4 ja siihen liittyvien verojen\/tullien maksamisesta on asiakkaalla. <\/li>\n<li>EU:n asiakkaat: N\u00e4ytetty hinta sis\u00e4lt\u00e4\u00e4 sovellettavan veron, joka voi olla jopa 25 % maastasi riippuen.<\/li>\n<li>Kanada Asiakkaat: N\u00e4ytetty hinta sis\u00e4lt\u00e4\u00e4 sovellettavat verot, joihin voi sis\u00e4lty\u00e4 5 % GST ja ylim\u00e4\u00e4r\u00e4isi\u00e4 maakunnallisia myyntiveroja (PST), harmonisoitua myyntiveroa (HST) tai Quebecin myyntiveroa (QST) maakunnasta riippuen.<\/li>\n<\/ul>\n<p><strong>AINOASTAAN EU:n asiakkaille:<\/strong> Express DDP (Delivered Duty Paid). T\u00e4m\u00e4 tarkoittaa: <\/p>\n<ul>\n<li>Kaikki tullit ja verot sis\u00e4ltyv\u00e4t tuotesivulla ilmoitettuun hintaan.<\/li>\n<li>Sinun ei tarvitse maksaa lis\u00e4maksuja toimituksen yhteydess\u00e4.<\/li>\n<li>Harvinaisissa tulliin liittyviss\u00e4 tapauksissa tiimimme hoitaa tulliselvitysprosessin puolestasi varmistaakseen sujuvan toimituksen.<\/li>\n<p>T\u00e4rke\u00e4\u00e4 tietoa palautuksista:<\/p>\n<li>Jos p\u00e4\u00e4t\u00e4t palauttaa tilauksesi tai pyyt\u00e4\u00e4 palautusta, ota huomioon, ett\u00e4 DDP-ehtojen mukaisesti puolestasi maksettuja veroja ja tulleja ei voida palauttaa.<\/li>\n<p>Katso yksityiskohtaiset tiedot <a href=\"https:\/\/ayaneo.co\/terms-of-service-2\/\" target=\"_blank\" rel=\"nofollow noopener\">k\u00e4ytt\u00f6ehdoistamme<\/a>.\n<\/ul>\n<p>[\/cg_accordion]\n[cg_accordion title=\"ASIAKASTUKI\"]<\/p>\n<p>Onko kysytt\u00e4v\u00e4\u00e4? Olemme lyhyen tekstiviestin p\u00e4\u00e4ss\u00e4 siit\u00e4, ett\u00e4 ongelmasi on ratkaistu!<br \/>\n[\/cg_accordion]\n[cg_accordion title=\"Paketti sis\u00e4lt\u00e4\u00e4\"]<\/p>\n<ul>\n<li>1x AYANEO 2S<\/li>\n<li>1x USB Type-C-kaapeli<\/li>\n<li>2x USB C-A-sovitin<\/li>\n<li>1x 100W A-tyypin laturi<\/li>\n<li>1x USB Type-C-kaapeli<\/li>\n<li>1x G-tyypin sovitin1x E-tyypin sovitin<\/li>\n<li>1x Tyypin I sovitin<\/li>\n<li>1x K\u00e4ytt\u00f6ohje<\/li>\n<li>1x Ty\u00f6kalu ja tarrat laitteen avaamiseen<\/li>\n<li>1x Korvaavat sivukannet<\/li>\n<\/ul>\n<p>[\/cg_accordion]\n","protected":false},"featured_media":5095,"template":"","meta":{"_acf_changed":false},"product_brand":[],"product_cat":[548],"product_tag":[549],"class_list":{"0":"post-5094","1":"product","2":"type-product","3":"status-publish","4":"has-post-thumbnail","6":"product_cat-kannettavat-pelitietokoneet","7":"product_tag-pc-pelaaminen-handheld","8":"product_shipping_class-premium","9":"pa_brand-ayaneo","10":"pa_graphics-gpu-model-radeon-780m","11":"pa_operating-system-windows-11","12":"pa_processor-cpu-brand-amd","14":"first","15":"outofstock","16":"sale","17":"taxable","18":"shipping-taxable","19":"purchasable","20":"product-type-variable","21":"has-default-attributes"},"acf":[],"_links":{"self":[{"href":"https:\/\/ayaneo.co\/fi\/wp-json\/wp\/v2\/product\/5094","targetHints":{"allow":["GET"]}}],"collection":[{"href":"https:\/\/ayaneo.co\/fi\/wp-json\/wp\/v2\/product"}],"about":[{"href":"https:\/\/ayaneo.co\/fi\/wp-json\/wp\/v2\/types\/product"}],"wp:featuredmedia":[{"embeddable":true,"href":"https:\/\/ayaneo.co\/fi\/wp-json\/wp\/v2\/media\/5095"}],"wp:attachment":[{"href":"https:\/\/ayaneo.co\/fi\/wp-json\/wp\/v2\/media?parent=5094"}],"wp:term":[{"taxonomy":"product_brand","embeddable":true,"href":"https:\/\/ayaneo.co\/fi\/wp-json\/wp\/v2\/product_brand?post=5094"},{"taxonomy":"product_cat","embeddable":true,"href":"https:\/\/ayaneo.co\/fi\/wp-json\/wp\/v2\/product_cat?post=5094"},{"taxonomy":"product_tag","embeddable":true,"href":"https:\/\/ayaneo.co\/fi\/wp-json\/wp\/v2\/product_tag?post=5094"}],"curies":[{"name":"wp","href":"https:\/\/api.w.org\/{rel}","templated":true}]}}