{"id":5154,"date":"2024-10-28T15:49:43","date_gmt":"2024-10-28T15:49:43","guid":{"rendered":"https:\/\/ayaneo.co\/product\/ayaneo-air-plus\/"},"modified":"2025-04-11T12:11:45","modified_gmt":"2025-04-11T12:11:45","slug":"ayaneo-air-plus","status":"publish","type":"product","link":"https:\/\/ayaneo.co\/fi\/product\/ayaneo-air-plus\/","title":{"rendered":"AYANEO AIR PLUS"},"content":{"rendered":"\n<h3 class=\"wp-block-heading\">Tuotteen yleiskatsaus<\/h3>\n\n<p><strong>AYANEO AIR Plus<\/strong> m\u00e4\u00e4rittelee k\u00e4sikonsolipelaamisen standardit uudelleen, sill\u00e4 se tarjoaa huippuluokan suorituskyky\u00e4 ohuessa ja kevyess\u00e4 rungossa, joka sopii t\u00e4ydellisesti kannettavaan k\u00e4ytt\u00f6\u00f6n. T\u00e4m\u00e4 vain 525 g painava konsoli on enemm\u00e4n kuin pelilaite - se on monipuolinen ty\u00f6kalu sek\u00e4 viihteeseen ett\u00e4 tuottavuuteen. <\/p>\n\n<p>Sen ytimess\u00e4 on <strong>AMD Ryzen\u2122 7 6800U -suoritin<\/strong>, jonka <strong>Zen 3+ -arkkitehtuuri<\/strong> ja <strong>RDNA 2 -grafiikka<\/strong> takaavat, ett\u00e4 voit pelata AAA-pelej\u00e4 korkeilla ruudunp\u00e4ivitysnopeuksilla ja s\u00e4ilytt\u00e4\u00e4 samalla sulavan, konsolilaatuisen k\u00e4ytt\u00f6kokemuksen kompaktilla alustalla. Kun <strong>16 Gt LPDDR5-muistia<\/strong> toimii <strong>6400 Mt\/s<\/strong> nopeudella, koet nopeamman tietojenk\u00e4sittelyn ja saumattoman moniajon. Yhdess\u00e4    <strong>512 Gt nopeaa PCI-E 3.0 M.2 2280 -muistitilaa. SSD <\/strong>  tallennustilan ansiosta <strong>AYANEO AIR Plus<\/strong> takaa salamannopeat latausajat ja runsaasti tilaa kaikille suosikkipeleillesi ja -sovelluksillesi.<\/p>\n\n<p><strong>AYANEO AIR Plus<\/strong> -n\u00e4yt\u00f6ss\u00e4 on upea <strong>6-tuumainen IPS -n\u00e4ytt\u00f6<\/strong>, jonka resoluutio on <strong>1920&#215;1080<\/strong> ja jonka <strong>kirkkaus on 400 nitti\u00e4<\/strong> ja <strong>120 % sRGB-v\u00e4riasteikko<\/strong>. N\u00e4ytt\u00f6 takaa ter\u00e4v\u00e4n ja mukaansatempaavan visuaalisen kokemuksen, olipa kyse sitten pelaamisesta tai multimediasis\u00e4ll\u00f6n nauttimisesta, joten se on yksi luokkansa parhaista k\u00e4mmenmikron\u00e4yt\u00f6ist\u00e4. <\/p>\n\n<p>Saatavana kolmessa tyylikk\u00e4\u00e4ss\u00e4 v\u00e4riss\u00e4 -<strong>j\u00e4\u00e4tik\u00f6nsininen, t\u00e4hdenvalonmusta ja klassinen harmaa - t\u00e4m\u00e4<\/strong>kannettava pelitietokone on visuaalisesti yht\u00e4 upea kuin tehokaskin.<\/p>\n\n<h3 class=\"wp-block-heading\">AYANEO AIR Plus -ohjelman yksityiskohtaiset ominaisuudet<\/h3>\n\n<h4 class=\"wp-block-heading\">N\u00e4ytt\u00f6 ja muotoilu Fusion:<\/h4>\n\n<p><strong>AYANEO AIR Plus<\/strong> -n\u00e4yt\u00f6ss\u00e4 on <strong>6-tuumainen 1080P IPS -n\u00e4ytt\u00f6<\/strong>, joka tarjoaa <strong>400 nitin kirkkauden<\/strong> ja <strong>120 %:n sRGB-v\u00e4riasteikon<\/strong>. T\u00e4m\u00e4 takaa eloisat v\u00e4rit ja poikkeuksellisen selke\u00e4n kuvan, joka sopii erinomaisesti pelaamiseen ja mediank\u00e4ytt\u00f6\u00f6n. Sen kompakti runko on kooltaan <strong>237 x 91,4 x 23,1 mm<\/strong>, mik\u00e4 on pienempi kuin Steam Deck ja AYANEO 2, joten se on kevyt ja kannettava vaihtoehto pelaamiseen matkalla.  <\/p>\n\n<h4 class=\"wp-block-heading\">Ergonominen muotoilu:<\/h4>\n\n<p><strong>AYANEO AIR Plus<\/strong> on suunniteltu mukavuutta ajatellen. Sen tyylik\u00e4s ja ohut rakenne takaa, ett\u00e4 voit pelata pitki\u00e4kin aikoja v\u00e4sym\u00e4tt\u00e4, ja mukautettava <strong>p\u00e4\u00e4ohjain<\/strong> ja <strong>Hall Sensing Joystick -<\/strong> ohjain tarjoavat erinomaisen tarkkuuden ja hallinnan. Joystickeiss\u00e4 on <strong>s\u00e4\u00e4dett\u00e4v\u00e4 RGB-valaistus<\/strong>, joka tuo henkil\u00f6kohtaisen kosketuksen peliasennukseesi.  <\/p>\n\n<h4 class=\"wp-block-heading\">Verraton suorituskyky:<\/h4>\n\n<p>Konepellin alla <strong>AMD Ryzen\u2122 7 6800U -prosessori<\/strong> tarjoaa vertaansa vailla olevan pelikokemuksen kannettavassa muodossa. Yhdistettyn\u00e4 <strong>RDNA 2 -grafiikkaan<\/strong>, <strong>16 Gt LPDDR5-muistiin<\/strong>, joka toimii <strong>6400 Mt\/s<\/strong>, ja   <strong>512 Gt nopea PCI-E 3.0 M.2 2280 -muistitikku SSD <\/strong><strong>AYANEO AIR Plus<\/strong> tarjoaa korkeaa kuvanopeutta ja eritt\u00e4in nopeita latausaikoja, joten se on todellinen voimanpes\u00e4 k\u00e4siss\u00e4si. Pelasitpa sitten graafisesti intensiivisi\u00e4 AAA-pelej\u00e4 tai nautit klassisista retropeleist\u00e4, <strong>AYANEO AIR Plus<\/strong> toimii ilman kompromisseja. <\/p>\n\n<h4 class=\"wp-block-heading\">Kehittynyt j\u00e4\u00e4hdytysj\u00e4rjestelm\u00e4:<\/h4>\n\n<p><strong>AYANEO AIR Plus<\/strong> on varustettu <strong>28 W:n l\u00e4mm\u00f6ntuottoj\u00e4rjestelm\u00e4ll\u00e4<\/strong>, joka takaa sujuvat ja suorituskykyiset pelisessiot ilman ylikuumenemista. Tehokas j\u00e4\u00e4hdytysj\u00e4rjestelm\u00e4 pit\u00e4\u00e4 laitteen k\u00e4ynniss\u00e4 tehokkaasti my\u00f6s pitkien pelien aikana. <\/p>\n\n<h4 class=\"wp-block-heading\">Immersiivinen \u00e4\u00e4ni:<\/h4>\n\n<p>Kaksi <strong>panoraamakaiutinta<\/strong> ja <strong>X-akselimoottori<\/strong> luovat mukaansatempaavan \u00e4\u00e4nikokemuksen, kun taas <strong>4D-t\u00e4rin\u00e4palaute<\/strong> parantaa sitoutumisen tunnetta pelaamisen aikana. Navigoitpa sitten kiihkeiss\u00e4 taisteluissa tai nautit rauhallisesta peliymp\u00e4rist\u00f6st\u00e4, \u00e4\u00e4nenlaatu kohottaa kokonaiskokemusta. <\/p>\n\n<h4 class=\"wp-block-heading\">Liitett\u00e4vyys ja monipuolisuus:<\/h4>\n\n<p>Uusimmalla <strong>Wi-Fi 6:lla<\/strong> ja <strong>Bluetooth 5.2:<\/strong>lla varustettu <strong>AYANEO AIR Plus<\/strong> takaa nopeat ja vakaat yhteydet verkkopelaamiseen, suoratoistoon tai pilvipelaamiseen. Useiden <strong>USB4 Type-C-porttien<\/strong> ansiosta se tukee my\u00f6s laajoja oheislaitteita, mik\u00e4 tekee siit\u00e4 monipuolisen keskittimen kaikkiin viihde- ja tuottavuustarpeisiisi. <\/p>\n\n<h3 class=\"wp-block-heading\">K\u00e4ytt\u00e4j\u00e4kokemus AYANEO AIR Plus -palvelun avulla<\/h3>\n\n<p><strong>AYANEO AIR Plus<\/strong> tarjoaa kattavan pelikokemuksen, joka on yht\u00e4 kannettava kuin tehokas. Sen <strong>46,2 Wh:n suurikapasiteettinen akku<\/strong> tukee pitki\u00e4 pelisessioita, ja <strong>PD3.0 65 W:n pikalatauksen<\/strong> ansiosta et ole koskaan kaukana toiminnasta. Pelasitpa sitten, suoratoistit tai ty\u00f6skentelit, laitteen yhdistelm\u00e4 tehoa, n\u00e4yt\u00f6n laatua ja k\u00e4ytt\u00e4j\u00e4yst\u00e4v\u00e4llist\u00e4 muotoilua tekev\u00e4t siit\u00e4 parhaan mahdollisen valinnan liikkeell\u00e4 oleville pelaajille.  <\/p>\n\n<h3 class=\"wp-block-heading\">P\u00e4\u00e4telm\u00e4<\/h3>\n\n<p>Yhteenvetona voidaan todeta, ett\u00e4 <strong>AYANEO AIR Plus<\/strong> edustaa k\u00e4sikonsolien uutta ulottuvuutta. Se yhdist\u00e4\u00e4 saumattomasti huippuluokan pelisuorituskyvyn kevyeen, kannettavaan muotoiluun, joka mahtuu suoraan taskuun. <strong>Master Controller -ohjaimen<\/strong> ja <strong>Hall Sensing Joystick<\/strong> -ohjainten tarkkuusohjauksesta <strong>6-tuumaisen 1080P IPS -n\u00e4yt\u00f6n<\/strong> upeaan visuaaliseen ulostuloon <strong>AYANEO AIR Plus<\/strong> tarjoaa t\u00e4ydellisen peliratkaisun niille, jotka vaativat parasta kannettavassa pelaamisessa.  <\/p>\n\n<p><strong>16GB LPDDR5 RAM-muistia @ 6400MT\/s<\/strong> ja  <strong>512GB PCI-E 3.0 M.2 2280 SSD <\/strong><strong>AYANEO AIR Plus<\/strong> takaa sujuvan moniajon ja nopeat pelien latausajat, joten se on ihanteellinen laite sek\u00e4 satunnaispelaajille ett\u00e4 hardcore-pelaajille. Tehokkaat tekniset tiedot, ergonominen muotoilu ja mukaansatempaava audiovisuaalinen kokemus tekev\u00e4t laitteesta v\u00e4ltt\u00e4m\u00e4tt\u00f6m\u00e4n peliharrastajille, jotka arvostavat suorituskyky\u00e4 ja siirrett\u00e4vyytt\u00e4. <\/p>\n","protected":false},"excerpt":{"rendered":"<ul>\n<li>AMD <strong>Ryzen 7 6800U<\/strong> \/ AMD Radeon\u2122 680M<\/li>\n<li><strong>16GB<\/strong> LPDDR5 @ 6400MT\/s<\/li>\n<li><strong>512 Gt<\/strong> nopea PCI-E 3.0 <strong>M.2<\/strong> 2280 -muistitikku SSD<\/li>\n<li><strong> <strong>Saatavana 6&#8243; LCD <\/strong> 19<strong>20\u00d71080 kosketusn\u00e4ytt\u00f6<\/strong> <\/strong><\/li>\n<li><strong>WiFi 6<\/strong> &amp; <strong>Bluetooth 5.2<\/strong> -tuki<\/li>\n<\/ul>\n[cg_accordion title=\"MAKSUTIEDOT\"]<\/p>\n<p>K\u00e4yt\u00e4mme uusinta tekniikkaa maksujen k\u00e4sittelyss\u00e4, jonka avulla voit tehd\u00e4 maksun Apple Payn, Google Payn, pankki- tai luottokorttisi, PayPalin tai BNPL-menetelmien, kuten Klarnan, Affirmin tai AfterPayn kautta, mik\u00e4 takaa nopean ja turvallisen maksukokemuksen.[\/cg_accordion]\n[cg_accordion title=\"TAKUU\"]<\/p>\n<p>1 vuoden takuu <a href=\"https:\/\/droix.net\/\" target=\"_blank\" rel=\"nofollow noopener\">DROIX Globalilta<\/a> mielenrauhasi vuoksi[\/cg_accordion]\n[cg_accordion title=\"HINNOITTELU, VEROT JA TOIMITUKSET\"]<\/p>\n<p><strong><u>Huom:<\/u><\/strong><\/p>\n<ul>\n<li>Yhdysvallat Asiakkaat: Asiakkaat: N\u00e4ytetty hinta EI sis\u00e4ll\u00e4 veroja eik\u00e4 tulleja. Vastuu tulliselvityksest\u00e4 ja siihen liittyvien verojen\/tullien maksamisesta on asiakkaalla. <\/li>\n<li>EU:n asiakkaat: N\u00e4ytetty hinta sis\u00e4lt\u00e4\u00e4 sovellettavan veron, joka voi olla jopa 25 % maastasi riippuen.<\/li>\n<li>Kanada Asiakkaat: N\u00e4ytetty hinta sis\u00e4lt\u00e4\u00e4 sovellettavat verot, joihin voi sis\u00e4lty\u00e4 5 % GST ja ylim\u00e4\u00e4r\u00e4isi\u00e4 maakunnallisia myyntiveroja (PST), harmonisoitua myyntiveroa (HST) tai Quebecin myyntiveroa (QST) maakunnasta riippuen.<\/li>\n<\/ul>\n<p><strong>AINOASTAAN EU:n asiakkaille:<\/strong> Express DDP (Delivered Duty Paid). T\u00e4m\u00e4 tarkoittaa: <\/p>\n<ul>\n<li>Kaikki tullit ja verot sis\u00e4ltyv\u00e4t tuotesivulla ilmoitettuun hintaan.<\/li>\n<li>Sinun ei tarvitse maksaa lis\u00e4maksuja toimituksen yhteydess\u00e4.<\/li>\n<li>Harvinaisissa tulliin liittyviss\u00e4 tapauksissa tiimimme hoitaa tulliselvitysprosessin puolestasi varmistaakseen sujuvan toimituksen.<\/li>\n<p>T\u00e4rke\u00e4\u00e4 tietoa palautuksista:<\/p>\n<li>Jos p\u00e4\u00e4t\u00e4t palauttaa tilauksesi tai pyyt\u00e4\u00e4 palautusta, ota huomioon, ett\u00e4 DDP-ehtojen mukaisesti puolestasi maksettuja veroja ja tulleja ei voida palauttaa.<\/li>\n<p>Katso yksityiskohtaiset tiedot <a href=\"https:\/\/ayaneo.co\/terms-of-service-2\/\" target=\"_blank\" rel=\"nofollow noopener\">k\u00e4ytt\u00f6ehdoistamme<\/a>.\n<\/ul>\n<p>[\/cg_accordion]\n[cg_accordion title=\"ASIAKASTUKI\"]<\/p>\n<p>Onko kysytt\u00e4v\u00e4\u00e4? Olemme lyhyen tekstiviestin p\u00e4\u00e4ss\u00e4 siit\u00e4, ett\u00e4 ongelmasi on ratkaistu!<br \/>\n[\/cg_accordion]\n[cg_accordion title=\"Paketti sis\u00e4lt\u00e4\u00e4\"]<\/p>\n<ul>\n<li>1x AYANEO AIR PLUS<\/li>\n<li>1x USB Type-C-kaapeli<\/li>\n<li>1x virtal\u00e4hde<\/li>\n<li>1x K\u00e4ytt\u00f6ohje<\/li>\n<\/ul>\n<p>[\/cg_accordion]\n","protected":false},"featured_media":5157,"template":"","meta":{"_acf_changed":false},"product_brand":[],"product_cat":[548],"product_tag":[549],"class_list":{"0":"post-5154","1":"product","2":"type-product","3":"status-publish","4":"has-post-thumbnail","6":"product_cat-kannettavat-pelitietokoneet","7":"product_tag-pc-pelaaminen-handheld","8":"product_shipping_class-premium","9":"pa_brand-ayaneo","10":"pa_graphics-gpu-model-radeon-680m","11":"pa_operating-system-windows-11","12":"pa_processor-cpu-brand-amd","14":"first","15":"outofstock","16":"taxable","17":"shipping-taxable","18":"purchasable","19":"product-type-variable","20":"has-default-attributes"},"acf":[],"_links":{"self":[{"href":"https:\/\/ayaneo.co\/fi\/wp-json\/wp\/v2\/product\/5154","targetHints":{"allow":["GET"]}}],"collection":[{"href":"https:\/\/ayaneo.co\/fi\/wp-json\/wp\/v2\/product"}],"about":[{"href":"https:\/\/ayaneo.co\/fi\/wp-json\/wp\/v2\/types\/product"}],"wp:featuredmedia":[{"embeddable":true,"href":"https:\/\/ayaneo.co\/fi\/wp-json\/wp\/v2\/media\/5157"}],"wp:attachment":[{"href":"https:\/\/ayaneo.co\/fi\/wp-json\/wp\/v2\/media?parent=5154"}],"wp:term":[{"taxonomy":"product_brand","embeddable":true,"href":"https:\/\/ayaneo.co\/fi\/wp-json\/wp\/v2\/product_brand?post=5154"},{"taxonomy":"product_cat","embeddable":true,"href":"https:\/\/ayaneo.co\/fi\/wp-json\/wp\/v2\/product_cat?post=5154"},{"taxonomy":"product_tag","embeddable":true,"href":"https:\/\/ayaneo.co\/fi\/wp-json\/wp\/v2\/product_tag?post=5154"}],"curies":[{"name":"wp","href":"https:\/\/api.w.org\/{rel}","templated":true}]}}