{"id":7454,"date":"2025-01-20T12:04:53","date_gmt":"2025-01-20T12:04:53","guid":{"rendered":"https:\/\/ayaneo.co\/?post_type=product&#038;p=7454"},"modified":"2025-04-11T12:12:00","modified_gmt":"2025-04-11T12:12:00","slug":"aya-neo-slide-copy","status":"publish","type":"product","link":"https:\/\/ayaneo.co\/fi\/product\/aya-neo-slide-copy\/","title":{"rendered":"AYANEO SEURAAVA"},"content":{"rendered":"\n<figure class=\"wp-block-image\"><img decoding=\"async\" src=\"https:\/\/droix.net\/wp-content\/uploads\/2022\/01\/product-overview-1024x584.png\" alt=\"\" title=\"AYA NEO NEXT 1\"\/><\/figure>\n\n<h2 class=\"wp-block-heading\">AMD Ryzen Zen 3 -konsoli<\/h2>\n\n<p>Jopa 4,5 GHz:n raakaa tehoa<\/p>\n\n<p>Kun on kyse prosessointitehosta, AYANEO Next PC Gaming Handheld ei ole sohvalla mik\u00e4\u00e4n vaisu.<\/p>\n\n<p>&#8221;Hevosvoiman\" tarjoaa AMD Ryzen 7 5825U -prosessori, joka perustuu uusimpaan ZEN 3 -arkkitehtuuriin. T\u00e4m\u00e4 tarjoaa sujuvan pelikokemuksen ja pit\u00e4\u00e4 samalla akun kulutuksen minimiss\u00e4. AYANEO Nextist\u00e4 l\u00f6ytyv\u00e4 Ryzen 7 APU perustuu TSMC:n 7 nm:n FinFET-litografiaan.  <\/p>\n\n<p>5825U Ryzen 7 -prosessori on kahdeksanytiminen prosessori, jossa on 16 suorituss\u00e4iett\u00e4. Se voi k\u00e4yd\u00e4 tyhj\u00e4k\u00e4ynnill\u00e4 2,0 GHz:n kellotaajuudella ja kiihdytt\u00e4\u00e4 4,5 GHz:n kellotaajuuteen kovassa kuormituksessa. Yhdistettyn\u00e4 AYA Space -ohjelmistoon voit m\u00e4\u00e4ritt\u00e4\u00e4 TDP AYANEO Next Handheld -laitteen jopa 32 W:n tehon, jolloin suorituskyky paranee entisest\u00e4\u00e4n.  <\/p>\n\n<p>Pelisi ovat huomattavasti nopeampia verrattuna uusimman sukupolven PC-pelikonsoleihin.  <\/p>\n\n<p>Prosessointitehon tueksi koneessa on my\u00f6s 16 Gt kaksikanavaista LPDDR4x RAM-muistia, joka pysyy mukana jatkuvasti kasvavissa j\u00e4rjestelm\u00e4n vaatimuksissa. J\u00e4rjestelm\u00e4vaatimuksista puheen ollen, tallennustilavaihtoehtoja on kaksi: T\u00e4m\u00e4 varmistaa, ett\u00e4 sinulla on riitt\u00e4v\u00e4sti tilaa uusimmille PC-peleille. (Katson sinua, Call of Duty) j  <\/p>\n\n<figure class=\"wp-block-image\"><img decoding=\"async\" src=\"https:\/\/droix.net\/wp-content\/uploads\/elementor\/thumbs\/processor-q8z5das1ql6n9ve6zhwvyxoict8wyvevo2ttgvwkqo.png\" alt=\"prosessori\" title=\"prosessori\"\/><\/figure>\n\n<h2 class=\"wp-block-heading\">AYANEO Seuraava AMD:n n\u00e4yt\u00f6nohjain<\/h2>\n\n<p>Pelaa uusimpia AAA-pelej\u00e4<\/p>\n\n<p>AYANEO Nextin AMD-grafiikkapiiri sopii t\u00e4ydellisesti pelaamiseen tien p\u00e4\u00e4ll\u00e4. Peliyhteis\u00f6ss\u00e4 tiedet\u00e4\u00e4n hyvin, ett\u00e4 AMD panostaa erityisesti integrointiin ja yhteensopivuuteen markkinoiden uusimpien pelien kanssa. <\/p>\n\n<p>Grafiikkapiirisarja, joka l\u00f6ytyy osoitteesta AYANEO Next, on 17 % nopeampi vertailuarvoissa verrattuna vanhan sukupolven AMD:n grafiikkapiiriin. Yhdistettyn\u00e4 AYA Space -ohjelmistoon, jonka avulla voit hallita konsolisi TDP ja loistavaan j\u00e4\u00e4hdytysratkaisuun, AYANEO Next on pelihirvi\u00f6. <\/p>\n\n<h2 class=\"wp-block-heading\">Rohkea ja kirkas<\/h2>\n\n<p>7\u2033 H-IPS n\u00e4ytt\u00f6<\/p>\n\n<p>Pelatessasi nopeus ja nopeusn\u00e4yt\u00f6t eiv\u00e4t ole kaikki kaikessa (ok, ne ovat noin 90 prosenttia pelikokemuksesta), mutta v\u00e4line, jonka kautta nautit pelikokemuksesta, on eritt\u00e4in t\u00e4rke\u00e4.<\/p>\n\n<p>Siksi AYANEO Nextiss\u00e4 on kaunis 1280*800 H-IPS -kosketusn\u00e4ytt\u00f6.<\/p>\n\n<figure class=\"wp-block-image\"><img decoding=\"async\" src=\"https:\/\/droix.net\/wp-content\/uploads\/2022\/01\/AYANEO-NEXT-BRIGHT-WHITE-MARKETING-PICTURE-2-scaled.jpg\" alt=\"AYANEO-NEXT-BRIGHT-WHITE-MARKETING-KUVA-2 -NEXT-BRIGHT-WHITE-MARKETING-KUVA-2\" title=\"AYA NEO NEXT 2\"\/><\/figure>\n\n<figure class=\"wp-block-image\"><img decoding=\"async\" src=\"https:\/\/droix.net\/wp-content\/uploads\/2022\/01\/AYANEO-NEXT-JET-BLACK-MARKETING-PICTURE-2-scaled.jpg\" alt=\"AYANEO-NEXT-JET-MUSTA-MARKKINOINTI-KUVA-2\" title=\"AYA NEO NEXT 3\"\/><\/figure>\n\n<figure class=\"wp-block-image\"><img decoding=\"async\" src=\"https:\/\/droix.net\/wp-content\/uploads\/2022\/01\/AYANEO-NEXT-MIDNIGHT-BLUE-MARKETING-PICTURE-4-scaled.jpg\" alt=\"AYANEO-SEXT-MIDNIGHT-BLUE-MARKETING-PICTURE-4\" title=\"AYA NEO NEXT 4\"\/><\/figure>\n\n<figure class=\"wp-block-image\"><img decoding=\"async\" src=\"https:\/\/droix.net\/wp-content\/uploads\/2022\/01\/AYANEO-NEXT-PASTEL-BLUE-MARKETING-PICTURE-7-scaled.jpg\" alt=\"AYANEO-NEXT-PASTELLI-SININEN-MARKKINOINTI-KUVA-7\" title=\"AYA NEO NEXT 5\"\/><\/figure>\n\n<h2 class=\"wp-block-heading\">Pelaaminen A-Z<\/h2>\n\n<p>AYANEO Next PC Gaming Handheld t\u00e4ytt\u00e4\u00e4 kaikki vaatimukset - mukana on paras laitteisto, joka tekee pelisessioistasi mahdollisimman mukavia.<\/p>\n\n<figure class=\"wp-block-image\"><img decoding=\"async\" src=\"https:\/\/droix.net\/wp-content\/uploads\/2022\/01\/high-quality-build.png\" alt=\"\" title=\"AYA NEO NEXT 6\"\/><\/figure>\n\n<figure class=\"wp-block-image\"><img decoding=\"async\" src=\"https:\/\/droix.net\/wp-content\/uploads\/2022\/01\/shoulder-buttons.png\" alt=\"\" title=\"AYA NEO NEXT 7\"\/><\/figure>\n\n<figure class=\"wp-block-image\"><img decoding=\"async\" src=\"https:\/\/droix.net\/wp-content\/uploads\/2022\/01\/fingerprint.png\" alt=\"\" title=\"AYA NEO NEXT 8\"\/><\/figure>\n","protected":false},"excerpt":{"rendered":"<ul>\n<li>AMD\u00ae <strong>Ryzen\u2122 7 5825U<\/strong> w\/ AMD Radeon\u2122 Vega 8 -grafiikkapiiri<\/li>\n<li><strong>16GB<\/strong> kaksikanavainen LPDDR4x @ 4266Mhz<\/li>\n<li><strong>2TB\/2TB<\/strong> nopea PCI-E NVMe -muistitikku SSD<\/li>\n<li><strong>7\u2033<\/strong> H-IPS kosketusn\u00e4ytt\u00f6<\/li>\n<li><strong>WiFi 6<\/strong> IEEE &amp; <strong>Bluetooth 5.2<\/strong> -tuki<\/li>\n<\/ul>\n[cg_accordion title=\"MAKSUTIEDOT\"]<\/p>\n<p>K\u00e4yt\u00e4mme uusinta tekniikkaa maksujen k\u00e4sittelyss\u00e4, jonka avulla voit tehd\u00e4 maksun Apple Payn, Google Payn, pankki- tai luottokorttisi, PayPalin tai BNPL-menetelmien, kuten Klarnan, Affirmin tai AfterPayn kautta, mik\u00e4 takaa nopean ja turvallisen maksukokemuksen.[\/cg_accordion]\n[cg_accordion title=\"TAKUU\"]<\/p>\n<p>1 vuoden takuu <a href=\"https:\/\/droix.net\/\" target=\"_blank\" rel=\"nofollow noopener\">DROIX Globalilta<\/a> mielenrauhasi vuoksi[\/cg_accordion]\n[cg_accordion title=\"HINNOITTELU, VEROT JA TOIMITUKSET\"]<\/p>\n<p><strong><u>Huom:<\/u><\/strong><\/p>\n<ul>\n<li>Yhdysvallat Asiakkaat: Asiakkaat: N\u00e4ytetty hinta EI sis\u00e4ll\u00e4 veroja eik\u00e4 tulleja. Vastuu tulliselvityksest\u00e4 ja siihen liittyvien verojen\/tullien maksamisesta on asiakkaalla. <\/li>\n<li>EU:n asiakkaat: N\u00e4ytetty hinta sis\u00e4lt\u00e4\u00e4 sovellettavan veron, joka voi olla jopa 25 % maastasi riippuen.<\/li>\n<li>Kanada Asiakkaat: N\u00e4ytetty hinta sis\u00e4lt\u00e4\u00e4 sovellettavat verot, joihin voi sis\u00e4lty\u00e4 5 % GST ja ylim\u00e4\u00e4r\u00e4isi\u00e4 maakunnallisia myyntiveroja (PST), harmonisoitua myyntiveroa (HST) tai Quebecin myyntiveroa (QST) maakunnasta riippuen.<\/li>\n<\/ul>\n<p><strong>AINOASTAAN EU:n asiakkaille:<\/strong> Express DDP (Delivered Duty Paid). T\u00e4m\u00e4 tarkoittaa: <\/p>\n<ul>\n<li>Kaikki tullit ja verot sis\u00e4ltyv\u00e4t tuotesivulla ilmoitettuun hintaan.<\/li>\n<li>Sinun ei tarvitse maksaa lis\u00e4maksuja toimituksen yhteydess\u00e4.<\/li>\n<li>Harvinaisissa tulliin liittyviss\u00e4 tapauksissa tiimimme hoitaa tulliselvitysprosessin puolestasi varmistaakseen sujuvan toimituksen.<\/li>\n<p>T\u00e4rke\u00e4\u00e4 tietoa palautuksista:<\/p>\n<li>Jos p\u00e4\u00e4t\u00e4t palauttaa tilauksesi tai pyyt\u00e4\u00e4 palautusta, ota huomioon, ett\u00e4 DDP-ehtojen mukaisesti puolestasi maksettuja veroja ja tulleja ei voida palauttaa.<\/li>\n<p>Katso yksityiskohtaiset tiedot <a href=\"https:\/\/ayaneo.co\/terms-of-service-2\/\" target=\"_blank\" rel=\"nofollow noopener\">k\u00e4ytt\u00f6ehdoistamme<\/a>.\n<\/ul>\n<p>[\/cg_accordion]\n[cg_accordion title=\"ASIAKASTUKI\"]<\/p>\n<p>Onko kysytt\u00e4v\u00e4\u00e4? Olemme lyhyen tekstiviestin p\u00e4\u00e4ss\u00e4 siit\u00e4, ett\u00e4 ongelmasi on ratkaistu!<br \/>\n[\/cg_accordion]\n[cg_accordion title=\"Paketti sis\u00e4lt\u00e4\u00e4\"]<\/p>\n<ul>\n<li>1x AYANEO NEXT<\/li>\n<li>1x USB Type-C-kaapeli<\/li>\n<li>1x K\u00e4ytt\u00f6ohje<\/li>\n<\/ul>\n<p>[\/cg_accordion]\n","protected":false},"featured_media":7494,"template":"","meta":{"_acf_changed":false},"product_brand":[],"product_cat":[548],"product_tag":[],"class_list":{"0":"post-7454","1":"product","2":"type-product","3":"status-publish","4":"has-post-thumbnail","6":"product_cat-kannettavat-pelitietokoneet","7":"product_shipping_class-premium","8":"pa_brand-ayaneo","9":"pa_graphics-gpu-model-radeon-graphics","10":"pa_operating-system-windows-11-home","11":"pa_processor-cpu-brand-amd","13":"first","14":"outofstock","15":"sale","16":"taxable","17":"shipping-taxable","18":"purchasable","19":"product-type-variable","20":"has-default-attributes"},"acf":[],"_links":{"self":[{"href":"https:\/\/ayaneo.co\/fi\/wp-json\/wp\/v2\/product\/7454","targetHints":{"allow":["GET"]}}],"collection":[{"href":"https:\/\/ayaneo.co\/fi\/wp-json\/wp\/v2\/product"}],"about":[{"href":"https:\/\/ayaneo.co\/fi\/wp-json\/wp\/v2\/types\/product"}],"wp:featuredmedia":[{"embeddable":true,"href":"https:\/\/ayaneo.co\/fi\/wp-json\/wp\/v2\/media\/7494"}],"wp:attachment":[{"href":"https:\/\/ayaneo.co\/fi\/wp-json\/wp\/v2\/media?parent=7454"}],"wp:term":[{"taxonomy":"product_brand","embeddable":true,"href":"https:\/\/ayaneo.co\/fi\/wp-json\/wp\/v2\/product_brand?post=7454"},{"taxonomy":"product_cat","embeddable":true,"href":"https:\/\/ayaneo.co\/fi\/wp-json\/wp\/v2\/product_cat?post=7454"},{"taxonomy":"product_tag","embeddable":true,"href":"https:\/\/ayaneo.co\/fi\/wp-json\/wp\/v2\/product_tag?post=7454"}],"curies":[{"name":"wp","href":"https:\/\/api.w.org\/{rel}","templated":true}]}}