{"id":35027,"date":"2025-06-25T10:40:26","date_gmt":"2025-06-25T10:40:26","guid":{"rendered":"https:\/\/ayaneo.co\/nos-magasins\/"},"modified":"2025-12-04T10:36:23","modified_gmt":"2025-12-04T10:36:23","slug":"nos-magasins","status":"publish","type":"page","link":"https:\/\/ayaneo.co\/fr\/nos-magasins\/","title":{"rendered":"Nos magasins"},"content":{"rendered":"\t\t<div data-elementor-type=\"wp-page\" data-elementor-id=\"35027\" class=\"elementor elementor-35027 elementor-25017\" data-elementor-post-type=\"page\">\n\t\t\t\t\t\t<section class=\"elementor-section elementor-top-section elementor-element elementor-element-35362db elementor-section-boxed elementor-section-height-default elementor-section-height-default\" data-id=\"35362db\" data-element_type=\"section\">\n\t\t\t\t\t\t<div class=\"elementor-container elementor-column-gap-default\">\n\t\t\t\t\t<div class=\"elementor-column elementor-col-100 elementor-top-column elementor-element elementor-element-5adfb6a\" data-id=\"5adfb6a\" data-element_type=\"column\">\n\t\t\t<div class=\"elementor-widget-wrap elementor-element-populated\">\n\t\t\t\t\t\t<div class=\"elementor-element elementor-element-dd6586e elementor-widget elementor-widget-image\" data-id=\"dd6586e\" data-element_type=\"widget\" data-widget_type=\"image.default\">\n\t\t\t\t<div class=\"elementor-widget-container\">\n\t\t\t\t\t\t\t\t\t\t\t\t\t\t\t<img fetchpriority=\"high\" decoding=\"async\" width=\"1600\" height=\"300\" src=\"https:\/\/ayaneo.co\/wp-content\/uploads\/2025\/06\/Hero-Website.gif\" class=\"attachment-full size-full wp-image-25030\" alt=\"\" sizes=\"\" \/>\t\t\t\t\t\t\t\t\t\t\t\t\t\t\t<\/div>\n\t\t\t\t<\/div>\n\t\t\t\t<div class=\"elementor-element elementor-element-5cc52a2 elementor-widget elementor-widget-heading\" data-id=\"5cc52a2\" data-element_type=\"widget\" data-widget_type=\"heading.default\">\n\t\t\t\t<div class=\"elementor-widget-container\">\n\t\t\t\t\t<h2 class=\"elementor-heading-title elementor-size-default\">Bienvenue dans la famille des magasins DROIX<\/h2>\t\t\t\t<\/div>\n\t\t\t\t<\/div>\n\t\t\t\t<div class=\"elementor-element elementor-element-427a2b7 elementor-widget elementor-widget-text-editor\" data-id=\"427a2b7\" data-element_type=\"widget\" data-widget_type=\"text-editor.default\">\n\t\t\t\t<div class=\"elementor-widget-container\">\n\t\t\t\t\t\t\t\t\t<p>D\u00e9couvrez notre r\u00e9seau de boutiques en ligne officielles DROIX. Que vous soyez au Royaume-Uni, en Europe ou n&rsquo;importe o\u00f9 dans le monde, nous avons une boutique d\u00e9di\u00e9e pour vous servir au mieux - y compris des boutiques sp\u00e9cifiques aux produits pour les PC de jeu portables AYANEO et GPD. <\/p>\t\t\t\t\t\t\t\t<\/div>\n\t\t\t\t<\/div>\n\t\t\t\t\t<\/div>\n\t\t<\/div>\n\t\t\t\t\t<\/div>\n\t\t<\/section>\n\t\t\t\t<section class=\"elementor-section elementor-top-section elementor-element elementor-element-b32ccb9 elementor-section-boxed elementor-section-height-default elementor-section-height-default\" data-id=\"b32ccb9\" data-element_type=\"section\">\n\t\t\t\t\t\t<div class=\"elementor-container elementor-column-gap-default\">\n\t\t\t\t\t<div class=\"elementor-column elementor-col-50 elementor-top-column elementor-element elementor-element-4fad783\" data-id=\"4fad783\" data-element_type=\"column\">\n\t\t\t<div class=\"elementor-widget-wrap elementor-element-populated\">\n\t\t\t\t\t\t<div class=\"elementor-element elementor-element-9936ee9 elementor-widget elementor-widget-image\" data-id=\"9936ee9\" data-element_type=\"widget\" data-widget_type=\"image.default\">\n\t\t\t\t<div class=\"elementor-widget-container\">\n\t\t\t\t\t\t\t\t\t\t\t\t\t\t\t\t<a href=\"https:\/\/droix.co.uk\/\" target=\"_blank\" rel=\"noopener\">\n\t\t\t\t\t\t\t<img decoding=\"async\" width=\"320\" height=\"120\" src=\"https:\/\/ayaneo.co\/wp-content\/uploads\/2025\/06\/COUK.jpg\" class=\"attachment-full size-full wp-image-24903\" alt=\"\" srcset=\"https:\/\/ayaneo.co\/wp-content\/uploads\/2025\/06\/COUK.jpg 320w, https:\/\/ayaneo.co\/wp-content\/uploads\/2025\/06\/COUK-300x113.jpg 300w, https:\/\/ayaneo.co\/wp-content\/uploads\/2025\/06\/COUK-150x56.jpg 150w\" sizes=\"(max-width: 320px) 100vw, 320px\" \/>\t\t\t\t\t\t\t\t<\/a>\n\t\t\t\t\t\t\t\t\t\t\t\t\t\t\t<\/div>\n\t\t\t\t<\/div>\n\t\t\t\t<div class=\"elementor-element elementor-element-9df7040 elementor-widget elementor-widget-text-editor\" data-id=\"9df7040\" data-element_type=\"widget\" data-widget_type=\"text-editor.default\">\n\t\t\t\t<div class=\"elementor-widget-container\">\n\t\t\t\t\t\t\t\t\t<p data-pm-slice=\"0 0 []\">Notre vitrine d\u00e9di\u00e9e au Royaume-Uni, con\u00e7ue pour assurer une commande sans probl\u00e8me avec la conformit\u00e9 \u00e0 la TVA britannique et les collectes locales.<\/p>\t\t\t\t\t\t\t\t<\/div>\n\t\t\t\t<\/div>\n\t\t\t\t<div class=\"elementor-element elementor-element-4cb7382 elementor-widget elementor-widget-image\" data-id=\"4cb7382\" data-element_type=\"widget\" data-widget_type=\"image.default\">\n\t\t\t\t<div class=\"elementor-widget-container\">\n\t\t\t\t\t\t\t\t\t\t\t\t\t\t\t\t<a href=\"https:\/\/droix.eu\/\" target=\"_blank\" rel=\"noopener\">\n\t\t\t\t\t\t\t<img decoding=\"async\" width=\"320\" height=\"120\" src=\"https:\/\/ayaneo.co\/wp-content\/uploads\/2025\/06\/EU.jpg\" class=\"attachment-full size-full wp-image-24955\" alt=\"\" srcset=\"https:\/\/ayaneo.co\/wp-content\/uploads\/2025\/06\/EU.jpg 320w, https:\/\/ayaneo.co\/wp-content\/uploads\/2025\/06\/EU-300x113.jpg 300w, https:\/\/ayaneo.co\/wp-content\/uploads\/2025\/06\/EU-150x56.jpg 150w\" sizes=\"(max-width: 320px) 100vw, 320px\" \/>\t\t\t\t\t\t\t\t<\/a>\n\t\t\t\t\t\t\t\t\t\t\t\t\t\t\t<\/div>\n\t\t\t\t<\/div>\n\t\t\t\t<div class=\"elementor-element elementor-element-665acbf elementor-widget elementor-widget-text-editor\" data-id=\"665acbf\" data-element_type=\"widget\" data-widget_type=\"text-editor.default\">\n\t\t\t\t<div class=\"elementor-widget-container\">\n\t\t\t\t\t\t\t\t\t<p data-pm-slice=\"0 0 []\">Notre vitrine d\u00e9di\u00e9e \u00e0 l&rsquo;UE, con\u00e7ue pour garantir une commande fluide, conforme \u00e0 la TVA europ\u00e9enne, et une livraison plus rapide dans toute l&rsquo;Europe.<\/p>\t\t\t\t\t\t\t\t<\/div>\n\t\t\t\t<\/div>\n\t\t\t\t\t<\/div>\n\t\t<\/div>\n\t\t\t\t<div class=\"elementor-column elementor-col-50 elementor-top-column elementor-element elementor-element-8e833a5\" data-id=\"8e833a5\" data-element_type=\"column\">\n\t\t\t<div class=\"elementor-widget-wrap elementor-element-populated\">\n\t\t\t\t\t\t<div class=\"elementor-element elementor-element-6c081a9 elementor-widget elementor-widget-image\" data-id=\"6c081a9\" data-element_type=\"widget\" data-widget_type=\"image.default\">\n\t\t\t\t<div class=\"elementor-widget-container\">\n\t\t\t\t\t\t\t\t\t\t\t\t\t\t\t\t<a href=\"https:\/\/droix.net\/\" target=\"_blank\" rel=\"noopener\">\n\t\t\t\t\t\t\t<img loading=\"lazy\" decoding=\"async\" width=\"320\" height=\"120\" src=\"https:\/\/ayaneo.co\/wp-content\/uploads\/2025\/06\/NET.jpg\" class=\"attachment-full size-full wp-image-24929\" alt=\"\" srcset=\"https:\/\/ayaneo.co\/wp-content\/uploads\/2025\/06\/NET.jpg 320w, https:\/\/ayaneo.co\/wp-content\/uploads\/2025\/06\/NET-300x113.jpg 300w, https:\/\/ayaneo.co\/wp-content\/uploads\/2025\/06\/NET-150x56.jpg 150w\" sizes=\"(max-width: 320px) 100vw, 320px\" \/>\t\t\t\t\t\t\t\t<\/a>\n\t\t\t\t\t\t\t\t\t\t\t\t\t\t\t<\/div>\n\t\t\t\t<\/div>\n\t\t\t\t<div class=\"elementor-element elementor-element-104ad12 elementor-widget elementor-widget-text-editor\" data-id=\"104ad12\" data-element_type=\"widget\" data-widget_type=\"text-editor.default\">\n\t\t\t\t<div class=\"elementor-widget-container\">\n\t\t\t\t\t\t\t\t\t<p data-pm-slice=\"0 0 []\">Au service des clients en dehors du Royaume-Uni et de l&rsquo;UE.  <span style=\"background-color: transparent;\">Le meilleur choix pour l&rsquo;exp\u00e9dition internationale, le paiement sans taxe (le cas \u00e9ch\u00e9ant) et l&rsquo;assistance mondiale.<\/span><\/p>\t\t\t\t\t\t\t\t<\/div>\n\t\t\t\t<\/div>\n\t\t\t\t<div class=\"elementor-element elementor-element-f76bab4 elementor-widget elementor-widget-image\" data-id=\"f76bab4\" data-element_type=\"widget\" data-widget_type=\"image.default\">\n\t\t\t\t<div class=\"elementor-widget-container\">\n\t\t\t\t\t\t\t\t\t\t\t\t\t\t\t\t<a href=\"https:\/\/gpdstore.net\/\" target=\"_blank\" rel=\"noopener\">\n\t\t\t\t\t\t\t<img loading=\"lazy\" decoding=\"async\" width=\"320\" height=\"120\" src=\"https:\/\/ayaneo.co\/wp-content\/uploads\/2025\/06\/GPDSTORE.jpg\" class=\"attachment-full size-full wp-image-24981\" alt=\"\" srcset=\"https:\/\/ayaneo.co\/wp-content\/uploads\/2025\/06\/GPDSTORE.jpg 320w, https:\/\/ayaneo.co\/wp-content\/uploads\/2025\/06\/GPDSTORE-300x113.jpg 300w, https:\/\/ayaneo.co\/wp-content\/uploads\/2025\/06\/GPDSTORE-150x56.jpg 150w\" sizes=\"(max-width: 320px) 100vw, 320px\" \/>\t\t\t\t\t\t\t\t<\/a>\n\t\t\t\t\t\t\t\t\t\t\t\t\t\t\t<\/div>\n\t\t\t\t<\/div>\n\t\t\t\t<div class=\"elementor-element elementor-element-764bdad elementor-widget elementor-widget-text-editor\" data-id=\"764bdad\" data-element_type=\"widget\" data-widget_type=\"text-editor.default\">\n\t\t\t\t<div class=\"elementor-widget-container\">\n\t\t\t\t\t\t\t\t\t<p data-pm-slice=\"0 0 []\">Votre destination privil\u00e9gi\u00e9e pour les produits GPD - y compris les gammes GPD WIN et GPD Pocket. Stock officiel avec le soutien de DROIX. <\/p>\t\t\t\t\t\t\t\t<\/div>\n\t\t\t\t<\/div>\n\t\t\t\t\t<\/div>\n\t\t<\/div>\n\t\t\t\t\t<\/div>\n\t\t<\/section>\n\t\t\t\t<section class=\"elementor-section elementor-top-section elementor-element elementor-element-ff11b9e elementor-section-boxed elementor-section-height-default elementor-section-height-default\" data-id=\"ff11b9e\" data-element_type=\"section\">\n\t\t\t\t\t\t<div class=\"elementor-container elementor-column-gap-default\">\n\t\t\t\t\t<div class=\"elementor-column elementor-col-100 elementor-top-column elementor-element elementor-element-c172429\" data-id=\"c172429\" data-element_type=\"column\">\n\t\t\t<div class=\"elementor-widget-wrap elementor-element-populated\">\n\t\t\t\t\t\t<div class=\"elementor-element elementor-element-bbbe377 elementor-widget elementor-widget-heading\" data-id=\"bbbe377\" data-element_type=\"widget\" data-widget_type=\"heading.default\">\n\t\t\t\t<div class=\"elementor-widget-container\">\n\t\t\t\t\t<h2 class=\"elementor-heading-title elementor-size-default\">Pourquoi acheter chez DROIX ?<\/h2>\t\t\t\t<\/div>\n\t\t\t\t<\/div>\n\t\t\t\t<div class=\"elementor-element elementor-element-5eb3b45 elementor-widget elementor-widget-text-editor\" data-id=\"5eb3b45\" data-element_type=\"widget\" data-widget_type=\"text-editor.default\">\n\t\t\t\t<div class=\"elementor-widget-container\">\n\t\t\t\t\t\t\t\t\t<p>Chez DROIX, nous ne sommes pas un simple magasin en ligne - nous sommes un nom de confiance dans la technologie de performance, soutenu par des centaines de clients satisfaits et des ann\u00e9es d&rsquo;exp\u00e9rience dans les PC de jeux portables, mini PC, Ultrabooks, appareils Android et plus encore. Avec des centaines d&rsquo;avis positifs v\u00e9rifi\u00e9s, notre service parle de lui-m\u00eame. Nous sommes fiers de vous offrir la meilleure exp\u00e9rience client, du premier clic au support apr\u00e8s-vente.  <\/p>\t\t\t\t\t\t\t\t<\/div>\n\t\t\t\t<\/div>\n\t\t\t\t<div class=\"elementor-element elementor-element-14ec0d8 elementor-widget elementor-widget-image\" data-id=\"14ec0d8\" data-element_type=\"widget\" data-widget_type=\"image.default\">\n\t\t\t\t<div class=\"elementor-widget-container\">\n\t\t\t\t\t\t\t\t\t\t\t\t\t\t\t<img loading=\"lazy\" decoding=\"async\" width=\"768\" height=\"768\" src=\"https:\/\/ayaneo.co\/wp-content\/uploads\/2025\/06\/DROIX-REVIEWS-768x768.png\" class=\"attachment-medium_large size-medium_large wp-image-25057\" alt=\"\" srcset=\"https:\/\/ayaneo.co\/wp-content\/uploads\/2025\/06\/DROIX-REVIEWS-768x768.png 768w, https:\/\/ayaneo.co\/wp-content\/uploads\/2025\/06\/DROIX-REVIEWS-300x300.png 300w, https:\/\/ayaneo.co\/wp-content\/uploads\/2025\/06\/DROIX-REVIEWS-1024x1024.png 1024w, https:\/\/ayaneo.co\/wp-content\/uploads\/2025\/06\/DROIX-REVIEWS-150x150.png 150w, https:\/\/ayaneo.co\/wp-content\/uploads\/2025\/06\/DROIX-REVIEWS-65x65.png 65w, https:\/\/ayaneo.co\/wp-content\/uploads\/2025\/06\/DROIX-REVIEWS-990x990.png 990w, https:\/\/ayaneo.co\/wp-content\/uploads\/2025\/06\/DROIX-REVIEWS-441x441.png 441w, https:\/\/ayaneo.co\/wp-content\/uploads\/2025\/06\/DROIX-REVIEWS-100x100.png 100w, https:\/\/ayaneo.co\/wp-content\/uploads\/2025\/06\/DROIX-REVIEWS-600x600.png 600w, https:\/\/ayaneo.co\/wp-content\/uploads\/2025\/06\/DROIX-REVIEWS.png 1200w\" sizes=\"(max-width: 768px) 100vw, 768px\" \/>\t\t\t\t\t\t\t\t\t\t\t\t\t\t\t<\/div>\n\t\t\t\t<\/div>\n\t\t\t\t\t<\/div>\n\t\t<\/div>\n\t\t\t\t\t<\/div>\n\t\t<\/section>\n\t\t\t\t<\/div>\n\t\t","protected":false},"excerpt":{"rendered":"<p>Bienvenue dans la famille des magasins DROIX D\u00e9couvrez notre r\u00e9seau de boutiques en ligne officielles DROIX. Que vous soyez au Royaume-Uni, en Europe ou n&rsquo;importe o\u00f9 dans le monde, nous avons une boutique d\u00e9di\u00e9e pour vous servir au mieux - y compris des boutiques sp\u00e9cifiques aux produits pour les PC de jeu portables AYANEO et [&hellip;]<\/p>\n","protected":false},"author":20,"featured_media":0,"parent":0,"menu_order":0,"comment_status":"closed","ping_status":"closed","template":"elementor_header_footer","meta":{"_acf_changed":false,"footnotes":""},"class_list":["post-35027","page","type-page","status-publish","hentry"],"acf":[],"_links":{"self":[{"href":"https:\/\/ayaneo.co\/fr\/wp-json\/wp\/v2\/pages\/35027","targetHints":{"allow":["GET"]}}],"collection":[{"href":"https:\/\/ayaneo.co\/fr\/wp-json\/wp\/v2\/pages"}],"about":[{"href":"https:\/\/ayaneo.co\/fr\/wp-json\/wp\/v2\/types\/page"}],"author":[{"embeddable":true,"href":"https:\/\/ayaneo.co\/fr\/wp-json\/wp\/v2\/users\/20"}],"replies":[{"embeddable":true,"href":"https:\/\/ayaneo.co\/fr\/wp-json\/wp\/v2\/comments?post=35027"}],"version-history":[{"count":0,"href":"https:\/\/ayaneo.co\/fr\/wp-json\/wp\/v2\/pages\/35027\/revisions"}],"wp:attachment":[{"href":"https:\/\/ayaneo.co\/fr\/wp-json\/wp\/v2\/media?parent=35027"}],"curies":[{"name":"wp","href":"https:\/\/api.w.org\/{rel}","templated":true}]}}