{"id":11418,"date":"2025-03-18T15:51:48","date_gmt":"2025-03-18T15:51:48","guid":{"rendered":"https:\/\/ayaneo.co\/product\/ayaneo-etui-de-poche-en-micro-cuir\/"},"modified":"2025-12-27T12:04:19","modified_gmt":"2025-12-27T12:04:19","slug":"ayaneo-etui-de-poche-en-micro-cuir","status":"publish","type":"product","link":"https:\/\/ayaneo.co\/fr\/product\/ayaneo-etui-de-poche-en-micro-cuir\/","title":{"rendered":"AYANEO Pocket \u00e9tui en micro-cuir"},"content":{"rendered":"\n<p>Offrez \u00e0 votre <strong>AYANEO Pocket<\/strong> la protection qu&rsquo;il m\u00e9rite avec cet <strong>\u00e9tui en cuir luxueux<\/strong>! Con\u00e7u pour <strong>s&rsquo;adapter parfaitement<\/strong>, cet \u00e9tui allie <strong>\u00e9l\u00e9gance, durabilit\u00e9 et portabilit\u00e9<\/strong> pour prot\u00e9ger votre appareil tout en conservant un aspect \u00e9l\u00e9gant et professionnel.<\/p>\n\n<h2 class=\"wp-block-heading\" id=\"h-key-features\"><strong>Caract\u00e9ristiques principales :<\/strong><\/h2>\n\n<p><strong>Mat\u00e9riau en cuir de premi\u00e8re qualit\u00e9<\/strong> - Fabriqu\u00e9 en cuir de premi\u00e8re qualit\u00e9 pour une finition sophistiqu\u00e9e et durable.<\/p>\n\n<p><strong>Ajustement parfait et protection s\u00e9curis\u00e9e<\/strong> - Con\u00e7u sur mesure pour l&rsquo;AYANEO Pocket Micro, il garantit un <strong>ajustement parfait<\/strong> qui prot\u00e8ge votre appareil des rayures, de la poussi\u00e8re et des chocs mineurs.<\/p>\n\n<p><strong>Doublure int\u00e9rieure douce<\/strong> - <strong>Douce<\/strong> pour l&rsquo;\u00e9cran et le corps de votre appareil, elle \u00e9vite les marques ind\u00e9sirables.<\/p>\n\n<p><strong>L\u00e9ger et portable<\/strong> - Le design mince permet de le transporter facilement tout en offrant une protection maximale.<\/p>\n\n<p><strong>Fermeture magn\u00e9tique pour plus de s\u00e9curit\u00e9<\/strong> - Assure que votre appareil reste bien en place tout en permettant un acc\u00e8s rapide.<\/p>\n\n<p>Cet <strong>\u00e9tui en cuir \u00e9l\u00e9gant et fonctionnel<\/strong> vous permet de <strong>prot\u00e9ger votre<\/strong> <strong>AYANEO Pocket Micro<\/strong> avec une <strong>touche d&rsquo;\u00e9l\u00e9gance.<\/strong> <\/p>\n\n<p><\/p>\n","protected":false},"excerpt":{"rendered":"<ul>\n<li>\u00c9tui <strong>officiel<\/strong> AYANEO Pocket Micro Protective Leather Case<\/li>\n<li><strong>Cuir de premi\u00e8re qualit\u00e9<\/strong> - \u00c9l\u00e9gant, durable et r\u00e9sistant.<\/li>\n<li><strong>Doublure int\u00e9rieure souple<\/strong> - Prot\u00e8ge contre les rayures et la poussi\u00e8re.<\/li>\n<li><strong>L\u00e9ger et portable<\/strong> - Facile \u00e0 transporter sans encombrement.<\/li>\n<li><strong>Fermeture magn\u00e9tique<\/strong> - Acc\u00e8s s\u00e9curis\u00e9 et pratique.<\/li>\n<\/ul>\n[cg_accordion title=\"INFO PAIEMENT\"]<\/p>\n<p>Nous utilisons les derni\u00e8res technologies en mati\u00e8re de traitement des paiements, ce qui vous permet de r\u00e9gler vos achats via Apple Pay, Google Pay, votre carte de d\u00e9bit\/cr\u00e9dit, PayPal ou des m\u00e9thodes BNPL telles que Klarna, Affirm ou AfterPay pour une exp\u00e9rience rapide et s\u00e9curis\u00e9e.[\/cg_accordion]\n[cg_accordion title=\"GARANTIE\"]<\/p>\n<p>1 an de garantie de <a href=\"https:\/\/droix.net\/\" target=\"_blank\" rel=\"nofollow noopener\">DROIX Global<\/a> pour votre tranquillit\u00e9 d&rsquo;esprit[\/cg_accordion]\n[cg_accordion title=\"ASSURANCE QUALIT\u00c9 ET ESSAIS AVANT EXP\u00c9DITION\"]<\/p>\n<p>Garantir la satisfaction du client au plus haut niveau : Chaque appareil est soumis \u00e0 des tests rigoureux et \u00e0 un contr\u00f4le de qualit\u00e9 en plusieurs points avant d&rsquo;\u00eatre exp\u00e9di\u00e9. Notre \u00e9quipe d\u00e9di\u00e9e v\u00e9rifie la performance, la fonctionnalit\u00e9 et l&rsquo;int\u00e9grit\u00e9 des composants pour garantir que votre appareil AYANEO est en parfait \u00e9tat de fonctionnement \u00e0 l&rsquo;arriv\u00e9e, vous apportant confiance et tranquillit\u00e9 d&rsquo;esprit. [\/cg_accordion]\n[cg_accordion title=\"PRIX, TAXES ET FRAIS DE PORT\"]<\/p>\n<p><strong><u>Note :<\/u><\/strong><\/p>\n<ul>\n<li>Clients des \u00c9tats-Unis : Le prix affich\u00e9 n&rsquo;inclut pas les taxes ni les droits de douane. La responsabilit\u00e9 du d\u00e9douanement et du paiement des taxes et droits de douane incombe au client. <\/li>\n<li>Clients de l&rsquo;UE : Le prix affich\u00e9 inclut la TAXE applicable, qui peut s&rsquo;\u00e9lever jusqu&rsquo;\u00e0 25 % selon votre pays.<\/li>\n<li>Clients du Canada : Le prix affich\u00e9 comprend les taxes applicables, qui peuvent inclure la TPS de 5 % et des taxes de vente provinciales (TVP), la taxe de vente harmonis\u00e9e (TVH) ou la taxe de vente du Qu\u00e9bec (TVQ) suppl\u00e9mentaires, selon votre province.<\/li>\n<\/ul>\n<p><strong>Pour les clients de l&rsquo;UE SEULEMENT :<\/strong> Express DDP (Delivered Duty Paid). Cela signifie que : <\/p>\n<ul>\n<li>Tous les droits de douane et taxes sont inclus dans le prix affich\u00e9 sur la page du produit.<\/li>\n<li>Vous n&rsquo;aurez pas \u00e0 payer de frais suppl\u00e9mentaires \u00e0 la livraison.<\/li>\n<li>Dans les rares cas de probl\u00e8mes douaniers, notre \u00e9quipe s&rsquo;occupera de la proc\u00e9dure de d\u00e9douanement en votre nom afin d&rsquo;assurer une livraison sans probl\u00e8me.<\/li>\n<p>Informations importantes concernant les retours :<\/p>\n<li>Si vous d\u00e9cidez de retourner votre commande ou de demander un remboursement, sachez que les taxes et les droits pay\u00e9s en votre nom dans le cadre du programme DDP ne peuvent pas \u00eatre rembours\u00e9s.<\/li>\n<p>Veuillez vous r\u00e9f\u00e9rer \u00e0 nos <a href=\"https:\/\/ayaneo.co\/fr\/conditions-dutilisation\/\" target=\"_blank\" rel=\"nofollow noopener\">conditions g\u00e9n\u00e9rales<\/a> pour plus d&rsquo;informations.\n<\/ul>\n<p>[\/cg_accordion]\n[cg_accordion title=\"SOUTIEN \u00c0 LA CLIENT\u00c8LE\"]<\/p>\n<p>Vous avez une question ? Il suffit d&rsquo;un petit texte pour que votre probl\u00e8me soit r\u00e9solu ! [\/cg_accordion]\n[cg_accordion title=\"LE PAQUET COMPREND\"]<\/p>\n<ul>\n<li>1x AYANEO Pocket \u00e9tui en micro cuir<\/li>\n<\/ul>\n<p>[\/cg_accordion]\n","protected":false},"featured_media":11025,"template":"","meta":{"_acf_changed":false},"product_brand":[],"product_cat":[389],"product_tag":[],"class_list":{"0":"post-11418","1":"product","2":"type-product","3":"status-publish","4":"has-post-thumbnail","6":"product_cat-accessoires","7":"product_shipping_class-low-end","8":"pa_accessory-type-etui-de-protection","9":"pa_brand-ayaneo","11":"first","12":"outofstock","13":"sale","14":"taxable","15":"shipping-taxable","16":"purchasable","17":"product-type-variable","18":"has-default-attributes"},"acf":[],"_links":{"self":[{"href":"https:\/\/ayaneo.co\/fr\/wp-json\/wp\/v2\/product\/11418","targetHints":{"allow":["GET"]}}],"collection":[{"href":"https:\/\/ayaneo.co\/fr\/wp-json\/wp\/v2\/product"}],"about":[{"href":"https:\/\/ayaneo.co\/fr\/wp-json\/wp\/v2\/types\/product"}],"wp:featuredmedia":[{"embeddable":true,"href":"https:\/\/ayaneo.co\/fr\/wp-json\/wp\/v2\/media\/11025"}],"wp:attachment":[{"href":"https:\/\/ayaneo.co\/fr\/wp-json\/wp\/v2\/media?parent=11418"}],"wp:term":[{"taxonomy":"product_brand","embeddable":true,"href":"https:\/\/ayaneo.co\/fr\/wp-json\/wp\/v2\/product_brand?post=11418"},{"taxonomy":"product_cat","embeddable":true,"href":"https:\/\/ayaneo.co\/fr\/wp-json\/wp\/v2\/product_cat?post=11418"},{"taxonomy":"product_tag","embeddable":true,"href":"https:\/\/ayaneo.co\/fr\/wp-json\/wp\/v2\/product_tag?post=11418"}],"curies":[{"name":"wp","href":"https:\/\/api.w.org\/{rel}","templated":true}]}}