{"id":11443,"date":"2025-03-20T10:53:25","date_gmt":"2025-03-20T10:53:25","guid":{"rendered":"https:\/\/ayaneo.co\/product\/ayaneo-pocket-evo-thumb-stick-grip-caps-precision-et-confort-accrus\/"},"modified":"2025-12-27T09:19:26","modified_gmt":"2025-12-27T09:19:26","slug":"ayaneo-pocket-evo-thumb-stick-grip-caps-precision-et-confort-accrus","status":"publish","type":"product","link":"https:\/\/ayaneo.co\/fr\/product\/ayaneo-pocket-evo-thumb-stick-grip-caps-precision-et-confort-accrus\/","title":{"rendered":"AYANEO 3 \/ Pocket EVO Thumb Stick Grip Caps - Pr\u00e9cision et confort pour chaque mouvement !"},"content":{"rendered":"\n<p>Am\u00e9liorez votre exp\u00e9rience de jeu sur <strong>AYANEO 3 et Pocket EVO<\/strong> avec ces <strong>capuchons de poign\u00e9e de pouce de qualit\u00e9 sup\u00e9rieure<\/strong>! Con\u00e7us pour une <strong>meilleure prise en main, un contr\u00f4le accru et une durabilit\u00e9 \u00e0 long terme<\/strong>, ces capuchons garantissent des mouvements plus fluides et plus pr\u00e9cis pour un gameplay ultime.<\/p>\n\n<h2 class=\"wp-block-heading\"><strong>Caract\u00e9ristiques principales :<\/strong><\/h2>\n\n<p><strong>Meilleure prise en main et meilleur contr\u00f4le<\/strong> - Offre une <strong>meilleure pr\u00e9cision<\/strong> et une surface antid\u00e9rapante pour des mouvements pr\u00e9cis.<\/p>\n\n<p><strong>Conception ergonomique et confortable<\/strong> - R\u00e9duit la fatigue du pouce pour les sessions de jeu prolong\u00e9es.<\/p>\n\n<p><strong>Mat\u00e9riau en silicone de premi\u00e8re qualit\u00e9<\/strong> - Le mat\u00e9riau durable et de haute qualit\u00e9 garantit la long\u00e9vit\u00e9 et une sensation de douceur.<\/p>\n\n<p><strong>Facile \u00e0 installer et \u00e0 fixer<\/strong> - Con\u00e7u sur mesure pour <strong>AYANEO 3 et Pocket EVO<\/strong>, il garantit une fixation s\u00fbre et antid\u00e9rapante.<\/p>\n\n<p><strong>\u00c9l\u00e9gant et fonctionnel<\/strong> - Disponible en <strong>noir et blanc<\/strong> pour s&rsquo;adapter \u00e0 votre configuration de jeu tout en prot\u00e9geant votre joystick de l&rsquo;usure.<\/p>\n\n<p>Am\u00e9liorez votre <strong>AYANEO 3 et Pocket EVO<\/strong> avec ces <strong>capuchons de stick de pouce de haute qualit\u00e9<\/strong> pour une prise en main, un contr\u00f4le et un confort sup\u00e9rieurs !<\/p>\n","protected":false},"excerpt":{"rendered":"<ul>\n<li>Coiffes <strong>officielles<\/strong> AYANEO 3 \/ Pocket EVO Thumb Stick Grip Caps<\/li>\n<li><strong>Am\u00e9lioration de la prise en main et de la pr\u00e9cision<\/strong> - Am\u00e9liore la pr\u00e9cision et le contr\u00f4le.<\/li>\n<li><strong>Confortable et ergonomique<\/strong> - R\u00e9duit la fatigue pour les sessions de jeu prolong\u00e9es.<\/li>\n<li><strong>Mat\u00e9riau en silicone<\/strong> durable - Longue dur\u00e9e de vie et r\u00e9sistance \u00e0 l&rsquo;usure.<\/li>\n<li><strong>Ajustement parfait<\/strong> - Con\u00e7u exclusivement pour AYANEO 3 et Pocket EVO.<\/li>\n<\/ul>\n[cg_accordion title=\"INFO PAIEMENT\"]<\/p>\n<p>Nous utilisons les derni\u00e8res technologies en mati\u00e8re de traitement des paiements, ce qui vous permet de r\u00e9gler vos achats via Apple Pay, Google Pay, votre carte de d\u00e9bit\/cr\u00e9dit, PayPal ou des m\u00e9thodes BNPL telles que Klarna, Affirm ou AfterPay pour une exp\u00e9rience rapide et s\u00e9curis\u00e9e.[\/cg_accordion]\n[cg_accordion title=\"GARANTIE\"]<\/p>\n<p>1 an de garantie de <a href=\"https:\/\/droix.net\/\" target=\"_blank\" rel=\"nofollow noopener\">DROIX Global<\/a> pour votre tranquillit\u00e9 d&rsquo;esprit[\/cg_accordion]\n[cg_accordion title=\"ASSURANCE QUALIT\u00c9 ET ESSAIS AVANT EXP\u00c9DITION\"]<\/p>\n<p>Garantir la satisfaction du client au plus haut niveau : Chaque appareil est soumis \u00e0 des tests rigoureux et \u00e0 un contr\u00f4le de qualit\u00e9 en plusieurs points avant d&rsquo;\u00eatre exp\u00e9di\u00e9. Notre \u00e9quipe d\u00e9di\u00e9e v\u00e9rifie la performance, la fonctionnalit\u00e9 et l&rsquo;int\u00e9grit\u00e9 des composants pour garantir que votre appareil AYANEO est en parfait \u00e9tat de fonctionnement \u00e0 l&rsquo;arriv\u00e9e, vous apportant confiance et tranquillit\u00e9 d&rsquo;esprit. [\/cg_accordion]\n[cg_accordion title=\"PRIX, TAXES ET FRAIS DE PORT\"]<\/p>\n<p><strong><u>Note :<\/u><\/strong><\/p>\n<ul>\n<li>Clients des \u00c9tats-Unis : Le prix affich\u00e9 n&rsquo;inclut pas les taxes ni les droits de douane. La responsabilit\u00e9 du d\u00e9douanement et du paiement des taxes et droits de douane incombe au client. <\/li>\n<li>Clients de l&rsquo;UE : Le prix affich\u00e9 inclut la TAXE applicable, qui peut s&rsquo;\u00e9lever jusqu&rsquo;\u00e0 25 % selon votre pays.<\/li>\n<li>Clients du Canada : Le prix affich\u00e9 comprend les taxes applicables, qui peuvent inclure la TPS de 5 % et des taxes de vente provinciales (TVP), la taxe de vente harmonis\u00e9e (TVH) ou la taxe de vente du Qu\u00e9bec (TVQ) suppl\u00e9mentaires, selon votre province.<\/li>\n<\/ul>\n<p><strong>Pour les clients de l&rsquo;UE SEULEMENT :<\/strong> Express DDP (Delivered Duty Paid). Cela signifie que : <\/p>\n<ul>\n<li>Tous les droits de douane et taxes sont inclus dans le prix affich\u00e9 sur la page du produit.<\/li>\n<li>Vous n&rsquo;aurez pas \u00e0 payer de frais suppl\u00e9mentaires \u00e0 la livraison.<\/li>\n<li>Dans les rares cas de probl\u00e8mes douaniers, notre \u00e9quipe s&rsquo;occupera de la proc\u00e9dure de d\u00e9douanement en votre nom afin d&rsquo;assurer une livraison sans probl\u00e8me.<\/li>\n<p>Informations importantes concernant les retours :<\/p>\n<li>Si vous d\u00e9cidez de retourner votre commande ou de demander un remboursement, sachez que les taxes et les droits pay\u00e9s en votre nom dans le cadre du programme DDP ne peuvent pas \u00eatre rembours\u00e9s.<\/li>\n<p>Veuillez vous r\u00e9f\u00e9rer \u00e0 nos <a href=\"https:\/\/ayaneo.co\/fr\/conditions-dutilisation\/\" target=\"_blank\" rel=\"nofollow noopener\">conditions g\u00e9n\u00e9rales<\/a> pour plus d&rsquo;informations.\n<\/ul>\n<p>[\/cg_accordion]\n[cg_accordion title=\"SOUTIEN \u00c0 LA CLIENT\u00c8LE\"]<\/p>\n<p>Vous avez une question ? Il suffit d&rsquo;un petit texte pour que votre probl\u00e8me soit r\u00e9solu ! [\/cg_accordion]\n[cg_accordion title=\"LE PAQUET COMPREND\"]<\/p>\n<ul>\n<li>1x AYANEO 3 &amp; Pocket EVO Thumb Stick Grip Caps<\/li>\n<\/ul>\n<p>[\/cg_accordion]\n","protected":false},"featured_media":11040,"template":"","meta":{"_acf_changed":false},"product_brand":[],"product_cat":[389],"product_tag":[],"class_list":{"0":"post-11443","1":"product","2":"type-product","3":"status-publish","4":"has-post-thumbnail","6":"product_cat-accessoires","7":"product_shipping_class-low-end","9":"first","10":"instock","11":"sale","12":"taxable","13":"shipping-taxable","14":"purchasable","15":"product-type-simple"},"acf":[],"_links":{"self":[{"href":"https:\/\/ayaneo.co\/fr\/wp-json\/wp\/v2\/product\/11443","targetHints":{"allow":["GET"]}}],"collection":[{"href":"https:\/\/ayaneo.co\/fr\/wp-json\/wp\/v2\/product"}],"about":[{"href":"https:\/\/ayaneo.co\/fr\/wp-json\/wp\/v2\/types\/product"}],"wp:featuredmedia":[{"embeddable":true,"href":"https:\/\/ayaneo.co\/fr\/wp-json\/wp\/v2\/media\/11040"}],"wp:attachment":[{"href":"https:\/\/ayaneo.co\/fr\/wp-json\/wp\/v2\/media?parent=11443"}],"wp:term":[{"taxonomy":"product_brand","embeddable":true,"href":"https:\/\/ayaneo.co\/fr\/wp-json\/wp\/v2\/product_brand?post=11443"},{"taxonomy":"product_cat","embeddable":true,"href":"https:\/\/ayaneo.co\/fr\/wp-json\/wp\/v2\/product_cat?post=11443"},{"taxonomy":"product_tag","embeddable":true,"href":"https:\/\/ayaneo.co\/fr\/wp-json\/wp\/v2\/product_tag?post=11443"}],"curies":[{"name":"wp","href":"https:\/\/api.w.org\/{rel}","templated":true}]}}