{"id":11477,"date":"2025-03-17T09:44:54","date_gmt":"2025-03-17T09:44:54","guid":{"rendered":"https:\/\/ayaneo.co\/product\/ayaneo-multi-station-graphite-noir\/"},"modified":"2026-01-06T00:28:19","modified_gmt":"2026-01-06T00:28:19","slug":"ayaneo-multi-station-graphite-noir","status":"publish","type":"product","link":"https:\/\/ayaneo.co\/fr\/product\/ayaneo-multi-station-graphite-noir\/","title":{"rendered":"AYANEO MULTI STATION - Graphite Noir"},"content":{"rendered":"\n<p><span data-contrast=\"none\">La <strong>station d&rsquo;accueilAYANEO Multi<\/strong> permet de lib\u00e9rer tout le potentiel de votre AYA NEO gr\u00e2ce \u00e0 un syst\u00e8me d&rsquo;accueil facile \u00e0 utiliser et dot\u00e9 de plusieurs ports d&rsquo;extension.  <\/span><\/p>\n\n<p><span data-contrast=\"none\">La <strong>station d&rsquo;accueil<\/strong> multiple AYANEO <strong>est disponible en<\/strong> noir graphite. Elle <strong>prend en charge tous les mod\u00e8les AYANEO <\/strong> gr\u00e2ce \u00e0 un connecteur de base brevet\u00e9 qui peut \u00eatre d\u00e9plac\u00e9 pour s&rsquo;adapter aux emplacements l\u00e9g\u00e8rement diff\u00e9rents du port USB Type-C sur chaque mod\u00e8le.   <\/span><\/p>\n\n<p><span data-contrast=\"none\">Mesurant environ<strong> 5,9 x 2,7 x 1,45 pouces (15,1 x 7,0 x 3,7 cm) et pesant environ 200 g,<\/strong> la station d&rsquo;accueil AYANEO Multi occupe un espace minimal sur le bureau tout en y restant bien fix\u00e9e et en prenant en charge huit ports d&rsquo;extension.<\/span><span data-ccp-props=\"{\"> <\/span><\/p>\n\n<p><span data-contrast=\"none\">Au dos de la station d&rsquo;accueil AYANEO Multi Docking Station, de gauche \u00e0 droite, se trouve un connecteur <\/span><a href=\"https:\/\/en.wikipedia.org\/wiki\/USB-C\" target=\"_blank\" rel=\"noopener\"><span data-contrast=\"none\">USB Type-C<\/span><\/a><span data-contrast=\"none\">  qui peut \u00eatre utilis\u00e9 pour des p\u00e9riph\u00e9riques tels qu&rsquo;un disque dur externe. Il y a deux ports   <\/span><a href=\"https:\/\/www.viewsonic.com\/library\/tech\/usb-c-usb-b-and-usb-a-whats-the-difference\/\" target=\"_blank\" rel=\"noopener\"><span data-contrast=\"none\">USB-A<\/span><\/a><span data-contrast=\"none\">  qui peuvent \u00eatre utilis\u00e9s pour la souris et le clavier, par exemple. Le second port USB Type-C est utilis\u00e9 pour l&rsquo;alimentation de la station d&rsquo;accueil et peut \u00e9galement charger les mod\u00e8les AYANEO connect\u00e9s. <\/span><span data-ccp-props=\"{\"> <\/span><\/p>\n\n<p><span data-contrast=\"none\">L&rsquo;interface <\/span><a href=\"https:\/\/en.wikipedia.org\/wiki\/HDMI\" target=\"_blank\" rel=\"noopener\"><span data-contrast=\"none\">HDMI<\/span><\/a><span data-contrast=\"none\">  2.0b peut \u00eatre utilis\u00e9 pour la sortie vid\u00e9o de votre AYANEO vers votre t\u00e9l\u00e9viseur ou votre moniteur. <strong>Il prend en charge jusqu&rsquo;\u00e0 4K \u00e0 60Hz<\/strong>. Le port Gigabit   <\/span><a href=\"https:\/\/en.wikipedia.org\/wiki\/Ethernet\" target=\"_blank\" rel=\"noopener\"><span data-contrast=\"none\">Ethernet<\/span><\/a><span data-contrast=\"none\"> vous assure un transfert de donn\u00e9es s\u00e9curis\u00e9 et \u00e0 grande vitesse vers et depuis la station d&rsquo;accueil AYANEO Multi.<\/span><span data-ccp-props=\"{\"> <\/span><\/p>\n\n<p><span data-contrast=\"none\">Sur le c\u00f4t\u00e9 droit de la station d&rsquo;accueil AYANEO Multi, vous trouverez un emplacement pour carte Micro SD et un emplacement pour carte SD.<\/span><span data-ccp-props=\"{\"> <\/span><\/p>\n\n<p><span data-contrast=\"none\">La station d&rsquo;accueil AYANEO Multi est compatible avec <strong>tous les mod\u00e8les AYANEO, y compris <\/strong><\/span><strong><a href=\"https:\/\/droix.co.uk\/product\/ayaneo-2\/\" target=\"_blank\" rel=\"noopener\">AYANEO 2<\/a>, AYANEO Geek, <a href=\"https:\/\/droix.co.uk\/product\/ayaneo-air\/\" target=\"_blank\" rel=\"noopener\">AYANEO Air PRO<\/a>, <a href=\"https:\/\/droix.co.uk\/product\/ayaneo-next\/\" target=\"_blank\" rel=\"noopener\">AYANEO NEXT<\/a>, <a href=\"https:\/\/droix.co.uk\/product\/ayaneo-next-pro\/\" target=\"_blank\" rel=\"noopener\">AYANEO Next PRO<\/a>, <a href=\"https:\/\/droix.co.uk\/product\/ayaneo-next\/\" target=\"_blank\" rel=\"noopener\">AYANEO 2021<\/a> et <a href=\"https:\/\/droix.co.uk\/product\/ayaneo-next-pro\/\" target=\"_blank\" rel=\"noopener\">AYANEO 2021 Pro.<\/a><\/strong> <\/p>\n\n<p><span data-contrast=\"none\">La <strong>station d&rsquo;accueilAYANEO Multi est le compagnon id\u00e9al de votre AYAYNEO<\/strong>, la transformant d&rsquo;un ordinateur de poche de jeu en une solution puissante de type PC de bureau avec toute la connectivit\u00e9 dont vous avez besoin.<\/span><span data-ccp-props=\"{\"> <\/span><\/p>\n\n<p>Vous pouvez lire notre <a href=\"https:\/\/droix.co.uk\/blogs\/ayaneo-docking-station-review\/\" target=\"_blank\" rel=\"noopener\">avis surAYANEO Multi Docking Station ici.<\/a><\/p>\n\n<figure class=\"wp-block-image aligncenter\"><img decoding=\"async\" src=\"https:\/\/droix.net\/wp-content\/uploads\/2022\/12\/8fb77202211071909143194ready.jpg\" alt=\"\" class=\"wp-image-88164\"\/><\/figure>\n\n<figure class=\"wp-block-image aligncenter\"><img decoding=\"async\" src=\"https:\/\/droix.net\/wp-content\/uploads\/2022\/12\/ea565202211071908508498ready.jpg\" alt=\"\" class=\"wp-image-88174\"\/><\/figure>\n\n<p><\/p>\n","protected":false},"excerpt":{"rendered":"<ul>\n<li><b>Produit officiel AYANEO <\/b><\/li>\n<li><strong>Compatible<\/strong> avec <strong>tous les ordinateurs de poche AYANEO <\/strong><\/li>\n<li><b>Bouchon de base exclusif et brevet\u00e9<\/b><\/li>\n<li><strong>Jusqu&rsquo;\u00e0 8<\/strong> ports d&rsquo;extension<\/li>\n<li>Fente pour carte microSD<\/li>\n<\/ul>\n[cg_accordion title=\"INFO PAIEMENT\"]<\/p>\n<p>Nous utilisons les derni\u00e8res technologies en mati\u00e8re de traitement des paiements, ce qui vous permet de r\u00e9gler vos achats via Apple Pay, Google Pay, votre carte de d\u00e9bit\/cr\u00e9dit, PayPal ou des m\u00e9thodes BNPL telles que Klarna, Affirm ou AfterPay pour une exp\u00e9rience rapide et s\u00e9curis\u00e9e.[\/cg_accordion]\n[cg_accordion title=\"GARANTIE\"]<\/p>\n<p>1 an de garantie de <a href=\"https:\/\/droix.net\/\" target=\"_blank\" rel=\"nofollow noopener\">DROIX Global<\/a> pour votre tranquillit\u00e9 d&rsquo;esprit[\/cg_accordion]\n[cg_accordion title=\"ASSURANCE QUALIT\u00c9 ET ESSAIS AVANT EXP\u00c9DITION\"]<\/p>\n<p>Garantir la satisfaction du client au plus haut niveau : Chaque appareil est soumis \u00e0 des tests rigoureux et \u00e0 un contr\u00f4le de qualit\u00e9 en plusieurs points avant d&rsquo;\u00eatre exp\u00e9di\u00e9. Notre \u00e9quipe d\u00e9di\u00e9e v\u00e9rifie la performance, la fonctionnalit\u00e9 et l&rsquo;int\u00e9grit\u00e9 des composants pour garantir que votre appareil AYANEO est en parfait \u00e9tat de fonctionnement \u00e0 l&rsquo;arriv\u00e9e, vous apportant confiance et tranquillit\u00e9 d&rsquo;esprit. [\/cg_accordion]\n[cg_accordion title=\"PRIX, TAXES ET FRAIS DE PORT\"]<\/p>\n<p><strong><u>Note :<\/u><\/strong><\/p>\n<ul>\n<li>Clients des \u00c9tats-Unis : Le prix affich\u00e9 n&rsquo;inclut pas les taxes ni les droits de douane. La responsabilit\u00e9 du d\u00e9douanement et du paiement des taxes et droits de douane incombe au client. <\/li>\n<li>Clients de l&rsquo;UE : Le prix affich\u00e9 inclut la TAXE applicable, qui peut s&rsquo;\u00e9lever jusqu&rsquo;\u00e0 25 % selon votre pays.<\/li>\n<li>Clients du Canada : Le prix affich\u00e9 comprend les taxes applicables, qui peuvent inclure la TPS de 5 % et des taxes de vente provinciales (TVP), la taxe de vente harmonis\u00e9e (TVH) ou la taxe de vente du Qu\u00e9bec (TVQ) suppl\u00e9mentaires, selon votre province.<\/li>\n<\/ul>\n<p><strong>Pour les clients de l&rsquo;UE SEULEMENT :<\/strong> Express DDP (Delivered Duty Paid). Cela signifie que : <\/p>\n<ul>\n<li>Tous les droits de douane et taxes sont inclus dans le prix affich\u00e9 sur la page du produit.<\/li>\n<li>Vous n&rsquo;aurez pas \u00e0 payer de frais suppl\u00e9mentaires \u00e0 la livraison.<\/li>\n<li>Dans les rares cas de probl\u00e8mes douaniers, notre \u00e9quipe s&rsquo;occupera de la proc\u00e9dure de d\u00e9douanement en votre nom afin d&rsquo;assurer une livraison sans probl\u00e8me.<\/li>\n<p>Informations importantes concernant les retours :<\/p>\n<li>Si vous d\u00e9cidez de retourner votre commande ou de demander un remboursement, sachez que les taxes et les droits pay\u00e9s en votre nom dans le cadre du programme DDP ne peuvent pas \u00eatre rembours\u00e9s.<\/li>\n<p>Veuillez vous r\u00e9f\u00e9rer \u00e0 nos <a href=\"https:\/\/ayaneo.co\/terms-of-service-2\/\" target=\"_blank\" rel=\"nofollow noopener\">conditions g\u00e9n\u00e9rales<\/a> pour plus d&rsquo;informations.\n<\/ul>\n<p>[\/cg_accordion]\n[cg_accordion title=\"SOUTIEN \u00c0 LA CLIENT\u00c8LE\"]<\/p>\n<p>Vous avez une question ? Il suffit d&rsquo;un petit texte pour que votre probl\u00e8me soit r\u00e9solu ! [\/cg_accordion]\n[cg_accordion title=\"LE PAQUET COMPREND\"]<\/p>\n<ul>\n<li>1x AYANEO Docking Station<\/li>\n<\/ul>\n<p>[\/cg_accordion]\n","protected":false},"featured_media":10684,"template":"","meta":{"_acf_changed":false},"product_brand":[],"product_cat":[389],"product_tag":[],"class_list":{"0":"post-11477","1":"product","2":"type-product","3":"status-publish","4":"has-post-thumbnail","6":"product_cat-accessoires","7":"product_shipping_class-low-end","8":"pa_accessory-type-station-daccueil","9":"pa_brand-ayaneo","10":"pa_compatible-with-ayaneo-2-fr","11":"pa_compatible-with-ayaneo-2021-fr","12":"pa_compatible-with-ayaneo-3-fr","13":"pa_compatible-with-ayaneo-air-fr","14":"pa_compatible-with-ayaneo-geek-fr","16":"first","17":"instock","18":"taxable","19":"shipping-taxable","20":"purchasable","21":"product-type-simple"},"acf":[],"_links":{"self":[{"href":"https:\/\/ayaneo.co\/fr\/wp-json\/wp\/v2\/product\/11477","targetHints":{"allow":["GET"]}}],"collection":[{"href":"https:\/\/ayaneo.co\/fr\/wp-json\/wp\/v2\/product"}],"about":[{"href":"https:\/\/ayaneo.co\/fr\/wp-json\/wp\/v2\/types\/product"}],"wp:featuredmedia":[{"embeddable":true,"href":"https:\/\/ayaneo.co\/fr\/wp-json\/wp\/v2\/media\/10684"}],"wp:attachment":[{"href":"https:\/\/ayaneo.co\/fr\/wp-json\/wp\/v2\/media?parent=11477"}],"wp:term":[{"taxonomy":"product_brand","embeddable":true,"href":"https:\/\/ayaneo.co\/fr\/wp-json\/wp\/v2\/product_brand?post=11477"},{"taxonomy":"product_cat","embeddable":true,"href":"https:\/\/ayaneo.co\/fr\/wp-json\/wp\/v2\/product_cat?post=11477"},{"taxonomy":"product_tag","embeddable":true,"href":"https:\/\/ayaneo.co\/fr\/wp-json\/wp\/v2\/product_tag?post=11477"}],"curies":[{"name":"wp","href":"https:\/\/api.w.org\/{rel}","templated":true}]}}