{"id":11484,"date":"2025-01-29T11:23:32","date_gmt":"2025-01-29T11:23:32","guid":{"rendered":"https:\/\/ayaneo.co\/product\/station-daccueil-sd1\/"},"modified":"2025-04-11T12:03:25","modified_gmt":"2025-04-11T12:03:25","slug":"station-daccueil-sd1","status":"publish","type":"product","link":"https:\/\/ayaneo.co\/fr\/product\/station-daccueil-sd1\/","title":{"rendered":"Station d&rsquo;accueil SD1"},"content":{"rendered":"\n<h2 class=\"wp-block-heading\"><strong>Station d&rsquo;accueil SD1 : D\u00e9verrouillez la v\u00e9ritable puissance des jeux portables !<\/strong><\/h2>\n\n<h4 class=\"wp-block-heading\"><strong>Votre porte d&rsquo;entr\u00e9e pour un jeu sans faille<\/strong><\/h4>\n\n<p>Transformez votre exp\u00e9rience de jeu portable avec la <strong>station d&rsquo;accueil SD1, le<\/strong>compagnon id\u00e9al pour les PC de jeu portables. Con\u00e7ue pour les joueurs, la station d&rsquo;accueil SD1 am\u00e9liore les performances, la connectivit\u00e9 et la commodit\u00e9, pour que chaque session de jeu soit parfaite. De la <strong>Steam Deck<\/strong> \u00e0 l&rsquo;<strong>AYA NEO Geek 1S<\/strong>, cette station d&rsquo;accueil offre une polyvalence in\u00e9gal\u00e9e. Il vous suffit d&rsquo;installer la station d&rsquo;accueil, de vous connecter via USB Type-C, et de laisser la SD1 \u00e9lever votre jeu vers de nouveaux sommets.   <\/p>\n\n<h4 class=\"wp-block-heading\"><strong>Des performances internet \u00e0 la vitesse de l&rsquo;\u00e9clair<\/strong><\/h4>\n\n<p>Gardez une longueur d&rsquo;avance dans chaque bataille gr\u00e2ce au <strong>port Ethernet Gigabit RJ45<\/strong> du SD1, qui offre des vitesses fulgurantes allant jusqu&rsquo;\u00e0 <strong>1000M<\/strong>. Dites adieu au d\u00e9calage et bonjour \u00e0 la fluidit\u00e9 du jeu en temps r\u00e9el. Que vous exploriez des mondes \u00e9tendus ou que vous participiez \u00e0 des matchs multijoueurs de haut niveau, le SD1 vous garantit une <strong>connexion stable et sans interruption<\/strong> lorsque c&rsquo;est le plus important.  <\/p>\n\n<h4 class=\"wp-block-heading\"><strong>Des images 4K immersives<\/strong><\/h4>\n\n<p>Plongez dans des d\u00e9tails \u00e9poustouflants et des couleurs \u00e9clatantes gr\u00e2ce \u00e0 la <strong>sortie HDMI 2.0<\/strong> de la SD1. Prenant en charge une <strong>r\u00e9solution<\/strong> allant jusqu&rsquo;\u00e0 <strong>4096&#215;2160 \u00e0 60 Hz<\/strong>, cette station d&rsquo;accueil transforme vos jeux en exp\u00e9riences visuelles \u00e9poustouflantes. Chaque image est nette, fluide et pleine de vie, ce qui rend vos titres pr\u00e9f\u00e9r\u00e9s encore plus captivants.  <\/p>\n\n<h4 class=\"wp-block-heading\"><strong>Une puissance qui vous permet de jouer<\/strong><\/h4>\n\n<p>Finies les interruptions en plein jeu ! Gr\u00e2ce \u00e0 son syst\u00e8me de <strong>charge Power Delivery (PD) de 100 W<\/strong>, le SD1 garantit que votre appareil reste aliment\u00e9 m\u00eame pendant les sessions de jeu les plus intenses. Jouez en toute confiance, en sachant que votre PC de jeu portable est charg\u00e9 en permanence et pr\u00eat \u00e0 fonctionner.  <\/p>\n\n<h4 class=\"wp-block-heading\"><strong>\u00c9tendez votre installation avec des ports multiples<\/strong><\/h4>\n\n<p>Connectez-vous comme un pro ! Le SD1 est \u00e9quip\u00e9 de <strong>trois ports USB Type-A 3.0<\/strong>, vous permettant de connecter des p\u00e9riph\u00e9riques tels que des contr\u00f4leurs, des casques ou des supports de stockage externes. Profitez de <strong>transferts de donn\u00e9es rapides comme l&rsquo;\u00e9clair<\/strong> et d&rsquo;un multit\u00e2che sans effort, sans vous encombrer d&rsquo;adaptateurs suppl\u00e9mentaires.  <\/p>\n\n<h4 class=\"wp-block-heading\"><strong>Connectivit\u00e9 de niveau sup\u00e9rieur<\/strong><\/h4>\n\n<p>B\u00e9n\u00e9ficiez de connexions stables et rapides gr\u00e2ce \u00e0 l&rsquo;<strong>interface USB Type-C<\/strong> du SD1, con\u00e7ue pour une compatibilit\u00e9 et une efficacit\u00e9 universelles. Qu&rsquo;il s&rsquo;agisse de transf\u00e9rer des donn\u00e9es ou d&rsquo;alimenter votre appareil, le SD1 offre une solution tout-en-un pour les derniers appareils de jeu portables. <\/p>\n\n<h4 class=\"wp-block-heading\"><strong>Un design haut de gamme con\u00e7u pour durer<\/strong><\/h4>\n\n<p>Fabriqu\u00e9e en <strong>aluminium gris durable<\/strong>, la station d&rsquo;accueil SD1 est aussi \u00e9l\u00e9gante que robuste. Son design \u00e9pur\u00e9 s&rsquo;int\u00e8gre parfaitement \u00e0 toute installation, tandis que les <strong>coussinets en silicone noir<\/strong> offrent une protection suppl\u00e9mentaire, \u00e9vitant les rayures et garantissant que votre appareil reste bien en place. <\/p>\n\n<h4 class=\"wp-block-heading\"><strong>Compatibilit\u00e9 polyvalente<\/strong><\/h4>\n\n<p>La station d&rsquo;accueil SD1 est con\u00e7ue pour prendre en charge une large gamme de PC de jeu portables, ce qui en fait l&rsquo;accessoire id\u00e9al pour tous les joueurs. Que vous jouiez sur le <strong>Steam Deck<\/strong><strong>GPD WIN 4 2023<\/strong> ou <strong>ONEXPLAYER 2<\/strong>, la station d&rsquo;accueil SD1 garantit une int\u00e9gration transparente et des performances accrues. Il a \u00e9t\u00e9 rigoureusement test\u00e9 avec les meilleurs appareils, notamment <strong>ROG Ally<\/strong><strong>AYA NEO 2S<\/strong>, et bien plus encore.  <\/p>\n\n<hr class=\"wp-block-separator has-alpha-channel-opacity\"\/>\n\n<h3 class=\"wp-block-heading\"><strong>Pourquoi choisir la station d&rsquo;accueil SD1 ?<\/strong><\/h3>\n\n<ul class=\"wp-block-list\">\n<li><strong>Internet ininterrompu<\/strong>: Profitez de connexions ultra-rapides et stables.<\/li>\n\n\n\n<li><strong>Sortie 4K \u00e9poustouflante<\/strong>: Plongez dans des images vibrantes et fluides.<\/li>\n\n\n\n<li><strong>Chargement efficace<\/strong>: Jouez pendant des heures avec une alimentation fiable.<\/li>\n\n\n\n<li><strong>Options de port am\u00e9lior\u00e9es<\/strong>: Connectez facilement plusieurs p\u00e9riph\u00e9riques.<\/li>\n\n\n\n<li><strong>Compatibilit\u00e9 universelle<\/strong>: Fonctionne avec tous vos PC de jeu portables pr\u00e9f\u00e9r\u00e9s.<\/li>\n<\/ul>\n\n<hr class=\"wp-block-separator has-alpha-channel-opacity\"\/>\n\n<h3 class=\"wp-block-heading\"><strong>Faites passer votre jeu au niveau sup\u00e9rieur<\/strong><\/h3>\n\n<p>Avec la <strong>station d&rsquo;accueil SD1<\/strong>, chaque partie devient une exp\u00e9rience inoubliable. Que vous soyez en comp\u00e9tition, en exploration ou en streaming, cette station d&rsquo;accueil vous donne les outils n\u00e9cessaires pour donner le meilleur de vous-m\u00eame.   <strong>Am\u00e9liorez votre configuration d\u00e8s aujourd&rsquo;hui et entrez dans une nouvelle \u00e8re de jeux portables.<\/strong><\/p>\n","protected":false},"excerpt":{"rendered":"<ul>\n<li>Station d&rsquo;accueil <strong>SD1 <\/strong><\/li>\n<li>Gigabit Ethernet<\/li>\n<li>100W PD USB-C<\/li>\n<li>Sortie HDMI<\/li>\n<li><strong>Compatible avec les<\/strong> ordinateurs de poche AYANEO et bien d&rsquo;autres encore<\/li>\n<\/ul>\n[cg_accordion title=\"INFO PAIEMENT\"]<\/p>\n<p>Nous utilisons les derni\u00e8res technologies en mati\u00e8re de traitement des paiements, ce qui vous permet de r\u00e9gler vos achats via Apple Pay, Google Pay, votre carte de d\u00e9bit\/cr\u00e9dit, PayPal ou des m\u00e9thodes BNPL telles que Klarna, Affirm ou AfterPay pour une exp\u00e9rience rapide et s\u00e9curis\u00e9e.[\/cg_accordion]\n[cg_accordion title=\"GARANTIE\"]<\/p>\n<p>1 an de garantie de <a href=\"https:\/\/droix.net\/\" target=\"_blank\" rel=\"nofollow noopener\">DROIX Global<\/a> pour votre tranquillit\u00e9 d&rsquo;esprit[\/cg_accordion]\n[cg_accordion title=\"PRIX, TAXES ET FRAIS DE PORT\"]<\/p>\n<p><strong><u>Note :<\/u><\/strong><\/p>\n<ul>\n<li>Clients des \u00c9tats-Unis : Le prix affich\u00e9 n&rsquo;inclut pas les taxes ni les droits de douane. La responsabilit\u00e9 du d\u00e9douanement et du paiement des taxes et droits de douane incombe au client. <\/li>\n<li>Clients de l&rsquo;UE : Le prix affich\u00e9 inclut la TAXE applicable, qui peut s&rsquo;\u00e9lever jusqu&rsquo;\u00e0 25 % selon votre pays.<\/li>\n<li>Clients du Canada : Le prix affich\u00e9 comprend les taxes applicables, qui peuvent inclure la TPS de 5 % et des taxes de vente provinciales (TVP), la taxe de vente harmonis\u00e9e (TVH) ou la taxe de vente du Qu\u00e9bec (TVQ) suppl\u00e9mentaires, selon votre province.<\/li>\n<\/ul>\n<p><strong>Pour les clients de l&rsquo;UE SEULEMENT :<\/strong> Express DDP (Delivered Duty Paid). Cela signifie que : <\/p>\n<ul>\n<li>Tous les droits de douane et taxes sont inclus dans le prix affich\u00e9 sur la page du produit.<\/li>\n<li>Vous n&rsquo;aurez pas \u00e0 payer de frais suppl\u00e9mentaires \u00e0 la livraison.<\/li>\n<li>Dans les rares cas de probl\u00e8mes douaniers, notre \u00e9quipe s&rsquo;occupera de la proc\u00e9dure de d\u00e9douanement en votre nom afin d&rsquo;assurer une livraison sans probl\u00e8me.<\/li>\n<p>Informations importantes concernant les retours :<\/p>\n<li>Si vous d\u00e9cidez de retourner votre commande ou de demander un remboursement, sachez que les taxes et les droits pay\u00e9s en votre nom dans le cadre du programme DDP ne peuvent pas \u00eatre rembours\u00e9s.<\/li>\n<p>Veuillez vous r\u00e9f\u00e9rer \u00e0 nos <a href=\"https:\/\/ayaneo.co\/terms-of-service-2\/\" target=\"_blank\" rel=\"nofollow noopener\">conditions g\u00e9n\u00e9rales<\/a> pour plus d&rsquo;informations.\n<\/ul>\n<p>[\/cg_accordion]\n[cg_accordion title=\"SOUTIEN \u00c0 LA CLIENT\u00c8LE\"]<\/p>\n<p>Vous avez une question ? Il suffit d&rsquo;un petit texte pour que votre probl\u00e8me soit r\u00e9solu !<br \/>\n[\/cg_accordion]\n","protected":false},"featured_media":8322,"template":"","meta":{"_acf_changed":false},"product_brand":[],"product_cat":[389],"product_tag":[],"class_list":{"0":"post-11484","1":"product","2":"type-product","3":"status-publish","4":"has-post-thumbnail","6":"product_cat-accessoires","7":"product_shipping_class-low-end","8":"pa_accessory-type-station-daccueil","9":"pa_brand-droix","11":"first","12":"outofstock","13":"sale","14":"taxable","15":"shipping-taxable","16":"purchasable","17":"product-type-simple"},"acf":[],"_links":{"self":[{"href":"https:\/\/ayaneo.co\/fr\/wp-json\/wp\/v2\/product\/11484","targetHints":{"allow":["GET"]}}],"collection":[{"href":"https:\/\/ayaneo.co\/fr\/wp-json\/wp\/v2\/product"}],"about":[{"href":"https:\/\/ayaneo.co\/fr\/wp-json\/wp\/v2\/types\/product"}],"wp:featuredmedia":[{"embeddable":true,"href":"https:\/\/ayaneo.co\/fr\/wp-json\/wp\/v2\/media\/8322"}],"wp:attachment":[{"href":"https:\/\/ayaneo.co\/fr\/wp-json\/wp\/v2\/media?parent=11484"}],"wp:term":[{"taxonomy":"product_brand","embeddable":true,"href":"https:\/\/ayaneo.co\/fr\/wp-json\/wp\/v2\/product_brand?post=11484"},{"taxonomy":"product_cat","embeddable":true,"href":"https:\/\/ayaneo.co\/fr\/wp-json\/wp\/v2\/product_cat?post=11484"},{"taxonomy":"product_tag","embeddable":true,"href":"https:\/\/ayaneo.co\/fr\/wp-json\/wp\/v2\/product_tag?post=11484"}],"curies":[{"name":"wp","href":"https:\/\/api.w.org\/{rel}","templated":true}]}}