{"id":11511,"date":"2025-02-27T10:35:12","date_gmt":"2025-02-27T10:35:12","guid":{"rendered":"https:\/\/ayaneo.co\/product\/ayaneo-modules-magiques\/"},"modified":"2025-12-11T00:10:41","modified_gmt":"2025-12-11T00:10:41","slug":"ayaneo-modules-magiques","status":"publish","type":"product","link":"https:\/\/ayaneo.co\/fr\/product\/ayaneo-modules-magiques\/","title":{"rendered":"AYANEO Modules magiques"},"content":{"rendered":"\n<h2 class=\"wp-block-heading\">AYANEO Magic Modules - L&rsquo;avenir des ordinateurs de poche modulaires<\/h2>\n\n<p>Les <strong>Magic Modules deAYANEO <\/strong> red\u00e9finissent les jeux portables en introduisant <strong>un v\u00e9ritable \u00e9cosyst\u00e8me modulaire<\/strong>, permettant aux utilisateurs d&rsquo;<strong>am\u00e9liorer et de personnaliser leur exp\u00e9rience sur AYANEO 3<\/strong> gr\u00e2ce \u00e0 des accessoires interchangeables \u00e0 fixation magn\u00e9tique. Con\u00e7us pour \u00eatre flexibles, ces modules <strong>\u00e9largissent les fonctionnalit\u00e9s sans compromettre la portabilit\u00e9<\/strong>, ce qui change la donne pour les passionn\u00e9s de technologie et les joueurs. <\/p>\n\n<h2 class=\"wp-block-heading\"><strong>Modularit\u00e9 magn\u00e9tique sans faille<\/strong><\/h2>\n\n<p>Gr\u00e2ce \u00e0 l&rsquo;<strong>interface magn\u00e9tique innovante duAYANEO<\/strong>, le remplacement des modules se fait sans effort, pour une <strong>exp\u00e9rience plug-and-play<\/strong> adapt\u00e9e \u00e0 vos besoins. Les modules Magic de premi\u00e8re g\u00e9n\u00e9ration offrent une gamme de fonctionnalit\u00e9s, allant d&rsquo;<strong>options d&rsquo;entr\u00e9e am\u00e9lior\u00e9es<\/strong> \u00e0 une <strong>connectivit\u00e9 \u00e9largie<\/strong>. <\/p>\n\n<h2 class=\"wp-block-heading\"><strong>Construit pour l&rsquo;avenir<\/strong><\/h2>\n\n<p>AYANEO est le <strong>premier ordinateur de poche de jeu v\u00e9ritablement modulaire<\/strong>, garantissant une <strong>polyvalence \u00e0 long terme<\/strong> gr\u00e2ce \u00e0 un \u00e9cosyst\u00e8me \u00e9volutif de modules Magic. Que vous soyez un <strong>joueur inv\u00e9t\u00e9r\u00e9<\/strong>, un <strong>professionnel de la cr\u00e9ation<\/strong> ou un <strong>passionn\u00e9 de technologie<\/strong>, ces accessoires vous permettent d&rsquo;<strong>adapter votre appareil \u00e0 diff\u00e9rents sc\u00e9narios sans compromettre les performances<\/strong>. <\/p>\n\n<h3 class=\"wp-block-heading\"><strong>Prenez le contr\u00f4le de votre exp\u00e9rience de jeu portable avec AYANEO Magic Modules !<\/strong><\/h3>\n\n<p><\/p>\n","protected":false},"excerpt":{"rendered":"<ul>\n<li><strong>Conception modulaire<\/strong> - Changez d&rsquo;accessoires sans effort.<\/li>\n<li><strong>Fixation magn\u00e9tique<\/strong> - Remplacement facile et pr\u00eat \u00e0 l&#8217;emploi.<\/li>\n<li><strong>Fonctionnalit\u00e9s am\u00e9lior\u00e9es<\/strong> - Am\u00e9lioration des entr\u00e9es et de la connectivit\u00e9.<\/li>\n<li><strong>\u00c0 l&rsquo;\u00e9preuve du temps<\/strong> - Extensible avec de nouveaux modules.<\/li>\n<li><strong>Portable et polyvalent<\/strong> - Personnalisation sans encombrement.<\/li>\n<\/ul>\n[cg_accordion title=\"INFO PAIEMENT\"]<\/p>\n<p>Nous utilisons les derni\u00e8res technologies en mati\u00e8re de traitement des paiements, ce qui vous permet de r\u00e9gler vos achats via Apple Pay, Google Pay, votre carte de d\u00e9bit\/cr\u00e9dit, PayPal ou des m\u00e9thodes BNPL telles que Klarna, Affirm ou AfterPay pour une exp\u00e9rience rapide et s\u00e9curis\u00e9e.[\/cg_accordion]\n[cg_accordion title=\"GARANTIE\"]<\/p>\n<p>1 an de garantie de <a href=\"https:\/\/droix.net\/\" target=\"_blank\" rel=\"nofollow noopener\">DROIX Global<\/a> pour votre tranquillit\u00e9 d&rsquo;esprit[\/cg_accordion]\n[cg_accordion title=\"ASSURANCE QUALIT\u00c9 ET ESSAIS AVANT EXP\u00c9DITION\"]<\/p>\n<p>Garantir la satisfaction du client au plus haut niveau : Chaque appareil est soumis \u00e0 des tests rigoureux et \u00e0 un contr\u00f4le de qualit\u00e9 en plusieurs points avant d&rsquo;\u00eatre exp\u00e9di\u00e9. Notre \u00e9quipe d\u00e9di\u00e9e v\u00e9rifie la performance, la fonctionnalit\u00e9 et l&rsquo;int\u00e9grit\u00e9 des composants pour garantir que votre appareil AYANEO est en parfait \u00e9tat de fonctionnement \u00e0 l&rsquo;arriv\u00e9e, vous apportant confiance et tranquillit\u00e9 d&rsquo;esprit. [\/cg_accordion]\n[cg_accordion title=\"PRIX, TAXES ET FRAIS DE PORT\"]<\/p>\n<p><strong><u>Note :<\/u><\/strong><\/p>\n<ul>\n<li>Clients des \u00c9tats-Unis : Le prix affich\u00e9 n&rsquo;inclut pas les taxes ni les droits de douane. La responsabilit\u00e9 du d\u00e9douanement et du paiement des taxes et droits de douane incombe au client. <\/li>\n<li>Clients de l&rsquo;UE : Le prix affich\u00e9 inclut la TAXE applicable, qui peut s&rsquo;\u00e9lever jusqu&rsquo;\u00e0 25 % selon votre pays.<\/li>\n<li>Clients du Canada : Le prix affich\u00e9 comprend les taxes applicables, qui peuvent inclure la TPS de 5 % et des taxes de vente provinciales (TVP), la taxe de vente harmonis\u00e9e (TVH) ou la taxe de vente du Qu\u00e9bec (TVQ) suppl\u00e9mentaires, selon votre province.<\/li>\n<\/ul>\n<p><strong>Pour les clients de l&rsquo;UE SEULEMENT :<\/strong> Express DDP (Delivered Duty Paid). Cela signifie que : <\/p>\n<ul>\n<li>Tous les droits de douane et taxes sont inclus dans le prix affich\u00e9 sur la page du produit.<\/li>\n<li>Vous n&rsquo;aurez pas \u00e0 payer de frais suppl\u00e9mentaires \u00e0 la livraison.<\/li>\n<li>Dans les rares cas de probl\u00e8mes douaniers, notre \u00e9quipe s&rsquo;occupera de la proc\u00e9dure de d\u00e9douanement en votre nom afin d&rsquo;assurer une livraison sans probl\u00e8me.<\/li>\n<p>Informations importantes concernant les retours :<\/p>\n<li>Si vous d\u00e9cidez de retourner votre commande ou de demander un remboursement, sachez que les taxes et les droits pay\u00e9s en votre nom dans le cadre du programme DDP ne peuvent pas \u00eatre rembours\u00e9s.<\/li>\n<p>Veuillez vous r\u00e9f\u00e9rer \u00e0 nos <a href=\"https:\/\/ayaneo.co\/fr\/conditions-dutilisation\/\" target=\"_blank\" rel=\"nofollow noopener\">conditions g\u00e9n\u00e9rales<\/a> pour plus d&rsquo;informations.\n<\/ul>\n<p>[\/cg_accordion]\n[cg_accordion title=\"SOUTIEN \u00c0 LA CLIENT\u00c8LE\"]<\/p>\n<p>Vous avez une question ? Il suffit d&rsquo;un petit texte pour que votre probl\u00e8me soit r\u00e9solu ! [\/cg_accordion]\n[cg_accordion title=\"LE PAQUET COMPREND\"]\n","protected":false},"featured_media":10194,"template":"","meta":{"_acf_changed":false},"product_brand":[],"product_cat":[389],"product_tag":[],"class_list":{"0":"post-11511","1":"product","2":"type-product","3":"status-publish","4":"has-post-thumbnail","6":"product_cat-accessoires","7":"product_shipping_class-low-end","8":"pa_brand-ayaneo","9":"pa_compatible-with-ayaneo-3-fr","11":"first","12":"instock","13":"sale","14":"taxable","15":"shipping-taxable","16":"purchasable","17":"product-type-variable","18":"has-default-attributes"},"acf":[],"_links":{"self":[{"href":"https:\/\/ayaneo.co\/fr\/wp-json\/wp\/v2\/product\/11511","targetHints":{"allow":["GET"]}}],"collection":[{"href":"https:\/\/ayaneo.co\/fr\/wp-json\/wp\/v2\/product"}],"about":[{"href":"https:\/\/ayaneo.co\/fr\/wp-json\/wp\/v2\/types\/product"}],"wp:featuredmedia":[{"embeddable":true,"href":"https:\/\/ayaneo.co\/fr\/wp-json\/wp\/v2\/media\/10194"}],"wp:attachment":[{"href":"https:\/\/ayaneo.co\/fr\/wp-json\/wp\/v2\/media?parent=11511"}],"wp:term":[{"taxonomy":"product_brand","embeddable":true,"href":"https:\/\/ayaneo.co\/fr\/wp-json\/wp\/v2\/product_brand?post=11511"},{"taxonomy":"product_cat","embeddable":true,"href":"https:\/\/ayaneo.co\/fr\/wp-json\/wp\/v2\/product_cat?post=11511"},{"taxonomy":"product_tag","embeddable":true,"href":"https:\/\/ayaneo.co\/fr\/wp-json\/wp\/v2\/product_tag?post=11511"}],"curies":[{"name":"wp","href":"https:\/\/api.w.org\/{rel}","templated":true}]}}