{"id":11671,"date":"2025-01-23T10:39:56","date_gmt":"2025-01-23T10:39:56","guid":{"rendered":"https:\/\/ayaneo.co\/product\/ayaneo-protecteur-decran-pocket-micro\/"},"modified":"2025-12-04T11:30:41","modified_gmt":"2025-12-04T11:30:41","slug":"ayaneo-protecteur-decran-pocket-micro","status":"publish","type":"product","link":"https:\/\/ayaneo.co\/fr\/product\/ayaneo-protecteur-decran-pocket-micro\/","title":{"rendered":"AYANEO Pocket Micro Protecteur d&rsquo;\u00e9cran"},"content":{"rendered":"\n<h2 class=\"wp-block-heading\">Aper\u00e7u du produit :<\/h2>\n\n<p>La <strong>protection d&rsquo;\u00e9cran AYANEO Pocket Micro<\/strong> est con\u00e7ue pour prot\u00e9ger l&rsquo;\u00e9cran de votre console tout en pr\u00e9servant sa qualit\u00e9 d&rsquo;affichage cristalline. R\u00e9sistant aux rayures et aux bavures, il garantit des images de jeu ininterrompues tout en prot\u00e9geant votre \u00e9cran de l&rsquo;usure quotidienne. <\/p>\n\n<ol class=\"wp-block-list\">\n<li><strong>Tailored Fit<\/strong> pour AYANEO Pocket.<\/li>\n\n\n\n<li><strong>Surface<\/strong> durable et <strong>r\u00e9sistante aux rayures<\/strong>.<\/li>\n\n\n\n<li>Mat\u00e9riau ultra-clair pour des <strong>images de jeu \u00e9clatantes<\/strong>.<\/li>\n\n\n\n<li>Rev\u00eatement anti-salissures pour un <strong>affichage propre et clair<\/strong>.<\/li>\n\n\n\n<li>Installation facile, sans bulles d&rsquo;air, pour une <strong>application sans probl\u00e8me.<\/strong><\/li>\n<\/ol>\n\n<h2 class=\"wp-block-heading\">Pourquoi choisir la protection d&rsquo;\u00e9cran AYANEO Pocket ?<\/h2>\n\n<p>Prot\u00e9gez l&rsquo;\u00e9cran de votre console de jeu avec un protecteur qui offre clart\u00e9 et durabilit\u00e9. La protection d&rsquo;\u00e9cran AYANEO Pocket est parfaite pour les joueurs qui souhaitent profiter de visuels \u00e9clatants tout en prot\u00e9geant leur console des rayures, des bavures et des empreintes digitales. <\/p>\n\n<hr class=\"wp-block-separator has-alpha-channel-opacity\"\/>\n\n<h4 class=\"wp-block-heading\">Sp\u00e9cifications :<\/h4>\n\n<ul class=\"wp-block-list\">\n<li><strong>Mat\u00e9riau :<\/strong> Verre tremp\u00e9 ou film de qualit\u00e9 sup\u00e9rieure<\/li>\n\n\n\n<li><strong>Compatibilit\u00e9 :<\/strong> AYANEO Pocket Micro Console<\/li>\n\n\n\n<li><strong>Caract\u00e9ristiques :<\/strong> Anti-rayures, anti-salissures, application sans bulles d&rsquo;air<\/li>\n<\/ul>\n\n<p>Am\u00e9liorez votre exp\u00e9rience de jeu avec la protection d&rsquo;\u00e9cran AYANEO Pocket Micro - parce que votre console m\u00e9rite ce qu&rsquo;il y a de mieux !<\/p>\n","protected":false},"excerpt":{"rendered":"<ul>\n<li><strong>Tailored Fit<\/strong> pour AYANEO Pocket.<\/li>\n<li><strong>Surface<\/strong> durable et <strong>r\u00e9sistante aux rayures<\/strong>.<\/li>\n<li>Mat\u00e9riau ultra-clair pour des <strong>images de jeu \u00e9clatantes<\/strong>.<\/li>\n<li>Rev\u00eatement anti-salissures pour un <strong>affichage propre et clair<\/strong>.<\/li>\n<li>Installation facile, sans bulles d&rsquo;air, pour une <strong>application sans probl\u00e8me.<\/strong><\/li>\n<\/ul>\n[cg_accordion title=\"INFO PAIEMENT\"]<\/p>\n<p>Nous utilisons les derni\u00e8res technologies en mati\u00e8re de traitement des paiements, ce qui vous permet de r\u00e9gler vos achats via Apple Pay, Google Pay, votre carte de d\u00e9bit\/cr\u00e9dit, PayPal ou des m\u00e9thodes BNPL telles que Klarna, Affirm ou AfterPay pour une exp\u00e9rience rapide et s\u00e9curis\u00e9e.[\/cg_accordion]\n[cg_accordion title=\"GARANTIE\"]<\/p>\n<p>1 an de garantie de <a href=\"https:\/\/droix.net\/\" target=\"_blank\" rel=\"nofollow noopener\">DROIX Global<\/a> pour votre tranquillit\u00e9 d&rsquo;esprit[\/cg_accordion]\n[cg_accordion title=\"ASSURANCE QUALIT\u00c9 ET ESSAIS AVANT EXP\u00c9DITION\"]<\/p>\n<p>Garantir la satisfaction du client au plus haut niveau : Chaque appareil est soumis \u00e0 des tests rigoureux et \u00e0 un contr\u00f4le de qualit\u00e9 en plusieurs points avant d&rsquo;\u00eatre exp\u00e9di\u00e9. Notre \u00e9quipe d\u00e9di\u00e9e v\u00e9rifie la performance, la fonctionnalit\u00e9 et l&rsquo;int\u00e9grit\u00e9 des composants pour garantir que votre appareil AYANEO est en parfait \u00e9tat de fonctionnement \u00e0 l&rsquo;arriv\u00e9e, vous apportant confiance et tranquillit\u00e9 d&rsquo;esprit. [\/cg_accordion]\n[cg_accordion title=\"PRIX, TAXES ET FRAIS DE PORT\"]<\/p>\n<p><strong><u>Note :<\/u><\/strong><\/p>\n<ul>\n<li>Clients des \u00c9tats-Unis : Le prix affich\u00e9 n&rsquo;inclut pas les taxes ni les droits de douane. La responsabilit\u00e9 du d\u00e9douanement et du paiement des taxes et droits de douane incombe au client. <\/li>\n<li>Clients de l&rsquo;UE : Le prix affich\u00e9 inclut la TAXE applicable, qui peut s&rsquo;\u00e9lever jusqu&rsquo;\u00e0 25 % selon votre pays.<\/li>\n<li>Clients du Canada : Le prix affich\u00e9 comprend les taxes applicables, qui peuvent inclure la TPS de 5 % et des taxes de vente provinciales (TVP), la taxe de vente harmonis\u00e9e (TVH) ou la taxe de vente du Qu\u00e9bec (TVQ) suppl\u00e9mentaires, selon votre province.<\/li>\n<\/ul>\n<p><strong>Pour les clients de l&rsquo;UE SEULEMENT :<\/strong> Express DDP (Delivered Duty Paid). Cela signifie que : <\/p>\n<ul>\n<li>Tous les droits de douane et taxes sont inclus dans le prix affich\u00e9 sur la page du produit.<\/li>\n<li>Vous n&rsquo;aurez pas \u00e0 payer de frais suppl\u00e9mentaires \u00e0 la livraison.<\/li>\n<li>Dans les rares cas de probl\u00e8mes douaniers, notre \u00e9quipe s&rsquo;occupera de la proc\u00e9dure de d\u00e9douanement en votre nom afin d&rsquo;assurer une livraison sans probl\u00e8me.<\/li>\n<p>Informations importantes concernant les retours :<\/p>\n<li>Si vous d\u00e9cidez de retourner votre commande ou de demander un remboursement, sachez que les taxes et les droits pay\u00e9s en votre nom dans le cadre du programme DDP ne peuvent pas \u00eatre rembours\u00e9s.<\/li>\n<p>Veuillez vous r\u00e9f\u00e9rer \u00e0 nos <a href=\"https:\/\/ayaneo.co\/fr\/conditions-dutilisation\/\" target=\"_blank\" rel=\"nofollow noopener\">conditions g\u00e9n\u00e9rales<\/a> pour plus d&rsquo;informations.\n<\/ul>\n<p>[\/cg_accordion]\n[cg_accordion title=\"SOUTIEN \u00c0 LA CLIENT\u00c8LE\"]<\/p>\n<p>Vous avez une question ? Il suffit d&rsquo;un petit texte pour que votre probl\u00e8me soit r\u00e9solu ! [\/cg_accordion]\n[cg_accordion title=\"LE PAQUET COMPREND\"]<\/p>\n<ul>\n<li>1x Protection d&rsquo;\u00e9cran AYANEO Pocket Micro<\/li>\n<\/ul>\n<p>[\/cg_accordion]\n","protected":false},"featured_media":7794,"template":"","meta":{"_acf_changed":false},"product_brand":[],"product_cat":[443],"product_tag":[],"class_list":{"0":"post-11671","1":"product","2":"type-product","3":"status-publish","4":"has-post-thumbnail","6":"product_cat-non-classe","7":"product_shipping_class-low-end","8":"pa_accessory-type-protecteur-decran","9":"pa_brand-ayaneo","11":"first","12":"outofstock","13":"sale","14":"taxable","15":"shipping-taxable","16":"purchasable","17":"product-type-variable","18":"has-default-attributes"},"acf":[],"_links":{"self":[{"href":"https:\/\/ayaneo.co\/fr\/wp-json\/wp\/v2\/product\/11671","targetHints":{"allow":["GET"]}}],"collection":[{"href":"https:\/\/ayaneo.co\/fr\/wp-json\/wp\/v2\/product"}],"about":[{"href":"https:\/\/ayaneo.co\/fr\/wp-json\/wp\/v2\/types\/product"}],"wp:featuredmedia":[{"embeddable":true,"href":"https:\/\/ayaneo.co\/fr\/wp-json\/wp\/v2\/media\/7794"}],"wp:attachment":[{"href":"https:\/\/ayaneo.co\/fr\/wp-json\/wp\/v2\/media?parent=11671"}],"wp:term":[{"taxonomy":"product_brand","embeddable":true,"href":"https:\/\/ayaneo.co\/fr\/wp-json\/wp\/v2\/product_brand?post=11671"},{"taxonomy":"product_cat","embeddable":true,"href":"https:\/\/ayaneo.co\/fr\/wp-json\/wp\/v2\/product_cat?post=11671"},{"taxonomy":"product_tag","embeddable":true,"href":"https:\/\/ayaneo.co\/fr\/wp-json\/wp\/v2\/product_tag?post=11671"}],"curies":[{"name":"wp","href":"https:\/\/api.w.org\/{rel}","templated":true}]}}