{"id":11694,"date":"2025-01-23T11:24:20","date_gmt":"2025-01-23T11:24:20","guid":{"rendered":"https:\/\/ayaneo.co\/product\/ayaneo-etui-de-poche-evo\/"},"modified":"2026-04-13T10:36:38","modified_gmt":"2026-04-13T10:36:38","slug":"ayaneo-etui-de-poche-evo","status":"publish","type":"product","link":"https:\/\/ayaneo.co\/fr\/product\/ayaneo-etui-de-poche-evo\/","title":{"rendered":"AYANEO Pocket EVO Case"},"content":{"rendered":"\n<h2 class=\"wp-block-heading\" id=\"h-product-overview\">Aper\u00e7u du produit :<\/h2>\n\n<p>L&rsquo;<strong>\u00e9tui AYANEO<\/strong> Pocket EVO est con\u00e7u pour offrir une protection sup\u00e9rieure \u00e0 votre console AYANEO Pocket EVO. Sa coque rigide et r\u00e9sistante prot\u00e8ge votre appareil des rayures, des chocs et de la poussi\u00e8re, tout en conservant un aspect \u00e9l\u00e9gant et portable. Cet \u00e9tui est id\u00e9al pour les joueurs qui accordent de l&rsquo;importance \u00e0 la s\u00e9curit\u00e9 et au style.  <\/p>\n\n<hr class=\"wp-block-separator has-alpha-channel-opacity\"\/>\n\n<h2 class=\"wp-block-heading\" id=\"h-key-features\">Caract\u00e9ristiques principales :<\/h2>\n\n<p><strong>Conception robuste \u00e0 coque dure<\/strong> pour une protection maximale.<\/p>\n\n<p><strong>Adapt\u00e9 \u00e0<\/strong> la console AYANEO Pocket EVO.<\/p>\n\n<p>Doublure int\u00e9rieure souple pour <strong>\u00e9viter les rayures<\/strong>.<\/p>\n\n<p>L\u00e9ger et portable pour <strong>faciliter les d\u00e9placements.<\/strong><\/p>\n\n<p>Ext\u00e9rieur \u00e9pur\u00e9 et moderne pour une <strong>portabilit\u00e9 \u00e9l\u00e9gante<\/strong>.<\/p>\n\n<hr class=\"wp-block-separator has-alpha-channel-opacity\"\/>\n\n<h2 class=\"wp-block-heading\" id=\"h-why-choose-the-ayaneo-pocket-micro-case\">Pourquoi choisir l&rsquo;\u00e9tui AYANEO Pocket EVO ?<\/h2>\n\n<p>L&rsquo;\u00e9tui AYANEO Pocket EVO offre une combinaison parfaite de style et de durabilit\u00e9. Son ajustement personnalis\u00e9 et sa coque rigide assurent une protection in\u00e9gal\u00e9e, tandis que son design l\u00e9ger est pratique pour les joueurs en d\u00e9placement. Avec cet \u00e9tui, votre console reste en s\u00e9curit\u00e9 et pr\u00eate \u00e0 l&rsquo;action \u00e0 tout moment et en tout lieu.  <\/p>\n\n<hr class=\"wp-block-separator has-alpha-channel-opacity\"\/>\n\n<h3 class=\"wp-block-heading\" id=\"h-specifications\">Sp\u00e9cifications :<\/h3>\n\n<ul class=\"wp-block-list\">\n<li><strong>Mat\u00e9riau :<\/strong> Ext\u00e9rieur rigide et int\u00e9rieur souple<\/li>\n\n\n\n<li><strong>Compatibilit\u00e9 :<\/strong> Console AYANEO Pocket EVO<\/li>\n\n\n\n<li><strong>Caract\u00e9ristiques :<\/strong> Durable, r\u00e9sistant aux rayures, l\u00e9ger et facile \u00e0 transporter.<\/li>\n<\/ul>\n\n<p>Gardez votre AYANEO Pocket EVO en s\u00e9curit\u00e9 gr\u00e2ce \u00e0 la protection ultime de cette mallette rigide haut de gamme - parce que votre console m\u00e9rite ce qu&rsquo;il y a de mieux !<\/p>\n\n<p><\/p>\n","protected":false},"excerpt":{"rendered":"<ul>\n<li><strong>Conception robuste \u00e0 coque dure<\/strong> pour une protection maximale.<\/li>\n<li><strong>Adapt\u00e9 \u00e0<\/strong> la console AYANEO Pocket EVO.<\/li>\n<li>Doublure int\u00e9rieure souple pour <strong>\u00e9viter les rayures<\/strong>.<\/li>\n<li>L\u00e9ger et portable pour <strong>faciliter les d\u00e9placements.<\/strong><\/li>\n<li>Ext\u00e9rieur \u00e9pur\u00e9 et moderne pour une <strong>portabilit\u00e9 \u00e9l\u00e9gante<\/strong>.<\/li>\n<\/ul>\n[cg_accordion title=\"INFO PAIEMENT\"]<\/p>\n<p>Nous utilisons les derni\u00e8res technologies en mati\u00e8re de traitement des paiements, ce qui vous permet de r\u00e9gler vos achats via Apple Pay, Google Pay, votre carte de d\u00e9bit\/cr\u00e9dit, PayPal ou des m\u00e9thodes BNPL telles que Klarna, Affirm ou AfterPay pour une exp\u00e9rience rapide et s\u00e9curis\u00e9e.[\/cg_accordion]\n[cg_accordion title=\"GARANTIE\"]<\/p>\n<p>1 an de garantie de <a href=\"https:\/\/droix.net\/\" target=\"_blank\" rel=\"nofollow noopener\">DROIX Global<\/a> pour votre tranquillit\u00e9 d&rsquo;esprit[\/cg_accordion]\n[cg_accordion title=\"ASSURANCE QUALIT\u00c9 ET ESSAIS AVANT EXP\u00c9DITION\"]<\/p>\n<p>Garantir la satisfaction du client au plus haut niveau : Chaque appareil est soumis \u00e0 des tests rigoureux et \u00e0 un contr\u00f4le de qualit\u00e9 en plusieurs points avant d&rsquo;\u00eatre exp\u00e9di\u00e9. Notre \u00e9quipe d\u00e9di\u00e9e v\u00e9rifie la performance, la fonctionnalit\u00e9 et l&rsquo;int\u00e9grit\u00e9 des composants pour garantir que votre appareil AYANEO est en parfait \u00e9tat de fonctionnement \u00e0 l&rsquo;arriv\u00e9e, vous apportant confiance et tranquillit\u00e9 d&rsquo;esprit. [\/cg_accordion]\n[cg_accordion title=\"PRIX, TAXES ET FRAIS DE PORT\"]<\/p>\n<p><strong><u>Note :<\/u><\/strong><\/p>\n<ul>\n<li>Clients des \u00c9tats-Unis : Le prix affich\u00e9 n&rsquo;inclut pas les taxes ni les droits de douane. La responsabilit\u00e9 du d\u00e9douanement et du paiement des taxes et droits de douane incombe au client. <\/li>\n<li>Clients de l&rsquo;UE : Le prix affich\u00e9 inclut la TAXE applicable, qui peut s&rsquo;\u00e9lever jusqu&rsquo;\u00e0 25 % selon votre pays.<\/li>\n<li>Clients du Canada : Le prix affich\u00e9 comprend les taxes applicables, qui peuvent inclure la TPS de 5 % et des taxes de vente provinciales (TVP), la taxe de vente harmonis\u00e9e (TVH) ou la taxe de vente du Qu\u00e9bec (TVQ) suppl\u00e9mentaires, selon votre province.<\/li>\n<\/ul>\n<p><strong>Pour les clients de l&rsquo;UE SEULEMENT :<\/strong> Express DDP (Delivered Duty Paid). Cela signifie que : <\/p>\n<ul>\n<li>Tous les droits de douane et taxes sont inclus dans le prix affich\u00e9 sur la page du produit.<\/li>\n<li>Vous n&rsquo;aurez pas \u00e0 payer de frais suppl\u00e9mentaires \u00e0 la livraison.<\/li>\n<li>Dans les rares cas de probl\u00e8mes douaniers, notre \u00e9quipe s&rsquo;occupera de la proc\u00e9dure de d\u00e9douanement en votre nom afin d&rsquo;assurer une livraison sans probl\u00e8me.<\/li>\n<p>Informations importantes concernant les retours :<\/p>\n<li>Si vous d\u00e9cidez de retourner votre commande ou de demander un remboursement, sachez que les taxes et les droits pay\u00e9s en votre nom dans le cadre du programme DDP ne peuvent pas \u00eatre rembours\u00e9s.<\/li>\n<p>Veuillez vous r\u00e9f\u00e9rer \u00e0 nos <a href=\"https:\/\/ayaneo.co\/fr\/conditions-dutilisation\/\" target=\"_blank\" rel=\"nofollow noopener\">conditions g\u00e9n\u00e9rales<\/a> pour plus d&rsquo;informations.\n<\/ul>\n<p>[\/cg_accordion]\n[cg_accordion title=\"SOUTIEN \u00c0 LA CLIENT\u00c8LE\"]<\/p>\n<p>Vous avez une question ? Il suffit d&rsquo;un petit texte pour que votre probl\u00e8me soit r\u00e9solu ! [\/cg_accordion]\n[cg_accordion title=\"LE PAQUET COMPREND\"]<\/p>\n<ul>\n<li>1x AYANEO Pocket EVO Case<\/li>\n<\/ul>\n<p>[\/cg_accordion]\n","protected":false},"featured_media":7888,"template":"","meta":{"_acf_changed":false},"product_brand":[],"product_cat":[389],"product_tag":[],"class_list":{"0":"post-11694","1":"product","2":"type-product","3":"status-publish","4":"has-post-thumbnail","6":"product_cat-accessoires","7":"product_shipping_class-low-end","8":"pa_accessory-type-etui-de-protection","9":"pa_brand-ayaneo","11":"first","12":"instock","13":"sale","14":"taxable","15":"shipping-taxable","16":"purchasable","17":"product-type-variable","18":"has-default-attributes"},"acf":[],"_links":{"self":[{"href":"https:\/\/ayaneo.co\/fr\/wp-json\/wp\/v2\/product\/11694","targetHints":{"allow":["GET"]}}],"collection":[{"href":"https:\/\/ayaneo.co\/fr\/wp-json\/wp\/v2\/product"}],"about":[{"href":"https:\/\/ayaneo.co\/fr\/wp-json\/wp\/v2\/types\/product"}],"wp:featuredmedia":[{"embeddable":true,"href":"https:\/\/ayaneo.co\/fr\/wp-json\/wp\/v2\/media\/7888"}],"wp:attachment":[{"href":"https:\/\/ayaneo.co\/fr\/wp-json\/wp\/v2\/media?parent=11694"}],"wp:term":[{"taxonomy":"product_brand","embeddable":true,"href":"https:\/\/ayaneo.co\/fr\/wp-json\/wp\/v2\/product_brand?post=11694"},{"taxonomy":"product_cat","embeddable":true,"href":"https:\/\/ayaneo.co\/fr\/wp-json\/wp\/v2\/product_cat?post=11694"},{"taxonomy":"product_tag","embeddable":true,"href":"https:\/\/ayaneo.co\/fr\/wp-json\/wp\/v2\/product_tag?post=11694"}],"curies":[{"name":"wp","href":"https:\/\/api.w.org\/{rel}","templated":true}]}}