{"id":12377,"date":"2025-03-24T16:59:01","date_gmt":"2025-03-24T16:59:01","guid":{"rendered":"https:\/\/ayaneo.co\/?post_type=product&#038;p=12377"},"modified":"2025-12-27T09:19:37","modified_gmt":"2025-12-27T09:19:37","slug":"ayaneo-etui-de-poche-evo-copy","status":"publish","type":"product","link":"https:\/\/ayaneo.co\/fr\/product\/ayaneo-etui-de-poche-evo-copy\/","title":{"rendered":"AYANEO 3 \u00c9tui de transport - Une protection de premier ordre pour votre ordinateur de poche !"},"content":{"rendered":"\n<p>Gardez votre <strong>AYANEO 3<\/strong> en s\u00e9curit\u00e9 gr\u00e2ce \u00e0 cet <strong>\u00e9tui de transport durable et \u00e9l\u00e9gant<\/strong>. Con\u00e7u pour une <strong>protection et une portabilit\u00e9 maximales<\/strong>, cet \u00e9tui permet \u00e0 votre appareil d&rsquo;\u00eatre <strong>toujours pr\u00eat \u00e0 l&rsquo;action<\/strong>, o\u00f9 que vous alliez. <\/p>\n\n<h3 class=\"wp-block-heading\"><strong>Caract\u00e9ristiques principales :<\/strong><\/h3>\n\n<p><strong>Coque robuste et protectrice<\/strong> - Prot\u00e8ge votre appareil contre les chutes, les chocs et les rayures.<\/p>\n\n<p><strong>Ajustement parfait et design ergonomique<\/strong> - Sp\u00e9cifiquement moul\u00e9 pour le <strong>AYANEO 3<\/strong>, assurant un <strong>ajustement parfait et s\u00e9curis\u00e9<\/strong>.<\/p>\n\n<p><strong>Doublure int\u00e9rieure douce<\/strong> - Pr\u00e9vient les rayures et maintient votre appareil en parfait \u00e9tat.  <\/p>\n\n<p><strong>Fermeture \u00e0 glissi\u00e8re s\u00e9curis\u00e9e<\/strong> - Assure une <strong>protection compl\u00e8te<\/strong> tout en permettant un acc\u00e8s facile.<\/p>\n\n<p><strong>Portable et l\u00e9ger<\/strong> - Transportez votre AYANEO 3 sans effort gr\u00e2ce \u00e0 la <strong>dragonne amovible<\/strong>.<\/p>\n\n<p>Am\u00e9liorez votre configuration de jeu <strong>AYANEO 3<\/strong> avec cette <strong>mallette de transport essentielle<\/strong> - l&rsquo;<strong>\u00e9quilibre parfait entre style et protection<\/strong>!<\/p>\n\n<p><\/p>\n","protected":false},"excerpt":{"rendered":"<ul>\n<li>Mallette de transport <strong>officielle<\/strong> AYANEO 3<\/li>\n<li><strong>Durable et r\u00e9sistant aux chocs<\/strong> - Prot\u00e8ge contre les chutes et les rayures.<\/li>\n<li><strong>Doublure int\u00e9rieure douce<\/strong> - Maintient votre appareil en parfait \u00e9tat.<\/li>\n<li><strong>Fermeture \u00e0 glissi\u00e8re et sangle s\u00e9curis\u00e9es<\/strong> - Pour un transport facile et un stockage s\u00fbr.<\/li>\n<li><strong>Ajustement parfait<\/strong> - Moul\u00e9 sur mesure pour AYANEO 3.<\/li>\n<\/ul>\n[cg_accordion title=\"INFO PAIEMENT\"]<\/p>\n<p>Nous utilisons les derni\u00e8res technologies en mati\u00e8re de traitement des paiements, ce qui vous permet de r\u00e9gler vos achats via Apple Pay, Google Pay, votre carte de d\u00e9bit\/cr\u00e9dit, PayPal ou des m\u00e9thodes BNPL telles que Klarna, Affirm ou AfterPay pour une exp\u00e9rience rapide et s\u00e9curis\u00e9e.[\/cg_accordion]\n[cg_accordion title=\"GARANTIE\"]<\/p>\n<p>1 an de garantie de <a href=\"https:\/\/droix.net\/\" target=\"_blank\" rel=\"nofollow noopener\">DROIX Global<\/a> pour votre tranquillit\u00e9 d&rsquo;esprit[\/cg_accordion]\n[cg_accordion title=\"ASSURANCE QUALIT\u00c9 ET ESSAIS AVANT EXP\u00c9DITION\"]<\/p>\n<p>Garantir la satisfaction du client au plus haut niveau : Chaque appareil est soumis \u00e0 des tests rigoureux et \u00e0 un contr\u00f4le de qualit\u00e9 en plusieurs points avant d&rsquo;\u00eatre exp\u00e9di\u00e9. Notre \u00e9quipe d\u00e9di\u00e9e v\u00e9rifie la performance, la fonctionnalit\u00e9 et l&rsquo;int\u00e9grit\u00e9 des composants pour garantir que votre appareil AYANEO est en parfait \u00e9tat de fonctionnement \u00e0 l&rsquo;arriv\u00e9e, vous apportant confiance et tranquillit\u00e9 d&rsquo;esprit. [\/cg_accordion]\n[cg_accordion title=\"PRIX, TAXES ET FRAIS DE PORT\"]<\/p>\n<p><strong><u>Note :<\/u><\/strong><\/p>\n<ul>\n<li>Clients des \u00c9tats-Unis : Le prix affich\u00e9 n&rsquo;inclut pas les taxes ni les droits de douane. La responsabilit\u00e9 du d\u00e9douanement et du paiement des taxes et droits de douane incombe au client. <\/li>\n<li>Clients de l&rsquo;UE : Le prix affich\u00e9 inclut la TAXE applicable, qui peut s&rsquo;\u00e9lever jusqu&rsquo;\u00e0 25 % selon votre pays.<\/li>\n<li>Clients du Canada : Le prix affich\u00e9 comprend les taxes applicables, qui peuvent inclure la TPS de 5 % et des taxes de vente provinciales (TVP), la taxe de vente harmonis\u00e9e (TVH) ou la taxe de vente du Qu\u00e9bec (TVQ) suppl\u00e9mentaires, selon votre province.<\/li>\n<\/ul>\n<p><strong>Pour les clients de l&rsquo;UE SEULEMENT :<\/strong> Express DDP (Delivered Duty Paid). Cela signifie que : <\/p>\n<ul>\n<li>Tous les droits de douane et taxes sont inclus dans le prix affich\u00e9 sur la page du produit.<\/li>\n<li>Vous n&rsquo;aurez pas \u00e0 payer de frais suppl\u00e9mentaires \u00e0 la livraison.<\/li>\n<li>Dans les rares cas de probl\u00e8mes douaniers, notre \u00e9quipe s&rsquo;occupera de la proc\u00e9dure de d\u00e9douanement en votre nom afin d&rsquo;assurer une livraison sans probl\u00e8me.<\/li>\n<p>Informations importantes concernant les retours :<\/p>\n<li>Si vous d\u00e9cidez de retourner votre commande ou de demander un remboursement, sachez que les taxes et les droits pay\u00e9s en votre nom dans le cadre du programme DDP ne peuvent pas \u00eatre rembours\u00e9s.<\/li>\n<p>Veuillez vous r\u00e9f\u00e9rer \u00e0 nos <a href=\"https:\/\/ayaneo.co\/fr\/conditions-dutilisation\/\" target=\"_blank\" rel=\"nofollow noopener\">conditions g\u00e9n\u00e9rales<\/a> pour plus d&rsquo;informations.\n<\/ul>\n<p>[\/cg_accordion]\n[cg_accordion title=\"SOUTIEN \u00c0 LA CLIENT\u00c8LE\"]<\/p>\n<p>Vous avez une question ? Il suffit d&rsquo;un petit texte pour que votre probl\u00e8me soit r\u00e9solu ! [\/cg_accordion]\n[cg_accordion title=\"LE PAQUET COMPREND\"]<\/p>\n<ul>\n<li>1x AYANEO 3 Case<\/li>\n<\/ul>\n<p>[\/cg_accordion]\n","protected":false},"featured_media":12440,"template":"","meta":{"_acf_changed":false},"product_brand":[],"product_cat":[389],"product_tag":[],"class_list":{"0":"post-12377","1":"product","2":"type-product","3":"status-publish","4":"has-post-thumbnail","6":"product_cat-accessoires","7":"product_shipping_class-low-end","8":"pa_accessory-type-etui-de-protection","9":"pa_brand-ayaneo","11":"first","12":"instock","13":"sale","14":"taxable","15":"shipping-taxable","16":"purchasable","17":"product-type-variable","18":"has-default-attributes"},"acf":[],"_links":{"self":[{"href":"https:\/\/ayaneo.co\/fr\/wp-json\/wp\/v2\/product\/12377","targetHints":{"allow":["GET"]}}],"collection":[{"href":"https:\/\/ayaneo.co\/fr\/wp-json\/wp\/v2\/product"}],"about":[{"href":"https:\/\/ayaneo.co\/fr\/wp-json\/wp\/v2\/types\/product"}],"wp:featuredmedia":[{"embeddable":true,"href":"https:\/\/ayaneo.co\/fr\/wp-json\/wp\/v2\/media\/12440"}],"wp:attachment":[{"href":"https:\/\/ayaneo.co\/fr\/wp-json\/wp\/v2\/media?parent=12377"}],"wp:term":[{"taxonomy":"product_brand","embeddable":true,"href":"https:\/\/ayaneo.co\/fr\/wp-json\/wp\/v2\/product_brand?post=12377"},{"taxonomy":"product_cat","embeddable":true,"href":"https:\/\/ayaneo.co\/fr\/wp-json\/wp\/v2\/product_cat?post=12377"},{"taxonomy":"product_tag","embeddable":true,"href":"https:\/\/ayaneo.co\/fr\/wp-json\/wp\/v2\/product_tag?post=12377"}],"curies":[{"name":"wp","href":"https:\/\/api.w.org\/{rel}","templated":true}]}}