{"id":12937,"date":"2025-03-27T09:55:33","date_gmt":"2025-03-27T09:55:33","guid":{"rendered":"https:\/\/ayaneo.co\/product\/ayaneo-air-pro\/"},"modified":"2025-04-11T12:00:38","modified_gmt":"2025-04-11T12:00:38","slug":"ayaneo-air-pro","status":"publish","type":"product","link":"https:\/\/ayaneo.co\/fr\/product\/ayaneo-air-pro\/","title":{"rendered":"AYANEO AIR PRO"},"content":{"rendered":"\n<h2 class=\"wp-block-heading\">AYANEO Air<\/h2>\n\n<figure class=\"wp-block-image\"><img decoding=\"async\" src=\"https:\/\/droix.net\/wp-content\/uploads\/2022\/10\/TEXT.png\" alt=\"\" title=\"AYA NEO AIR PRO 1\"\/><\/figure>\n\n<figure class=\"wp-block-image\"><img decoding=\"async\" src=\"https:\/\/droix.net\/wp-content\/uploads\/2022\/10\/cpu-perf.png\" alt=\"\" title=\"AYA NEO AIR PRO 2\"\/><\/figure>\n\n<h2 class=\"wp-block-heading\">Un processeur puissant<\/h2>\n\n<figure class=\"wp-block-image\"><img decoding=\"async\" src=\"https:\/\/droix.net\/wp-content\/uploads\/2022\/10\/oled.png\" alt=\"\" title=\"AYA NEO AIR PRO 3\"\/><\/figure>\n\n<h2 class=\"wp-block-heading\">Crisp OLED Screen<\/h2>\n\n<figure class=\"wp-block-image\"><img decoding=\"async\" src=\"https:\/\/droix.net\/wp-content\/uploads\/2022\/10\/controller.png\" alt=\"\" title=\"AYA NEO AIR PRO 4\"\/><\/figure>\n\n<h2 class=\"wp-block-heading\">Contr\u00f4leurs de jeux<\/h2>\n\n<figure class=\"wp-block-image\"><img decoding=\"async\" src=\"https:\/\/droix.net\/wp-content\/uploads\/2022\/10\/hall-joystick.png\" alt=\"\" title=\"AYA NEO AIR PRO 5\"\/><\/figure>\n\n<h2 class=\"wp-block-heading\">Manettes HALL<\/h2>\n\n<figure class=\"wp-block-image\"><img decoding=\"async\" src=\"https:\/\/droix.net\/wp-content\/uploads\/2022\/10\/light.png\" alt=\"\" title=\"AYA NEO AIR PRO 6\"\/><\/figure>\n\n<h2 class=\"wp-block-heading\">L\u00e9ger<\/h2>\n\n<figure class=\"wp-block-image\"><img decoding=\"async\" src=\"https:\/\/droix.net\/wp-content\/uploads\/2022\/10\/lightweight.png\" alt=\"\" title=\"AYA NEO AIR PRO 7\"\/><\/figure>\n\n<h2 class=\"wp-block-heading\">Portable<\/h2>\n\n<figure class=\"wp-block-image\"><img decoding=\"async\" src=\"https:\/\/droix.net\/wp-content\/uploads\/2022\/10\/ayaspace.png\" alt=\"\" title=\"AYA NEO AIR PRO 8\"\/><\/figure>\n\n<h2 class=\"wp-block-heading\">Espace AYAS<\/h2>\n\n<figure class=\"wp-block-image\"><img decoding=\"async\" src=\"https:\/\/droix.net\/wp-content\/uploads\/2022\/10\/storage-expansion.png\" alt=\"\" title=\"AYA NEO AIR PRO 9\"\/><\/figure>\n\n<h2 class=\"wp-block-heading\">Stockage extensible<\/h2>\n\n<h2 class=\"wp-block-heading\">AYANEO Air<\/h2>\n\n<h2 class=\"wp-block-heading\">18mm<\/h2>\n\n<h2 class=\"wp-block-heading\">AYANEO Air Pro<\/h2>\n\n<h2 class=\"wp-block-heading\">21,6 mm<\/h2>\n\n<figure class=\"wp-block-image\"><img decoding=\"async\" src=\"https:\/\/droix.net\/wp-content\/uploads\/2022\/10\/1.png\" alt=\"\" title=\"AYA NEO AIR PRO 10\"\/><\/figure>\n\n<figure class=\"wp-block-image\"><img decoding=\"async\" src=\"https:\/\/droix.net\/wp-content\/uploads\/2022\/10\/2.png\" alt=\"\" title=\"AYA NEO AIR PRO 11\"\/><\/figure>\n\n<figure class=\"wp-block-image\"><img decoding=\"async\" src=\"https:\/\/droix.net\/wp-content\/uploads\/2022\/10\/6.png\" alt=\"\" title=\"AYA NEO AIR PRO 12\"\/><\/figure>\n\n<figure class=\"wp-block-image\"><img decoding=\"async\" src=\"https:\/\/droix.net\/wp-content\/uploads\/2022\/10\/3.png\" alt=\"\" title=\"AYA NEO AIR PRO 13\"\/><\/figure>\n\n<figure class=\"wp-block-image\"><img decoding=\"async\" src=\"https:\/\/droix.net\/wp-content\/uploads\/2022\/10\/8.png\" alt=\"\" title=\"AYA NEO AIR PRO 14\"\/><\/figure>\n\n<figure class=\"wp-block-image\"><img decoding=\"async\" src=\"https:\/\/droix.net\/wp-content\/uploads\/2022\/10\/4.png\" alt=\"\" title=\"AYA NEO AIR PRO 15\"\/><\/figure>\n\n<figure class=\"wp-block-image\"><img decoding=\"async\" src=\"https:\/\/droix.net\/wp-content\/uploads\/2022\/10\/5.png\" alt=\"\" title=\"AYA NEO AIR PRO 16\"\/><\/figure>\n\n<figure class=\"wp-block-image\"><img decoding=\"async\" src=\"https:\/\/droix.net\/wp-content\/uploads\/elementor\/thumbs\/7-q8z5dcnq498hbirw1mfy0omf1l06qm1syszlslccn4.png\" alt=\"7.png\" title=\"7.png\"\/><\/figure>\n\n<figure class=\"wp-block-image\"><img decoding=\"async\" src=\"https:\/\/droix.net\/wp-content\/uploads\/elementor\/thumbs\/9-q8z5dcnq498hbirw1mfy0omf1l06qm1syszlslccn4.png\" alt=\"9.png\" title=\"9.png\"\/><\/figure>\n\n<h2 class=\"wp-block-heading\">Vivez les jeux gr\u00e2ce \u00e0 l&rsquo;\u00e9cran net OLED <\/h2>\n\n<h2 class=\"wp-block-heading\">Avec un \u00e9cran de 5,5\u2033 AMOLED \u00e0 large gamme de couleurs.<\/h2>\n\n<h2 class=\"wp-block-heading\">L&rsquo;effet de gamme de couleurs \u00e9tendue, NTSC 109%, rend l&rsquo;affichage plus r\u00e9aliste.<br\/>Avec un rapport de contraste allant jusqu&rsquo;\u00e0 100000:1, les couleurs sont plus riches et plus vives.<br\/>Faites l&rsquo;exp\u00e9rience de noirs purs et d&rsquo;images tr\u00e8s contrast\u00e9es dans vos titres pr\u00e9f\u00e9r\u00e9s. Avec 404 pixels par pouce, le AYANEO Air poss\u00e8de le PPI le plus \u00e9lev\u00e9 pour un ordinateur de poche Windows Gaming. <\/h2>\n\n<figure class=\"wp-block-image\"><img decoding=\"async\" src=\"https:\/\/droix.net\/wp-content\/uploads\/2022\/10\/oled-info-1024x309.png\" alt=\"\" title=\"AYA NEO AIR PRO 17\"\/><\/figure>\n\n<h2 class=\"wp-block-heading\">Ultra-mince et l\u00e9ger<\/h2>\n\n<h2 class=\"wp-block-heading\">Le AYANEO Air a \u00e9t\u00e9 d\u00e9velopp\u00e9 dans un souci de portabilit\u00e9 et, pour ce faire, nous avons d\u00fb combiner et comprimer environ 3 500 composants dans cet ordinateur de poche Windows Gaming.<br\/>Dans cet ordinateur de poche ultra portable, vous trouverez du mat\u00e9riel jug\u00e9 digne d&rsquo;un ordinateur portable.<br\/>Et pour conclure ce magnifique emballage, seules deux vis sont visibles pour l&rsquo;utilisateur final.<\/h2>\n\n<h2 class=\"wp-block-heading\">Un nouveau regard sur les ordinateurs de poche portables<\/h2>\n\n<h2 class=\"wp-block-heading\">Poids de seulement 398g*<\/h2>\n\n<figure class=\"wp-block-image\"><img decoding=\"async\" src=\"https:\/\/droix.net\/wp-content\/uploads\/2022\/10\/ayaneo_air-vs-switch.png\" alt=\"\" title=\"AYA NEO AIR PRO 18\"\/><\/figure>\n\n<h2 class=\"wp-block-heading\">AYANEO Air Lite* - 398g<br\/>AYANEO Air Standard - 398g<br\/>AYANEO Air Pro - 440g<\/h2>\n\n<h2 class=\"wp-block-heading\">Beaucoup plus petit que le Steam Deck<br\/> Et encore plus petit que le Switch<\/h2>\n\n<figure class=\"wp-block-image\"><img decoding=\"async\" src=\"https:\/\/droix.net\/wp-content\/uploads\/2022\/10\/ayaneo-sd-switch.png\" alt=\"\" title=\"AYA NEO AIR PRO 19\"\/><\/figure>\n\n<h2 class=\"wp-block-heading\">398g AYANEO Air<\/h2>\n\n<h2 class=\"wp-block-heading\">223.9\u00d789.4x18mm<\/h2>\n\n<h2 class=\"wp-block-heading\">420g Nintendo Switch<\/h2>\n\n<h2 class=\"wp-block-heading\">242x102x13,9mm<\/h2>\n\n<h2 class=\"wp-block-heading\">669g Steam Deck<\/h2>\n\n<h2 class=\"wp-block-heading\">298x117x20mm<\/h2>\n\n<h2 class=\"wp-block-heading\">Jeux AAA en d\u00e9placement ?<\/h2>\n\n<h2 class=\"wp-block-heading\">AYANEO Air est livr\u00e9 avec la puissance de RED, \u00e9quip\u00e9 d&rsquo;un AMD Ryzen 5 5560U ou d&rsquo;un 5825U (disponible uniquement sur AYANEO Air Pro).<br\/>Ces APU sont non seulement parfaits pour les jeux, mais ils consomment moins d&rsquo;\u00e9nergie, ce qui vous permet de jouer plus longtemps \u00e0 vos jeux pr\u00e9f\u00e9r\u00e9s.<\/h2>\n\n<figure class=\"wp-block-image\"><img decoding=\"async\" src=\"https:\/\/droix.net\/wp-content\/uploads\/2022\/10\/cpu-1-1-300x300.png\" alt=\"\" title=\"AYA NEO AIR PRO 20\"\/><\/figure>\n\n<h2 class=\"wp-block-heading\">Gr\u00e2ce au proc\u00e9d\u00e9 7nn de TSMC, le AYANEO Air consomme peu d&rsquo;\u00e9nergie tout en conservant des performances \u00e9lev\u00e9es dans vos titres pr\u00e9f\u00e9r\u00e9s.<\/h2>\n\n<figure class=\"wp-block-image\"><img decoding=\"async\" src=\"https:\/\/droix.net\/wp-content\/uploads\/2022\/10\/cpu-2-1-300x300.png\" alt=\"\" title=\"AYA NEO AIR PRO 21\"\/><\/figure>\n\n<h2 class=\"wp-block-heading\">Disponible uniquement sur le AYANEO Air Pro, l&rsquo;APU AMD Ryzen 7 5825 fonctionne 100 MHz de plus que le 5800U, et est parfait pour les jeux en d\u00e9placement.<\/h2>\n\n<h2 class=\"wp-block-heading\">En savoir plus sur vos jeux pr\u00e9f\u00e9r\u00e9s<\/h2>\n\n<figure class=\"wp-block-image\"><img decoding=\"async\" src=\"https:\/\/droix.net\/wp-content\/uploads\/2022\/08\/games-1.png\" alt=\"jeux-1\" title=\"AYA NEO AIR PRO 22\"\/><\/figure>\n\n<figure class=\"wp-block-image\"><img decoding=\"async\" src=\"https:\/\/droix.net\/wp-content\/uploads\/2022\/08\/games-2.png\" alt=\"jeux-2\" title=\"AYA NEO AIR PRO 23\"\/><\/figure>\n\n<figure class=\"wp-block-image\"><img decoding=\"async\" src=\"https:\/\/droix.net\/wp-content\/uploads\/elementor\/thumbs\/ayaneo-master-q8z5dcnq497mmmrgjif980vegtbvts312kqur5jx8g.png\" alt=\"ayaneo-master.png\" title=\"ayaneo-master.png\"\/><\/figure>\n\n<h2 class=\"wp-block-heading\">Soyez un ma\u00eetre sur le champ de bataille, avec GuliKit.<\/h2>\n\n<h2 class=\"wp-block-heading\">AYANEOEn partenariat avec GuliKit, nous nous effor\u00e7ons de vous offrir la meilleure exp\u00e9rience de jeu possible. Ce PC Gaming Handheld est le premier mod\u00e8le \u00e0 \u00eatre \u00e9quip\u00e9 des joysticks GuliKit de haute qualit\u00e9. <\/h2>\n\n<figure class=\"wp-block-image\"><img decoding=\"async\" src=\"https:\/\/droix.net\/wp-content\/uploads\/elementor\/thumbs\/gulikit-logo-q8z5dcnq497ijbaloaorilpee1n1klosjvnack8xkw.png\" alt=\"gulikit-logo.png\" title=\"gulikit-logo.png\"\/><\/figure>\n\n<figure class=\"wp-block-image\"><img decoding=\"async\" src=\"https:\/\/droix.net\/wp-content\/uploads\/2022\/10\/ayaneo-joystick-device.png\" alt=\"\" title=\"AYA NEO AIR PRO 24\"\/><\/figure>\n\n<h2 class=\"wp-block-heading\">Pas de zone morte Joysticks<\/h2>\n\n<h2 class=\"wp-block-heading\">Les cercles int\u00e9rieurs et ext\u00e9rieurs sont 100% exempts de \u00ab\u00a0zones mortes\u00a0\u00bb<br\/>C&rsquo;est parfait pour les jeux FPS.<\/h2>\n\n<h2 class=\"wp-block-heading\">R\u00e9glage de la sensibilit\u00e9 du d\u00e9clencheur<\/h2>\n\n<h2 class=\"wp-block-heading\">En utilisant AYA Space, vous pouvez facilement contr\u00f4ler la course de la g\u00e2chette. Cela vous permettra d&rsquo;appuyer sur les g\u00e2chettes \u00e0 50 %, pour un effet maximal. <\/h2>\n\n<h2 class=\"wp-block-heading\">Veille sans consommation d&rsquo;\u00e9nergie<\/h2>\n\n<h2 class=\"wp-block-heading\">Vous pouvez d\u00e9sactiver les contr\u00f4leurs dans AYA Space, ce qui permet d&rsquo;\u00e9conomiser de l&rsquo;\u00e9nergie.<\/h2>\n\n<h2 class=\"wp-block-heading\">\u00c9change de cl\u00e9s A-B X-Y<\/h2>\n\n<h2 class=\"wp-block-heading\">Vous \u00eates habitu\u00e9 \u00e0 la pr\u00e9sentation japonaise ? Pas de probl\u00e8me ! Avec AYA Space, vous pouvez changer de pr\u00e9sentation.  <\/h2>\n\n<figure class=\"wp-block-image\"><img decoding=\"async\" src=\"https:\/\/droix.net\/wp-content\/uploads\/2022\/10\/11.png\" alt=\"\" title=\"AYA NEO AIR PRO 25\"\/><\/figure>\n\n<h2 class=\"wp-block-heading\">Pas de d\u00e9rive<\/h2>\n\n<h2 class=\"wp-block-heading\">AYANEO Les joysticks d&rsquo;Air utilisent des bascules \u00e9lectromagn\u00e9tiques pour \u00e9viter toute d\u00e9rive du joystick.<\/h2>\n\n<figure class=\"wp-block-image\"><img decoding=\"async\" src=\"https:\/\/droix.net\/wp-content\/uploads\/2022\/10\/22.png\" alt=\"\" title=\"AYA NEO AIR PRO 26\"\/><\/figure>\n\n<h2 class=\"wp-block-heading\">Pas de zone morte<\/h2>\n\n<h2 class=\"wp-block-heading\">Les joysticks du AYANEO Air n&rsquo;ont pas de zone morte au centre et \u00e0 l&rsquo;ext\u00e9rieur des anneaux des joysticks.<\/h2>\n\n<figure class=\"wp-block-image\"><img decoding=\"async\" src=\"https:\/\/droix.net\/wp-content\/uploads\/2022\/10\/33.png\" alt=\"\" title=\"AYA NEO AIR PRO 27\"\/><\/figure>\n\n<h2 class=\"wp-block-heading\">Haute pr\u00e9cision<\/h2>\n\n<h2 class=\"wp-block-heading\">Il vous permet d&rsquo;effectuer des tirs difficiles \u00e0 obtenir dans les jeux de tir et de contr\u00f4ler votre v\u00e9hicule en toute fluidit\u00e9 dans les jeux de conduite.<\/h2>\n\n<figure class=\"wp-block-image\"><img decoding=\"async\" src=\"https:\/\/droix.net\/wp-content\/uploads\/2022\/10\/44.png\" alt=\"\" title=\"AYA NEO AIR PRO 28\"\/><\/figure>\n\n<h2 class=\"wp-block-heading\">Longue dur\u00e9e de vie<\/h2>\n\n<h2 class=\"wp-block-heading\">Les joysticks Hall ont une dur\u00e9e de vie de 5 millions d&rsquo;utilisations. Cela garantira que votre AYANEO Air se comporte de la mani\u00e8re suivante <\/h2>\n\n<h2 class=\"wp-block-heading\">EXCLUSIF \u00e0 AYANEO Devices<\/h2>\n\n<h2 class=\"wp-block-heading\">Espace AYA<\/h2>\n\n<h2 class=\"wp-block-heading\">AYA Space vous permet de g\u00e9rer et de lancer vos jeux pr\u00e9f\u00e9r\u00e9s en quelques secondes.<br\/>Avec AYA Space, vous pouvez d\u00e9finir des profils de performance par jeu et contr\u00f4ler les principales fonctions de votre appareil.<br\/>Le AYANEO Air est \u00e9quip\u00e9 d&rsquo;un bouton AYA Space d\u00e9di\u00e9, qui peut facilement faire appara\u00eetre la surcouche, vous permettant de r\u00e9gler la luminosit\u00e9, le volume et TDP - tout cela d&rsquo;une simple pression sur un bouton.<\/h2>\n\n<figure class=\"wp-block-image\"><img decoding=\"async\" src=\"https:\/\/droix.net\/wp-content\/uploads\/2022\/10\/ayaspace-ui-768x625.png\" alt=\"\" title=\"AYA NEO AIR PRO 29\"\/><\/figure>\n\n<h2 class=\"wp-block-heading\">Stockage \u00e0 grande vitesse, interne ou externe<\/h2>\n\n<h2 class=\"wp-block-heading\">Interne SSD<\/h2>\n\n<h2 class=\"wp-block-heading\">NVMe int\u00e9gr\u00e9 \u00e0 grande vitesse SSD avec jusqu&rsquo;\u00e0 2 To de capacit\u00e9<\/h2>\n\n<figure class=\"wp-block-image\"><img decoding=\"async\" src=\"https:\/\/droix.net\/wp-content\/uploads\/2022\/10\/storage-1.png\" alt=\"\" title=\"AYA NEO AIR PRO 30\"\/><\/figure>\n\n<h2 class=\"wp-block-heading\">Fente pour carte TF\/Micro SD<\/h2>\n\n<h2 class=\"wp-block-heading\">Vous permet de mettre facilement \u00e0 niveau votre m\u00e9moire interne.<\/h2>\n\n<figure class=\"wp-block-image\"><img decoding=\"async\" src=\"https:\/\/droix.net\/wp-content\/uploads\/2022\/10\/storage-2.png\" alt=\"\" title=\"AYA NEO AIR PRO 31\"\/><\/figure>\n\n<figure class=\"wp-block-image\"><img decoding=\"async\" src=\"https:\/\/droix.net\/wp-content\/uploads\/2022\/10\/multi-use.jpg\" alt=\"\" title=\"AYA NEO AIR PRO 32\"\/><\/figure>\n","protected":false},"excerpt":{"rendered":"<ul>\n<li>AMD <strong>Ryzen 5 5560U<\/strong> \/ AMD <strong>Ryzen 7 5825U<\/strong><\/li>\n<li><strong>16GB<\/strong> LPDDR4x @ 4266Mhz<\/li>\n<li>jusqu<strong>&lsquo;\u00e0 1 To<\/strong> PCI-E <strong>M.2<\/strong> haute vitesse 2280 SSD<\/li>\n<li>\u00c9cran tactile de <strong>5,5<\/strong> \u00a0\u00bb <strong> OLED<\/strong> <\/li>\n<li>Prise en charge du <strong>WiFi 6<\/strong> et du <strong>Bluetooth 5.2<\/strong> <\/li>\n<\/ul>\n[cg_accordion title=\"Garantie\"]<\/p>\n<p>Le AYANEO AIR PRO b\u00e9n\u00e9ficie d&rsquo;une garantie d&rsquo;un an de la part de <a href=\"https:\/\/droix.net\/\">DROIX Global.<\/a> [\/cg_accordion]\n[cg_accordion title=\"Prix, taxes et frais de port\"]<\/p>\n<p><strong><u>Note :<\/u><\/strong><\/p>\n<ul>\n<li>Clients des \u00c9tats-Unis : Le prix affich\u00e9 inclut la TAXE applicable selon votre \u00e9tat.<\/li>\n<li>Clients de l&rsquo;UE : Le prix affich\u00e9 inclut la TAXE applicable, qui peut s&rsquo;\u00e9lever jusqu&rsquo;\u00e0 25 % selon votre pays.<\/li>\n<li>Clients du Canada : Le prix affich\u00e9 comprend les taxes applicables, qui peuvent inclure la TPS de 5 % et des taxes de vente provinciales (TVP), la taxe de vente harmonis\u00e9e (TVH) ou la taxe de vente du Qu\u00e9bec (TVQ) suppl\u00e9mentaires, selon votre province.<\/li>\n<\/ul>\n<p>[\/cg_accordion]\n[cg_accordion title=\"Exp\u00e9dition et retours\"]<\/p>\n<p>Organis\u00e9 par <a href=\"https:\/\/droix.net\/\" target=\"_blank\" rel=\"nofollow noopener\">DROIX<\/a>, un distributeur officiel de AYANEO, nous exp\u00e9dions par DHL Express DDP (Delivered Duty Paid). Cela signifie que : <\/p>\n<p>Express DDP (Delivered Duty Paid). Cela signifie que : <\/p>\n<ul>\n<li>Tous les droits de douane et taxes sont inclus dans le prix affich\u00e9 sur la page du produit.<\/li>\n<li>Vous n&rsquo;aurez pas \u00e0 payer de frais suppl\u00e9mentaires \u00e0 la livraison.<\/li>\n<li>Dans les rares cas de probl\u00e8mes douaniers, notre \u00e9quipe s&rsquo;occupera de la proc\u00e9dure de d\u00e9douanement en votre nom afin d&rsquo;assurer une livraison sans probl\u00e8me.<\/li>\n<p>Informations importantes concernant les retours :<\/p>\n<li>Si vous d\u00e9cidez de retourner votre commande ou de demander un remboursement, sachez que les taxes et les droits pay\u00e9s en votre nom dans le cadre du programme DDP ne peuvent pas \u00eatre rembours\u00e9s.<\/li>\n<p>Veuillez vous r\u00e9f\u00e9rer \u00e0 nos <a href=\"https:\/\/ayaneo.co\/terms-of-service-2\/\" target=\"_blank\" rel=\"nofollow noopener\">conditions g\u00e9n\u00e9rales<\/a> pour plus d&rsquo;informations.\n<\/ul>\n<p>[\/cg_accordion]\n[cg_accordion title=\"Soutien \u00e0 la client\u00e8le\"]<\/p>\n<p>Vous avez une question ? Il suffit d&rsquo;un petit texte pour que votre probl\u00e8me soit r\u00e9solu ! [\/cg_accordion]\n[cg_accordion title=\"Le paquet comprend\"]<\/p>\n<ul>\n<li>1x AYANEO AIR PRO Gaming Handheld<\/li>\n<li>1x C\u00e2ble USB Type-C<\/li>\n<li>1x Adaptateur d&rsquo;alimentation<\/li>\n<li>1x Manuel de l&rsquo;utilisateur<\/li>\n<\/ul>\n<p>[\/cg_accordion]\n","protected":false},"featured_media":12516,"template":"","meta":{"_acf_changed":false},"product_brand":[],"product_cat":[369],"product_tag":[],"class_list":{"0":"post-12937","1":"product","2":"type-product","3":"status-publish","4":"has-post-thumbnail","6":"product_cat-pc-de-jeux-portables","7":"product_shipping_class-premium","8":"pa_brand-ayaneo","9":"pa_graphics-gpu-model-radeon-graphics","10":"pa_operating-system-windows-11-home","11":"pa_processor-cpu-brand-amd","13":"first","14":"outofstock","15":"taxable","16":"shipping-taxable","17":"purchasable","18":"product-type-variable","19":"has-default-attributes"},"acf":[],"_links":{"self":[{"href":"https:\/\/ayaneo.co\/fr\/wp-json\/wp\/v2\/product\/12937","targetHints":{"allow":["GET"]}}],"collection":[{"href":"https:\/\/ayaneo.co\/fr\/wp-json\/wp\/v2\/product"}],"about":[{"href":"https:\/\/ayaneo.co\/fr\/wp-json\/wp\/v2\/types\/product"}],"wp:featuredmedia":[{"embeddable":true,"href":"https:\/\/ayaneo.co\/fr\/wp-json\/wp\/v2\/media\/12516"}],"wp:attachment":[{"href":"https:\/\/ayaneo.co\/fr\/wp-json\/wp\/v2\/media?parent=12937"}],"wp:term":[{"taxonomy":"product_brand","embeddable":true,"href":"https:\/\/ayaneo.co\/fr\/wp-json\/wp\/v2\/product_brand?post=12937"},{"taxonomy":"product_cat","embeddable":true,"href":"https:\/\/ayaneo.co\/fr\/wp-json\/wp\/v2\/product_cat?post=12937"},{"taxonomy":"product_tag","embeddable":true,"href":"https:\/\/ayaneo.co\/fr\/wp-json\/wp\/v2\/product_tag?post=12937"}],"curies":[{"name":"wp","href":"https:\/\/api.w.org\/{rel}","templated":true}]}}