{"id":13037,"date":"2025-01-28T11:05:14","date_gmt":"2025-01-28T11:05:14","guid":{"rendered":"https:\/\/ayaneo.co\/product\/moniteur-portable-droix-pm14-4k\/"},"modified":"2025-06-06T10:40:30","modified_gmt":"2025-06-06T10:40:30","slug":"moniteur-portable-droix-pm14-4k","status":"publish","type":"product","link":"https:\/\/ayaneo.co\/fr\/product\/moniteur-portable-droix-pm14-4k\/","title":{"rendered":"Moniteur portable DroiX PM14 4K"},"content":{"rendered":"\n<div class=\"wp-block-columns is-layout-flex wp-container-core-columns-is-layout-28f84493 wp-block-columns-is-layout-flex\">\n<div class=\"wp-block-column is-layout-flow wp-block-column-is-layout-flow\" style=\"flex-basis:33.33%\">\n<figure class=\"wp-block-image size-large\"><a href=\"https:\/\/droix.net\/wp-content\/uploads\/2024\/05\/DROIX-PM14-LISTING-V2-DONE-01-NON-TOUCH.png\" target=\"_blank\" rel=\"noopener\"><img decoding=\"async\" src=\"https:\/\/droix.net\/wp-content\/uploads\/2024\/05\/DROIX-PM14-LISTING-V2-DONE-01-NON-TOUCH-1024x1024.png\" alt=\"Image de DroiX Moniteur portable, 14 pouces, 4K, ultra-mince&quot;.\" class=\"wp-image-179745\"\/><\/a><\/figure>\n<\/div>\n\n\n\n<div class=\"wp-block-column is-layout-flow wp-block-column-is-layout-flow\" style=\"flex-basis:66.66%\">\n<h3 class=\"wp-block-heading\"><strong>DroiX PM14 - Moniteur portable ultra-mince 4K de 14,0 pouces<\/strong><\/h3>\n\n\n\n<p>D\u00e9couvrez les derni\u00e8res avanc\u00e9es en mati\u00e8re de technologie d&rsquo;affichage avec le DroiX PM14, un moniteur portable ultrafin de 14,0 pouces disponible en version tactile et non tactile. Cet appareil innovant \u00e9tablit une nouvelle r\u00e9f\u00e9rence en mati\u00e8re d&rsquo;informatique mobile en combinant des performances robustes avec une portabilit\u00e9 exceptionnelle et un design moderne. Que vous soyez un professionnel ou un amateur de divertissement, le moniteur portable DroiX PM14 4K est con\u00e7u pour s&rsquo;int\u00e9grer parfaitement \u00e0 votre style de vie dynamique, offrant une polyvalence essentielle, que vous soyez \u00e0 la maison, au bureau ou en d\u00e9placement.  <\/p>\n<\/div>\n<\/div>\n\n<h3 class=\"wp-block-heading\"><strong>Aper\u00e7u du produit<\/strong><\/h3>\n\n<figure class=\"wp-block-image aligncenter size-large\"><a href=\"https:\/\/droix.net\/wp-content\/uploads\/2024\/04\/1080P-FHD.jpg\" target=\"_blank\" rel=\"noopener\"><img decoding=\"async\" src=\"https:\/\/droix.net\/wp-content\/uploads\/2024\/04\/1080P-FHD-1024x420.jpg\" alt=\"Image de l'&#xE9;cran portable DroiX, 14 pouces, 4K, ultra-mince, offrant une r&#xE9;solution UHD nette de 3840x2160 avec des couleurs vibrantes et des d&#xE9;tails incroyables, une gamme de couleurs DCI-P3 &#xE0; 100 % et la prise en charge du HDR400.\" class=\"wp-image-178360\"\/><\/a><\/figure>\n\n<p>Le moniteur portable DroiX PM14 pr\u00e9sente l&rsquo;ing\u00e9nierie moderne dans toute sa splendeur, avec une r\u00e9solution UHD de 3840&#215;2160 qui donne vie aux contenus avec des couleurs vibrantes et des d\u00e9tails exceptionnels. Avec une gamme de couleurs DCI-P3 \u00e0 100 % et la prise en charge du HDR400, il offre des images \u00e9poustouflantes caract\u00e9ris\u00e9es par des noirs profonds et des blancs \u00e9clatants. Son profil fin et sa conception l\u00e9g\u00e8re garantissent une portabilit\u00e9 optimale sans compromis sur la qualit\u00e9 ou les performances.  <\/p>\n\n<figure class=\"wp-block-image aligncenter size-large\"><a href=\"https:\/\/droix.net\/wp-content\/uploads\/2024\/04\/Color.jpg\" target=\"_blank\" rel=\"noopener\"><img decoding=\"async\" src=\"https:\/\/droix.net\/wp-content\/uploads\/2024\/04\/Color-1024x406.jpg\" alt=\"Image de l'&#xE9;cran portable DroiX, 14 pouces, 4K, ultra-mince, avec gamme de couleurs DCI-P3 &#xE0; 100 % et prise en charge HDR400 pour des visuels &#xE9;poustouflants avec des noirs profonds et des blancs &#xE9;clatants. Profil mince et conception l&#xE9;g&#xE8;re pour une portabilit&#xE9; ultime sans sacrifier la qualit&#xE9; ou la performance. \" class=\"wp-image-178361\"\/><\/a><\/figure>\n\n<p>Con\u00e7u avec une excellence ergonomique, le DroiX PM14 dispose d&rsquo;une molette de contr\u00f4le conviviale et d&rsquo;options de connectivit\u00e9 polyvalentes telles que Mini HDMI et plusieurs ports USB-C. Il s&rsquo;adapte ainsi \u00e0 tous vos appareils, que vous jouiez sur PlayStation, que vous montiez des vid\u00e9os sur Mac ou que vous fassiez des pr\u00e9sentations depuis votre ordinateur portable. Le PM14 s&rsquo;int\u00e8gre parfaitement \u00e0 toutes les configurations, offrant une faible consommation d&rsquo;\u00e9nergie et des performances \u00e0 haut rendement pour que vous puissiez travailler plus longtemps sans craindre de vider les batteries de vos appareils.  <\/p>\n\n<figure class=\"wp-block-image aligncenter size-large\"><a href=\"https:\/\/droix.net\/wp-content\/uploads\/2024\/04\/Modes.jpg\" target=\"_blank\" rel=\"noopener\"><img decoding=\"async\" src=\"https:\/\/droix.net\/wp-content\/uploads\/2024\/04\/Modes-1024x419.jpg\" alt=\"Image de DroiX Moniteur portable, 14 pouces, 4K, Ultra fin, compatible avec les ordinateurs portables, Mac, smartphones, tablettes, PC, PS3\/4\/5, Xbox, et Switc.\" class=\"wp-image-178357\"\/><\/a><\/figure>\n\n<h3 class=\"wp-block-heading\"><strong>Caract\u00e9ristiques d\u00e9taill\u00e9es<\/strong><\/h3>\n\n<ul class=\"wp-block-list\">\n<li>Performance : Le moniteur portable DroiX PM14 4K excelle dans la fourniture d&rsquo;une exp\u00e9rience visuelle r\u00e9active et immersive avec un taux de rafra\u00eechissement de 60 Hz et une vitesse de r\u00e9ponse de 2,5 ms, garantissant des mouvements fluides et des images nettes, m\u00eame lors de sc\u00e8nes \u00e0 grande vitesse. Il offre une luminance de 500 cd\/m\u00b2 et un rapport de contraste de 1500:1, garantissant une excellente visibilit\u00e9 dans diverses conditions d&rsquo;\u00e9clairage. <\/li>\n\n\n\n<li>Connectivit\u00e9 : Le DroiX PM14 offre des options de connectivit\u00e9 polyvalentes, avec deux ports USB-C pour l&rsquo;alimentation et le transfert de donn\u00e9es vid\u00e9o, un port USB-C suppl\u00e9mentaire pour les p\u00e9riph\u00e9riques tels que les claviers et les souris, un port Mini HDMI pour les connexions vid\u00e9o classiques et une prise audio pour l&rsquo;\u00e9coute priv\u00e9e.<\/li>\n<\/ul>\n\n<figure class=\"wp-block-image aligncenter size-large\"><a href=\"https:\/\/droix.net\/wp-content\/uploads\/2024\/04\/interface.jpg\" target=\"_blank\" rel=\"noopener\"><img decoding=\"async\" src=\"https:\/\/droix.net\/wp-content\/uploads\/2024\/04\/interface-1024x1024.jpg\" alt=\"Image du moniteur portable DroiX PM14, prenant en charge une large gamme d'appareils HDMI et Type-C, am&#xE9;liorant la compatibilit&#xE9; &#xE0; travers les &#xE9;cosyst&#xE8;mes num&#xE9;riques. Id&#xE9;al pour les joueurs, les professionnels cr&#xE9;atifs sur Mac et les professionnels ayant besoin d'un &#xE9;cran suppl&#xE9;mentaire. Convivialit&#xE9; pour Windows avec une configuration plug-and-play pour une utilisation sans souci.  \" class=\"wp-image-178362\"\/><\/a><\/figure>\n\n<h3 class=\"wp-block-heading\"><strong>Exp\u00e9rience des utilisateurs<\/strong><\/h3>\n\n<p>Le DroiX PM14 prend en charge une gamme \u00e9tendue de p\u00e9riph\u00e9riques HDMI et Type-C, garantissant ainsi la compatibilit\u00e9 avec les divers \u00e9cosyst\u00e8mes num\u00e9riques. Que vous soyez un joueur \u00e0 la recherche d&rsquo;un moniteur portable, un professionnel cr\u00e9atif utilisant un Mac ou un dirigeant d&rsquo;entreprise ayant besoin d&rsquo;un \u00e9cran suppl\u00e9mentaire pour ses pr\u00e9sentations, le PM14 s&rsquo;adapte sans effort \u00e0 vos besoins. Il excelle dans les environnements Windows gr\u00e2ce \u00e0 sa configuration plug-and-play conviviale, qui vous permet de passer en toute transparence au travail ou au jeu sans le moindre souci.  <\/p>\n\n<figure class=\"wp-block-image aligncenter size-large\"><a href=\"https:\/\/droix.net\/wp-content\/uploads\/2024\/04\/portable1.jpg\" target=\"_blank\" rel=\"noopener\"><img decoding=\"async\" src=\"https:\/\/droix.net\/wp-content\/uploads\/2024\/04\/portable1-1024x483.jpg\" alt=\"Image de DroiX Moniteur portable, 14 pouces, 4K, ultra-mince, l&#xE9;ger et portable\" class=\"wp-image-178358\"\/><\/a><\/figure>\n\n<h3 class=\"wp-block-heading\"><strong>Conclusion<\/strong><\/h3>\n\n<p>Le moniteur portable DroiX PM14 repr\u00e9sente une solution de pointe qui allie de superbes fonctionnalit\u00e9s, un design exceptionnel et la libert\u00e9 de la portabilit\u00e9. Plus qu&rsquo;un simple moniteur, il s&rsquo;agit d&rsquo;une passerelle qui vous permet d&rsquo;am\u00e9liorer votre productivit\u00e9 et vos exp\u00e9riences de divertissement, o\u00f9 que vous soyez. <\/p>\n\n<p>D\u00e9couvrez l&rsquo;avenir des moniteurs portables pour ordinateurs portables avec le DroiX PM14. Ne manquez pas cette occasion - r\u00e9servez d\u00e8s maintenant votre unit\u00e9 et soyez parmi les premiers \u00e0 am\u00e9liorer votre exp\u00e9rience visuelle en d\u00e9placement ! <\/p>\n","protected":false},"excerpt":{"rendered":"<ul>\n<li>\u00c9cran 4K 14&Prime;<strong> HDR400<\/strong> <\/li>\n<li>100% de couverture<strong> DCI-P3<\/strong> <\/li>\n<li>500 <strong>Nits de<\/strong> luminosit\u00e9<\/li>\n<li>Kickstand <strong> int\u00e9gr\u00e9<\/strong><\/li>\n<li>  Haut-parleurs <strong> int\u00e9gr\u00e9s<\/strong> <\/li>\n<\/ul>\n[cg_accordion title=\"INFO PAIEMENT\"]<\/p>\n<p>Nous utilisons les derni\u00e8res technologies en mati\u00e8re de traitement des paiements, ce qui vous permet de r\u00e9gler vos achats via Apple Pay, Google Pay, votre carte de d\u00e9bit\/cr\u00e9dit, PayPal ou des m\u00e9thodes BNPL telles que Klarna, Affirm ou AfterPay pour une exp\u00e9rience rapide et s\u00e9curis\u00e9e.[\/cg_accordion]\n[cg_accordion title=\"GARANTIE\"]<\/p>\n<p>1 an de garantie de <a href=\"https:\/\/droix.net\/\" target=\"_blank\" rel=\"nofollow noopener\">DROIX Global<\/a> pour votre tranquillit\u00e9 d&rsquo;esprit[\/cg_accordion]\n[cg_accordion title=\"PRIX, TAXES ET FRAIS DE PORT\"]<\/p>\n<p><strong><u>Note :<\/u><\/strong><\/p>\n<ul>\n<li>Clients des \u00c9tats-Unis : Le prix affich\u00e9 n&rsquo;inclut pas les taxes ni les droits de douane. La responsabilit\u00e9 du d\u00e9douanement et du paiement des taxes et droits de douane incombe au client. <\/li>\n<li>Clients de l&rsquo;UE : Le prix affich\u00e9 inclut la TAXE applicable, qui peut s&rsquo;\u00e9lever jusqu&rsquo;\u00e0 25 % selon votre pays.<\/li>\n<li>Clients du Canada : Le prix affich\u00e9 comprend les taxes applicables, qui peuvent inclure la TPS de 5 % et des taxes de vente provinciales (TVP), la taxe de vente harmonis\u00e9e (TVH) ou la taxe de vente du Qu\u00e9bec (TVQ) suppl\u00e9mentaires, selon votre province.<\/li>\n<\/ul>\n<p><strong>Pour les clients de l&rsquo;UE SEULEMENT :<\/strong> Express DDP (Delivered Duty Paid). Cela signifie que : <\/p>\n<ul>\n<li>Tous les droits de douane et taxes sont inclus dans le prix affich\u00e9 sur la page du produit.<\/li>\n<li>Vous n&rsquo;aurez pas \u00e0 payer de frais suppl\u00e9mentaires \u00e0 la livraison.<\/li>\n<li>Dans les rares cas de probl\u00e8mes douaniers, notre \u00e9quipe s&rsquo;occupera de la proc\u00e9dure de d\u00e9douanement en votre nom afin d&rsquo;assurer une livraison sans probl\u00e8me.<\/li>\n<p>Informations importantes concernant les retours :<\/p>\n<li>Si vous d\u00e9cidez de retourner votre commande ou de demander un remboursement, sachez que les taxes et les droits pay\u00e9s en votre nom dans le cadre du programme DDP ne peuvent pas \u00eatre rembours\u00e9s.<\/li>\n<p>Veuillez vous r\u00e9f\u00e9rer \u00e0 nos <a href=\"https:\/\/ayaneo.co\/fr\/conditions-dutilisation\/\" target=\"_blank\" rel=\"nofollow noopener\">conditions g\u00e9n\u00e9rales<\/a> pour plus d&rsquo;informations.\n<\/ul>\n<p>[\/cg_accordion]\n[cg_accordion title=\"SOUTIEN \u00c0 LA CLIENT\u00c8LE\"]<\/p>\n<p>Vous avez une question ? Il suffit d&rsquo;un petit texte pour que votre probl\u00e8me soit r\u00e9solu !<br \/>\n[\/cg_accordion]\n","protected":false},"featured_media":8056,"template":"","meta":{"_acf_changed":false},"product_brand":[],"product_cat":[1021],"product_tag":[],"class_list":{"0":"post-13037","1":"product","2":"type-product","3":"status-publish","4":"has-post-thumbnail","6":"product_cat-moniteurs-portables","7":"product_shipping_class-standard","8":"pa_brand-droix","10":"first","11":"outofstock","12":"sale","13":"taxable","14":"shipping-taxable","15":"purchasable","16":"product-type-variable","17":"has-default-attributes"},"acf":[],"_links":{"self":[{"href":"https:\/\/ayaneo.co\/fr\/wp-json\/wp\/v2\/product\/13037","targetHints":{"allow":["GET"]}}],"collection":[{"href":"https:\/\/ayaneo.co\/fr\/wp-json\/wp\/v2\/product"}],"about":[{"href":"https:\/\/ayaneo.co\/fr\/wp-json\/wp\/v2\/types\/product"}],"wp:featuredmedia":[{"embeddable":true,"href":"https:\/\/ayaneo.co\/fr\/wp-json\/wp\/v2\/media\/8056"}],"wp:attachment":[{"href":"https:\/\/ayaneo.co\/fr\/wp-json\/wp\/v2\/media?parent=13037"}],"wp:term":[{"taxonomy":"product_brand","embeddable":true,"href":"https:\/\/ayaneo.co\/fr\/wp-json\/wp\/v2\/product_brand?post=13037"},{"taxonomy":"product_cat","embeddable":true,"href":"https:\/\/ayaneo.co\/fr\/wp-json\/wp\/v2\/product_cat?post=13037"},{"taxonomy":"product_tag","embeddable":true,"href":"https:\/\/ayaneo.co\/fr\/wp-json\/wp\/v2\/product_tag?post=13037"}],"curies":[{"name":"wp","href":"https:\/\/api.w.org\/{rel}","templated":true}]}}